{"id":10006,"date":"2022-06-05T17:21:58","date_gmt":"2022-06-05T16:21:58","guid":{"rendered":"https:\/\/www.cerakote.co.uk\/?page_id=10006"},"modified":"2025-05-24T09:27:07","modified_gmt":"2025-05-24T09:27:07","slug":"cerakote-vs-blueing","status":"publish","type":"page","link":"https:\/\/www.cerakotesa.com\/es\/cerakote-vs-other-coatings\/cerakote-vs-blueing\/","title":{"rendered":"\u00bfQu\u00e9 revestimiento es mejor? - Cerakote vs. Blueing | Cerakote Vs."},"content":{"rendered":"<div class=\"banner has-hover\" id=\"banner-117160690\">\n          <div class=\"banner-inner fill\">\n        <div class=\"banner-bg fill\" >\n            <img loading=\"lazy\" decoding=\"async\" width=\"1170\" height=\"400\" src=\"https:\/\/www.cerakotesa.com\/wp-content\/uploads\/2022\/06\/0000_generic_vs_header.jpg\" class=\"bg attachment-original size-original\" alt=\"\" \/>                                    \n                    <\/div>\n\t\t\n        <div class=\"banner-layers container\">\n            <div class=\"fill banner-link\"><\/div>            \n\n   <div id=\"text-box-1627672838\" class=\"text-box banner-layer x50 md-x50 lg-x50 y50 md-y50 lg-y50 res-text\">\n                                <div class=\"text-box-content text dark\">\n              \n              <div class=\"text-inner text-center\">\n                  \n\n<h1>CERAKOTE VS AZULADO<\/h1>\n\n              <\/div>\n           <\/div>\n                            \n<style>\n#text-box-1627672838 {\n  margin: 0px 0px 0px 0px;\n  width: 90%;\n}\n#text-box-1627672838 .text-box-content {\n  background-color: rgba(0, 0, 0, 0.75);\n  font-size: 100%;\n}\n#text-box-1627672838 .text-inner {\n  padding: 19px 0px 15px 0px;\n}\n@media (min-width:550px) {\n  #text-box-1627672838 .text-inner {\n    padding: 15px 0px 15px 0px;\n  }\n  #text-box-1627672838 {\n    width: 60%;\n  }\n}\n<\/style>\n    <\/div>\n \n\n        <\/div>\n      <\/div>\n\n            \n<style>\n#banner-117160690 {\n  padding-top: 500px;\n}\n<\/style>\n  <\/div>\n\n\n\n\t<section class=\"section\" id=\"section_304274085\">\n\t\t<div class=\"section-bg fill\" >\n\t\t\t\t\t\t\t\t\t\n\t\t\t\n\n\t\t<\/div>\n\n\t\t\n\n\t\t<div class=\"section-content relative\">\n\t\t\t\n\n\t<div id=\"text-2122762191\" class=\"text\">\n\t\t\n\nProbamos el Cerakote y el pavonado tradicional dejando dos rifles de cerrojo a la intemperie en el noroeste del Pac\u00edfico durante 15 meses y capturando lo que ocurr\u00eda tomando una foto diaria con una c\u00e1mara time lapse. Los rifles eran id\u00e9nticos, excepto que uno estaba recubierto con Cerakote, mientras que el otro ten\u00eda el acabado azulado tradicional del fabricante original. <strong>Mira a ver qu\u00e9 pasa:<\/strong>\n\t\t\n<style>\n#text-2122762191 {\n  line-height: 2.15;\n}\n<\/style>\n\t<\/div>\n\t\n\n\t\t<\/div>\n\n\t\t\n<style>\n#section_304274085 {\n  padding-top: 30px;\n  padding-bottom: 30px;\n}\n<\/style>\n\t<\/section>\n\t\n<div class=\"video video-fit mb\" style=\"padding-top:56.25%;\"><iframe loading=\"lazy\" title=\"Cerakote Outdoor Corrosion Test | 15+ Month Time-Lapse\" width=\"1020\" height=\"574\" src=\"https:\/\/www.youtube.com\/embed\/v4GSDrkZMyE?feature=oembed\" frameborder=\"0\" allow=\"accelerometer; autoplay; clipboard-write; encrypted-media; gyroscope; picture-in-picture; web-share\" referrerpolicy=\"strict-origin-when-cross-origin\" allowfullscreen><\/iframe><\/div>\n\n\n\t<section class=\"section\" id=\"section_1504650901\">\n\t\t<div class=\"section-bg fill\" >\n\t\t\t\t\t\t\t\t\t\n\t\t\t\n\n\t\t<\/div>\n\n\t\t\n\n\t\t<div class=\"section-content relative\">\n\t\t\t\n\n<p>\u00bfCu\u00e1nto durar\u00e1 Cerakote en los bosques del noroeste del Pac\u00edfico? Averig\u00fc\u00e9moslo. Tomamos dos rifles de cerrojo id\u00e9nticos y los dejamos en los bosques del noroeste del Pac\u00edfico con una c\u00e1mara de lapso de tiempo, para documentar el resultado. El rifle de la derecha de la pantalla tiene un acabado de f\u00e1brica con protecci\u00f3n de recubrimiento cer\u00e1mico Cerakote, mientras que el rifle de la izquierda tiene un acabado azulado tradicional de f\u00e1brica. La prueba comienza ahora:<\/p>\n<ul>\n<li>A los 12 d\u00edas de la prueba, el rifle azulado tradicional empieza a mostrar signos de corrosi\u00f3n, mientras que el rifle Cerakote no muestra signos de corrosi\u00f3n.<\/li>\n<li>Incluso despu\u00e9s de m\u00e1s de 15 meses de estar expuesto a los elementos, el rifle que ha sido acabado con recubrimientos cer\u00e1micos Cerakote no ha mostrado signos de corrosi\u00f3n, mientras que el ca\u00f1\u00f3n azulado tradicional de f\u00e1brica ha mostrado signos significativos de corrosi\u00f3n.<\/li>\n<\/ul>\n<p>Los recubrimientos cer\u00e1micos Cerakote proporcionan la durabilidad y la protecci\u00f3n contra la corrosi\u00f3n que necesita con el color que desee, por lo que es la alternativa perfecta al azulado. Para obtener la mejor protecci\u00f3n contra la corrosi\u00f3n, Finish Strong\u2122 con Cerakote.<\/p>\n\n\t\t<\/div>\n\n\t\t\n<style>\n#section_1504650901 {\n  padding-top: 30px;\n  padding-bottom: 30px;\n}\n<\/style>\n\t<\/section>\n\t\n\n  <div class=\"banner has-hover hide-for-small\" id=\"banner-1471485248\">\n          <div class=\"banner-inner fill\">\n        <div class=\"banner-bg fill\" >\n                                                \n                    <\/div>\n\t\t\n        <div class=\"banner-layers container\">\n            <div class=\"fill banner-link\"><\/div>            \n\n   <div id=\"text-box-517805757\" class=\"text-box banner-layer x50 md-x50 lg-x50 y50 md-y50 lg-y50 res-text\">\n                                <div class=\"text-box-content text dark\">\n              \n              <div class=\"text-inner text-center\">\n                  \n\n\t<div id=\"text-4123959612\" class=\"text hide-for-small\">\n\t\t\n\n<span style=\"color: #ffffff; font-size: 38px;\">No espere a ma\u00f1ana, aprenda a<\/span> <span style=\"color: #1788e4; font-size: 38px;\">ACABAR CON FUERZA<\/span><span style=\"color: #ffffff; font-size: 38px;\"> \u00a1con Cerakote hoy mismo!<\/span>\n\t\t\n<style>\n#text-4123959612 {\n  text-align: center;\n}\n<\/style>\n\t<\/div>\n\t\n<a href=\"\/contact\" class=\"button primary cerblue\" >\n\t\t<span>P\u00d3NGASE EN CONTACTO CON NUESTRO EQUIPO DE CONSULTAS<\/span>\n\t<\/a>\n\n\n\n              <\/div>\n           <\/div>\n                            \n<style>\n#text-box-517805757 {\n  width: 60%;\n}\n#text-box-517805757 .text-box-content {\n  font-size: 100%;\n}\n<\/style>\n    <\/div>\n \n\n        <\/div>\n      <\/div>\n\n            \n<style>\n#banner-1471485248 {\n  padding-top: 500px;\n  background-color: rgb(29, 25, 25);\n}\n<\/style>\n  <\/div>","protected":false},"excerpt":{"rendered":"","protected":false},"author":1,"featured_media":0,"parent":7199,"menu_order":0,"comment_status":"closed","ping_status":"closed","template":"","meta":{"_acf_changed":false,"footnotes":""},"class_list":["post-10006","page","type-page","status-publish","hentry"],"yoast_head":"<!-- This site is optimized with the Yoast SEO plugin v26.7 - https:\/\/yoast.com\/wordpress\/plugins\/seo\/ -->\n<title>Which coating is better? \u2013 Cerakote vs. Blueing | Cerakote Vs. - Cerakote South Africa<\/title>\n<meta name=\"robots\" content=\"index, follow, max-snippet:-1, max-image-preview:large, max-video-preview:-1\" \/>\n<link rel=\"canonical\" href=\"https:\/\/www.cerakotesa.com\/es\/cerakote-vs-other-coatings\/cerakote-vs-blueing\/\" \/>\n<meta property=\"og:locale\" content=\"es_ES\" \/>\n<meta property=\"og:type\" content=\"article\" \/>\n<meta property=\"og:title\" content=\"Which coating is better? \u2013 Cerakote vs. Blueing | Cerakote Vs. - Cerakote South Africa\" \/>\n<meta property=\"og:url\" content=\"https:\/\/www.cerakotesa.com\/es\/cerakote-vs-other-coatings\/cerakote-vs-blueing\/\" \/>\n<meta property=\"og:site_name\" content=\"Cerakote South Africa\" \/>\n<meta property=\"article:modified_time\" content=\"2025-05-24T09:27:07+00:00\" \/>\n<meta name=\"twitter:card\" content=\"summary_large_image\" \/>\n<meta name=\"twitter:label1\" content=\"Tiempo de lectura\" \/>\n\t<meta name=\"twitter:data1\" content=\"2 minutos\" \/>\n<script type=\"application\/ld+json\" class=\"yoast-schema-graph\">{\"@context\":\"https:\/\/schema.org\",\"@graph\":[{\"@type\":\"WebPage\",\"@id\":\"https:\/\/www.cerakotesa.com\/cerakote-vs-other-coatings\/cerakote-vs-blueing\/\",\"url\":\"https:\/\/www.cerakotesa.com\/cerakote-vs-other-coatings\/cerakote-vs-blueing\/\",\"name\":\"Which coating is better? \u2013 Cerakote vs. Blueing | Cerakote Vs. - Cerakote South Africa\",\"isPartOf\":{\"@id\":\"https:\/\/www.cerakotesa.com\/#website\"},\"datePublished\":\"2022-06-05T16:21:58+00:00\",\"dateModified\":\"2025-05-24T09:27:07+00:00\",\"breadcrumb\":{\"@id\":\"https:\/\/www.cerakotesa.com\/cerakote-vs-other-coatings\/cerakote-vs-blueing\/#breadcrumb\"},\"inLanguage\":\"es\",\"potentialAction\":[{\"@type\":\"ReadAction\",\"target\":[\"https:\/\/www.cerakotesa.com\/cerakote-vs-other-coatings\/cerakote-vs-blueing\/\"]}]},{\"@type\":\"BreadcrumbList\",\"@id\":\"https:\/\/www.cerakotesa.com\/cerakote-vs-other-coatings\/cerakote-vs-blueing\/#breadcrumb\",\"itemListElement\":[{\"@type\":\"ListItem\",\"position\":1,\"name\":\"Home\",\"item\":\"https:\/\/www.cerakotesa.com\/\"},{\"@type\":\"ListItem\",\"position\":2,\"name\":\"Which coating is better? \u2013 Head-to-Head Testing | Cerakote Vs.\",\"item\":\"https:\/\/www.cerakotesa.com\/cerakote-vs-other-coatings\/\"},{\"@type\":\"ListItem\",\"position\":3,\"name\":\"Which coating is better? \u2013 Cerakote vs. Blueing | Cerakote Vs.\"}]},{\"@type\":\"WebSite\",\"@id\":\"https:\/\/www.cerakotesa.com\/#website\",\"url\":\"https:\/\/www.cerakotesa.com\/\",\"name\":\"Cerakote South Africa\",\"description\":\"Cerakote is a global leader in the manufacturing of thin-film protective ceramic coatings\",\"potentialAction\":[{\"@type\":\"SearchAction\",\"target\":{\"@type\":\"EntryPoint\",\"urlTemplate\":\"https:\/\/www.cerakotesa.com\/?s={search_term_string}\"},\"query-input\":{\"@type\":\"PropertyValueSpecification\",\"valueRequired\":true,\"valueName\":\"search_term_string\"}}],\"inLanguage\":\"es\"}]}<\/script>\n<!-- \/ Yoast SEO plugin. -->","yoast_head_json":{"title":"Which coating is better? \u2013 Cerakote vs. Blueing | Cerakote Vs. - Cerakote South Africa","robots":{"index":"index","follow":"follow","max-snippet":"max-snippet:-1","max-image-preview":"max-image-preview:large","max-video-preview":"max-video-preview:-1"},"canonical":"https:\/\/www.cerakotesa.com\/es\/cerakote-vs-other-coatings\/cerakote-vs-blueing\/","og_locale":"es_ES","og_type":"article","og_title":"Which coating is better? \u2013 Cerakote vs. Blueing | Cerakote Vs. - Cerakote South Africa","og_url":"https:\/\/www.cerakotesa.com\/es\/cerakote-vs-other-coatings\/cerakote-vs-blueing\/","og_site_name":"Cerakote South Africa","article_modified_time":"2025-05-24T09:27:07+00:00","twitter_card":"summary_large_image","twitter_misc":{"Tiempo de lectura":"2 minutos"},"schema":{"@context":"https:\/\/schema.org","@graph":[{"@type":"WebPage","@id":"https:\/\/www.cerakotesa.com\/cerakote-vs-other-coatings\/cerakote-vs-blueing\/","url":"https:\/\/www.cerakotesa.com\/cerakote-vs-other-coatings\/cerakote-vs-blueing\/","name":"Which coating is better? \u2013 Cerakote vs. Blueing | Cerakote Vs. - Cerakote South Africa","isPartOf":{"@id":"https:\/\/www.cerakotesa.com\/#website"},"datePublished":"2022-06-05T16:21:58+00:00","dateModified":"2025-05-24T09:27:07+00:00","breadcrumb":{"@id":"https:\/\/www.cerakotesa.com\/cerakote-vs-other-coatings\/cerakote-vs-blueing\/#breadcrumb"},"inLanguage":"es","potentialAction":[{"@type":"ReadAction","target":["https:\/\/www.cerakotesa.com\/cerakote-vs-other-coatings\/cerakote-vs-blueing\/"]}]},{"@type":"BreadcrumbList","@id":"https:\/\/www.cerakotesa.com\/cerakote-vs-other-coatings\/cerakote-vs-blueing\/#breadcrumb","itemListElement":[{"@type":"ListItem","position":1,"name":"Home","item":"https:\/\/www.cerakotesa.com\/"},{"@type":"ListItem","position":2,"name":"Which coating is better? \u2013 Head-to-Head Testing | Cerakote Vs.","item":"https:\/\/www.cerakotesa.com\/cerakote-vs-other-coatings\/"},{"@type":"ListItem","position":3,"name":"Which coating is better? \u2013 Cerakote vs. Blueing | Cerakote Vs."}]},{"@type":"WebSite","@id":"https:\/\/www.cerakotesa.com\/#website","url":"https:\/\/www.cerakotesa.com\/","name":"Cerakote South Africa","description":"Cerakote es l\u00edder mundial en la fabricaci\u00f3n de recubrimientos cer\u00e1micos protectores de capa fina.","potentialAction":[{"@type":"SearchAction","target":{"@type":"EntryPoint","urlTemplate":"https:\/\/www.cerakotesa.com\/?s={search_term_string}"},"query-input":{"@type":"PropertyValueSpecification","valueRequired":true,"valueName":"search_term_string"}}],"inLanguage":"es"}]}},"acf":[],"_links":{"self":[{"href":"https:\/\/www.cerakotesa.com\/es\/wp-json\/wp\/v2\/pages\/10006","targetHints":{"allow":["GET"]}}],"collection":[{"href":"https:\/\/www.cerakotesa.com\/es\/wp-json\/wp\/v2\/pages"}],"about":[{"href":"https:\/\/www.cerakotesa.com\/es\/wp-json\/wp\/v2\/types\/page"}],"author":[{"embeddable":true,"href":"https:\/\/www.cerakotesa.com\/es\/wp-json\/wp\/v2\/users\/1"}],"replies":[{"embeddable":true,"href":"https:\/\/www.cerakotesa.com\/es\/wp-json\/wp\/v2\/comments?post=10006"}],"version-history":[{"count":0,"href":"https:\/\/www.cerakotesa.com\/es\/wp-json\/wp\/v2\/pages\/10006\/revisions"}],"up":[{"embeddable":true,"href":"https:\/\/www.cerakotesa.com\/es\/wp-json\/wp\/v2\/pages\/7199"}],"wp:attachment":[{"href":"https:\/\/www.cerakotesa.com\/es\/wp-json\/wp\/v2\/media?parent=10006"}],"curies":[{"name":"wp","href":"https:\/\/api.w.org\/{rel}","templated":true}]}}