{"id":10014,"date":"2022-06-05T17:21:58","date_gmt":"2022-06-05T16:21:58","guid":{"rendered":"https:\/\/www.cerakote.co.uk\/?page_id=10014"},"modified":"2022-06-05T17:21:58","modified_gmt":"2022-06-05T16:21:58","slug":"cerakote-vs-corrosion","status":"publish","type":"page","link":"https:\/\/www.cerakotesa.com\/es\/cerakote-vs-other-coatings\/cerakote-vs-corrosion\/","title":{"rendered":"\u00bfQu\u00e9 revestimiento es mejor? - Cerakote vs. Corrosi\u00f3n | Cerakote Vs."},"content":{"rendered":"<div class=\"banner has-hover\" id=\"banner-1092863651\">\n          <div class=\"banner-inner fill\">\n        <div class=\"banner-bg fill\" >\n            <img loading=\"lazy\" decoding=\"async\" width=\"1170\" height=\"400\" src=\"https:\/\/www.cerakotesa.com\/wp-content\/uploads\/2022\/06\/0000_generic_vs_header.jpg\" class=\"bg attachment-original size-original\" alt=\"\" \/>                                    \n                    <\/div>\n\t\t\n        <div class=\"banner-layers container\">\n            <div class=\"fill banner-link\"><\/div>            \n   <div id=\"text-box-1841222480\" class=\"text-box banner-layer x50 md-x50 lg-x50 y50 md-y50 lg-y50 res-text\">\n                                <div class=\"text-box-content text dark\">\n              \n              <div class=\"text-inner text-center\">\n                  \n<h1>CERAKOTE VS CORROSI\u00d3N<\/h1>\n<h6>En la prueba definitiva de corrosi\u00f3n, Cerakote supera con creces a la competencia.<\/h6>\n              <\/div>\n           <\/div>\n                            \n<style>\n#text-box-1841222480 {\n  margin: 0px 0px 0px 0px;\n  width: 90%;\n}\n#text-box-1841222480 .text-box-content {\n  background-color: rgba(0, 0, 0, 0.75);\n  font-size: 100%;\n}\n#text-box-1841222480 .text-inner {\n  padding: 19px 0px 15px 0px;\n}\n@media (min-width:550px) {\n  #text-box-1841222480 .text-inner {\n    padding: 15px 0px 15px 0px;\n  }\n  #text-box-1841222480 {\n    width: 60%;\n  }\n}\n<\/style>\n    <\/div>\n \n        <\/div>\n      <\/div>\n\n            \n<style>\n#banner-1092863651 {\n  padding-top: 500px;\n}\n<\/style>\n  <\/div>\n\n\n\n\t<section class=\"section\" id=\"section_1708678424\">\n\t\t<div class=\"section-bg fill\" >\n\t\t\t\t\t\t\t\t\t\n\t\t\t\n\n\t\t<\/div>\n\n\t\t\n\n\t\t<div class=\"section-content relative\">\n\t\t\t\n\t<div id=\"text-3815519100\" class=\"text\">\n\t\t\n<p>Cerakote se enfrent\u00f3 en la c\u00e1mara de sal con otros acabados de la competencia para ver cu\u00e1nto duraban antes de sucumbir a la corrosi\u00f3n. <strong>Vea la prueba y compruebe los resultados:<\/strong><br \/>\n\t\t\n<style>\n#text-3815519100 {\n  line-height: 2.15;\n}\n<\/style>\n\t<\/div>\n\t\n\t\t<\/div>\n\n\t\t\n<style>\n#section_1708678424 {\n  padding-top: 40px;\n  padding-bottom: 40px;\n  min-height: 0px;\n}\n<\/style>\n\t<\/section>\n\t\n<div class=\"video video-fit mb\" style=\"padding-top:56.25%;\"><p><iframe loading=\"lazy\" title=\"Ensayo de corrosi\u00f3n | ASTM B117 | Recubrimientos cer\u00e1micos Cerakote\" width=\"1020\" height=\"574\" src=\"https:\/\/www.youtube.com\/embed\/IL_bXx_qtfo?feature=oembed\" frameborder=\"0\" allow=\"accelerometer; autoplay; clipboard-write; encrypted-media; gyroscope; picture-in-picture; web-share\" referrerpolicy=\"strict-origin-when-cross-origin\" allowfullscreen><\/iframe><\/p>\n<\/div>\n\n\t<section class=\"section\" id=\"section_895409497\">\n\t\t<div class=\"section-bg fill\" >\n\t\t\t\t\t\t\t\t\t\n\t\t\t\n\n\t\t<\/div>\n\n\t\t\n\n\t\t<div class=\"section-content relative\">\n\t\t\t\n<p>Cuando se habla de acabados de armas de fuego, se hace hincapi\u00e9 en varias categor\u00edas de rendimiento clave, como:<\/p>\n<ul>\n<li>Dureza<\/li>\n<li>Resistencia qu\u00edmica<\/li>\n<li>Lubricidad<\/li>\n<li>Resistencia a la abrasi\u00f3n y<\/li>\n<li>Color<\/li>\n<\/ul>\n<p>Pero ninguno de ellos es tan cr\u00edtico como la protecci\u00f3n contra la corrosi\u00f3n. El propietario medio de un arma de fuego se enfrenta a la corrosi\u00f3n m\u00e1s que a cualquier otro problema relacionado con el acabado. Usted est\u00e1 a punto de ver lo que sucede cuando Cerakote se enfrenta en una prueba de c\u00e1mara de sal contra siete acabados de la competencia. \u00bfQui\u00e9n ser\u00e1 el mejor?<\/p>\n<p>Los ensayos NIC se ajustan a las normas ASTM. ASTM International es un l\u00edder mundialmente reconocido en el desarrollo de normas utilizadas en todo el mundo para mejorar la calidad de los productos, la seguridad y la confianza de los consumidores. Seg\u00fan la norma ASTM B117-03, el ensayo de corrosi\u00f3n proporciona un entorno corrosivo controlado que se ha utilizado para producir informaci\u00f3n relativa sobre la resistencia a la corrosi\u00f3n de probetas de metales y metales recubiertos, expuestos en una c\u00e1mara de ensayo determinada.<\/p>\n<p>La c\u00e1mara de sal se ajusta a una temperatura de 95\u02daF con una concentraci\u00f3n de sal 5%. La prueba de la c\u00e1mara de sal se utiliza para establecer una comparaci\u00f3n entre metales y acabados y no se correlaciona con un n\u00famero espec\u00edfico de horas de uso en el mundo real. Nueve componentes de armas de fuego en total se colocan en la c\u00e1mara de sal para ver cu\u00e1nto tiempo tarda cada acabado en mostrar signos iniciales de corrosi\u00f3n. En ese momento, se anotar\u00e1 el tiempo para ese acabado en particular. Tenga en cuenta que no todos los componentes de prueba son id\u00e9nticos. Para obtener los resultados m\u00e1s precisos, las piezas acabadas se obtuvieron directamente del fabricante, si estaban disponibles. Los componentes que requer\u00edan aplicaci\u00f3n, incluido el Cerakote, se recubrieron en secciones cortadas del mismo ca\u00f1\u00f3n de acero dulce, lo que asegur\u00f3 un metal base consistente en todas las piezas de prueba, garantizando una comparaci\u00f3n precisa.<\/p>\n<p>Para que se haga una idea de la dureza de este entorno, se coloc\u00f3 en su interior un ca\u00f1\u00f3n de acero inoxidable 416 de alta calidad, junto con los dem\u00e1s componentes del arma, como referencia. El entorno dentro de la c\u00e1mara de sal es tan duro que hace imposible capturar fotograf\u00edas claras. Hemos montado una c\u00e1mara en el techo por encima de la c\u00e1mara, y nuestro t\u00e9cnico de laboratorio abrir\u00e1 la puerta de la c\u00e1mara para tomar fotograf\u00edas. Esta c\u00e1mara de sal funcionar\u00e1 el tiempo necesario para que todos los acabados protectores muestren signos de corrosi\u00f3n.<\/p>\n<p>Qui\u00e9n se encargar\u00e1 de Finish Strong\u2122? La aparici\u00f3n de \u00f3xido en los paneles blancos que sujetan cada pieza no indica necesariamente los primeros signos de corrosi\u00f3n. La c\u00e1mara salina recicla el agua salada, que recoge el \u00f3xido de la atm\u00f3sfera y lo deposita en las superficies de toda la c\u00e1mara de pruebas, lo que puede dar la falsa impresi\u00f3n de que ha comenzado la corrosi\u00f3n. Los primeros signos de corrosi\u00f3n se observan cuando los componentes de la prueba muestran numerosas zonas de corrosi\u00f3n por \u00f3xido no depositado. La prueba comienza ahora...<\/p>\n<ul>\n<li>El azulado y el acero inoxidable mostraron signos visibles de corrosi\u00f3n en las primeras 24 horas.<\/li>\n<li>La corrosi\u00f3n fue visible en las primeras 48 horas en FailZero, NIBX, Ionbond, Phosphate y KG Gun Kote.<\/li>\n<\/ul>\n<p>El v\u00eddeo est\u00e1 acelerado.<\/p>\n<ul>\n<li>En 172 horas, Duracoat\u00ae empez\u00f3 a mostrar signos de corrosi\u00f3n.<\/li>\n<\/ul>\n<p>La secuencia de v\u00eddeo se acelera de nuevo. Ahora podemos ver f\u00e1cilmente qu\u00e9 acabado protector dura m\u00e1s que todos los dem\u00e1s.<\/p>\n<ul>\n<li>Finalmente, las pruebas concluyeron a las 2.034 horas, cuando el Cerakote mostr\u00f3 signos iniciales de corrosi\u00f3n.<\/li>\n<\/ul>\n<p>Los resultados de la protecci\u00f3n contra la corrosi\u00f3n se presentan f\u00e1cilmente en un sencillo gr\u00e1fico de barras que muestra los acabados protectores en un eje y el tiempo y las horas en el otro. Seg\u00fan la norma ASTM B117-03, el acabado Cerakote es 11 veces m\u00e1s duradero que el acabado de la competencia m\u00e1s cercano, y 85 veces m\u00e1s duradero que el azulado est\u00e1ndar o el acero inoxidable.<\/p>\n<p>Cuando la protecci\u00f3n contra la corrosi\u00f3n importa, elige Cerakote y Finish Strong\u2122.<\/p>\n<p>\u00a0<\/p>\n\t\t<\/div>\n\n\t\t\n<style>\n#section_895409497 {\n  padding-top: 30px;\n  padding-bottom: 30px;\n}\n<\/style>\n\t<\/section>\n\t\n\n  <div class=\"banner has-hover hide-for-small\" id=\"banner-1656682777\">\n          <div class=\"banner-inner fill\">\n        <div class=\"banner-bg fill\" >\n                                                \n                    <\/div>\n\t\t\n        <div class=\"banner-layers container\">\n            <div class=\"fill banner-link\"><\/div>            \n   <div id=\"text-box-1669354281\" class=\"text-box banner-layer x50 md-x50 lg-x50 y50 md-y50 lg-y50 res-text\">\n                                <div class=\"text-box-content text dark\">\n              \n              <div class=\"text-inner text-center\">\n                  \n\t<div id=\"text-270685594\" class=\"text hide-for-small\">\n\t\t\n<p><span style=\"color: #ffffff; font-size: 38px;\">No espere a ma\u00f1ana, aprenda a<\/span> <span style=\"color: #1788e4; font-size: 38px;\">ACABAR CON FUERZA<\/span><span style=\"color: #ffffff; font-size: 38px;\"> \u00a1con Cerakote hoy mismo!<\/span><br \/>\n\t\t\n<style>\n#text-270685594 {\n  text-align: center;\n}\n<\/style>\n\t<\/div>\n\t\n<a href=\"\/contact\" class=\"button primary cerblue\" >\n\t\t<span>P\u00d3NGASE EN CONTACTO CON NUESTRO EQUIPO DE CONSULTAS<\/span>\n\t<\/a>\n\n              <\/div>\n           <\/div>\n                            \n<style>\n#text-box-1669354281 {\n  width: 60%;\n}\n#text-box-1669354281 .text-box-content {\n  font-size: 100%;\n}\n<\/style>\n    <\/div>\n \n        <\/div>\n      <\/div>\n\n            \n<style>\n#banner-1656682777 {\n  padding-top: 500px;\n  background-color: rgb(29, 25, 25);\n}\n<\/style>\n  <\/div>","protected":false},"excerpt":{"rendered":"","protected":false},"author":1,"featured_media":0,"parent":7199,"menu_order":0,"comment_status":"closed","ping_status":"closed","template":"","meta":{"_acf_changed":false,"footnotes":""},"class_list":["post-10014","page","type-page","status-publish","hentry"],"yoast_head":"<!-- This site is optimized with the Yoast SEO plugin v26.7 - https:\/\/yoast.com\/wordpress\/plugins\/seo\/ -->\n<title>Which coating is better? \u2013 Cerakote vs. Corrosion | Cerakote Vs. - Cerakote South Africa<\/title>\n<meta name=\"robots\" content=\"index, follow, max-snippet:-1, max-image-preview:large, max-video-preview:-1\" \/>\n<link rel=\"canonical\" href=\"https:\/\/www.cerakotesa.com\/es\/cerakote-vs-other-coatings\/cerakote-vs-corrosion\/\" \/>\n<meta property=\"og:locale\" content=\"es_ES\" \/>\n<meta property=\"og:type\" content=\"article\" \/>\n<meta property=\"og:title\" content=\"Which coating is better? \u2013 Cerakote vs. Corrosion | Cerakote Vs. - Cerakote South Africa\" \/>\n<meta property=\"og:url\" content=\"https:\/\/www.cerakotesa.com\/es\/cerakote-vs-other-coatings\/cerakote-vs-corrosion\/\" \/>\n<meta property=\"og:site_name\" content=\"Cerakote South Africa\" \/>\n<meta name=\"twitter:card\" content=\"summary_large_image\" \/>\n<meta name=\"twitter:label1\" content=\"Tiempo de lectura\" \/>\n\t<meta name=\"twitter:data1\" content=\"4 minutos\" \/>\n<script type=\"application\/ld+json\" class=\"yoast-schema-graph\">{\"@context\":\"https:\/\/schema.org\",\"@graph\":[{\"@type\":\"WebPage\",\"@id\":\"https:\/\/www.cerakotesa.com\/fr\/cerakote-vs-other-coatings\/cerakote-vs-corrosion\/\",\"url\":\"https:\/\/www.cerakotesa.com\/fr\/cerakote-vs-other-coatings\/cerakote-vs-corrosion\/\",\"name\":\"Which coating is better? \u2013 Cerakote vs. Corrosion | Cerakote Vs. - Cerakote South Africa\",\"isPartOf\":{\"@id\":\"https:\/\/www.cerakotesa.com\/#website\"},\"datePublished\":\"2022-06-05T16:21:58+00:00\",\"breadcrumb\":{\"@id\":\"https:\/\/www.cerakotesa.com\/fr\/cerakote-vs-other-coatings\/cerakote-vs-corrosion\/#breadcrumb\"},\"inLanguage\":\"es\",\"potentialAction\":[{\"@type\":\"ReadAction\",\"target\":[\"https:\/\/www.cerakotesa.com\/fr\/cerakote-vs-other-coatings\/cerakote-vs-corrosion\/\"]}]},{\"@type\":\"BreadcrumbList\",\"@id\":\"https:\/\/www.cerakotesa.com\/fr\/cerakote-vs-other-coatings\/cerakote-vs-corrosion\/#breadcrumb\",\"itemListElement\":[{\"@type\":\"ListItem\",\"position\":1,\"name\":\"Home\",\"item\":\"https:\/\/www.cerakotesa.com\/\"},{\"@type\":\"ListItem\",\"position\":2,\"name\":\"Which coating is better? \u2013 Head-to-Head Testing | Cerakote Vs.\",\"item\":\"https:\/\/www.cerakotesa.com\/cerakote-vs-other-coatings\/\"},{\"@type\":\"ListItem\",\"position\":3,\"name\":\"Which coating is better? \u2013 Cerakote vs. Corrosion | Cerakote Vs.\"}]},{\"@type\":\"WebSite\",\"@id\":\"https:\/\/www.cerakotesa.com\/#website\",\"url\":\"https:\/\/www.cerakotesa.com\/\",\"name\":\"Cerakote South Africa\",\"description\":\"Cerakote is a global leader in the manufacturing of thin-film protective ceramic coatings\",\"potentialAction\":[{\"@type\":\"SearchAction\",\"target\":{\"@type\":\"EntryPoint\",\"urlTemplate\":\"https:\/\/www.cerakotesa.com\/?s={search_term_string}\"},\"query-input\":{\"@type\":\"PropertyValueSpecification\",\"valueRequired\":true,\"valueName\":\"search_term_string\"}}],\"inLanguage\":\"es\"}]}<\/script>\n<!-- \/ Yoast SEO plugin. -->","yoast_head_json":{"title":"Which coating is better? \u2013 Cerakote vs. Corrosion | Cerakote Vs. - Cerakote South Africa","robots":{"index":"index","follow":"follow","max-snippet":"max-snippet:-1","max-image-preview":"max-image-preview:large","max-video-preview":"max-video-preview:-1"},"canonical":"https:\/\/www.cerakotesa.com\/es\/cerakote-vs-other-coatings\/cerakote-vs-corrosion\/","og_locale":"es_ES","og_type":"article","og_title":"Which coating is better? \u2013 Cerakote vs. Corrosion | Cerakote Vs. - Cerakote South Africa","og_url":"https:\/\/www.cerakotesa.com\/es\/cerakote-vs-other-coatings\/cerakote-vs-corrosion\/","og_site_name":"Cerakote South Africa","twitter_card":"summary_large_image","twitter_misc":{"Tiempo de lectura":"4 minutos"},"schema":{"@context":"https:\/\/schema.org","@graph":[{"@type":"WebPage","@id":"https:\/\/www.cerakotesa.com\/fr\/cerakote-vs-other-coatings\/cerakote-vs-corrosion\/","url":"https:\/\/www.cerakotesa.com\/fr\/cerakote-vs-other-coatings\/cerakote-vs-corrosion\/","name":"Which coating is better? \u2013 Cerakote vs. Corrosion | Cerakote Vs. - Cerakote South Africa","isPartOf":{"@id":"https:\/\/www.cerakotesa.com\/#website"},"datePublished":"2022-06-05T16:21:58+00:00","breadcrumb":{"@id":"https:\/\/www.cerakotesa.com\/fr\/cerakote-vs-other-coatings\/cerakote-vs-corrosion\/#breadcrumb"},"inLanguage":"es","potentialAction":[{"@type":"ReadAction","target":["https:\/\/www.cerakotesa.com\/fr\/cerakote-vs-other-coatings\/cerakote-vs-corrosion\/"]}]},{"@type":"BreadcrumbList","@id":"https:\/\/www.cerakotesa.com\/fr\/cerakote-vs-other-coatings\/cerakote-vs-corrosion\/#breadcrumb","itemListElement":[{"@type":"ListItem","position":1,"name":"Home","item":"https:\/\/www.cerakotesa.com\/"},{"@type":"ListItem","position":2,"name":"Which coating is better? \u2013 Head-to-Head Testing | Cerakote Vs.","item":"https:\/\/www.cerakotesa.com\/cerakote-vs-other-coatings\/"},{"@type":"ListItem","position":3,"name":"Which coating is better? \u2013 Cerakote vs. Corrosion | Cerakote Vs."}]},{"@type":"WebSite","@id":"https:\/\/www.cerakotesa.com\/#website","url":"https:\/\/www.cerakotesa.com\/","name":"Cerakote South Africa","description":"Cerakote es l\u00edder mundial en la fabricaci\u00f3n de recubrimientos cer\u00e1micos protectores de capa fina.","potentialAction":[{"@type":"SearchAction","target":{"@type":"EntryPoint","urlTemplate":"https:\/\/www.cerakotesa.com\/?s={search_term_string}"},"query-input":{"@type":"PropertyValueSpecification","valueRequired":true,"valueName":"search_term_string"}}],"inLanguage":"es"}]}},"acf":[],"_links":{"self":[{"href":"https:\/\/www.cerakotesa.com\/es\/wp-json\/wp\/v2\/pages\/10014","targetHints":{"allow":["GET"]}}],"collection":[{"href":"https:\/\/www.cerakotesa.com\/es\/wp-json\/wp\/v2\/pages"}],"about":[{"href":"https:\/\/www.cerakotesa.com\/es\/wp-json\/wp\/v2\/types\/page"}],"author":[{"embeddable":true,"href":"https:\/\/www.cerakotesa.com\/es\/wp-json\/wp\/v2\/users\/1"}],"replies":[{"embeddable":true,"href":"https:\/\/www.cerakotesa.com\/es\/wp-json\/wp\/v2\/comments?post=10014"}],"version-history":[{"count":0,"href":"https:\/\/www.cerakotesa.com\/es\/wp-json\/wp\/v2\/pages\/10014\/revisions"}],"up":[{"embeddable":true,"href":"https:\/\/www.cerakotesa.com\/es\/wp-json\/wp\/v2\/pages\/7199"}],"wp:attachment":[{"href":"https:\/\/www.cerakotesa.com\/es\/wp-json\/wp\/v2\/media?parent=10014"}],"curies":[{"name":"wp","href":"https:\/\/api.w.org\/{rel}","templated":true}]}}