{"id":10918,"date":"2022-07-20T10:45:16","date_gmt":"2022-07-20T09:45:16","guid":{"rendered":"https:\/\/www.cerakote.co.uk\/?page_id=10918"},"modified":"2025-12-04T09:37:18","modified_gmt":"2025-12-04T09:37:18","slug":"application-and-training","status":"publish","type":"page","link":"https:\/\/www.cerakotesa.com\/es\/application-and-training\/","title":{"rendered":"Convi\u00e9rtase en aplicador certificado - Solicitud y formaci\u00f3n"},"content":{"rendered":"<section class=\"section\" id=\"section_974623365\">\n\t\t<div class=\"section-bg fill\" >\n\t\t\t\t\t\t\t\t\t\n\t\t\t\n\n\t\t<\/div>\n\n\t\t\n\n\t\t<div class=\"section-content relative\">\n\t\t\t\n\n<div class=\"row\"  id=\"row-294725702\">\n\n\n\t<div id=\"col-116755003\" class=\"col small-12 large-12\"  >\n\t\t\t\t<div class=\"col-inner\"  >\n\t\t\t\n\t\t\t\n\n\t<div id=\"text-2418444436\" class=\"text\">\n\t\t\n\nSolicitud y formaci\u00f3n\n\t\t\n<style>\n#text-2418444436 {\n  font-size: 2.5rem;\n  line-height: 1.05;\n  text-align: left;\n}\n<\/style>\n\t<\/div>\n\t\n\n\t\t<\/div>\n\t\t\t\t\n<style>\n#col-116755003 > .col-inner {\n  padding: -px 0px 0px 0px;\n  margin: 29px 0px 0px 0px;\n}\n<\/style>\n\t<\/div>\n\n\t\n\n\n<style>\n#row-294725702 > .col > .col-inner {\n  padding: 0px 0px 0px 50px;\n}\n<\/style>\n<\/div>\n\n\t\t<\/div>\n\n\t\t\n<style>\n#section_974623365 {\n  padding-top: 0px;\n  padding-bottom: 0px;\n  background-color: rgb(225, 225, 225);\n}\n<\/style>\n\t<\/section>\n\t\n\n\t<section class=\"section\" id=\"section_2069906689\">\n\t\t<div class=\"section-bg fill\" >\n\t\t\t\t\t\t\t\t\t\n\t\t\t\n\n\t\t<\/div>\n\n\t\t\n\n\t\t<div class=\"section-content relative\">\n\t\t\t\n\n<div class=\"row\"  id=\"row-1902016765\">\n\n\n\t<div id=\"col-1034437125\" class=\"col small-12 large-12\"  >\n\t\t\t\t<div class=\"col-inner\"  >\n\t\t\t\n\t\t\t\n\n<p>Cerakote<sup>\u00ae<\/sup>\u00a0es un acabado OEM aplicado profesionalmente, no es un acabado DIY. Cerakote UK ofrece el \u00fanico programa de formaci\u00f3n para Cerakote<sup>\u00ae<\/sup>\u00a0en el Reino Unido y Europa. Recibir\u00e1 una formaci\u00f3n espec\u00edfica en nuestras instalaciones de Newmarket, Suffolk. Nuestros expertos formadores le proporcionar\u00e1n la formaci\u00f3n que necesita para su sector. Cada clase se adapta a sus necesidades para que tenga \u00e9xito en el recubrimiento de productos en su industria. Trabajamos regularmente con fabricantes, empresas de revestimiento, fabricantes de equipos originales y una gran variedad de talleres personalizados.<\/p>\n<p>Por favor, revise cada documento para obtener m\u00e1s informaci\u00f3n sobre c\u00f3mo convertirse en un Certificado Cerakote<sup>\u00ae<\/sup>\u00a0Aplicador, informaci\u00f3n de viaje y nuestro esquema general de formaci\u00f3n. Lo mejor es comenzar el proceso rellenando nuestra solicitud (*Formulario de solicitud de formaci\u00f3n Cerakote). Responder a estas preguntas nos ayudar\u00e1 a comprender mejor qui\u00e9n es usted y qu\u00e9 desea conseguir. Una vez recibida la solicitud, comprobaremos que el \u00e1rea de mercado en la que se encuentra no est\u00e1 saturada mientras revisamos su solicitud (si procede). Se le enviar\u00e1 una factura de 500 \u00a3 + iva (por persona) para reservar su plaza en nuestra pr\u00f3xima clase de formaci\u00f3n disponible.<\/p>\n<p><strong>Coste del curso de 2 d\u00edas:<\/strong><\/p>\n<ul>\n<li>1.600 \u00a3 + IVA para la primera persona<\/li>\n<li>1.250 \u00a3 + IVA para la segunda persona de la misma empresa<\/li>\n<\/ul>\n<p><em>(m\u00e1ximo 2 personas por clase)<\/em><\/p>\n<p>No dude en ponerse en contacto con nosotros en\u00a0<a href=\"mailto:training@cerakote.co.uk\">training@cerakote.co.uk<\/a>\u00a0si tiene alguna pregunta sobre la formaci\u00f3n.<\/p>\n<p><strong>FABRICANTES \/ APLICADORES DE GRAN VOLUMEN<\/strong><\/p>\n<p>No dude en ponerse en contacto con nosotros directamente para informarse sobre las opciones de formaci\u00f3n para usted. Podemos ofrecerle formaci\u00f3n acelerada. Tambi\u00e9n puede visitar nuestra\u00a0<a href=\"https:\/\/www.cerakote.co.uk\/contact\/\">Contacte con nosotros<\/a>\u00a0para obtener m\u00e1s informaci\u00f3n sobre Cerakote<sup>\u00ae<\/sup>\u00a0en su sector espec\u00edfico.<\/p>\n<p><strong>FORMACI\u00d3N INTERNACIONAL<\/strong><\/p>\n<p>Damos la bienvenida a cualquier persona fuera del Reino Unido para venir y completar un Curso de Formaci\u00f3n Certificado aqu\u00ed en Cerakote UK.<\/p>\n<p><strong>RECURSOS MEDI\u00c1TICOS<\/strong><\/p>\n<div class=\"row\"  id=\"row-993773256\">\n\n\n\t<div id=\"col-574262412\" class=\"col medium-3 small-6 large-3\"  >\n\t\t\t\t<div class=\"col-inner\"  >\n\t\t\t\n\t\t\t\n\n\t<div class=\"img has-hover x md-x lg-x y md-y lg-y\" id=\"image_1119042162\">\n\t\t<a class=\"\" href=\"https:\/\/www.cerakote.co.uk\/wp-content\/uploads\/2022\/07\/Cerakote_Certified_Applicator_Training_Information.pdf\" target=\"_blank\" rel=\"noopener\" >\t\t\t\t\t\t<div class=\"img-inner dark\" style=\"margin:12px 0px 0px 0px;\">\n\t\t\t<img loading=\"lazy\" decoding=\"async\" width=\"203\" height=\"285\" src=\"https:\/\/www.cerakotesa.com\/wp-content\/uploads\/2022\/07\/training-outline-dt20200117030438094-thumbnail.webp\" class=\"attachment-original size-original\" alt=\"\" \/>\t\t\t\t\t\t\n\t\t\t\t\t<\/div>\n\t\t\t\t\t\t<\/a>\t\t\n<style>\n#image_1119042162 {\n  width: 60%;\n}\n<\/style>\n\t<\/div>\n\t\n\n\n\n<a href=\"https:\/\/www.cerakote.co.uk\/wp-content\/uploads\/2022\/07\/Cerakote_Certified_Applicator_Training_Information.pdf\">Esquema de la formaci\u00f3n<\/a>\n\n\n\t\t<\/div>\n\t\t\t\t\t<\/div>\n\n\t\n\n\t<div id=\"col-197263200\" class=\"col medium-3 small-6 large-3\"  >\n\t\t\t\t<div class=\"col-inner\"  >\n\t\t\t\n\t\t\t\n\n\t<div class=\"img has-hover x md-x lg-x y md-y lg-y\" id=\"image_1999446187\">\n\t\t<a class=\"\" href=\"https:\/\/www.cerakote.co.uk\/wp-content\/uploads\/2022\/07\/UK_Lodging_Information-1.pdf\" target=\"_blank\" rel=\"noopener\" >\t\t\t\t\t\t<div class=\"img-inner dark\" style=\"margin:12px 0px -11px 0px;\">\n\t\t\t<img loading=\"lazy\" decoding=\"async\" width=\"676\" height=\"877\" src=\"https:\/\/www.cerakotesa.com\/wp-content\/uploads\/2022\/07\/Screenshot-2022-07-20-130317-1.png\" class=\"attachment-original size-original\" alt=\"\" srcset=\"https:\/\/www.cerakotesa.com\/wp-content\/uploads\/2022\/07\/Screenshot-2022-07-20-130317-1.png 676w, https:\/\/www.cerakotesa.com\/wp-content\/uploads\/2022\/07\/Screenshot-2022-07-20-130317-1-247x320.png 247w, https:\/\/www.cerakotesa.com\/wp-content\/uploads\/2022\/07\/Screenshot-2022-07-20-130317-1-510x662.png 510w, https:\/\/www.cerakotesa.com\/wp-content\/uploads\/2022\/07\/Screenshot-2022-07-20-130317-1-231x300.png 231w\" sizes=\"auto, (max-width: 676px) 100vw, 676px\" \/>\t\t\t\t\t\t\n\t\t\t\t\t<\/div>\n\t\t\t\t\t\t<\/a>\t\t\n<style>\n#image_1999446187 {\n  width: 68%;\n}\n<\/style>\n\t<\/div>\n\t\n\n\n\n<a href=\"https:\/\/www.cerakote.co.uk\/wp-content\/uploads\/2022\/07\/UK_Lodging_Information-1.pdf\">Informaci\u00f3n sobre alojamiento en el Reino Unido<\/a>\n\n\n\t\t<\/div>\n\t\t\t\t\t<\/div>\n\n\t\n\n\t<div id=\"col-1089704121\" class=\"col medium-3 small-6 large-3\"  >\n\t\t\t\t<div class=\"col-inner\"  >\n\t\t\t\n\t\t\t\n\n\t<div class=\"img has-hover x md-x lg-x y md-y lg-y\" id=\"image_1907176068\">\n\t\t<a class=\"\" href=\"https:\/\/www.cerakote.co.uk\/wp-content\/uploads\/2022\/07\/Cerakote_Elite__H-Series_Training_Manual.pdf\" target=\"_blank\" rel=\"noopener\" >\t\t\t\t\t\t<div class=\"img-inner dark\" style=\"margin:12px 0px 0px 0px;\">\n\t\t\t<img loading=\"lazy\" decoding=\"async\" width=\"1000\" height=\"1400\" src=\"https:\/\/www.cerakotesa.com\/wp-content\/uploads\/2022\/07\/cerakote-elite-h-series-training-manual-dt20220211175714830532-thumbnail.webp\" class=\"attachment-original size-original\" alt=\"\" srcset=\"https:\/\/www.cerakotesa.com\/wp-content\/uploads\/2022\/07\/cerakote-elite-h-series-training-manual-dt20220211175714830532-thumbnail.webp 1000w, https:\/\/www.cerakotesa.com\/wp-content\/uploads\/2022\/07\/cerakote-elite-h-series-training-manual-dt20220211175714830532-thumbnail-247x346.webp 247w, https:\/\/www.cerakotesa.com\/wp-content\/uploads\/2022\/07\/cerakote-elite-h-series-training-manual-dt20220211175714830532-thumbnail-510x714.webp 510w, https:\/\/www.cerakotesa.com\/wp-content\/uploads\/2022\/07\/cerakote-elite-h-series-training-manual-dt20220211175714830532-thumbnail-214x300.webp 214w, https:\/\/www.cerakotesa.com\/wp-content\/uploads\/2022\/07\/cerakote-elite-h-series-training-manual-dt20220211175714830532-thumbnail-731x1024.webp 731w, https:\/\/www.cerakotesa.com\/wp-content\/uploads\/2022\/07\/cerakote-elite-h-series-training-manual-dt20220211175714830532-thumbnail-768x1075.webp 768w\" sizes=\"auto, (max-width: 1000px) 100vw, 1000px\" \/>\t\t\t\t\t\t\n\t\t\t\t\t<\/div>\n\t\t\t\t\t\t<\/a>\t\t\n<style>\n#image_1907176068 {\n  width: 60%;\n}\n<\/style>\n\t<\/div>\n\t\n\n\n\n<a href=\"https:\/\/www.cerakote.co.uk\/wp-content\/uploads\/2022\/07\/Cerakote_Elite__H-Series_Training_Manual.pdf\">Manual de formaci\u00f3n<\/a>\n\n\n\t\t<\/div>\n\t\t\t\t\t<\/div>\n\n\t\n\n\t<div id=\"col-1951570247\" class=\"col medium-3 small-6 large-3\"  >\n\t\t\t\t<div class=\"col-inner\"  >\n\t\t\t\n\t\t\t\n\n\t<div class=\"img has-hover x md-x lg-x y md-y lg-y\" id=\"image_804899500\">\n\t\t<a class=\"\" href=\"https:\/\/www.cerakote.co.uk\/wp-content\/uploads\/2022\/07\/Training_Outline.pdf\" target=\"_blank\" rel=\"noopener\" >\t\t\t\t\t\t<div class=\"img-inner dark\" style=\"margin:10px 0px 0px 0px;\">\n\t\t\t<img loading=\"lazy\" decoding=\"async\" width=\"203\" height=\"285\" src=\"https:\/\/www.cerakotesa.com\/wp-content\/uploads\/2022\/07\/certified-applicator-training-information-dt20200117025906805-thumbnail.webp\" class=\"attachment-original size-original\" alt=\"\" \/>\t\t\t\t\t\t\n\t\t\t\t\t<\/div>\n\t\t\t\t\t\t<\/a>\t\t\n<style>\n#image_804899500 {\n  width: 60%;\n}\n<\/style>\n\t<\/div>\n\t\n\n\n\n<a href=\"https:\/\/www.cerakote.co.uk\/wp-content\/uploads\/2022\/07\/Training_Outline.pdf\">Temas de formaci\u00f3n<\/a>\n\n\n\t\t<\/div>\n\t\t\t\t\t<\/div>\n\n\t\n\n<\/div>\n\n\t\t<\/div>\n\t\t\t\t\t<\/div>\n\n\t\n\n\n<style>\n#row-1902016765 > .col > .col-inner {\n  padding: 40px 40px 0px 60px;\n  background-color: rgb(255,255,255);\n}\n<\/style>\n<\/div>\n\n\t\t<\/div>\n\n\t\t\n<style>\n#section_2069906689 {\n  padding-top: 0px;\n  padding-bottom: 0px;\n  background-color: rgb(225, 225, 225);\n}\n<\/style>\n\t<\/section>","protected":false},"excerpt":{"rendered":"","protected":false},"author":1,"featured_media":0,"parent":0,"menu_order":0,"comment_status":"closed","ping_status":"closed","template":"page-blank.php","meta":{"_acf_changed":false,"footnotes":""},"class_list":["post-10918","page","type-page","status-publish","hentry"],"yoast_head":"<!-- This site is optimized with the Yoast SEO plugin v26.7 - https:\/\/yoast.com\/wordpress\/plugins\/seo\/ -->\n<title>Become a Certified Applicator - Application and Training - Cerakote South Africa<\/title>\n<meta name=\"robots\" content=\"index, follow, max-snippet:-1, max-image-preview:large, max-video-preview:-1\" \/>\n<link rel=\"canonical\" href=\"https:\/\/www.cerakotesa.com\/es\/application-and-training\/\" \/>\n<meta property=\"og:locale\" content=\"es_ES\" \/>\n<meta property=\"og:type\" content=\"article\" \/>\n<meta property=\"og:title\" content=\"Become a Certified Applicator - Application and Training - Cerakote South Africa\" \/>\n<meta property=\"og:url\" content=\"https:\/\/www.cerakotesa.com\/es\/application-and-training\/\" \/>\n<meta property=\"og:site_name\" content=\"Cerakote South Africa\" \/>\n<meta property=\"article:modified_time\" content=\"2025-12-04T09:37:18+00:00\" \/>\n<meta name=\"twitter:card\" content=\"summary_large_image\" \/>\n<meta name=\"twitter:label1\" content=\"Tiempo de lectura\" \/>\n\t<meta name=\"twitter:data1\" content=\"2 minutos\" \/>\n<script type=\"application\/ld+json\" class=\"yoast-schema-graph\">{\"@context\":\"https:\/\/schema.org\",\"@graph\":[{\"@type\":\"WebPage\",\"@id\":\"https:\/\/www.cerakotesa.com\/application-and-training\/\",\"url\":\"https:\/\/www.cerakotesa.com\/application-and-training\/\",\"name\":\"Become a Certified Applicator - Application and Training - Cerakote South Africa\",\"isPartOf\":{\"@id\":\"https:\/\/www.cerakotesa.com\/#website\"},\"datePublished\":\"2022-07-20T09:45:16+00:00\",\"dateModified\":\"2025-12-04T09:37:18+00:00\",\"breadcrumb\":{\"@id\":\"https:\/\/www.cerakotesa.com\/application-and-training\/#breadcrumb\"},\"inLanguage\":\"es\",\"potentialAction\":[{\"@type\":\"ReadAction\",\"target\":[\"https:\/\/www.cerakotesa.com\/application-and-training\/\"]}]},{\"@type\":\"BreadcrumbList\",\"@id\":\"https:\/\/www.cerakotesa.com\/application-and-training\/#breadcrumb\",\"itemListElement\":[{\"@type\":\"ListItem\",\"position\":1,\"name\":\"Home\",\"item\":\"https:\/\/www.cerakotesa.com\/\"},{\"@type\":\"ListItem\",\"position\":2,\"name\":\"Become a Certified Applicator &#8211; Application and Training\"}]},{\"@type\":\"WebSite\",\"@id\":\"https:\/\/www.cerakotesa.com\/#website\",\"url\":\"https:\/\/www.cerakotesa.com\/\",\"name\":\"Cerakote South Africa\",\"description\":\"Cerakote is a global leader in the manufacturing of thin-film protective ceramic coatings\",\"potentialAction\":[{\"@type\":\"SearchAction\",\"target\":{\"@type\":\"EntryPoint\",\"urlTemplate\":\"https:\/\/www.cerakotesa.com\/?s={search_term_string}\"},\"query-input\":{\"@type\":\"PropertyValueSpecification\",\"valueRequired\":true,\"valueName\":\"search_term_string\"}}],\"inLanguage\":\"es\"}]}<\/script>\n<!-- \/ Yoast SEO plugin. -->","yoast_head_json":{"title":"Become a Certified Applicator - Application and Training - Cerakote South Africa","robots":{"index":"index","follow":"follow","max-snippet":"max-snippet:-1","max-image-preview":"max-image-preview:large","max-video-preview":"max-video-preview:-1"},"canonical":"https:\/\/www.cerakotesa.com\/es\/application-and-training\/","og_locale":"es_ES","og_type":"article","og_title":"Become a Certified Applicator - Application and Training - Cerakote South Africa","og_url":"https:\/\/www.cerakotesa.com\/es\/application-and-training\/","og_site_name":"Cerakote South Africa","article_modified_time":"2025-12-04T09:37:18+00:00","twitter_card":"summary_large_image","twitter_misc":{"Tiempo de lectura":"2 minutos"},"schema":{"@context":"https:\/\/schema.org","@graph":[{"@type":"WebPage","@id":"https:\/\/www.cerakotesa.com\/application-and-training\/","url":"https:\/\/www.cerakotesa.com\/application-and-training\/","name":"Become a Certified Applicator - Application and Training - Cerakote South Africa","isPartOf":{"@id":"https:\/\/www.cerakotesa.com\/#website"},"datePublished":"2022-07-20T09:45:16+00:00","dateModified":"2025-12-04T09:37:18+00:00","breadcrumb":{"@id":"https:\/\/www.cerakotesa.com\/application-and-training\/#breadcrumb"},"inLanguage":"es","potentialAction":[{"@type":"ReadAction","target":["https:\/\/www.cerakotesa.com\/application-and-training\/"]}]},{"@type":"BreadcrumbList","@id":"https:\/\/www.cerakotesa.com\/application-and-training\/#breadcrumb","itemListElement":[{"@type":"ListItem","position":1,"name":"Home","item":"https:\/\/www.cerakotesa.com\/"},{"@type":"ListItem","position":2,"name":"Become a Certified Applicator &#8211; Application and Training"}]},{"@type":"WebSite","@id":"https:\/\/www.cerakotesa.com\/#website","url":"https:\/\/www.cerakotesa.com\/","name":"Cerakote South Africa","description":"Cerakote es l\u00edder mundial en la fabricaci\u00f3n de recubrimientos cer\u00e1micos protectores de capa fina.","potentialAction":[{"@type":"SearchAction","target":{"@type":"EntryPoint","urlTemplate":"https:\/\/www.cerakotesa.com\/?s={search_term_string}"},"query-input":{"@type":"PropertyValueSpecification","valueRequired":true,"valueName":"search_term_string"}}],"inLanguage":"es"}]}},"acf":[],"_links":{"self":[{"href":"https:\/\/www.cerakotesa.com\/es\/wp-json\/wp\/v2\/pages\/10918","targetHints":{"allow":["GET"]}}],"collection":[{"href":"https:\/\/www.cerakotesa.com\/es\/wp-json\/wp\/v2\/pages"}],"about":[{"href":"https:\/\/www.cerakotesa.com\/es\/wp-json\/wp\/v2\/types\/page"}],"author":[{"embeddable":true,"href":"https:\/\/www.cerakotesa.com\/es\/wp-json\/wp\/v2\/users\/1"}],"replies":[{"embeddable":true,"href":"https:\/\/www.cerakotesa.com\/es\/wp-json\/wp\/v2\/comments?post=10918"}],"version-history":[{"count":0,"href":"https:\/\/www.cerakotesa.com\/es\/wp-json\/wp\/v2\/pages\/10918\/revisions"}],"wp:attachment":[{"href":"https:\/\/www.cerakotesa.com\/es\/wp-json\/wp\/v2\/media?parent=10918"}],"curies":[{"name":"wp","href":"https:\/\/api.w.org\/{rel}","templated":true}]}}