{"id":11167,"date":"2022-08-11T15:58:38","date_gmt":"2022-08-11T14:58:38","guid":{"rendered":"https:\/\/www.cerakote.co.uk\/?page_id=11167"},"modified":"2022-08-11T15:58:38","modified_gmt":"2022-08-11T14:58:38","slug":"why-is-my-coating-discolouring","status":"publish","type":"page","link":"https:\/\/www.cerakotesa.com\/es\/knowledge-base\/why-is-my-coating-discolouring\/","title":{"rendered":"\u00bfPor qu\u00e9 se decolora mi revestimiento despu\u00e9s del ciclo de curado?"},"content":{"rendered":"<section class=\"section\" id=\"section_1161925716\">\n\t\t<div class=\"section-bg fill\" >\n\t\t\t\t\t\t\t\t\t\n\t\t\t\n\n\t\t<\/div>\n\n\t\t\n\n\t\t<div class=\"section-content relative\">\n\t\t\t\n<div class=\"row\"  id=\"row-611289888\">\n\n\t<div id=\"col-940215373\" class=\"col small-12 large-12\"  >\n\t\t\t\t<div class=\"col-inner\"  >\n\t\t\t\n\t\t\t\n<h2 class=\"uppercase\">\u00bfPor qu\u00e9 se decolora mi revestimiento despu\u00e9s del ciclo de curado?<\/h2>\n\t<div class=\"img has-hover x md-x lg-x y md-y lg-y\" id=\"image_1132510550\">\n\t\t\t\t\t\t\t\t<div class=\"img-inner dark\" >\n\t\t\t<img loading=\"lazy\" decoding=\"async\" width=\"2048\" height=\"887\" src=\"https:\/\/www.cerakotesa.com\/wp-content\/uploads\/2022\/08\/cerakoteknowledgebasearticlecorrectcuretimes-dt20220729165233217098.webp\" class=\"attachment-original size-original\" alt=\"\" srcset=\"https:\/\/www.cerakotesa.com\/wp-content\/uploads\/2022\/08\/cerakoteknowledgebasearticlecorrectcuretimes-dt20220729165233217098.webp 2048w, https:\/\/www.cerakotesa.com\/wp-content\/uploads\/2022\/08\/cerakoteknowledgebasearticlecorrectcuretimes-dt20220729165233217098-247x107.webp 247w, https:\/\/www.cerakotesa.com\/wp-content\/uploads\/2022\/08\/cerakoteknowledgebasearticlecorrectcuretimes-dt20220729165233217098-510x221.webp 510w, https:\/\/www.cerakotesa.com\/wp-content\/uploads\/2022\/08\/cerakoteknowledgebasearticlecorrectcuretimes-dt20220729165233217098-300x130.webp 300w, https:\/\/www.cerakotesa.com\/wp-content\/uploads\/2022\/08\/cerakoteknowledgebasearticlecorrectcuretimes-dt20220729165233217098-1024x444.webp 1024w, https:\/\/www.cerakotesa.com\/wp-content\/uploads\/2022\/08\/cerakoteknowledgebasearticlecorrectcuretimes-dt20220729165233217098-768x333.webp 768w, https:\/\/www.cerakotesa.com\/wp-content\/uploads\/2022\/08\/cerakoteknowledgebasearticlecorrectcuretimes-dt20220729165233217098-1536x665.webp 1536w\" sizes=\"auto, (max-width: 2048px) 100vw, 2048px\" \/>\t\t\t\t\t\t\n\t\t\t\t\t<\/div>\n\t\t\t\t\t\t\t\t\n<style>\n#image_1132510550 {\n  width: 100%;\n}\n<\/style>\n\t<\/div>\n\t\n<p>Tiempos de curaci\u00f3n correctos<\/p>\n\t\t<\/div>\n\t\t\t\t\t<\/div>\n\n\t\n<\/div>\n\t\t<\/div>\n\n\t\t\n<style>\n#section_1161925716 {\n  padding-top: 30px;\n  padding-bottom: 30px;\n}\n<\/style>\n\t<\/section>\n\t\n\n\t<section class=\"section\" id=\"section_1611619833\">\n\t\t<div class=\"section-bg fill\" >\n\t\t\t\t\t\t\t\t\t\n\t\t\t\n\n\t\t<\/div>\n\n\t\t\n\n\t\t<div class=\"section-content relative\">\n\t\t\t\n<div class=\"row\"  id=\"row-2005897945\">\n\n\t<div id=\"col-755535273\" class=\"col small-12 large-12\"  >\n\t\t\t\t<div class=\"col-inner\"  >\n\t\t\t\n\t\t\t\n<h2 class=\"heading2\">ESTABILIDAD DEL COLOR<\/h2>\n<p>Algunos colores de la serie H de Cerakote tienen una \"Temperatura m\u00e1xima de estabilidad del color (F\u00b0)\" inferior a la \"Temperatura m\u00e1xima de estabilidad del recubrimiento (F\u00b0)\".<\/p>\n<p>La estabilidad del color significa que, a una temperatura determinada, los pigmentos del revestimiento pueden cambiar de color durante el proceso de curado t\u00e9rmico.<\/p>\n<p>Este efecto puede ser m\u00e1s frecuente con colores de pigmentaci\u00f3n m\u00e1s clara, como el blanco, el amarillo o el naranja.<\/p>\n<p>Antes de curar su pr\u00f3ximo color pigmentado m\u00e1s claro de la serie H, busque la \"Temperatura m\u00e1xima de estabilidad del color (F\u00b0)\" en las Hojas de datos t\u00e9cnicos (TDS) de la serie H, que se encuentran en el sitio web de Cerakote, para determinar las temperaturas m\u00e1ximas de curado.<\/p>\n<p>Cerakote recomienda curar todas las piezas met\u00e1licas recubiertas con la Serie H con nuestro ciclo de curado est\u00e1ndar de 250\u00b0F durante 2 horas para asegurar un rendimiento adecuado en durabilidad y est\u00e9tica (no se producir\u00e1 decoloraci\u00f3n de ning\u00fan recubrimiento a 250\u00b0F durante 2 horas).<\/p>\n\t<div class=\"img has-hover x md-x lg-x y md-y lg-y\" id=\"image_1291070364\">\n\t\t\t\t\t\t\t\t<div class=\"img-inner dark\" >\n\t\t\t<img loading=\"lazy\" decoding=\"async\" width=\"2048\" height=\"887\" src=\"https:\/\/www.cerakotesa.com\/wp-content\/uploads\/2022\/08\/cerakoteknowledgebasearticleincorrectcuretimes-dt20220729165232549146.webp\" class=\"attachment-original size-original\" alt=\"\" srcset=\"https:\/\/www.cerakotesa.com\/wp-content\/uploads\/2022\/08\/cerakoteknowledgebasearticleincorrectcuretimes-dt20220729165232549146.webp 2048w, https:\/\/www.cerakotesa.com\/wp-content\/uploads\/2022\/08\/cerakoteknowledgebasearticleincorrectcuretimes-dt20220729165232549146-247x107.webp 247w, https:\/\/www.cerakotesa.com\/wp-content\/uploads\/2022\/08\/cerakoteknowledgebasearticleincorrectcuretimes-dt20220729165232549146-510x221.webp 510w, https:\/\/www.cerakotesa.com\/wp-content\/uploads\/2022\/08\/cerakoteknowledgebasearticleincorrectcuretimes-dt20220729165232549146-300x130.webp 300w, https:\/\/www.cerakotesa.com\/wp-content\/uploads\/2022\/08\/cerakoteknowledgebasearticleincorrectcuretimes-dt20220729165232549146-1024x444.webp 1024w, https:\/\/www.cerakotesa.com\/wp-content\/uploads\/2022\/08\/cerakoteknowledgebasearticleincorrectcuretimes-dt20220729165232549146-768x333.webp 768w, https:\/\/www.cerakotesa.com\/wp-content\/uploads\/2022\/08\/cerakoteknowledgebasearticleincorrectcuretimes-dt20220729165232549146-1536x665.webp 1536w\" sizes=\"auto, (max-width: 2048px) 100vw, 2048px\" \/>\t\t\t\t\t\t\n\t\t\t\t\t<\/div>\n\t\t\t\t\t\t\t\t\n<style>\n#image_1291070364 {\n  width: 100%;\n}\n<\/style>\n\t<\/div>\n\t\n<p>Tiempos de curaci\u00f3n incorrectos<\/p>\n\t\t<\/div>\n\t\t\t\t\t<\/div>\n\n\t\n<\/div>\n\t\t<\/div>\n\n\t\t\n<style>\n#section_1611619833 {\n  padding-top: 30px;\n  padding-bottom: 30px;\n}\n<\/style>\n\t<\/section>","protected":false},"excerpt":{"rendered":"","protected":false},"author":1,"featured_media":0,"parent":3966,"menu_order":0,"comment_status":"closed","ping_status":"closed","template":"","meta":{"_acf_changed":false,"footnotes":""},"class_list":["post-11167","page","type-page","status-publish","hentry"],"yoast_head":"<!-- This site is optimized with the Yoast SEO plugin v26.7 - https:\/\/yoast.com\/wordpress\/plugins\/seo\/ -->\n<title>Why Is My Coating Discolouring After the Cure Cycle? - Cerakote South Africa<\/title>\n<meta name=\"robots\" content=\"index, follow, max-snippet:-1, max-image-preview:large, max-video-preview:-1\" \/>\n<link rel=\"canonical\" href=\"https:\/\/www.cerakotesa.com\/es\/knowledge-base\/why-is-my-coating-discolouring\/\" \/>\n<meta property=\"og:locale\" content=\"es_ES\" \/>\n<meta property=\"og:type\" content=\"article\" \/>\n<meta property=\"og:title\" content=\"Why Is My Coating Discolouring After the Cure Cycle? - Cerakote South Africa\" \/>\n<meta property=\"og:url\" content=\"https:\/\/www.cerakotesa.com\/es\/knowledge-base\/why-is-my-coating-discolouring\/\" \/>\n<meta property=\"og:site_name\" content=\"Cerakote South Africa\" \/>\n<meta name=\"twitter:card\" content=\"summary_large_image\" \/>\n<meta name=\"twitter:label1\" content=\"Tiempo de lectura\" \/>\n\t<meta name=\"twitter:data1\" content=\"1 minuto\" \/>\n<script type=\"application\/ld+json\" class=\"yoast-schema-graph\">{\"@context\":\"https:\/\/schema.org\",\"@graph\":[{\"@type\":\"WebPage\",\"@id\":\"https:\/\/www.cerakotesa.com\/knowledge-base\/why-is-my-coating-discolouring\/\",\"url\":\"https:\/\/www.cerakotesa.com\/knowledge-base\/why-is-my-coating-discolouring\/\",\"name\":\"Why Is My Coating Discolouring After the Cure Cycle? - Cerakote South Africa\",\"isPartOf\":{\"@id\":\"https:\/\/www.cerakotesa.com\/#website\"},\"datePublished\":\"2022-08-11T14:58:38+00:00\",\"breadcrumb\":{\"@id\":\"https:\/\/www.cerakotesa.com\/knowledge-base\/why-is-my-coating-discolouring\/#breadcrumb\"},\"inLanguage\":\"es\",\"potentialAction\":[{\"@type\":\"ReadAction\",\"target\":[\"https:\/\/www.cerakotesa.com\/knowledge-base\/why-is-my-coating-discolouring\/\"]}]},{\"@type\":\"BreadcrumbList\",\"@id\":\"https:\/\/www.cerakotesa.com\/knowledge-base\/why-is-my-coating-discolouring\/#breadcrumb\",\"itemListElement\":[{\"@type\":\"ListItem\",\"position\":1,\"name\":\"Home\",\"item\":\"https:\/\/www.cerakotesa.com\/\"},{\"@type\":\"ListItem\",\"position\":2,\"name\":\"Knowledge Base\",\"item\":\"https:\/\/www.cerakotesa.com\/knowledge-base\/\"},{\"@type\":\"ListItem\",\"position\":3,\"name\":\"Why Is My Coating Discolouring After the Cure Cycle?\"}]},{\"@type\":\"WebSite\",\"@id\":\"https:\/\/www.cerakotesa.com\/#website\",\"url\":\"https:\/\/www.cerakotesa.com\/\",\"name\":\"Cerakote South Africa\",\"description\":\"Cerakote is a global leader in the manufacturing of thin-film protective ceramic coatings\",\"potentialAction\":[{\"@type\":\"SearchAction\",\"target\":{\"@type\":\"EntryPoint\",\"urlTemplate\":\"https:\/\/www.cerakotesa.com\/?s={search_term_string}\"},\"query-input\":{\"@type\":\"PropertyValueSpecification\",\"valueRequired\":true,\"valueName\":\"search_term_string\"}}],\"inLanguage\":\"es\"}]}<\/script>\n<!-- \/ Yoast SEO plugin. -->","yoast_head_json":{"title":"Why Is My Coating Discolouring After the Cure Cycle? - Cerakote South Africa","robots":{"index":"index","follow":"follow","max-snippet":"max-snippet:-1","max-image-preview":"max-image-preview:large","max-video-preview":"max-video-preview:-1"},"canonical":"https:\/\/www.cerakotesa.com\/es\/knowledge-base\/why-is-my-coating-discolouring\/","og_locale":"es_ES","og_type":"article","og_title":"Why Is My Coating Discolouring After the Cure Cycle? - Cerakote South Africa","og_url":"https:\/\/www.cerakotesa.com\/es\/knowledge-base\/why-is-my-coating-discolouring\/","og_site_name":"Cerakote South Africa","twitter_card":"summary_large_image","twitter_misc":{"Tiempo de lectura":"1 minuto"},"schema":{"@context":"https:\/\/schema.org","@graph":[{"@type":"WebPage","@id":"https:\/\/www.cerakotesa.com\/knowledge-base\/why-is-my-coating-discolouring\/","url":"https:\/\/www.cerakotesa.com\/knowledge-base\/why-is-my-coating-discolouring\/","name":"Why Is My Coating Discolouring After the Cure Cycle? - Cerakote South Africa","isPartOf":{"@id":"https:\/\/www.cerakotesa.com\/#website"},"datePublished":"2022-08-11T14:58:38+00:00","breadcrumb":{"@id":"https:\/\/www.cerakotesa.com\/knowledge-base\/why-is-my-coating-discolouring\/#breadcrumb"},"inLanguage":"es","potentialAction":[{"@type":"ReadAction","target":["https:\/\/www.cerakotesa.com\/knowledge-base\/why-is-my-coating-discolouring\/"]}]},{"@type":"BreadcrumbList","@id":"https:\/\/www.cerakotesa.com\/knowledge-base\/why-is-my-coating-discolouring\/#breadcrumb","itemListElement":[{"@type":"ListItem","position":1,"name":"Home","item":"https:\/\/www.cerakotesa.com\/"},{"@type":"ListItem","position":2,"name":"Knowledge Base","item":"https:\/\/www.cerakotesa.com\/knowledge-base\/"},{"@type":"ListItem","position":3,"name":"Why Is My Coating Discolouring After the Cure Cycle?"}]},{"@type":"WebSite","@id":"https:\/\/www.cerakotesa.com\/#website","url":"https:\/\/www.cerakotesa.com\/","name":"Cerakote South Africa","description":"Cerakote es l\u00edder mundial en la fabricaci\u00f3n de recubrimientos cer\u00e1micos protectores de capa fina.","potentialAction":[{"@type":"SearchAction","target":{"@type":"EntryPoint","urlTemplate":"https:\/\/www.cerakotesa.com\/?s={search_term_string}"},"query-input":{"@type":"PropertyValueSpecification","valueRequired":true,"valueName":"search_term_string"}}],"inLanguage":"es"}]}},"acf":[],"_links":{"self":[{"href":"https:\/\/www.cerakotesa.com\/es\/wp-json\/wp\/v2\/pages\/11167","targetHints":{"allow":["GET"]}}],"collection":[{"href":"https:\/\/www.cerakotesa.com\/es\/wp-json\/wp\/v2\/pages"}],"about":[{"href":"https:\/\/www.cerakotesa.com\/es\/wp-json\/wp\/v2\/types\/page"}],"author":[{"embeddable":true,"href":"https:\/\/www.cerakotesa.com\/es\/wp-json\/wp\/v2\/users\/1"}],"replies":[{"embeddable":true,"href":"https:\/\/www.cerakotesa.com\/es\/wp-json\/wp\/v2\/comments?post=11167"}],"version-history":[{"count":0,"href":"https:\/\/www.cerakotesa.com\/es\/wp-json\/wp\/v2\/pages\/11167\/revisions"}],"up":[{"embeddable":true,"href":"https:\/\/www.cerakotesa.com\/es\/wp-json\/wp\/v2\/pages\/3966"}],"wp:attachment":[{"href":"https:\/\/www.cerakotesa.com\/es\/wp-json\/wp\/v2\/media?parent=11167"}],"curies":[{"name":"wp","href":"https:\/\/api.w.org\/{rel}","templated":true}]}}