{"id":11175,"date":"2022-08-11T16:09:04","date_gmt":"2022-08-11T15:09:04","guid":{"rendered":"https:\/\/www.cerakote.co.uk\/?page_id=11175"},"modified":"2022-08-11T16:09:04","modified_gmt":"2022-08-11T15:09:04","slug":"how-to-prep-a-chrome","status":"publish","type":"page","link":"https:\/\/www.cerakotesa.com\/es\/knowledge-base\/how-to-prep-a-chrome\/","title":{"rendered":"C\u00f3mo preparar una superficie cromada"},"content":{"rendered":"<section class=\"section\" id=\"section_1772768308\">\n\t\t<div class=\"section-bg fill\" >\n\t\t\t\t\t\t\t\t\t\n\t\t\t\n\n\t\t<\/div>\n\n\t\t\n\n\t\t<div class=\"section-content relative\">\n\t\t\t\n<div class=\"row\"  id=\"row-2099489080\">\n\n\t<div id=\"col-2097962173\" class=\"col small-12 large-12\"  >\n\t\t\t\t<div class=\"col-inner\"  >\n\t\t\t\n\t\t\t\n<h2 class=\"uppercase\">C\u00f3mo preparar una superficie cromada<\/h2>\n\t\t<\/div>\n\t\t\t\t\t<\/div>\n\n\t\n<\/div>\n<div class=\"row\"  id=\"row-859112593\">\n\n\t<div id=\"col-2040784676\" class=\"col small-12 large-12\"  >\n\t\t\t\t<div class=\"col-inner\"  >\n\t\t\t\n\t\t\t\n<h2 class=\"heading2\">UNA SUPERFICIE PERFECTA PARA CERAKOTE<\/h2>\n<p>1TP229El chorreado de un acabado existente hasta dejar el sustrato desnudo es un paso importante y necesario para la mayor\u00eda de las aplicaciones Cerakote. Sin embargo, algunos acabados son m\u00e1s dif\u00edciles de eliminar con granalla para conseguir un perfil de superficie adecuado. Un cromado duro de calidad es un ejemplo de acabado que no se elimina f\u00e1cil o r\u00e1pidamente. Afortunadamente, no es necesario eliminar completamente el cromado duro para que Cerakote se adhiera mec\u00e1nicamente. Un acabado de cromo duro de calidad es una superficie perfecta para aplicar Cerakote sobre ella.<\/p>\n\t<div class=\"img has-hover x md-x lg-x y md-y lg-y\" id=\"image_807428780\">\n\t\t\t\t\t\t\t\t<div class=\"img-inner dark\" >\n\t\t\t<img loading=\"lazy\" decoding=\"async\" width=\"1200\" height=\"579\" src=\"https:\/\/www.cerakotesa.com\/wp-content\/uploads\/2022\/08\/etchedchrome-dt20220208173951042928.webp\" class=\"attachment-original size-original\" alt=\"\" srcset=\"https:\/\/www.cerakotesa.com\/wp-content\/uploads\/2022\/08\/etchedchrome-dt20220208173951042928.webp 1200w, https:\/\/www.cerakotesa.com\/wp-content\/uploads\/2022\/08\/etchedchrome-dt20220208173951042928-247x119.webp 247w, https:\/\/www.cerakotesa.com\/wp-content\/uploads\/2022\/08\/etchedchrome-dt20220208173951042928-510x246.webp 510w, https:\/\/www.cerakotesa.com\/wp-content\/uploads\/2022\/08\/etchedchrome-dt20220208173951042928-300x145.webp 300w, https:\/\/www.cerakotesa.com\/wp-content\/uploads\/2022\/08\/etchedchrome-dt20220208173951042928-1024x494.webp 1024w, https:\/\/www.cerakotesa.com\/wp-content\/uploads\/2022\/08\/etchedchrome-dt20220208173951042928-768x371.webp 768w\" sizes=\"auto, (max-width: 1200px) 100vw, 1200px\" \/>\t\t\t\t\t\t\n\t\t\t\t\t<\/div>\n\t\t\t\t\t\t\t\t\n<style>\n#image_807428780 {\n  width: 100%;\n}\n<\/style>\n\t<\/div>\n\t\n\t<div id=\"gap-115345507\" class=\"gap-element clearfix\" style=\"display:block; height:auto;\">\n\t\t\n<style>\n#gap-115345507 {\n  padding-top: 30px;\n}\n<\/style>\n\t<\/div>\n\t\n<h2 class=\"heading2\">CHORREADO<\/h2>\n<p>En lugar de dedicar un tiempo valioso a eliminar por completo el cromado duro del sustrato mediante chorro de arena, basta con grabar un perfil en la superficie cromada para conseguir la adhesi\u00f3n mec\u00e1nica. El chorreado se consigue ajustando la presi\u00f3n de aire de la cabina de chorreado a 30-40 psi, presi\u00f3n de funcionamiento. Mientras chorrea, mu\u00e9vase r\u00e1pida y uniformemente por la pieza \"mateando\" el acabado cromado. Repita hasta que toda la pieza tenga un perfil grabado uniforme y sin \"puntos brillantes\".<br \/>\nSi el acabado original no es un cromo duro aut\u00e9ntico, sino un cromo decorativo, el chapado se descascarillar\u00e1 y deber\u00e1 eliminarse por completo. Esta misma regla se aplica tambi\u00e9n al anodizado duro, por lo que el chorreado es el m\u00e9todo m\u00e1s eficaz.<\/p>\n<p><strong>El cerakote es tan resistente como el sustrato sobre el que se aplica.<\/strong><\/p>\n<p>Aplicar Cerakote a un acabado que no est\u00e9 bien adherido al metal base har\u00e1 que el Cerakote se desprenda como lo hace el acabado original.<\/p>\n\t\t<\/div>\n\t\t\t\t\t<\/div>\n\n\t\n<\/div>\n\t\t<\/div>\n\n\t\t\n<style>\n#section_1772768308 {\n  padding-top: 30px;\n  padding-bottom: 30px;\n}\n<\/style>\n\t<\/section>","protected":false},"excerpt":{"rendered":"","protected":false},"author":1,"featured_media":0,"parent":3966,"menu_order":0,"comment_status":"closed","ping_status":"closed","template":"","meta":{"_acf_changed":false,"footnotes":""},"class_list":["post-11175","page","type-page","status-publish","hentry"],"yoast_head":"<!-- This site is optimized with the Yoast SEO plugin v26.7 - https:\/\/yoast.com\/wordpress\/plugins\/seo\/ -->\n<title>How to Prep A Chrome Plated Surface - Cerakote South Africa<\/title>\n<meta name=\"robots\" content=\"index, follow, max-snippet:-1, max-image-preview:large, max-video-preview:-1\" \/>\n<link rel=\"canonical\" href=\"https:\/\/www.cerakotesa.com\/es\/knowledge-base\/how-to-prep-a-chrome\/\" \/>\n<meta property=\"og:locale\" content=\"es_ES\" \/>\n<meta property=\"og:type\" content=\"article\" \/>\n<meta property=\"og:title\" content=\"How to Prep A Chrome Plated Surface - Cerakote South Africa\" \/>\n<meta property=\"og:url\" content=\"https:\/\/www.cerakotesa.com\/es\/knowledge-base\/how-to-prep-a-chrome\/\" \/>\n<meta property=\"og:site_name\" content=\"Cerakote South Africa\" \/>\n<meta name=\"twitter:card\" content=\"summary_large_image\" \/>\n<meta name=\"twitter:label1\" content=\"Tiempo de lectura\" \/>\n\t<meta name=\"twitter:data1\" content=\"2 minutos\" \/>\n<script type=\"application\/ld+json\" class=\"yoast-schema-graph\">{\"@context\":\"https:\/\/schema.org\",\"@graph\":[{\"@type\":\"WebPage\",\"@id\":\"https:\/\/www.cerakotesa.com\/knowledge-base\/how-to-prep-a-chrome\/\",\"url\":\"https:\/\/www.cerakotesa.com\/knowledge-base\/how-to-prep-a-chrome\/\",\"name\":\"How to Prep A Chrome Plated Surface - Cerakote South Africa\",\"isPartOf\":{\"@id\":\"https:\/\/www.cerakotesa.com\/#website\"},\"datePublished\":\"2022-08-11T15:09:04+00:00\",\"breadcrumb\":{\"@id\":\"https:\/\/www.cerakotesa.com\/knowledge-base\/how-to-prep-a-chrome\/#breadcrumb\"},\"inLanguage\":\"es\",\"potentialAction\":[{\"@type\":\"ReadAction\",\"target\":[\"https:\/\/www.cerakotesa.com\/knowledge-base\/how-to-prep-a-chrome\/\"]}]},{\"@type\":\"BreadcrumbList\",\"@id\":\"https:\/\/www.cerakotesa.com\/knowledge-base\/how-to-prep-a-chrome\/#breadcrumb\",\"itemListElement\":[{\"@type\":\"ListItem\",\"position\":1,\"name\":\"Home\",\"item\":\"https:\/\/www.cerakotesa.com\/\"},{\"@type\":\"ListItem\",\"position\":2,\"name\":\"Knowledge Base\",\"item\":\"https:\/\/www.cerakotesa.com\/knowledge-base\/\"},{\"@type\":\"ListItem\",\"position\":3,\"name\":\"How to Prep A Chrome Plated Surface\"}]},{\"@type\":\"WebSite\",\"@id\":\"https:\/\/www.cerakotesa.com\/#website\",\"url\":\"https:\/\/www.cerakotesa.com\/\",\"name\":\"Cerakote South Africa\",\"description\":\"Cerakote is a global leader in the manufacturing of thin-film protective ceramic coatings\",\"potentialAction\":[{\"@type\":\"SearchAction\",\"target\":{\"@type\":\"EntryPoint\",\"urlTemplate\":\"https:\/\/www.cerakotesa.com\/?s={search_term_string}\"},\"query-input\":{\"@type\":\"PropertyValueSpecification\",\"valueRequired\":true,\"valueName\":\"search_term_string\"}}],\"inLanguage\":\"es\"}]}<\/script>\n<!-- \/ Yoast SEO plugin. -->","yoast_head_json":{"title":"How to Prep A Chrome Plated Surface - Cerakote South Africa","robots":{"index":"index","follow":"follow","max-snippet":"max-snippet:-1","max-image-preview":"max-image-preview:large","max-video-preview":"max-video-preview:-1"},"canonical":"https:\/\/www.cerakotesa.com\/es\/knowledge-base\/how-to-prep-a-chrome\/","og_locale":"es_ES","og_type":"article","og_title":"How to Prep A Chrome Plated Surface - Cerakote South Africa","og_url":"https:\/\/www.cerakotesa.com\/es\/knowledge-base\/how-to-prep-a-chrome\/","og_site_name":"Cerakote South Africa","twitter_card":"summary_large_image","twitter_misc":{"Tiempo de lectura":"2 minutos"},"schema":{"@context":"https:\/\/schema.org","@graph":[{"@type":"WebPage","@id":"https:\/\/www.cerakotesa.com\/knowledge-base\/how-to-prep-a-chrome\/","url":"https:\/\/www.cerakotesa.com\/knowledge-base\/how-to-prep-a-chrome\/","name":"How to Prep A Chrome Plated Surface - Cerakote South Africa","isPartOf":{"@id":"https:\/\/www.cerakotesa.com\/#website"},"datePublished":"2022-08-11T15:09:04+00:00","breadcrumb":{"@id":"https:\/\/www.cerakotesa.com\/knowledge-base\/how-to-prep-a-chrome\/#breadcrumb"},"inLanguage":"es","potentialAction":[{"@type":"ReadAction","target":["https:\/\/www.cerakotesa.com\/knowledge-base\/how-to-prep-a-chrome\/"]}]},{"@type":"BreadcrumbList","@id":"https:\/\/www.cerakotesa.com\/knowledge-base\/how-to-prep-a-chrome\/#breadcrumb","itemListElement":[{"@type":"ListItem","position":1,"name":"Home","item":"https:\/\/www.cerakotesa.com\/"},{"@type":"ListItem","position":2,"name":"Knowledge Base","item":"https:\/\/www.cerakotesa.com\/knowledge-base\/"},{"@type":"ListItem","position":3,"name":"How to Prep A Chrome Plated Surface"}]},{"@type":"WebSite","@id":"https:\/\/www.cerakotesa.com\/#website","url":"https:\/\/www.cerakotesa.com\/","name":"Cerakote South Africa","description":"Cerakote es l\u00edder mundial en la fabricaci\u00f3n de recubrimientos cer\u00e1micos protectores de capa fina.","potentialAction":[{"@type":"SearchAction","target":{"@type":"EntryPoint","urlTemplate":"https:\/\/www.cerakotesa.com\/?s={search_term_string}"},"query-input":{"@type":"PropertyValueSpecification","valueRequired":true,"valueName":"search_term_string"}}],"inLanguage":"es"}]}},"acf":[],"_links":{"self":[{"href":"https:\/\/www.cerakotesa.com\/es\/wp-json\/wp\/v2\/pages\/11175","targetHints":{"allow":["GET"]}}],"collection":[{"href":"https:\/\/www.cerakotesa.com\/es\/wp-json\/wp\/v2\/pages"}],"about":[{"href":"https:\/\/www.cerakotesa.com\/es\/wp-json\/wp\/v2\/types\/page"}],"author":[{"embeddable":true,"href":"https:\/\/www.cerakotesa.com\/es\/wp-json\/wp\/v2\/users\/1"}],"replies":[{"embeddable":true,"href":"https:\/\/www.cerakotesa.com\/es\/wp-json\/wp\/v2\/comments?post=11175"}],"version-history":[{"count":0,"href":"https:\/\/www.cerakotesa.com\/es\/wp-json\/wp\/v2\/pages\/11175\/revisions"}],"up":[{"embeddable":true,"href":"https:\/\/www.cerakotesa.com\/es\/wp-json\/wp\/v2\/pages\/3966"}],"wp:attachment":[{"href":"https:\/\/www.cerakotesa.com\/es\/wp-json\/wp\/v2\/media?parent=11175"}],"curies":[{"name":"wp","href":"https:\/\/api.w.org\/{rel}","templated":true}]}}