{"id":11181,"date":"2022-08-11T16:13:49","date_gmt":"2022-08-11T15:13:49","guid":{"rendered":"https:\/\/www.cerakote.co.uk\/?page_id=11181"},"modified":"2022-08-11T16:13:49","modified_gmt":"2022-08-11T15:13:49","slug":"how-much-coating","status":"publish","type":"page","link":"https:\/\/www.cerakotesa.com\/es\/knowledge-base\/how-much-coating\/","title":{"rendered":"\u00bfCu\u00e1nto revestimiento necesito para mi proyecto?"},"content":{"rendered":"<section class=\"section\" id=\"section_55347252\">\n\t\t<div class=\"section-bg fill\" >\n\t\t\t\t\t\t\t\t\t\n\t\t\t\n\n\t\t<\/div>\n\n\t\t\n\n\t\t<div class=\"section-content relative\">\n\t\t\t\n<div class=\"row\"  id=\"row-1092731340\">\n\n\t<div id=\"col-635404411\" class=\"col small-12 large-12\"  >\n\t\t\t\t<div class=\"col-inner\"  >\n\t\t\t\n\t\t\t\n<h2>\u00bfCu\u00e1nto revestimiento necesito para mi proyecto?<\/h2>\n<div class=\"articleList article-details\"><\/div>\n<div class=\"form-group col-xs-12 col-sm-12 share articles\"><\/div>\n<h3 class=\"heading2\">C\u00c1LCULO DE LAS CANTIDADES DE REVESTIMIENTO<\/h3>\n<p>Al planificar el revestimiento de cualquier proyecto, es esencial calcular la cantidad de revestimiento necesaria antes de hacer el pedido para no subestimar y quedarse sin \u00e9l. Para determinar la cantidad de revestimiento que debe comprar, localice primero la \"cobertura te\u00f3rica por gal\u00f3n\" de cada revestimiento en nuestro\u00a0<a href=\"https:\/\/www.cerakote.co.uk\/resources\/documents\/\">Fichas t\u00e9cnicas<\/a>. Es importante comprender que no todos los revestimientos tienen la misma densidad y viscosidad ni el mismo espesor de pel\u00edcula recomendado, lo que significa que algunos revestimientos cubrir\u00e1n m\u00e1s superficie que otros. Utilizando el C-102 Graphite Black como ejemplo, podemos desglosar la cobertura te\u00f3rica ya calculada de 677 pies\u00b2\/gal\u00f3n en pies\u00b2\/onza. Hay aproximadamente 128 oz en un gal\u00f3n, por lo tanto, podemos dividir la cobertura te\u00f3rica de C-102 (677 ft\u00b2\/gal\u00f3n) por 128oz para obtener nuestra cobertura por ft\u00b2\/oz.<\/p>\n<p><strong>677 ft\u00b2 \u00f7 128oz = 5.289 ft\u00b2\/oz C-102 tiene una cobertura de 5.3 ft\u00b2\/oz<\/strong><\/p>\n<p>Una vez que conozca la cobertura del revestimiento (pies\u00b2\/onza), mida aproximadamente los metros cuadrados de su proyecto y div\u00eddalos por la cobertura del revestimiento (pies\u00b2\/onza) para determinar el revestimiento necesario.<\/p>\n<p><strong>Proyecto 103 ft\u00b2 \u00f7 5.3 ft\u00b2\/oz = 19.4 oz Cerakote C-102<\/strong><\/p>\n<p>Si tiene alguna pregunta, no dude en enviarnos un correo electr\u00f3nico a\u00a0<a href=\"mailto:technicalsupport@cerakote.com\">technicalsupport@cerakote.co.uk<\/a><br \/>\no ll\u00e1menos al 01284 599003<\/p>\n\t\t<\/div>\n\t\t\t\t\t<\/div>\n\n\t\n<\/div>\n\t\t<\/div>\n\n\t\t\n<style>\n#section_55347252 {\n  padding-top: 30px;\n  padding-bottom: 30px;\n}\n<\/style>\n\t<\/section>","protected":false},"excerpt":{"rendered":"","protected":false},"author":1,"featured_media":0,"parent":3966,"menu_order":0,"comment_status":"closed","ping_status":"closed","template":"","meta":{"_acf_changed":false,"footnotes":""},"class_list":["post-11181","page","type-page","status-publish","hentry"],"yoast_head":"<!-- This site is optimized with the Yoast SEO plugin v26.7 - https:\/\/yoast.com\/wordpress\/plugins\/seo\/ -->\n<title>How Much Coating Do I Need for My Project? - Cerakote South Africa<\/title>\n<meta name=\"robots\" content=\"index, follow, max-snippet:-1, max-image-preview:large, max-video-preview:-1\" \/>\n<link rel=\"canonical\" href=\"https:\/\/www.cerakotesa.com\/es\/knowledge-base\/how-much-coating\/\" \/>\n<meta property=\"og:locale\" content=\"es_ES\" \/>\n<meta property=\"og:type\" content=\"article\" \/>\n<meta property=\"og:title\" content=\"How Much Coating Do I Need for My Project? - Cerakote South Africa\" \/>\n<meta property=\"og:url\" content=\"https:\/\/www.cerakotesa.com\/es\/knowledge-base\/how-much-coating\/\" \/>\n<meta property=\"og:site_name\" content=\"Cerakote South Africa\" \/>\n<meta name=\"twitter:card\" content=\"summary_large_image\" \/>\n<meta name=\"twitter:label1\" content=\"Tiempo de lectura\" \/>\n\t<meta name=\"twitter:data1\" content=\"1 minuto\" \/>\n<script type=\"application\/ld+json\" class=\"yoast-schema-graph\">{\"@context\":\"https:\/\/schema.org\",\"@graph\":[{\"@type\":\"WebPage\",\"@id\":\"https:\/\/www.cerakotesa.com\/knowledge-base\/how-much-coating\/\",\"url\":\"https:\/\/www.cerakotesa.com\/knowledge-base\/how-much-coating\/\",\"name\":\"How Much Coating Do I Need for My Project? - Cerakote South Africa\",\"isPartOf\":{\"@id\":\"https:\/\/www.cerakotesa.com\/#website\"},\"datePublished\":\"2022-08-11T15:13:49+00:00\",\"breadcrumb\":{\"@id\":\"https:\/\/www.cerakotesa.com\/knowledge-base\/how-much-coating\/#breadcrumb\"},\"inLanguage\":\"es\",\"potentialAction\":[{\"@type\":\"ReadAction\",\"target\":[\"https:\/\/www.cerakotesa.com\/knowledge-base\/how-much-coating\/\"]}]},{\"@type\":\"BreadcrumbList\",\"@id\":\"https:\/\/www.cerakotesa.com\/knowledge-base\/how-much-coating\/#breadcrumb\",\"itemListElement\":[{\"@type\":\"ListItem\",\"position\":1,\"name\":\"Home\",\"item\":\"https:\/\/www.cerakotesa.com\/\"},{\"@type\":\"ListItem\",\"position\":2,\"name\":\"Knowledge Base\",\"item\":\"https:\/\/www.cerakotesa.com\/knowledge-base\/\"},{\"@type\":\"ListItem\",\"position\":3,\"name\":\"How Much Coating Do I Need for My Project?\"}]},{\"@type\":\"WebSite\",\"@id\":\"https:\/\/www.cerakotesa.com\/#website\",\"url\":\"https:\/\/www.cerakotesa.com\/\",\"name\":\"Cerakote South Africa\",\"description\":\"Cerakote is a global leader in the manufacturing of thin-film protective ceramic coatings\",\"potentialAction\":[{\"@type\":\"SearchAction\",\"target\":{\"@type\":\"EntryPoint\",\"urlTemplate\":\"https:\/\/www.cerakotesa.com\/?s={search_term_string}\"},\"query-input\":{\"@type\":\"PropertyValueSpecification\",\"valueRequired\":true,\"valueName\":\"search_term_string\"}}],\"inLanguage\":\"es\"}]}<\/script>\n<!-- \/ Yoast SEO plugin. -->","yoast_head_json":{"title":"How Much Coating Do I Need for My Project? - Cerakote South Africa","robots":{"index":"index","follow":"follow","max-snippet":"max-snippet:-1","max-image-preview":"max-image-preview:large","max-video-preview":"max-video-preview:-1"},"canonical":"https:\/\/www.cerakotesa.com\/es\/knowledge-base\/how-much-coating\/","og_locale":"es_ES","og_type":"article","og_title":"How Much Coating Do I Need for My Project? - Cerakote South Africa","og_url":"https:\/\/www.cerakotesa.com\/es\/knowledge-base\/how-much-coating\/","og_site_name":"Cerakote South Africa","twitter_card":"summary_large_image","twitter_misc":{"Tiempo de lectura":"1 minuto"},"schema":{"@context":"https:\/\/schema.org","@graph":[{"@type":"WebPage","@id":"https:\/\/www.cerakotesa.com\/knowledge-base\/how-much-coating\/","url":"https:\/\/www.cerakotesa.com\/knowledge-base\/how-much-coating\/","name":"How Much Coating Do I Need for My Project? - Cerakote South Africa","isPartOf":{"@id":"https:\/\/www.cerakotesa.com\/#website"},"datePublished":"2022-08-11T15:13:49+00:00","breadcrumb":{"@id":"https:\/\/www.cerakotesa.com\/knowledge-base\/how-much-coating\/#breadcrumb"},"inLanguage":"es","potentialAction":[{"@type":"ReadAction","target":["https:\/\/www.cerakotesa.com\/knowledge-base\/how-much-coating\/"]}]},{"@type":"BreadcrumbList","@id":"https:\/\/www.cerakotesa.com\/knowledge-base\/how-much-coating\/#breadcrumb","itemListElement":[{"@type":"ListItem","position":1,"name":"Home","item":"https:\/\/www.cerakotesa.com\/"},{"@type":"ListItem","position":2,"name":"Knowledge Base","item":"https:\/\/www.cerakotesa.com\/knowledge-base\/"},{"@type":"ListItem","position":3,"name":"How Much Coating Do I Need for My Project?"}]},{"@type":"WebSite","@id":"https:\/\/www.cerakotesa.com\/#website","url":"https:\/\/www.cerakotesa.com\/","name":"Cerakote South Africa","description":"Cerakote es l\u00edder mundial en la fabricaci\u00f3n de recubrimientos cer\u00e1micos protectores de capa fina.","potentialAction":[{"@type":"SearchAction","target":{"@type":"EntryPoint","urlTemplate":"https:\/\/www.cerakotesa.com\/?s={search_term_string}"},"query-input":{"@type":"PropertyValueSpecification","valueRequired":true,"valueName":"search_term_string"}}],"inLanguage":"es"}]}},"acf":[],"_links":{"self":[{"href":"https:\/\/www.cerakotesa.com\/es\/wp-json\/wp\/v2\/pages\/11181","targetHints":{"allow":["GET"]}}],"collection":[{"href":"https:\/\/www.cerakotesa.com\/es\/wp-json\/wp\/v2\/pages"}],"about":[{"href":"https:\/\/www.cerakotesa.com\/es\/wp-json\/wp\/v2\/types\/page"}],"author":[{"embeddable":true,"href":"https:\/\/www.cerakotesa.com\/es\/wp-json\/wp\/v2\/users\/1"}],"replies":[{"embeddable":true,"href":"https:\/\/www.cerakotesa.com\/es\/wp-json\/wp\/v2\/comments?post=11181"}],"version-history":[{"count":0,"href":"https:\/\/www.cerakotesa.com\/es\/wp-json\/wp\/v2\/pages\/11181\/revisions"}],"up":[{"embeddable":true,"href":"https:\/\/www.cerakotesa.com\/es\/wp-json\/wp\/v2\/pages\/3966"}],"wp:attachment":[{"href":"https:\/\/www.cerakotesa.com\/es\/wp-json\/wp\/v2\/media?parent=11181"}],"curies":[{"name":"wp","href":"https:\/\/api.w.org\/{rel}","templated":true}]}}