{"id":16565,"date":"2024-01-26T10:24:15","date_gmt":"2024-01-26T10:24:15","guid":{"rendered":"https:\/\/www.cerakotesa.com\/?page_id=16565"},"modified":"2025-02-04T09:50:25","modified_gmt":"2025-02-04T09:50:25","slug":"sweden","status":"publish","type":"page","link":"https:\/\/www.cerakotesa.com\/es\/sweden\/","title":{"rendered":"Cerakote Espa\u00f1a"},"content":{"rendered":"<div class=\"banner has-hover\" id=\"banner-1285623331\">\n          <div class=\"banner-inner fill\">\n        <div class=\"banner-bg fill\" >\n            <img loading=\"lazy\" decoding=\"async\" width=\"1020\" height=\"680\" src=\"https:\/\/www.cerakotesa.com\/wp-content\/uploads\/2024\/01\/swedish-flag-1024x683.jpeg\" class=\"bg attachment-large size-large\" alt=\"\" \/>                                    \n                    <\/div>\n\t\t\n        <div class=\"banner-layers container\">\n            <div class=\"fill banner-link\"><\/div>            \n\n   <div id=\"text-box-534653096\" class=\"text-box banner-layer x50 md-x50 lg-x50 y50 md-y50 lg-y50 res-text\">\n                                <div class=\"text-box-content text box-shadow-3 dark\">\n              \n              <div class=\"text-inner text-center\">\n                  \n\n\t<div id=\"text-3393741610\" class=\"text\">\n\t\t\n\n<h1>Cerakote Suecia<\/h1>\n<p><span style=\"color: #fff;\">Estamos decididos a convertirnos en el distribuidor oficial de Cerakote en Europa, con sede en Cork, Irlanda. Cerakote EU ofrece servicios de consultor\u00eda, asistencia, desarrollo y distribuci\u00f3n a toda la Uni\u00f3n Europea, as\u00ed como la posibilidad de comprar y distribuir Cerakote en Suecia y en otros pa\u00edses europeos.<\/span><\/p>\n\t\t\n<style>\n#text-3393741610 {\n  color: rgb(255, 255, 255);\n}\n#text-3393741610 > * {\n  color: rgb(255, 255, 255);\n}\n<\/style>\n\t<\/div>\n\t\n\n              <\/div>\n           <\/div>\n                            \n<style>\n#text-box-534653096 .text-box-content {\n  background-color: rgba(58, 58, 57, 0.839);\n  border-radius: 10px;\n  font-size: 100%;\n}\n#text-box-534653096 {\n  width: 60%;\n}\n<\/style>\n    <\/div>\n \n\n        <\/div>\n      <\/div>\n\n            \n<style>\n#banner-1285623331 {\n  padding-top: 500px;\n}\n<\/style>\n  <\/div>\n\n\n\n\t<section class=\"section\" id=\"section_853229470\">\n\t\t<div class=\"section-bg fill\" >\n\t\t\t\t\t\t\t\t\t\n\t\t\t\n\n\t\t<\/div>\n\n\t\t\n\n\t\t<div class=\"section-content relative\">\n\t\t\t\n\n<div class=\"row\"  id=\"row-933357029\">\n\n\n\t<div id=\"col-939664678\" class=\"col small-12 large-12\"  >\n\t\t\t\t<div class=\"col-inner\"  >\n\t\t\t\n\t\t\t\n\n\t<div id=\"text-487359417\" class=\"text\">\n\t\t\n\n<h2>Los mejores precios en Espa\u00f1a y Europa en Cerakote EU<\/h2>\n\t\t\n<style>\n#text-487359417 {\n  text-align: center;\n}\n<\/style>\n\t<\/div>\n\t\n\n\t\t<\/div>\n\t\t\t\t\t<\/div>\n\n\t\n\n<\/div>\n<div class=\"row\"  id=\"row-1060186043\">\n\n\n\t<div id=\"col-668673311\" class=\"col medium-5 small-12 large-5\"  >\n\t\t\t\t<div class=\"col-inner\"  >\n\t\t\t\n\t\t\t\n\n\n\t\t<\/div>\n\t\t\t\t\t<\/div>\n\n\t\n\n\t<div id=\"col-731295816\" class=\"col medium-2 small-12 large-2\"  >\n\t\t\t\t<div class=\"col-inner\"  >\n\t\t\t\n\t\t\t\n\n\t<div class=\"img has-hover x md-x lg-x y md-y lg-y\" id=\"image_558310937\">\n\t\t\t\t\t\t\t\t<div class=\"img-inner dark\" >\n\t\t\t<img loading=\"lazy\" decoding=\"async\" width=\"1020\" height=\"849\" src=\"https:\/\/www.cerakotesa.com\/wp-content\/uploads\/2024\/01\/Swedish-flag-round--1024x852.png\" class=\"attachment-large size-large\" alt=\"\" srcset=\"https:\/\/www.cerakotesa.com\/wp-content\/uploads\/2024\/01\/Swedish-flag-round--1024x852.png 1024w, https:\/\/www.cerakotesa.com\/wp-content\/uploads\/2024\/01\/Swedish-flag-round--300x250.png 300w, https:\/\/www.cerakotesa.com\/wp-content\/uploads\/2024\/01\/Swedish-flag-round--768x639.png 768w, https:\/\/www.cerakotesa.com\/wp-content\/uploads\/2024\/01\/Swedish-flag-round--1536x1278.png 1536w, https:\/\/www.cerakotesa.com\/wp-content\/uploads\/2024\/01\/Swedish-flag-round--2048x1704.png 2048w, https:\/\/www.cerakotesa.com\/wp-content\/uploads\/2024\/01\/Swedish-flag-round--14x12.png 14w, https:\/\/www.cerakotesa.com\/wp-content\/uploads\/2024\/01\/Swedish-flag-round--32x27.png 32w, https:\/\/www.cerakotesa.com\/wp-content\/uploads\/2024\/01\/Swedish-flag-round--247x206.png 247w, https:\/\/www.cerakotesa.com\/wp-content\/uploads\/2024\/01\/Swedish-flag-round--510x424.png 510w\" sizes=\"auto, (max-width: 1020px) 100vw, 1020px\" \/>\t\t\t\t\t\t\n\t\t\t\t\t<\/div>\n\t\t\t\t\t\t\t\t\n<style>\n#image_558310937 {\n  width: 100%;\n}\n<\/style>\n\t<\/div>\n\t\n\n\n\t\t<\/div>\n\t\t\t\t\t<\/div>\n\n\t\n\n\t<div id=\"col-2002905567\" class=\"col medium-5 small-12 large-5\"  >\n\t\t\t\t<div class=\"col-inner\"  >\n\t\t\t\n\t\t\t\n\n\n\t\t<\/div>\n\t\t\t\t\t<\/div>\n\n\t\n\n<\/div>\n<div class=\"row\"  id=\"row-1228390381\">\n\n\n\t<div id=\"col-1552673670\" class=\"col medium-4 small-12 large-4\"  >\n\t\t\t\t<div class=\"col-inner\"  >\n\t\t\t\n\t\t\t\n\n\n\t\t<\/div>\n\t\t\t\t\t<\/div>\n\n\t\n\n\t<div id=\"col-1769358541\" class=\"col medium-4 small-12 large-4\"  >\n\t\t\t\t<div class=\"col-inner\"  >\n\t\t\t\n\t\t\t\n\n\t<div id=\"text-2706473059\" class=\"text\">\n\t\t\n\n<p style=\"text-align: center;\">Fraktkostnader till Sverige :<\/p>\n<p style=\"text-align: center;\"><strong><span class=\"woocommerce-Price-currencySymbol\">\u20ac<\/span>8.30<\/strong><\/p>\n\t\t\n<style>\n#text-2706473059 {\n  font-size: 1.3rem;\n}\n<\/style>\n\t<\/div>\n\t\n<div class=\"row\"  id=\"row-1815749410\">\n\n\n\t<div id=\"col-1299869433\" class=\"col medium-2 small-12 large-2\"  >\n\t\t\t\t<div class=\"col-inner\"  >\n\t\t\t\n\t\t\t\n\n\n\t\t<\/div>\n\t\t\t\t\t<\/div>\n\n\t\n\n\t<div id=\"col-260775325\" class=\"col medium-8 small-12 large-8\"  >\n\t\t\t\t<div class=\"col-inner\"  >\n\t\t\t\n\t\t\t\n\n<a href=\"https:\/\/www.cerakotesa.com\/shop-cerakote-coatings\/\" class=\"button primary expand\" >\n\t\t<span>Productos Visa<\/span>\n\t<\/a>\n\n\n\n\t\t<\/div>\n\t\t\t\t\t<\/div>\n\n\t\n\n\t<div id=\"col-1837273475\" class=\"col medium-2 small-12 large-2\"  >\n\t\t\t\t<div class=\"col-inner\"  >\n\t\t\t\n\t\t\t\n\n\n\t\t<\/div>\n\t\t\t\t\t<\/div>\n\n\t\n\n<\/div>\n\n\t\t<\/div>\n\t\t\t\t\t<\/div>\n\n\t\n\n\t<div id=\"col-1810772179\" class=\"col medium-4 small-12 large-4\"  >\n\t\t\t\t<div class=\"col-inner\"  >\n\t\t\t\n\t\t\t\n\n\n\t\t<\/div>\n\t\t\t\t\t<\/div>\n\n\t\n\n<\/div>\n\n\t\t<\/div>\n\n\t\t\n<style>\n#section_853229470 {\n  padding-top: 30px;\n  padding-bottom: 30px;\n}\n<\/style>\n\t<\/section>\n\t\n\n\t<section class=\"section dark\" id=\"section_2022868462\">\n\t\t<div class=\"section-bg fill\" >\n\t\t\t\t\t\t\t\t\t\n\t\t\t\n\n\t\t<\/div>\n\n\t\t\n\n\t\t<div class=\"section-content relative\">\n\t\t\t\n\n<div class=\"row\"  id=\"row-648026092\">\n\n\n\t<div id=\"col-644478360\" class=\"col small-12 large-12\"  >\n\t\t\t\t<div class=\"col-inner\"  >\n\t\t\t\n\t\t\t\n\n\t<div id=\"text-3873666021\" class=\"text\">\n\t\t\n\n<div class=\"caption-inner\">\n<p><span style=\"color: #f69422;\"><strong>\u00a1Ta emot din best\u00e4llning snabbt!<\/span><\/strong> Las mejores ofertas est\u00e1n disponibles en nuestros distribuidores entre las 3 y las 5 de la tarde y entre las 4 y las 7 de la tarde. Vissa avl\u00e4gsna destinationer kan kr\u00e4va ytterligare tid..<\/p>\n<\/div>\n<div class=\"caption-inner\">\n<p><strong><span style=\"color: #f69422;\">\u00bfVarf\u00f6r Cerakote?<\/strong>\u00a0<\/span> Bienvenido a Cerakote, el mayor proveedor de revestimientos cer\u00e1micos. Cerakote es la empresa l\u00edder mundial en tecnolog\u00eda y recubrimientos cer\u00e1micos para pel\u00edculas. Nuestros avanzados recubrimientos se emplean en productos que van desde el indulto hasta la mosca, y desde el instrumento hasta la herramienta. Tack f\u00f6r att v\u00e4ljer Cerakote.<\/p>\n<\/div>\n\t\t\n<style>\n#text-3873666021 {\n  font-size: 1.35rem;\n}\n<\/style>\n\t<\/div>\n\t\n<a href=\"https:\/\/www.cerakotesa.com\/shop-cerakote-coatings\/\" class=\"button primary\" >\n\t\t<span>Productos Visa<\/span>\n\t<\/a>\n\n\n\n\t\t<\/div>\n\t\t\t\t\t<\/div>\n\n\t\n\n<\/div>\n\n\t\t<\/div>\n\n\t\t\n<style>\n#section_2022868462 {\n  padding-top: 30px;\n  padding-bottom: 30px;\n  background-color: rgb(225, 225, 225);\n}\n<\/style>\n\t<\/section>","protected":false},"excerpt":{"rendered":"","protected":false},"author":1,"featured_media":16569,"parent":0,"menu_order":0,"comment_status":"closed","ping_status":"closed","template":"page-blank.php","meta":{"_acf_changed":false,"footnotes":""},"class_list":["post-16565","page","type-page","status-publish","has-post-thumbnail","hentry"],"yoast_head":"<!-- This site is optimized with the Yoast SEO plugin v26.7 - https:\/\/yoast.com\/wordpress\/plugins\/seo\/ -->\n<title>Cerakote Sverige - Cerakote South Africa<\/title>\n<meta name=\"robots\" content=\"index, follow, max-snippet:-1, max-image-preview:large, max-video-preview:-1\" \/>\n<link rel=\"canonical\" href=\"https:\/\/www.cerakotesa.com\/es\/sweden\/\" \/>\n<meta property=\"og:locale\" content=\"es_ES\" \/>\n<meta property=\"og:type\" content=\"article\" \/>\n<meta property=\"og:title\" content=\"Cerakote Sverige - Cerakote South Africa\" \/>\n<meta property=\"og:url\" content=\"https:\/\/www.cerakotesa.com\/es\/sweden\/\" \/>\n<meta property=\"og:site_name\" content=\"Cerakote South Africa\" \/>\n<meta property=\"article:modified_time\" content=\"2025-02-04T09:50:25+00:00\" \/>\n<meta property=\"og:image\" content=\"https:\/\/www.cerakotesa.com\/wp-content\/uploads\/2024\/01\/swedish-flag-scaled.jpeg\" \/>\n\t<meta property=\"og:image:width\" content=\"2560\" \/>\n\t<meta property=\"og:image:height\" content=\"1708\" \/>\n\t<meta property=\"og:image:type\" content=\"image\/jpeg\" \/>\n<meta name=\"twitter:card\" content=\"summary_large_image\" \/>\n<meta name=\"twitter:label1\" content=\"Tiempo de lectura\" \/>\n\t<meta name=\"twitter:data1\" content=\"2 minutos\" \/>\n<script type=\"application\/ld+json\" class=\"yoast-schema-graph\">{\"@context\":\"https:\/\/schema.org\",\"@graph\":[{\"@type\":\"WebPage\",\"@id\":\"https:\/\/www.cerakotesa.com\/sweden\/\",\"url\":\"https:\/\/www.cerakotesa.com\/sweden\/\",\"name\":\"Cerakote Sverige - Cerakote South Africa\",\"isPartOf\":{\"@id\":\"https:\/\/www.cerakotesa.com\/#website\"},\"primaryImageOfPage\":{\"@id\":\"https:\/\/www.cerakotesa.com\/sweden\/#primaryimage\"},\"image\":{\"@id\":\"https:\/\/www.cerakotesa.com\/sweden\/#primaryimage\"},\"thumbnailUrl\":\"https:\/\/www.cerakotesa.com\/wp-content\/uploads\/2024\/01\/swedish-flag-scaled.jpeg\",\"datePublished\":\"2024-01-26T10:24:15+00:00\",\"dateModified\":\"2025-02-04T09:50:25+00:00\",\"breadcrumb\":{\"@id\":\"https:\/\/www.cerakotesa.com\/sweden\/#breadcrumb\"},\"inLanguage\":\"es\",\"potentialAction\":[{\"@type\":\"ReadAction\",\"target\":[\"https:\/\/www.cerakotesa.com\/sweden\/\"]}]},{\"@type\":\"ImageObject\",\"inLanguage\":\"es\",\"@id\":\"https:\/\/www.cerakotesa.com\/sweden\/#primaryimage\",\"url\":\"https:\/\/www.cerakotesa.com\/wp-content\/uploads\/2024\/01\/swedish-flag-scaled.jpeg\",\"contentUrl\":\"https:\/\/www.cerakotesa.com\/wp-content\/uploads\/2024\/01\/swedish-flag-scaled.jpeg\",\"width\":2560,\"height\":1708,\"caption\":\"waving colorful national flag of sweden.\"},{\"@type\":\"BreadcrumbList\",\"@id\":\"https:\/\/www.cerakotesa.com\/sweden\/#breadcrumb\",\"itemListElement\":[{\"@type\":\"ListItem\",\"position\":1,\"name\":\"Home\",\"item\":\"https:\/\/www.cerakotesa.com\/\"},{\"@type\":\"ListItem\",\"position\":2,\"name\":\"Cerakote Sverige\"}]},{\"@type\":\"WebSite\",\"@id\":\"https:\/\/www.cerakotesa.com\/#website\",\"url\":\"https:\/\/www.cerakotesa.com\/\",\"name\":\"Cerakote South Africa\",\"description\":\"Cerakote is a global leader in the manufacturing of thin-film protective ceramic coatings\",\"potentialAction\":[{\"@type\":\"SearchAction\",\"target\":{\"@type\":\"EntryPoint\",\"urlTemplate\":\"https:\/\/www.cerakotesa.com\/?s={search_term_string}\"},\"query-input\":{\"@type\":\"PropertyValueSpecification\",\"valueRequired\":true,\"valueName\":\"search_term_string\"}}],\"inLanguage\":\"es\"}]}<\/script>\n<!-- \/ Yoast SEO plugin. -->","yoast_head_json":{"title":"Cerakote Sverige - Cerakote South Africa","robots":{"index":"index","follow":"follow","max-snippet":"max-snippet:-1","max-image-preview":"max-image-preview:large","max-video-preview":"max-video-preview:-1"},"canonical":"https:\/\/www.cerakotesa.com\/es\/sweden\/","og_locale":"es_ES","og_type":"article","og_title":"Cerakote Sverige - Cerakote South Africa","og_url":"https:\/\/www.cerakotesa.com\/es\/sweden\/","og_site_name":"Cerakote South Africa","article_modified_time":"2025-02-04T09:50:25+00:00","og_image":[{"width":2560,"height":1708,"url":"https:\/\/www.cerakotesa.com\/wp-content\/uploads\/2024\/01\/swedish-flag-scaled.jpeg","type":"image\/jpeg"}],"twitter_card":"summary_large_image","twitter_misc":{"Tiempo de lectura":"2 minutos"},"schema":{"@context":"https:\/\/schema.org","@graph":[{"@type":"WebPage","@id":"https:\/\/www.cerakotesa.com\/sweden\/","url":"https:\/\/www.cerakotesa.com\/sweden\/","name":"Cerakote Sverige - Cerakote South Africa","isPartOf":{"@id":"https:\/\/www.cerakotesa.com\/#website"},"primaryImageOfPage":{"@id":"https:\/\/www.cerakotesa.com\/sweden\/#primaryimage"},"image":{"@id":"https:\/\/www.cerakotesa.com\/sweden\/#primaryimage"},"thumbnailUrl":"https:\/\/www.cerakotesa.com\/wp-content\/uploads\/2024\/01\/swedish-flag-scaled.jpeg","datePublished":"2024-01-26T10:24:15+00:00","dateModified":"2025-02-04T09:50:25+00:00","breadcrumb":{"@id":"https:\/\/www.cerakotesa.com\/sweden\/#breadcrumb"},"inLanguage":"es","potentialAction":[{"@type":"ReadAction","target":["https:\/\/www.cerakotesa.com\/sweden\/"]}]},{"@type":"ImageObject","inLanguage":"es","@id":"https:\/\/www.cerakotesa.com\/sweden\/#primaryimage","url":"https:\/\/www.cerakotesa.com\/wp-content\/uploads\/2024\/01\/swedish-flag-scaled.jpeg","contentUrl":"https:\/\/www.cerakotesa.com\/wp-content\/uploads\/2024\/01\/swedish-flag-scaled.jpeg","width":2560,"height":1708,"caption":"waving colorful national flag of sweden."},{"@type":"BreadcrumbList","@id":"https:\/\/www.cerakotesa.com\/sweden\/#breadcrumb","itemListElement":[{"@type":"ListItem","position":1,"name":"Home","item":"https:\/\/www.cerakotesa.com\/"},{"@type":"ListItem","position":2,"name":"Cerakote Sverige"}]},{"@type":"WebSite","@id":"https:\/\/www.cerakotesa.com\/#website","url":"https:\/\/www.cerakotesa.com\/","name":"Cerakote South Africa","description":"Cerakote es l\u00edder mundial en la fabricaci\u00f3n de recubrimientos cer\u00e1micos protectores de capa fina.","potentialAction":[{"@type":"SearchAction","target":{"@type":"EntryPoint","urlTemplate":"https:\/\/www.cerakotesa.com\/?s={search_term_string}"},"query-input":{"@type":"PropertyValueSpecification","valueRequired":true,"valueName":"search_term_string"}}],"inLanguage":"es"}]}},"acf":[],"_links":{"self":[{"href":"https:\/\/www.cerakotesa.com\/es\/wp-json\/wp\/v2\/pages\/16565","targetHints":{"allow":["GET"]}}],"collection":[{"href":"https:\/\/www.cerakotesa.com\/es\/wp-json\/wp\/v2\/pages"}],"about":[{"href":"https:\/\/www.cerakotesa.com\/es\/wp-json\/wp\/v2\/types\/page"}],"author":[{"embeddable":true,"href":"https:\/\/www.cerakotesa.com\/es\/wp-json\/wp\/v2\/users\/1"}],"replies":[{"embeddable":true,"href":"https:\/\/www.cerakotesa.com\/es\/wp-json\/wp\/v2\/comments?post=16565"}],"version-history":[{"count":0,"href":"https:\/\/www.cerakotesa.com\/es\/wp-json\/wp\/v2\/pages\/16565\/revisions"}],"wp:featuredmedia":[{"embeddable":true,"href":"https:\/\/www.cerakotesa.com\/es\/wp-json\/wp\/v2\/media\/16569"}],"wp:attachment":[{"href":"https:\/\/www.cerakotesa.com\/es\/wp-json\/wp\/v2\/media?parent=16565"}],"curies":[{"name":"wp","href":"https:\/\/api.w.org\/{rel}","templated":true}]}}