{"id":17135,"date":"2024-04-01T15:40:44","date_gmt":"2024-04-01T15:40:44","guid":{"rendered":"https:\/\/www.cerakotesa.com\/?page_id=17135"},"modified":"2024-04-01T16:03:39","modified_gmt":"2024-04-01T16:03:39","slug":"performance-driven-industrial-coating-solutions","status":"publish","type":"page","link":"https:\/\/www.cerakotesa.com\/es\/cerakote-industries\/performance-driven-industrial-coating-solutions\/","title":{"rendered":"Soluciones de recubrimiento industrial orientadas al rendimiento"},"content":{"rendered":"<div class=\"banner has-hover\" id=\"banner-932602636\">\n          <div class=\"banner-inner fill\">\n        <div class=\"banner-bg fill\" >\n            <img loading=\"lazy\" decoding=\"async\" width=\"1020\" height=\"349\" src=\"https:\/\/www.cerakotesa.com\/wp-content\/uploads\/2024\/04\/performance-driven-industrial-coating-solutions-1170x400-header-dt20240110181117482714-1024x350.webp\" class=\"bg attachment-large size-large\" alt=\"\" \/>                        <div class=\"overlay\"><\/div>            \n                    <\/div>\n\t\t\n        <div class=\"banner-layers container\">\n            <div class=\"fill banner-link\"><\/div>            \n\n   <div id=\"text-box-1342891611\" class=\"text-box banner-layer x50 md-x50 lg-x50 y50 md-y50 lg-y50 res-text\">\n                                <div class=\"text-box-content text dark\">\n              \n              <div class=\"text-inner text-center\">\n                  \n\n<h1>SOLUCIONES DE REVESTIMIENTO INDUSTRIAL BASADAS EN EL RENDIMIENTO<\/h1>\n<p class=\"lead\"><span style=\"color:#FFFFFF; font-size: 18px\">El rendimiento de Cerakote no es s\u00f3lo nuestro objetivo: es nuestra garant\u00eda.<\/p>\n\n\n              <\/div>\n           <\/div>\n                            \n<style>\n#text-box-1342891611 .text-box-content {\n  background-color: rgba(0, 0, 0, 0.75);\n  font-size: 100%;\n}\n#text-box-1342891611 {\n  width: 60%;\n}\n<\/style>\n    <\/div>\n \n\n        <\/div>\n      <\/div>\n\n            \n<style>\n#banner-932602636 {\n  padding-top: 500px;\n}\n#banner-932602636 .overlay {\n  background-color: rgba(0, 0, 0, 0.17);\n}\n<\/style>\n  <\/div>\n\n\n\n\t<section class=\"section\" id=\"section_1547461973\">\n\t\t<div class=\"section-bg fill\" >\n\t\t\t\t\t\t\t\t\t\n\t\t\t\n\n\t\t<\/div>\n\n\t\t\n\n\t\t<div class=\"section-content relative\">\n\t\t\t\n\n<div class=\"row\"  id=\"row-139052375\">\n\n\n\t<div id=\"col-1922156356\" class=\"col small-12 large-12\"  >\n\t\t\t\t<div class=\"col-inner\"  >\n\t\t\t\n\t\t\t\n\n<div class=\"row\">\n<p>Entendemos que en la industria de recubrimientos industriales, el rendimiento no es opcional; es una necesidad absoluta. Cerakote se dedica a desarrollar recubrimientos que no s\u00f3lo satisfacen sino que superan las demandas de las aplicaciones m\u00e1s exigentes de su industria.<\/p>\n<\/div>\n<div class=\"row\">\n<h2><span style=\"color: #f69422;\">NUESTRO COMPROMISO CON EL RENDIMIENTO<\/h2>\n<p>Nuestra misi\u00f3n es ofrecer revestimientos industriales que superen constantemente a los de la competencia. Esto es lo que nos diferencia:<\/p>\n<p><strong>Tecnolog\u00eda punta:<\/strong>\u00a0nuestros revestimientos se formulan de forma exclusiva utilizando los \u00faltimos avances en ciencia de materiales cer\u00e1micos y tecnolog\u00eda de pol\u00edmeros. Esto garantiza unas caracter\u00edsticas de rendimiento superiores, como durabilidad, resistencia a la corrosi\u00f3n y longevidad.<\/p>\n<p><strong>Soluciones funcionales:<\/strong>\u00a0Entendemos que cada aplicaci\u00f3n industrial es \u00fanica. Por eso fabricamos revestimientos funcionales adaptados a sus necesidades espec\u00edficas. Tanto si se trata de maquinaria pesada, tuber\u00edas o infraestructuras cr\u00edticas, le tenemos cubierto.<\/p>\n<p><strong>Resultados probados:<\/strong>\u00a0nuestros revestimientos tienen un historial de \u00e9xito en una amplia gama de industrias. Nuestros clientes satisfechos informan sistem\u00e1ticamente del aumento de la vida \u00fatil de los equipos, la reducci\u00f3n de los costes de mantenimiento y la mejora del rendimiento general.<\/p>\n<\/div>\n\n\t<div class=\"img has-hover x md-x lg-x y md-y lg-y\" id=\"image_575732556\">\n\t\t\t\t\t\t\t\t<div class=\"img-inner dark\" >\n\t\t\t<img loading=\"lazy\" decoding=\"async\" width=\"1020\" height=\"349\" src=\"https:\/\/www.cerakotesa.com\/wp-content\/uploads\/2024\/04\/body4-dt20240110181118490379-1024x350.webp\" class=\"attachment-large size-large\" alt=\"\" srcset=\"https:\/\/www.cerakotesa.com\/wp-content\/uploads\/2024\/04\/body4-dt20240110181118490379-1024x350.webp 1024w, https:\/\/www.cerakotesa.com\/wp-content\/uploads\/2024\/04\/body4-dt20240110181118490379-300x103.webp 300w, https:\/\/www.cerakotesa.com\/wp-content\/uploads\/2024\/04\/body4-dt20240110181118490379-768x263.webp 768w, https:\/\/www.cerakotesa.com\/wp-content\/uploads\/2024\/04\/body4-dt20240110181118490379-1536x525.webp 1536w, https:\/\/www.cerakotesa.com\/wp-content\/uploads\/2024\/04\/body4-dt20240110181118490379-18x6.webp 18w, https:\/\/www.cerakotesa.com\/wp-content\/uploads\/2024\/04\/body4-dt20240110181118490379-32x11.webp 32w, https:\/\/www.cerakotesa.com\/wp-content\/uploads\/2024\/04\/body4-dt20240110181118490379-31x11.webp 31w, https:\/\/www.cerakotesa.com\/wp-content\/uploads\/2024\/04\/body4-dt20240110181118490379-247x84.webp 247w, https:\/\/www.cerakotesa.com\/wp-content\/uploads\/2024\/04\/body4-dt20240110181118490379-510x174.webp 510w, https:\/\/www.cerakotesa.com\/wp-content\/uploads\/2024\/04\/body4-dt20240110181118490379.webp 2048w\" sizes=\"auto, (max-width: 1020px) 100vw, 1020px\" \/>\t\t\t\t\t\t\n\t\t\t\t\t<\/div>\n\t\t\t\t\t\t\t\t\n<style>\n#image_575732556 {\n  width: 100%;\n}\n<\/style>\n\t<\/div>\n\t\n\n<h2><span style=\"color: #f69422;\">PRINCIPALES VENTAJAS DE RENDIMIENTO<\/h2>\n\n\n\t\t<\/div>\n\t\t\t\t\t<\/div>\n\n\t\n\n<\/div>\n<div class=\"row\"  id=\"row-829577952\">\n\n\n\t<div id=\"col-1968119224\" class=\"col medium-4 small-12 large-4\"  >\n\t\t\t\t<div class=\"col-inner\"  >\n\t\t\t\n\t\t\t\n\n<h4>DURABILIDAD EXCEPCIONAL<\/h4>\n<p>Nuestros revestimientos industriales est\u00e1n dise\u00f1ados para soportar las condiciones m\u00e1s duras, lo que garantiza una mayor duraci\u00f3n, un mejor impacto y una mayor resistencia a la abrasi\u00f3n.<\/p>\n\n\t\t<\/div>\n\t\t\t\t\t<\/div>\n\n\t\n\n\t<div id=\"col-28939832\" class=\"col medium-4 small-12 large-4\"  >\n\t\t\t\t<div class=\"col-inner\"  >\n\t\t\t\n\t\t\t\n\n<h4>RESISTENCIA A LA CORROSI\u00d3N<\/h4>\n<p>No dejamos que la corrosi\u00f3n se coma sus inversiones. Nuestros revestimientos ofrecen una protecci\u00f3n l\u00edder en el sector contra el \u00f3xido y otros elementos corrosivos.<\/p>\n\n\t\t<\/div>\n\t\t\t\t\t<\/div>\n\n\t\n\n\t<div id=\"col-127130619\" class=\"col medium-4 small-12 large-4\"  >\n\t\t\t\t<div class=\"col-inner\"  >\n\t\t\t\n\t\t\t\n\n<h4>RESISTENCIA QU\u00cdMICA<\/h4>\n<p>Los productos qu\u00edmicos agresivos no son rivales para nuestros revestimientos. Resisten incluso a las sustancias m\u00e1s agresivas, manteniendo a salvo sus activos.<\/p>\n\n\t\t<\/div>\n\t\t\t\t\t<\/div>\n\n\t\n\n<\/div>\n<div class=\"row\"  id=\"row-315112829\">\n\n\n\t<div id=\"col-1946123435\" class=\"col medium-4 small-12 large-4\"  >\n\t\t\t\t<div class=\"col-inner\"  >\n\t\t\t\n\t\t\t\n\n<h4>APLICACI\u00d3N DIRECTA AL SUSTRATO<\/h4>\n<p>Nuestros revestimientos industriales est\u00e1n dise\u00f1ados para soportar las condiciones m\u00e1s duras, garantizando que sus equipos permanezcan protegidos y en funcionamiento durante m\u00e1s tiempo.<\/p>\n\n\t\t<\/div>\n\t\t\t\t\t<\/div>\n\n\t\n\n\t<div id=\"col-841790306\" class=\"col medium-4 small-12 large-4\"  >\n\t\t\t\t<div class=\"col-inner\"  >\n\t\t\t\n\t\t\t\n\n<h4>REVESTIMIENTOS DE PEL\u00cdCULA FINA<\/h4>\n<p>El dise\u00f1o de capa fina de Cerakote permite la m\u00e1xima protecci\u00f3n contra la corrosi\u00f3n en superficies de tolerancia reducida.<\/p>\n\n\t\t<\/div>\n\t\t\t\t\t<\/div>\n\n\t\n\n\t<div id=\"col-921984765\" class=\"col medium-4 small-12 large-4\"  >\n\t\t\t\t<div class=\"col-inner\"  >\n\t\t\t\n\t\t\t\n\n<h4>ESTABILIDAD A ALTAS TEMPERATURAS<\/h4>\n<p>Ya se trate de calor o fr\u00edo extremos, nuestros revestimientos mantienen su integridad, garantizando un rendimiento constante en cualquier entorno.<\/p>\n\n\t\t<\/div>\n\t\t\t\t\t<\/div>\n\n\t\n\n<\/div>\n<div class=\"row\"  id=\"row-1314164419\">\n\n\n\t<div id=\"col-1857833288\" class=\"col medium-4 small-12 large-4\"  >\n\t\t\t\t<div class=\"col-inner\"  >\n\t\t\t\n\t\t\t\n\n<h4>HIDR\u00d3FOBO Y OLE\u00d3FOBO<\/h4>\n<p>Acabados resistentes al agua y al aceite ideales para cualquier superficie de clase A.<\/p>\n\n\t\t<\/div>\n\t\t\t\t\t<\/div>\n\n\t\n\n\t<div id=\"col-803127962\" class=\"col medium-4 small-12 large-4\"  >\n\t\t\t\t<div class=\"col-inner\"  >\n\t\t\t\n\t\t\t\n\n<h4>BAJO COEFICIENTE DE FRICCI\u00d3N<\/h4>\n<p>Recubrimientos deslizantes y antiadherentes que rivalizan con el Teflon\u00ae y otros lubricantes de pel\u00edcula seca, al tiempo que ofrecen una resistencia superior a la corrosi\u00f3n.<\/p>\n\n\t\t<\/div>\n\t\t\t\t\t<\/div>\n\n\t\n\n\t<div id=\"col-869952924\" class=\"col medium-4 small-12 large-4\"  >\n\t\t\t\t<div class=\"col-inner\"  >\n\t\t\t\n\t\t\t\n\n<h4>SOLUCIONES PERSONALIZADAS<\/h4>\n<p>Trabajamos en estrecha colaboraci\u00f3n con usted para comprender sus necesidades espec\u00edficas y ofrecer revestimientos a medida que cumplan sus especificaciones de rendimiento.<\/p>\n\n\t\t<\/div>\n\t\t\t\t\t<\/div>\n\n\t\n\n<\/div>\n<div class=\"row\"  id=\"row-320697705\">\n\n\n\t<div id=\"col-490098181\" class=\"col small-12 large-12\"  >\n\t\t\t\t<div class=\"col-inner\"  >\n\t\t\t\n\t\t\t\n\n\t<div class=\"img has-hover x md-x lg-x y md-y lg-y\" id=\"image_669215167\">\n\t\t\t\t\t\t\t\t<div class=\"img-inner dark\" >\n\t\t\t<img loading=\"lazy\" decoding=\"async\" width=\"1020\" height=\"349\" src=\"https:\/\/www.cerakotesa.com\/wp-content\/uploads\/2024\/04\/oil-gasvalves1170x400-dt20210203184929826-1024x350.webp\" class=\"attachment-large size-large\" alt=\"\" srcset=\"https:\/\/www.cerakotesa.com\/wp-content\/uploads\/2024\/04\/oil-gasvalves1170x400-dt20210203184929826-1024x350.webp 1024w, https:\/\/www.cerakotesa.com\/wp-content\/uploads\/2024\/04\/oil-gasvalves1170x400-dt20210203184929826-300x103.webp 300w, https:\/\/www.cerakotesa.com\/wp-content\/uploads\/2024\/04\/oil-gasvalves1170x400-dt20210203184929826-768x263.webp 768w, https:\/\/www.cerakotesa.com\/wp-content\/uploads\/2024\/04\/oil-gasvalves1170x400-dt20210203184929826-18x6.webp 18w, https:\/\/www.cerakotesa.com\/wp-content\/uploads\/2024\/04\/oil-gasvalves1170x400-dt20210203184929826-32x11.webp 32w, https:\/\/www.cerakotesa.com\/wp-content\/uploads\/2024\/04\/oil-gasvalves1170x400-dt20210203184929826-31x11.webp 31w, https:\/\/www.cerakotesa.com\/wp-content\/uploads\/2024\/04\/oil-gasvalves1170x400-dt20210203184929826-247x84.webp 247w, https:\/\/www.cerakotesa.com\/wp-content\/uploads\/2024\/04\/oil-gasvalves1170x400-dt20210203184929826-510x174.webp 510w, https:\/\/www.cerakotesa.com\/wp-content\/uploads\/2024\/04\/oil-gasvalves1170x400-dt20210203184929826.webp 1170w\" sizes=\"auto, (max-width: 1020px) 100vw, 1020px\" \/>\t\t\t\t\t\t\n\t\t\t\t\t<\/div>\n\t\t\t\t\t\t\t\t\n<style>\n#image_669215167 {\n  width: 100%;\n}\n<\/style>\n\t<\/div>\n\t\n\n\n\t\t<\/div>\n\t\t\t\t\t<\/div>\n\n\t\n\n<\/div>\n<div class=\"row\"  id=\"row-288968552\">\n\n\n\t<div id=\"col-257412842\" class=\"col small-12 large-12\"  >\n\t\t\t\t<div class=\"col-inner\"  >\n\t\t\t\n\t\t\t\n\n<h2><span style=\"color: #f69422;\">CONSIDERACIONES MEDIOAMBIENTALES<\/h2>\n<ul>\n<li><strong>Recubrimientos que cumplen la normativa COV:<\/strong>\u00a0Nuestros revestimientos cumplen la normativa COV en los 50 estados.<\/li>\n<li><strong>Revestimientos conformes con REACH\/RoHS:<\/strong>\u00a0Cerakote cumple las normas reglamentarias para los clientes de la Uni\u00f3n Europea.<\/li>\n<li><strong>Minerales de conflicto:<\/strong>\u00a0No utilizamos \"minerales conflictivos\" en nuestros productos.<\/li>\n<li><strong>Sin plomo ni metales pesados:<\/strong>\u00a0Nuestros revestimientos no contienen metales pesados como plomo, cobalto o cromo hexavalente.<\/li>\n<\/ul>\n\n<div class=\"row\"  id=\"row-1396197917\">\n\n\n\t<div id=\"col-842571915\" class=\"col medium-6 small-12 large-6\"  >\n\t\t\t\t<div class=\"col-inner\"  >\n\t\t\t\n\t\t\t\n\n\t<div class=\"img has-hover x md-x lg-x y md-y lg-y\" id=\"image_1620883350\">\n\t\t\t\t\t\t\t\t<div class=\"img-inner dark\" >\n\t\t\t<img loading=\"lazy\" decoding=\"async\" width=\"530\" height=\"530\" src=\"https:\/\/www.cerakotesa.com\/wp-content\/uploads\/2024\/04\/0000body2-dt20240110181119504986.webp\" class=\"attachment-large size-large\" alt=\"\" srcset=\"https:\/\/www.cerakotesa.com\/wp-content\/uploads\/2024\/04\/0000body2-dt20240110181119504986.webp 530w, https:\/\/www.cerakotesa.com\/wp-content\/uploads\/2024\/04\/0000body2-dt20240110181119504986-300x300.webp 300w, https:\/\/www.cerakotesa.com\/wp-content\/uploads\/2024\/04\/0000body2-dt20240110181119504986-150x150.webp 150w, https:\/\/www.cerakotesa.com\/wp-content\/uploads\/2024\/04\/0000body2-dt20240110181119504986-12x12.webp 12w, https:\/\/www.cerakotesa.com\/wp-content\/uploads\/2024\/04\/0000body2-dt20240110181119504986-32x32.webp 32w, https:\/\/www.cerakotesa.com\/wp-content\/uploads\/2024\/04\/0000body2-dt20240110181119504986-80x80.webp 80w, https:\/\/www.cerakotesa.com\/wp-content\/uploads\/2024\/04\/0000body2-dt20240110181119504986-27x27.webp 27w, https:\/\/www.cerakotesa.com\/wp-content\/uploads\/2024\/04\/0000body2-dt20240110181119504986-247x247.webp 247w, https:\/\/www.cerakotesa.com\/wp-content\/uploads\/2024\/04\/0000body2-dt20240110181119504986-510x510.webp 510w, https:\/\/www.cerakotesa.com\/wp-content\/uploads\/2024\/04\/0000body2-dt20240110181119504986-100x100.webp 100w\" sizes=\"auto, (max-width: 530px) 100vw, 530px\" \/>\t\t\t\t\t\t\n\t\t\t\t\t<\/div>\n\t\t\t\t\t\t\t\t\n<style>\n#image_1620883350 {\n  width: 100%;\n}\n<\/style>\n\t<\/div>\n\t\n\n\n\t\t<\/div>\n\t\t\t\t\t<\/div>\n\n\t\n\n\t<div id=\"col-1887966972\" class=\"col medium-6 small-12 large-6\"  >\n\t\t\t\t<div class=\"col-inner\"  >\n\t\t\t\n\t\t\t\n\n\t<div class=\"img has-hover x md-x lg-x y md-y lg-y\" id=\"image_796833555\">\n\t\t\t\t\t\t\t\t<div class=\"img-inner dark\" >\n\t\t\t<img loading=\"lazy\" decoding=\"async\" width=\"530\" height=\"530\" src=\"https:\/\/www.cerakotesa.com\/wp-content\/uploads\/2024\/04\/0001body1-dt20240110181116800824.webp\" class=\"attachment-large size-large\" alt=\"\" srcset=\"https:\/\/www.cerakotesa.com\/wp-content\/uploads\/2024\/04\/0001body1-dt20240110181116800824.webp 530w, https:\/\/www.cerakotesa.com\/wp-content\/uploads\/2024\/04\/0001body1-dt20240110181116800824-300x300.webp 300w, https:\/\/www.cerakotesa.com\/wp-content\/uploads\/2024\/04\/0001body1-dt20240110181116800824-150x150.webp 150w, https:\/\/www.cerakotesa.com\/wp-content\/uploads\/2024\/04\/0001body1-dt20240110181116800824-12x12.webp 12w, https:\/\/www.cerakotesa.com\/wp-content\/uploads\/2024\/04\/0001body1-dt20240110181116800824-32x32.webp 32w, https:\/\/www.cerakotesa.com\/wp-content\/uploads\/2024\/04\/0001body1-dt20240110181116800824-80x80.webp 80w, https:\/\/www.cerakotesa.com\/wp-content\/uploads\/2024\/04\/0001body1-dt20240110181116800824-27x27.webp 27w, https:\/\/www.cerakotesa.com\/wp-content\/uploads\/2024\/04\/0001body1-dt20240110181116800824-247x247.webp 247w, https:\/\/www.cerakotesa.com\/wp-content\/uploads\/2024\/04\/0001body1-dt20240110181116800824-510x510.webp 510w, https:\/\/www.cerakotesa.com\/wp-content\/uploads\/2024\/04\/0001body1-dt20240110181116800824-100x100.webp 100w\" sizes=\"auto, (max-width: 530px) 100vw, 530px\" \/>\t\t\t\t\t\t\n\t\t\t\t\t<\/div>\n\t\t\t\t\t\t\t\t\n<style>\n#image_796833555 {\n  width: 100%;\n}\n<\/style>\n\t<\/div>\n\t\n\n\n\t\t<\/div>\n\t\t\t\t\t<\/div>\n\n\t\n\n<\/div>\n<div class=\"row\"  id=\"row-2139637011\">\n\n\n\t<div id=\"col-2045335114\" class=\"col small-12 large-12\"  >\n\t\t\t\t<div class=\"col-inner\"  >\n\t\t\t\n\t\t\t\n\n<h2><span style=\"color: #f69422;\">CERAKOTE ES UNA ALTERNATIVA PARA<\/h2>\n\n<div class=\"row\"  id=\"row-100106870\">\n\n\n\t<div id=\"col-1807571208\" class=\"col medium-4 small-12 large-4\"  >\n\t\t\t\t<div class=\"col-inner\"  >\n\t\t\t\n\t\t\t\n\n<ul>\n<li>Anodizado<\/li>\n<li>Conversiones de cromatos<\/li>\n<li>E-Coat<\/li>\n<li>Galvanizaci\u00f3n<\/li>\n<li>Niquelado<\/li>\n<\/ul>\n\n\t\t<\/div>\n\t\t\t\t\t<\/div>\n\n\t\n\n\t<div id=\"col-425378074\" class=\"col medium-4 small-12 large-4\"  >\n\t\t\t\t<div class=\"col-inner\"  >\n\t\t\t\n\t\t\t\n\n<ul>\n<li>Nitruraci\u00f3n<\/li>\n<li>Pintar<\/li>\n<li>Fosfato<\/li>\n<li>Recubrimiento en polvo<\/li>\n<li>PTFE<\/li>\n<\/ul>\n\n\t\t<\/div>\n\t\t\t\t\t<\/div>\n\n\t\n\n\t<div id=\"col-2018905487\" class=\"col medium-4 small-12 large-4\"  >\n\t\t\t\t<div class=\"col-inner\"  >\n\t\t\t\n\t\t\t\n\n<ul>\n<li>PVD<\/li>\n<li>Xylan\u00ae\/Teflon<\/li>\n<li>Cincado<\/li>\n<\/ul>\n\n\t\t<\/div>\n\t\t\t\t\t<\/div>\n\n\t\n\n<\/div>\n<p>Cuando se trata de recubrimientos industriales, sabemos que el rendimiento es importante. Elija Cerakote para obtener recubrimientos que no s\u00f3lo satisfagan, sino que superen, sus expectativas y las de sus clientes. Nuestro compromiso es fabricar soluciones de recubrimientos cer\u00e1micos de la m\u00e1s alta calidad para sus necesidades espec\u00edficas. P\u00f3ngase en contacto con nosotros hoy mismo para saber c\u00f3mo puede ayudarle la ventaja de rendimiento de Cerakote.<\/p>\n<div class=\"video video-fit mb\" style=\"padding-top:56.25%;\"><iframe loading=\"lazy\" title=\"Cerakote vs. Teflon\u00ae y Xylan\u00ae | \u00bfQui\u00e9n acabar\u00e1 fuerte?\" width=\"1020\" height=\"574\" src=\"https:\/\/www.youtube.com\/embed\/AoGdWMDoNGw?feature=oembed\" frameborder=\"0\" allow=\"accelerometer; autoplay; clipboard-write; encrypted-media; gyroscope; picture-in-picture; web-share\" referrerpolicy=\"strict-origin-when-cross-origin\" allowfullscreen><\/iframe><\/div>\n\n<h2><span style=\"color: #f69422;\">P\u00d3NGASE EN CONTACTO CON NOSOTROS<\/span><\/h2>\n<p>\u00bfEst\u00e1 preparado para mejorar la durabilidad, la discreci\u00f3n y la protecci\u00f3n de sus equipos industriales? P\u00f3ngase en contacto hoy mismo con nuestro experimentado equipo. Estamos aqu\u00ed para responder a sus preguntas, ofrecerle asistencia t\u00e9cnica y colaborar con usted para encontrar la soluci\u00f3n de revestimiento perfecta para sus necesidades industriales espec\u00edficas.<\/p>\n<p><strong>P\u00f3ngase en contacto con nosotros hoy mismo:<\/strong> <a href=\"mailto:enquiries@cerakoteeu.com\" target=\"_blank\" rel=\"noopener\">enquiries@cerakoteeu.com<\/a><\/p>\n\n\t\t<\/div>\n\t\t\t\t\t<\/div>\n\n\t\n\n<\/div>\n\n\t\t<\/div>\n\t\t\t\t\t<\/div>\n\n\t\n\n<\/div>\n\n\t\t<\/div>\n\n\t\t\n<style>\n#section_1547461973 {\n  padding-top: 30px;\n  padding-bottom: 30px;\n}\n<\/style>\n\t<\/section>","protected":false},"excerpt":{"rendered":"","protected":false},"author":1,"featured_media":0,"parent":6831,"menu_order":0,"comment_status":"closed","ping_status":"closed","template":"","meta":{"_acf_changed":false,"footnotes":""},"class_list":["post-17135","page","type-page","status-publish","hentry"],"yoast_head":"<!-- This site is optimized with the Yoast SEO plugin v26.7 - https:\/\/yoast.com\/wordpress\/plugins\/seo\/ -->\n<title>Performance Driven Industrial Coating Solutions - Cerakote South Africa<\/title>\n<meta name=\"robots\" content=\"index, follow, max-snippet:-1, max-image-preview:large, max-video-preview:-1\" \/>\n<link rel=\"canonical\" href=\"https:\/\/www.cerakotesa.com\/es\/cerakote-industries\/performance-driven-industrial-coating-solutions\/\" \/>\n<meta property=\"og:locale\" content=\"es_ES\" \/>\n<meta property=\"og:type\" content=\"article\" \/>\n<meta property=\"og:title\" content=\"Performance Driven Industrial Coating Solutions - Cerakote South Africa\" \/>\n<meta property=\"og:url\" content=\"https:\/\/www.cerakotesa.com\/es\/cerakote-industries\/performance-driven-industrial-coating-solutions\/\" \/>\n<meta property=\"og:site_name\" content=\"Cerakote South Africa\" \/>\n<meta property=\"article:modified_time\" content=\"2024-04-01T16:03:39+00:00\" \/>\n<meta name=\"twitter:card\" content=\"summary_large_image\" \/>\n<meta name=\"twitter:label1\" content=\"Tiempo de lectura\" \/>\n\t<meta name=\"twitter:data1\" content=\"3 minutos\" \/>\n<script type=\"application\/ld+json\" class=\"yoast-schema-graph\">{\"@context\":\"https:\/\/schema.org\",\"@graph\":[{\"@type\":\"WebPage\",\"@id\":\"https:\/\/www.cerakotesa.com\/cerakote-industries\/performance-driven-industrial-coating-solutions\/\",\"url\":\"https:\/\/www.cerakotesa.com\/cerakote-industries\/performance-driven-industrial-coating-solutions\/\",\"name\":\"Performance Driven Industrial Coating Solutions - Cerakote South Africa\",\"isPartOf\":{\"@id\":\"https:\/\/www.cerakotesa.com\/#website\"},\"datePublished\":\"2024-04-01T15:40:44+00:00\",\"dateModified\":\"2024-04-01T16:03:39+00:00\",\"breadcrumb\":{\"@id\":\"https:\/\/www.cerakotesa.com\/cerakote-industries\/performance-driven-industrial-coating-solutions\/#breadcrumb\"},\"inLanguage\":\"es\",\"potentialAction\":[{\"@type\":\"ReadAction\",\"target\":[\"https:\/\/www.cerakotesa.com\/cerakote-industries\/performance-driven-industrial-coating-solutions\/\"]}]},{\"@type\":\"BreadcrumbList\",\"@id\":\"https:\/\/www.cerakotesa.com\/cerakote-industries\/performance-driven-industrial-coating-solutions\/#breadcrumb\",\"itemListElement\":[{\"@type\":\"ListItem\",\"position\":1,\"name\":\"Home\",\"item\":\"https:\/\/www.cerakotesa.com\/\"},{\"@type\":\"ListItem\",\"position\":2,\"name\":\"Industries\",\"item\":\"https:\/\/www.cerakotesa.com\/cerakote-industries\/\"},{\"@type\":\"ListItem\",\"position\":3,\"name\":\"Performance Driven Industrial Coating Solutions\"}]},{\"@type\":\"WebSite\",\"@id\":\"https:\/\/www.cerakotesa.com\/#website\",\"url\":\"https:\/\/www.cerakotesa.com\/\",\"name\":\"Cerakote South Africa\",\"description\":\"Cerakote is a global leader in the manufacturing of thin-film protective ceramic coatings\",\"potentialAction\":[{\"@type\":\"SearchAction\",\"target\":{\"@type\":\"EntryPoint\",\"urlTemplate\":\"https:\/\/www.cerakotesa.com\/?s={search_term_string}\"},\"query-input\":{\"@type\":\"PropertyValueSpecification\",\"valueRequired\":true,\"valueName\":\"search_term_string\"}}],\"inLanguage\":\"es\"}]}<\/script>\n<!-- \/ Yoast SEO plugin. -->","yoast_head_json":{"title":"Performance Driven Industrial Coating Solutions - Cerakote South Africa","robots":{"index":"index","follow":"follow","max-snippet":"max-snippet:-1","max-image-preview":"max-image-preview:large","max-video-preview":"max-video-preview:-1"},"canonical":"https:\/\/www.cerakotesa.com\/es\/cerakote-industries\/performance-driven-industrial-coating-solutions\/","og_locale":"es_ES","og_type":"article","og_title":"Performance Driven Industrial Coating Solutions - Cerakote South Africa","og_url":"https:\/\/www.cerakotesa.com\/es\/cerakote-industries\/performance-driven-industrial-coating-solutions\/","og_site_name":"Cerakote South Africa","article_modified_time":"2024-04-01T16:03:39+00:00","twitter_card":"summary_large_image","twitter_misc":{"Tiempo de lectura":"3 minutos"},"schema":{"@context":"https:\/\/schema.org","@graph":[{"@type":"WebPage","@id":"https:\/\/www.cerakotesa.com\/cerakote-industries\/performance-driven-industrial-coating-solutions\/","url":"https:\/\/www.cerakotesa.com\/cerakote-industries\/performance-driven-industrial-coating-solutions\/","name":"Performance Driven Industrial Coating Solutions - Cerakote South Africa","isPartOf":{"@id":"https:\/\/www.cerakotesa.com\/#website"},"datePublished":"2024-04-01T15:40:44+00:00","dateModified":"2024-04-01T16:03:39+00:00","breadcrumb":{"@id":"https:\/\/www.cerakotesa.com\/cerakote-industries\/performance-driven-industrial-coating-solutions\/#breadcrumb"},"inLanguage":"es","potentialAction":[{"@type":"ReadAction","target":["https:\/\/www.cerakotesa.com\/cerakote-industries\/performance-driven-industrial-coating-solutions\/"]}]},{"@type":"BreadcrumbList","@id":"https:\/\/www.cerakotesa.com\/cerakote-industries\/performance-driven-industrial-coating-solutions\/#breadcrumb","itemListElement":[{"@type":"ListItem","position":1,"name":"Home","item":"https:\/\/www.cerakotesa.com\/"},{"@type":"ListItem","position":2,"name":"Industries","item":"https:\/\/www.cerakotesa.com\/cerakote-industries\/"},{"@type":"ListItem","position":3,"name":"Performance Driven Industrial Coating Solutions"}]},{"@type":"WebSite","@id":"https:\/\/www.cerakotesa.com\/#website","url":"https:\/\/www.cerakotesa.com\/","name":"Cerakote South Africa","description":"Cerakote es l\u00edder mundial en la fabricaci\u00f3n de recubrimientos cer\u00e1micos protectores de capa fina.","potentialAction":[{"@type":"SearchAction","target":{"@type":"EntryPoint","urlTemplate":"https:\/\/www.cerakotesa.com\/?s={search_term_string}"},"query-input":{"@type":"PropertyValueSpecification","valueRequired":true,"valueName":"search_term_string"}}],"inLanguage":"es"}]}},"acf":[],"_links":{"self":[{"href":"https:\/\/www.cerakotesa.com\/es\/wp-json\/wp\/v2\/pages\/17135","targetHints":{"allow":["GET"]}}],"collection":[{"href":"https:\/\/www.cerakotesa.com\/es\/wp-json\/wp\/v2\/pages"}],"about":[{"href":"https:\/\/www.cerakotesa.com\/es\/wp-json\/wp\/v2\/types\/page"}],"author":[{"embeddable":true,"href":"https:\/\/www.cerakotesa.com\/es\/wp-json\/wp\/v2\/users\/1"}],"replies":[{"embeddable":true,"href":"https:\/\/www.cerakotesa.com\/es\/wp-json\/wp\/v2\/comments?post=17135"}],"version-history":[{"count":0,"href":"https:\/\/www.cerakotesa.com\/es\/wp-json\/wp\/v2\/pages\/17135\/revisions"}],"up":[{"embeddable":true,"href":"https:\/\/www.cerakotesa.com\/es\/wp-json\/wp\/v2\/pages\/6831"}],"wp:attachment":[{"href":"https:\/\/www.cerakotesa.com\/es\/wp-json\/wp\/v2\/media?parent=17135"}],"curies":[{"name":"wp","href":"https:\/\/api.w.org\/{rel}","templated":true}]}}