{"id":17143,"date":"2024-04-01T15:52:00","date_gmt":"2024-04-01T15:52:00","guid":{"rendered":"https:\/\/www.cerakotesa.com\/?page_id=17143"},"modified":"2024-04-01T16:03:30","modified_gmt":"2024-04-01T16:03:30","slug":"medical-device-coating-solutions","status":"publish","type":"page","link":"https:\/\/www.cerakotesa.com\/es\/cerakote-industries\/medical-device-coating-solutions\/","title":{"rendered":"Soluciones de revestimiento para dispositivos m\u00e9dicos"},"content":{"rendered":"<div class=\"banner has-hover\" id=\"banner-1426666938\">\n          <div class=\"banner-inner fill\">\n        <div class=\"banner-bg fill\" >\n            <img loading=\"lazy\" decoding=\"async\" width=\"1020\" height=\"349\" src=\"https:\/\/www.cerakotesa.com\/wp-content\/uploads\/2024\/04\/01headermicroscope-dt20240119221653970405-1024x350.webp\" class=\"bg attachment-large size-large\" alt=\"\" \/>                        <div class=\"overlay\"><\/div>            \n                    <\/div>\n\t\t\n        <div class=\"banner-layers container\">\n            <div class=\"fill banner-link\"><\/div>            \n\n   <div id=\"text-box-2063558021\" class=\"text-box banner-layer x50 md-x50 lg-x50 y50 md-y50 lg-y50 res-text\">\n                                <div class=\"text-box-content text dark\">\n              \n              <div class=\"text-inner text-center\">\n                  \n\n<h1>SOLUCIONES DE REVESTIMIENTO PARA PRODUCTOS SANITARIOS<\/h1>\n\n              <\/div>\n           <\/div>\n                            \n<style>\n#text-box-2063558021 .text-box-content {\n  background-color: rgba(0, 0, 0, 0.75);\n  font-size: 100%;\n}\n#text-box-2063558021 {\n  width: 60%;\n}\n<\/style>\n    <\/div>\n \n\n        <\/div>\n      <\/div>\n\n              <div class=\"height-fix is-invisible\"><img loading=\"lazy\" decoding=\"async\" width=\"1020\" height=\"349\" src=\"https:\/\/www.cerakotesa.com\/wp-content\/uploads\/2024\/04\/01headermicroscope-dt20240119221653970405-1024x350.webp\" class=\"attachment-large size-large\" alt=\"\" srcset=\"https:\/\/www.cerakotesa.com\/wp-content\/uploads\/2024\/04\/01headermicroscope-dt20240119221653970405-1024x350.webp 1024w, https:\/\/www.cerakotesa.com\/wp-content\/uploads\/2024\/04\/01headermicroscope-dt20240119221653970405-300x103.webp 300w, https:\/\/www.cerakotesa.com\/wp-content\/uploads\/2024\/04\/01headermicroscope-dt20240119221653970405-768x263.webp 768w, https:\/\/www.cerakotesa.com\/wp-content\/uploads\/2024\/04\/01headermicroscope-dt20240119221653970405-18x6.webp 18w, https:\/\/www.cerakotesa.com\/wp-content\/uploads\/2024\/04\/01headermicroscope-dt20240119221653970405-32x11.webp 32w, https:\/\/www.cerakotesa.com\/wp-content\/uploads\/2024\/04\/01headermicroscope-dt20240119221653970405-31x11.webp 31w, https:\/\/www.cerakotesa.com\/wp-content\/uploads\/2024\/04\/01headermicroscope-dt20240119221653970405-247x84.webp 247w, https:\/\/www.cerakotesa.com\/wp-content\/uploads\/2024\/04\/01headermicroscope-dt20240119221653970405-510x174.webp 510w, https:\/\/www.cerakotesa.com\/wp-content\/uploads\/2024\/04\/01headermicroscope-dt20240119221653970405.webp 1170w\" sizes=\"auto, (max-width: 1020px) 100vw, 1020px\" \/><\/div>\n            \n<style>\n#banner-1426666938 .overlay {\n  background-color: rgba(0, 0, 0, 0.17);\n}\n<\/style>\n  <\/div>\n\n\n\n\t<section class=\"section\" id=\"section_1927401117\">\n\t\t<div class=\"section-bg fill\" >\n\t\t\t\t\t\t\t\t\t\n\t\t\t\n\n\t\t<\/div>\n\n\t\t\n\n\t\t<div class=\"section-content relative\">\n\t\t\t\n\n<div class=\"row\"  id=\"row-457682280\">\n\n\n\t<div id=\"col-1653022340\" class=\"col small-12 large-12\"  >\n\t\t\t\t<div class=\"col-inner\"  >\n\t\t\t\n\t\t\t\n\n<p>Cerakote es el fabricante l\u00edder de revestimientos cer\u00e1micos industriales y se dedica a proporcionar soluciones avanzadas de revestimiento para la industria de dispositivos m\u00e9dicos. Entendemos la importancia cr\u00edtica de la precisi\u00f3n, la seguridad y el cumplimiento en este campo. Nuestros recubrimientos est\u00e1n dise\u00f1ados para satisfacer y superar estas exigencias.<\/p>\n\t<div class=\"img has-hover x md-x lg-x y md-y lg-y\" id=\"image_1685843782\">\n\t\t\t\t\t\t\t\t<div class=\"img-inner dark\" >\n\t\t\t<img loading=\"lazy\" decoding=\"async\" width=\"1020\" height=\"349\" src=\"https:\/\/www.cerakotesa.com\/wp-content\/uploads\/2024\/04\/02fullwidthbodyprosthetic-dt20240119221650001449-1024x350.webp\" class=\"attachment-large size-large\" alt=\"\" srcset=\"https:\/\/www.cerakotesa.com\/wp-content\/uploads\/2024\/04\/02fullwidthbodyprosthetic-dt20240119221650001449-1024x350.webp 1024w, https:\/\/www.cerakotesa.com\/wp-content\/uploads\/2024\/04\/02fullwidthbodyprosthetic-dt20240119221650001449-300x103.webp 300w, https:\/\/www.cerakotesa.com\/wp-content\/uploads\/2024\/04\/02fullwidthbodyprosthetic-dt20240119221650001449-768x263.webp 768w, https:\/\/www.cerakotesa.com\/wp-content\/uploads\/2024\/04\/02fullwidthbodyprosthetic-dt20240119221650001449-18x6.webp 18w, https:\/\/www.cerakotesa.com\/wp-content\/uploads\/2024\/04\/02fullwidthbodyprosthetic-dt20240119221650001449-32x11.webp 32w, https:\/\/www.cerakotesa.com\/wp-content\/uploads\/2024\/04\/02fullwidthbodyprosthetic-dt20240119221650001449-31x11.webp 31w, https:\/\/www.cerakotesa.com\/wp-content\/uploads\/2024\/04\/02fullwidthbodyprosthetic-dt20240119221650001449-247x84.webp 247w, https:\/\/www.cerakotesa.com\/wp-content\/uploads\/2024\/04\/02fullwidthbodyprosthetic-dt20240119221650001449-510x174.webp 510w, https:\/\/www.cerakotesa.com\/wp-content\/uploads\/2024\/04\/02fullwidthbodyprosthetic-dt20240119221650001449.webp 1170w\" sizes=\"auto, (max-width: 1020px) 100vw, 1020px\" \/>\t\t\t\t\t\t\n\t\t\t\t\t<\/div>\n\t\t\t\t\t\t\t\t\n<style>\n#image_1685843782 {\n  width: 100%;\n}\n<\/style>\n\t<\/div>\n\t\n\n<h2><span style=\"color: #f69422;\">\u00bfPOR QU\u00c9 ELEGIR REVESTIMIENTOS CERAKOTE PARA PRODUCTOS SANITARIOS?<\/h2>\n<p><strong>Rendimiento excepcional<\/strong><\/p>\n<p>Nuestros revestimientos est\u00e1n dise\u00f1ados para mejorar el rendimiento de los dispositivos m\u00e9dicos, desde instrumentos quir\u00fargicos hasta equipos de diagn\u00f3stico. Centrados en la durabilidad y la fiabilidad, garantizamos que el acabado de sus dispositivos dure todo su ciclo de vida \u00fatil.<\/p>\n<p><strong>Biocompatibilidad<\/strong><\/p>\n<p>En el sector de los dispositivos m\u00e9dicos, la biocompatibilidad no es negociable. Nuestros revestimientos est\u00e1n formulados para cumplir las normas de biocompatibilidad m\u00e1s estrictas, lo que garantiza su uso seguro en contacto con el cuerpo humano.<\/p>\n<ul>\n<li><a href=\"https:\/\/images.nicindustries.com\/cerakote\/documents\/5433\/acute-systemic-toxicity-test-on-cerakote-e-100-elite-blackout-dt20231219000302435653.pdf?_gl=1*k6b8p3*_gcl_au*Mzc2MDg2MTM4LjE3MTEwMjcxNDk.*_ga*MzA1NTg5MjI4LjE3MTEwMjcxNDk.*_ga_KPM5Q2PRTX*MTcxMTk4MjgyNS4zLjEuMTcxMTk4NjA2MS41Ny4wLjA.\" target=\"_blank\" rel=\"noopener\">Ensayo de toxicidad aguda del sistema<\/a><\/li>\n<li><a href=\"https:\/\/images.nicindustries.com\/cerakote\/documents\/5429\/cytotoxicity-mem-elution-test-with-cerakote-blackout-e-100-dt20231218235307294383.pdf\" target=\"_blank\" rel=\"noopener\">Citotoxicidad aguda Ensayo de eluci\u00f3n MEM<\/a><\/li>\n<li><a href=\"https:\/\/images.nicindustries.com\/cerakote\/documents\/5430\/hemolysis-test-on-cerakote-blackout-e-100-dt20231218235348853886.pdf\" target=\"_blank\" rel=\"noopener\">Prueba de hem\u00f3lisis<\/a><\/li>\n<li><a href=\"https:\/\/images.nicindustries.com\/cerakote\/documents\/5431\/intracutaneous-reactivity-test-with-cerakote-elite-blackout-e-100-dt20231218235557858339.pdf\" target=\"_blank\" rel=\"noopener\">Prueba de reactividad intracut\u00e1nea<\/a><\/li>\n<li><a href=\"https:\/\/images.nicindustries.com\/cerakote\/documents\/5435\/pyrogenicity-test-with-cerakote-e-100-elite-blackout-dt20231219194430408436.pdf\" target=\"_blank\" rel=\"noopener\">Prueba de pirogenicidad<\/a><\/li>\n<\/ul>\n<p><strong>Cumplimiento de la normativa<\/strong><\/p>\n<p>Conocemos el complejo y cambiante panorama normativo del sector de los productos sanitarios. Nuestros revestimientos se desarrollan teniendo en cuenta la plena conformidad, lo que le ayuda a cumplir los requisitos normativos con facilidad.<\/p>\n<p><strong>Protecci\u00f3n superior contra la corrosi\u00f3n<\/strong><\/p>\n<p>En el mundo actual, el control de las infecciones es primordial. Nuestros revestimientos pueden incorporar propiedades antimicrobianas, lo que proporciona una capa adicional de protecci\u00f3n contra pat\u00f3genos y contribuye a la seguridad del paciente.<\/p>\n<p><strong>Mayor durabilidad<\/strong><\/p>\n<p>Los dispositivos m\u00e9dicos soportan condiciones rigurosas. Nuestros revestimientos a\u00f1aden una capa adicional de protecci\u00f3n, mejorando la durabilidad de sus dispositivos y reduciendo los costes de mantenimiento y sustituci\u00f3n.<\/p>\n<p><strong>Revestimientos funcionales para la industria de productos sanitarios<\/strong><\/p>\n<p>En Cerakote, ofrecemos una gama de revestimientos adaptados a las necesidades exclusivas del sector de los dispositivos m\u00e9dicos:<\/p>\n<ul>\n<li><strong>Revestimientos antideslumbrantes:<\/strong>\u00a0Mejoran la visibilidad en entornos quir\u00fargicos y equipos de diagn\u00f3stico, aumentando la precisi\u00f3n y reduciendo la fatiga ocular.<\/li>\n<li><strong>Revestimientos hidr\u00f3fobos y ole\u00f3fobos:<\/strong>\u00a0Mantenga sus dispositivos libres de humedad y aceite, garantizando un rendimiento constante en todas las condiciones.<\/li>\n<li><strong>Revestimientos biocompatibles:<\/strong>\u00a0Dise\u00f1adas para cumplir las normas de biocompatibilidad m\u00e1s estrictas, lo que las hace seguras para su uso en dispositivos m\u00e9dicos que entran en contacto con el cuerpo humano.<\/li>\n<li><strong>Revestimientos resistentes a la corrosi\u00f3n:<\/strong>\u00a0Protecci\u00f3n contra entornos agresivos, incluidos la esterilizaci\u00f3n y los limpiadores corrosivos.<\/li>\n<li><strong>Revestimientos protectores duraderos:<\/strong>\u00a0Aumente la vida \u00fatil de sus dispositivos protegi\u00e9ndolos del desgaste, la abrasi\u00f3n y la corrosi\u00f3n.<\/li>\n<\/ul>\n\n\t<div class=\"img has-hover x md-x lg-x y md-y lg-y\" id=\"image_454047276\">\n\t\t\t\t\t\t\t\t<div class=\"img-inner dark\" >\n\t\t\t<img loading=\"lazy\" decoding=\"async\" width=\"1020\" height=\"349\" src=\"https:\/\/www.cerakotesa.com\/wp-content\/uploads\/2024\/04\/03fullwidthbodydragonfly-dt20240119221650928457-1024x350.webp\" class=\"attachment-large size-large\" alt=\"\" srcset=\"https:\/\/www.cerakotesa.com\/wp-content\/uploads\/2024\/04\/03fullwidthbodydragonfly-dt20240119221650928457-1024x350.webp 1024w, https:\/\/www.cerakotesa.com\/wp-content\/uploads\/2024\/04\/03fullwidthbodydragonfly-dt20240119221650928457-300x103.webp 300w, https:\/\/www.cerakotesa.com\/wp-content\/uploads\/2024\/04\/03fullwidthbodydragonfly-dt20240119221650928457-768x263.webp 768w, https:\/\/www.cerakotesa.com\/wp-content\/uploads\/2024\/04\/03fullwidthbodydragonfly-dt20240119221650928457-18x6.webp 18w, https:\/\/www.cerakotesa.com\/wp-content\/uploads\/2024\/04\/03fullwidthbodydragonfly-dt20240119221650928457-32x11.webp 32w, https:\/\/www.cerakotesa.com\/wp-content\/uploads\/2024\/04\/03fullwidthbodydragonfly-dt20240119221650928457-31x11.webp 31w, https:\/\/www.cerakotesa.com\/wp-content\/uploads\/2024\/04\/03fullwidthbodydragonfly-dt20240119221650928457-247x84.webp 247w, https:\/\/www.cerakotesa.com\/wp-content\/uploads\/2024\/04\/03fullwidthbodydragonfly-dt20240119221650928457-510x174.webp 510w, https:\/\/www.cerakotesa.com\/wp-content\/uploads\/2024\/04\/03fullwidthbodydragonfly-dt20240119221650928457.webp 1170w\" sizes=\"auto, (max-width: 1020px) 100vw, 1020px\" \/>\t\t\t\t\t\t\n\t\t\t\t\t<\/div>\n\t\t\t\t\t\t\t\t\n<style>\n#image_454047276 {\n  width: 100%;\n}\n<\/style>\n\t<\/div>\n\t\n\n<h2><span style=\"color: #f69422;\">EXPERIMENTE LA DIFERENCIA CERAKOTE<\/h2>\n<p>Con un legado de innovaci\u00f3n y un compromiso con la excelencia, Cerakote es su socio ideal en la industria de dispositivos m\u00e9dicos. Los principales fabricantes de dispositivos m\u00e9dicos de todo el mundo conf\u00edan en nuestros recubrimientos.<\/p>\n\n<div class=\"row\"  id=\"row-1389382086\">\n\n\n\t<div id=\"col-810741045\" class=\"col medium-6 small-12 large-6\"  >\n\t\t\t\t<div class=\"col-inner\"  >\n\t\t\t\n\t\t\t\n\n\t<div class=\"img has-hover x md-x lg-x y md-y lg-y\" id=\"image_2064179493\">\n\t\t\t\t\t\t\t\t<div class=\"img-inner dark\" >\n\t\t\t<img loading=\"lazy\" decoding=\"async\" width=\"600\" height=\"600\" src=\"https:\/\/www.cerakotesa.com\/wp-content\/uploads\/2024\/04\/04sidebysideleftbabyhelmet-dt20240119221655770357.webp\" class=\"attachment-large size-large\" alt=\"\" srcset=\"https:\/\/www.cerakotesa.com\/wp-content\/uploads\/2024\/04\/04sidebysideleftbabyhelmet-dt20240119221655770357.webp 600w, https:\/\/www.cerakotesa.com\/wp-content\/uploads\/2024\/04\/04sidebysideleftbabyhelmet-dt20240119221655770357-300x300.webp 300w, https:\/\/www.cerakotesa.com\/wp-content\/uploads\/2024\/04\/04sidebysideleftbabyhelmet-dt20240119221655770357-150x150.webp 150w, https:\/\/www.cerakotesa.com\/wp-content\/uploads\/2024\/04\/04sidebysideleftbabyhelmet-dt20240119221655770357-12x12.webp 12w, https:\/\/www.cerakotesa.com\/wp-content\/uploads\/2024\/04\/04sidebysideleftbabyhelmet-dt20240119221655770357-32x32.webp 32w, https:\/\/www.cerakotesa.com\/wp-content\/uploads\/2024\/04\/04sidebysideleftbabyhelmet-dt20240119221655770357-80x80.webp 80w, https:\/\/www.cerakotesa.com\/wp-content\/uploads\/2024\/04\/04sidebysideleftbabyhelmet-dt20240119221655770357-27x27.webp 27w, https:\/\/www.cerakotesa.com\/wp-content\/uploads\/2024\/04\/04sidebysideleftbabyhelmet-dt20240119221655770357-247x247.webp 247w, https:\/\/www.cerakotesa.com\/wp-content\/uploads\/2024\/04\/04sidebysideleftbabyhelmet-dt20240119221655770357-510x510.webp 510w, https:\/\/www.cerakotesa.com\/wp-content\/uploads\/2024\/04\/04sidebysideleftbabyhelmet-dt20240119221655770357-100x100.webp 100w\" sizes=\"auto, (max-width: 600px) 100vw, 600px\" \/>\t\t\t\t\t\t\n\t\t\t\t\t<\/div>\n\t\t\t\t\t\t\t\t\n<style>\n#image_2064179493 {\n  width: 100%;\n}\n<\/style>\n\t<\/div>\n\t\n\n\n\t\t<\/div>\n\t\t\t\t\t<\/div>\n\n\t\n\n\t<div id=\"col-1427540368\" class=\"col medium-6 small-12 large-6\"  >\n\t\t\t\t<div class=\"col-inner\"  >\n\t\t\t\n\t\t\t\n\n\t<div class=\"img has-hover x md-x lg-x y md-y lg-y\" id=\"image_1416092693\">\n\t\t\t\t\t\t\t\t<div class=\"img-inner dark\" >\n\t\t\t<img loading=\"lazy\" decoding=\"async\" width=\"600\" height=\"600\" src=\"https:\/\/www.cerakotesa.com\/wp-content\/uploads\/2024\/04\/05sidebysiderightbabyhelmet-dt20240119221652469441.webp\" class=\"attachment-large size-large\" alt=\"\" srcset=\"https:\/\/www.cerakotesa.com\/wp-content\/uploads\/2024\/04\/05sidebysiderightbabyhelmet-dt20240119221652469441.webp 600w, https:\/\/www.cerakotesa.com\/wp-content\/uploads\/2024\/04\/05sidebysiderightbabyhelmet-dt20240119221652469441-300x300.webp 300w, https:\/\/www.cerakotesa.com\/wp-content\/uploads\/2024\/04\/05sidebysiderightbabyhelmet-dt20240119221652469441-150x150.webp 150w, https:\/\/www.cerakotesa.com\/wp-content\/uploads\/2024\/04\/05sidebysiderightbabyhelmet-dt20240119221652469441-12x12.webp 12w, https:\/\/www.cerakotesa.com\/wp-content\/uploads\/2024\/04\/05sidebysiderightbabyhelmet-dt20240119221652469441-32x32.webp 32w, https:\/\/www.cerakotesa.com\/wp-content\/uploads\/2024\/04\/05sidebysiderightbabyhelmet-dt20240119221652469441-80x80.webp 80w, https:\/\/www.cerakotesa.com\/wp-content\/uploads\/2024\/04\/05sidebysiderightbabyhelmet-dt20240119221652469441-27x27.webp 27w, https:\/\/www.cerakotesa.com\/wp-content\/uploads\/2024\/04\/05sidebysiderightbabyhelmet-dt20240119221652469441-247x247.webp 247w, https:\/\/www.cerakotesa.com\/wp-content\/uploads\/2024\/04\/05sidebysiderightbabyhelmet-dt20240119221652469441-510x510.webp 510w, https:\/\/www.cerakotesa.com\/wp-content\/uploads\/2024\/04\/05sidebysiderightbabyhelmet-dt20240119221652469441-100x100.webp 100w\" sizes=\"auto, (max-width: 600px) 100vw, 600px\" \/>\t\t\t\t\t\t\n\t\t\t\t\t<\/div>\n\t\t\t\t\t\t\t\t\n<style>\n#image_1416092693 {\n  width: 100%;\n}\n<\/style>\n\t<\/div>\n\t\n\n\n\t\t<\/div>\n\t\t\t\t\t<\/div>\n\n\t\n\n<\/div>\n<div class=\"row\"  id=\"row-523129027\">\n\n\n\t<div id=\"col-769595192\" class=\"col small-12 large-12\"  >\n\t\t\t\t<div class=\"col-inner\"  >\n\t\t\t\n\t\t\t\n\n<h2><span style=\"color: #f69422;\">P\u00d3NGASE EN CONTACTO CON NOSOTROS<\/h2>\n<p>\u00bfEst\u00e1 listo para experimentar las ventajas de nuestros revestimientos para dispositivos m\u00e9dicos? P\u00f3ngase en contacto con nuestro equipo especializado hoy mismo. Estamos aqu\u00ed para responder a sus preguntas, ofrecerle asistencia t\u00e9cnica y colaborar con usted para encontrar la soluci\u00f3n de revestimiento perfecta para sus necesidades espec\u00edficas.<\/p>\n<p>Garantice la seguridad, el rendimiento y la conformidad de sus dispositivos m\u00e9dicos con los recubrimientos Cerakote. Conf\u00ede en un socio que entiende los desaf\u00edos \u00fanicos de la industria m\u00e9dica y est\u00e1 dedicado a su \u00e9xito.<\/p>\n<p><strong>P\u00f3ngase en contacto con nosotros hoy mismo:<\/strong> <a href=\"mailto:enquiries@cerakoteeu.com\" target=\"_blank\" rel=\"noopener\">enquiries@cerakoteeu.com<\/a><\/p>\n\n\n\t\t<\/div>\n\t\t\t\t\t<\/div>\n\n\t\n\n<\/div>\n\n\t\t<\/div>\n\t\t\t\t\t<\/div>\n\n\t\n\n<\/div>\n\n\t\t<\/div>\n\n\t\t\n<style>\n#section_1927401117 {\n  padding-top: 30px;\n  padding-bottom: 30px;\n}\n<\/style>\n\t<\/section>","protected":false},"excerpt":{"rendered":"","protected":false},"author":1,"featured_media":0,"parent":6831,"menu_order":0,"comment_status":"closed","ping_status":"closed","template":"","meta":{"_acf_changed":false,"footnotes":""},"class_list":["post-17143","page","type-page","status-publish","hentry"],"yoast_head":"<!-- This site is optimized with the Yoast SEO plugin v26.7 - https:\/\/yoast.com\/wordpress\/plugins\/seo\/ -->\n<title>Medical Device Coating Solutions - Cerakote South Africa<\/title>\n<meta name=\"robots\" content=\"index, follow, max-snippet:-1, max-image-preview:large, max-video-preview:-1\" \/>\n<link rel=\"canonical\" href=\"https:\/\/www.cerakotesa.com\/es\/cerakote-industries\/medical-device-coating-solutions\/\" \/>\n<meta property=\"og:locale\" content=\"es_ES\" \/>\n<meta property=\"og:type\" content=\"article\" \/>\n<meta property=\"og:title\" content=\"Medical Device Coating Solutions - Cerakote South Africa\" \/>\n<meta property=\"og:url\" content=\"https:\/\/www.cerakotesa.com\/es\/cerakote-industries\/medical-device-coating-solutions\/\" \/>\n<meta property=\"og:site_name\" content=\"Cerakote South Africa\" \/>\n<meta property=\"article:modified_time\" content=\"2024-04-01T16:03:30+00:00\" \/>\n<meta name=\"twitter:card\" content=\"summary_large_image\" \/>\n<meta name=\"twitter:label1\" content=\"Tiempo de lectura\" \/>\n\t<meta name=\"twitter:data1\" content=\"3 minutos\" \/>\n<script type=\"application\/ld+json\" class=\"yoast-schema-graph\">{\"@context\":\"https:\/\/schema.org\",\"@graph\":[{\"@type\":\"WebPage\",\"@id\":\"https:\/\/www.cerakotesa.com\/cerakote-industries\/medical-device-coating-solutions\/\",\"url\":\"https:\/\/www.cerakotesa.com\/cerakote-industries\/medical-device-coating-solutions\/\",\"name\":\"Medical Device Coating Solutions - Cerakote South Africa\",\"isPartOf\":{\"@id\":\"https:\/\/www.cerakotesa.com\/#website\"},\"datePublished\":\"2024-04-01T15:52:00+00:00\",\"dateModified\":\"2024-04-01T16:03:30+00:00\",\"breadcrumb\":{\"@id\":\"https:\/\/www.cerakotesa.com\/cerakote-industries\/medical-device-coating-solutions\/#breadcrumb\"},\"inLanguage\":\"es\",\"potentialAction\":[{\"@type\":\"ReadAction\",\"target\":[\"https:\/\/www.cerakotesa.com\/cerakote-industries\/medical-device-coating-solutions\/\"]}]},{\"@type\":\"BreadcrumbList\",\"@id\":\"https:\/\/www.cerakotesa.com\/cerakote-industries\/medical-device-coating-solutions\/#breadcrumb\",\"itemListElement\":[{\"@type\":\"ListItem\",\"position\":1,\"name\":\"Home\",\"item\":\"https:\/\/www.cerakotesa.com\/\"},{\"@type\":\"ListItem\",\"position\":2,\"name\":\"Industries\",\"item\":\"https:\/\/www.cerakotesa.com\/cerakote-industries\/\"},{\"@type\":\"ListItem\",\"position\":3,\"name\":\"Medical Device Coating Solutions\"}]},{\"@type\":\"WebSite\",\"@id\":\"https:\/\/www.cerakotesa.com\/#website\",\"url\":\"https:\/\/www.cerakotesa.com\/\",\"name\":\"Cerakote South Africa\",\"description\":\"Cerakote is a global leader in the manufacturing of thin-film protective ceramic coatings\",\"potentialAction\":[{\"@type\":\"SearchAction\",\"target\":{\"@type\":\"EntryPoint\",\"urlTemplate\":\"https:\/\/www.cerakotesa.com\/?s={search_term_string}\"},\"query-input\":{\"@type\":\"PropertyValueSpecification\",\"valueRequired\":true,\"valueName\":\"search_term_string\"}}],\"inLanguage\":\"es\"}]}<\/script>\n<!-- \/ Yoast SEO plugin. -->","yoast_head_json":{"title":"Medical Device Coating Solutions - Cerakote South Africa","robots":{"index":"index","follow":"follow","max-snippet":"max-snippet:-1","max-image-preview":"max-image-preview:large","max-video-preview":"max-video-preview:-1"},"canonical":"https:\/\/www.cerakotesa.com\/es\/cerakote-industries\/medical-device-coating-solutions\/","og_locale":"es_ES","og_type":"article","og_title":"Medical Device Coating Solutions - Cerakote South Africa","og_url":"https:\/\/www.cerakotesa.com\/es\/cerakote-industries\/medical-device-coating-solutions\/","og_site_name":"Cerakote South Africa","article_modified_time":"2024-04-01T16:03:30+00:00","twitter_card":"summary_large_image","twitter_misc":{"Tiempo de lectura":"3 minutos"},"schema":{"@context":"https:\/\/schema.org","@graph":[{"@type":"WebPage","@id":"https:\/\/www.cerakotesa.com\/cerakote-industries\/medical-device-coating-solutions\/","url":"https:\/\/www.cerakotesa.com\/cerakote-industries\/medical-device-coating-solutions\/","name":"Medical Device Coating Solutions - Cerakote South Africa","isPartOf":{"@id":"https:\/\/www.cerakotesa.com\/#website"},"datePublished":"2024-04-01T15:52:00+00:00","dateModified":"2024-04-01T16:03:30+00:00","breadcrumb":{"@id":"https:\/\/www.cerakotesa.com\/cerakote-industries\/medical-device-coating-solutions\/#breadcrumb"},"inLanguage":"es","potentialAction":[{"@type":"ReadAction","target":["https:\/\/www.cerakotesa.com\/cerakote-industries\/medical-device-coating-solutions\/"]}]},{"@type":"BreadcrumbList","@id":"https:\/\/www.cerakotesa.com\/cerakote-industries\/medical-device-coating-solutions\/#breadcrumb","itemListElement":[{"@type":"ListItem","position":1,"name":"Home","item":"https:\/\/www.cerakotesa.com\/"},{"@type":"ListItem","position":2,"name":"Industries","item":"https:\/\/www.cerakotesa.com\/cerakote-industries\/"},{"@type":"ListItem","position":3,"name":"Medical Device Coating Solutions"}]},{"@type":"WebSite","@id":"https:\/\/www.cerakotesa.com\/#website","url":"https:\/\/www.cerakotesa.com\/","name":"Cerakote South Africa","description":"Cerakote es l\u00edder mundial en la fabricaci\u00f3n de recubrimientos cer\u00e1micos protectores de capa fina.","potentialAction":[{"@type":"SearchAction","target":{"@type":"EntryPoint","urlTemplate":"https:\/\/www.cerakotesa.com\/?s={search_term_string}"},"query-input":{"@type":"PropertyValueSpecification","valueRequired":true,"valueName":"search_term_string"}}],"inLanguage":"es"}]}},"acf":[],"_links":{"self":[{"href":"https:\/\/www.cerakotesa.com\/es\/wp-json\/wp\/v2\/pages\/17143","targetHints":{"allow":["GET"]}}],"collection":[{"href":"https:\/\/www.cerakotesa.com\/es\/wp-json\/wp\/v2\/pages"}],"about":[{"href":"https:\/\/www.cerakotesa.com\/es\/wp-json\/wp\/v2\/types\/page"}],"author":[{"embeddable":true,"href":"https:\/\/www.cerakotesa.com\/es\/wp-json\/wp\/v2\/users\/1"}],"replies":[{"embeddable":true,"href":"https:\/\/www.cerakotesa.com\/es\/wp-json\/wp\/v2\/comments?post=17143"}],"version-history":[{"count":0,"href":"https:\/\/www.cerakotesa.com\/es\/wp-json\/wp\/v2\/pages\/17143\/revisions"}],"up":[{"embeddable":true,"href":"https:\/\/www.cerakotesa.com\/es\/wp-json\/wp\/v2\/pages\/6831"}],"wp:attachment":[{"href":"https:\/\/www.cerakotesa.com\/es\/wp-json\/wp\/v2\/media?parent=17143"}],"curies":[{"name":"wp","href":"https:\/\/api.w.org\/{rel}","templated":true}]}}