{"id":20344,"date":"2025-02-08T13:51:27","date_gmt":"2025-02-08T13:51:27","guid":{"rendered":"https:\/\/www.cerakotesa.com\/?page_id=20344"},"modified":"2025-02-08T13:58:31","modified_gmt":"2025-02-08T13:58:31","slug":"cerakote-portugal","status":"publish","type":"page","link":"https:\/\/www.cerakotesa.com\/es\/cerakote-portugal\/","title":{"rendered":"Cerakote Portugal"},"content":{"rendered":"<div class=\"banner has-hover\" id=\"banner-725119257\">\n          <div class=\"banner-inner fill\">\n        <div class=\"banner-bg fill\" >\n            <img loading=\"lazy\" decoding=\"async\" width=\"1020\" height=\"680\" src=\"https:\/\/www.cerakotesa.com\/wp-content\/uploads\/2025\/02\/AdobeStock_126957017-1024x683.jpeg\" class=\"bg attachment-large size-large\" alt=\"\" \/>                                    \n                    <\/div>\n\t\t\n        <div class=\"banner-layers container\">\n            <div class=\"fill banner-link\"><\/div>            \n\n   <div id=\"text-box-1120471511\" class=\"text-box banner-layer x50 md-x50 lg-x50 y50 md-y50 lg-y50 res-text\">\n                                <div class=\"text-box-content text box-shadow-3 dark\">\n              \n              <div class=\"text-inner text-center\">\n                  \n\n\t<div id=\"text-183006396\" class=\"text\">\n\t\t\n\n<h1>CERAKOTE Portugal<\/h1>\n<p><span style=\"color: #fff;\">Tenemos el privilegio de ser el distribuidor oficial europeo de Cerakote, con sede en Cork, Irlanda. Cerakote EU ofrece servicios de venta, asistencia, formaci\u00f3n y distribuci\u00f3n en toda Europa, haciendo m\u00e1s f\u00e1cil y c\u00f3moda la compra y el uso de Cerakote en Portugal, l\u00edder mundial en revestimientos cer\u00e1micos ultrasubterr\u00e1neos.<\/p>\n\n\t\t\n<style>\n#text-183006396 {\n  color: rgb(255, 255, 255);\n}\n#text-183006396 > * {\n  color: rgb(255, 255, 255);\n}\n<\/style>\n\t<\/div>\n\t\n\n              <\/div>\n           <\/div>\n                            \n<style>\n#text-box-1120471511 .text-box-content {\n  background-color: rgba(58, 58, 57, 0.839);\n  border-radius: 10px;\n  font-size: 100%;\n}\n#text-box-1120471511 {\n  width: 60%;\n}\n<\/style>\n    <\/div>\n \n\n        <\/div>\n      <\/div>\n\n            \n<style>\n#banner-725119257 {\n  padding-top: 500px;\n}\n<\/style>\n  <\/div>\n\n\n\n\t<section class=\"section\" id=\"section_1425776693\">\n\t\t<div class=\"section-bg fill\" >\n\t\t\t\t\t\t\t\t\t\n\t\t\t\n\n\t\t<\/div>\n\n\t\t\n\n\t\t<div class=\"section-content relative\">\n\t\t\t\n\n<div class=\"row\"  id=\"row-2028811090\">\n\n\n\t<div id=\"col-1306339783\" class=\"col small-12 large-12\"  >\n\t\t\t\t<div class=\"col-inner\"  >\n\t\t\t\n\t\t\t\n\n\t<div id=\"text-2665400017\" class=\"text\">\n\t\t\n\n<h2>Los mejores precios en Portugal y Europa en Cerakote EU<\/h2>\n\n\t\t\n<style>\n#text-2665400017 {\n  text-align: center;\n}\n<\/style>\n\t<\/div>\n\t\n\n\t\t<\/div>\n\t\t\t\t\t<\/div>\n\n\t\n\n<\/div>\n<div class=\"row\"  id=\"row-1575211663\">\n\n\n\t<div id=\"col-1991612907\" class=\"col medium-5 small-12 large-5\"  >\n\t\t\t\t<div class=\"col-inner\"  >\n\t\t\t\n\t\t\t\n\n\n\t\t<\/div>\n\t\t\t\t\t<\/div>\n\n\t\n\n\t<div id=\"col-899128178\" class=\"col medium-2 small-12 large-2\"  >\n\t\t\t\t<div class=\"col-inner\"  >\n\t\t\t\n\t\t\t\n\n\t<div class=\"img has-hover x md-x lg-x y md-y lg-y\" id=\"image_1000900762\">\n\t\t\t\t\t\t\t\t<div class=\"img-inner dark\" >\n\t\t\t<img loading=\"lazy\" decoding=\"async\" width=\"1020\" height=\"1020\" src=\"https:\/\/www.cerakotesa.com\/wp-content\/uploads\/2025\/02\/AdobeStock_553566337-1024x1024.png\" class=\"attachment-large size-large\" alt=\"\" srcset=\"https:\/\/www.cerakotesa.com\/wp-content\/uploads\/2025\/02\/AdobeStock_553566337-1024x1024.png 1024w, https:\/\/www.cerakotesa.com\/wp-content\/uploads\/2025\/02\/AdobeStock_553566337-300x300.png 300w, https:\/\/www.cerakotesa.com\/wp-content\/uploads\/2025\/02\/AdobeStock_553566337-150x150.png 150w, https:\/\/www.cerakotesa.com\/wp-content\/uploads\/2025\/02\/AdobeStock_553566337-768x768.png 768w, https:\/\/www.cerakotesa.com\/wp-content\/uploads\/2025\/02\/AdobeStock_553566337-1536x1536.png 1536w, https:\/\/www.cerakotesa.com\/wp-content\/uploads\/2025\/02\/AdobeStock_553566337-2048x2048.png 2048w, https:\/\/www.cerakotesa.com\/wp-content\/uploads\/2025\/02\/AdobeStock_553566337-12x12.png 12w, https:\/\/www.cerakotesa.com\/wp-content\/uploads\/2025\/02\/AdobeStock_553566337-32x32.png 32w, https:\/\/www.cerakotesa.com\/wp-content\/uploads\/2025\/02\/AdobeStock_553566337-80x80.png 80w, https:\/\/www.cerakotesa.com\/wp-content\/uploads\/2025\/02\/AdobeStock_553566337-27x27.png 27w, https:\/\/www.cerakotesa.com\/wp-content\/uploads\/2025\/02\/AdobeStock_553566337-247x247.png 247w, https:\/\/www.cerakotesa.com\/wp-content\/uploads\/2025\/02\/AdobeStock_553566337-510x510.png 510w, https:\/\/www.cerakotesa.com\/wp-content\/uploads\/2025\/02\/AdobeStock_553566337-100x100.png 100w\" sizes=\"auto, (max-width: 1020px) 100vw, 1020px\" \/>\t\t\t\t\t\t\n\t\t\t\t\t<\/div>\n\t\t\t\t\t\t\t\t\n<style>\n#image_1000900762 {\n  width: 100%;\n}\n<\/style>\n\t<\/div>\n\t\n\n\n\t\t<\/div>\n\t\t\t\t\t<\/div>\n\n\t\n\n\t<div id=\"col-1577197410\" class=\"col medium-5 small-12 large-5\"  >\n\t\t\t\t<div class=\"col-inner\"  >\n\t\t\t\n\t\t\t\n\n\n\t\t<\/div>\n\t\t\t\t\t<\/div>\n\n\t\n\n<\/div>\n<div class=\"row\"  id=\"row-2022953747\">\n\n\n\t<div id=\"col-125437493\" class=\"col medium-4 small-12 large-4\"  >\n\t\t\t\t<div class=\"col-inner\"  >\n\t\t\t\n\t\t\t\n\n\n\t\t<\/div>\n\t\t\t\t\t<\/div>\n\n\t\n\n\t<div id=\"col-1826049423\" class=\"col medium-4 small-12 large-4\"  >\n\t\t\t\t<div class=\"col-inner\"  >\n\t\t\t\n\t\t\t\n\n\t<div id=\"text-4120740833\" class=\"text\">\n\t\t\n\n<p style=\"text-align: center;\">Custos de envio para Portugal:<\/p>\n<p style=\"text-align: center;\"><strong><span class=\"woocommerce-Price-currencySymbol\">\u20ac<\/span>7.80<\/strong><\/p>\n\n\t\t\n<style>\n#text-4120740833 {\n  font-size: 1.3rem;\n}\n<\/style>\n\t<\/div>\n\t\n<div class=\"row\"  id=\"row-559347964\">\n\n\n\t<div id=\"col-604180751\" class=\"col medium-2 small-12 large-2\"  >\n\t\t\t\t<div class=\"col-inner\"  >\n\t\t\t\n\t\t\t\n\n\n\t\t<\/div>\n\t\t\t\t\t<\/div>\n\n\t\n\n\t<div id=\"col-1296316776\" class=\"col medium-8 small-12 large-8\"  >\n\t\t\t\t<div class=\"col-inner\"  >\n\t\t\t\n\t\t\t\n\n<a href=\"https:\/\/www.cerakotesa.com\/shop-cerakote-coatings\/\" class=\"button primary expand\" >\n\t\t<span>Comprar ahora<\/span>\n\t<\/a>\n\n\n\n\t\t<\/div>\n\t\t\t\t\t<\/div>\n\n\t\n\n\t<div id=\"col-1601486687\" class=\"col medium-2 small-12 large-2\"  >\n\t\t\t\t<div class=\"col-inner\"  >\n\t\t\t\n\t\t\t\n\n\n\t\t<\/div>\n\t\t\t\t\t<\/div>\n\n\t\n\n<\/div>\n\n\t\t<\/div>\n\t\t\t\t\t<\/div>\n\n\t\n\n\t<div id=\"col-1132749002\" class=\"col medium-4 small-12 large-4\"  >\n\t\t\t\t<div class=\"col-inner\"  >\n\t\t\t\n\t\t\t\n\n\n\t\t<\/div>\n\t\t\t\t\t<\/div>\n\n\t\n\n<\/div>\n\n\t\t<\/div>\n\n\t\t\n<style>\n#section_1425776693 {\n  padding-top: 30px;\n  padding-bottom: 30px;\n}\n<\/style>\n\t<\/section>\n\t\n\n\t<section class=\"section dark\" id=\"section_1961850613\">\n\t\t<div class=\"section-bg fill\" >\n\t\t\t\t\t\t\t\t\t\n\t\t\t\n\n\t\t<\/div>\n\n\t\t\n\n\t\t<div class=\"section-content relative\">\n\t\t\t\n\n<div class=\"row\"  id=\"row-1966074214\">\n\n\n\t<div id=\"col-1291547976\" class=\"col small-12 large-12\"  >\n\t\t\t\t<div class=\"col-inner\"  >\n\t\t\t\n\t\t\t\n\n\t<div id=\"text-3606851458\" class=\"text\">\n\t\t\n\n<div class=\"caption-inner\">\n<p><span style=\"color: #f69422;\"><strong>\u00a1Haga su pedido r\u00e1pidamente!<\/span><\/strong> Los pedidos se env\u00edan a nuestro distribuidor en un plazo de 3 a 5 d\u00edas h\u00e1biles y se reciben generalmente en un plazo de 4 a 7 d\u00edas h\u00e1biles. Algunos destinos remotos pueden requerir plazos de entrega adicionales.<\/p>\n<\/div>\n<div class=\"caption-inner\">\n<p><strong><span style=\"color: #f69422;\">\u00bfPerch\u00e9 Cerakote?  <\/strong>\u00a0<\/span> Bienvenido al \u00fanico fabricante de revestimientos cer\u00e1micos Cerakote. Cerakote es el principal fabricante mundial de revestimientos cer\u00e1micos de alta tecnolog\u00eda para pel\u00edculas finas. Nuestros avanzados revestimientos se utilizan en industrias que van desde la automoci\u00f3n a la aeroespacial, pasando por la de consumo y la de radiodifusi\u00f3n. Gracias por elegir Cerakote.<\/p>\n<\/div>\n\n\t\t\n<style>\n#text-3606851458 {\n  font-size: 1.35rem;\n}\n<\/style>\n\t<\/div>\n\t\n<a href=\"https:\/\/www.cerakotesa.com\/shop-cerakote-coatings\/\" class=\"button primary\" >\n\t\t<span>Comprar ahora<\/span>\n\t<\/a>\n\n\n\n\t\t<\/div>\n\t\t\t\t\t<\/div>\n\n\t\n\n<\/div>\n\n\t\t<\/div>\n\n\t\t\n<style>\n#section_1961850613 {\n  padding-top: 30px;\n  padding-bottom: 30px;\n  background-color: rgb(225, 225, 225);\n}\n<\/style>\n\t<\/section>","protected":false},"excerpt":{"rendered":"","protected":false},"author":1,"featured_media":0,"parent":0,"menu_order":0,"comment_status":"closed","ping_status":"closed","template":"page-blank.php","meta":{"_acf_changed":false,"footnotes":""},"class_list":["post-20344","page","type-page","status-publish","hentry"],"yoast_head":"<!-- This site is optimized with the Yoast SEO plugin v26.7 - https:\/\/yoast.com\/wordpress\/plugins\/seo\/ -->\n<title>Cerakote Portugal - Cerakote South Africa<\/title>\n<meta name=\"robots\" content=\"index, follow, max-snippet:-1, max-image-preview:large, max-video-preview:-1\" \/>\n<link rel=\"canonical\" href=\"https:\/\/www.cerakotesa.com\/es\/cerakote-portugal\/\" \/>\n<meta property=\"og:locale\" content=\"es_ES\" \/>\n<meta property=\"og:type\" content=\"article\" \/>\n<meta property=\"og:title\" content=\"Cerakote Portugal - Cerakote South Africa\" \/>\n<meta property=\"og:url\" content=\"https:\/\/www.cerakotesa.com\/es\/cerakote-portugal\/\" \/>\n<meta property=\"og:site_name\" content=\"Cerakote South Africa\" \/>\n<meta property=\"article:modified_time\" content=\"2025-02-08T13:58:31+00:00\" \/>\n<meta name=\"twitter:card\" content=\"summary_large_image\" \/>\n<script type=\"application\/ld+json\" class=\"yoast-schema-graph\">{\"@context\":\"https:\/\/schema.org\",\"@graph\":[{\"@type\":\"WebPage\",\"@id\":\"https:\/\/www.cerakotesa.com\/cerakote-portugal\/\",\"url\":\"https:\/\/www.cerakotesa.com\/cerakote-portugal\/\",\"name\":\"Cerakote Portugal - Cerakote South Africa\",\"isPartOf\":{\"@id\":\"https:\/\/www.cerakotesa.com\/#website\"},\"datePublished\":\"2025-02-08T13:51:27+00:00\",\"dateModified\":\"2025-02-08T13:58:31+00:00\",\"breadcrumb\":{\"@id\":\"https:\/\/www.cerakotesa.com\/cerakote-portugal\/#breadcrumb\"},\"inLanguage\":\"es\",\"potentialAction\":[{\"@type\":\"ReadAction\",\"target\":[\"https:\/\/www.cerakotesa.com\/cerakote-portugal\/\"]}]},{\"@type\":\"BreadcrumbList\",\"@id\":\"https:\/\/www.cerakotesa.com\/cerakote-portugal\/#breadcrumb\",\"itemListElement\":[{\"@type\":\"ListItem\",\"position\":1,\"name\":\"Home\",\"item\":\"https:\/\/www.cerakotesa.com\/\"},{\"@type\":\"ListItem\",\"position\":2,\"name\":\"Cerakote Portugal\"}]},{\"@type\":\"WebSite\",\"@id\":\"https:\/\/www.cerakotesa.com\/#website\",\"url\":\"https:\/\/www.cerakotesa.com\/\",\"name\":\"Cerakote South Africa\",\"description\":\"Cerakote is a global leader in the manufacturing of thin-film protective ceramic coatings\",\"potentialAction\":[{\"@type\":\"SearchAction\",\"target\":{\"@type\":\"EntryPoint\",\"urlTemplate\":\"https:\/\/www.cerakotesa.com\/?s={search_term_string}\"},\"query-input\":{\"@type\":\"PropertyValueSpecification\",\"valueRequired\":true,\"valueName\":\"search_term_string\"}}],\"inLanguage\":\"es\"}]}<\/script>\n<!-- \/ Yoast SEO plugin. -->","yoast_head_json":{"title":"Cerakote Portugal - Cerakote South Africa","robots":{"index":"index","follow":"follow","max-snippet":"max-snippet:-1","max-image-preview":"max-image-preview:large","max-video-preview":"max-video-preview:-1"},"canonical":"https:\/\/www.cerakotesa.com\/es\/cerakote-portugal\/","og_locale":"es_ES","og_type":"article","og_title":"Cerakote Portugal - Cerakote South Africa","og_url":"https:\/\/www.cerakotesa.com\/es\/cerakote-portugal\/","og_site_name":"Cerakote South Africa","article_modified_time":"2025-02-08T13:58:31+00:00","twitter_card":"summary_large_image","schema":{"@context":"https:\/\/schema.org","@graph":[{"@type":"WebPage","@id":"https:\/\/www.cerakotesa.com\/cerakote-portugal\/","url":"https:\/\/www.cerakotesa.com\/cerakote-portugal\/","name":"Cerakote Portugal - Cerakote South Africa","isPartOf":{"@id":"https:\/\/www.cerakotesa.com\/#website"},"datePublished":"2025-02-08T13:51:27+00:00","dateModified":"2025-02-08T13:58:31+00:00","breadcrumb":{"@id":"https:\/\/www.cerakotesa.com\/cerakote-portugal\/#breadcrumb"},"inLanguage":"es","potentialAction":[{"@type":"ReadAction","target":["https:\/\/www.cerakotesa.com\/cerakote-portugal\/"]}]},{"@type":"BreadcrumbList","@id":"https:\/\/www.cerakotesa.com\/cerakote-portugal\/#breadcrumb","itemListElement":[{"@type":"ListItem","position":1,"name":"Home","item":"https:\/\/www.cerakotesa.com\/"},{"@type":"ListItem","position":2,"name":"Cerakote Portugal"}]},{"@type":"WebSite","@id":"https:\/\/www.cerakotesa.com\/#website","url":"https:\/\/www.cerakotesa.com\/","name":"Cerakote South Africa","description":"Cerakote es l\u00edder mundial en la fabricaci\u00f3n de recubrimientos cer\u00e1micos protectores de capa fina.","potentialAction":[{"@type":"SearchAction","target":{"@type":"EntryPoint","urlTemplate":"https:\/\/www.cerakotesa.com\/?s={search_term_string}"},"query-input":{"@type":"PropertyValueSpecification","valueRequired":true,"valueName":"search_term_string"}}],"inLanguage":"es"}]}},"acf":[],"_links":{"self":[{"href":"https:\/\/www.cerakotesa.com\/es\/wp-json\/wp\/v2\/pages\/20344","targetHints":{"allow":["GET"]}}],"collection":[{"href":"https:\/\/www.cerakotesa.com\/es\/wp-json\/wp\/v2\/pages"}],"about":[{"href":"https:\/\/www.cerakotesa.com\/es\/wp-json\/wp\/v2\/types\/page"}],"author":[{"embeddable":true,"href":"https:\/\/www.cerakotesa.com\/es\/wp-json\/wp\/v2\/users\/1"}],"replies":[{"embeddable":true,"href":"https:\/\/www.cerakotesa.com\/es\/wp-json\/wp\/v2\/comments?post=20344"}],"version-history":[{"count":0,"href":"https:\/\/www.cerakotesa.com\/es\/wp-json\/wp\/v2\/pages\/20344\/revisions"}],"wp:attachment":[{"href":"https:\/\/www.cerakotesa.com\/es\/wp-json\/wp\/v2\/media?parent=20344"}],"curies":[{"name":"wp","href":"https:\/\/api.w.org\/{rel}","templated":true}]}}