{"id":22082,"date":"2025-05-22T13:51:10","date_gmt":"2025-05-22T13:51:10","guid":{"rendered":"https:\/\/www.cerakotesa.com\/?page_id=22082"},"modified":"2025-05-26T11:46:04","modified_gmt":"2025-05-26T11:46:04","slug":"material-compatibility","status":"publish","type":"page","link":"https:\/\/www.cerakotesa.com\/es\/material-compatibility\/","title":{"rendered":"Compatibilidad de materiales CERAKOTE"},"content":{"rendered":"<section class=\"section\" id=\"section_333027355\">\n\t\t<div class=\"section-bg fill\" >\n\t\t\t\t\t\t\t\t\t\n\t\t\t\n\n\t\t<\/div>\n\n\t\t\n\n\t\t<div class=\"section-content relative\">\n\t\t\t\n\n<div class=\"row\"  id=\"row-1961116903\">\n\n\n\t<div id=\"col-552222686\" class=\"col small-12 large-12\"  >\n\t\t\t\t<div class=\"col-inner\"  >\n\t\t\t\n\t\t\t\n\n\n  <div class=\"banner has-hover\" id=\"banner-280486688\">\n          <div class=\"banner-inner fill\">\n        <div class=\"banner-bg fill\" >\n            <img loading=\"lazy\" decoding=\"async\" width=\"1020\" height=\"349\" src=\"https:\/\/www.cerakotesa.com\/wp-content\/uploads\/2025\/05\/01cerakoteforcompositematerialsheader1170x400-dt20250430224035746172-1024x350.jpg\" class=\"bg attachment-large size-large\" alt=\"\" \/>                                    \n                    <\/div>\n\t\t\n        <div class=\"banner-layers container\">\n            <div class=\"fill banner-link\"><\/div>            \n\n   <div id=\"text-box-959592057\" class=\"text-box banner-layer x50 md-x50 lg-x50 y50 md-y50 lg-y50 res-text\">\n                                <div class=\"text-box-content text dark\">\n              \n              <div class=\"text-inner text-center\">\n                  \n\n\t<div id=\"text-829844697\" class=\"text\">\n\t\t\n\n<h1>Compatibilidad de materiales CERAKOTE<\/h1>\n\t\t\n<style>\n#text-829844697 {\n  font-size: 1.8rem;\n}\n<\/style>\n\t<\/div>\n\t\n\t<div id=\"text-2602474235\" class=\"text\">\n\t\t\n\n<p><span style=\"color: white;\"><a href=\"#composite\">Materiales compuestos<\/a><br \/><a href=\"#magnesium\">Magnesio<\/a><br \/><a href=\"#titanium\">Titanium<\/a><\/span><\/p>\n\t\t\n<style>\n#text-2602474235 {\n  color: rgb(255,255,255);\n}\n#text-2602474235 > * {\n  color: rgb(255,255,255);\n}\n<\/style>\n\t<\/div>\n\t\n\n              <\/div>\n           <\/div>\n                            \n<style>\n#text-box-959592057 {\n  margin: 0px 0px 0px 0px;\n  width: 90%;\n}\n#text-box-959592057 .text-box-content {\n  background-color: rgba(0, 0, 0, 0.75);\n  font-size: 100%;\n}\n#text-box-959592057 .text-inner {\n  padding: 19px 0px 15px 0px;\n}\n@media (min-width:550px) {\n  #text-box-959592057 .text-inner {\n    padding: 15px 0px 15px 0px;\n  }\n  #text-box-959592057 {\n    width: 60%;\n  }\n}\n<\/style>\n    <\/div>\n \n\n        <\/div>\n      <\/div>\n\n            \n<style>\n#banner-280486688 {\n  padding-top: 500px;\n}\n<\/style>\n  <\/div>\n\n\n<div class=\"row\"  id=\"row-1021440976\">\n\n\n\t<div id=\"col-1635044150\" class=\"col medium-6 small-12 large-6\"  >\n\t\t\t\t<div class=\"col-inner\"  >\n\t\t\t\n\t\t\t\n\n<span class=\"scroll-to\" data-label=\"Scroll to: #composite\" data-bullet=\"true\" data-link=\"#composite\" data-title=\"Composite\"><a name=\"composite\"><\/a><\/span>\n\n\t<div id=\"text-4168458106\" class=\"text composite\">\n\t\t\n\n<h2>Cerakote para materiales compuestos<\/h2>\n<p><strong>Protecci\u00f3n y rendimiento avanzados<\/strong><\/p>\n<p>Los materiales compuestos se utilizan ampliamente en aplicaciones aeroespaciales, automovil\u00edsticas, deportivas e industriales debido a su ligereza, resistencia a la corrosi\u00f3n y versatilidad. Sin embargo, los materiales compuestos pueden sufrir desgaste, degradaci\u00f3n por rayos UV, exposici\u00f3n a productos qu\u00edmicos y da\u00f1os por impacto.<\/p>\n<p>Ah\u00ed es donde entran en juego los recubrimientos cer\u00e1micos de Cerakote, l\u00edderes del sector, que ofrecen una durabilidad, protecci\u00f3n y est\u00e9tica excepcionales para los materiales compuestos.<\/p>\n\t\t\n<style>\n#text-4168458106 {\n  font-size: 0.85rem;\n}\n<\/style>\n\t<\/div>\n\t\n<a href=\"https:\/\/www.cerakotesa.com\/composite-materials\/\" class=\"button primary\" >\n\t\t<span>Seguir leyendo<\/span>\n\t<\/a>\n\n\n\n\t\t<\/div>\n\t\t\t\t\t<\/div>\n\n\t\n\n\t<div id=\"col-647896056\" class=\"col medium-6 small-12 large-6\"  >\n\t\t\t\t<div class=\"col-inner\"  >\n\t\t\t\n\t\t\t\n\n\t<div class=\"img has-hover x md-x lg-x y md-y lg-y\" id=\"image_1570277336\">\n\t\t\t\t\t\t\t\t<div class=\"img-inner dark\" >\n\t\t\t<img loading=\"lazy\" decoding=\"async\" width=\"530\" height=\"350\" src=\"https:\/\/www.cerakotesa.com\/wp-content\/uploads\/2025\/05\/00cerakoteforcompositematerialsleadin530x350-dt20250430202854237334.webp\" class=\"attachment-large size-large\" alt=\"\" srcset=\"https:\/\/www.cerakotesa.com\/wp-content\/uploads\/2025\/05\/00cerakoteforcompositematerialsleadin530x350-dt20250430202854237334.webp 530w, https:\/\/www.cerakotesa.com\/wp-content\/uploads\/2025\/05\/00cerakoteforcompositematerialsleadin530x350-dt20250430202854237334-300x198.webp 300w, https:\/\/www.cerakotesa.com\/wp-content\/uploads\/2025\/05\/00cerakoteforcompositematerialsleadin530x350-dt20250430202854237334-18x12.webp 18w, https:\/\/www.cerakotesa.com\/wp-content\/uploads\/2025\/05\/00cerakoteforcompositematerialsleadin530x350-dt20250430202854237334-32x21.webp 32w, https:\/\/www.cerakotesa.com\/wp-content\/uploads\/2025\/05\/00cerakoteforcompositematerialsleadin530x350-dt20250430202854237334-31x20.webp 31w, https:\/\/www.cerakotesa.com\/wp-content\/uploads\/2025\/05\/00cerakoteforcompositematerialsleadin530x350-dt20250430202854237334-247x163.webp 247w, https:\/\/www.cerakotesa.com\/wp-content\/uploads\/2025\/05\/00cerakoteforcompositematerialsleadin530x350-dt20250430202854237334-510x337.webp 510w\" sizes=\"auto, (max-width: 530px) 100vw, 530px\" \/>\t\t\t\t\t\t\n\t\t\t\t\t<\/div>\n\t\t\t\t\t\t\t\t\n<style>\n#image_1570277336 {\n  width: 100%;\n}\n<\/style>\n\t<\/div>\n\t\n\n\n\t\t<\/div>\n\t\t\t\t\t<\/div>\n\n\t\n\n<\/div>\n<div class=\"row\"  id=\"row-881574576\">\n\n\n\t<div id=\"col-556285228\" class=\"col medium-6 small-12 large-6\"  >\n\t\t\t\t<div class=\"col-inner\"  >\n\t\t\t\n\t\t\t\n\n\t<div class=\"img has-hover x md-x lg-x y md-y lg-y\" id=\"image_570641485\">\n\t\t\t\t\t\t\t\t<div class=\"img-inner dark\" >\n\t\t\t<img loading=\"lazy\" decoding=\"async\" width=\"530\" height=\"350\" src=\"https:\/\/www.cerakotesa.com\/wp-content\/uploads\/2025\/05\/00cerakoteformagensiumleadin530x350-dt20250430202855207564.avif\" class=\"attachment-large size-large\" alt=\"\" srcset=\"https:\/\/www.cerakotesa.com\/wp-content\/uploads\/2025\/05\/00cerakoteformagensiumleadin530x350-dt20250430202855207564.avif 530w, https:\/\/www.cerakotesa.com\/wp-content\/uploads\/2025\/05\/00cerakoteformagensiumleadin530x350-dt20250430202855207564-300x198.jpg 300w, https:\/\/www.cerakotesa.com\/wp-content\/uploads\/2025\/05\/00cerakoteformagensiumleadin530x350-dt20250430202855207564-18x12.jpg 18w, https:\/\/www.cerakotesa.com\/wp-content\/uploads\/2025\/05\/00cerakoteformagensiumleadin530x350-dt20250430202855207564-32x21.jpg 32w, https:\/\/www.cerakotesa.com\/wp-content\/uploads\/2025\/05\/00cerakoteformagensiumleadin530x350-dt20250430202855207564-31x20.jpg 31w, https:\/\/www.cerakotesa.com\/wp-content\/uploads\/2025\/05\/00cerakoteformagensiumleadin530x350-dt20250430202855207564-247x163.jpg 247w, https:\/\/www.cerakotesa.com\/wp-content\/uploads\/2025\/05\/00cerakoteformagensiumleadin530x350-dt20250430202855207564-510x337.jpg 510w\" sizes=\"auto, (max-width: 530px) 100vw, 530px\" \/>\t\t\t\t\t\t\n\t\t\t\t\t<\/div>\n\t\t\t\t\t\t\t\t\n<style>\n#image_570641485 {\n  width: 100%;\n}\n<\/style>\n\t<\/div>\n\t\n\n\n\t\t<\/div>\n\t\t\t\t\t<\/div>\n\n\t\n\n\t<div id=\"col-847447301\" class=\"col medium-6 small-12 large-6\"  >\n\t\t\t\t<div class=\"col-inner\"  >\n\t\t\t\n\t\t\t\n\n<span class=\"scroll-to\" data-label=\"Scroll to: #magnesium\" data-bullet=\"true\" data-link=\"#magnesium\" data-title=\"Magnesium\"><a name=\"magnesium\"><\/a><\/span>\n\n\t<div id=\"text-104508441\" class=\"text Mag\">\n\t\t\n\n<h2>Cerakote para magnesio<\/h2>\n<p><strong>Protecci\u00f3n y rendimiento superiores<\/strong><\/p>\n<p>El magnesio es un metal ligero y de gran resistencia, por lo que resulta ideal para aplicaciones aeroespaciales, automovil\u00edsticas e industriales. Sin embargo, el magnesio es muy reactivo y propenso a la corrosi\u00f3n. Aqu\u00ed es donde los recubrimientos cer\u00e1micos Cerakote proporcionan una soluci\u00f3n avanzada.<\/p>\n\t\t\n<style>\n#text-104508441 {\n  font-size: 0.85rem;\n}\n<\/style>\n\t<\/div>\n\t\n<a href=\"https:\/\/www.cerakotesa.com\/magnesium\/\" class=\"button primary\" >\n\t\t<span>Seguir leyendo<\/span>\n\t<\/a>\n\n\n\n\t\t<\/div>\n\t\t\t\t\t<\/div>\n\n\t\n\n<\/div>\n<div class=\"row\"  id=\"row-65801471\">\n\n\n\t<div id=\"col-313924041\" class=\"col medium-6 small-12 large-6\"  >\n\t\t\t\t<div class=\"col-inner\"  >\n\t\t\t\n\t\t\t\n\n<span class=\"scroll-to\" data-label=\"Scroll to: #titanium\" data-bullet=\"true\" data-link=\"#titanium\" data-title=\"Titanium\"><a name=\"titanium\"><\/a><\/span>\n\n\t<div id=\"text-2694723981\" class=\"text tit\">\n\t\t\n\n<h2>Cerakote para Titanium<\/h2>\n<p><strong>Durabilidad y estilo inigualables<\/strong><\/p>\n<p>El Titanium es bien conocido por su resistencia, ligereza y resistencia natural a la corrosi\u00f3n, lo que lo convierte en una opci\u00f3n popular en todos los sectores, desde la automoci\u00f3n y la industria aeroespacial hasta los bienes de consumo y el equipamiento t\u00e1ctico. Sin embargo, incluso el titanio puede beneficiarse de una mayor protecci\u00f3n y personalizaci\u00f3n, y ah\u00ed es donde entra en juego Cerakote.<\/p>\n\t\t\n<style>\n#text-2694723981 {\n  font-size: 0.85rem;\n}\n<\/style>\n\t<\/div>\n\t\n<a href=\"https:\/\/www.cerakotesa.com\/cerakote-for-titanium\/\" class=\"button primary\" >\n\t\t<span>Seguir leyendo<\/span>\n\t<\/a>\n\n\n\n\t\t<\/div>\n\t\t\t\t\t<\/div>\n\n\t\n\n\t<div id=\"col-2134838004\" class=\"col medium-6 small-12 large-6\"  >\n\t\t\t\t<div class=\"col-inner\"  >\n\t\t\t\n\t\t\t\n\n\t<div class=\"img has-hover x md-x lg-x y md-y lg-y\" id=\"image_528789741\">\n\t\t\t\t\t\t\t\t<div class=\"img-inner dark\" >\n\t\t\t<img loading=\"lazy\" decoding=\"async\" width=\"530\" height=\"350\" src=\"https:\/\/www.cerakotesa.com\/wp-content\/uploads\/2025\/05\/00cerakotefortitaniumleadin530x350-dt20250430202853485479.avif\" class=\"attachment-large size-large\" alt=\"\" srcset=\"https:\/\/www.cerakotesa.com\/wp-content\/uploads\/2025\/05\/00cerakotefortitaniumleadin530x350-dt20250430202853485479.avif 530w, https:\/\/www.cerakotesa.com\/wp-content\/uploads\/2025\/05\/00cerakotefortitaniumleadin530x350-dt20250430202853485479-300x198.jpg 300w, https:\/\/www.cerakotesa.com\/wp-content\/uploads\/2025\/05\/00cerakotefortitaniumleadin530x350-dt20250430202853485479-18x12.jpg 18w, https:\/\/www.cerakotesa.com\/wp-content\/uploads\/2025\/05\/00cerakotefortitaniumleadin530x350-dt20250430202853485479-32x21.jpg 32w, https:\/\/www.cerakotesa.com\/wp-content\/uploads\/2025\/05\/00cerakotefortitaniumleadin530x350-dt20250430202853485479-31x20.jpg 31w, https:\/\/www.cerakotesa.com\/wp-content\/uploads\/2025\/05\/00cerakotefortitaniumleadin530x350-dt20250430202853485479-247x163.jpg 247w, https:\/\/www.cerakotesa.com\/wp-content\/uploads\/2025\/05\/00cerakotefortitaniumleadin530x350-dt20250430202853485479-510x337.jpg 510w\" sizes=\"auto, (max-width: 530px) 100vw, 530px\" \/>\t\t\t\t\t\t\n\t\t\t\t\t<\/div>\n\t\t\t\t\t\t\t\t\n<style>\n#image_528789741 {\n  width: 100%;\n}\n<\/style>\n\t<\/div>\n\t\n\n\n\t\t<\/div>\n\t\t\t\t\t<\/div>\n\n\t\n\n<\/div>\n\n\t\t<\/div>\n\t\t\t\t\t<\/div>\n\n\t\n\n<\/div>\n\n\t\t<\/div>\n\n\t\t\n<style>\n#section_333027355 {\n  padding-top: 30px;\n  padding-bottom: 30px;\n  background-color: rgb(255,255,255);\n}\n<\/style>\n\t<\/section>","protected":false},"excerpt":{"rendered":"","protected":false},"author":1,"featured_media":0,"parent":0,"menu_order":0,"comment_status":"closed","ping_status":"closed","template":"","meta":{"_acf_changed":false,"footnotes":""},"class_list":["post-22082","page","type-page","status-publish","hentry"],"yoast_head":"<!-- This site is optimized with the Yoast SEO plugin v26.7 - https:\/\/yoast.com\/wordpress\/plugins\/seo\/ -->\n<title>CERAKOTE\u00ae\u00a0Material Compatibility - Cerakote South Africa<\/title>\n<meta name=\"robots\" content=\"index, follow, max-snippet:-1, max-image-preview:large, max-video-preview:-1\" \/>\n<link rel=\"canonical\" href=\"https:\/\/www.cerakotesa.com\/es\/material-compatibility\/\" \/>\n<meta property=\"og:locale\" content=\"es_ES\" \/>\n<meta property=\"og:type\" content=\"article\" \/>\n<meta property=\"og:title\" content=\"CERAKOTE\u00ae\u00a0Material Compatibility - Cerakote South Africa\" \/>\n<meta property=\"og:url\" content=\"https:\/\/www.cerakotesa.com\/es\/material-compatibility\/\" \/>\n<meta property=\"og:site_name\" content=\"Cerakote South Africa\" \/>\n<meta property=\"article:modified_time\" content=\"2025-05-26T11:46:04+00:00\" \/>\n<meta name=\"twitter:card\" content=\"summary_large_image\" \/>\n<meta name=\"twitter:label1\" content=\"Tiempo de lectura\" \/>\n\t<meta name=\"twitter:data1\" content=\"3 minutos\" \/>\n<script type=\"application\/ld+json\" class=\"yoast-schema-graph\">{\"@context\":\"https:\/\/schema.org\",\"@graph\":[{\"@type\":\"WebPage\",\"@id\":\"https:\/\/www.cerakotesa.com\/material-compatibility\/\",\"url\":\"https:\/\/www.cerakotesa.com\/material-compatibility\/\",\"name\":\"CERAKOTE\u00ae\u00a0Material Compatibility - Cerakote South Africa\",\"isPartOf\":{\"@id\":\"https:\/\/www.cerakotesa.com\/#website\"},\"datePublished\":\"2025-05-22T13:51:10+00:00\",\"dateModified\":\"2025-05-26T11:46:04+00:00\",\"breadcrumb\":{\"@id\":\"https:\/\/www.cerakotesa.com\/material-compatibility\/#breadcrumb\"},\"inLanguage\":\"es\",\"potentialAction\":[{\"@type\":\"ReadAction\",\"target\":[\"https:\/\/www.cerakotesa.com\/material-compatibility\/\"]}]},{\"@type\":\"BreadcrumbList\",\"@id\":\"https:\/\/www.cerakotesa.com\/material-compatibility\/#breadcrumb\",\"itemListElement\":[{\"@type\":\"ListItem\",\"position\":1,\"name\":\"Home\",\"item\":\"https:\/\/www.cerakotesa.com\/\"},{\"@type\":\"ListItem\",\"position\":2,\"name\":\"CERAKOTE\u00ae\u00a0Material Compatibility\"}]},{\"@type\":\"WebSite\",\"@id\":\"https:\/\/www.cerakotesa.com\/#website\",\"url\":\"https:\/\/www.cerakotesa.com\/\",\"name\":\"Cerakote South Africa\",\"description\":\"Cerakote is a global leader in the manufacturing of thin-film protective ceramic coatings\",\"potentialAction\":[{\"@type\":\"SearchAction\",\"target\":{\"@type\":\"EntryPoint\",\"urlTemplate\":\"https:\/\/www.cerakotesa.com\/?s={search_term_string}\"},\"query-input\":{\"@type\":\"PropertyValueSpecification\",\"valueRequired\":true,\"valueName\":\"search_term_string\"}}],\"inLanguage\":\"es\"}]}<\/script>\n<!-- \/ Yoast SEO plugin. -->","yoast_head_json":{"title":"CERAKOTE\u00ae\u00a0Material Compatibility - Cerakote South Africa","robots":{"index":"index","follow":"follow","max-snippet":"max-snippet:-1","max-image-preview":"max-image-preview:large","max-video-preview":"max-video-preview:-1"},"canonical":"https:\/\/www.cerakotesa.com\/es\/material-compatibility\/","og_locale":"es_ES","og_type":"article","og_title":"CERAKOTE\u00ae\u00a0Material Compatibility - Cerakote South Africa","og_url":"https:\/\/www.cerakotesa.com\/es\/material-compatibility\/","og_site_name":"Cerakote South Africa","article_modified_time":"2025-05-26T11:46:04+00:00","twitter_card":"summary_large_image","twitter_misc":{"Tiempo de lectura":"3 minutos"},"schema":{"@context":"https:\/\/schema.org","@graph":[{"@type":"WebPage","@id":"https:\/\/www.cerakotesa.com\/material-compatibility\/","url":"https:\/\/www.cerakotesa.com\/material-compatibility\/","name":"CERAKOTE\u00ae\u00a0Material Compatibility - Cerakote South Africa","isPartOf":{"@id":"https:\/\/www.cerakotesa.com\/#website"},"datePublished":"2025-05-22T13:51:10+00:00","dateModified":"2025-05-26T11:46:04+00:00","breadcrumb":{"@id":"https:\/\/www.cerakotesa.com\/material-compatibility\/#breadcrumb"},"inLanguage":"es","potentialAction":[{"@type":"ReadAction","target":["https:\/\/www.cerakotesa.com\/material-compatibility\/"]}]},{"@type":"BreadcrumbList","@id":"https:\/\/www.cerakotesa.com\/material-compatibility\/#breadcrumb","itemListElement":[{"@type":"ListItem","position":1,"name":"Home","item":"https:\/\/www.cerakotesa.com\/"},{"@type":"ListItem","position":2,"name":"CERAKOTE\u00ae\u00a0Material Compatibility"}]},{"@type":"WebSite","@id":"https:\/\/www.cerakotesa.com\/#website","url":"https:\/\/www.cerakotesa.com\/","name":"Cerakote South Africa","description":"Cerakote es l\u00edder mundial en la fabricaci\u00f3n de recubrimientos cer\u00e1micos protectores de capa fina.","potentialAction":[{"@type":"SearchAction","target":{"@type":"EntryPoint","urlTemplate":"https:\/\/www.cerakotesa.com\/?s={search_term_string}"},"query-input":{"@type":"PropertyValueSpecification","valueRequired":true,"valueName":"search_term_string"}}],"inLanguage":"es"}]}},"acf":[],"_links":{"self":[{"href":"https:\/\/www.cerakotesa.com\/es\/wp-json\/wp\/v2\/pages\/22082","targetHints":{"allow":["GET"]}}],"collection":[{"href":"https:\/\/www.cerakotesa.com\/es\/wp-json\/wp\/v2\/pages"}],"about":[{"href":"https:\/\/www.cerakotesa.com\/es\/wp-json\/wp\/v2\/types\/page"}],"author":[{"embeddable":true,"href":"https:\/\/www.cerakotesa.com\/es\/wp-json\/wp\/v2\/users\/1"}],"replies":[{"embeddable":true,"href":"https:\/\/www.cerakotesa.com\/es\/wp-json\/wp\/v2\/comments?post=22082"}],"version-history":[{"count":0,"href":"https:\/\/www.cerakotesa.com\/es\/wp-json\/wp\/v2\/pages\/22082\/revisions"}],"wp:attachment":[{"href":"https:\/\/www.cerakotesa.com\/es\/wp-json\/wp\/v2\/media?parent=22082"}],"curies":[{"name":"wp","href":"https:\/\/api.w.org\/{rel}","templated":true}]}}