{"id":22152,"date":"2025-05-24T09:28:43","date_gmt":"2025-05-24T09:28:43","guid":{"rendered":"https:\/\/www.cerakotesa.com\/?page_id=22152"},"modified":"2025-05-24T09:56:05","modified_gmt":"2025-05-24T09:56:05","slug":"cerakote-vs-carc","status":"publish","type":"page","link":"https:\/\/www.cerakotesa.com\/es\/cerakote-vs-carc\/","title":{"rendered":"\u00bfQu\u00e9 revestimiento es mejor? Cerakote Vs. CARC"},"content":{"rendered":"<div class=\"banner has-hover\" id=\"banner-1068575163\">\n          <div class=\"banner-inner fill\">\n        <div class=\"banner-bg fill\" >\n            <img loading=\"lazy\" decoding=\"async\" width=\"1170\" height=\"400\" src=\"https:\/\/www.cerakotesa.com\/wp-content\/uploads\/2022\/06\/0000_generic_vs_header.jpg\" class=\"bg attachment-original size-original\" alt=\"\" \/>                                    \n                    <\/div>\n\t\t\n        <div class=\"banner-layers container\">\n            <div class=\"fill banner-link\"><\/div>            \n\n   <div id=\"text-box-141114074\" class=\"text-box banner-layer x50 md-x50 lg-x50 y50 md-y50 lg-y50 res-text\">\n                                <div class=\"text-box-content text dark\">\n              \n              <div class=\"text-inner text-center\">\n                  \n\n\t<div id=\"text-4016360091\" class=\"text\">\n\t\t\n\n<h1>CERAKOTE VS CARC<\/h1>\n<p><span style=\"color: #ffffff\">Cerakote ofrece revestimientos dise\u00f1ados para la industria de defensa.<\/p>\n\n\t\t\n<style>\n#text-4016360091 {\n  color: rgb(255,255,255);\n}\n#text-4016360091 > * {\n  color: rgb(255,255,255);\n}\n<\/style>\n\t<\/div>\n\t\n\n              <\/div>\n           <\/div>\n                            \n<style>\n#text-box-141114074 {\n  margin: 0px 0px 0px 0px;\n  width: 90%;\n}\n#text-box-141114074 .text-box-content {\n  background-color: rgba(0, 0, 0, 0.75);\n  font-size: 100%;\n}\n#text-box-141114074 .text-inner {\n  padding: 19px 0px 15px 0px;\n}\n@media (min-width:550px) {\n  #text-box-141114074 .text-inner {\n    padding: 15px 0px 15px 0px;\n  }\n  #text-box-141114074 {\n    width: 60%;\n  }\n}\n<\/style>\n    <\/div>\n \n\n        <\/div>\n      <\/div>\n\n            \n<style>\n#banner-1068575163 {\n  padding-top: 500px;\n}\n<\/style>\n  <\/div>\n\n\n\n\t<section class=\"section\" id=\"section_1869487530\">\n\t\t<div class=\"section-bg fill\" >\n\t\t\t\t\t\t\t\t\t\n\t\t\t\n\n\t\t<\/div>\n\n\t\t\n\n\t\t<div class=\"section-content relative\">\n\t\t\t\n\n\t<div id=\"text-3335076616\" class=\"text\">\n\t\t\n\n<div class=\"row spacing\">\n<h2>\u00bfQU\u00c9 ES EL CARC Y POR QU\u00c9 ES IMPORTANTE?<\/h2>\n<p>CARC (Chemical Agent Resistant Coating) es la pintura est\u00e1ndar utilizada para el material militar. Su objetivo principal es proteger el equipo y el personal militar garantizando que el equipo pueda ser descontaminado y reutilizado tras su exposici\u00f3n a agentes biol\u00f3gicos, qu\u00edmicos o nucleares. Esto hace del CARC un componente cr\u00edtico de la preparaci\u00f3n militar.<\/p>\n<\/div>\n<p>\u00a0<\/p>\n<div class=\"row spacing\">\n<h2>\u00bfSE PUEDE UTILIZAR CERAKOTE EN LUGAR DE PINTURA CARC?<\/h2>\n<p>LA RESPUESTA: S\u00cd.<\/p>\n<p>Los recubrimientos cer\u00e1micos Cerakote cumplen y a menudo superan los requisitos de rendimiento y funcionalidad de los recubrimientos CARC. Cerakote ya se ha utilizado con \u00e9xito como sustituto del CARC en aplicaciones como:<\/p>\n<ul>\n<li>Electr\u00f3nica m\u00f3vil<\/li>\n<li>Dispositivos de comunicaci\u00f3n<\/li>\n<li>Suspensiones de veh\u00edculos<\/li>\n<li>Sistemas de armas<\/li>\n<li>Equipos de microondas y radar<\/li>\n<\/ul>\n<\/div>\n\t\t\n<style>\n#text-3335076616 {\n  line-height: 2.15;\n}\n<\/style>\n\t<\/div>\n\t\n\n\t\t<\/div>\n\n\t\t\n<style>\n#section_1869487530 {\n  padding-top: 30px;\n  padding-bottom: 30px;\n}\n<\/style>\n\t<\/section>\n\t\n\n\t<section class=\"section\" id=\"section_690288535\">\n\t\t<div class=\"section-bg fill\" >\n\t\t\t\t\t\t\t\t\t\n\t\t\t\n\n\t\t<\/div>\n\n\t\t\n\n\t\t<div class=\"section-content relative\">\n\t\t\t\n\n<div class=\"row\"  id=\"row-765209905\">\n\n\n\t<div id=\"col-1767183599\" class=\"col medium-3 small-12 large-3\"  >\n\t\t\t\t<div class=\"col-inner\"  >\n\t\t\t\n\t\t\t\n\n\n\t\t<\/div>\n\t\t\t\t\t<\/div>\n\n\t\n\n\t<div id=\"col-259614939\" class=\"col medium-6 small-12 large-6\"  >\n\t\t\t\t<div class=\"col-inner\"  >\n\t\t\t\n\t\t\t\n\n\t<div id=\"text-1126308097\" class=\"text\">\n\t\t\n\n<div class=\"row\">\n<p class=\"text-center\" style=\"text-align: center;\"><strong>Siga leyendo para saber m\u00e1s:<\/strong><\/p>\n<\/div>\n\t\t\n<style>\n#text-1126308097 {\n  text-align: center;\n}\n<\/style>\n\t<\/div>\n\t\n<a href=\"\/contact\" class=\"button primary\" >\n\t\t<span>P\u00f3ngase en contacto hoy mismo con nuestro gestor de cuentas<\/span>\n\t<\/a>\n\n\n\n\t\t<\/div>\n\t\t\t\t\t<\/div>\n\n\t\n\n\t<div id=\"col-941608373\" class=\"col medium-3 small-12 large-3\"  >\n\t\t\t\t<div class=\"col-inner\"  >\n\t\t\t\n\t\t\t\n\n\n\t\t<\/div>\n\t\t\t\t\t<\/div>\n\n\t\n\n<\/div>\n\n\t\t<\/div>\n\n\t\t\n<style>\n#section_690288535 {\n  padding-top: 30px;\n  padding-bottom: 30px;\n}\n<\/style>\n\t<\/section>\n\t\n<div class=\"row\"  id=\"row-989230692\">\n\n\n\t<div id=\"col-480969455\" class=\"col small-12 large-12\"  >\n\t\t\t\t<div class=\"col-inner\"  >\n\t\t\t\n\t\t\t\n\n\t<div class=\"img has-hover x md-x lg-x y md-y lg-y\" id=\"image_167079307\">\n\t\t\t\t\t\t\t\t<div class=\"img-inner dark\" >\n\t\t\t<img loading=\"lazy\" decoding=\"async\" width=\"1020\" height=\"349\" src=\"https:\/\/www.cerakotesa.com\/wp-content\/uploads\/2025\/05\/02_Cerakote_VS_CARC_FullWidth-1024x350.jpg\" class=\"attachment-large size-large\" alt=\"\" srcset=\"https:\/\/www.cerakotesa.com\/wp-content\/uploads\/2025\/05\/02_Cerakote_VS_CARC_FullWidth-1024x350.jpg 1024w, https:\/\/www.cerakotesa.com\/wp-content\/uploads\/2025\/05\/02_Cerakote_VS_CARC_FullWidth-300x103.jpg 300w, https:\/\/www.cerakotesa.com\/wp-content\/uploads\/2025\/05\/02_Cerakote_VS_CARC_FullWidth-768x263.jpg 768w, https:\/\/www.cerakotesa.com\/wp-content\/uploads\/2025\/05\/02_Cerakote_VS_CARC_FullWidth-18x6.jpg 18w, https:\/\/www.cerakotesa.com\/wp-content\/uploads\/2025\/05\/02_Cerakote_VS_CARC_FullWidth-32x11.jpg 32w, https:\/\/www.cerakotesa.com\/wp-content\/uploads\/2025\/05\/02_Cerakote_VS_CARC_FullWidth-31x11.jpg 31w, https:\/\/www.cerakotesa.com\/wp-content\/uploads\/2025\/05\/02_Cerakote_VS_CARC_FullWidth-247x84.jpg 247w, https:\/\/www.cerakotesa.com\/wp-content\/uploads\/2025\/05\/02_Cerakote_VS_CARC_FullWidth-510x174.jpg 510w, https:\/\/www.cerakotesa.com\/wp-content\/uploads\/2025\/05\/02_Cerakote_VS_CARC_FullWidth.jpg 1170w\" sizes=\"auto, (max-width: 1020px) 100vw, 1020px\" \/>\t\t\t\t\t\t\n\t\t\t\t\t<\/div>\n\t\t\t\t\t\t\t\t\n<style>\n#image_167079307 {\n  width: 100%;\n}\n<\/style>\n\t<\/div>\n\t\n\n<div class=\"row\"  id=\"row-1954411166\">\n\n\n\t<div id=\"col-824076680\" class=\"col small-12 large-12\"  >\n\t\t\t\t<div class=\"col-inner\"  >\n\t\t\t\n\t\t\t\n\n<h2>\u00bfCU\u00c1LES SON LAS DEFICIENCIAS DE LOS REVESTIMIENTOS DE CARC Y POR QU\u00c9 SON COSTOSOS?<\/h2>\n<h4>DEFICIENCIAS DE LOS REVESTIMIENTOS DE CARC<\/h4>\n<div class=\"row\"  id=\"row-79611752\">\n\n\n\t<div id=\"col-1169644315\" class=\"col medium-6 small-12 large-6\"  >\n\t\t\t\t<div class=\"col-inner\"  >\n\t\t\t\n\t\t\t\n\n<p><strong>ESPESOR Y RETOS DE APLICACI\u00d3N<\/strong><\/p>\n<ul>\n<li>Requiere imprimaciones, pretratamientos y capas gruesas.<\/li>\n<li>Los revestimientos gruesos pueden interferir con piezas de tolerancias estrechas.<\/li>\n<li>\u00a0Una acumulaci\u00f3n excesiva de revestimiento puede provocar grietas o astillas durante el montaje, as\u00ed como mayores tasas de rechazo durante la producci\u00f3n.<\/li>\n<\/ul>\n\n\t\t<\/div>\n\t\t\t\t\n<style>\n#col-1169644315 > .col-inner {\n  padding: 10px 0px 0px 10px;\n}\n<\/style>\n\t<\/div>\n\n\t\n\n\t<div id=\"col-1128566466\" class=\"col medium-6 small-12 large-6\"  >\n\t\t\t\t<div class=\"col-inner\"  >\n\t\t\t\n\t\t\t\n\n<p><strong>RIESGOS PARA LA SALUD Y LA SEGURIDAD<\/strong><\/p>\n<ul>\n<li>Contiene componentes peligrosos como:\n<ul>\n<li>Diisocianato de tolueno (TDI).<\/li>\n<li>Compuestos org\u00e1nicos vol\u00e1tiles (COV).<\/li>\n<li>Isocianatos (HDI).<\/li>\n<\/ul>\n<\/li>\n<li>Estos productos qu\u00edmicos plantean riesgos durante la aplicaci\u00f3n y el lijado, por lo que requieren estrictas medidas de seguridad.<\/li>\n<\/ul>\n\n\t\t<\/div>\n\t\t\t\t\n<style>\n#col-1128566466 > .col-inner {\n  padding: 10px 10px 0px 10px;\n}\n<\/style>\n\t<\/div>\n\n\t\n\n\n<style>\n#row-79611752 > .col > .col-inner {\n  background-color: rgba(0, 0, 0, 0.05);\n}\n<\/style>\n<\/div>\n<div class=\"row\"  id=\"row-296181927\">\n\n\n\t<div id=\"col-1464635653\" class=\"col small-12 large-12\"  >\n\t\t\t\t<div class=\"col-inner\"  >\n\t\t\t\n\t\t\t\n\n<h4>NECESIDAD DE ALTERNATIVAS<\/h4>\n<p>La demanda de revestimientos es cada vez mayor:<\/p>\n<ul>\n<li>M\u00e1s rentable.<\/li>\n<li>Capaz de proteger componentes con tolerancias estrechas.<\/li>\n<li>M\u00e1s seguro y respetuoso con el medio ambiente.<\/li>\n<\/ul>\n<div class=\"row\"  id=\"row-500077539\">\n\n\n\t<div id=\"col-2002182296\" class=\"col small-12 large-12\"  >\n\t\t\t\t<div class=\"col-inner\"  >\n\t\t\t\n\t\t\t\n\n<h2>VENTAJAS DE CERAKOTE SOBRE CARC<\/h2>\n<p>La combinaci\u00f3n de precisi\u00f3n, durabilidad y resistencia qu\u00edmica de Cerakote lo convierte en el sustituto ideal del CARC en muchas industrias.<\/p>\n\n\t\t<\/div>\n\t\t\t\t\t<\/div>\n\n\t\n\n<\/div>\n<div class=\"row\"  id=\"row-1531632774\">\n\n\n\t<div id=\"col-1415614822\" class=\"col medium-6 small-12 large-6\"  >\n\t\t\t\t<div class=\"col-inner\"  >\n\t\t\t\n\t\t\t\n\n<p><strong>APLICACI\u00d3N DE PEL\u00cdCULA FINA<\/strong><\/p>\n<ul>\n<li>Se aplica en una capa mucho m\u00e1s fina que CARC (0,5-1,0 mil).<\/li>\n<li>Ideal para\u00a0<strong>aplicaciones con tolerancias estrechas<\/strong>\u00a0sin riesgo de que se agriete o astille.<\/li>\n<\/ul>\n\n\t\t<\/div>\n\t\t\t\t\n<style>\n#col-1415614822 > .col-inner {\n  padding: 10px 0px 0px 10px;\n}\n<\/style>\n\t<\/div>\n\n\t\n\n\t<div id=\"col-1776032799\" class=\"col medium-6 small-12 large-6\"  >\n\t\t\t\t<div class=\"col-inner\"  >\n\t\t\t\n\t\t\t\n\n<p><strong>APLICACI\u00d3N DIRECTA AL SUSTRATO<\/strong><\/p>\n<ul>\n<li>No requiere imprimaciones ni tratamientos previos.<\/li>\n<li>Puede aplicarse directamente sobre metales, pol\u00edmeros y materiales compuestos.<\/li>\n<\/ul>\n\n\t\t<\/div>\n\t\t\t\t\n<style>\n#col-1776032799 > .col-inner {\n  padding: 10px 10px 30px 10px;\n}\n<\/style>\n\t<\/div>\n\n\t\n\n\n<style>\n#row-1531632774 > .col > .col-inner {\n  background-color: rgba(0, 0, 0, 0.05);\n}\n<\/style>\n<\/div>\n<div class=\"row\"  id=\"row-762790315\">\n\n\n\t<div id=\"col-679288539\" class=\"col medium-6 small-12 large-6\"  >\n\t\t\t\t<div class=\"col-inner\"  >\n\t\t\t\n\t\t\t\n\n<p><strong>PROTECCI\u00d3N LIGERA<\/strong><\/p>\n<ul>\n<li>Reduce el peso en comparaci\u00f3n con el CARC, mejorando el alcance operativo de equipos como veh\u00edculos y drones.<\/li>\n<\/ul>\n\n\t\t<\/div>\n\t\t\t\t\n<style>\n#col-679288539 > .col-inner {\n  padding: 10px 0px 0px 10px;\n}\n<\/style>\n\t<\/div>\n\n\t\n\n\t<div id=\"col-1379202056\" class=\"col medium-6 small-12 large-6\"  >\n\t\t\t\t<div class=\"col-inner\"  >\n\t\t\t\n\t\t\t\n\n<div class=\"col-md-6 bg-neutral\">\n<p><strong>RESISTENCIA QU\u00cdMICA<\/strong><\/p>\n<ul>\n<li style=\"list-style-type: none;\">\n<ul>\n<li>Protege contra disolventes agresivos, combustibles y sustancias corrosivas.<\/li>\n<\/ul>\n<\/li>\n<\/ul>\n<\/div>\n\n\t\t<\/div>\n\t\t\t\t\n<style>\n#col-1379202056 > .col-inner {\n  padding: 10px 10px 0px 10px;\n}\n<\/style>\n\t<\/div>\n\n\t\n\n\n<style>\n#row-762790315 > .col > .col-inner {\n  background-color: rgba(0, 0, 0, 0.05);\n}\n<\/style>\n<\/div>\n<div class=\"row\"  id=\"row-1275632380\">\n\n\n\t<div id=\"col-2146543697\" class=\"col medium-6 small-12 large-6\"  >\n\t\t\t\t<div class=\"col-inner\"  >\n\t\t\t\n\t\t\t\n\n<p><strong>CAMUFLAJE EN INFRARROJO CERCANO (NIR)<\/strong><\/p>\n<ul>\n<li>Ciertas formulaciones de Cerakote incluyen propiedades de camuflaje NiR, que reducen la visibilidad infrarroja para aplicaciones furtivas.<\/li>\n<li>Adecuado para la ocultaci\u00f3n tanto en el espectro visual como en el infrarrojo.<\/li>\n<\/ul>\n\n\t\t<\/div>\n\t\t\t\t\n<style>\n#col-2146543697 > .col-inner {\n  padding: 10px 0px 0px 10px;\n}\n<\/style>\n\t<\/div>\n\n\t\n\n\t<div id=\"col-691946566\" class=\"col medium-6 small-12 large-6\"  >\n\t\t\t\t<div class=\"col-inner\"  >\n\t\t\t\n\t\t\t\n\n<p><strong>VERSATILIDAD<\/strong><\/p>\n<ul>\n<li>Puede utilizarse en una amplia variedad de sustratos y superficies.<\/li>\n<\/ul>\n\n\t\t<\/div>\n\t\t\t\t\n<style>\n#col-691946566 > .col-inner {\n  padding: 10px 10px 60px 10px;\n}\n<\/style>\n\t<\/div>\n\n\t\n\n\n<style>\n#row-1275632380 > .col > .col-inner {\n  background-color: rgba(0, 0, 0, 0.05);\n}\n<\/style>\n<\/div>\n<div class=\"row\"  id=\"row-774295277\">\n\n\n\t<div id=\"col-473769713\" class=\"col medium-6 small-12 large-6\"  >\n\t\t\t\t<div class=\"col-inner\"  >\n\t\t\t\n\t\t\t\n\n<p><strong>M\u00c1S SEGURO PARA EL MEDIO AMBIENTE<\/strong><\/p>\n<ul>\n<li>No contiene productos qu\u00edmicos nocivos como el TDI o el HDI y cumple la normativa COV en los 50 estados.<\/li>\n<\/ul>\n\n\t\t<\/div>\n\t\t\t\t\n<style>\n#col-473769713 > .col-inner {\n  padding: 10px 0px 0px 10px;\n}\n<\/style>\n\t<\/div>\n\n\t\n\n\n<style>\n#row-774295277 > .col > .col-inner {\n  background-color: rgba(0, 0, 0, 0.05);\n}\n<\/style>\n<\/div>\n\n\t\t<\/div>\n\t\t\t\t\t<\/div>\n\n\t\n\n<\/div>\n\n\t\t<\/div>\n\t\t\t\t\t<\/div>\n\n\t\n\n<\/div>\n<div class=\"row\"  id=\"row-1192531053\">\n\n\n\t<div id=\"col-1492004270\" class=\"col small-12 large-12\"  >\n\t\t\t\t<div class=\"col-inner\"  >\n\t\t\t\n\t\t\t\n\n<div class=\"slider-wrapper relative\" id=\"slider-953068074\" >\n    <div class=\"slider slider-nav-circle slider-nav-large slider-nav-light slider-style-normal\"\n        data-flickity-options='{            \"cellAlign\": \"center\",            \"imagesLoaded\": true,            \"lazyLoad\": 1,            \"freeScroll\": false,            \"wrapAround\": true,            \"autoPlay\": 6000,            \"pauseAutoPlayOnHover\" : true,            \"prevNextButtons\": true,            \"contain\" : true,            \"adaptiveHeight\" : true,            \"dragThreshold\" : 10,            \"percentPosition\": true,            \"pageDots\": true,            \"rightToLeft\": false,            \"draggable\": true,            \"selectedAttraction\": 0.1,            \"parallax\" : 0,            \"friction\": 0.6        }'\n        >\n        \n\n\t<div class=\"img has-hover x md-x lg-x y md-y lg-y\" id=\"image_224138702\">\n\t\t\t\t\t\t\t\t<div class=\"img-inner dark\" >\n\t\t\t<img loading=\"lazy\" decoding=\"async\" width=\"1020\" height=\"567\" src=\"https:\/\/www.cerakotesa.com\/wp-content\/uploads\/2025\/05\/03_Cerakote_VS_CARC_Carousel_1-1024x569.jpg\" class=\"attachment-large size-large\" alt=\"\" srcset=\"https:\/\/www.cerakotesa.com\/wp-content\/uploads\/2025\/05\/03_Cerakote_VS_CARC_Carousel_1-1024x569.jpg 1024w, https:\/\/www.cerakotesa.com\/wp-content\/uploads\/2025\/05\/03_Cerakote_VS_CARC_Carousel_1-300x167.jpg 300w, https:\/\/www.cerakotesa.com\/wp-content\/uploads\/2025\/05\/03_Cerakote_VS_CARC_Carousel_1-768x427.jpg 768w, https:\/\/www.cerakotesa.com\/wp-content\/uploads\/2025\/05\/03_Cerakote_VS_CARC_Carousel_1-18x10.jpg 18w, https:\/\/www.cerakotesa.com\/wp-content\/uploads\/2025\/05\/03_Cerakote_VS_CARC_Carousel_1-32x18.jpg 32w, https:\/\/www.cerakotesa.com\/wp-content\/uploads\/2025\/05\/03_Cerakote_VS_CARC_Carousel_1-31x17.jpg 31w, https:\/\/www.cerakotesa.com\/wp-content\/uploads\/2025\/05\/03_Cerakote_VS_CARC_Carousel_1-247x137.jpg 247w, https:\/\/www.cerakotesa.com\/wp-content\/uploads\/2025\/05\/03_Cerakote_VS_CARC_Carousel_1-510x283.jpg 510w, https:\/\/www.cerakotesa.com\/wp-content\/uploads\/2025\/05\/03_Cerakote_VS_CARC_Carousel_1.jpg 1170w\" sizes=\"auto, (max-width: 1020px) 100vw, 1020px\" \/>\t\t\t\t\t\t\n\t\t\t\t\t<\/div>\n\t\t\t\t\t\t\t\t\n<style>\n#image_224138702 {\n  width: 100%;\n}\n<\/style>\n\t<\/div>\n\t\n\n\t<div class=\"img has-hover x md-x lg-x y md-y lg-y\" id=\"image_1799737171\">\n\t\t\t\t\t\t\t\t<div class=\"img-inner dark\" >\n\t\t\t<img loading=\"lazy\" decoding=\"async\" width=\"1020\" height=\"567\" src=\"https:\/\/www.cerakotesa.com\/wp-content\/uploads\/2025\/05\/03_Cerakote_VS_CARC_Carousel_2-1024x569.jpg\" class=\"attachment-large size-large\" alt=\"\" srcset=\"https:\/\/www.cerakotesa.com\/wp-content\/uploads\/2025\/05\/03_Cerakote_VS_CARC_Carousel_2-1024x569.jpg 1024w, https:\/\/www.cerakotesa.com\/wp-content\/uploads\/2025\/05\/03_Cerakote_VS_CARC_Carousel_2-300x167.jpg 300w, https:\/\/www.cerakotesa.com\/wp-content\/uploads\/2025\/05\/03_Cerakote_VS_CARC_Carousel_2-768x427.jpg 768w, https:\/\/www.cerakotesa.com\/wp-content\/uploads\/2025\/05\/03_Cerakote_VS_CARC_Carousel_2-1536x853.jpg 1536w, https:\/\/www.cerakotesa.com\/wp-content\/uploads\/2025\/05\/03_Cerakote_VS_CARC_Carousel_2-18x10.jpg 18w, https:\/\/www.cerakotesa.com\/wp-content\/uploads\/2025\/05\/03_Cerakote_VS_CARC_Carousel_2-32x18.jpg 32w, https:\/\/www.cerakotesa.com\/wp-content\/uploads\/2025\/05\/03_Cerakote_VS_CARC_Carousel_2-31x17.jpg 31w, https:\/\/www.cerakotesa.com\/wp-content\/uploads\/2025\/05\/03_Cerakote_VS_CARC_Carousel_2-247x137.jpg 247w, https:\/\/www.cerakotesa.com\/wp-content\/uploads\/2025\/05\/03_Cerakote_VS_CARC_Carousel_2-510x283.jpg 510w, https:\/\/www.cerakotesa.com\/wp-content\/uploads\/2025\/05\/03_Cerakote_VS_CARC_Carousel_2.jpg 1800w\" sizes=\"auto, (max-width: 1020px) 100vw, 1020px\" \/>\t\t\t\t\t\t\n\t\t\t\t\t<\/div>\n\t\t\t\t\t\t\t\t\n<style>\n#image_1799737171 {\n  width: 100%;\n}\n<\/style>\n\t<\/div>\n\t\n\n\t<div class=\"img has-hover x md-x lg-x y md-y lg-y\" id=\"image_1950335412\">\n\t\t\t\t\t\t\t\t<div class=\"img-inner dark\" >\n\t\t\t<img loading=\"lazy\" decoding=\"async\" width=\"1020\" height=\"567\" src=\"https:\/\/www.cerakotesa.com\/wp-content\/uploads\/2025\/05\/03_Cerakote_VS_CARC_Carousel_3-1024x569.jpg\" class=\"attachment-large size-large\" alt=\"\" srcset=\"https:\/\/www.cerakotesa.com\/wp-content\/uploads\/2025\/05\/03_Cerakote_VS_CARC_Carousel_3-1024x569.jpg 1024w, https:\/\/www.cerakotesa.com\/wp-content\/uploads\/2025\/05\/03_Cerakote_VS_CARC_Carousel_3-300x167.jpg 300w, https:\/\/www.cerakotesa.com\/wp-content\/uploads\/2025\/05\/03_Cerakote_VS_CARC_Carousel_3-768x427.jpg 768w, https:\/\/www.cerakotesa.com\/wp-content\/uploads\/2025\/05\/03_Cerakote_VS_CARC_Carousel_3-18x10.jpg 18w, https:\/\/www.cerakotesa.com\/wp-content\/uploads\/2025\/05\/03_Cerakote_VS_CARC_Carousel_3-32x18.jpg 32w, https:\/\/www.cerakotesa.com\/wp-content\/uploads\/2025\/05\/03_Cerakote_VS_CARC_Carousel_3-31x17.jpg 31w, https:\/\/www.cerakotesa.com\/wp-content\/uploads\/2025\/05\/03_Cerakote_VS_CARC_Carousel_3-247x137.jpg 247w, https:\/\/www.cerakotesa.com\/wp-content\/uploads\/2025\/05\/03_Cerakote_VS_CARC_Carousel_3-510x283.jpg 510w, https:\/\/www.cerakotesa.com\/wp-content\/uploads\/2025\/05\/03_Cerakote_VS_CARC_Carousel_3.jpg 1170w\" sizes=\"auto, (max-width: 1020px) 100vw, 1020px\" \/>\t\t\t\t\t\t\n\t\t\t\t\t<\/div>\n\t\t\t\t\t\t\t\t\n<style>\n#image_1950335412 {\n  width: 100%;\n}\n<\/style>\n\t<\/div>\n\t\n\n\n     <\/div>\n\n     <div class=\"loading-spin dark large centered\"><\/div>\n\n\t<\/div>\n\n\n\n\t\t<\/div>\n\t\t\t\t\t<\/div>\n\n\t\n\n<\/div>\n<div class=\"row\"  id=\"row-1420317585\">\n\n\n\t<div id=\"col-546929416\" class=\"col small-12 large-12\"  >\n\t\t\t\t<div class=\"col-inner\"  >\n\t\t\t\n\t\t\t\n\n<h4>CONCLUSI\u00d3N<\/h4>\n<p>Cerakote es una alternativa probada a la pintura CARC, que ofrece:<\/p>\n<ul>\n<li>Rendimiento superior en aplicaciones con tolerancias estrechas.<\/li>\n<li>Ahorro de costes gracias a la simplificaci\u00f3n de la aplicaci\u00f3n y la reducci\u00f3n de las repeticiones.<\/li>\n<li>Protecci\u00f3n ligera y duradera.<\/li>\n<li>Resistencia qu\u00edmica avanzada comparable a la del CARC.<\/li>\n<li>Camuflaje en infrarrojo cercano para aplicaciones furtivas y militares.<\/li>\n<li>Una soluci\u00f3n m\u00e1s segura y respetuosa con el medio ambiente para las necesidades militares y civiles.<\/li>\n<\/ul>\n\n\t\t<\/div>\n\t\t\t\t\t<\/div>\n\n\t\n\n<\/div>\n\n\t\t<\/div>\n\t\t\t\t\t<\/div>\n\n\t\n\n<\/div>\n\n  <div class=\"banner has-hover hide-for-small\" id=\"banner-246404182\">\n          <div class=\"banner-inner fill\">\n        <div class=\"banner-bg fill\" >\n                                                \n                    <\/div>\n\t\t\n        <div class=\"banner-layers container\">\n            <div class=\"fill banner-link\"><\/div>            \n\n   <div id=\"text-box-8396343\" class=\"text-box banner-layer x50 md-x50 lg-x50 y50 md-y50 lg-y50 res-text\">\n                                <div class=\"text-box-content text dark\">\n              \n              <div class=\"text-inner text-center\">\n                  \n\n\t<div id=\"text-2691994241\" class=\"text hide-for-small\">\n\t\t\n\n<p><span style=\"color: #ffffff; font-size: 38px;\">No espere a ma\u00f1ana, aprenda a<\/span> <span style=\"color: #1788e4; font-size: 38px;\">ACABAR CON FUERZA<\/span><span style=\"color: #ffffff; font-size: 38px;\"> \u00a1con Cerakote hoy mismo!<\/span><\/p>\n\n\t\t\n<style>\n#text-2691994241 {\n  text-align: center;\n}\n<\/style>\n\t<\/div>\n\t\n<a href=\"\/contact\" class=\"button primary cerblue\" >\n\t\t<span>P\u00d3NGASE EN CONTACTO CON NUESTRO EQUIPO DE CONSULTAS<\/span>\n\t<\/a>\n\n\n\n              <\/div>\n           <\/div>\n                            \n<style>\n#text-box-8396343 {\n  width: 60%;\n}\n#text-box-8396343 .text-box-content {\n  font-size: 100%;\n}\n<\/style>\n    <\/div>\n \n\n        <\/div>\n      <\/div>\n\n            \n<style>\n#banner-246404182 {\n  padding-top: 500px;\n  background-color: rgb(29, 25, 25);\n}\n<\/style>\n  <\/div>","protected":false},"excerpt":{"rendered":"","protected":false},"author":1,"featured_media":0,"parent":0,"menu_order":0,"comment_status":"closed","ping_status":"closed","template":"","meta":{"_acf_changed":false,"footnotes":""},"class_list":["post-22152","page","type-page","status-publish","hentry"],"yoast_head":"<!-- This site is optimized with the Yoast SEO plugin v26.7 - https:\/\/yoast.com\/wordpress\/plugins\/seo\/ -->\n<title>Which Coating is Better? Cerakote Vs. CARC - Cerakote South Africa<\/title>\n<meta name=\"robots\" content=\"index, follow, max-snippet:-1, max-image-preview:large, max-video-preview:-1\" \/>\n<link rel=\"canonical\" href=\"https:\/\/www.cerakotesa.com\/es\/cerakote-vs-carc\/\" \/>\n<meta property=\"og:locale\" content=\"es_ES\" \/>\n<meta property=\"og:type\" content=\"article\" \/>\n<meta property=\"og:title\" content=\"Which Coating is Better? Cerakote Vs. CARC - Cerakote South Africa\" \/>\n<meta property=\"og:url\" content=\"https:\/\/www.cerakotesa.com\/es\/cerakote-vs-carc\/\" \/>\n<meta property=\"og:site_name\" content=\"Cerakote South Africa\" \/>\n<meta property=\"article:modified_time\" content=\"2025-05-24T09:56:05+00:00\" \/>\n<meta name=\"twitter:card\" content=\"summary_large_image\" \/>\n<script type=\"application\/ld+json\" class=\"yoast-schema-graph\">{\"@context\":\"https:\/\/schema.org\",\"@graph\":[{\"@type\":\"WebPage\",\"@id\":\"https:\/\/www.cerakotesa.com\/cerakote-vs-carc\/\",\"url\":\"https:\/\/www.cerakotesa.com\/cerakote-vs-carc\/\",\"name\":\"Which Coating is Better? Cerakote Vs. CARC - Cerakote South Africa\",\"isPartOf\":{\"@id\":\"https:\/\/www.cerakotesa.com\/#website\"},\"datePublished\":\"2025-05-24T09:28:43+00:00\",\"dateModified\":\"2025-05-24T09:56:05+00:00\",\"breadcrumb\":{\"@id\":\"https:\/\/www.cerakotesa.com\/cerakote-vs-carc\/#breadcrumb\"},\"inLanguage\":\"es\",\"potentialAction\":[{\"@type\":\"ReadAction\",\"target\":[\"https:\/\/www.cerakotesa.com\/cerakote-vs-carc\/\"]}]},{\"@type\":\"BreadcrumbList\",\"@id\":\"https:\/\/www.cerakotesa.com\/cerakote-vs-carc\/#breadcrumb\",\"itemListElement\":[{\"@type\":\"ListItem\",\"position\":1,\"name\":\"Home\",\"item\":\"https:\/\/www.cerakotesa.com\/\"},{\"@type\":\"ListItem\",\"position\":2,\"name\":\"Which Coating is Better? Cerakote Vs. CARC\"}]},{\"@type\":\"WebSite\",\"@id\":\"https:\/\/www.cerakotesa.com\/#website\",\"url\":\"https:\/\/www.cerakotesa.com\/\",\"name\":\"Cerakote South Africa\",\"description\":\"Cerakote is a global leader in the manufacturing of thin-film protective ceramic coatings\",\"potentialAction\":[{\"@type\":\"SearchAction\",\"target\":{\"@type\":\"EntryPoint\",\"urlTemplate\":\"https:\/\/www.cerakotesa.com\/?s={search_term_string}\"},\"query-input\":{\"@type\":\"PropertyValueSpecification\",\"valueRequired\":true,\"valueName\":\"search_term_string\"}}],\"inLanguage\":\"es\"}]}<\/script>\n<!-- \/ Yoast SEO plugin. -->","yoast_head_json":{"title":"Which Coating is Better? Cerakote Vs. CARC - Cerakote South Africa","robots":{"index":"index","follow":"follow","max-snippet":"max-snippet:-1","max-image-preview":"max-image-preview:large","max-video-preview":"max-video-preview:-1"},"canonical":"https:\/\/www.cerakotesa.com\/es\/cerakote-vs-carc\/","og_locale":"es_ES","og_type":"article","og_title":"Which Coating is Better? Cerakote Vs. CARC - Cerakote South Africa","og_url":"https:\/\/www.cerakotesa.com\/es\/cerakote-vs-carc\/","og_site_name":"Cerakote South Africa","article_modified_time":"2025-05-24T09:56:05+00:00","twitter_card":"summary_large_image","schema":{"@context":"https:\/\/schema.org","@graph":[{"@type":"WebPage","@id":"https:\/\/www.cerakotesa.com\/cerakote-vs-carc\/","url":"https:\/\/www.cerakotesa.com\/cerakote-vs-carc\/","name":"Which Coating is Better? Cerakote Vs. CARC - Cerakote South Africa","isPartOf":{"@id":"https:\/\/www.cerakotesa.com\/#website"},"datePublished":"2025-05-24T09:28:43+00:00","dateModified":"2025-05-24T09:56:05+00:00","breadcrumb":{"@id":"https:\/\/www.cerakotesa.com\/cerakote-vs-carc\/#breadcrumb"},"inLanguage":"es","potentialAction":[{"@type":"ReadAction","target":["https:\/\/www.cerakotesa.com\/cerakote-vs-carc\/"]}]},{"@type":"BreadcrumbList","@id":"https:\/\/www.cerakotesa.com\/cerakote-vs-carc\/#breadcrumb","itemListElement":[{"@type":"ListItem","position":1,"name":"Home","item":"https:\/\/www.cerakotesa.com\/"},{"@type":"ListItem","position":2,"name":"Which Coating is Better? Cerakote Vs. CARC"}]},{"@type":"WebSite","@id":"https:\/\/www.cerakotesa.com\/#website","url":"https:\/\/www.cerakotesa.com\/","name":"Cerakote South Africa","description":"Cerakote es l\u00edder mundial en la fabricaci\u00f3n de recubrimientos cer\u00e1micos protectores de capa fina.","potentialAction":[{"@type":"SearchAction","target":{"@type":"EntryPoint","urlTemplate":"https:\/\/www.cerakotesa.com\/?s={search_term_string}"},"query-input":{"@type":"PropertyValueSpecification","valueRequired":true,"valueName":"search_term_string"}}],"inLanguage":"es"}]}},"acf":[],"_links":{"self":[{"href":"https:\/\/www.cerakotesa.com\/es\/wp-json\/wp\/v2\/pages\/22152","targetHints":{"allow":["GET"]}}],"collection":[{"href":"https:\/\/www.cerakotesa.com\/es\/wp-json\/wp\/v2\/pages"}],"about":[{"href":"https:\/\/www.cerakotesa.com\/es\/wp-json\/wp\/v2\/types\/page"}],"author":[{"embeddable":true,"href":"https:\/\/www.cerakotesa.com\/es\/wp-json\/wp\/v2\/users\/1"}],"replies":[{"embeddable":true,"href":"https:\/\/www.cerakotesa.com\/es\/wp-json\/wp\/v2\/comments?post=22152"}],"version-history":[{"count":0,"href":"https:\/\/www.cerakotesa.com\/es\/wp-json\/wp\/v2\/pages\/22152\/revisions"}],"wp:attachment":[{"href":"https:\/\/www.cerakotesa.com\/es\/wp-json\/wp\/v2\/media?parent=22152"}],"curies":[{"name":"wp","href":"https:\/\/api.w.org\/{rel}","templated":true}]}}