{"id":3971,"date":"2020-07-29T21:45:50","date_gmt":"2020-07-29T20:45:50","guid":{"rendered":"https:\/\/www.cerakote.co.uk\/?page_id=3971"},"modified":"2020-07-29T21:45:50","modified_gmt":"2020-07-29T20:45:50","slug":"the-importance-of-agitating-cerakote-fully-before-application","status":"publish","type":"page","link":"https:\/\/www.cerakotesa.com\/es\/knowledge-base\/the-importance-of-agitating-cerakote-fully-before-application\/","title":{"rendered":"La importancia de agitar bien el cerakote antes de aplicarlo"},"content":{"rendered":"<div class=\"row align-middle align-center\"  id=\"row-330080618\">\n\n\t<div id=\"col-1103339584\" class=\"col small-12 large-12\"  >\n\t\t\t\t<div class=\"col-inner text-left\"  >\n\t\t\t\n\t\t\t\n<h2>ES MUY IMPORTANTE AGITAR BIEN EL PRODUCTO ANTES DE PULVERIZARLO<\/h2>\n<p>Las materias primas y los disolventes de Cerakote se separar\u00e1n y sedimentar\u00e1n con el tiempo, por lo que es fundamental asegurarse de que las materias primas y el disolvente se mezclan bien. Si Cerakote no se mezcla correctamente, se crear\u00e1 una proporci\u00f3n desigual de estos componentes, a cambio esto producir\u00e1 un recubrimiento rico en disolventes y dar\u00e1 lugar a un aspecto brillante o transparente. Sin agitaci\u00f3n, el recubrimiento ser\u00e1 obviamente inconsistente. Cuando una botella no se ha mezclado correctamente, el revestimiento se volver\u00e1 m\u00e1s viscoso (m\u00e1s espeso), lo que dar\u00e1 lugar a una mala pulverizaci\u00f3n, est\u00e9tica y rendimiento.<\/p>\n<p>Las materias primas y disolventes de Cerakote se separar\u00e1n y sedimentar\u00e1n con el tiempo, aseg\u00farese de agitar en\u00e9rgicamente Cerakote si se hace a mano. Recomendamos el uso de un agitador de pintura para la agitaci\u00f3n adecuada, v\u00e9ase m\u00e1s adelante para los tiempos de mezcla sugeridos.<\/p>\n\t<div class=\"img has-hover x md-x lg-x y md-y lg-y\" id=\"image_1843121599\">\n\t\t\t\t\t\t\t\t<div class=\"img-inner dark\" style=\"margin:0px 0px 0px 0px;\">\n\t\t\t<img loading=\"lazy\" decoding=\"async\" width=\"1020\" height=\"711\" src=\"https:\/\/www.cerakotesa.com\/wp-content\/uploads\/2020\/07\/cerakote-agitiation1.jpg\" class=\"attachment-large size-large\" alt=\"\" srcset=\"https:\/\/www.cerakotesa.com\/wp-content\/uploads\/2020\/07\/cerakote-agitiation1.jpg 1025w, https:\/\/www.cerakotesa.com\/wp-content\/uploads\/2020\/07\/cerakote-agitiation1-247x172.jpg 247w, https:\/\/www.cerakotesa.com\/wp-content\/uploads\/2020\/07\/cerakote-agitiation1-510x355.jpg 510w, https:\/\/www.cerakotesa.com\/wp-content\/uploads\/2020\/07\/cerakote-agitiation1-300x209.jpg 300w, https:\/\/www.cerakotesa.com\/wp-content\/uploads\/2020\/07\/cerakote-agitiation1-768x535.jpg 768w\" sizes=\"auto, (max-width: 1020px) 100vw, 1020px\" \/>\t\t\t\t\t\t\n\t\t\t\t\t<\/div>\n\t\t\t\t\t\t\t\t\n<style>\n#image_1843121599 {\n  width: 70%;\n}\n<\/style>\n\t<\/div>\n\t\n\t<div class=\"img has-hover x md-x lg-x y md-y lg-y\" id=\"image_2008897489\">\n\t\t\t\t\t\t\t\t<div class=\"img-inner dark\" >\n\t\t\t<img loading=\"lazy\" decoding=\"async\" width=\"1020\" height=\"711\" src=\"https:\/\/www.cerakotesa.com\/wp-content\/uploads\/2020\/07\/cerakote-agitiation2.jpg\" class=\"attachment-large size-large\" alt=\"Agitaci\u00f3n Cerakote\" srcset=\"https:\/\/www.cerakotesa.com\/wp-content\/uploads\/2020\/07\/cerakote-agitiation2.jpg 1025w, https:\/\/www.cerakotesa.com\/wp-content\/uploads\/2020\/07\/cerakote-agitiation2-247x172.jpg 247w, https:\/\/www.cerakotesa.com\/wp-content\/uploads\/2020\/07\/cerakote-agitiation2-510x355.jpg 510w, https:\/\/www.cerakotesa.com\/wp-content\/uploads\/2020\/07\/cerakote-agitiation2-300x209.jpg 300w, https:\/\/www.cerakotesa.com\/wp-content\/uploads\/2020\/07\/cerakote-agitiation2-768x535.jpg 768w\" sizes=\"auto, (max-width: 1020px) 100vw, 1020px\" \/>\t\t\t\t\t\t\n\t\t\t\t\t<\/div>\n\t\t\t\t\t\t\t\t\n<style>\n#image_2008897489 {\n  width: 70%;\n}\n<\/style>\n\t<\/div>\n\t\n<table style=\"width:33%\">\n<tr>\n<th>Agitador de pintura<\/th>\n<th>A mano<\/th>\n<\/tr>\n<tr>\n<td>Probadores: 5 minutos<\/td>\n<td>Pintas: 5 minutos<\/td>\n<\/tr>\n<tr>\n<td>Probadores: 5 minutos<\/td>\n<td>Pintas: 10 minutos<\/td>\n<\/tr>\n<tr>\n<td>Cuartos de gal\u00f3n: 10 minutos<\/td>\n<td>Cuartos de gal\u00f3n: 10-15 minutos<\/td>\n<\/tr>\n<\/table>\n\t<div class=\"img has-hover x md-x lg-x y md-y lg-y\" id=\"image_949147540\">\n\t\t\t\t\t\t\t\t<div class=\"img-inner dark\" >\n\t\t\t<img loading=\"lazy\" decoding=\"async\" width=\"1020\" height=\"711\" src=\"https:\/\/www.cerakotesa.com\/wp-content\/uploads\/2020\/07\/cerakote-shaker.jpg\" class=\"attachment-large size-large\" alt=\"Cerakote Paint Shaker\" srcset=\"https:\/\/www.cerakotesa.com\/wp-content\/uploads\/2020\/07\/cerakote-shaker.jpg 1025w, https:\/\/www.cerakotesa.com\/wp-content\/uploads\/2020\/07\/cerakote-shaker-247x172.jpg 247w, https:\/\/www.cerakotesa.com\/wp-content\/uploads\/2020\/07\/cerakote-shaker-510x355.jpg 510w, https:\/\/www.cerakotesa.com\/wp-content\/uploads\/2020\/07\/cerakote-shaker-300x209.jpg 300w, https:\/\/www.cerakotesa.com\/wp-content\/uploads\/2020\/07\/cerakote-shaker-768x535.jpg 768w\" sizes=\"auto, (max-width: 1020px) 100vw, 1020px\" \/>\t\t\t\t\t\t\n\t\t\t\t\t<\/div>\n\t\t\t\t\t\t\t\t\n<style>\n#image_949147540 {\n  width: 57%;\n}\n<\/style>\n\t<\/div>\n\t\n<h3>Los siguientes recubrimientos Cerakote son m\u00e1s densos y necesitan agitarse unos minutos m\u00e1s:<\/h3>\n<ul>\n<li>Serie C<\/li>\n<li>Serie Glaciar<\/li>\n<li>Todos los revestimientos especiales<\/li>\n<\/ul>\n<p><strong>Consejo \u00fatil:<\/strong> Para facilitar la mezcla, puede dejar caer canicas desengrasadas o tuercas hexagonales en la botella de Cerakote para ayudar en la agitaci\u00f3n.<\/p>\n\t\t<\/div>\n\t\t\t\t\t<\/div>\n\n\t\n<\/div>","protected":false},"excerpt":{"rendered":"","protected":false},"author":1,"featured_media":0,"parent":3966,"menu_order":0,"comment_status":"closed","ping_status":"closed","template":"","meta":{"_acf_changed":false,"footnotes":""},"class_list":["post-3971","page","type-page","status-publish","hentry"],"yoast_head":"<!-- This site is optimized with the Yoast SEO plugin v26.7 - https:\/\/yoast.com\/wordpress\/plugins\/seo\/ -->\n<title>The Importance of Agitating Cerakote Fully Before Application - Cerakote South Africa<\/title>\n<meta name=\"robots\" content=\"index, follow, max-snippet:-1, max-image-preview:large, max-video-preview:-1\" \/>\n<link rel=\"canonical\" href=\"https:\/\/www.cerakotesa.com\/es\/knowledge-base\/the-importance-of-agitating-cerakote-fully-before-application\/\" \/>\n<meta property=\"og:locale\" content=\"es_ES\" \/>\n<meta property=\"og:type\" content=\"article\" \/>\n<meta property=\"og:title\" content=\"The Importance of Agitating Cerakote Fully Before Application - Cerakote South Africa\" \/>\n<meta property=\"og:url\" content=\"https:\/\/www.cerakotesa.com\/es\/knowledge-base\/the-importance-of-agitating-cerakote-fully-before-application\/\" \/>\n<meta property=\"og:site_name\" content=\"Cerakote South Africa\" \/>\n<meta name=\"twitter:card\" content=\"summary_large_image\" \/>\n<meta name=\"twitter:label1\" content=\"Tiempo de lectura\" \/>\n\t<meta name=\"twitter:data1\" content=\"1 minuto\" \/>\n<script type=\"application\/ld+json\" class=\"yoast-schema-graph\">{\"@context\":\"https:\/\/schema.org\",\"@graph\":[{\"@type\":\"WebPage\",\"@id\":\"https:\/\/www.cerakotesa.com\/knowledge-base\/the-importance-of-agitating-cerakote-fully-before-application\/\",\"url\":\"https:\/\/www.cerakotesa.com\/knowledge-base\/the-importance-of-agitating-cerakote-fully-before-application\/\",\"name\":\"The Importance of Agitating Cerakote Fully Before Application - Cerakote South Africa\",\"isPartOf\":{\"@id\":\"https:\/\/www.cerakotesa.com\/#website\"},\"datePublished\":\"2020-07-29T20:45:50+00:00\",\"breadcrumb\":{\"@id\":\"https:\/\/www.cerakotesa.com\/knowledge-base\/the-importance-of-agitating-cerakote-fully-before-application\/#breadcrumb\"},\"inLanguage\":\"es\",\"potentialAction\":[{\"@type\":\"ReadAction\",\"target\":[\"https:\/\/www.cerakotesa.com\/knowledge-base\/the-importance-of-agitating-cerakote-fully-before-application\/\"]}]},{\"@type\":\"BreadcrumbList\",\"@id\":\"https:\/\/www.cerakotesa.com\/knowledge-base\/the-importance-of-agitating-cerakote-fully-before-application\/#breadcrumb\",\"itemListElement\":[{\"@type\":\"ListItem\",\"position\":1,\"name\":\"Home\",\"item\":\"https:\/\/www.cerakotesa.com\/\"},{\"@type\":\"ListItem\",\"position\":2,\"name\":\"Knowledge Base\",\"item\":\"https:\/\/www.cerakotesa.com\/knowledge-base\/\"},{\"@type\":\"ListItem\",\"position\":3,\"name\":\"The Importance of Agitating Cerakote Fully Before Application\"}]},{\"@type\":\"WebSite\",\"@id\":\"https:\/\/www.cerakotesa.com\/#website\",\"url\":\"https:\/\/www.cerakotesa.com\/\",\"name\":\"Cerakote South Africa\",\"description\":\"Cerakote is a global leader in the manufacturing of thin-film protective ceramic coatings\",\"potentialAction\":[{\"@type\":\"SearchAction\",\"target\":{\"@type\":\"EntryPoint\",\"urlTemplate\":\"https:\/\/www.cerakotesa.com\/?s={search_term_string}\"},\"query-input\":{\"@type\":\"PropertyValueSpecification\",\"valueRequired\":true,\"valueName\":\"search_term_string\"}}],\"inLanguage\":\"es\"}]}<\/script>\n<!-- \/ Yoast SEO plugin. -->","yoast_head_json":{"title":"The Importance of Agitating Cerakote Fully Before Application - Cerakote South Africa","robots":{"index":"index","follow":"follow","max-snippet":"max-snippet:-1","max-image-preview":"max-image-preview:large","max-video-preview":"max-video-preview:-1"},"canonical":"https:\/\/www.cerakotesa.com\/es\/knowledge-base\/the-importance-of-agitating-cerakote-fully-before-application\/","og_locale":"es_ES","og_type":"article","og_title":"The Importance of Agitating Cerakote Fully Before Application - Cerakote South Africa","og_url":"https:\/\/www.cerakotesa.com\/es\/knowledge-base\/the-importance-of-agitating-cerakote-fully-before-application\/","og_site_name":"Cerakote South Africa","twitter_card":"summary_large_image","twitter_misc":{"Tiempo de lectura":"1 minuto"},"schema":{"@context":"https:\/\/schema.org","@graph":[{"@type":"WebPage","@id":"https:\/\/www.cerakotesa.com\/knowledge-base\/the-importance-of-agitating-cerakote-fully-before-application\/","url":"https:\/\/www.cerakotesa.com\/knowledge-base\/the-importance-of-agitating-cerakote-fully-before-application\/","name":"The Importance of Agitating Cerakote Fully Before Application - Cerakote South Africa","isPartOf":{"@id":"https:\/\/www.cerakotesa.com\/#website"},"datePublished":"2020-07-29T20:45:50+00:00","breadcrumb":{"@id":"https:\/\/www.cerakotesa.com\/knowledge-base\/the-importance-of-agitating-cerakote-fully-before-application\/#breadcrumb"},"inLanguage":"es","potentialAction":[{"@type":"ReadAction","target":["https:\/\/www.cerakotesa.com\/knowledge-base\/the-importance-of-agitating-cerakote-fully-before-application\/"]}]},{"@type":"BreadcrumbList","@id":"https:\/\/www.cerakotesa.com\/knowledge-base\/the-importance-of-agitating-cerakote-fully-before-application\/#breadcrumb","itemListElement":[{"@type":"ListItem","position":1,"name":"Home","item":"https:\/\/www.cerakotesa.com\/"},{"@type":"ListItem","position":2,"name":"Knowledge Base","item":"https:\/\/www.cerakotesa.com\/knowledge-base\/"},{"@type":"ListItem","position":3,"name":"The Importance of Agitating Cerakote Fully Before Application"}]},{"@type":"WebSite","@id":"https:\/\/www.cerakotesa.com\/#website","url":"https:\/\/www.cerakotesa.com\/","name":"Cerakote South Africa","description":"Cerakote es l\u00edder mundial en la fabricaci\u00f3n de recubrimientos cer\u00e1micos protectores de capa fina.","potentialAction":[{"@type":"SearchAction","target":{"@type":"EntryPoint","urlTemplate":"https:\/\/www.cerakotesa.com\/?s={search_term_string}"},"query-input":{"@type":"PropertyValueSpecification","valueRequired":true,"valueName":"search_term_string"}}],"inLanguage":"es"}]}},"acf":[],"_links":{"self":[{"href":"https:\/\/www.cerakotesa.com\/es\/wp-json\/wp\/v2\/pages\/3971","targetHints":{"allow":["GET"]}}],"collection":[{"href":"https:\/\/www.cerakotesa.com\/es\/wp-json\/wp\/v2\/pages"}],"about":[{"href":"https:\/\/www.cerakotesa.com\/es\/wp-json\/wp\/v2\/types\/page"}],"author":[{"embeddable":true,"href":"https:\/\/www.cerakotesa.com\/es\/wp-json\/wp\/v2\/users\/1"}],"replies":[{"embeddable":true,"href":"https:\/\/www.cerakotesa.com\/es\/wp-json\/wp\/v2\/comments?post=3971"}],"version-history":[{"count":0,"href":"https:\/\/www.cerakotesa.com\/es\/wp-json\/wp\/v2\/pages\/3971\/revisions"}],"up":[{"embeddable":true,"href":"https:\/\/www.cerakotesa.com\/es\/wp-json\/wp\/v2\/pages\/3966"}],"wp:attachment":[{"href":"https:\/\/www.cerakotesa.com\/es\/wp-json\/wp\/v2\/media?parent=3971"}],"curies":[{"name":"wp","href":"https:\/\/api.w.org\/{rel}","templated":true}]}}