{"id":3993,"date":"2020-07-29T22:40:56","date_gmt":"2020-07-29T21:40:56","guid":{"rendered":"https:\/\/www.cerakote.co.uk\/?page_id=3993"},"modified":"2025-05-15T11:43:28","modified_gmt":"2025-05-15T11:43:28","slug":"what-psi-do-i-set-my-spray-gun-to-apply-cerakote","status":"publish","type":"page","link":"https:\/\/www.cerakotesa.com\/es\/knowledge-base\/what-psi-do-i-set-my-spray-gun-to-apply-cerakote\/","title":{"rendered":"\u00bfQu\u00e9 PSI debo ajustar en mi pistola pulverizadora para aplicar Cerakote?"},"content":{"rendered":"<h2>CONSEJOS PARA PISTOLAS CERAKOTE<\/h2>\n\n<p>Es importante ajustar la presi\u00f3n del aire, o PSI, al valor correcto para la aplicaci\u00f3n adecuada de Cerakote. Le recomendamos que utilice los siguientes ajustes basados en la serie de recubrimiento que est\u00e1 pulverizando:<\/p>\n\t<div class=\"img has-hover x md-x lg-x y md-y lg-y\" id=\"image_232084417\">\n\t\t\t\t\t\t\t\t<div class=\"img-inner dark\" >\n\t\t\t<img loading=\"lazy\" decoding=\"async\" width=\"1020\" height=\"711\" src=\"https:\/\/www.cerakotesa.com\/wp-content\/uploads\/2020\/07\/cerakote_airgun.jpg\" class=\"attachment-large size-large\" alt=\"Pistola pulverizadora\" srcset=\"https:\/\/www.cerakotesa.com\/wp-content\/uploads\/2020\/07\/cerakote_airgun.jpg 1025w, https:\/\/www.cerakotesa.com\/wp-content\/uploads\/2020\/07\/cerakote_airgun-247x172.jpg 247w, https:\/\/www.cerakotesa.com\/wp-content\/uploads\/2020\/07\/cerakote_airgun-510x355.jpg 510w, https:\/\/www.cerakotesa.com\/wp-content\/uploads\/2020\/07\/cerakote_airgun-300x209.jpg 300w, https:\/\/www.cerakotesa.com\/wp-content\/uploads\/2020\/07\/cerakote_airgun-768x535.jpg 768w\" sizes=\"auto, (max-width: 1020px) 100vw, 1020px\" \/>\t\t\t\t\t\t\n\t\t\t\t\t<\/div>\n\t\t\t\t\t\t\t\t\n<style>\n#image_232084417 {\n  width: 69%;\n}\n<\/style>\n\t<\/div>\n\t\n\n\t<div class=\"img has-hover x md-x lg-x y md-y lg-y\" id=\"image_1854522157\">\n\t\t\t\t\t\t\t\t<div class=\"img-inner dark\" >\n\t\t\t<img loading=\"lazy\" decoding=\"async\" width=\"1020\" height=\"174\" src=\"https:\/\/www.cerakotesa.com\/wp-content\/uploads\/2020\/07\/spray_table-1024x175.jpg\" class=\"attachment-large size-large\" alt=\"Mesa de pulverizaci\u00f3n\" srcset=\"https:\/\/www.cerakotesa.com\/wp-content\/uploads\/2020\/07\/spray_table-1024x175.jpg 1024w, https:\/\/www.cerakotesa.com\/wp-content\/uploads\/2020\/07\/spray_table-247x42.jpg 247w, https:\/\/www.cerakotesa.com\/wp-content\/uploads\/2020\/07\/spray_table-510x87.jpg 510w, https:\/\/www.cerakotesa.com\/wp-content\/uploads\/2020\/07\/spray_table-300x51.jpg 300w, https:\/\/www.cerakotesa.com\/wp-content\/uploads\/2020\/07\/spray_table-768x131.jpg 768w, https:\/\/www.cerakotesa.com\/wp-content\/uploads\/2020\/07\/spray_table-1536x262.jpg 1536w, https:\/\/www.cerakotesa.com\/wp-content\/uploads\/2020\/07\/spray_table.jpg 1814w\" sizes=\"auto, (max-width: 1020px) 100vw, 1020px\" \/>\t\t\t\t\t\t\n\t\t\t\t\t<\/div>\n\t\t\t\t\t\t\t\t\n<style>\n#image_1854522157 {\n  width: 100%;\n}\n<\/style>\n\t<\/div>\n\t\n\n<h2>CONSEJOS PROFESIONALES PARA AJUSTAR LA PRESI\u00d3N DEL AIRE<\/h2>\n<ul>\n<li><strong>Metalizados<\/strong>: Debido a las altas concentraciones de escamas met\u00e1licas, estos revestimientos pueden ser m\u00e1s propensos a la pulverizaci\u00f3n seca. Reducir ligeramente el PSI ayudar\u00e1 a reducir este problema.<\/li>\n<li><strong>Baja viscosidad<\/strong>: Los recubrimientos m\u00e1s finos pueden ser susceptibles de transparencias o corridas. Aumentar ligeramente la presi\u00f3n del aire ayudar\u00e1 a atomizar el producto pulverizado para evitar que se corra y\/o que se produzca un acabado transparente.<\/li>\n<li><strong>Alta viscosidad<\/strong>: Los revestimientos de alta viscosidad tambi\u00e9n pueden ser propensos a la pulverizaci\u00f3n seca debido a la disminuci\u00f3n del flujo. Un ligero aumento de la presi\u00f3n del aire aumentar\u00e1 el flujo del revestimiento y reducir\u00e1 la posibilidad de pulverizaci\u00f3n seca.<\/li>\n\n<\/ul>","protected":false},"excerpt":{"rendered":"<p>CERAKOTE SPRAY GUN TIPS It\u2019s important to set your air pressure, or PSI, at the correct setting for the proper application of Cerakote. We recommend you use the following settings based on the series of coating you are spraying: PRO TIPS FOR ADJUSTING AIR PRESSURE Metallics: Due to higher concentrations of metallic flake, these coatings [&#8230;]","protected":false},"author":1,"featured_media":0,"parent":3966,"menu_order":0,"comment_status":"closed","ping_status":"closed","template":"","meta":{"_acf_changed":false,"footnotes":""},"class_list":["post-3993","page","type-page","status-publish","hentry"],"yoast_head":"<!-- This site is optimized with the Yoast SEO plugin v26.7 - https:\/\/yoast.com\/wordpress\/plugins\/seo\/ -->\n<title>What PSI Do I Set My Spray Gun to Apply Cerakote? - Cerakote South Africa<\/title>\n<meta name=\"robots\" content=\"index, follow, max-snippet:-1, max-image-preview:large, max-video-preview:-1\" \/>\n<link rel=\"canonical\" href=\"https:\/\/www.cerakotesa.com\/es\/knowledge-base\/what-psi-do-i-set-my-spray-gun-to-apply-cerakote\/\" \/>\n<meta property=\"og:locale\" content=\"es_ES\" \/>\n<meta property=\"og:type\" content=\"article\" \/>\n<meta property=\"og:title\" content=\"What PSI Do I Set My Spray Gun to Apply Cerakote? - Cerakote South Africa\" \/>\n<meta property=\"og:description\" content=\"CERAKOTE SPRAY GUN TIPS It\u2019s important to set your air pressure, or PSI, at the correct setting for the proper application of Cerakote. We recommend you use the following settings based on the series of coating you are spraying: PRO TIPS FOR ADJUSTING AIR PRESSURE Metallics: Due to higher concentrations of metallic flake, these coatings [...]\" \/>\n<meta property=\"og:url\" content=\"https:\/\/www.cerakotesa.com\/es\/knowledge-base\/what-psi-do-i-set-my-spray-gun-to-apply-cerakote\/\" \/>\n<meta property=\"og:site_name\" content=\"Cerakote South Africa\" \/>\n<meta property=\"article:modified_time\" content=\"2025-05-15T11:43:28+00:00\" \/>\n<meta name=\"twitter:card\" content=\"summary_large_image\" \/>\n<meta name=\"twitter:label1\" content=\"Tiempo de lectura\" \/>\n\t<meta name=\"twitter:data1\" content=\"1 minuto\" \/>\n<script type=\"application\/ld+json\" class=\"yoast-schema-graph\">{\"@context\":\"https:\/\/schema.org\",\"@graph\":[{\"@type\":\"WebPage\",\"@id\":\"https:\/\/www.cerakotesa.com\/knowledge-base\/what-psi-do-i-set-my-spray-gun-to-apply-cerakote\/\",\"url\":\"https:\/\/www.cerakotesa.com\/knowledge-base\/what-psi-do-i-set-my-spray-gun-to-apply-cerakote\/\",\"name\":\"What PSI Do I Set My Spray Gun to Apply Cerakote? - Cerakote South Africa\",\"isPartOf\":{\"@id\":\"https:\/\/www.cerakotesa.com\/#website\"},\"datePublished\":\"2020-07-29T21:40:56+00:00\",\"dateModified\":\"2025-05-15T11:43:28+00:00\",\"breadcrumb\":{\"@id\":\"https:\/\/www.cerakotesa.com\/knowledge-base\/what-psi-do-i-set-my-spray-gun-to-apply-cerakote\/#breadcrumb\"},\"inLanguage\":\"es\",\"potentialAction\":[{\"@type\":\"ReadAction\",\"target\":[\"https:\/\/www.cerakotesa.com\/knowledge-base\/what-psi-do-i-set-my-spray-gun-to-apply-cerakote\/\"]}]},{\"@type\":\"BreadcrumbList\",\"@id\":\"https:\/\/www.cerakotesa.com\/knowledge-base\/what-psi-do-i-set-my-spray-gun-to-apply-cerakote\/#breadcrumb\",\"itemListElement\":[{\"@type\":\"ListItem\",\"position\":1,\"name\":\"Home\",\"item\":\"https:\/\/www.cerakotesa.com\/\"},{\"@type\":\"ListItem\",\"position\":2,\"name\":\"Knowledge Base\",\"item\":\"https:\/\/www.cerakotesa.com\/knowledge-base\/\"},{\"@type\":\"ListItem\",\"position\":3,\"name\":\"What PSI Do I Set My Spray Gun to Apply Cerakote?\"}]},{\"@type\":\"WebSite\",\"@id\":\"https:\/\/www.cerakotesa.com\/#website\",\"url\":\"https:\/\/www.cerakotesa.com\/\",\"name\":\"Cerakote South Africa\",\"description\":\"Cerakote is a global leader in the manufacturing of thin-film protective ceramic coatings\",\"potentialAction\":[{\"@type\":\"SearchAction\",\"target\":{\"@type\":\"EntryPoint\",\"urlTemplate\":\"https:\/\/www.cerakotesa.com\/?s={search_term_string}\"},\"query-input\":{\"@type\":\"PropertyValueSpecification\",\"valueRequired\":true,\"valueName\":\"search_term_string\"}}],\"inLanguage\":\"es\"}]}<\/script>\n<!-- \/ Yoast SEO plugin. -->","yoast_head_json":{"title":"What PSI Do I Set My Spray Gun to Apply Cerakote? - Cerakote South Africa","robots":{"index":"index","follow":"follow","max-snippet":"max-snippet:-1","max-image-preview":"max-image-preview:large","max-video-preview":"max-video-preview:-1"},"canonical":"https:\/\/www.cerakotesa.com\/es\/knowledge-base\/what-psi-do-i-set-my-spray-gun-to-apply-cerakote\/","og_locale":"es_ES","og_type":"article","og_title":"What PSI Do I Set My Spray Gun to Apply Cerakote? - Cerakote South Africa","og_description":"CERAKOTE SPRAY GUN TIPS It\u2019s important to set your air pressure, or PSI, at the correct setting for the proper application of Cerakote. We recommend you use the following settings based on the series of coating you are spraying: PRO TIPS FOR ADJUSTING AIR PRESSURE Metallics: Due to higher concentrations of metallic flake, these coatings [...]","og_url":"https:\/\/www.cerakotesa.com\/es\/knowledge-base\/what-psi-do-i-set-my-spray-gun-to-apply-cerakote\/","og_site_name":"Cerakote South Africa","article_modified_time":"2025-05-15T11:43:28+00:00","twitter_card":"summary_large_image","twitter_misc":{"Tiempo de lectura":"1 minuto"},"schema":{"@context":"https:\/\/schema.org","@graph":[{"@type":"WebPage","@id":"https:\/\/www.cerakotesa.com\/knowledge-base\/what-psi-do-i-set-my-spray-gun-to-apply-cerakote\/","url":"https:\/\/www.cerakotesa.com\/knowledge-base\/what-psi-do-i-set-my-spray-gun-to-apply-cerakote\/","name":"What PSI Do I Set My Spray Gun to Apply Cerakote? - Cerakote South Africa","isPartOf":{"@id":"https:\/\/www.cerakotesa.com\/#website"},"datePublished":"2020-07-29T21:40:56+00:00","dateModified":"2025-05-15T11:43:28+00:00","breadcrumb":{"@id":"https:\/\/www.cerakotesa.com\/knowledge-base\/what-psi-do-i-set-my-spray-gun-to-apply-cerakote\/#breadcrumb"},"inLanguage":"es","potentialAction":[{"@type":"ReadAction","target":["https:\/\/www.cerakotesa.com\/knowledge-base\/what-psi-do-i-set-my-spray-gun-to-apply-cerakote\/"]}]},{"@type":"BreadcrumbList","@id":"https:\/\/www.cerakotesa.com\/knowledge-base\/what-psi-do-i-set-my-spray-gun-to-apply-cerakote\/#breadcrumb","itemListElement":[{"@type":"ListItem","position":1,"name":"Home","item":"https:\/\/www.cerakotesa.com\/"},{"@type":"ListItem","position":2,"name":"Knowledge Base","item":"https:\/\/www.cerakotesa.com\/knowledge-base\/"},{"@type":"ListItem","position":3,"name":"What PSI Do I Set My Spray Gun to Apply Cerakote?"}]},{"@type":"WebSite","@id":"https:\/\/www.cerakotesa.com\/#website","url":"https:\/\/www.cerakotesa.com\/","name":"Cerakote South Africa","description":"Cerakote es l\u00edder mundial en la fabricaci\u00f3n de recubrimientos cer\u00e1micos protectores de capa fina.","potentialAction":[{"@type":"SearchAction","target":{"@type":"EntryPoint","urlTemplate":"https:\/\/www.cerakotesa.com\/?s={search_term_string}"},"query-input":{"@type":"PropertyValueSpecification","valueRequired":true,"valueName":"search_term_string"}}],"inLanguage":"es"}]}},"acf":[],"_links":{"self":[{"href":"https:\/\/www.cerakotesa.com\/es\/wp-json\/wp\/v2\/pages\/3993","targetHints":{"allow":["GET"]}}],"collection":[{"href":"https:\/\/www.cerakotesa.com\/es\/wp-json\/wp\/v2\/pages"}],"about":[{"href":"https:\/\/www.cerakotesa.com\/es\/wp-json\/wp\/v2\/types\/page"}],"author":[{"embeddable":true,"href":"https:\/\/www.cerakotesa.com\/es\/wp-json\/wp\/v2\/users\/1"}],"replies":[{"embeddable":true,"href":"https:\/\/www.cerakotesa.com\/es\/wp-json\/wp\/v2\/comments?post=3993"}],"version-history":[{"count":0,"href":"https:\/\/www.cerakotesa.com\/es\/wp-json\/wp\/v2\/pages\/3993\/revisions"}],"up":[{"embeddable":true,"href":"https:\/\/www.cerakotesa.com\/es\/wp-json\/wp\/v2\/pages\/3966"}],"wp:attachment":[{"href":"https:\/\/www.cerakotesa.com\/es\/wp-json\/wp\/v2\/media?parent=3993"}],"curies":[{"name":"wp","href":"https:\/\/api.w.org\/{rel}","templated":true}]}}