{"id":4033,"date":"2020-07-31T16:38:17","date_gmt":"2020-07-31T15:38:17","guid":{"rendered":"https:\/\/www.cerakote.co.uk\/?page_id=4033"},"modified":"2020-07-31T16:38:17","modified_gmt":"2020-07-31T15:38:17","slug":"what-is-the-shelf-life-of-cerakote","status":"publish","type":"page","link":"https:\/\/www.cerakotesa.com\/es\/knowledge-base\/what-is-the-shelf-life-of-cerakote\/","title":{"rendered":"\u00bfCu\u00e1l es la vida \u00fatil de Cerakote?"},"content":{"rendered":"<h2>\u00bfCu\u00e1l es la vida \u00fatil de Cerakote?<\/h2>\n<h3>DETALLES PARA EL ALMACENAMIENTO DE CERAKOTE<\/h3>\n<p>En Cerakote, respaldamos nuestros productos. Garantizamos todos los productos Cerakote durante 12 meses a partir de la fecha de env\u00edo. Para asegurarnos de que usted reciba un producto de la m\u00e1s alta calidad, cada lote de Cerakote se somete a pruebas de consistencia y pasa por nuestro Laboratorio de Control de Calidad para la revisi\u00f3n de Color, Brillo y Viscosidad.<\/p>\n<p>Si tiene problemas con el producto Cerakote y determinamos que es defectuoso, sustituiremos el revestimiento o le reembolsaremos \u00edntegramente el precio original de compra.<\/p>\n<h3>CONSEJOS PROFESIONALES PARA LA CONSERVACI\u00d3N<br \/>\nPida<\/h3>\n<ul>\n<li>Pida revestimiento s\u00f3lo cuando sea necesario (esto ayudar\u00e1 a evitar el exceso de existencias de materiales y a minimizar los productos caducados).<\/li>\n<li>Agite peri\u00f3dicamente las botellas de Cerakote que hayan estado almacenadas durante largos periodos de tiempo (esto facilitar\u00e1 la agitaci\u00f3n para su uso futuro).<\/li>\n<\/ul>\n\t<div class=\"img has-hover x md-x lg-x y md-y lg-y\" id=\"image_1268717838\">\n\t\t\t\t\t\t\t\t<div class=\"img-inner dark\" >\n\t\t\t<img loading=\"lazy\" decoding=\"async\" width=\"1020\" height=\"680\" src=\"https:\/\/www.cerakotesa.com\/wp-content\/uploads\/2020\/07\/cerakote_storage-1024x683.jpg\" class=\"attachment-large size-large\" alt=\"Almacenamiento Cerakote\" srcset=\"https:\/\/www.cerakotesa.com\/wp-content\/uploads\/2020\/07\/cerakote_storage-1024x683.jpg 1024w, https:\/\/www.cerakotesa.com\/wp-content\/uploads\/2020\/07\/cerakote_storage-247x165.jpg 247w, https:\/\/www.cerakotesa.com\/wp-content\/uploads\/2020\/07\/cerakote_storage-510x340.jpg 510w, https:\/\/www.cerakotesa.com\/wp-content\/uploads\/2020\/07\/cerakote_storage-300x200.jpg 300w, https:\/\/www.cerakotesa.com\/wp-content\/uploads\/2020\/07\/cerakote_storage-768x512.jpg 768w, https:\/\/www.cerakotesa.com\/wp-content\/uploads\/2020\/07\/cerakote_storage.jpg 1200w\" sizes=\"auto, (max-width: 1020px) 100vw, 1020px\" \/>\t\t\t\t\t\t\n\t\t\t\t\t<\/div>\n\t\t\t\t\t\t\t\t\n<style>\n#image_1268717838 {\n  width: 97%;\n}\n<\/style>\n\t<\/div>","protected":false},"excerpt":{"rendered":"<p>What is the Shelf Life of Cerakote? DETAILS FOR CERAKOTE STORAGE At Cerakote, we stand behind our products. We warranty all Cerakote products for 12 months from the date of shipment. To ensure you receive the highest quality product, every lot number of Cerakote gets tested for consistency and goes through our Quality Control Lab [&#8230;]","protected":false},"author":1,"featured_media":0,"parent":3966,"menu_order":0,"comment_status":"closed","ping_status":"closed","template":"","meta":{"_acf_changed":false,"footnotes":""},"class_list":["post-4033","page","type-page","status-publish","hentry"],"yoast_head":"<!-- This site is optimized with the Yoast SEO plugin v26.7 - https:\/\/yoast.com\/wordpress\/plugins\/seo\/ -->\n<title>What is the Shelf Life of Cerakote? - Cerakote South Africa<\/title>\n<meta name=\"robots\" content=\"index, follow, max-snippet:-1, max-image-preview:large, max-video-preview:-1\" \/>\n<link rel=\"canonical\" href=\"https:\/\/www.cerakotesa.com\/es\/knowledge-base\/what-is-the-shelf-life-of-cerakote\/\" \/>\n<meta property=\"og:locale\" content=\"es_ES\" \/>\n<meta property=\"og:type\" content=\"article\" \/>\n<meta property=\"og:title\" content=\"What is the Shelf Life of Cerakote? - Cerakote South Africa\" \/>\n<meta property=\"og:description\" content=\"What is the Shelf Life of Cerakote? DETAILS FOR CERAKOTE STORAGE At Cerakote, we stand behind our products. We warranty all Cerakote products for 12 months from the date of shipment. To ensure you receive the highest quality product, every lot number of Cerakote gets tested for consistency and goes through our Quality Control Lab [...]\" \/>\n<meta property=\"og:url\" content=\"https:\/\/www.cerakotesa.com\/es\/knowledge-base\/what-is-the-shelf-life-of-cerakote\/\" \/>\n<meta property=\"og:site_name\" content=\"Cerakote South Africa\" \/>\n<meta name=\"twitter:card\" content=\"summary_large_image\" \/>\n<meta name=\"twitter:label1\" content=\"Tiempo de lectura\" \/>\n\t<meta name=\"twitter:data1\" content=\"1 minuto\" \/>\n<script type=\"application\/ld+json\" class=\"yoast-schema-graph\">{\"@context\":\"https:\/\/schema.org\",\"@graph\":[{\"@type\":\"WebPage\",\"@id\":\"https:\/\/www.cerakotesa.com\/knowledge-base\/what-is-the-shelf-life-of-cerakote\/\",\"url\":\"https:\/\/www.cerakotesa.com\/knowledge-base\/what-is-the-shelf-life-of-cerakote\/\",\"name\":\"What is the Shelf Life of Cerakote? - Cerakote South Africa\",\"isPartOf\":{\"@id\":\"https:\/\/www.cerakotesa.com\/#website\"},\"datePublished\":\"2020-07-31T15:38:17+00:00\",\"breadcrumb\":{\"@id\":\"https:\/\/www.cerakotesa.com\/knowledge-base\/what-is-the-shelf-life-of-cerakote\/#breadcrumb\"},\"inLanguage\":\"es\",\"potentialAction\":[{\"@type\":\"ReadAction\",\"target\":[\"https:\/\/www.cerakotesa.com\/knowledge-base\/what-is-the-shelf-life-of-cerakote\/\"]}]},{\"@type\":\"BreadcrumbList\",\"@id\":\"https:\/\/www.cerakotesa.com\/knowledge-base\/what-is-the-shelf-life-of-cerakote\/#breadcrumb\",\"itemListElement\":[{\"@type\":\"ListItem\",\"position\":1,\"name\":\"Home\",\"item\":\"https:\/\/www.cerakotesa.com\/\"},{\"@type\":\"ListItem\",\"position\":2,\"name\":\"Knowledge Base\",\"item\":\"https:\/\/www.cerakotesa.com\/knowledge-base\/\"},{\"@type\":\"ListItem\",\"position\":3,\"name\":\"What is the Shelf Life of Cerakote?\"}]},{\"@type\":\"WebSite\",\"@id\":\"https:\/\/www.cerakotesa.com\/#website\",\"url\":\"https:\/\/www.cerakotesa.com\/\",\"name\":\"Cerakote South Africa\",\"description\":\"Cerakote is a global leader in the manufacturing of thin-film protective ceramic coatings\",\"potentialAction\":[{\"@type\":\"SearchAction\",\"target\":{\"@type\":\"EntryPoint\",\"urlTemplate\":\"https:\/\/www.cerakotesa.com\/?s={search_term_string}\"},\"query-input\":{\"@type\":\"PropertyValueSpecification\",\"valueRequired\":true,\"valueName\":\"search_term_string\"}}],\"inLanguage\":\"es\"}]}<\/script>\n<!-- \/ Yoast SEO plugin. -->","yoast_head_json":{"title":"What is the Shelf Life of Cerakote? - Cerakote South Africa","robots":{"index":"index","follow":"follow","max-snippet":"max-snippet:-1","max-image-preview":"max-image-preview:large","max-video-preview":"max-video-preview:-1"},"canonical":"https:\/\/www.cerakotesa.com\/es\/knowledge-base\/what-is-the-shelf-life-of-cerakote\/","og_locale":"es_ES","og_type":"article","og_title":"What is the Shelf Life of Cerakote? - Cerakote South Africa","og_description":"What is the Shelf Life of Cerakote? DETAILS FOR CERAKOTE STORAGE At Cerakote, we stand behind our products. We warranty all Cerakote products for 12 months from the date of shipment. To ensure you receive the highest quality product, every lot number of Cerakote gets tested for consistency and goes through our Quality Control Lab [...]","og_url":"https:\/\/www.cerakotesa.com\/es\/knowledge-base\/what-is-the-shelf-life-of-cerakote\/","og_site_name":"Cerakote South Africa","twitter_card":"summary_large_image","twitter_misc":{"Tiempo de lectura":"1 minuto"},"schema":{"@context":"https:\/\/schema.org","@graph":[{"@type":"WebPage","@id":"https:\/\/www.cerakotesa.com\/knowledge-base\/what-is-the-shelf-life-of-cerakote\/","url":"https:\/\/www.cerakotesa.com\/knowledge-base\/what-is-the-shelf-life-of-cerakote\/","name":"What is the Shelf Life of Cerakote? - Cerakote South Africa","isPartOf":{"@id":"https:\/\/www.cerakotesa.com\/#website"},"datePublished":"2020-07-31T15:38:17+00:00","breadcrumb":{"@id":"https:\/\/www.cerakotesa.com\/knowledge-base\/what-is-the-shelf-life-of-cerakote\/#breadcrumb"},"inLanguage":"es","potentialAction":[{"@type":"ReadAction","target":["https:\/\/www.cerakotesa.com\/knowledge-base\/what-is-the-shelf-life-of-cerakote\/"]}]},{"@type":"BreadcrumbList","@id":"https:\/\/www.cerakotesa.com\/knowledge-base\/what-is-the-shelf-life-of-cerakote\/#breadcrumb","itemListElement":[{"@type":"ListItem","position":1,"name":"Home","item":"https:\/\/www.cerakotesa.com\/"},{"@type":"ListItem","position":2,"name":"Knowledge Base","item":"https:\/\/www.cerakotesa.com\/knowledge-base\/"},{"@type":"ListItem","position":3,"name":"What is the Shelf Life of Cerakote?"}]},{"@type":"WebSite","@id":"https:\/\/www.cerakotesa.com\/#website","url":"https:\/\/www.cerakotesa.com\/","name":"Cerakote South Africa","description":"Cerakote es l\u00edder mundial en la fabricaci\u00f3n de recubrimientos cer\u00e1micos protectores de capa fina.","potentialAction":[{"@type":"SearchAction","target":{"@type":"EntryPoint","urlTemplate":"https:\/\/www.cerakotesa.com\/?s={search_term_string}"},"query-input":{"@type":"PropertyValueSpecification","valueRequired":true,"valueName":"search_term_string"}}],"inLanguage":"es"}]}},"acf":[],"_links":{"self":[{"href":"https:\/\/www.cerakotesa.com\/es\/wp-json\/wp\/v2\/pages\/4033","targetHints":{"allow":["GET"]}}],"collection":[{"href":"https:\/\/www.cerakotesa.com\/es\/wp-json\/wp\/v2\/pages"}],"about":[{"href":"https:\/\/www.cerakotesa.com\/es\/wp-json\/wp\/v2\/types\/page"}],"author":[{"embeddable":true,"href":"https:\/\/www.cerakotesa.com\/es\/wp-json\/wp\/v2\/users\/1"}],"replies":[{"embeddable":true,"href":"https:\/\/www.cerakotesa.com\/es\/wp-json\/wp\/v2\/comments?post=4033"}],"version-history":[{"count":0,"href":"https:\/\/www.cerakotesa.com\/es\/wp-json\/wp\/v2\/pages\/4033\/revisions"}],"up":[{"embeddable":true,"href":"https:\/\/www.cerakotesa.com\/es\/wp-json\/wp\/v2\/pages\/3966"}],"wp:attachment":[{"href":"https:\/\/www.cerakotesa.com\/es\/wp-json\/wp\/v2\/media?parent=4033"}],"curies":[{"name":"wp","href":"https:\/\/api.w.org\/{rel}","templated":true}]}}