{"id":4045,"date":"2020-07-31T17:30:54","date_gmt":"2020-07-31T16:30:54","guid":{"rendered":"https:\/\/www.cerakote.co.uk\/?page_id=4045"},"modified":"2023-12-19T15:13:06","modified_gmt":"2023-12-19T15:13:06","slug":"what-is-mil-thickness-and-why-does-it-matter","status":"publish","type":"page","link":"https:\/\/www.cerakotesa.com\/es\/knowledge-base\/what-is-mil-thickness-and-why-does-it-matter\/","title":{"rendered":"\u00bfQu\u00e9 es el espesor de la fibra y por qu\u00e9 es importante?"},"content":{"rendered":"<h2>\u00bfQU\u00c9 ES EL ESPESOR MIL? \u00bfC\u00d3MO AFECTA AL CERAKOTE?<\/h2>\n<p>\u00bfQU\u00c9 ES EL ESPESOR MIL? \u00bfC\u00d3MO AFECTA AL CERAKOTE?<\/p>\n<p>Un \"mil\" es una unidad de medida \u00fanica utilizada para determinar el grosor de un revestimiento. Para ello se utilizan instrumentos especiales denominados <a href=\"https:\/\/www.cerakotesa.com\/product\/mil-thickness-gauge-se-321\/\">Medidores de espesor Mil o Coating<\/a> se utilizan para medir el grosor del mil\u00edmetro. \u00bfQu\u00e9 grosor tiene un mil? El grosor medio de una tarjeta de cr\u00e9dito es de 30 mils. Un mil es 1\/30 del grosor de una tarjeta de cr\u00e9dito.<\/p>\n<p>Nota: Un mil es 1\/1000 de pulgada. Un mil NO equivale a 1 mm.<\/p>\n\t<div class=\"img has-hover x md-x lg-x y md-y lg-y\" id=\"image_1457045021\">\n\t\t\t\t\t\t\t\t<div class=\"img-inner dark\" >\n\t\t\t<img loading=\"lazy\" decoding=\"async\" width=\"1200\" height=\"800\" src=\"https:\/\/www.cerakotesa.com\/wp-content\/uploads\/2023\/12\/howthickis1mil-dt20200603224402501531.webp\" class=\"attachment-original size-original\" alt=\"\" srcset=\"https:\/\/www.cerakotesa.com\/wp-content\/uploads\/2023\/12\/howthickis1mil-dt20200603224402501531.webp 1200w, https:\/\/www.cerakotesa.com\/wp-content\/uploads\/2023\/12\/howthickis1mil-dt20200603224402501531-247x165.webp 247w, https:\/\/www.cerakotesa.com\/wp-content\/uploads\/2023\/12\/howthickis1mil-dt20200603224402501531-510x340.webp 510w, https:\/\/www.cerakotesa.com\/wp-content\/uploads\/2023\/12\/howthickis1mil-dt20200603224402501531-300x200.webp 300w, https:\/\/www.cerakotesa.com\/wp-content\/uploads\/2023\/12\/howthickis1mil-dt20200603224402501531-1024x683.webp 1024w, https:\/\/www.cerakotesa.com\/wp-content\/uploads\/2023\/12\/howthickis1mil-dt20200603224402501531-768x512.webp 768w, https:\/\/www.cerakotesa.com\/wp-content\/uploads\/2023\/12\/howthickis1mil-dt20200603224402501531-18x12.webp 18w, https:\/\/www.cerakotesa.com\/wp-content\/uploads\/2023\/12\/howthickis1mil-dt20200603224402501531-32x21.webp 32w\" sizes=\"auto, (max-width: 1200px) 100vw, 1200px\" \/>\t\t\t\t\t\t\n\t\t\t\t\t<\/div>\n\t\t\t\t\t\t\t\t\n<style>\n#image_1457045021 {\n  width: 64%;\n}\n<\/style>\n\t<\/div>\n\t\n\n<p>El espesor del revestimiento no s\u00f3lo afecta al aspecto de los revestimientos Cerakote, sino tambi\u00e9n a su rendimiento y cualidades protectoras. Un revestimiento con un espesor demasiado fino puede tener una cobertura inferior a 100%, dejando el sustrato vulnerable a la corrosi\u00f3n. Un revestimiento demasiado grueso puede tener una durabilidad general menor. Es importante conseguir siempre el grosor de capa correcto al aplicar Cerakote.<\/p>\n\t<div class=\"img has-hover x md-x lg-x y md-y lg-y\" id=\"image_739726450\">\n\t\t<a class=\"\" href=\"https:\/\/www.cerakotesa.com\/product\/mil-thickness-gauge-se-321\/\" target=\"_blank\" rel=\"noopener\" >\t\t\t\t\t\t<div class=\"img-inner dark\" >\n\t\t\t<img loading=\"lazy\" decoding=\"async\" width=\"1020\" height=\"680\" src=\"https:\/\/www.cerakotesa.com\/wp-content\/uploads\/2023\/12\/milthicknessreader-dt20200603222546391005-1024x683.webp\" class=\"attachment-large size-large\" alt=\"\" srcset=\"https:\/\/www.cerakotesa.com\/wp-content\/uploads\/2023\/12\/milthicknessreader-dt20200603222546391005-1024x683.webp 1024w, https:\/\/www.cerakotesa.com\/wp-content\/uploads\/2023\/12\/milthicknessreader-dt20200603222546391005-247x165.webp 247w, https:\/\/www.cerakotesa.com\/wp-content\/uploads\/2023\/12\/milthicknessreader-dt20200603222546391005-510x340.webp 510w, https:\/\/www.cerakotesa.com\/wp-content\/uploads\/2023\/12\/milthicknessreader-dt20200603222546391005-300x200.webp 300w, https:\/\/www.cerakotesa.com\/wp-content\/uploads\/2023\/12\/milthicknessreader-dt20200603222546391005-768x512.webp 768w, https:\/\/www.cerakotesa.com\/wp-content\/uploads\/2023\/12\/milthicknessreader-dt20200603222546391005-18x12.webp 18w, https:\/\/www.cerakotesa.com\/wp-content\/uploads\/2023\/12\/milthicknessreader-dt20200603222546391005-32x21.webp 32w, https:\/\/www.cerakotesa.com\/wp-content\/uploads\/2023\/12\/milthicknessreader-dt20200603222546391005.webp 1200w\" sizes=\"auto, (max-width: 1020px) 100vw, 1020px\" \/>\t\t\t\t\t\t\n\t\t\t\t\t<\/div>\n\t\t\t\t\t\t<\/a>\t\t\n<style>\n#image_739726450 {\n  width: 43%;\n}\n<\/style>\n\t<\/div>\n\t\n\n<p>Recomendamos encarecidamente utilizar el <a href=\"https:\/\/www.cerakotesa.com\/product\/mil-thickness-gauge-se-321\/\">Medidor de espesor Cerakote mil<\/a> para comprobar la cobertura adecuada de las piezas pulverizadas. El medidor que ofrecemos funciona en metales ferrosos, como hierro fundido, carbono y acero inoxidable, as\u00ed como en metales no ferrosos, como el aluminio.<\/p>\n<p>Para obtener m\u00e1s informaci\u00f3n sobre el espesor Mil y c\u00f3mo se aplica a Cerakote, puede consultar nuestro v\u00eddeo:<\/p>\n<p><iframe loading=\"lazy\" src=\"https:\/\/www.youtube.com\/embed\/0ckKuFWo1p0\" width=\"300\" height=\"150\" frameborder=\"0\" allowfullscreen=\"allowfullscreen\"><\/iframe><\/p>","protected":false},"excerpt":{"rendered":"","protected":false},"author":1,"featured_media":0,"parent":3966,"menu_order":0,"comment_status":"closed","ping_status":"closed","template":"","meta":{"_acf_changed":false,"footnotes":""},"class_list":["post-4045","page","type-page","status-publish","hentry"],"yoast_head":"<!-- This site is optimized with the Yoast SEO plugin v26.7 - https:\/\/yoast.com\/wordpress\/plugins\/seo\/ -->\n<title>What is mil Thickness and Why Does it Matter? - Cerakote South Africa<\/title>\n<meta name=\"robots\" content=\"index, follow, max-snippet:-1, max-image-preview:large, max-video-preview:-1\" \/>\n<link rel=\"canonical\" href=\"https:\/\/www.cerakotesa.com\/es\/knowledge-base\/what-is-mil-thickness-and-why-does-it-matter\/\" \/>\n<meta property=\"og:locale\" content=\"es_ES\" \/>\n<meta property=\"og:type\" content=\"article\" \/>\n<meta property=\"og:title\" content=\"What is mil Thickness and Why Does it Matter? - Cerakote South Africa\" \/>\n<meta property=\"og:url\" content=\"https:\/\/www.cerakotesa.com\/es\/knowledge-base\/what-is-mil-thickness-and-why-does-it-matter\/\" \/>\n<meta property=\"og:site_name\" content=\"Cerakote South Africa\" \/>\n<meta property=\"article:modified_time\" content=\"2023-12-19T15:13:06+00:00\" \/>\n<meta name=\"twitter:card\" content=\"summary_large_image\" \/>\n<meta name=\"twitter:label1\" content=\"Tiempo de lectura\" \/>\n\t<meta name=\"twitter:data1\" content=\"1 minuto\" \/>\n<script type=\"application\/ld+json\" class=\"yoast-schema-graph\">{\"@context\":\"https:\/\/schema.org\",\"@graph\":[{\"@type\":\"WebPage\",\"@id\":\"https:\/\/www.cerakotesa.com\/knowledge-base\/what-is-mil-thickness-and-why-does-it-matter\/\",\"url\":\"https:\/\/www.cerakotesa.com\/knowledge-base\/what-is-mil-thickness-and-why-does-it-matter\/\",\"name\":\"What is mil Thickness and Why Does it Matter? - Cerakote South Africa\",\"isPartOf\":{\"@id\":\"https:\/\/www.cerakotesa.com\/#website\"},\"datePublished\":\"2020-07-31T16:30:54+00:00\",\"dateModified\":\"2023-12-19T15:13:06+00:00\",\"breadcrumb\":{\"@id\":\"https:\/\/www.cerakotesa.com\/knowledge-base\/what-is-mil-thickness-and-why-does-it-matter\/#breadcrumb\"},\"inLanguage\":\"es\",\"potentialAction\":[{\"@type\":\"ReadAction\",\"target\":[\"https:\/\/www.cerakotesa.com\/knowledge-base\/what-is-mil-thickness-and-why-does-it-matter\/\"]}]},{\"@type\":\"BreadcrumbList\",\"@id\":\"https:\/\/www.cerakotesa.com\/knowledge-base\/what-is-mil-thickness-and-why-does-it-matter\/#breadcrumb\",\"itemListElement\":[{\"@type\":\"ListItem\",\"position\":1,\"name\":\"Home\",\"item\":\"https:\/\/www.cerakotesa.com\/\"},{\"@type\":\"ListItem\",\"position\":2,\"name\":\"Knowledge Base\",\"item\":\"https:\/\/www.cerakotesa.com\/knowledge-base\/\"},{\"@type\":\"ListItem\",\"position\":3,\"name\":\"What is mil Thickness and Why Does it Matter?\"}]},{\"@type\":\"WebSite\",\"@id\":\"https:\/\/www.cerakotesa.com\/#website\",\"url\":\"https:\/\/www.cerakotesa.com\/\",\"name\":\"Cerakote South Africa\",\"description\":\"Cerakote is a global leader in the manufacturing of thin-film protective ceramic coatings\",\"potentialAction\":[{\"@type\":\"SearchAction\",\"target\":{\"@type\":\"EntryPoint\",\"urlTemplate\":\"https:\/\/www.cerakotesa.com\/?s={search_term_string}\"},\"query-input\":{\"@type\":\"PropertyValueSpecification\",\"valueRequired\":true,\"valueName\":\"search_term_string\"}}],\"inLanguage\":\"es\"}]}<\/script>\n<!-- \/ Yoast SEO plugin. -->","yoast_head_json":{"title":"What is mil Thickness and Why Does it Matter? - Cerakote South Africa","robots":{"index":"index","follow":"follow","max-snippet":"max-snippet:-1","max-image-preview":"max-image-preview:large","max-video-preview":"max-video-preview:-1"},"canonical":"https:\/\/www.cerakotesa.com\/es\/knowledge-base\/what-is-mil-thickness-and-why-does-it-matter\/","og_locale":"es_ES","og_type":"article","og_title":"What is mil Thickness and Why Does it Matter? - Cerakote South Africa","og_url":"https:\/\/www.cerakotesa.com\/es\/knowledge-base\/what-is-mil-thickness-and-why-does-it-matter\/","og_site_name":"Cerakote South Africa","article_modified_time":"2023-12-19T15:13:06+00:00","twitter_card":"summary_large_image","twitter_misc":{"Tiempo de lectura":"1 minuto"},"schema":{"@context":"https:\/\/schema.org","@graph":[{"@type":"WebPage","@id":"https:\/\/www.cerakotesa.com\/knowledge-base\/what-is-mil-thickness-and-why-does-it-matter\/","url":"https:\/\/www.cerakotesa.com\/knowledge-base\/what-is-mil-thickness-and-why-does-it-matter\/","name":"What is mil Thickness and Why Does it Matter? - Cerakote South Africa","isPartOf":{"@id":"https:\/\/www.cerakotesa.com\/#website"},"datePublished":"2020-07-31T16:30:54+00:00","dateModified":"2023-12-19T15:13:06+00:00","breadcrumb":{"@id":"https:\/\/www.cerakotesa.com\/knowledge-base\/what-is-mil-thickness-and-why-does-it-matter\/#breadcrumb"},"inLanguage":"es","potentialAction":[{"@type":"ReadAction","target":["https:\/\/www.cerakotesa.com\/knowledge-base\/what-is-mil-thickness-and-why-does-it-matter\/"]}]},{"@type":"BreadcrumbList","@id":"https:\/\/www.cerakotesa.com\/knowledge-base\/what-is-mil-thickness-and-why-does-it-matter\/#breadcrumb","itemListElement":[{"@type":"ListItem","position":1,"name":"Home","item":"https:\/\/www.cerakotesa.com\/"},{"@type":"ListItem","position":2,"name":"Knowledge Base","item":"https:\/\/www.cerakotesa.com\/knowledge-base\/"},{"@type":"ListItem","position":3,"name":"What is mil Thickness and Why Does it Matter?"}]},{"@type":"WebSite","@id":"https:\/\/www.cerakotesa.com\/#website","url":"https:\/\/www.cerakotesa.com\/","name":"Cerakote South Africa","description":"Cerakote es l\u00edder mundial en la fabricaci\u00f3n de recubrimientos cer\u00e1micos protectores de capa fina.","potentialAction":[{"@type":"SearchAction","target":{"@type":"EntryPoint","urlTemplate":"https:\/\/www.cerakotesa.com\/?s={search_term_string}"},"query-input":{"@type":"PropertyValueSpecification","valueRequired":true,"valueName":"search_term_string"}}],"inLanguage":"es"}]}},"acf":[],"_links":{"self":[{"href":"https:\/\/www.cerakotesa.com\/es\/wp-json\/wp\/v2\/pages\/4045","targetHints":{"allow":["GET"]}}],"collection":[{"href":"https:\/\/www.cerakotesa.com\/es\/wp-json\/wp\/v2\/pages"}],"about":[{"href":"https:\/\/www.cerakotesa.com\/es\/wp-json\/wp\/v2\/types\/page"}],"author":[{"embeddable":true,"href":"https:\/\/www.cerakotesa.com\/es\/wp-json\/wp\/v2\/users\/1"}],"replies":[{"embeddable":true,"href":"https:\/\/www.cerakotesa.com\/es\/wp-json\/wp\/v2\/comments?post=4045"}],"version-history":[{"count":0,"href":"https:\/\/www.cerakotesa.com\/es\/wp-json\/wp\/v2\/pages\/4045\/revisions"}],"up":[{"embeddable":true,"href":"https:\/\/www.cerakotesa.com\/es\/wp-json\/wp\/v2\/pages\/3966"}],"wp:attachment":[{"href":"https:\/\/www.cerakotesa.com\/es\/wp-json\/wp\/v2\/media?parent=4045"}],"curies":[{"name":"wp","href":"https:\/\/api.w.org\/{rel}","templated":true}]}}