{"id":4062,"date":"2020-07-31T18:07:49","date_gmt":"2020-07-31T17:07:49","guid":{"rendered":"https:\/\/www.cerakote.co.uk\/?page_id=4062"},"modified":"2020-07-31T18:07:49","modified_gmt":"2020-07-31T17:07:49","slug":"why-do-i-need-to-degrease-before-i-blast","status":"publish","type":"page","link":"https:\/\/www.cerakotesa.com\/es\/knowledge-base\/why-do-i-need-to-degrease-before-i-blast\/","title":{"rendered":"\u00bfPor qu\u00e9 necesito desengrasar antes de chorrear?"},"content":{"rendered":"<h2>\u00bfPor qu\u00e9 necesito desengrasar antes de chorrear?<\/h2>\n<h3>\u00bfES REALMENTE TAN IMPORTANTE DESENGRASAR?<\/h3>\n<p>S\u00ed, la preparaci\u00f3n lo es todo y es muy importante que las piezas est\u00e9n bien desengrasadas antes de la aplicaci\u00f3n. Los aceites y otros contaminantes quedan atrapados en zonas estrechas y se liberan a trav\u00e9s del calor durante la fase de expulsi\u00f3n de gases o la fase de curado. Un desengrase inadecuado comprometer\u00e1 la adherencia en esas zonas y provocar\u00e1 la delaminaci\u00f3n del revestimiento. Para una adherencia \u00f3ptima, es imprescindible que el sustrato est\u00e9 libre de contaminantes, como aceites, polvo, grasa y otros. El desengrasado tambi\u00e9n ayuda a conservar el material de chorreado eliminando la grasa y los aceites de las piezas antes del chorreado. Esto reduce la contaminaci\u00f3n en futuros proyectos de chorreado.<\/p>\n<p>Para m\u00e1s detalles sobre la forma correcta de preparar su proyecto, puede consultar nuestro Manual de formaci\u00f3n, o ver nuestro V\u00eddeo de formaci\u00f3n:<\/p>\n<p><iframe loading=\"lazy\" width=\"560\" height=\"315\" src=\"https:\/\/www.youtube.com\/embed\/cuqo8f_7foU\" frameborder=\"0\" allow=\"accelerometer; autoplay; encrypted-media; gyroscope; picture-in-picture\" allowfullscreen><\/iframe><\/p>","protected":false},"excerpt":{"rendered":"<p>Why Do I Need to Degrease Before I Blast? IS DEGREASING REALLY THAT IMPORTANT? Yes, Preparation is everything and it&#8217;s very important that your parts are thoroughly degreased before application. Oils and other contaminants get trapped in tight areas and are released via heat through the gas out phase or curing phase. Improper degreasing will [&#8230;]","protected":false},"author":1,"featured_media":0,"parent":3966,"menu_order":0,"comment_status":"closed","ping_status":"closed","template":"","meta":{"_acf_changed":false,"footnotes":""},"class_list":["post-4062","page","type-page","status-publish","hentry"],"yoast_head":"<!-- This site is optimized with the Yoast SEO plugin v26.7 - https:\/\/yoast.com\/wordpress\/plugins\/seo\/ -->\n<title>Why Do I Need to Degrease Before I Blast? - Cerakote South Africa<\/title>\n<meta name=\"robots\" content=\"index, follow, max-snippet:-1, max-image-preview:large, max-video-preview:-1\" \/>\n<link rel=\"canonical\" href=\"https:\/\/www.cerakotesa.com\/es\/knowledge-base\/why-do-i-need-to-degrease-before-i-blast\/\" \/>\n<meta property=\"og:locale\" content=\"es_ES\" \/>\n<meta property=\"og:type\" content=\"article\" \/>\n<meta property=\"og:title\" content=\"Why Do I Need to Degrease Before I Blast? - Cerakote South Africa\" \/>\n<meta property=\"og:description\" content=\"Why Do I Need to Degrease Before I Blast? IS DEGREASING REALLY THAT IMPORTANT? Yes, Preparation is everything and it&#8217;s very important that your parts are thoroughly degreased before application. Oils and other contaminants get trapped in tight areas and are released via heat through the gas out phase or curing phase. Improper degreasing will [...]\" \/>\n<meta property=\"og:url\" content=\"https:\/\/www.cerakotesa.com\/es\/knowledge-base\/why-do-i-need-to-degrease-before-i-blast\/\" \/>\n<meta property=\"og:site_name\" content=\"Cerakote South Africa\" \/>\n<meta name=\"twitter:card\" content=\"summary_large_image\" \/>\n<meta name=\"twitter:label1\" content=\"Tiempo de lectura\" \/>\n\t<meta name=\"twitter:data1\" content=\"1 minuto\" \/>\n<script type=\"application\/ld+json\" class=\"yoast-schema-graph\">{\"@context\":\"https:\/\/schema.org\",\"@graph\":[{\"@type\":\"WebPage\",\"@id\":\"https:\/\/www.cerakotesa.com\/knowledge-base\/why-do-i-need-to-degrease-before-i-blast\/\",\"url\":\"https:\/\/www.cerakotesa.com\/knowledge-base\/why-do-i-need-to-degrease-before-i-blast\/\",\"name\":\"Why Do I Need to Degrease Before I Blast? - Cerakote South Africa\",\"isPartOf\":{\"@id\":\"https:\/\/www.cerakotesa.com\/#website\"},\"datePublished\":\"2020-07-31T17:07:49+00:00\",\"breadcrumb\":{\"@id\":\"https:\/\/www.cerakotesa.com\/knowledge-base\/why-do-i-need-to-degrease-before-i-blast\/#breadcrumb\"},\"inLanguage\":\"es\",\"potentialAction\":[{\"@type\":\"ReadAction\",\"target\":[\"https:\/\/www.cerakotesa.com\/knowledge-base\/why-do-i-need-to-degrease-before-i-blast\/\"]}]},{\"@type\":\"BreadcrumbList\",\"@id\":\"https:\/\/www.cerakotesa.com\/knowledge-base\/why-do-i-need-to-degrease-before-i-blast\/#breadcrumb\",\"itemListElement\":[{\"@type\":\"ListItem\",\"position\":1,\"name\":\"Home\",\"item\":\"https:\/\/www.cerakotesa.com\/\"},{\"@type\":\"ListItem\",\"position\":2,\"name\":\"Knowledge Base\",\"item\":\"https:\/\/www.cerakotesa.com\/knowledge-base\/\"},{\"@type\":\"ListItem\",\"position\":3,\"name\":\"Why Do I Need to Degrease Before I Blast?\"}]},{\"@type\":\"WebSite\",\"@id\":\"https:\/\/www.cerakotesa.com\/#website\",\"url\":\"https:\/\/www.cerakotesa.com\/\",\"name\":\"Cerakote South Africa\",\"description\":\"Cerakote is a global leader in the manufacturing of thin-film protective ceramic coatings\",\"potentialAction\":[{\"@type\":\"SearchAction\",\"target\":{\"@type\":\"EntryPoint\",\"urlTemplate\":\"https:\/\/www.cerakotesa.com\/?s={search_term_string}\"},\"query-input\":{\"@type\":\"PropertyValueSpecification\",\"valueRequired\":true,\"valueName\":\"search_term_string\"}}],\"inLanguage\":\"es\"}]}<\/script>\n<!-- \/ Yoast SEO plugin. -->","yoast_head_json":{"title":"Why Do I Need to Degrease Before I Blast? - Cerakote South Africa","robots":{"index":"index","follow":"follow","max-snippet":"max-snippet:-1","max-image-preview":"max-image-preview:large","max-video-preview":"max-video-preview:-1"},"canonical":"https:\/\/www.cerakotesa.com\/es\/knowledge-base\/why-do-i-need-to-degrease-before-i-blast\/","og_locale":"es_ES","og_type":"article","og_title":"Why Do I Need to Degrease Before I Blast? - Cerakote South Africa","og_description":"Why Do I Need to Degrease Before I Blast? IS DEGREASING REALLY THAT IMPORTANT? Yes, Preparation is everything and it&#8217;s very important that your parts are thoroughly degreased before application. Oils and other contaminants get trapped in tight areas and are released via heat through the gas out phase or curing phase. Improper degreasing will [...]","og_url":"https:\/\/www.cerakotesa.com\/es\/knowledge-base\/why-do-i-need-to-degrease-before-i-blast\/","og_site_name":"Cerakote South Africa","twitter_card":"summary_large_image","twitter_misc":{"Tiempo de lectura":"1 minuto"},"schema":{"@context":"https:\/\/schema.org","@graph":[{"@type":"WebPage","@id":"https:\/\/www.cerakotesa.com\/knowledge-base\/why-do-i-need-to-degrease-before-i-blast\/","url":"https:\/\/www.cerakotesa.com\/knowledge-base\/why-do-i-need-to-degrease-before-i-blast\/","name":"Why Do I Need to Degrease Before I Blast? - Cerakote South Africa","isPartOf":{"@id":"https:\/\/www.cerakotesa.com\/#website"},"datePublished":"2020-07-31T17:07:49+00:00","breadcrumb":{"@id":"https:\/\/www.cerakotesa.com\/knowledge-base\/why-do-i-need-to-degrease-before-i-blast\/#breadcrumb"},"inLanguage":"es","potentialAction":[{"@type":"ReadAction","target":["https:\/\/www.cerakotesa.com\/knowledge-base\/why-do-i-need-to-degrease-before-i-blast\/"]}]},{"@type":"BreadcrumbList","@id":"https:\/\/www.cerakotesa.com\/knowledge-base\/why-do-i-need-to-degrease-before-i-blast\/#breadcrumb","itemListElement":[{"@type":"ListItem","position":1,"name":"Home","item":"https:\/\/www.cerakotesa.com\/"},{"@type":"ListItem","position":2,"name":"Knowledge Base","item":"https:\/\/www.cerakotesa.com\/knowledge-base\/"},{"@type":"ListItem","position":3,"name":"Why Do I Need to Degrease Before I Blast?"}]},{"@type":"WebSite","@id":"https:\/\/www.cerakotesa.com\/#website","url":"https:\/\/www.cerakotesa.com\/","name":"Cerakote South Africa","description":"Cerakote es l\u00edder mundial en la fabricaci\u00f3n de recubrimientos cer\u00e1micos protectores de capa fina.","potentialAction":[{"@type":"SearchAction","target":{"@type":"EntryPoint","urlTemplate":"https:\/\/www.cerakotesa.com\/?s={search_term_string}"},"query-input":{"@type":"PropertyValueSpecification","valueRequired":true,"valueName":"search_term_string"}}],"inLanguage":"es"}]}},"acf":[],"_links":{"self":[{"href":"https:\/\/www.cerakotesa.com\/es\/wp-json\/wp\/v2\/pages\/4062","targetHints":{"allow":["GET"]}}],"collection":[{"href":"https:\/\/www.cerakotesa.com\/es\/wp-json\/wp\/v2\/pages"}],"about":[{"href":"https:\/\/www.cerakotesa.com\/es\/wp-json\/wp\/v2\/types\/page"}],"author":[{"embeddable":true,"href":"https:\/\/www.cerakotesa.com\/es\/wp-json\/wp\/v2\/users\/1"}],"replies":[{"embeddable":true,"href":"https:\/\/www.cerakotesa.com\/es\/wp-json\/wp\/v2\/comments?post=4062"}],"version-history":[{"count":0,"href":"https:\/\/www.cerakotesa.com\/es\/wp-json\/wp\/v2\/pages\/4062\/revisions"}],"up":[{"embeddable":true,"href":"https:\/\/www.cerakotesa.com\/es\/wp-json\/wp\/v2\/pages\/3966"}],"wp:attachment":[{"href":"https:\/\/www.cerakotesa.com\/es\/wp-json\/wp\/v2\/media?parent=4062"}],"curies":[{"name":"wp","href":"https:\/\/api.w.org\/{rel}","templated":true}]}}