{"id":4081,"date":"2020-07-31T21:57:19","date_gmt":"2020-07-31T20:57:19","guid":{"rendered":"https:\/\/www.cerakote.co.uk\/?page_id=4081"},"modified":"2020-07-31T21:57:19","modified_gmt":"2020-07-31T20:57:19","slug":"what-is-dry-spray-and-how-do-i-prevent-it","status":"publish","type":"page","link":"https:\/\/www.cerakotesa.com\/es\/knowledge-base\/what-is-dry-spray-and-how-do-i-prevent-it\/","title":{"rendered":"\u00bfQu\u00e9 es el aerosol seco y c\u00f3mo prevenirlo?"},"content":{"rendered":"<h2>AEROSOL SECO - T\u00c9CNICAS Y CONSEJOS PARA EVITARLO<\/h2>\n<p>PRECAUCI\u00d3N: Uno de los errores de aplicaci\u00f3n m\u00e1s comunes es la pulverizaci\u00f3n seca. La pulverizaci\u00f3n seca tiene un aspecto \u00e1spero, como de papel de lija, y suele deberse a una mala transferencia de disolvente durante la aplicaci\u00f3n. Cerakote siempre debe tener un acabado suave y liso despu\u00e9s de que el producto se haya curado completamente. Durante el proceso de aplicaci\u00f3n es muy importante \"mojar\" el recubrimiento para evitar cualquier posible pulverizaci\u00f3n seca.<\/p>\n<p>Factores que contribuyen a la pulverizaci\u00f3n seca<\/p>\n<ul>\n<li>\nPulverizar demasiado lejos de la pieza = mala transferencia de disolvente<\/li>\n<li>Desplazamiento demasiado r\u00e1pido por la pieza = mala transferencia de disolvente<\/li>\n<li>Ajustes de PSI demasiado altos<\/li>\n<li>Volumen insuficiente de revestimiento<\/li>\n<li>Medio ambiente (humedad elevada o calor extremo)<\/li>\n<li>Pulverizaci\u00f3n excesiva<br \/>\nPrevenci\u00f3n<\/li>\n<li>Ajustes correctos de la pistola pulverizadora<\/li>\n<li>Velocidad y distancia adecuadas durante la aplicaci\u00f3n<\/li>\n<li>Esfu\u00e9rcese siempre por conseguir una \"capa h\u00fameda\".<br \/>\nEntorno (temperatura ambiente 68-74 \u00b0F, con baja humedad)<\/li>\n<li>Utilice la iluminaci\u00f3n adecuada para ver Cerakote \"Wet Out\"<\/li>\n<\/ul>\n<p><iframe loading=\"lazy\" width=\"560\" height=\"315\" src=\"https:\/\/www.youtube.com\/embed\/eb-u-qZmXm4\" frameborder=\"0\" allow=\"accelerometer; autoplay; encrypted-media; gyroscope; picture-in-picture\" allowfullscreen><\/iframe><\/p>","protected":false},"excerpt":{"rendered":"<p>DRY SPRAY &#8211; TECHNIQUES AND TIPS TO PREVENT IT CAUTION: One of the most common application errors is dry spray. Dry spray has a rough, sandpaper like appearance and is typically caused from poor solvent transfer during application. Cerakote should always have a smooth slick finish after product has been fully cured. During the application [&#8230;]","protected":false},"author":1,"featured_media":0,"parent":3966,"menu_order":0,"comment_status":"closed","ping_status":"closed","template":"","meta":{"_acf_changed":false,"footnotes":""},"class_list":["post-4081","page","type-page","status-publish","hentry"],"yoast_head":"<!-- This site is optimized with the Yoast SEO plugin v26.7 - https:\/\/yoast.com\/wordpress\/plugins\/seo\/ -->\n<title>What is Dry Spray and How Do I Prevent it? - Cerakote South Africa<\/title>\n<meta name=\"robots\" content=\"index, follow, max-snippet:-1, max-image-preview:large, max-video-preview:-1\" \/>\n<link rel=\"canonical\" href=\"https:\/\/www.cerakotesa.com\/es\/knowledge-base\/what-is-dry-spray-and-how-do-i-prevent-it\/\" \/>\n<meta property=\"og:locale\" content=\"es_ES\" \/>\n<meta property=\"og:type\" content=\"article\" \/>\n<meta property=\"og:title\" content=\"What is Dry Spray and How Do I Prevent it? - Cerakote South Africa\" \/>\n<meta property=\"og:description\" content=\"DRY SPRAY &#8211; TECHNIQUES AND TIPS TO PREVENT IT CAUTION: One of the most common application errors is dry spray. Dry spray has a rough, sandpaper like appearance and is typically caused from poor solvent transfer during application. Cerakote should always have a smooth slick finish after product has been fully cured. During the application [...]\" \/>\n<meta property=\"og:url\" content=\"https:\/\/www.cerakotesa.com\/es\/knowledge-base\/what-is-dry-spray-and-how-do-i-prevent-it\/\" \/>\n<meta property=\"og:site_name\" content=\"Cerakote South Africa\" \/>\n<meta name=\"twitter:card\" content=\"summary_large_image\" \/>\n<meta name=\"twitter:label1\" content=\"Tiempo de lectura\" \/>\n\t<meta name=\"twitter:data1\" content=\"1 minuto\" \/>\n<script type=\"application\/ld+json\" class=\"yoast-schema-graph\">{\"@context\":\"https:\/\/schema.org\",\"@graph\":[{\"@type\":\"WebPage\",\"@id\":\"https:\/\/www.cerakotesa.com\/knowledge-base\/what-is-dry-spray-and-how-do-i-prevent-it\/\",\"url\":\"https:\/\/www.cerakotesa.com\/knowledge-base\/what-is-dry-spray-and-how-do-i-prevent-it\/\",\"name\":\"What is Dry Spray and How Do I Prevent it? - Cerakote South Africa\",\"isPartOf\":{\"@id\":\"https:\/\/www.cerakotesa.com\/#website\"},\"datePublished\":\"2020-07-31T20:57:19+00:00\",\"breadcrumb\":{\"@id\":\"https:\/\/www.cerakotesa.com\/knowledge-base\/what-is-dry-spray-and-how-do-i-prevent-it\/#breadcrumb\"},\"inLanguage\":\"es\",\"potentialAction\":[{\"@type\":\"ReadAction\",\"target\":[\"https:\/\/www.cerakotesa.com\/knowledge-base\/what-is-dry-spray-and-how-do-i-prevent-it\/\"]}]},{\"@type\":\"BreadcrumbList\",\"@id\":\"https:\/\/www.cerakotesa.com\/knowledge-base\/what-is-dry-spray-and-how-do-i-prevent-it\/#breadcrumb\",\"itemListElement\":[{\"@type\":\"ListItem\",\"position\":1,\"name\":\"Home\",\"item\":\"https:\/\/www.cerakotesa.com\/\"},{\"@type\":\"ListItem\",\"position\":2,\"name\":\"Knowledge Base\",\"item\":\"https:\/\/www.cerakotesa.com\/knowledge-base\/\"},{\"@type\":\"ListItem\",\"position\":3,\"name\":\"What is Dry Spray and How Do I Prevent it?\"}]},{\"@type\":\"WebSite\",\"@id\":\"https:\/\/www.cerakotesa.com\/#website\",\"url\":\"https:\/\/www.cerakotesa.com\/\",\"name\":\"Cerakote South Africa\",\"description\":\"Cerakote is a global leader in the manufacturing of thin-film protective ceramic coatings\",\"potentialAction\":[{\"@type\":\"SearchAction\",\"target\":{\"@type\":\"EntryPoint\",\"urlTemplate\":\"https:\/\/www.cerakotesa.com\/?s={search_term_string}\"},\"query-input\":{\"@type\":\"PropertyValueSpecification\",\"valueRequired\":true,\"valueName\":\"search_term_string\"}}],\"inLanguage\":\"es\"}]}<\/script>\n<!-- \/ Yoast SEO plugin. -->","yoast_head_json":{"title":"What is Dry Spray and How Do I Prevent it? - Cerakote South Africa","robots":{"index":"index","follow":"follow","max-snippet":"max-snippet:-1","max-image-preview":"max-image-preview:large","max-video-preview":"max-video-preview:-1"},"canonical":"https:\/\/www.cerakotesa.com\/es\/knowledge-base\/what-is-dry-spray-and-how-do-i-prevent-it\/","og_locale":"es_ES","og_type":"article","og_title":"What is Dry Spray and How Do I Prevent it? - Cerakote South Africa","og_description":"DRY SPRAY &#8211; TECHNIQUES AND TIPS TO PREVENT IT CAUTION: One of the most common application errors is dry spray. Dry spray has a rough, sandpaper like appearance and is typically caused from poor solvent transfer during application. Cerakote should always have a smooth slick finish after product has been fully cured. During the application [...]","og_url":"https:\/\/www.cerakotesa.com\/es\/knowledge-base\/what-is-dry-spray-and-how-do-i-prevent-it\/","og_site_name":"Cerakote South Africa","twitter_card":"summary_large_image","twitter_misc":{"Tiempo de lectura":"1 minuto"},"schema":{"@context":"https:\/\/schema.org","@graph":[{"@type":"WebPage","@id":"https:\/\/www.cerakotesa.com\/knowledge-base\/what-is-dry-spray-and-how-do-i-prevent-it\/","url":"https:\/\/www.cerakotesa.com\/knowledge-base\/what-is-dry-spray-and-how-do-i-prevent-it\/","name":"What is Dry Spray and How Do I Prevent it? - Cerakote South Africa","isPartOf":{"@id":"https:\/\/www.cerakotesa.com\/#website"},"datePublished":"2020-07-31T20:57:19+00:00","breadcrumb":{"@id":"https:\/\/www.cerakotesa.com\/knowledge-base\/what-is-dry-spray-and-how-do-i-prevent-it\/#breadcrumb"},"inLanguage":"es","potentialAction":[{"@type":"ReadAction","target":["https:\/\/www.cerakotesa.com\/knowledge-base\/what-is-dry-spray-and-how-do-i-prevent-it\/"]}]},{"@type":"BreadcrumbList","@id":"https:\/\/www.cerakotesa.com\/knowledge-base\/what-is-dry-spray-and-how-do-i-prevent-it\/#breadcrumb","itemListElement":[{"@type":"ListItem","position":1,"name":"Home","item":"https:\/\/www.cerakotesa.com\/"},{"@type":"ListItem","position":2,"name":"Knowledge Base","item":"https:\/\/www.cerakotesa.com\/knowledge-base\/"},{"@type":"ListItem","position":3,"name":"What is Dry Spray and How Do I Prevent it?"}]},{"@type":"WebSite","@id":"https:\/\/www.cerakotesa.com\/#website","url":"https:\/\/www.cerakotesa.com\/","name":"Cerakote South Africa","description":"Cerakote es l\u00edder mundial en la fabricaci\u00f3n de recubrimientos cer\u00e1micos protectores de capa fina.","potentialAction":[{"@type":"SearchAction","target":{"@type":"EntryPoint","urlTemplate":"https:\/\/www.cerakotesa.com\/?s={search_term_string}"},"query-input":{"@type":"PropertyValueSpecification","valueRequired":true,"valueName":"search_term_string"}}],"inLanguage":"es"}]}},"acf":[],"_links":{"self":[{"href":"https:\/\/www.cerakotesa.com\/es\/wp-json\/wp\/v2\/pages\/4081","targetHints":{"allow":["GET"]}}],"collection":[{"href":"https:\/\/www.cerakotesa.com\/es\/wp-json\/wp\/v2\/pages"}],"about":[{"href":"https:\/\/www.cerakotesa.com\/es\/wp-json\/wp\/v2\/types\/page"}],"author":[{"embeddable":true,"href":"https:\/\/www.cerakotesa.com\/es\/wp-json\/wp\/v2\/users\/1"}],"replies":[{"embeddable":true,"href":"https:\/\/www.cerakotesa.com\/es\/wp-json\/wp\/v2\/comments?post=4081"}],"version-history":[{"count":0,"href":"https:\/\/www.cerakotesa.com\/es\/wp-json\/wp\/v2\/pages\/4081\/revisions"}],"up":[{"embeddable":true,"href":"https:\/\/www.cerakotesa.com\/es\/wp-json\/wp\/v2\/pages\/3966"}],"wp:attachment":[{"href":"https:\/\/www.cerakotesa.com\/es\/wp-json\/wp\/v2\/media?parent=4081"}],"curies":[{"name":"wp","href":"https:\/\/api.w.org\/{rel}","templated":true}]}}