{"id":4105,"date":"2020-08-02T21:40:23","date_gmt":"2020-08-02T20:40:23","guid":{"rendered":"https:\/\/www.cerakote.co.uk\/?page_id=4105"},"modified":"2020-08-02T21:40:23","modified_gmt":"2020-08-02T20:40:23","slug":"how-to-store-cerakote-correctly","status":"publish","type":"page","link":"https:\/\/www.cerakotesa.com\/es\/knowledge-base\/how-to-store-cerakote-correctly\/","title":{"rendered":"C\u00f3mo almacenar correctamente Cerakote"},"content":{"rendered":"<h2>C\u00f3mo almacenar correctamente Cerakote<\/h2>\n<p>Gracias por su compra de Cerakote. Hay formas correctas e incorrectas de almacenar sus botellas de Cerakote y Catalyst. Para una vida \u00fatil garantizada de 12 meses, siga las siguientes recomendaciones de almacenamiento.<\/p>\n<p><strong>Entorno de almacenamiento recomendado para Cerakote<\/strong><\/p>\n<ul>\n<li>Temperatura ambiente (68-72 \u00b0F)<\/li>\n<li>Entorno seco (<50% Humidity)<\/li>\n<li>Luz artificial o zona oscura<\/li>\n<\/ul>\n<p><strong>Unidades de almacenamiento recomendadas para Cerakote<\/strong><\/p>\n<ul>\n<li>Tienda de armarios<\/li>\n<li>Nevera vac\u00eda<\/li>\n<li>Cajas de cart\u00f3n<\/li>\n<li>Frigor\u00edfico (desenchufado)<\/li>\n<\/ul>\n<p><strong>Zonas de almacenamiento que deben evitarse<\/strong><\/p>\n<ul>\n<li>Nevera de trabajo<\/li>\n<li>Zona de luz natural (luz ultravioleta)<\/li>\n<li>Calor extremo (<80 \u00b0F)<\/li>\n<\/ul>\n<p>Lo hacemos <strong>NO<\/strong> recomendamos almacenar Cerakote en un frigor\u00edfico que funcione.La humedad excesiva en un frigor\u00edfico comprometer\u00e1 los productos Cerakote si no est\u00e1n correctamente sellados.<\/p>\n\t<div class=\"img has-hover x md-x lg-x y md-y lg-y\" id=\"image_1988084089\">\n\t\t\t\t\t\t\t\t<div class=\"img-inner dark\" >\n\t\t\t<img loading=\"lazy\" decoding=\"async\" width=\"304\" height=\"254\" src=\"https:\/\/www.cerakotesa.com\/wp-content\/uploads\/2020\/08\/fridge.jpg\" class=\"attachment-large size-large\" alt=\"Frigor\u00edfico\" srcset=\"https:\/\/www.cerakotesa.com\/wp-content\/uploads\/2020\/08\/fridge.jpg 304w, https:\/\/www.cerakotesa.com\/wp-content\/uploads\/2020\/08\/fridge-247x206.jpg 247w, https:\/\/www.cerakotesa.com\/wp-content\/uploads\/2020\/08\/fridge-300x251.jpg 300w\" sizes=\"auto, (max-width: 304px) 100vw, 304px\" \/>\t\t\t\t\t\t\n\t\t\t\t\t<\/div>\n\t\t\t\t\t\t\t\t\n<style>\n#image_1988084089 {\n  width: 25%;\n}\n<\/style>\n\t<\/div>","protected":false},"excerpt":{"rendered":"<p>C\u00f3mo almacenar correctamente Cerakote Gracias por su compra de Cerakote. Hay formas correctas e incorrectas de almacenar sus botellas de Cerakote y Catalyst. Para una vida \u00fatil garantizada de 12 meses, siga las siguientes recomendaciones de almacenamiento. Entorno de almacenamiento recomendado para Cerakote Temperatura ambiente (68-72 \u00b0F) Entorno seco (<\/p>","protected":false},"author":1,"featured_media":0,"parent":3966,"menu_order":0,"comment_status":"closed","ping_status":"closed","template":"","meta":{"_acf_changed":false,"footnotes":""},"class_list":["post-4105","page","type-page","status-publish","hentry"],"yoast_head":"<!-- This site is optimized with the Yoast SEO plugin v26.7 - https:\/\/yoast.com\/wordpress\/plugins\/seo\/ -->\n<title>How to Store Cerakote Correctly - Cerakote South Africa<\/title>\n<meta name=\"robots\" content=\"index, follow, max-snippet:-1, max-image-preview:large, max-video-preview:-1\" \/>\n<link rel=\"canonical\" href=\"https:\/\/www.cerakotesa.com\/es\/knowledge-base\/how-to-store-cerakote-correctly\/\" \/>\n<meta property=\"og:locale\" content=\"es_ES\" \/>\n<meta property=\"og:type\" content=\"article\" \/>\n<meta property=\"og:title\" content=\"How to Store Cerakote Correctly - Cerakote South Africa\" \/>\n<meta property=\"og:description\" content=\"How to Store Cerakote Correctly Thank you for your purchase of Cerakote. There are right and wrong ways to store your Cerakote and Catalyst bottles. For guaranteed 12 month shelf life please follow storing recommendations below. Recommended storage environment for Cerakote Room Temperature (68\u201372 \u00b0F) Dry environment (\" \/>\n<meta property=\"og:url\" content=\"https:\/\/www.cerakotesa.com\/es\/knowledge-base\/how-to-store-cerakote-correctly\/\" \/>\n<meta property=\"og:site_name\" content=\"Cerakote South Africa\" \/>\n<meta name=\"twitter:card\" content=\"summary_large_image\" \/>\n<script type=\"application\/ld+json\" class=\"yoast-schema-graph\">{\"@context\":\"https:\/\/schema.org\",\"@graph\":[{\"@type\":\"WebPage\",\"@id\":\"https:\/\/www.cerakotesa.com\/knowledge-base\/how-to-store-cerakote-correctly\/\",\"url\":\"https:\/\/www.cerakotesa.com\/knowledge-base\/how-to-store-cerakote-correctly\/\",\"name\":\"How to Store Cerakote Correctly - Cerakote South Africa\",\"isPartOf\":{\"@id\":\"https:\/\/www.cerakotesa.com\/#website\"},\"datePublished\":\"2020-08-02T20:40:23+00:00\",\"breadcrumb\":{\"@id\":\"https:\/\/www.cerakotesa.com\/knowledge-base\/how-to-store-cerakote-correctly\/#breadcrumb\"},\"inLanguage\":\"es\",\"potentialAction\":[{\"@type\":\"ReadAction\",\"target\":[\"https:\/\/www.cerakotesa.com\/knowledge-base\/how-to-store-cerakote-correctly\/\"]}]},{\"@type\":\"BreadcrumbList\",\"@id\":\"https:\/\/www.cerakotesa.com\/knowledge-base\/how-to-store-cerakote-correctly\/#breadcrumb\",\"itemListElement\":[{\"@type\":\"ListItem\",\"position\":1,\"name\":\"Home\",\"item\":\"https:\/\/www.cerakotesa.com\/\"},{\"@type\":\"ListItem\",\"position\":2,\"name\":\"Knowledge Base\",\"item\":\"https:\/\/www.cerakotesa.com\/knowledge-base\/\"},{\"@type\":\"ListItem\",\"position\":3,\"name\":\"How to Store Cerakote Correctly\"}]},{\"@type\":\"WebSite\",\"@id\":\"https:\/\/www.cerakotesa.com\/#website\",\"url\":\"https:\/\/www.cerakotesa.com\/\",\"name\":\"Cerakote South Africa\",\"description\":\"Cerakote is a global leader in the manufacturing of thin-film protective ceramic coatings\",\"potentialAction\":[{\"@type\":\"SearchAction\",\"target\":{\"@type\":\"EntryPoint\",\"urlTemplate\":\"https:\/\/www.cerakotesa.com\/?s={search_term_string}\"},\"query-input\":{\"@type\":\"PropertyValueSpecification\",\"valueRequired\":true,\"valueName\":\"search_term_string\"}}],\"inLanguage\":\"es\"}]}<\/script>\n<!-- \/ Yoast SEO plugin. -->","yoast_head_json":{"title":"How to Store Cerakote Correctly - Cerakote South Africa","robots":{"index":"index","follow":"follow","max-snippet":"max-snippet:-1","max-image-preview":"max-image-preview:large","max-video-preview":"max-video-preview:-1"},"canonical":"https:\/\/www.cerakotesa.com\/es\/knowledge-base\/how-to-store-cerakote-correctly\/","og_locale":"es_ES","og_type":"article","og_title":"How to Store Cerakote Correctly - Cerakote South Africa","og_description":"How to Store Cerakote Correctly Thank you for your purchase of Cerakote. There are right and wrong ways to store your Cerakote and Catalyst bottles. For guaranteed 12 month shelf life please follow storing recommendations below. Recommended storage environment for Cerakote Room Temperature (68\u201372 \u00b0F) Dry environment (","og_url":"https:\/\/www.cerakotesa.com\/es\/knowledge-base\/how-to-store-cerakote-correctly\/","og_site_name":"Cerakote South Africa","twitter_card":"summary_large_image","schema":{"@context":"https:\/\/schema.org","@graph":[{"@type":"WebPage","@id":"https:\/\/www.cerakotesa.com\/knowledge-base\/how-to-store-cerakote-correctly\/","url":"https:\/\/www.cerakotesa.com\/knowledge-base\/how-to-store-cerakote-correctly\/","name":"How to Store Cerakote Correctly - Cerakote South Africa","isPartOf":{"@id":"https:\/\/www.cerakotesa.com\/#website"},"datePublished":"2020-08-02T20:40:23+00:00","breadcrumb":{"@id":"https:\/\/www.cerakotesa.com\/knowledge-base\/how-to-store-cerakote-correctly\/#breadcrumb"},"inLanguage":"es","potentialAction":[{"@type":"ReadAction","target":["https:\/\/www.cerakotesa.com\/knowledge-base\/how-to-store-cerakote-correctly\/"]}]},{"@type":"BreadcrumbList","@id":"https:\/\/www.cerakotesa.com\/knowledge-base\/how-to-store-cerakote-correctly\/#breadcrumb","itemListElement":[{"@type":"ListItem","position":1,"name":"Home","item":"https:\/\/www.cerakotesa.com\/"},{"@type":"ListItem","position":2,"name":"Knowledge Base","item":"https:\/\/www.cerakotesa.com\/knowledge-base\/"},{"@type":"ListItem","position":3,"name":"How to Store Cerakote Correctly"}]},{"@type":"WebSite","@id":"https:\/\/www.cerakotesa.com\/#website","url":"https:\/\/www.cerakotesa.com\/","name":"Cerakote South Africa","description":"Cerakote es l\u00edder mundial en la fabricaci\u00f3n de recubrimientos cer\u00e1micos protectores de capa fina.","potentialAction":[{"@type":"SearchAction","target":{"@type":"EntryPoint","urlTemplate":"https:\/\/www.cerakotesa.com\/?s={search_term_string}"},"query-input":{"@type":"PropertyValueSpecification","valueRequired":true,"valueName":"search_term_string"}}],"inLanguage":"es"}]}},"acf":[],"_links":{"self":[{"href":"https:\/\/www.cerakotesa.com\/es\/wp-json\/wp\/v2\/pages\/4105","targetHints":{"allow":["GET"]}}],"collection":[{"href":"https:\/\/www.cerakotesa.com\/es\/wp-json\/wp\/v2\/pages"}],"about":[{"href":"https:\/\/www.cerakotesa.com\/es\/wp-json\/wp\/v2\/types\/page"}],"author":[{"embeddable":true,"href":"https:\/\/www.cerakotesa.com\/es\/wp-json\/wp\/v2\/users\/1"}],"replies":[{"embeddable":true,"href":"https:\/\/www.cerakotesa.com\/es\/wp-json\/wp\/v2\/comments?post=4105"}],"version-history":[{"count":0,"href":"https:\/\/www.cerakotesa.com\/es\/wp-json\/wp\/v2\/pages\/4105\/revisions"}],"up":[{"embeddable":true,"href":"https:\/\/www.cerakotesa.com\/es\/wp-json\/wp\/v2\/pages\/3966"}],"wp:attachment":[{"href":"https:\/\/www.cerakotesa.com\/es\/wp-json\/wp\/v2\/media?parent=4105"}],"curies":[{"name":"wp","href":"https:\/\/api.w.org\/{rel}","templated":true}]}}