{"id":6949,"date":"2021-06-15T20:12:08","date_gmt":"2021-06-15T19:12:08","guid":{"rendered":"https:\/\/www.cerakote.co.uk\/cerakote-industries\/automotive-copy\/"},"modified":"2023-07-26T11:29:33","modified_gmt":"2023-07-26T11:29:33","slug":"oil-and-gas","status":"publish","type":"page","link":"https:\/\/www.cerakotesa.com\/es\/cerakote-industries\/oil-and-gas\/","title":{"rendered":"Cerakote Protection for Oil &amp; Gas Industries | Cerakote en la industria"},"content":{"rendered":"<section class=\"section\" id=\"section_1927423017\">\n\t\t<div class=\"section-bg fill\" >\n\t\t\t\t\t\t\t\t\t\n\t\t\t\n\n\t\t<\/div>\n\n\t\t\n\n\t\t<div class=\"section-content relative\">\n\t\t\t\n\n<div class=\"row\" style=\"max-width:1170px\" id=\"row-118961410\">\n\n\n\t<div id=\"col-792161521\" class=\"col small-12 large-12\"  >\n\t\t\t\t<div class=\"col-inner\"  >\n\t\t\t\n\t\t\t\n\n\n  <div class=\"banner has-hover\" id=\"banner-1535911736\">\n          <div class=\"banner-inner fill\">\n        <div class=\"banner-bg fill\" >\n            <img loading=\"lazy\" decoding=\"async\" width=\"1170\" height=\"400\" src=\"https:\/\/www.cerakotesa.com\/wp-content\/uploads\/2022\/07\/oil-gashero1170x400-dt20210203184929477.webp\" class=\"bg attachment-original size-original\" alt=\"\" \/>                                    \n                    <\/div>\n\t\t\n        <div class=\"banner-layers container\">\n            <div class=\"fill banner-link\"><\/div>            \n\n   <div id=\"text-box-1652165417\" class=\"text-box banner-layer x50 md-x50 lg-x50 y50 md-y50 lg-y50 res-text\">\n                                <div class=\"text-box-content text dark\">\n              \n              <div class=\"text-inner text-center\">\n                  \n\n\t<div id=\"text-674409647\" class=\"text\">\n\t\t\n\n<div class=\"row h1\"><h1><strong>PROTECCI\u00d3N ANTICORROSI\u00d3N PARA LA INDUSTRIA DEL PETR\u00d3LEO Y EL GAS<\/strong><\/span><\/h1><\/div>\n\t\t\n<style>\n#text-674409647 {\n  color: rgb(255, 255, 255);\n}\n#text-674409647 > * {\n  color: rgb(255, 255, 255);\n}\n<\/style>\n\t<\/div>\n\t\n\n              <\/div>\n           <\/div>\n                            \n<style>\n#text-box-1652165417 {\n  margin: 1px 0px 0px 0px;\n  width: 60%;\n}\n#text-box-1652165417 .text-box-content {\n  background-color: rgba(0, 0, 0, 0.75);\n  font-size: 100%;\n}\n#text-box-1652165417 .text-inner {\n  padding: 28px 19px 18px 19px;\n}\n<\/style>\n    <\/div>\n \n\n        <\/div>\n      <\/div>\n\n            \n<style>\n#banner-1535911736 {\n  padding-top: 500px;\n}\n<\/style>\n  <\/div>\n\n\n\n\t\t<\/div>\n\t\t\t\t\t<\/div>\n\n\t\n\n<\/div>\n\n\t\t<\/div>\n\n\t\t\n<style>\n#section_1927423017 {\n  padding-top: 0px;\n  padding-bottom: 0px;\n}\n<\/style>\n\t<\/section>\n\t\n\n\t<section class=\"section\" id=\"section_1249055091\">\n\t\t<div class=\"section-bg fill\" >\n\t\t\t\t\t\t\t\t\t\n\t\t\t\n\n\t\t<\/div>\n\n\t\t\n\n\t\t<div class=\"section-content relative\">\n\t\t\t\n\n<div class=\"row\" style=\"max-width:1170px\" id=\"row-40588992\">\n\n\n\t<div id=\"col-373376684\" class=\"col small-12 large-12\"  >\n\t\t\t\t<div class=\"col-inner\"  >\n\t\t\t\n\t\t\t\n\n<p>Los recubrimientos cer\u00e1micos Cerakote aumentan la longevidad de las piezas a\u00f1adiendo la mejor protecci\u00f3n contra la corrosi\u00f3n del sector en un recubrimiento de pel\u00edcula fina ultraduradero. Mientras que otros recubrimientos afirman tener grandes cifras de corrosi\u00f3n, simplemente no cumplen en las piezas que m\u00e1s importan.<\/p>\n<p>Las piezas con tolerancias estrechas, como roscas y v\u00e1lvulas, suelen dejarse sin recubrir debido a las limitaciones de tolerancia de las pinturas gruesas, los recubrimientos en polvo y la pulverizaci\u00f3n de plasma. Esto deja expuestas y desprotegidas las \u00e1reas m\u00e1s cr\u00edticas de su operaci\u00f3n. Cerakote no s\u00f3lo tiene la mejor protecci\u00f3n contra la corrosi\u00f3n del sector, sino que tambi\u00e9n puede aplicarse a toda la pieza (externa e interna sin necesidad de costosos enmascaramientos), incluidas las roscas, v\u00e1lvulas e impulsores m\u00e1s dif\u00edciles.<\/p>\n<h2><span style=\"color: #f69422\">CERAKOTE ES CONOCIDO POR:<\/strong><\/h2>\n<ul>\n<li>Protecci\u00f3n inigualable contra la corrosi\u00f3n: con un grosor de 1 mil, nuestros revestimientos superan sin fallos las 4.000 horas de pruebas de corrosi\u00f3n por niebla salina (ASTM B117).<\/li>\n<li>Excelente protecci\u00f3n qu\u00edmica: ideal para la exposici\u00f3n a \u00e1cidos, soluciones alcalinas, fluidos de perforaci\u00f3n, aceites crudos y derivados, fluidos hidr\u00e1ulicos, etc.<\/li>\n<li>Excelente resistencia a la abrasi\u00f3n: se adapta a entornos con muchos ciclos y mucho desgaste. Dureza 9H y m\u00e1s de 5.000 ciclos por mil de resistencia a la abrasi\u00f3n (ASTM D4060).<\/li>\n<li>Flexibilidad - El dise\u00f1o de pel\u00edcula fina de Cerakote permite que el revestimiento se flexione con el sustrato. Ideal para la expansi\u00f3n t\u00e9rmica y los entornos de alta vibraci\u00f3n.<\/li>\n<li>No es necesario enmascarar - Ahorre tiempo y dinero eliminando el costoso enmascarado durante el proceso de recubrimiento.<\/li>\n<li>Aplicaciones con tolerancias estrechas: excelente para su uso en roscas, fijaciones, valores, bombas y piezas internas en las que no se puede aplicar pintura ni recubrimiento en polvo.<\/li>\n<li>Aplicaciones de alta temperatura - Recubrimientos formulados para soportar temperaturas de hasta 1.800\u00b0 F, incluida la resistencia al choque t\u00e9rmico, sin efectos adversos.<\/li>\n<li>Bajo coeficiente de fricci\u00f3n superior - CoF de 0,11 que supera a los revestimientos de PTFE del mercado actual.<\/li>\n<\/ul>\n<p>Empresas de todo el mundo utilizan Cerakote por su resistencia qu\u00edmica l\u00edder en la industria, protecci\u00f3n contra la corrosi\u00f3n, durabilidad y acabados de tolerancia ajustada. Cerakote se aplica a 100% de su pieza sin necesidad de enmascarar, lo que le proporciona una protecci\u00f3n y durabilidad l\u00edderes en la industria sin excepci\u00f3n.<\/p>\n<p>Este testimonio es de uno de nuestros clientes de la cuenca del P\u00e9rmico que prob\u00f3 nuestros productos sobre el terreno e hizo el cambio a Cerakote debido al aumento radical del tiempo de actividad y el rendimiento:<\/p>\n\t<div id=\"text-2754721386\" class=\"text\">\n\t\t\n\n<blockquote>Empezamos a utilizar Cerakote hace aproximadamente dos a\u00f1os. En el pasado, hab\u00edamos utilizado revestimientos epox\u00eddicos para proteger nuestras piezas de acero y fundici\u00f3n d\u00factil. La mayor\u00eda de los fallos se produc\u00edan en las roscas, que no pod\u00edan recubrirse. Al utilizar Cerakote, que nos permite recubrir las roscas, hemos aumentado la vida \u00fatil de nuestras conexiones. Lo que antes se cambiaba cada dos o cuatro meses ahora dura m\u00e1s de dieciocho. Estamos cambiando los racores roscados con revestimiento epoxi por Cerakote, a medida que los racores de acero se desgastan y se sustituyen. - Chris Vestal (Supervisor de producci\u00f3n; Layline Energy)<\/blockquote>\n\t\t\n<style>\n#text-2754721386 {\n  font-size: 0.75rem;\n}\n<\/style>\n\t<\/div>\n\t\n\n\t\t<\/div>\n\t\t\t\t\t<\/div>\n\n\t\n\n<\/div>\n\n\t\t<\/div>\n\n\t\t\n<style>\n#section_1249055091 {\n  padding-top: 30px;\n  padding-bottom: 30px;\n}\n<\/style>\n\t<\/section>\n\t\n\n\t<section class=\"section\" id=\"section_872759449\">\n\t\t<div class=\"section-bg fill\" >\n\t\t\t\t\t\t\t\t\t\n\t\t\t\n\n\t\t<\/div>\n\n\t\t\n\n\t\t<div class=\"section-content relative\">\n\t\t\t\n\n<div class=\"row\" style=\"max-width:1170px\" id=\"row-1156259651\">\n\n\n\t<div id=\"col-1108096603\" class=\"col small-12 large-12\"  >\n\t\t\t\t<div class=\"col-inner\"  >\n\t\t\t\n\t\t\t\n\n\t<div class=\"img has-hover x md-x lg-x y md-y lg-y\" id=\"image_281320937\">\n\t\t\t\t\t\t\t\t<div class=\"img-inner dark\" >\n\t\t\t<img loading=\"lazy\" decoding=\"async\" width=\"1020\" height=\"349\" src=\"https:\/\/www.cerakotesa.com\/wp-content\/uploads\/2021\/06\/expoxy_vs_cerakote_corrosion_test-1024x350.jpg\" class=\"attachment-large size-large\" alt=\"Ensayo de corrosi\u00f3n con epoxi frente a cerakote\" srcset=\"https:\/\/www.cerakotesa.com\/wp-content\/uploads\/2021\/06\/expoxy_vs_cerakote_corrosion_test-1024x350.jpg 1024w, https:\/\/www.cerakotesa.com\/wp-content\/uploads\/2021\/06\/expoxy_vs_cerakote_corrosion_test-247x84.jpg 247w, https:\/\/www.cerakotesa.com\/wp-content\/uploads\/2021\/06\/expoxy_vs_cerakote_corrosion_test-510x174.jpg 510w, https:\/\/www.cerakotesa.com\/wp-content\/uploads\/2021\/06\/expoxy_vs_cerakote_corrosion_test-300x103.jpg 300w, https:\/\/www.cerakotesa.com\/wp-content\/uploads\/2021\/06\/expoxy_vs_cerakote_corrosion_test-768x263.jpg 768w, https:\/\/www.cerakotesa.com\/wp-content\/uploads\/2021\/06\/expoxy_vs_cerakote_corrosion_test.jpg 1170w\" sizes=\"auto, (max-width: 1020px) 100vw, 1020px\" \/>\t\t\t\t\t\t\n\t\t\t\t\t<\/div>\n\t\t\t\t\t\t\t\t\n<style>\n#image_281320937 {\n  width: 100%;\n}\n<\/style>\n\t<\/div>\n\t\n\n\n\t\t<\/div>\n\t\t\t\t\t<\/div>\n\n\t\n\n\t<div id=\"col-2024547281\" class=\"col medium-6 small-12 large-6\"  >\n\t\t\t\t<div class=\"col-inner\"  >\n\t\t\t\n\t\t\t\n\n<p><span style=\"color:#f69422\"><strong>Recubrimientos y pretratamientos comunes que Cerakote sustituye:<\/strong><\/p>\n<ul>\n<li>Todas las pinturas<\/li>\n<li>Anodizado<\/li>\n<li>Fosfato de hierro<\/li>\n<li>Fosfato de zinc<\/li>\n<li>Imprimaciones epoxi<\/li>\n<li>Cromato<\/li>\n<li>Xylan<\/li>\n<li>Recubrimiento en polvo<\/li>\n<li>Epoxi unido por fusi\u00f3n<\/li>\n<li>Niqueladov\n<li>Nitruraci\u00f3n en ba\u00f1o salino<\/li>\n<li>Galvanizaci\u00f3n<\/li>\n<li>PTFE<\/li>\n<\/ul>\n\n\t\t<\/div>\n\t\t\t\t\t<\/div>\n\n\t\n\n\t<div id=\"col-791798481\" class=\"col medium-6 small-12 large-6\"  >\n\t\t\t\t<div class=\"col-inner\"  >\n\t\t\t\n\t\t\t\n\n<p><span style=\"color:#f69422\"><strong>Sustratos sobre los que se puede aplicar Cerakote:<\/strong><\/p>\n<ul>\n<li>Aluminio - Todos los grados<\/li>\n<li>Acero dulce<\/li>\n<li>Acero Stainless - Todos los grados<\/li>\n<li>Inconel - Todos los grados<\/li>\n<li>Superaleaci\u00f3n<\/li>\n<li>Hierro d\u00factil o fundici\u00f3n<\/li>\n<li>Titanium<\/li>\n<li>Magnesio<\/li>\n<\/ul>\n\n\t\t<\/div>\n\t\t\t\t\t<\/div>\n\n\t\n\n<\/div>\n<div class=\"row\" style=\"max-width:1170px\" id=\"row-1655642598\">\n\n\n\t<div id=\"col-2064019725\" class=\"col small-12 large-12\"  >\n\t\t\t\t<div class=\"col-inner\"  >\n\t\t\t\n\t\t\t\n\n<p>Ya sea para herramientas de fondo de pozo, bridas, v\u00e1lvulas o zonas roscadas, Cerakote es la soluci\u00f3n para sus problemas de corrosi\u00f3n y durabilidad.<\/p>\n<p>Cerakote se dedica a la fabricaci\u00f3n de productos de rendimiento de la m\u00e1s alta calidad para nuestros clientes. Todos nuestros productos se fabrican, producen y env\u00edan aqu\u00ed mismo, en Estados Unidos. Sabemos que los resultados son importantes. Si es importante para usted, Finish Strong\u2122 con Cerakote.<\/p>\n<h2><span style=\"color: #f69422;\">\u00bfC\u00d3MO PUEDO EMPEZAR CON CERAKOTE?<\/span><\/h2>\n<p>Fabricantes, propietarios y operarios, p\u00f3nganse en contacto con nosotros para hablar de una demostraci\u00f3n gratuita de Cerakote en su equipo. Cerakote est\u00e1 disponible en m\u00e1s de 85 pa\u00edses y puede integrarse econ\u00f3micamente en su proceso de acabado actual o subcontratarse a uno de nuestros aplicadores certificados formados en f\u00e1brica en todo el mundo.<\/p>\n<p>Env\u00edenos un correo electr\u00f3nico a <a href=\"mailto:enquiries@cerakoteeu.com\">enquiries@cerakoteeu.com\u00a0<\/a>para saber m\u00e1s.<\/p>\n\n\t\t<\/div>\n\t\t\t\t\t<\/div>\n\n\t\n\n<\/div>\n\n\t\t<\/div>\n\n\t\t\n<style>\n#section_872759449 {\n  padding-top: 30px;\n  padding-bottom: 30px;\n}\n<\/style>\n\t<\/section>\n\t\n\n\t<section class=\"section\" id=\"section_1364906149\">\n\t\t<div class=\"section-bg fill\" >\n\t\t\t\t\t\t\t\t\t\n\t\t\t\n\n\t\t<\/div>\n\n\t\t\n\n\t\t<div class=\"section-content relative\">\n\t\t\t\n\n<div class=\"row\" style=\"max-width:1170px\" id=\"row-1870456908\">\n\n\n\t<div id=\"col-1075425139\" class=\"col small-12 large-12\"  >\n\t\t\t\t<div class=\"col-inner\"  >\n\t\t\t\n\t\t\t\n\n\t<div class=\"img has-hover x md-x lg-x y md-y lg-y\" id=\"image_623515476\">\n\t\t\t\t\t\t\t\t<div class=\"img-inner dark\" >\n\t\t\t<img loading=\"lazy\" decoding=\"async\" width=\"1020\" height=\"349\" src=\"https:\/\/www.cerakotesa.com\/wp-content\/uploads\/2021\/06\/cerakote_corrosion_test-1024x350.jpg\" class=\"attachment-large size-large\" alt=\"Prueba de corrosi\u00f3n Cerakote\" srcset=\"https:\/\/www.cerakotesa.com\/wp-content\/uploads\/2021\/06\/cerakote_corrosion_test-1024x350.jpg 1024w, https:\/\/www.cerakotesa.com\/wp-content\/uploads\/2021\/06\/cerakote_corrosion_test-247x84.jpg 247w, https:\/\/www.cerakotesa.com\/wp-content\/uploads\/2021\/06\/cerakote_corrosion_test-510x174.jpg 510w, https:\/\/www.cerakotesa.com\/wp-content\/uploads\/2021\/06\/cerakote_corrosion_test-300x103.jpg 300w, https:\/\/www.cerakotesa.com\/wp-content\/uploads\/2021\/06\/cerakote_corrosion_test-768x263.jpg 768w, https:\/\/www.cerakotesa.com\/wp-content\/uploads\/2021\/06\/cerakote_corrosion_test.jpg 1170w\" sizes=\"auto, (max-width: 1020px) 100vw, 1020px\" \/>\t\t\t\t\t\t\n\t\t\t\t\t<\/div>\n\t\t\t\t\t\t\t\t\n<style>\n#image_623515476 {\n  width: 100%;\n}\n<\/style>\n\t<\/div>\n\t\n\n\n\t\t<\/div>\n\t\t\t\t\t<\/div>\n\n\t\n\n<\/div>\n\n\t\t<\/div>\n\n\t\t\n<style>\n#section_1364906149 {\n  padding-top: 30px;\n  padding-bottom: 30px;\n}\n<\/style>\n\t<\/section>\n\t\n\n\t<section class=\"section\" id=\"section_1497162860\">\n\t\t<div class=\"section-bg fill\" >\n\t\t\t\t\t\t\t\t\t\n\t\t\t\n\n\t\t<\/div>\n\n\t\t\n\n\t\t<div class=\"section-content relative\">\n\t\t\t\n\n<div class=\"row\" style=\"max-width:1170px\" id=\"row-1439640123\">\n\n\n\t<div id=\"col-1005969568\" class=\"col small-12 large-12\"  >\n\t\t\t\t<div class=\"col-inner\"  >\n\t\t\t\n\t\t\t\n\n\n  <div class=\"banner has-hover\" id=\"banner-1340373701\">\n          <div class=\"banner-inner fill\">\n        <div class=\"banner-bg fill\" >\n                                                \n                    <\/div>\n\t\t\n        <div class=\"banner-layers container\">\n            <div class=\"fill banner-link\"><\/div>            \n\n   <div id=\"text-box-508496669\" class=\"text-box banner-layer x50 md-x50 lg-x50 y50 md-y50 lg-y50 res-text\">\n                                <div class=\"text-box-content text dark\">\n              \n              <div class=\"text-inner text-center\">\n                  \n\n<p><span style=\"color:#ffffff; font-size:38px\">Ampl\u00ede la protecci\u00f3n de sus productos de rendimiento..<\/span> <span style=\"color:#1788e4; font-size:38px\">ACABAR CON FUERZA<\/span><span style=\"color:#ffffff; font-size:38px\"> \u00a1con Cerakote hoy mismo!<\/span><\/p>\n<a href=\"\/contact\" class=\"button primary\" >\n\t\t<span>CONTACTO<\/span>\n\t<\/a>\n\n\n\n              <\/div>\n           <\/div>\n                            \n<style>\n#text-box-508496669 {\n  width: 60%;\n}\n#text-box-508496669 .text-box-content {\n  font-size: 100%;\n}\n<\/style>\n    <\/div>\n \n\n        <\/div>\n      <\/div>\n\n            \n<style>\n#banner-1340373701 {\n  padding-top: 500px;\n  background-color: rgb(29, 25, 25);\n}\n<\/style>\n  <\/div>\n\n\n\n\t\t<\/div>\n\t\t\t\t\t<\/div>\n\n\t\n\n<\/div>\n\n\t\t<\/div>\n\n\t\t\n<style>\n#section_1497162860 {\n  padding-top: 30px;\n  padding-bottom: 30px;\n}\n<\/style>\n\t<\/section>","protected":false},"excerpt":{"rendered":"","protected":false},"author":1,"featured_media":0,"parent":6831,"menu_order":0,"comment_status":"closed","ping_status":"closed","template":"page-blank.php","meta":{"_acf_changed":false,"footnotes":""},"class_list":["post-6949","page","type-page","status-publish","hentry"],"yoast_head":"<!-- This site is optimized with the Yoast SEO plugin v26.7 - https:\/\/yoast.com\/wordpress\/plugins\/seo\/ -->\n<title>Cerakote Protection for Oil &amp; Gas Industries | Cerakote in Industry - Cerakote South Africa<\/title>\n<meta name=\"robots\" content=\"index, follow, max-snippet:-1, max-image-preview:large, max-video-preview:-1\" \/>\n<link rel=\"canonical\" href=\"https:\/\/www.cerakotesa.com\/es\/cerakote-industries\/oil-and-gas\/\" \/>\n<meta property=\"og:locale\" content=\"es_ES\" \/>\n<meta property=\"og:type\" content=\"article\" \/>\n<meta property=\"og:title\" content=\"Cerakote Protection for Oil &amp; Gas Industries | Cerakote in Industry - Cerakote South Africa\" \/>\n<meta property=\"og:url\" content=\"https:\/\/www.cerakotesa.com\/es\/cerakote-industries\/oil-and-gas\/\" \/>\n<meta property=\"og:site_name\" content=\"Cerakote South Africa\" \/>\n<meta property=\"article:modified_time\" content=\"2023-07-26T11:29:33+00:00\" \/>\n<meta name=\"twitter:card\" content=\"summary_large_image\" \/>\n<meta name=\"twitter:label1\" content=\"Tiempo de lectura\" \/>\n\t<meta name=\"twitter:data1\" content=\"4 minutos\" \/>\n<script type=\"application\/ld+json\" class=\"yoast-schema-graph\">{\"@context\":\"https:\/\/schema.org\",\"@graph\":[{\"@type\":\"WebPage\",\"@id\":\"https:\/\/www.cerakotesa.com\/cerakote-industries\/oil-and-gas\/\",\"url\":\"https:\/\/www.cerakotesa.com\/cerakote-industries\/oil-and-gas\/\",\"name\":\"Cerakote Protection for Oil & Gas Industries | Cerakote in Industry - Cerakote South Africa\",\"isPartOf\":{\"@id\":\"https:\/\/www.cerakotesa.com\/#website\"},\"datePublished\":\"2021-06-15T19:12:08+00:00\",\"dateModified\":\"2023-07-26T11:29:33+00:00\",\"breadcrumb\":{\"@id\":\"https:\/\/www.cerakotesa.com\/cerakote-industries\/oil-and-gas\/#breadcrumb\"},\"inLanguage\":\"es\",\"potentialAction\":[{\"@type\":\"ReadAction\",\"target\":[\"https:\/\/www.cerakotesa.com\/cerakote-industries\/oil-and-gas\/\"]}]},{\"@type\":\"BreadcrumbList\",\"@id\":\"https:\/\/www.cerakotesa.com\/cerakote-industries\/oil-and-gas\/#breadcrumb\",\"itemListElement\":[{\"@type\":\"ListItem\",\"position\":1,\"name\":\"Home\",\"item\":\"https:\/\/www.cerakotesa.com\/\"},{\"@type\":\"ListItem\",\"position\":2,\"name\":\"Industries\",\"item\":\"https:\/\/www.cerakotesa.com\/cerakote-industries\/\"},{\"@type\":\"ListItem\",\"position\":3,\"name\":\"Cerakote Protection for Oil &#038; Gas Industries | Cerakote in Industry\"}]},{\"@type\":\"WebSite\",\"@id\":\"https:\/\/www.cerakotesa.com\/#website\",\"url\":\"https:\/\/www.cerakotesa.com\/\",\"name\":\"Cerakote South Africa\",\"description\":\"Cerakote is a global leader in the manufacturing of thin-film protective ceramic coatings\",\"potentialAction\":[{\"@type\":\"SearchAction\",\"target\":{\"@type\":\"EntryPoint\",\"urlTemplate\":\"https:\/\/www.cerakotesa.com\/?s={search_term_string}\"},\"query-input\":{\"@type\":\"PropertyValueSpecification\",\"valueRequired\":true,\"valueName\":\"search_term_string\"}}],\"inLanguage\":\"es\"}]}<\/script>\n<!-- \/ Yoast SEO plugin. -->","yoast_head_json":{"title":"Cerakote Protection for Oil & Gas Industries | Cerakote in Industry - Cerakote South Africa","robots":{"index":"index","follow":"follow","max-snippet":"max-snippet:-1","max-image-preview":"max-image-preview:large","max-video-preview":"max-video-preview:-1"},"canonical":"https:\/\/www.cerakotesa.com\/es\/cerakote-industries\/oil-and-gas\/","og_locale":"es_ES","og_type":"article","og_title":"Cerakote Protection for Oil & Gas Industries | Cerakote in Industry - Cerakote South Africa","og_url":"https:\/\/www.cerakotesa.com\/es\/cerakote-industries\/oil-and-gas\/","og_site_name":"Cerakote South Africa","article_modified_time":"2023-07-26T11:29:33+00:00","twitter_card":"summary_large_image","twitter_misc":{"Tiempo de lectura":"4 minutos"},"schema":{"@context":"https:\/\/schema.org","@graph":[{"@type":"WebPage","@id":"https:\/\/www.cerakotesa.com\/cerakote-industries\/oil-and-gas\/","url":"https:\/\/www.cerakotesa.com\/cerakote-industries\/oil-and-gas\/","name":"Cerakote Protection for Oil & Gas Industries | Cerakote in Industry - Cerakote South Africa","isPartOf":{"@id":"https:\/\/www.cerakotesa.com\/#website"},"datePublished":"2021-06-15T19:12:08+00:00","dateModified":"2023-07-26T11:29:33+00:00","breadcrumb":{"@id":"https:\/\/www.cerakotesa.com\/cerakote-industries\/oil-and-gas\/#breadcrumb"},"inLanguage":"es","potentialAction":[{"@type":"ReadAction","target":["https:\/\/www.cerakotesa.com\/cerakote-industries\/oil-and-gas\/"]}]},{"@type":"BreadcrumbList","@id":"https:\/\/www.cerakotesa.com\/cerakote-industries\/oil-and-gas\/#breadcrumb","itemListElement":[{"@type":"ListItem","position":1,"name":"Home","item":"https:\/\/www.cerakotesa.com\/"},{"@type":"ListItem","position":2,"name":"Industries","item":"https:\/\/www.cerakotesa.com\/cerakote-industries\/"},{"@type":"ListItem","position":3,"name":"Cerakote Protection for Oil &#038; Gas Industries | Cerakote in Industry"}]},{"@type":"WebSite","@id":"https:\/\/www.cerakotesa.com\/#website","url":"https:\/\/www.cerakotesa.com\/","name":"Cerakote South Africa","description":"Cerakote es l\u00edder mundial en la fabricaci\u00f3n de recubrimientos cer\u00e1micos protectores de capa fina.","potentialAction":[{"@type":"SearchAction","target":{"@type":"EntryPoint","urlTemplate":"https:\/\/www.cerakotesa.com\/?s={search_term_string}"},"query-input":{"@type":"PropertyValueSpecification","valueRequired":true,"valueName":"search_term_string"}}],"inLanguage":"es"}]}},"acf":[],"_links":{"self":[{"href":"https:\/\/www.cerakotesa.com\/es\/wp-json\/wp\/v2\/pages\/6949","targetHints":{"allow":["GET"]}}],"collection":[{"href":"https:\/\/www.cerakotesa.com\/es\/wp-json\/wp\/v2\/pages"}],"about":[{"href":"https:\/\/www.cerakotesa.com\/es\/wp-json\/wp\/v2\/types\/page"}],"author":[{"embeddable":true,"href":"https:\/\/www.cerakotesa.com\/es\/wp-json\/wp\/v2\/users\/1"}],"replies":[{"embeddable":true,"href":"https:\/\/www.cerakotesa.com\/es\/wp-json\/wp\/v2\/comments?post=6949"}],"version-history":[{"count":0,"href":"https:\/\/www.cerakotesa.com\/es\/wp-json\/wp\/v2\/pages\/6949\/revisions"}],"up":[{"embeddable":true,"href":"https:\/\/www.cerakotesa.com\/es\/wp-json\/wp\/v2\/pages\/6831"}],"wp:attachment":[{"href":"https:\/\/www.cerakotesa.com\/es\/wp-json\/wp\/v2\/media?parent=6949"}],"curies":[{"name":"wp","href":"https:\/\/api.w.org\/{rel}","templated":true}]}}