{"id":9984,"date":"2022-06-05T17:21:58","date_gmt":"2022-06-05T16:21:58","guid":{"rendered":"https:\/\/www.cerakote.co.uk\/?page_id=9984"},"modified":"2023-07-26T11:26:48","modified_gmt":"2023-07-26T11:26:48","slug":"electronics-audio","status":"publish","type":"page","link":"https:\/\/www.cerakotesa.com\/es\/cerakote-industries\/electronics-audio\/","title":{"rendered":"Electr\u00f3nica - Audio Cerakote Protection and Coatings | Cerakote en la industria"},"content":{"rendered":"<div class=\"banner has-hover show-for-small\" id=\"banner-1337945904\">\n          <div class=\"banner-inner fill\">\n        <div class=\"banner-bg fill\" >\n            <img loading=\"lazy\" decoding=\"async\" width=\"1020\" height=\"349\" src=\"https:\/\/www.cerakotesa.com\/wp-content\/uploads\/2022\/06\/header-1024x350.webp\" class=\"bg attachment-large size-large\" alt=\"\" \/>                                    \n                    <\/div>\n\t\t\n        <div class=\"banner-layers container\">\n            <div class=\"fill banner-link\"><\/div>            \n\n\n        <\/div>\n      <\/div>\n\n            \n<style>\n#banner-1337945904 {\n  padding-top: 127px;\n}\n@media (min-width:550px) {\n  #banner-1337945904 {\n    padding-top: 500px;\n  }\n}\n<\/style>\n  <\/div>\n\n\n\n  <div class=\"banner has-hover hide-for-small\" id=\"banner-1936427988\">\n          <div class=\"banner-inner fill\">\n        <div class=\"banner-bg fill\" >\n            <img loading=\"lazy\" decoding=\"async\" width=\"1170\" height=\"400\" src=\"https:\/\/www.cerakotesa.com\/wp-content\/uploads\/2022\/06\/header.webp\" class=\"bg attachment-original size-original\" alt=\"\" \/>                                    \n                    <\/div>\n\t\t\n        <div class=\"banner-layers container\">\n            <div class=\"fill banner-link\"><\/div>            \n\n   <div id=\"text-box-2067332109\" class=\"text-box banner-layer hide-for-small x50 md-x50 lg-x50 y50 md-y50 lg-y50 res-text\">\n                                <div class=\"text-box-content text dark\">\n              \n              <div class=\"text-inner text-center\">\n                  \n\n<h1>REVESTIMIENTO CER\u00c1MICO PARA MICR\u00d3FONOS DE NIVEL \u00c9LITE PARA QUE SU PRODUCTO SEA EL CENTRO DE ATENCI\u00d3N<\/h1>\n\n              <\/div>\n           <\/div>\n                            \n<style>\n#text-box-2067332109 .text-box-content {\n  background-color: rgba(0, 0, 0, 0.75);\n  font-size: 100%;\n}\n#text-box-2067332109 .text-inner {\n  padding: 16px 5px 15px 0px;\n}\n#text-box-2067332109 {\n  width: 60%;\n}\n<\/style>\n    <\/div>\n \n\n        <\/div>\n      <\/div>\n\n            \n<style>\n#banner-1936427988 {\n  padding-top: 500px;\n}\n<\/style>\n  <\/div>\n\n\n\n\t<section class=\"section\" id=\"section_430668316\">\n\t\t<div class=\"section-bg fill\" >\n\t\t\t\t\t\t\t\t\t\n\t\t\t\n\n\t\t<\/div>\n\n\t\t\n\n\t\t<div class=\"section-content relative\">\n\t\t\t\n\n<div class=\"row\"  id=\"row-1748654618\">\n\n\n\t<div id=\"col-1168906263\" class=\"col small-12 large-12\"  >\n\t\t\t\t<div class=\"col-inner\"  >\n\t\t\t\n\t\t\t\n\n\t<div id=\"text-4141413079\" class=\"text\">\n\t\t\n\n<div class=\"row\">\n<h2><\/h2>\n<h2><span style=\"color: #f69422;\">SI SU REVESTIMIENTO DE MICR\u00d3FONO ACTUAL NO LE EST\u00c1 DANDO...<\/span><\/h2>\n<ul>\n \t<li>Color lujoso y un acabado llamativo que nunca se desvanece<\/li>\n \t<li>Protecci\u00f3n impermeable contra fuertes desportilladuras, ara\u00f1azos y abolladuras<\/li>\n \t<li>Ultraligero aplicable para aplicaciones de tolerancia ajustada (roscas, etc.)<\/li>\n \t<li>Aplicaci\u00f3n sencilla y duradera para aluminio, titanio, pol\u00edmeros y pr\u00e1cticamente cualquier otra superficie potencial.<\/li>\n \t<li>M\u00e1s de 100 colores de dise\u00f1o para complacer a los m\u00fasicos m\u00e1s exigentes<\/li>\n \t<li>Todo a un precio dise\u00f1ado para generar m\u00e1s ingresos para su empresa<\/li>\n<\/ul>\n<h2><span style=\"color: #f69422;\">...ENTONCES ES HORA DE QUE EXPERIMENTE LA DIFERENCIA CERAKOTE.<\/span><\/h2>\n<\/div>\n\n<hr \/>\n\n<div class=\"row\">\n<h2><span style=\"color: #f69422;\">CERAKOTE: NOS DEDICAMOS A MEJORAR SU REPUTACI\u00d3N<\/span><\/h2>\nComo l\u00edder del sector en recubrimientos cer\u00e1micos de alta gama para automoci\u00f3n, electr\u00f3nica, deportes y fitness e incluso tecnolog\u00eda aeroespacial, Cerakote no es ajeno a proyectos que presentan retos \u00fanicos.\n\nDicho de otro modo,\u00a0<strong>protegemos y mejoramos las cosas que m\u00e1s te importan.<\/strong>\n\nY la industria musical no es una excepci\u00f3n.\n\nPor eso centramos nuestros esfuerzos en crear un revestimiento cer\u00e1mico f\u00e1cil de aplicar que coloca el micr\u00f3fono exactamente donde debe estar: delante y en el centro, sin un solo ara\u00f1azo.\n\nA diferencia de muchos otros materiales de revestimiento, Cerakote es el \u00fanico revestimiento cer\u00e1mico que puede\u00a0<strong>garantizan miles de horas de uso<\/strong>\u00a0sin necesidad de seguir m\u00faltiples pasos, largos y costosos, para su aplicaci\u00f3n.\n\n<\/div>\n.\n\t\t\n<style>\n#text-4141413079 {\n  text-align: left;\n}\n<\/style>\n\t<\/div>\n\t\n\t<div class=\"img has-hover x md-x lg-x y md-y lg-y\" id=\"image_1436302386\">\n\t\t\t\t\t\t\t\t<div class=\"img-inner dark\" >\n\t\t\t<img loading=\"lazy\" decoding=\"async\" width=\"1200\" height=\"400\" src=\"https:\/\/www.cerakotesa.com\/wp-content\/uploads\/2022\/06\/Microphone.webp\" class=\"attachment-original size-original\" alt=\"\" srcset=\"https:\/\/www.cerakotesa.com\/wp-content\/uploads\/2022\/06\/Microphone.webp 1200w, https:\/\/www.cerakotesa.com\/wp-content\/uploads\/2022\/06\/Microphone-247x82.webp 247w, https:\/\/www.cerakotesa.com\/wp-content\/uploads\/2022\/06\/Microphone-510x170.webp 510w, https:\/\/www.cerakotesa.com\/wp-content\/uploads\/2022\/06\/Microphone-300x100.webp 300w, https:\/\/www.cerakotesa.com\/wp-content\/uploads\/2022\/06\/Microphone-1024x341.webp 1024w, https:\/\/www.cerakotesa.com\/wp-content\/uploads\/2022\/06\/Microphone-768x256.webp 768w\" sizes=\"auto, (max-width: 1200px) 100vw, 1200px\" \/>\t\t\t\t\t\t\n\t\t\t\t\t<\/div>\n\t\t\t\t\t\t\t\t\n<style>\n#image_1436302386 {\n  width: 100%;\n}\n<\/style>\n\t<\/div>\n\t\n\n<p><strong>Con los m\u00e9todos tradicionales, como el recubrimiento de polvo, anodizado o pintura l\u00edquida...<\/strong><\/p>\n<ul>\n<li>Aplicaci\u00f3n desigual del color que var\u00eda de un micr\u00f3fono a otro, creando incoherencias en su l\u00ednea de productos.<\/li>\n<li>Tratamientos complejos y poco respetuosos con el medio ambiente que requieren el env\u00edo de sus productos para su aplicaci\u00f3n, lo que puede retrasar su proceso de fabricaci\u00f3n.<\/li>\n<li>Desgaste por el uso diario que se manifiesta en los productos con bastante rapidez.<\/li>\n<li>Tratamientos de revestimiento grueso que abaratan el aspecto general y el tacto de sus magn\u00edficos micr\u00f3fonos.<\/li>\n<\/ul>\n<p><strong>Pero con Cerakote, puede descubrir...<\/strong><\/p>\n<ul>\n<li>Lote tras lote de consistencia de color.<\/li>\n<li>Una sencilla aplicaci\u00f3n de una sola capa, sin V.O.C., sin metales pesados ni cromo hexavalente, que aumenta la velocidad y la eficacia de su operaci\u00f3n de revestimiento.<\/li>\n<li>Micr\u00f3fonos utilizados durante miles de horas de gloriosa magia musical, sin que parezcan desgastados, que har\u00e1n justicia a su marca.<\/li>\n<li>Un acabado \u00fanico y de alta gama que sus clientes estar\u00e1n impacientes por usar y presumir.<\/li>\n<\/ul>\n<p><strong>\u00bfEn resumidas cuentas?<\/strong>\u00a0Cerakote es su soluci\u00f3n sencilla y eficaz para a\u00f1adir coloridas mejoras a su l\u00ednea de productos, al tiempo que protege su negocio de una pesadilla de control de calidad, todo en una simple capa.<\/p>\n<div class=\"row\"  id=\"row-1383697632\">\n\n\n\t<div id=\"col-193241648\" class=\"col medium-6 small-12 large-6\"  >\n\t\t\t\t<div class=\"col-inner\"  >\n\t\t\t\n\t\t\t\n\n<h2><\/h2>\n<h2><span style=\"color: #f69422;\">MEJORE AL INSTANTE SUS PRODUCTOS EXISTENTES UTILIZANDO LOS EQUIPOS DE LOS QUE YA DISPONE SU F\u00c1BRICA<\/span><\/h2>\n<p>En Cerakote, creemos que los acabados hermosos y lujosos no deber\u00edan implicar aplicaciones complicadas. Otros recubrimientos de la industria son costosos, potencialmente peligrosos y a menudo ofrecen resultados imprecisos. Por eso, nuestros recubrimientos cer\u00e1micos pueden aplicarse f\u00e1cilmente con el equipo que probablemente ya tenga su f\u00e1brica.<\/p>\n<p><strong>As\u00ed es como funciona...<\/strong><\/p>\n<p><strong>Simple Spray Booth Coating.<\/strong>\u00a0Cerakote es una aplicaci\u00f3n de una sola capa, lo que significa que no necesita imprimaci\u00f3n ni capa final. Nuestro revestimiento cer\u00e1mico puede aplicarse en una cabina de pulverizaci\u00f3n manual o robotizada para grandes series de producci\u00f3n.<\/p>\n<p>\u00bfNo sabe c\u00f3mo incorporar los recubrimientos Cerakote a su proceso de fabricaci\u00f3n?<\/p>\n<p>Nuestros especialistas han trabajado con aplicadores de m\u00e1s de 85 condados para crear un proceso eficaz y sin fisuras, adaptado a sus necesidades espec\u00edficas.<\/p>\n\n\t\t<\/div>\n\t\t\t\t\t<\/div>\n\n\t\n\n\t<div id=\"col-191994673\" class=\"col medium-6 small-12 large-6\"  >\n\t\t\t\t<div class=\"col-inner\"  >\n\t\t\t\n\t\t\t\n\n\t<div class=\"img has-hover x md-x lg-x y md-y lg-y\" id=\"image_337608072\">\n\t\t\t\t\t\t\t\t<div class=\"img-inner dark\" >\n\t\t\t<img loading=\"lazy\" decoding=\"async\" width=\"530\" height=\"430\" src=\"https:\/\/www.cerakotesa.com\/wp-content\/uploads\/2022\/06\/body_2.jpg\" class=\"attachment-original size-original\" alt=\"\" srcset=\"https:\/\/www.cerakotesa.com\/wp-content\/uploads\/2022\/06\/body_2.jpg 530w, https:\/\/www.cerakotesa.com\/wp-content\/uploads\/2022\/06\/body_2-247x200.jpg 247w, https:\/\/www.cerakotesa.com\/wp-content\/uploads\/2022\/06\/body_2-510x414.jpg 510w, https:\/\/www.cerakotesa.com\/wp-content\/uploads\/2022\/06\/body_2-300x243.jpg 300w\" sizes=\"auto, (max-width: 530px) 100vw, 530px\" \/>\t\t\t\t\t\t\n\t\t\t\t\t<\/div>\n\t\t\t\t\t\t\t\t\n<style>\n#image_337608072 {\n  width: 100%;\n}\n<\/style>\n\t<\/div>\n\t\n\n\n\t\t<\/div>\n\t\t\t\t\t<\/div>\n\n\t\n\n<\/div>\n<div class=\"row\"  id=\"row-1522542135\">\n\n\n\t<div id=\"col-210310011\" class=\"col medium-6 small-12 large-6\"  >\n\t\t\t\t<div class=\"col-inner\"  >\n\t\t\t\n\t\t\t\n\n\t<div class=\"img has-hover x md-x lg-x y md-y lg-y\" id=\"image_1652508330\">\n\t\t\t\t\t\t\t\t<div class=\"img-inner dark\" >\n\t\t\t<img loading=\"lazy\" decoding=\"async\" width=\"764\" height=\"775\" src=\"https:\/\/www.cerakotesa.com\/wp-content\/uploads\/2022\/06\/Body2.webp\" class=\"attachment-original size-original\" alt=\"\" srcset=\"https:\/\/www.cerakotesa.com\/wp-content\/uploads\/2022\/06\/Body2.webp 764w, https:\/\/www.cerakotesa.com\/wp-content\/uploads\/2022\/06\/Body2-247x251.webp 247w, https:\/\/www.cerakotesa.com\/wp-content\/uploads\/2022\/06\/Body2-100x100.webp 100w, https:\/\/www.cerakotesa.com\/wp-content\/uploads\/2022\/06\/Body2-510x517.webp 510w, https:\/\/www.cerakotesa.com\/wp-content\/uploads\/2022\/06\/Body2-296x300.webp 296w\" sizes=\"auto, (max-width: 764px) 100vw, 764px\" \/>\t\t\t\t\t\t\n\t\t\t\t\t<\/div>\n\t\t\t\t\t\t\t\t\n<style>\n#image_1652508330 {\n  width: 100%;\n}\n<\/style>\n\t<\/div>\n\t\n\n\n\t\t<\/div>\n\t\t\t\t\t<\/div>\n\n\t\n\n\t<div id=\"col-782307155\" class=\"col medium-6 small-12 large-6\"  >\n\t\t\t\t<div class=\"col-inner\"  >\n\t\t\t\n\t\t\t\n\n<h2>\u00a0<\/h2>\n<h2><span style=\"color: #f69422;\">LO ESENCIAL<\/span><\/h2>\n<p>Como veterano del sector, sabe que lo \u00fanico m\u00e1s valioso que crear m\u00fasica que inspire, una y trascienda las \u00e9pocas es construir y utilizar las herramientas de vanguardia que dan vida a cada nota.<\/p>\n<p>Fabricantes, \u00bfest\u00e1n aplicando un revestimiento profesional que mejore la calidad de su producto, resista el paso del tiempo y prolongue la vida \u00fatil de sus equipos durante un sinf\u00edn de conciertos y sesiones de grabaci\u00f3n? Cuando se trata de proteger sus micr\u00f3fonos del inevitable desgaste al que los someten los profesionales de todos los niveles de la industria musical, elija Cerakote, y Finish Strong\u2122.<\/p>\n<h2><span style=\"color: #f69422;\">\u00bfC\u00d3MO PUEDO EMPEZAR CON CERAKOTE?<\/span><\/h2>\n<p><strong>Fabricantes<\/strong>\u00a0y talleres de revestimiento puede llamarnos o enviarnos un correo electr\u00f3nico si est\u00e1 interesado en empezar a implantar los productos o servicios de revestimiento Cerakote en su negocio. Le ayudaremos a ver qu\u00e9 equipo necesita para el tama\u00f1o de su negocio y a empezar. La formaci\u00f3n de Aplicador Certificado Cerakote est\u00e1 disponible para todos los fabricantes que deseen llevar la producci\u00f3n a sus propias instalaciones.<\/p>\n<p><strong>Hazlo t\u00fa mismo<\/strong>. Cerakote ofrece <a href=\"https:\/\/www.cerakotesa.com\/product-category\/cerakote-kits\/\">Kits de inicio<\/a> que le ayudar\u00e1n a empezar su proyecto. Nuestros kits incluyen todo lo necesario para empezar a Cerakoting sus propias piezas de audio.<\/p>\n<p><strong>Env\u00edenos un correo electr\u00f3nico<\/strong>. Si tiene preguntas sobre si Cerakote es adecuado para su aplicaci\u00f3n, env\u00edenos un correo electr\u00f3nico a enquiries@cerakoteeu.com y le indicaremos la direcci\u00f3n correcta.<\/p>\n\n\t\t<\/div>\n\t\t\t\t\t<\/div>\n\n\t\n\n<\/div>\n\n\t\t<\/div>\n\t\t\t\t\t<\/div>\n\n\t\n\n<\/div>\n\n\t\t<\/div>\n\n\t\t\n<style>\n#section_430668316 {\n  padding-top: 30px;\n  padding-bottom: 30px;\n}\n<\/style>\n\t<\/section>\n\t\n\n\t<section class=\"section\" id=\"section_1749482862\">\n\t\t<div class=\"section-bg fill\" >\n\t\t\t\t\t\t\t\t\t\n\t\t\t\n\n\t\t<\/div>\n\n\t\t\n\n\t\t<div class=\"section-content relative\">\n\t\t\t\n\n<div class=\"row\"  id=\"row-1826944997\">\n\n\n\t<div id=\"col-240688886\" class=\"col small-12 large-12\"  >\n\t\t\t\t<div class=\"col-inner\"  >\n\t\t\t\n\t\t\t\n\n\n\t\t<\/div>\n\t\t\t\t\t<\/div>\n\n\t\n\n<\/div>\n<div class=\"row align-center\"  id=\"row-461352868\">\n\n\n\t<div id=\"col-1946337683\" class=\"col medium-12 small-12 large-10\"  >\n\t\t\t\t<div class=\"col-inner text-center\"  >\n\t\t\t\n\t\t\t\n\n\t<div id=\"gap-1271261986\" class=\"gap-element clearfix\" style=\"display:block; height:auto;\">\n\t\t\n<style>\n#gap-1271261986 {\n  padding-top: 40px;\n}\n<\/style>\n\t<\/div>\n\t\n\n\t<div id=\"text-2247259873\" class=\"text\">\n\t\t\n\n<h2 style=\"text-align: left;\"><span style=\"color: #f69422;\">Marcas que conf\u00edan en Cerakote<\/span><\/h2>\n\t\t\n<style>\n#text-2247259873 {\n  font-size: 1rem;\n}\n@media (min-width:550px) {\n  #text-2247259873 {\n    font-size: 1.65rem;\n  }\n}\n<\/style>\n\t<\/div>\n\t\n\t<div id=\"gap-950497986\" class=\"gap-element clearfix\" style=\"display:block; height:auto;\">\n\t\t\n<style>\n#gap-950497986 {\n  padding-top: 25px;\n}\n@media (min-width:550px) {\n  #gap-950497986 {\n    padding-top: 20px;\n  }\n}\n<\/style>\n\t<\/div>\n\t\n\n<div class=\"row row-large\"  id=\"row-2095832371\">\n\n\n\t<div id=\"col-101437536\" class=\"col medium-3 small-6 large-3\"  >\n\t\t\t\t<div class=\"col-inner\"  >\n\t\t\t\n\t\t\t\n\n\t<div class=\"img has-hover x md-x lg-x y md-y lg-y\" id=\"image_1827194852\">\n\t\t\t\t\t\t\t\t<div class=\"img-inner dark\" >\n\t\t\t<img loading=\"lazy\" decoding=\"async\" width=\"1020\" height=\"362\" src=\"https:\/\/www.cerakotesa.com\/wp-content\/uploads\/2022\/06\/548753-1024x363.png\" class=\"attachment-large size-large\" alt=\"\" srcset=\"https:\/\/www.cerakotesa.com\/wp-content\/uploads\/2022\/06\/548753-1024x363.png 1024w, https:\/\/www.cerakotesa.com\/wp-content\/uploads\/2022\/06\/548753-247x88.png 247w, https:\/\/www.cerakotesa.com\/wp-content\/uploads\/2022\/06\/548753-510x181.png 510w, https:\/\/www.cerakotesa.com\/wp-content\/uploads\/2022\/06\/548753-300x106.png 300w, https:\/\/www.cerakotesa.com\/wp-content\/uploads\/2022\/06\/548753-768x272.png 768w, https:\/\/www.cerakotesa.com\/wp-content\/uploads\/2022\/06\/548753.png 1473w\" sizes=\"auto, (max-width: 1020px) 100vw, 1020px\" \/>\t\t\t\t\t\t\n\t\t\t\t\t<\/div>\n\t\t\t\t\t\t\t\t\n<style>\n#image_1827194852 {\n  width: 90%;\n}\n<\/style>\n\t<\/div>\n\t\n\n\n\t\t<\/div>\n\t\t\t\t\t<\/div>\n\n\t\n\n\t<div id=\"col-2051173775\" class=\"col medium-3 small-6 large-3\"  >\n\t\t\t\t<div class=\"col-inner\"  >\n\t\t\t\n\t\t\t\n\n\t<div class=\"img has-hover x md-x lg-x y md-y lg-y\" id=\"image_1311651630\">\n\t\t\t\t\t\t\t\t<div class=\"img-inner dark\" >\n\t\t\t<img loading=\"lazy\" decoding=\"async\" width=\"900\" height=\"500\" src=\"https:\/\/www.cerakotesa.com\/wp-content\/uploads\/2022\/06\/audio-research-vector-logo.png\" class=\"attachment-large size-large\" alt=\"\" srcset=\"https:\/\/www.cerakotesa.com\/wp-content\/uploads\/2022\/06\/audio-research-vector-logo.png 900w, https:\/\/www.cerakotesa.com\/wp-content\/uploads\/2022\/06\/audio-research-vector-logo-247x137.png 247w, https:\/\/www.cerakotesa.com\/wp-content\/uploads\/2022\/06\/audio-research-vector-logo-510x283.png 510w, https:\/\/www.cerakotesa.com\/wp-content\/uploads\/2022\/06\/audio-research-vector-logo-300x167.png 300w, https:\/\/www.cerakotesa.com\/wp-content\/uploads\/2022\/06\/audio-research-vector-logo-768x427.png 768w\" sizes=\"auto, (max-width: 900px) 100vw, 900px\" \/>\t\t\t\t\t\t\n\t\t\t\t\t<\/div>\n\t\t\t\t\t\t\t\t\n<style>\n#image_1311651630 {\n  width: 90%;\n}\n<\/style>\n\t<\/div>\n\t\n\n\n\t\t<\/div>\n\t\t\t\t\t<\/div>\n\n\t\n\n\t<div id=\"col-380976369\" class=\"col medium-3 small-6 large-3\"  >\n\t\t\t\t<div class=\"col-inner\"  >\n\t\t\t\n\t\t\t\n\n\t<div class=\"img has-hover x md-x lg-x y md-y lg-y\" id=\"image_212988532\">\n\t\t\t\t\t\t\t\t<div class=\"img-inner dark\" >\n\t\t\t<img loading=\"lazy\" decoding=\"async\" width=\"300\" height=\"120\" src=\"https:\/\/www.cerakotesa.com\/wp-content\/uploads\/2022\/06\/lautenaudio-logo.png\" class=\"attachment-large size-large\" alt=\"\" srcset=\"https:\/\/www.cerakotesa.com\/wp-content\/uploads\/2022\/06\/lautenaudio-logo.png 300w, https:\/\/www.cerakotesa.com\/wp-content\/uploads\/2022\/06\/lautenaudio-logo-247x99.png 247w\" sizes=\"auto, (max-width: 300px) 100vw, 300px\" \/>\t\t\t\t\t\t\n\t\t\t\t\t<\/div>\n\t\t\t\t\t\t\t\t\n<style>\n#image_212988532 {\n  width: 90%;\n}\n<\/style>\n\t<\/div>\n\t\n\n\n\t\t<\/div>\n\t\t\t\t\t<\/div>\n\n\t\n\n<\/div>\n\n  <div class=\"banner has-hover hide-for-small\" id=\"banner-937938348\">\n          <div class=\"banner-inner fill\">\n        <div class=\"banner-bg fill\" >\n                                                \n                    <\/div>\n\t\t\n        <div class=\"banner-layers container\">\n            <div class=\"fill banner-link\"><\/div>            \n\n   <div id=\"text-box-1598918381\" class=\"text-box banner-layer x50 md-x50 lg-x50 y50 md-y50 lg-y50 res-text\">\n                                <div class=\"text-box-content text dark\">\n              \n              <div class=\"text-inner text-center\">\n                  \n\n\t<div id=\"text-1316729593\" class=\"text hide-for-small\">\n\t\t\n\n<span style=\"color: #ffffff; font-size: 38px;\">No espere a ma\u00f1ana, aprenda a<\/span> <span style=\"color: #1788e4; font-size: 38px;\">ACABAR CON FUERZA<\/span><span style=\"color: #ffffff; font-size: 38px;\"> \u00a1con Cerakote hoy mismo!<\/span>\n\t\t\n<style>\n#text-1316729593 {\n  text-align: center;\n}\n<\/style>\n\t<\/div>\n\t\n<a href=\"\/contact\" class=\"button primary cerblue\" >\n\t\t<span>P\u00d3NGASE EN CONTACTO CON NUESTRO EQUIPO DE CONSULTAS<\/span>\n\t<\/a>\n\n\n\n              <\/div>\n           <\/div>\n                            \n<style>\n#text-box-1598918381 {\n  width: 60%;\n}\n#text-box-1598918381 .text-box-content {\n  font-size: 100%;\n}\n<\/style>\n    <\/div>\n \n\n        <\/div>\n      <\/div>\n\n            \n<style>\n#banner-937938348 {\n  padding-top: 500px;\n  background-color: rgb(29, 25, 25);\n}\n<\/style>\n  <\/div>\n\n\n\n\t\t<\/div>\n\t\t\t\t\n<style>\n#col-1946337683 > .col-inner {\n  margin: 0px 0px -39px 0px;\n}\n<\/style>\n\t<\/div>\n\n\t\n\n<\/div>\n\n\t\t<\/div>\n\n\t\t\n<style>\n#section_1749482862 {\n  padding-top: 30px;\n  padding-bottom: 30px;\n}\n<\/style>\n\t<\/section>","protected":false},"excerpt":{"rendered":"","protected":false},"author":1,"featured_media":0,"parent":6831,"menu_order":0,"comment_status":"closed","ping_status":"closed","template":"","meta":{"_acf_changed":false,"footnotes":""},"class_list":["post-9984","page","type-page","status-publish","hentry"],"yoast_head":"<!-- This site is optimized with the Yoast SEO plugin v26.7 - https:\/\/yoast.com\/wordpress\/plugins\/seo\/ -->\n<title>Electronics - Audio Cerakote Protection and Coatings | Cerakote in Industry - Cerakote South Africa<\/title>\n<meta name=\"robots\" content=\"index, follow, max-snippet:-1, max-image-preview:large, max-video-preview:-1\" \/>\n<link rel=\"canonical\" href=\"https:\/\/www.cerakotesa.com\/es\/cerakote-industries\/electronics-audio\/\" \/>\n<meta property=\"og:locale\" content=\"es_ES\" \/>\n<meta property=\"og:type\" content=\"article\" \/>\n<meta property=\"og:title\" content=\"Electronics - Audio Cerakote Protection and Coatings | Cerakote in Industry - Cerakote South Africa\" \/>\n<meta property=\"og:url\" content=\"https:\/\/www.cerakotesa.com\/es\/cerakote-industries\/electronics-audio\/\" \/>\n<meta property=\"og:site_name\" content=\"Cerakote South Africa\" \/>\n<meta property=\"article:modified_time\" content=\"2023-07-26T11:26:48+00:00\" \/>\n<meta name=\"twitter:card\" content=\"summary_large_image\" \/>\n<meta name=\"twitter:label1\" content=\"Tiempo de lectura\" \/>\n\t<meta name=\"twitter:data1\" content=\"4 minutos\" \/>\n<script type=\"application\/ld+json\" class=\"yoast-schema-graph\">{\"@context\":\"https:\/\/schema.org\",\"@graph\":[{\"@type\":\"WebPage\",\"@id\":\"https:\/\/www.cerakotesa.com\/cerakote-industries\/electronics-audio\/\",\"url\":\"https:\/\/www.cerakotesa.com\/cerakote-industries\/electronics-audio\/\",\"name\":\"Electronics - Audio Cerakote Protection and Coatings | Cerakote in Industry - Cerakote South Africa\",\"isPartOf\":{\"@id\":\"https:\/\/www.cerakotesa.com\/#website\"},\"datePublished\":\"2022-06-05T16:21:58+00:00\",\"dateModified\":\"2023-07-26T11:26:48+00:00\",\"breadcrumb\":{\"@id\":\"https:\/\/www.cerakotesa.com\/cerakote-industries\/electronics-audio\/#breadcrumb\"},\"inLanguage\":\"es\",\"potentialAction\":[{\"@type\":\"ReadAction\",\"target\":[\"https:\/\/www.cerakotesa.com\/cerakote-industries\/electronics-audio\/\"]}]},{\"@type\":\"BreadcrumbList\",\"@id\":\"https:\/\/www.cerakotesa.com\/cerakote-industries\/electronics-audio\/#breadcrumb\",\"itemListElement\":[{\"@type\":\"ListItem\",\"position\":1,\"name\":\"Home\",\"item\":\"https:\/\/www.cerakotesa.com\/\"},{\"@type\":\"ListItem\",\"position\":2,\"name\":\"Industries\",\"item\":\"https:\/\/www.cerakotesa.com\/cerakote-industries\/\"},{\"@type\":\"ListItem\",\"position\":3,\"name\":\"Electronics &#8211; Audio Cerakote Protection and Coatings | Cerakote in Industry\"}]},{\"@type\":\"WebSite\",\"@id\":\"https:\/\/www.cerakotesa.com\/#website\",\"url\":\"https:\/\/www.cerakotesa.com\/\",\"name\":\"Cerakote South Africa\",\"description\":\"Cerakote is a global leader in the manufacturing of thin-film protective ceramic coatings\",\"potentialAction\":[{\"@type\":\"SearchAction\",\"target\":{\"@type\":\"EntryPoint\",\"urlTemplate\":\"https:\/\/www.cerakotesa.com\/?s={search_term_string}\"},\"query-input\":{\"@type\":\"PropertyValueSpecification\",\"valueRequired\":true,\"valueName\":\"search_term_string\"}}],\"inLanguage\":\"es\"}]}<\/script>\n<!-- \/ Yoast SEO plugin. -->","yoast_head_json":{"title":"Electronics - Audio Cerakote Protection and Coatings | Cerakote in Industry - Cerakote South Africa","robots":{"index":"index","follow":"follow","max-snippet":"max-snippet:-1","max-image-preview":"max-image-preview:large","max-video-preview":"max-video-preview:-1"},"canonical":"https:\/\/www.cerakotesa.com\/es\/cerakote-industries\/electronics-audio\/","og_locale":"es_ES","og_type":"article","og_title":"Electronics - Audio Cerakote Protection and Coatings | Cerakote in Industry - Cerakote South Africa","og_url":"https:\/\/www.cerakotesa.com\/es\/cerakote-industries\/electronics-audio\/","og_site_name":"Cerakote South Africa","article_modified_time":"2023-07-26T11:26:48+00:00","twitter_card":"summary_large_image","twitter_misc":{"Tiempo de lectura":"4 minutos"},"schema":{"@context":"https:\/\/schema.org","@graph":[{"@type":"WebPage","@id":"https:\/\/www.cerakotesa.com\/cerakote-industries\/electronics-audio\/","url":"https:\/\/www.cerakotesa.com\/cerakote-industries\/electronics-audio\/","name":"Electronics - Audio Cerakote Protection and Coatings | Cerakote in Industry - Cerakote South Africa","isPartOf":{"@id":"https:\/\/www.cerakotesa.com\/#website"},"datePublished":"2022-06-05T16:21:58+00:00","dateModified":"2023-07-26T11:26:48+00:00","breadcrumb":{"@id":"https:\/\/www.cerakotesa.com\/cerakote-industries\/electronics-audio\/#breadcrumb"},"inLanguage":"es","potentialAction":[{"@type":"ReadAction","target":["https:\/\/www.cerakotesa.com\/cerakote-industries\/electronics-audio\/"]}]},{"@type":"BreadcrumbList","@id":"https:\/\/www.cerakotesa.com\/cerakote-industries\/electronics-audio\/#breadcrumb","itemListElement":[{"@type":"ListItem","position":1,"name":"Home","item":"https:\/\/www.cerakotesa.com\/"},{"@type":"ListItem","position":2,"name":"Industries","item":"https:\/\/www.cerakotesa.com\/cerakote-industries\/"},{"@type":"ListItem","position":3,"name":"Electronics &#8211; Audio Cerakote Protection and Coatings | Cerakote in Industry"}]},{"@type":"WebSite","@id":"https:\/\/www.cerakotesa.com\/#website","url":"https:\/\/www.cerakotesa.com\/","name":"Cerakote South Africa","description":"Cerakote es l\u00edder mundial en la fabricaci\u00f3n de recubrimientos cer\u00e1micos protectores de capa fina.","potentialAction":[{"@type":"SearchAction","target":{"@type":"EntryPoint","urlTemplate":"https:\/\/www.cerakotesa.com\/?s={search_term_string}"},"query-input":{"@type":"PropertyValueSpecification","valueRequired":true,"valueName":"search_term_string"}}],"inLanguage":"es"}]}},"acf":[],"_links":{"self":[{"href":"https:\/\/www.cerakotesa.com\/es\/wp-json\/wp\/v2\/pages\/9984","targetHints":{"allow":["GET"]}}],"collection":[{"href":"https:\/\/www.cerakotesa.com\/es\/wp-json\/wp\/v2\/pages"}],"about":[{"href":"https:\/\/www.cerakotesa.com\/es\/wp-json\/wp\/v2\/types\/page"}],"author":[{"embeddable":true,"href":"https:\/\/www.cerakotesa.com\/es\/wp-json\/wp\/v2\/users\/1"}],"replies":[{"embeddable":true,"href":"https:\/\/www.cerakotesa.com\/es\/wp-json\/wp\/v2\/comments?post=9984"}],"version-history":[{"count":0,"href":"https:\/\/www.cerakotesa.com\/es\/wp-json\/wp\/v2\/pages\/9984\/revisions"}],"up":[{"embeddable":true,"href":"https:\/\/www.cerakotesa.com\/es\/wp-json\/wp\/v2\/pages\/6831"}],"wp:attachment":[{"href":"https:\/\/www.cerakotesa.com\/es\/wp-json\/wp\/v2\/media?parent=9984"}],"curies":[{"name":"wp","href":"https:\/\/api.w.org\/{rel}","templated":true}]}}