{"id":11677,"date":"2022-10-14T12:42:39","date_gmt":"2022-10-14T12:42:39","guid":{"rendered":"https:\/\/www.cerakote.co.uk\/?post_type=product&#038;p=11677"},"modified":"2024-11-12T15:22:51","modified_gmt":"2024-11-12T15:22:51","slug":"cerakote-rapid-ceramic-paint-sealant-ahw-104","status":"publish","type":"product","link":"https:\/\/www.cerakotesa.com\/es\/producto\/cerakote-rapid-ceramic-paint-sealant-ahw-104\/","title":{"rendered":"Sellador r\u00e1pido para pintura cer\u00e1mica CERAKOTE\u00ae AH-RCPAINTNIC16"},"content":{"rendered":"","protected":false},"excerpt":{"rendered":"<p>M\u00c1XIMO BRILLO Y LUSTRE - Sin duda el mayor nivel de brillo y lustre que jam\u00e1s haya experimentado. Logre resultados de espejo en una simple aplicaci\u00f3n, justo en su propia calzada.<\/p>\n<p>- EXTREMADAMENTE HIDROF\u00d3BICO - La verdadera tecnolog\u00eda cer\u00e1mica de Cerakote repele el agua, la suciedad de la carretera, el barro y la suciedad haciendo que su coche permanezca m\u00e1s limpio, \u00a1durante m\u00e1s tiempo!<\/p>\n<p>- DESLIZAMIENTO INSUPERADO - Simplemente tienes que tocarlo para creer lo deslizante que es este acabado.<\/p>\n<p>- CONDUCIR CON LLUVIA - Se sorprender\u00e1 gratamente cuando el vaho sucio de la carretera no se pegue a su veh\u00edculo.<\/p>\n<p>- LAVAR Y SECAR ES UNA FREEZ - La extrema acci\u00f3n repelente al agua hace que lavar y secar su veh\u00edculo sea r\u00e1pido y f\u00e1cil. Se sorprender\u00e1 de la poca cantidad de toallas de secado que necesitar\u00e1.<\/p>\n<p>- R\u00c1PIDO Y F\u00c1CIL DE APLICAR - Simplemente lave y seque su veh\u00edculo como lo har\u00eda normalmente. A continuaci\u00f3n, roc\u00ede uniformemente una capa ligera directamente en un panel o \u00e1rea peque\u00f1a de su veh\u00edculo. Usando el pa\u00f1o de microfibra incluido, limpie la capa uniformemente. A continuaci\u00f3n, lustre ligeramente el revestimiento hasta conseguir un brillo incre\u00edble. No hay nada m\u00e1s f\u00e1cil que esto.<\/p>\n<p>- DURA - \u00a1Usted obtiene la conveniencia de un detallador r\u00e1pido, pero con resultados duraderos! Gracias a nuestra tecnolog\u00eda patentada de cer\u00e1mica inorg\u00e1nica, no se quitar\u00e1 despu\u00e9s de unos pocos lavados, y mucho menos con el primer lavado o la primera tormenta. Dura meses.<\/p>\n<p>- \u00bfPOR QU\u00c9 CONFIAR EN CERAKOTE? - Cerakote est\u00e1 considerado el l\u00edder mundial en innovaci\u00f3n y fabricaci\u00f3n de tecnolog\u00eda de pol\u00edmeros cer\u00e1micos inorg\u00e1nicos. Los pol\u00edmeros y recubrimientos cer\u00e1micos producidos en las instalaciones de Cerakote en EE.UU. cuentan con la confianza de algunas de las empresas aeroespaciales, automovil\u00edsticas y tecnol\u00f3gicas m\u00e1s avanzadas del mundo. Conf\u00ede en el l\u00edder del sector para proteger lo que le importa.<\/p>\n<p>- V\u00cdDEO DE APLICACI\u00d3N -<a href=\"https:\/\/youtu.be\/BN5zMxO_N-8\"> V\u00eddeo de Rapid Ceramic en Youtube<\/a><\/p>","protected":false},"featured_media":11691,"comment_status":"closed","ping_status":"closed","template":"","meta":{"_acf_changed":false},"product_brand":[],"product_cat":[1056,106],"product_tag":[952,953,954,955,956,957,958,959],"class_list":{"0":"post-11677","1":"product","2":"type-product","3":"status-publish","4":"has-post-thumbnail","6":"product_cat-auto-home","7":"product_cat-equipment","8":"product_tag-ahw-104","9":"product_tag-auto-home","10":"product_tag-auto-and-home","11":"product_tag-ceramic","12":"product_tag-paint-sealant","13":"product_tag-paint-sealer","14":"product_tag-rapid-ceramic","15":"product_tag-sealant","16":"product_shipping_class-royal-mail-first-class","18":"first","19":"instock","20":"taxable","21":"shipping-taxable","22":"product-type-simple"},"yoast_head":"<!-- This site is optimized with the Yoast SEO plugin v26.7 - https:\/\/yoast.com\/wordpress\/plugins\/seo\/ -->\n<title>CERAKOTE\u00ae Rapid Ceramic Paint Sealant AH-RCPAINTNIC16 - Cerakote South Africa<\/title>\n<meta name=\"robots\" content=\"index, follow, max-snippet:-1, max-image-preview:large, max-video-preview:-1\" \/>\n<link rel=\"canonical\" href=\"https:\/\/www.cerakotesa.com\/es\/producto\/cerakote-rapid-ceramic-paint-sealant-ahw-104\/\" \/>\n<meta property=\"og:locale\" content=\"es_ES\" \/>\n<meta property=\"og:type\" content=\"article\" \/>\n<meta property=\"og:title\" content=\"CERAKOTE\u00ae Rapid Ceramic Paint Sealant AH-RCPAINTNIC16 - Cerakote South Africa\" \/>\n<meta property=\"og:description\" content=\"&#039;-\u00a0MAXIMUM GLOSS AND SHINE \u2013 Hands down the highest level of gloss and shine you will ever experience. Achieve mirror-like results in a simple application, right in your own driveway.  -\u00a0EXTREMELY HYDROPHOBIC \u2013 Cerakote\u2019s true ceramic technology repels water, road grime, mud and dirt making your car stay cleaner, longer!  -\u00a0UNSURPASSED SLICKNESS \u2013 You simply have to touch it to believe how slick this finish is.  -\u00a0DRIVING IN THE RAIN \u2013 You\u2019ll be pleasantly surprised when dirty road mist doesn\u2019t stick to your vehicle.  -\u00a0WASHING &amp; DRYING IS A BREEZE \u2013 The extreme water repelling action makes washing and drying your vehicle quick and easy. You\u2019ll be shocked how few drying towels you\u2019ll need.  - QUICK AND EASY TO APPLY - Simply wash and dry your vehicle as you normally would. Then evenly spray a light coat directly to a panel or small area of your vehicle. Using the included microfiber cloth, wipe the coating evenly. Then, just lightly buff the coating to an incredible shine! It really doesn\u2019t get any easier than this!  -\u00a0IT LASTS - You get the convenience of a quick detailer, but with long lasting results! Because of our proprietary, true inorganic ceramic technology, this won\u2019t wash off after a few washes, let alone the first wash or rainstorm you go through. It lasts for months!  -\u00a0WHY TRUST CERAKOTE? \u2013 Cerakote is regarded as the world\u2019s leading innovator and manufacturer of true inorganic ceramic polymer technology. The ceramic polymers and coatings produced at Cerakote\u2019s US facility are trusted by some of the most advanced aerospace, automotive and technology companies in the world. Rely on the industry leader to protect what matters to you.  - APPLICATION VIDEO - Rapid Ceramic Youtube Video\" \/>\n<meta property=\"og:url\" content=\"https:\/\/www.cerakotesa.com\/es\/producto\/cerakote-rapid-ceramic-paint-sealant-ahw-104\/\" \/>\n<meta property=\"og:site_name\" content=\"Cerakote South Africa\" \/>\n<meta property=\"article:modified_time\" content=\"2024-11-12T15:22:51+00:00\" \/>\n<meta property=\"og:image\" content=\"https:\/\/www.cerakotesa.com\/wp-content\/uploads\/2022\/10\/nic_paint__top_down_contents-min.jpg\" \/>\n\t<meta property=\"og:image:width\" content=\"1500\" \/>\n\t<meta property=\"og:image:height\" content=\"1500\" \/>\n\t<meta property=\"og:image:type\" content=\"image\/jpeg\" \/>\n<meta name=\"twitter:card\" content=\"summary_large_image\" \/>\n<script type=\"application\/ld+json\" class=\"yoast-schema-graph\">{\"@context\":\"https:\/\/schema.org\",\"@graph\":[{\"@type\":\"WebPage\",\"@id\":\"https:\/\/www.cerakotesa.com\/product\/cerakote-rapid-ceramic-paint-sealant-ahw-104\/\",\"url\":\"https:\/\/www.cerakotesa.com\/product\/cerakote-rapid-ceramic-paint-sealant-ahw-104\/\",\"name\":\"CERAKOTE\u00ae Rapid Ceramic Paint Sealant AH-RCPAINTNIC16 - Cerakote South Africa\",\"isPartOf\":{\"@id\":\"https:\/\/www.cerakotesa.com\/#website\"},\"primaryImageOfPage\":{\"@id\":\"https:\/\/www.cerakotesa.com\/product\/cerakote-rapid-ceramic-paint-sealant-ahw-104\/#primaryimage\"},\"image\":{\"@id\":\"https:\/\/www.cerakotesa.com\/product\/cerakote-rapid-ceramic-paint-sealant-ahw-104\/#primaryimage\"},\"thumbnailUrl\":\"https:\/\/www.cerakotesa.com\/wp-content\/uploads\/2022\/10\/nic_paint__top_down_contents-min.jpg\",\"datePublished\":\"2022-10-14T12:42:39+00:00\",\"dateModified\":\"2024-11-12T15:22:51+00:00\",\"breadcrumb\":{\"@id\":\"https:\/\/www.cerakotesa.com\/product\/cerakote-rapid-ceramic-paint-sealant-ahw-104\/#breadcrumb\"},\"inLanguage\":\"es\",\"potentialAction\":[{\"@type\":\"ReadAction\",\"target\":[\"https:\/\/www.cerakotesa.com\/product\/cerakote-rapid-ceramic-paint-sealant-ahw-104\/\"]}]},{\"@type\":\"ImageObject\",\"inLanguage\":\"es\",\"@id\":\"https:\/\/www.cerakotesa.com\/product\/cerakote-rapid-ceramic-paint-sealant-ahw-104\/#primaryimage\",\"url\":\"https:\/\/www.cerakotesa.com\/wp-content\/uploads\/2022\/10\/nic_paint__top_down_contents-min.jpg\",\"contentUrl\":\"https:\/\/www.cerakotesa.com\/wp-content\/uploads\/2022\/10\/nic_paint__top_down_contents-min.jpg\",\"width\":1500,\"height\":1500},{\"@type\":\"BreadcrumbList\",\"@id\":\"https:\/\/www.cerakotesa.com\/product\/cerakote-rapid-ceramic-paint-sealant-ahw-104\/#breadcrumb\",\"itemListElement\":[{\"@type\":\"ListItem\",\"position\":1,\"name\":\"Home\",\"item\":\"https:\/\/www.cerakotesa.com\/\"},{\"@type\":\"ListItem\",\"position\":2,\"name\":\"Products\",\"item\":\"https:\/\/www.cerakotesa.com\/shop\/\"},{\"@type\":\"ListItem\",\"position\":3,\"name\":\"CERAKOTE\u00ae Rapid Ceramic Paint Sealant AH-RCPAINTNIC16\"}]},{\"@type\":\"WebSite\",\"@id\":\"https:\/\/www.cerakotesa.com\/#website\",\"url\":\"https:\/\/www.cerakotesa.com\/\",\"name\":\"Cerakote South Africa\",\"description\":\"Cerakote is a global leader in the manufacturing of thin-film protective ceramic coatings\",\"potentialAction\":[{\"@type\":\"SearchAction\",\"target\":{\"@type\":\"EntryPoint\",\"urlTemplate\":\"https:\/\/www.cerakotesa.com\/?s={search_term_string}\"},\"query-input\":{\"@type\":\"PropertyValueSpecification\",\"valueRequired\":true,\"valueName\":\"search_term_string\"}}],\"inLanguage\":\"es\"}]}<\/script>\n<!-- \/ Yoast SEO plugin. -->","yoast_head_json":{"title":"CERAKOTE\u00ae Rapid Ceramic Paint Sealant AH-RCPAINTNIC16 - Cerakote South Africa","robots":{"index":"index","follow":"follow","max-snippet":"max-snippet:-1","max-image-preview":"max-image-preview:large","max-video-preview":"max-video-preview:-1"},"canonical":"https:\/\/www.cerakotesa.com\/es\/producto\/cerakote-rapid-ceramic-paint-sealant-ahw-104\/","og_locale":"es_ES","og_type":"article","og_title":"CERAKOTE\u00ae Rapid Ceramic Paint Sealant AH-RCPAINTNIC16 - Cerakote South Africa","og_description":"'-\u00a0MAXIMUM GLOSS AND SHINE \u2013 Hands down the highest level of gloss and shine you will ever experience. Achieve mirror-like results in a simple application, right in your own driveway.  -\u00a0EXTREMELY HYDROPHOBIC \u2013 Cerakote\u2019s true ceramic technology repels water, road grime, mud and dirt making your car stay cleaner, longer!  -\u00a0UNSURPASSED SLICKNESS \u2013 You simply have to touch it to believe how slick this finish is.  -\u00a0DRIVING IN THE RAIN \u2013 You\u2019ll be pleasantly surprised when dirty road mist doesn\u2019t stick to your vehicle.  -\u00a0WASHING &amp; DRYING IS A BREEZE \u2013 The extreme water repelling action makes washing and drying your vehicle quick and easy. You\u2019ll be shocked how few drying towels you\u2019ll need.  - QUICK AND EASY TO APPLY - Simply wash and dry your vehicle as you normally would. Then evenly spray a light coat directly to a panel or small area of your vehicle. Using the included microfiber cloth, wipe the coating evenly. Then, just lightly buff the coating to an incredible shine! It really doesn\u2019t get any easier than this!  -\u00a0IT LASTS - You get the convenience of a quick detailer, but with long lasting results! Because of our proprietary, true inorganic ceramic technology, this won\u2019t wash off after a few washes, let alone the first wash or rainstorm you go through. It lasts for months!  -\u00a0WHY TRUST CERAKOTE? \u2013 Cerakote is regarded as the world\u2019s leading innovator and manufacturer of true inorganic ceramic polymer technology. The ceramic polymers and coatings produced at Cerakote\u2019s US facility are trusted by some of the most advanced aerospace, automotive and technology companies in the world. Rely on the industry leader to protect what matters to you.  - APPLICATION VIDEO - Rapid Ceramic Youtube Video","og_url":"https:\/\/www.cerakotesa.com\/es\/producto\/cerakote-rapid-ceramic-paint-sealant-ahw-104\/","og_site_name":"Cerakote South Africa","article_modified_time":"2024-11-12T15:22:51+00:00","og_image":[{"width":1500,"height":1500,"url":"https:\/\/www.cerakotesa.com\/wp-content\/uploads\/2022\/10\/nic_paint__top_down_contents-min.jpg","type":"image\/jpeg"}],"twitter_card":"summary_large_image","schema":{"@context":"https:\/\/schema.org","@graph":[{"@type":"WebPage","@id":"https:\/\/www.cerakotesa.com\/product\/cerakote-rapid-ceramic-paint-sealant-ahw-104\/","url":"https:\/\/www.cerakotesa.com\/product\/cerakote-rapid-ceramic-paint-sealant-ahw-104\/","name":"CERAKOTE\u00ae Rapid Ceramic Paint Sealant AH-RCPAINTNIC16 - Cerakote South Africa","isPartOf":{"@id":"https:\/\/www.cerakotesa.com\/#website"},"primaryImageOfPage":{"@id":"https:\/\/www.cerakotesa.com\/product\/cerakote-rapid-ceramic-paint-sealant-ahw-104\/#primaryimage"},"image":{"@id":"https:\/\/www.cerakotesa.com\/product\/cerakote-rapid-ceramic-paint-sealant-ahw-104\/#primaryimage"},"thumbnailUrl":"https:\/\/www.cerakotesa.com\/wp-content\/uploads\/2022\/10\/nic_paint__top_down_contents-min.jpg","datePublished":"2022-10-14T12:42:39+00:00","dateModified":"2024-11-12T15:22:51+00:00","breadcrumb":{"@id":"https:\/\/www.cerakotesa.com\/product\/cerakote-rapid-ceramic-paint-sealant-ahw-104\/#breadcrumb"},"inLanguage":"es","potentialAction":[{"@type":"ReadAction","target":["https:\/\/www.cerakotesa.com\/product\/cerakote-rapid-ceramic-paint-sealant-ahw-104\/"]}]},{"@type":"ImageObject","inLanguage":"es","@id":"https:\/\/www.cerakotesa.com\/product\/cerakote-rapid-ceramic-paint-sealant-ahw-104\/#primaryimage","url":"https:\/\/www.cerakotesa.com\/wp-content\/uploads\/2022\/10\/nic_paint__top_down_contents-min.jpg","contentUrl":"https:\/\/www.cerakotesa.com\/wp-content\/uploads\/2022\/10\/nic_paint__top_down_contents-min.jpg","width":1500,"height":1500},{"@type":"BreadcrumbList","@id":"https:\/\/www.cerakotesa.com\/product\/cerakote-rapid-ceramic-paint-sealant-ahw-104\/#breadcrumb","itemListElement":[{"@type":"ListItem","position":1,"name":"Home","item":"https:\/\/www.cerakotesa.com\/"},{"@type":"ListItem","position":2,"name":"Products","item":"https:\/\/www.cerakotesa.com\/shop\/"},{"@type":"ListItem","position":3,"name":"CERAKOTE\u00ae Rapid Ceramic Paint Sealant AH-RCPAINTNIC16"}]},{"@type":"WebSite","@id":"https:\/\/www.cerakotesa.com\/#website","url":"https:\/\/www.cerakotesa.com\/","name":"Cerakote South Africa","description":"Cerakote es l\u00edder mundial en la fabricaci\u00f3n de recubrimientos cer\u00e1micos protectores de capa fina.","potentialAction":[{"@type":"SearchAction","target":{"@type":"EntryPoint","urlTemplate":"https:\/\/www.cerakotesa.com\/?s={search_term_string}"},"query-input":{"@type":"PropertyValueSpecification","valueRequired":true,"valueName":"search_term_string"}}],"inLanguage":"es"}]}},"acf":[],"_links":{"self":[{"href":"https:\/\/www.cerakotesa.com\/es\/wp-json\/wp\/v2\/product\/11677","targetHints":{"allow":["GET"]}}],"collection":[{"href":"https:\/\/www.cerakotesa.com\/es\/wp-json\/wp\/v2\/product"}],"about":[{"href":"https:\/\/www.cerakotesa.com\/es\/wp-json\/wp\/v2\/types\/product"}],"replies":[{"embeddable":true,"href":"https:\/\/www.cerakotesa.com\/es\/wp-json\/wp\/v2\/comments?post=11677"}],"wp:featuredmedia":[{"embeddable":true,"href":"https:\/\/www.cerakotesa.com\/es\/wp-json\/wp\/v2\/media\/11691"}],"wp:attachment":[{"href":"https:\/\/www.cerakotesa.com\/es\/wp-json\/wp\/v2\/media?parent=11677"}],"wp:term":[{"taxonomy":"product_brand","embeddable":true,"href":"https:\/\/www.cerakotesa.com\/es\/wp-json\/wp\/v2\/product_brand?post=11677"},{"taxonomy":"product_cat","embeddable":true,"href":"https:\/\/www.cerakotesa.com\/es\/wp-json\/wp\/v2\/product_cat?post=11677"},{"taxonomy":"product_tag","embeddable":true,"href":"https:\/\/www.cerakotesa.com\/es\/wp-json\/wp\/v2\/product_tag?post=11677"}],"curies":[{"name":"wp","href":"https:\/\/api.w.org\/{rel}","templated":true}]}}