{"id":1196,"date":"2019-12-05T14:18:57","date_gmt":"2019-12-05T14:18:57","guid":{"rendered":"https:\/\/staging.cerakote.co.uk\/?post_type=product&#038;p=1196"},"modified":"2025-11-26T11:35:13","modified_gmt":"2025-11-26T11:35:13","slug":"federal-standard-field-drab-c-30118","status":"publish","type":"product","link":"https:\/\/www.cerakotesa.com\/es\/producto\/federal-standard-field-drab-c-30118\/","title":{"rendered":"Federal Standard Field Drab C-30118"},"content":{"rendered":"<section class=\"section\" id=\"section_459557486\">\n\t\t<div class=\"section-bg fill\" >\n\t\t\t\t\t\t\t\t\t\n\t\t\t\n\n\t\t<\/div>\n\n\t\t\n\n\t\t<div class=\"section-content relative\">\n\t\t\t\n<div class=\"row\"  id=\"row-64686944\">\n\n\t<div id=\"col-1413709111\" class=\"col small-12 large-12\"  >\n\t\t\t\t<div class=\"col-inner\"  >\n\t\t\t\n\t\t\t\n<p><strong>Datos t\u00e9cnicos del producto:<\/strong><\/p>\n<p><style>\n.table_component {<br \/>\n    overflow: auto;<br \/>\n    width: 100%;<br \/>\n}<\/p>\n<p>.table_component table {<br \/>\n    border: 1px solid #dededf;<br \/>\n    height: 100%;<br \/>\n    width: 100%;<br \/>\n    table-layout: fixed;<br \/>\n    border-collapse: collapse;<br \/>\n    border-spacing: 1px;<br \/>\n    text-align: left;<br \/>\n}<\/p>\n<p>.table_component caption {<br \/>\n    caption-side: top;<br \/>\n    text-align: left;<br \/>\n}<\/p>\n<p>.table_component th {<br \/>\n    border: 1px solid #dededf;<br \/>\n    background-color: #eceff1;<br \/>\n    color: #000000;<br \/>\n    padding: 5px;<br \/>\n}<\/p>\n<p>.table_component td {<br \/>\n    border: 1px solid #dededf;<br \/>\n    background-color: #ffffff;<br \/>\n    color: #000000;<br \/>\n    padding: 5px;<br \/>\n}<br \/>\n<\/style>\n<\/p>\n<div class=\"table_component\" tabindex=\"0\" role=\"region\">\n<table>\n<thead>\n<tr>\n<th>\u00a0<\/th>\n<th>\u00a0<\/th>\n<\/tr>\n<\/thead>\n<tbody>\n<tr>\n<td>Calendario de curas\u00a0<\/td>\n<td>\n<p class=\"p2\">Air Cure: Tack Free 45 &#8211; 60 minutes, Full Cure 5Days<\/p>\n<\/td>\n<\/tr>\n<tr>\n<td>Espesor recomendado (mil)<\/td>\n<td>1<\/td>\n<\/tr>\n<tr>\n<td>Tama\u00f1o del filtro (malla)<\/td>\n<td>150 (Part # SE-276)<\/td>\n<\/tr>\n<tr>\n<td>Nivel de brillo \/ Unidades (GU)<\/td>\n<td>Matte \/ 10<\/td>\n<\/tr>\n<tr>\n<td>Densidad (g\/mL)<\/td>\n<td>1.41<\/td>\n<\/tr>\n<tr>\n<td>% S\u00f3lidos (\u00b12%)<\/td>\n<td>55<\/td>\n<\/tr>\n<tr>\n<td>Viscosidad (cP)<\/td>\n<td>60<\/td>\n<\/tr>\n<tr>\n<td>Rendimiento te\u00f3rico por gal\u00f3n @ espesor recomendado (pies\u00b2)<\/td>\n<td>881<\/td>\n<\/tr>\n<tr>\n<td>Estabilidad del revestimiento (\u00b0F) Temp. m\u00e1x. Temp.<\/td>\n<td>1500<\/td>\n<\/tr>\n<tr>\n<td>Gubia de dureza de l\u00e1piz ASTM D3363<\/td>\n<td>8H<\/td>\n<\/tr>\n<tr>\n<td>Dureza del l\u00e1piz Ara\u00f1azos ASTM D3363<\/td>\n<td>8H<\/td>\n<\/tr>\n<tr>\n<td>Adherencia transversal ASTM D3359<\/td>\n<td>\n<p>4B<\/p>\n<\/td>\n<\/tr>\n<tr>\n<td>Flexibilidad (Resistencia %) Curvatura de mandril c\u00f3nico ASTM D522<\/td>\n<td>\n<p>98<\/p>\n<\/td>\n<\/tr>\n<tr>\n<td>Rendimiento de impacto directo\/indirecto (in-lbs.) ASTM D2794<\/td>\n<td>40\/20<\/td>\n<\/tr>\n<\/tbody>\n<\/table>\n<p data-v-8ef39626=\"\">Todos los resultados se basan en acero granallado recubierto con el espesor recomendado y el programa de curado recomendado.<\/p>\n<p data-v-8ef39626=\"\">*Los niveles de brillo se miden con un \u00e1ngulo de 60\u00b0. Ajustes a las condiciones recomendadas producir\u00e1n resultados diferentes. El brillo se ve afectado por la calidad de la preparaci\u00f3n y la t\u00e9cnica de pulverizaci\u00f3n. Los resultados se basan en acero granallado recubierto curado seg\u00fan la especificaci\u00f3n del Programa de curado.<\/p>\n<p data-v-8ef39626=\"\">**Viscosidad medida en condiciones ambientales (temperatura del aire, humedad relativa) en el momento de la fabricaci\u00f3n.<\/p>\n<p data-v-8ef39626=\"\"><strong data-v-8ef39626=\"\">Temperatura de curado recomendada:<\/strong><\/p>\n<ul data-v-8ef39626=\"\">\n<li data-v-8ef39626=\"\">Consulte la especificaci\u00f3n del programa de curado disponible en cada producto Cerakote.<\/li>\n<\/ul>\n<p data-v-8ef39626=\"\"><strong data-v-8ef39626=\"\">Temperatura m\u00e1xima<\/strong>\u00a0es la temperatura a la que el color o el revestimiento son estables.<\/p>\n<p data-v-8ef39626=\"\"><strong data-v-8ef39626=\"\">Pruebas de resistencia qu\u00edmica:<\/strong>\u00a0Los resultados se refieren al cambio de color basado en la formulaci\u00f3n CIE76. Los resultados oscilan entre:<\/p>\n<ul data-v-8ef39626=\"\">\n<li data-v-8ef39626=\"\"><strong data-v-8ef39626=\"\">Excelente:<\/strong>\u00a0\u2206E cambio de &lt;2,5<\/li>\n<li data-v-8ef39626=\"\"><strong data-v-8ef39626=\"\">Bien:<\/strong>\u00a0\u2206E cambio de &lt;3,0<\/li>\n<li data-v-8ef39626=\"\"><strong data-v-8ef39626=\"\">Justo:<\/strong>\u00a0\u2206E cambio de &lt;3,5<\/li>\n<li data-v-8ef39626=\"\"><strong data-v-8ef39626=\"\">Pobre:<\/strong>\u00a0\u2206E cambio de &lt;4,0<\/li>\n<\/ul>\n<p data-v-8ef39626=\"\"><strong data-v-8ef39626=\"\">Los par\u00e1metros de ensayo son los siguientes:<\/strong><\/p>\n<ul data-v-8ef39626=\"\">\n<li data-v-8ef39626=\"\"><strong data-v-8ef39626=\"\">Dureza<\/strong>\u00a0o Las pruebas de dureza de los l\u00e1pices se miden del m\u00e1s blando al m\u00e1s duro de la siguiente manera: 9B, 8B, 7B, 6B, 5B, 4B, 3B, 2B, B, HB, F, H, 2H, 3H, 4H, 5H, 6H, 7H, 8H, 9H. 9H es el m\u00e1s dif\u00edcil.<\/li>\n<li data-v-8ef39626=\"\"><strong data-v-8ef39626=\"\">S\u00d3LO SG-100:<\/strong>\u00a0Prueba de dureza M\u00e9todo A - Se realiza un corte en X a trav\u00e9s de la pel\u00edcula hasta el sustrato, se aplica cinta adhesiva sensible a la presi\u00f3n sobre el corte y luego se retira, y se eval\u00faa cualitativamente la adherencia en una escala de 0 a 5.<\/li>\n<li data-v-8ef39626=\"\"><strong data-v-8ef39626=\"\">Adhesi\u00f3n<\/strong>\u00a0se mide en una escala de 0B, 1B, 2B, 3B, 4B, 5B, siendo 5B la calificaci\u00f3n m\u00e1s alta alcanzable.<\/li>\n<li data-v-8ef39626=\"\"><strong data-v-8ef39626=\"\">Flexibilidad<\/strong>\u00a0o curvatura de mandril c\u00f3nico: \"Resistencia 100%\" es la calificaci\u00f3n m\u00e1s alta alcanzable e indica que el revestimiento no se agriet\u00f3 ni se desprendi\u00f3.<\/li>\n<li data-v-8ef39626=\"\"><strong data-v-8ef39626=\"\">Impacto (directo\/indirecto)<\/strong>\u00a0se mide en una escala de 0 pulg.-lbs. a 160 pulg.-lbs., siendo 160 pulg.-lbs. el valor m\u00e1s alto alcanzable.<\/li>\n<\/ul>\n<p data-v-8ef39626=\"\">Todos los recubrimientos Cerakote cumplen la normativa COV de la EPA y tienen un contenido bajo o nulo de COV. Para conocer el contenido de COV de un recubrimiento individual, p\u00f3ngase en contacto con\u00a0<a href=\"mailto:sds@nicindustries.com\" target=\"_blank\" rel=\"noopener\" data-v-8ef39626=\"\">sds@nicindustries.com<\/a>\u00a0para m\u00e1s informaci\u00f3n.<\/p>\n<p data-v-8ef39626=\"\">Esta informaci\u00f3n es exacta a nuestro leal saber y entender, sin embargo, no constituir\u00e1 garant\u00eda de ninguna caracter\u00edstica espec\u00edfica del producto ni establecer\u00e1 una relaci\u00f3n contractual legalmente v\u00e1lida. Le recomendamos que realice las pruebas adecuadas en sus instalaciones para determinar si este producto cumple todos sus requisitos.<\/p>\n<p data-v-8ef39626=\"\">No dude en enviarnos un correo electr\u00f3nico a <a href=\"mailto:enquiries@cerakoteeu.com\" target=\"_blank\" rel=\"noopener\" data-v-8ef39626=\"\">enquiries@cerakoteeu.com<\/a>\u00a0 si tiene alguna pregunta.<\/p>\n<\/div>\n<div class=\"row\"  id=\"row-1824327697\">\n\n\t<div id=\"col-1327687134\" class=\"col medium-4 small-12 large-4\"  >\n\t\t\t\t<div class=\"col-inner text-center\"  >\n\t\t\t\n\t\t\t\n<a href=\"https:\/\/images.nicindustries.com\/cerakote\/documents\/6998\/cerakote-c-series-dt20241219191346710211.pdf?1734635628&#038;_gl=1*17xq0fw*_gcl_au*MTA5MjM2ODk3NS4xNzUwMzE5ODc4*_ga*MTk4NjI1NzI1OC4xNzAzMTU2NTIz*_ga_KPM5Q2PRTX*czE3NTM0Mjk3NzgkbzM4JGcxJHQxNzUzNDMxMjg3JGo2MCRsMCRoMjMyNjIzNjk4\" target=\"_blank\" class=\"button primary\" rel=\"noopener\" >\n\t\t<span>Ficha de datos de seguridad<\/span>\n\t<\/a>\n\n\t\t<\/div>\n\t\t\t\t\t<\/div>\n\n\t\n\n\t<div id=\"col-673378137\" class=\"col medium-4 small-12 large-4\"  >\n\t\t\t\t<div class=\"col-inner text-center\"  >\n\t\t\t\n\t\t\t\n<a href=\"https:\/\/images.nicindustries.com\/cerakote\/documents\/7366\/c-series-training-manual-air-cure-dt2025052120523612731.pdf?1747860761&#038;_gl=1*1jpg8b3*_gcl_au*MTA5MjM2ODk3NS4xNzUwMzE5ODc4*_ga*MTk4NjI1NzI1OC4xNzAzMTU2NTIz*_ga_KPM5Q2PRTX*czE3NTM0Mjk3NzgkbzM4JGcxJHQxNzUzNDMxMjk1JGo1MiRsMCRoMjMyNjIzNjk4\" target=\"_blank\" class=\"button primary\" rel=\"noopener\" >\n\t\t<span>Gu\u00eda de aplicaci\u00f3n<\/span>\n\t<\/a>\n\n\t\t<\/div>\n\t\t\t\t\t<\/div>\n\n\t\n\n\t<div id=\"col-920911664\" class=\"col medium-4 small-12 large-4\"  >\n\t\t\t\t<div class=\"col-inner text-center\"  >\n\t\t\t\n\t\t\t\n<a href=\"https:\/\/www.cerakotesa.com\/wp-content\/uploads\/2025\/07\/C-30118-FS-Field-Drab.pdf\" target=\"_blank\" class=\"button primary\" rel=\"noopener\" >\n\t\t<span>Ficha t\u00e9cnica<\/span>\n\t<\/a>\n\n\t\t<\/div>\n\t\t\t\t\t<\/div>\n\n\t\n<\/div>\n\t\t<\/div>\n\t\t\t\t\t<\/div>\n\n\t\n<\/div>\n\t\t<\/div>\n\n\t\t\n<style>\n#section_459557486 {\n  padding-top: 30px;\n  padding-bottom: 30px;\n}\n<\/style>\n\t<\/section>","protected":false},"excerpt":{"rendered":"<p>Cerakote FS Field Drab es un marr\u00f3n c\u00e1lido medio con un matiz verde\/amarillo.<\/p>\n<p>*NOTA: Este producto no requiere catalizador. Este color s\u00ed requiere un <a href=\"https:\/\/www.cerakotesa.com\/product\/cerakote-in-cup-150-mesh-strainer-100-micron-se-276\/\">Colador de malla 150<\/a> (SE-276).<\/p>\n<p>Los recubrimientos cer\u00e1micos Cerakote Federal Standard Field Drab Serie C funcionan a temperaturas de hasta 1.600\u00b0F \/ 871\u00b0C y establecen el est\u00e1ndar de la industria en recubrimientos de alta temperatura. Los recubrimientos de la Serie C son una l\u00ednea de recubrimientos cer\u00e1micos curados al aire y listos para pulverizar. Eche un vistazo a la <a href=\"https:\/\/www.cerakotesa.com\/documents\/\">Recursos<\/a> para obtener gu\u00edas de aplicaci\u00f3n de productos, fichas t\u00e9cnicas e informaci\u00f3n SDS.<\/p>","protected":false},"featured_media":6066,"comment_status":"closed","ping_status":"closed","template":"","meta":{"_acf_changed":false},"product_brand":[],"product_cat":[987,1120,1124,1123,1122,1121],"product_tag":[31,482,59,33,376],"class_list":{"0":"post-1196","1":"product","2":"type-product","3":"status-publish","4":"has-post-thumbnail","6":"product_cat-cerakote-coatings","7":"product_cat-c-series-coatings","8":"product_cat-up-to-260c","9":"product_cat-up-to-425c","10":"product_cat-650c","11":"product_cat-1000c","12":"product_tag-brown","13":"product_tag-c-30118","14":"product_tag-c-series","15":"product_tag-cerakote","16":"product_tag-federal-standard-field-drab","17":"product_shipping_class-flat-rate","19":"first","20":"instock","21":"taxable","22":"shipping-taxable","23":"product-type-variable"},"yoast_head":"<!-- This site is optimized with the Yoast SEO plugin v26.7 - https:\/\/yoast.com\/wordpress\/plugins\/seo\/ -->\n<title>Federal Standard Field Drab C-30118 - Cerakote South Africa<\/title>\n<meta name=\"robots\" content=\"index, follow, max-snippet:-1, max-image-preview:large, max-video-preview:-1\" \/>\n<link rel=\"canonical\" href=\"https:\/\/www.cerakotesa.com\/es\/producto\/federal-standard-field-drab-c-30118\/\" \/>\n<meta property=\"og:locale\" content=\"es_ES\" \/>\n<meta property=\"og:type\" content=\"article\" \/>\n<meta property=\"og:title\" content=\"Federal Standard Field Drab C-30118 - Cerakote South Africa\" \/>\n<meta property=\"og:description\" content=\"Cerakote FS Field Drab is a medium warm brown with a green\/yellow hue.  *NOTE: This product does not require catalyst. This color does require a 150 Mesh Strainer (SE-276).  Cerakote Federal Standard Field Drab C Series Ceramic Coatings will perform at temperatures up to 1,600\u00b0F \/ 871\u00b0C and set the industry standard in high temperature coatings. C Series coatings are a line of air cured, ready to spray ceramic coatings. Check out the Resources section for product application guides, technical data sheets and SDS information.\" \/>\n<meta property=\"og:url\" content=\"https:\/\/www.cerakotesa.com\/es\/producto\/federal-standard-field-drab-c-30118\/\" \/>\n<meta property=\"og:site_name\" content=\"Cerakote South Africa\" \/>\n<meta property=\"article:modified_time\" content=\"2025-11-26T11:35:13+00:00\" \/>\n<meta property=\"og:image\" content=\"https:\/\/www.cerakotesa.com\/wp-content\/uploads\/2019\/12\/C-30118-1.jpg\" \/>\n\t<meta property=\"og:image:width\" content=\"800\" \/>\n\t<meta property=\"og:image:height\" content=\"800\" \/>\n\t<meta property=\"og:image:type\" content=\"image\/jpeg\" \/>\n<meta name=\"twitter:card\" content=\"summary_large_image\" \/>\n<meta name=\"twitter:label1\" content=\"Tiempo de lectura\" \/>\n\t<meta name=\"twitter:data1\" content=\"1 minuto\" \/>\n<script type=\"application\/ld+json\" class=\"yoast-schema-graph\">{\"@context\":\"https:\/\/schema.org\",\"@graph\":[{\"@type\":\"WebPage\",\"@id\":\"https:\/\/www.cerakotesa.com\/product\/federal-standard-field-drab-c-30118\/\",\"url\":\"https:\/\/www.cerakotesa.com\/product\/federal-standard-field-drab-c-30118\/\",\"name\":\"Federal Standard Field Drab C-30118 - Cerakote South Africa\",\"isPartOf\":{\"@id\":\"https:\/\/www.cerakotesa.com\/#website\"},\"primaryImageOfPage\":{\"@id\":\"https:\/\/www.cerakotesa.com\/product\/federal-standard-field-drab-c-30118\/#primaryimage\"},\"image\":{\"@id\":\"https:\/\/www.cerakotesa.com\/product\/federal-standard-field-drab-c-30118\/#primaryimage\"},\"thumbnailUrl\":\"https:\/\/www.cerakotesa.com\/wp-content\/uploads\/2019\/12\/C-30118-1.jpg\",\"datePublished\":\"2019-12-05T14:18:57+00:00\",\"dateModified\":\"2025-11-26T11:35:13+00:00\",\"breadcrumb\":{\"@id\":\"https:\/\/www.cerakotesa.com\/product\/federal-standard-field-drab-c-30118\/#breadcrumb\"},\"inLanguage\":\"es\",\"potentialAction\":[{\"@type\":\"ReadAction\",\"target\":[\"https:\/\/www.cerakotesa.com\/product\/federal-standard-field-drab-c-30118\/\"]}]},{\"@type\":\"ImageObject\",\"inLanguage\":\"es\",\"@id\":\"https:\/\/www.cerakotesa.com\/product\/federal-standard-field-drab-c-30118\/#primaryimage\",\"url\":\"https:\/\/www.cerakotesa.com\/wp-content\/uploads\/2019\/12\/C-30118-1.jpg\",\"contentUrl\":\"https:\/\/www.cerakotesa.com\/wp-content\/uploads\/2019\/12\/C-30118-1.jpg\",\"width\":800,\"height\":800},{\"@type\":\"BreadcrumbList\",\"@id\":\"https:\/\/www.cerakotesa.com\/product\/federal-standard-field-drab-c-30118\/#breadcrumb\",\"itemListElement\":[{\"@type\":\"ListItem\",\"position\":1,\"name\":\"Home\",\"item\":\"https:\/\/www.cerakotesa.com\/\"},{\"@type\":\"ListItem\",\"position\":2,\"name\":\"Products\",\"item\":\"https:\/\/www.cerakotesa.com\/shop\/\"},{\"@type\":\"ListItem\",\"position\":3,\"name\":\"Federal Standard Field Drab C-30118\"}]},{\"@type\":\"WebSite\",\"@id\":\"https:\/\/www.cerakotesa.com\/#website\",\"url\":\"https:\/\/www.cerakotesa.com\/\",\"name\":\"Cerakote South Africa\",\"description\":\"Cerakote is a global leader in the manufacturing of thin-film protective ceramic coatings\",\"potentialAction\":[{\"@type\":\"SearchAction\",\"target\":{\"@type\":\"EntryPoint\",\"urlTemplate\":\"https:\/\/www.cerakotesa.com\/?s={search_term_string}\"},\"query-input\":{\"@type\":\"PropertyValueSpecification\",\"valueRequired\":true,\"valueName\":\"search_term_string\"}}],\"inLanguage\":\"es\"}]}<\/script>\n<!-- \/ Yoast SEO plugin. -->","yoast_head_json":{"title":"Federal Standard Field Drab C-30118 - Cerakote South Africa","robots":{"index":"index","follow":"follow","max-snippet":"max-snippet:-1","max-image-preview":"max-image-preview:large","max-video-preview":"max-video-preview:-1"},"canonical":"https:\/\/www.cerakotesa.com\/es\/producto\/federal-standard-field-drab-c-30118\/","og_locale":"es_ES","og_type":"article","og_title":"Federal Standard Field Drab C-30118 - Cerakote South Africa","og_description":"Cerakote FS Field Drab is a medium warm brown with a green\/yellow hue.  *NOTE: This product does not require catalyst. This color does require a 150 Mesh Strainer (SE-276).  Cerakote Federal Standard Field Drab C Series Ceramic Coatings will perform at temperatures up to 1,600\u00b0F \/ 871\u00b0C and set the industry standard in high temperature coatings. C Series coatings are a line of air cured, ready to spray ceramic coatings. Check out the Resources section for product application guides, technical data sheets and SDS information.","og_url":"https:\/\/www.cerakotesa.com\/es\/producto\/federal-standard-field-drab-c-30118\/","og_site_name":"Cerakote South Africa","article_modified_time":"2025-11-26T11:35:13+00:00","og_image":[{"width":800,"height":800,"url":"https:\/\/www.cerakotesa.com\/wp-content\/uploads\/2019\/12\/C-30118-1.jpg","type":"image\/jpeg"}],"twitter_card":"summary_large_image","twitter_misc":{"Tiempo de lectura":"1 minuto"},"schema":{"@context":"https:\/\/schema.org","@graph":[{"@type":"WebPage","@id":"https:\/\/www.cerakotesa.com\/product\/federal-standard-field-drab-c-30118\/","url":"https:\/\/www.cerakotesa.com\/product\/federal-standard-field-drab-c-30118\/","name":"Federal Standard Field Drab C-30118 - Cerakote South Africa","isPartOf":{"@id":"https:\/\/www.cerakotesa.com\/#website"},"primaryImageOfPage":{"@id":"https:\/\/www.cerakotesa.com\/product\/federal-standard-field-drab-c-30118\/#primaryimage"},"image":{"@id":"https:\/\/www.cerakotesa.com\/product\/federal-standard-field-drab-c-30118\/#primaryimage"},"thumbnailUrl":"https:\/\/www.cerakotesa.com\/wp-content\/uploads\/2019\/12\/C-30118-1.jpg","datePublished":"2019-12-05T14:18:57+00:00","dateModified":"2025-11-26T11:35:13+00:00","breadcrumb":{"@id":"https:\/\/www.cerakotesa.com\/product\/federal-standard-field-drab-c-30118\/#breadcrumb"},"inLanguage":"es","potentialAction":[{"@type":"ReadAction","target":["https:\/\/www.cerakotesa.com\/product\/federal-standard-field-drab-c-30118\/"]}]},{"@type":"ImageObject","inLanguage":"es","@id":"https:\/\/www.cerakotesa.com\/product\/federal-standard-field-drab-c-30118\/#primaryimage","url":"https:\/\/www.cerakotesa.com\/wp-content\/uploads\/2019\/12\/C-30118-1.jpg","contentUrl":"https:\/\/www.cerakotesa.com\/wp-content\/uploads\/2019\/12\/C-30118-1.jpg","width":800,"height":800},{"@type":"BreadcrumbList","@id":"https:\/\/www.cerakotesa.com\/product\/federal-standard-field-drab-c-30118\/#breadcrumb","itemListElement":[{"@type":"ListItem","position":1,"name":"Home","item":"https:\/\/www.cerakotesa.com\/"},{"@type":"ListItem","position":2,"name":"Products","item":"https:\/\/www.cerakotesa.com\/shop\/"},{"@type":"ListItem","position":3,"name":"Federal Standard Field Drab C-30118"}]},{"@type":"WebSite","@id":"https:\/\/www.cerakotesa.com\/#website","url":"https:\/\/www.cerakotesa.com\/","name":"Cerakote South Africa","description":"Cerakote es l\u00edder mundial en la fabricaci\u00f3n de recubrimientos cer\u00e1micos protectores de capa fina.","potentialAction":[{"@type":"SearchAction","target":{"@type":"EntryPoint","urlTemplate":"https:\/\/www.cerakotesa.com\/?s={search_term_string}"},"query-input":{"@type":"PropertyValueSpecification","valueRequired":true,"valueName":"search_term_string"}}],"inLanguage":"es"}]}},"acf":[],"_links":{"self":[{"href":"https:\/\/www.cerakotesa.com\/es\/wp-json\/wp\/v2\/product\/1196","targetHints":{"allow":["GET"]}}],"collection":[{"href":"https:\/\/www.cerakotesa.com\/es\/wp-json\/wp\/v2\/product"}],"about":[{"href":"https:\/\/www.cerakotesa.com\/es\/wp-json\/wp\/v2\/types\/product"}],"replies":[{"embeddable":true,"href":"https:\/\/www.cerakotesa.com\/es\/wp-json\/wp\/v2\/comments?post=1196"}],"wp:featuredmedia":[{"embeddable":true,"href":"https:\/\/www.cerakotesa.com\/es\/wp-json\/wp\/v2\/media\/6066"}],"wp:attachment":[{"href":"https:\/\/www.cerakotesa.com\/es\/wp-json\/wp\/v2\/media?parent=1196"}],"wp:term":[{"taxonomy":"product_brand","embeddable":true,"href":"https:\/\/www.cerakotesa.com\/es\/wp-json\/wp\/v2\/product_brand?post=1196"},{"taxonomy":"product_cat","embeddable":true,"href":"https:\/\/www.cerakotesa.com\/es\/wp-json\/wp\/v2\/product_cat?post=1196"},{"taxonomy":"product_tag","embeddable":true,"href":"https:\/\/www.cerakotesa.com\/es\/wp-json\/wp\/v2\/product_tag?post=1196"}],"curies":[{"name":"wp","href":"https:\/\/api.w.org\/{rel}","templated":true}]}}