{"id":12001,"date":"2022-11-22T17:31:29","date_gmt":"2022-11-22T17:31:29","guid":{"rendered":"https:\/\/www.cerakote.co.uk\/?post_type=product&#038;p=12001"},"modified":"2025-08-26T07:52:49","modified_gmt":"2025-08-26T07:52:49","slug":"se-3000-sata-minijet-with-aluminium-cup","status":"publish","type":"product","link":"https:\/\/www.cerakotesa.com\/es\/producto\/se-3000-sata-minijet-with-aluminium-cup\/","title":{"rendered":"SATA Minijet con copa de aluminio SE-3000"},"content":{"rendered":"","protected":false},"excerpt":{"rendered":"<p>\u00a1Presentamos una colaboraci\u00f3n entre SATA UK y Cerakote EU!<\/p>\n<p>Para la aplicaci\u00f3n de Cerakote la SATA 3000 tiene un rendimiento asombroso. Tanto es as\u00ed que nos hemos asociado con SATA para traerla de vuelta exclusivamente para los clientes de Cerakote con la adici\u00f3n de una copa de aluminio.<\/p>\n<p>La SATA Minijet 3000 HVLP incluye:<\/p>\n<ul>\n<li>0,8 tama\u00f1o de la punta<\/li>\n<li>Compatible con el man\u00f3metro digital ADAM 2 Mini (man\u00f3metro no incluido)<\/li>\n<li>Bote de aluminio de 150 ml que se adapta a los coladores met\u00e1licos Cerakote<\/li>\n<li>Un patr\u00f3n de pulverizaci\u00f3n ajustable desde cualquier lado de la pistola para crear abanicos redondos y completos.<\/li>\n<li>Sistema de c\u00f3digos de color CCS para una identificaci\u00f3n r\u00e1pida y sencilla de las pistolas<\/li>\n<li>Construcci\u00f3n s\u00f3lida y de calidad para garantizar una larga vida \u00fatil<\/li>\n<\/ul>\n<p>El minijet SATA 3000 es un verdadero caballo de batalla en el que puede confiar, al tiempo que le proporciona una alta atomizaci\u00f3n con un control excepcional.<\/p>","protected":false},"featured_media":15929,"comment_status":"closed","ping_status":"closed","template":"","meta":{"_acf_changed":false},"product_brand":[],"product_cat":[106],"product_tag":[960,961,962,149],"class_list":{"0":"post-12001","1":"product","2":"type-product","3":"status-publish","4":"has-post-thumbnail","6":"product_cat-equipment","7":"product_tag-minijet","8":"product_tag-sata","9":"product_tag-se-3000","10":"product_tag-spray-gun","11":"product_shipping_class-flat-rate","13":"first","14":"instock","15":"taxable","16":"shipping-taxable","17":"product-type-simple"},"yoast_head":"<!-- This site is optimized with the Yoast SEO plugin v26.7 - https:\/\/yoast.com\/wordpress\/plugins\/seo\/ -->\n<title>SATA Minijet With Aluminium Cup SE-3000 - Cerakote South Africa<\/title>\n<meta name=\"robots\" content=\"index, follow, max-snippet:-1, max-image-preview:large, max-video-preview:-1\" \/>\n<link rel=\"canonical\" href=\"https:\/\/www.cerakotesa.com\/es\/producto\/se-3000-sata-minijet-with-aluminium-cup\/\" \/>\n<meta property=\"og:locale\" content=\"es_ES\" \/>\n<meta property=\"og:type\" content=\"article\" \/>\n<meta property=\"og:title\" content=\"SATA Minijet With Aluminium Cup SE-3000 - Cerakote South Africa\" \/>\n<meta property=\"og:description\" content=\"Introducing a collaboration between SATA UK and Cerakote EU!  For Cerakote application the SATA 3000 performs amazingly. So much so that we teamed up with SATA to bring it back exclusively for Cerakote customers with the addition of an aluminium cup.  The SATA Minijet 3000 HVLP includes:   0.8 tip size  ADAM 2 Mini digital gauge compatible (Gauge not included)  150ml Aluminium Pot that will fit Cerakote metal strainers  An adjustable spray pattern from either side of the gun to create round and full-fan.  CCS Colour Code System for quick and easy gun identification  Solid, quality build construction to ensure a long service life  The SATA 3000 minijet is a true workhorse that you can depend on, whilst still giving you high atomisation with outstanding control.\" \/>\n<meta property=\"og:url\" content=\"https:\/\/www.cerakotesa.com\/es\/producto\/se-3000-sata-minijet-with-aluminium-cup\/\" \/>\n<meta property=\"og:site_name\" content=\"Cerakote South Africa\" \/>\n<meta property=\"article:modified_time\" content=\"2025-08-26T07:52:49+00:00\" \/>\n<meta property=\"og:image\" content=\"https:\/\/www.cerakotesa.com\/wp-content\/uploads\/2022\/11\/IMG_1966-510x680-1.jpg\" \/>\n\t<meta property=\"og:image:width\" content=\"510\" \/>\n\t<meta property=\"og:image:height\" content=\"680\" \/>\n\t<meta property=\"og:image:type\" content=\"image\/jpeg\" \/>\n<meta name=\"twitter:card\" content=\"summary_large_image\" \/>\n<script type=\"application\/ld+json\" class=\"yoast-schema-graph\">{\"@context\":\"https:\/\/schema.org\",\"@graph\":[{\"@type\":\"WebPage\",\"@id\":\"https:\/\/www.cerakotesa.com\/product\/se-3000-sata-minijet-with-aluminium-cup\/\",\"url\":\"https:\/\/www.cerakotesa.com\/product\/se-3000-sata-minijet-with-aluminium-cup\/\",\"name\":\"SATA Minijet With Aluminium Cup SE-3000 - Cerakote South Africa\",\"isPartOf\":{\"@id\":\"https:\/\/www.cerakotesa.com\/#website\"},\"primaryImageOfPage\":{\"@id\":\"https:\/\/www.cerakotesa.com\/product\/se-3000-sata-minijet-with-aluminium-cup\/#primaryimage\"},\"image\":{\"@id\":\"https:\/\/www.cerakotesa.com\/product\/se-3000-sata-minijet-with-aluminium-cup\/#primaryimage\"},\"thumbnailUrl\":\"https:\/\/www.cerakotesa.com\/wp-content\/uploads\/2022\/11\/IMG_1966-510x680-1.jpg\",\"datePublished\":\"2022-11-22T17:31:29+00:00\",\"dateModified\":\"2025-08-26T07:52:49+00:00\",\"breadcrumb\":{\"@id\":\"https:\/\/www.cerakotesa.com\/product\/se-3000-sata-minijet-with-aluminium-cup\/#breadcrumb\"},\"inLanguage\":\"es\",\"potentialAction\":[{\"@type\":\"ReadAction\",\"target\":[\"https:\/\/www.cerakotesa.com\/product\/se-3000-sata-minijet-with-aluminium-cup\/\"]}]},{\"@type\":\"ImageObject\",\"inLanguage\":\"es\",\"@id\":\"https:\/\/www.cerakotesa.com\/product\/se-3000-sata-minijet-with-aluminium-cup\/#primaryimage\",\"url\":\"https:\/\/www.cerakotesa.com\/wp-content\/uploads\/2022\/11\/IMG_1966-510x680-1.jpg\",\"contentUrl\":\"https:\/\/www.cerakotesa.com\/wp-content\/uploads\/2022\/11\/IMG_1966-510x680-1.jpg\",\"width\":510,\"height\":680},{\"@type\":\"BreadcrumbList\",\"@id\":\"https:\/\/www.cerakotesa.com\/product\/se-3000-sata-minijet-with-aluminium-cup\/#breadcrumb\",\"itemListElement\":[{\"@type\":\"ListItem\",\"position\":1,\"name\":\"Home\",\"item\":\"https:\/\/www.cerakotesa.com\/\"},{\"@type\":\"ListItem\",\"position\":2,\"name\":\"Products\",\"item\":\"https:\/\/www.cerakotesa.com\/shop\/\"},{\"@type\":\"ListItem\",\"position\":3,\"name\":\"SATA Minijet With Aluminium Cup SE-3000\"}]},{\"@type\":\"WebSite\",\"@id\":\"https:\/\/www.cerakotesa.com\/#website\",\"url\":\"https:\/\/www.cerakotesa.com\/\",\"name\":\"Cerakote South Africa\",\"description\":\"Cerakote is a global leader in the manufacturing of thin-film protective ceramic coatings\",\"potentialAction\":[{\"@type\":\"SearchAction\",\"target\":{\"@type\":\"EntryPoint\",\"urlTemplate\":\"https:\/\/www.cerakotesa.com\/?s={search_term_string}\"},\"query-input\":{\"@type\":\"PropertyValueSpecification\",\"valueRequired\":true,\"valueName\":\"search_term_string\"}}],\"inLanguage\":\"es\"}]}<\/script>\n<!-- \/ Yoast SEO plugin. -->","yoast_head_json":{"title":"SATA Minijet With Aluminium Cup SE-3000 - Cerakote South Africa","robots":{"index":"index","follow":"follow","max-snippet":"max-snippet:-1","max-image-preview":"max-image-preview:large","max-video-preview":"max-video-preview:-1"},"canonical":"https:\/\/www.cerakotesa.com\/es\/producto\/se-3000-sata-minijet-with-aluminium-cup\/","og_locale":"es_ES","og_type":"article","og_title":"SATA Minijet With Aluminium Cup SE-3000 - Cerakote South Africa","og_description":"Introducing a collaboration between SATA UK and Cerakote EU!  For Cerakote application the SATA 3000 performs amazingly. So much so that we teamed up with SATA to bring it back exclusively for Cerakote customers with the addition of an aluminium cup.  The SATA Minijet 3000 HVLP includes:   0.8 tip size  ADAM 2 Mini digital gauge compatible (Gauge not included)  150ml Aluminium Pot that will fit Cerakote metal strainers  An adjustable spray pattern from either side of the gun to create round and full-fan.  CCS Colour Code System for quick and easy gun identification  Solid, quality build construction to ensure a long service life  The SATA 3000 minijet is a true workhorse that you can depend on, whilst still giving you high atomisation with outstanding control.","og_url":"https:\/\/www.cerakotesa.com\/es\/producto\/se-3000-sata-minijet-with-aluminium-cup\/","og_site_name":"Cerakote South Africa","article_modified_time":"2025-08-26T07:52:49+00:00","og_image":[{"width":510,"height":680,"url":"https:\/\/www.cerakotesa.com\/wp-content\/uploads\/2022\/11\/IMG_1966-510x680-1.jpg","type":"image\/jpeg"}],"twitter_card":"summary_large_image","schema":{"@context":"https:\/\/schema.org","@graph":[{"@type":"WebPage","@id":"https:\/\/www.cerakotesa.com\/product\/se-3000-sata-minijet-with-aluminium-cup\/","url":"https:\/\/www.cerakotesa.com\/product\/se-3000-sata-minijet-with-aluminium-cup\/","name":"SATA Minijet With Aluminium Cup SE-3000 - Cerakote South Africa","isPartOf":{"@id":"https:\/\/www.cerakotesa.com\/#website"},"primaryImageOfPage":{"@id":"https:\/\/www.cerakotesa.com\/product\/se-3000-sata-minijet-with-aluminium-cup\/#primaryimage"},"image":{"@id":"https:\/\/www.cerakotesa.com\/product\/se-3000-sata-minijet-with-aluminium-cup\/#primaryimage"},"thumbnailUrl":"https:\/\/www.cerakotesa.com\/wp-content\/uploads\/2022\/11\/IMG_1966-510x680-1.jpg","datePublished":"2022-11-22T17:31:29+00:00","dateModified":"2025-08-26T07:52:49+00:00","breadcrumb":{"@id":"https:\/\/www.cerakotesa.com\/product\/se-3000-sata-minijet-with-aluminium-cup\/#breadcrumb"},"inLanguage":"es","potentialAction":[{"@type":"ReadAction","target":["https:\/\/www.cerakotesa.com\/product\/se-3000-sata-minijet-with-aluminium-cup\/"]}]},{"@type":"ImageObject","inLanguage":"es","@id":"https:\/\/www.cerakotesa.com\/product\/se-3000-sata-minijet-with-aluminium-cup\/#primaryimage","url":"https:\/\/www.cerakotesa.com\/wp-content\/uploads\/2022\/11\/IMG_1966-510x680-1.jpg","contentUrl":"https:\/\/www.cerakotesa.com\/wp-content\/uploads\/2022\/11\/IMG_1966-510x680-1.jpg","width":510,"height":680},{"@type":"BreadcrumbList","@id":"https:\/\/www.cerakotesa.com\/product\/se-3000-sata-minijet-with-aluminium-cup\/#breadcrumb","itemListElement":[{"@type":"ListItem","position":1,"name":"Home","item":"https:\/\/www.cerakotesa.com\/"},{"@type":"ListItem","position":2,"name":"Products","item":"https:\/\/www.cerakotesa.com\/shop\/"},{"@type":"ListItem","position":3,"name":"SATA Minijet With Aluminium Cup SE-3000"}]},{"@type":"WebSite","@id":"https:\/\/www.cerakotesa.com\/#website","url":"https:\/\/www.cerakotesa.com\/","name":"Cerakote South Africa","description":"Cerakote es l\u00edder mundial en la fabricaci\u00f3n de recubrimientos cer\u00e1micos protectores de capa fina.","potentialAction":[{"@type":"SearchAction","target":{"@type":"EntryPoint","urlTemplate":"https:\/\/www.cerakotesa.com\/?s={search_term_string}"},"query-input":{"@type":"PropertyValueSpecification","valueRequired":true,"valueName":"search_term_string"}}],"inLanguage":"es"}]}},"acf":[],"_links":{"self":[{"href":"https:\/\/www.cerakotesa.com\/es\/wp-json\/wp\/v2\/product\/12001","targetHints":{"allow":["GET"]}}],"collection":[{"href":"https:\/\/www.cerakotesa.com\/es\/wp-json\/wp\/v2\/product"}],"about":[{"href":"https:\/\/www.cerakotesa.com\/es\/wp-json\/wp\/v2\/types\/product"}],"replies":[{"embeddable":true,"href":"https:\/\/www.cerakotesa.com\/es\/wp-json\/wp\/v2\/comments?post=12001"}],"wp:featuredmedia":[{"embeddable":true,"href":"https:\/\/www.cerakotesa.com\/es\/wp-json\/wp\/v2\/media\/15929"}],"wp:attachment":[{"href":"https:\/\/www.cerakotesa.com\/es\/wp-json\/wp\/v2\/media?parent=12001"}],"wp:term":[{"taxonomy":"product_brand","embeddable":true,"href":"https:\/\/www.cerakotesa.com\/es\/wp-json\/wp\/v2\/product_brand?post=12001"},{"taxonomy":"product_cat","embeddable":true,"href":"https:\/\/www.cerakotesa.com\/es\/wp-json\/wp\/v2\/product_cat?post=12001"},{"taxonomy":"product_tag","embeddable":true,"href":"https:\/\/www.cerakotesa.com\/es\/wp-json\/wp\/v2\/product_tag?post=12001"}],"curies":[{"name":"wp","href":"https:\/\/api.w.org\/{rel}","templated":true}]}}