{"id":1346,"date":"2019-12-06T09:44:13","date_gmt":"2019-12-06T09:44:13","guid":{"rendered":"https:\/\/staging.cerakote.co.uk\/?post_type=product&#038;p=1346"},"modified":"2024-08-05T14:15:18","modified_gmt":"2024-08-05T14:15:18","slug":"titanium-red-piston-v-139","status":"publish","type":"product","link":"https:\/\/www.cerakotesa.com\/es\/producto\/titanium-red-piston-v-139\/","title":{"rendered":"Titanium Red Piston V-139"},"content":{"rendered":"","protected":false},"excerpt":{"rendered":"<p class=\"description\">Cerakote V Series Titanium Red Piston Coat es un recubrimiento cer\u00e1mico de barrera de pel\u00edcula fina curado al horno, dise\u00f1ado para aplicarse en piezas internas del motor que requieren una barrera t\u00e9rmica.<\/p>\n<ul>\n<li><b>Sustratos adecuados:<\/b> Todos los metales ferrosos y no ferrosos.<\/li>\n<li>Todos los recubrimientos de la Serie V son monocomponentes, listos para pulverizar.<\/li>\n<li>Este producto requiere un\u00a0<a href=\"https:\/\/www.cerakotesa.com\/shop\/equipment\/cerakote-in-cup-100-mesh-strainer-150-micron-se-275\/\">Colador de malla 100<\/a> (SE-275).<\/li>\n<\/ul>\n<p>Los revestimientos cer\u00e1micos Cerakote Serie V son l\u00edderes indiscutibles en revestimientos de pel\u00edcula fina para altas temperaturas, capaces de soportar temperaturas de hasta 1800\u00b0F. Los recubrimientos de la Serie V ofrecen un rendimiento inigualable a altas temperaturas, al tiempo que proporcionan una excelente resistencia qu\u00edmica, durabilidad y est\u00e9tica. La base de los recubrimientos Cerakote Serie V es una exclusiva tecnolog\u00eda cer\u00e1mica inorg\u00e1nica que confiere prestaciones a altas temperaturas y una excelente estabilidad f\u00edsica. Debido a la qu\u00edmica inorg\u00e1nica, los recubrimientos de la serie V son 100% UV Estables y no se decoloran. Para m\u00e1s informaci\u00f3n, consulte nuestra hoja de datos t\u00e9cnicos (TDS).<\/p>","protected":false},"featured_media":6133,"comment_status":"closed","ping_status":"closed","template":"","meta":{"_acf_changed":false},"product_brand":[],"product_cat":[72,524],"product_tag":[188,278,528,529,526],"class_list":{"0":"post-1346","1":"product","2":"type-product","3":"status-publish","4":"has-post-thumbnail","6":"product_cat-specialty-coatings","7":"product_cat-v-series","8":"product_tag-red","9":"product_tag-titanium","10":"product_tag-titanium-red-piston","11":"product_tag-v-139","12":"product_tag-v-series","13":"product_shipping_class-flat-rate","15":"first","16":"instock","17":"taxable","18":"shipping-taxable","19":"product-type-variable"},"yoast_head":"<!-- This site is optimized with the Yoast SEO plugin v26.7 - https:\/\/yoast.com\/wordpress\/plugins\/seo\/ -->\n<title>Titanium Red Piston V-139 - Cerakote South Africa<\/title>\n<meta name=\"robots\" content=\"index, follow, max-snippet:-1, max-image-preview:large, max-video-preview:-1\" \/>\n<link rel=\"canonical\" href=\"https:\/\/www.cerakotesa.com\/es\/producto\/titanium-red-piston-v-139\/\" \/>\n<meta property=\"og:locale\" content=\"es_ES\" \/>\n<meta property=\"og:type\" content=\"article\" \/>\n<meta property=\"og:title\" content=\"Titanium Red Piston V-139 - Cerakote South Africa\" \/>\n<meta property=\"og:description\" content=\"Cerakote V Series Titanium Red Piston Coat is an oven cure ceramic thin film barrier coating, designed to be applied on internal engine parts that require a thermal barrier.    Suitable Substrates: All ferrous and non-ferrous metals.  All V Series coatings are one-part, ready to spray.  This product does require a\u00a0100 Mesh Strainer (SE-275).  Cerakote V Series ceramic coatings are the unrivaled leader in high temperature thin film performance coatings, capable of temperatures up to 1800\u00b0F. V Series coatings provide unmatched high temperature performance, while providing excellent chemical resistance, durability and aesthetics. The foundation for Cerakote V Series coatings is a unique inorganic ceramic technology that imparts both high temperature performance and excellent physical stability. Due to the inorganic chemistry, V series coatings are 100% UV Stable and will not fade. For more information, see our Technical Data Sheet (TDS).\" \/>\n<meta property=\"og:url\" content=\"https:\/\/www.cerakotesa.com\/es\/producto\/titanium-red-piston-v-139\/\" \/>\n<meta property=\"og:site_name\" content=\"Cerakote South Africa\" \/>\n<meta property=\"article:modified_time\" content=\"2024-08-05T14:15:18+00:00\" \/>\n<meta property=\"og:image\" content=\"https:\/\/www.cerakotesa.com\/wp-content\/uploads\/2019\/12\/V-139-1.jpg\" \/>\n\t<meta property=\"og:image:width\" content=\"800\" \/>\n\t<meta property=\"og:image:height\" content=\"800\" \/>\n\t<meta property=\"og:image:type\" content=\"image\/jpeg\" \/>\n<meta name=\"twitter:card\" content=\"summary_large_image\" \/>\n<script type=\"application\/ld+json\" class=\"yoast-schema-graph\">{\"@context\":\"https:\/\/schema.org\",\"@graph\":[{\"@type\":\"WebPage\",\"@id\":\"https:\/\/www.cerakotesa.com\/es\/producto\/titanium-red-piston-v-139\/\",\"url\":\"https:\/\/www.cerakotesa.com\/es\/producto\/titanium-red-piston-v-139\/\",\"name\":\"Titanium Red Piston V-139 - Cerakote South Africa\",\"isPartOf\":{\"@id\":\"https:\/\/www.cerakotesa.com\/#website\"},\"primaryImageOfPage\":{\"@id\":\"https:\/\/www.cerakotesa.com\/es\/producto\/titanium-red-piston-v-139\/#primaryimage\"},\"image\":{\"@id\":\"https:\/\/www.cerakotesa.com\/es\/producto\/titanium-red-piston-v-139\/#primaryimage\"},\"thumbnailUrl\":\"https:\/\/www.cerakotesa.com\/wp-content\/uploads\/2019\/12\/V-139-1.jpg\",\"datePublished\":\"2019-12-06T09:44:13+00:00\",\"dateModified\":\"2024-08-05T14:15:18+00:00\",\"breadcrumb\":{\"@id\":\"https:\/\/www.cerakotesa.com\/es\/producto\/titanium-red-piston-v-139\/#breadcrumb\"},\"inLanguage\":\"es\",\"potentialAction\":[{\"@type\":\"ReadAction\",\"target\":[\"https:\/\/www.cerakotesa.com\/es\/producto\/titanium-red-piston-v-139\/\"]}]},{\"@type\":\"ImageObject\",\"inLanguage\":\"es\",\"@id\":\"https:\/\/www.cerakotesa.com\/es\/producto\/titanium-red-piston-v-139\/#primaryimage\",\"url\":\"https:\/\/www.cerakotesa.com\/wp-content\/uploads\/2019\/12\/V-139-1.jpg\",\"contentUrl\":\"https:\/\/www.cerakotesa.com\/wp-content\/uploads\/2019\/12\/V-139-1.jpg\",\"width\":800,\"height\":800},{\"@type\":\"BreadcrumbList\",\"@id\":\"https:\/\/www.cerakotesa.com\/es\/producto\/titanium-red-piston-v-139\/#breadcrumb\",\"itemListElement\":[{\"@type\":\"ListItem\",\"position\":1,\"name\":\"Home\",\"item\":\"https:\/\/www.cerakotesa.com\/\"},{\"@type\":\"ListItem\",\"position\":2,\"name\":\"Products\",\"item\":\"https:\/\/www.cerakotesa.com\/shop\/\"},{\"@type\":\"ListItem\",\"position\":3,\"name\":\"Titanium Red Piston V-139\"}]},{\"@type\":\"WebSite\",\"@id\":\"https:\/\/www.cerakotesa.com\/#website\",\"url\":\"https:\/\/www.cerakotesa.com\/\",\"name\":\"Cerakote South Africa\",\"description\":\"Cerakote is a global leader in the manufacturing of thin-film protective ceramic coatings\",\"potentialAction\":[{\"@type\":\"SearchAction\",\"target\":{\"@type\":\"EntryPoint\",\"urlTemplate\":\"https:\/\/www.cerakotesa.com\/?s={search_term_string}\"},\"query-input\":{\"@type\":\"PropertyValueSpecification\",\"valueRequired\":true,\"valueName\":\"search_term_string\"}}],\"inLanguage\":\"es\"}]}<\/script>\n<!-- \/ Yoast SEO plugin. -->","yoast_head_json":{"title":"Titanium Red Piston V-139 - Cerakote South Africa","robots":{"index":"index","follow":"follow","max-snippet":"max-snippet:-1","max-image-preview":"max-image-preview:large","max-video-preview":"max-video-preview:-1"},"canonical":"https:\/\/www.cerakotesa.com\/es\/producto\/titanium-red-piston-v-139\/","og_locale":"es_ES","og_type":"article","og_title":"Titanium Red Piston V-139 - Cerakote South Africa","og_description":"Cerakote V Series Titanium Red Piston Coat is an oven cure ceramic thin film barrier coating, designed to be applied on internal engine parts that require a thermal barrier.    Suitable Substrates: All ferrous and non-ferrous metals.  All V Series coatings are one-part, ready to spray.  This product does require a\u00a0100 Mesh Strainer (SE-275).  Cerakote V Series ceramic coatings are the unrivaled leader in high temperature thin film performance coatings, capable of temperatures up to 1800\u00b0F. V Series coatings provide unmatched high temperature performance, while providing excellent chemical resistance, durability and aesthetics. The foundation for Cerakote V Series coatings is a unique inorganic ceramic technology that imparts both high temperature performance and excellent physical stability. Due to the inorganic chemistry, V series coatings are 100% UV Stable and will not fade. For more information, see our Technical Data Sheet (TDS).","og_url":"https:\/\/www.cerakotesa.com\/es\/producto\/titanium-red-piston-v-139\/","og_site_name":"Cerakote South Africa","article_modified_time":"2024-08-05T14:15:18+00:00","og_image":[{"width":800,"height":800,"url":"https:\/\/www.cerakotesa.com\/wp-content\/uploads\/2019\/12\/V-139-1.jpg","type":"image\/jpeg"}],"twitter_card":"summary_large_image","schema":{"@context":"https:\/\/schema.org","@graph":[{"@type":"WebPage","@id":"https:\/\/www.cerakotesa.com\/es\/producto\/titanium-red-piston-v-139\/","url":"https:\/\/www.cerakotesa.com\/es\/producto\/titanium-red-piston-v-139\/","name":"Titanium Red Piston V-139 - Cerakote South Africa","isPartOf":{"@id":"https:\/\/www.cerakotesa.com\/#website"},"primaryImageOfPage":{"@id":"https:\/\/www.cerakotesa.com\/es\/producto\/titanium-red-piston-v-139\/#primaryimage"},"image":{"@id":"https:\/\/www.cerakotesa.com\/es\/producto\/titanium-red-piston-v-139\/#primaryimage"},"thumbnailUrl":"https:\/\/www.cerakotesa.com\/wp-content\/uploads\/2019\/12\/V-139-1.jpg","datePublished":"2019-12-06T09:44:13+00:00","dateModified":"2024-08-05T14:15:18+00:00","breadcrumb":{"@id":"https:\/\/www.cerakotesa.com\/es\/producto\/titanium-red-piston-v-139\/#breadcrumb"},"inLanguage":"es","potentialAction":[{"@type":"ReadAction","target":["https:\/\/www.cerakotesa.com\/es\/producto\/titanium-red-piston-v-139\/"]}]},{"@type":"ImageObject","inLanguage":"es","@id":"https:\/\/www.cerakotesa.com\/es\/producto\/titanium-red-piston-v-139\/#primaryimage","url":"https:\/\/www.cerakotesa.com\/wp-content\/uploads\/2019\/12\/V-139-1.jpg","contentUrl":"https:\/\/www.cerakotesa.com\/wp-content\/uploads\/2019\/12\/V-139-1.jpg","width":800,"height":800},{"@type":"BreadcrumbList","@id":"https:\/\/www.cerakotesa.com\/es\/producto\/titanium-red-piston-v-139\/#breadcrumb","itemListElement":[{"@type":"ListItem","position":1,"name":"Home","item":"https:\/\/www.cerakotesa.com\/"},{"@type":"ListItem","position":2,"name":"Products","item":"https:\/\/www.cerakotesa.com\/shop\/"},{"@type":"ListItem","position":3,"name":"Titanium Red Piston V-139"}]},{"@type":"WebSite","@id":"https:\/\/www.cerakotesa.com\/#website","url":"https:\/\/www.cerakotesa.com\/","name":"Cerakote South Africa","description":"Cerakote es l\u00edder mundial en la fabricaci\u00f3n de recubrimientos cer\u00e1micos protectores de capa fina.","potentialAction":[{"@type":"SearchAction","target":{"@type":"EntryPoint","urlTemplate":"https:\/\/www.cerakotesa.com\/?s={search_term_string}"},"query-input":{"@type":"PropertyValueSpecification","valueRequired":true,"valueName":"search_term_string"}}],"inLanguage":"es"}]}},"acf":[],"_links":{"self":[{"href":"https:\/\/www.cerakotesa.com\/es\/wp-json\/wp\/v2\/product\/1346","targetHints":{"allow":["GET"]}}],"collection":[{"href":"https:\/\/www.cerakotesa.com\/es\/wp-json\/wp\/v2\/product"}],"about":[{"href":"https:\/\/www.cerakotesa.com\/es\/wp-json\/wp\/v2\/types\/product"}],"replies":[{"embeddable":true,"href":"https:\/\/www.cerakotesa.com\/es\/wp-json\/wp\/v2\/comments?post=1346"}],"wp:featuredmedia":[{"embeddable":true,"href":"https:\/\/www.cerakotesa.com\/es\/wp-json\/wp\/v2\/media\/6133"}],"wp:attachment":[{"href":"https:\/\/www.cerakotesa.com\/es\/wp-json\/wp\/v2\/media?parent=1346"}],"wp:term":[{"taxonomy":"product_brand","embeddable":true,"href":"https:\/\/www.cerakotesa.com\/es\/wp-json\/wp\/v2\/product_brand?post=1346"},{"taxonomy":"product_cat","embeddable":true,"href":"https:\/\/www.cerakotesa.com\/es\/wp-json\/wp\/v2\/product_cat?post=1346"},{"taxonomy":"product_tag","embeddable":true,"href":"https:\/\/www.cerakotesa.com\/es\/wp-json\/wp\/v2\/product_tag?post=1346"}],"curies":[{"name":"wp","href":"https:\/\/api.w.org\/{rel}","templated":true}]}}