{"id":1397,"date":"2019-12-06T11:29:25","date_gmt":"2019-12-06T11:29:25","guid":{"rendered":"https:\/\/staging.cerakote.co.uk\/?post_type=product&#038;p=1397"},"modified":"2024-08-05T14:15:09","modified_gmt":"2024-08-05T14:15:09","slug":"arctic-black-p-202","status":"publish","type":"product","link":"https:\/\/www.cerakotesa.com\/es\/producto\/arctic-black-p-202\/","title":{"rendered":"Arctic Black P-202"},"content":{"rendered":"","protected":false},"excerpt":{"rendered":"<p>Cerakote Arctic Black es un negro semibrillante de tono s\u00f3lido.<\/p>\n<p>Los recubrimientos disipadores de calor Cerakote son una l\u00ednea de recubrimientos submicr\u00f3nicos. El Arctic Black se utiliza normalmente en aplicaciones que requieren una alta conductividad t\u00e9rmica para transferir el calor lejos de la fuente de energ\u00eda. Los usos t\u00edpicos incluyen, pero no se limitan a radiadores, bloques de motor, cajas de transmisi\u00f3n, sincronizadores de calor, intercoolers y en cualquier lugar donde se necesite disipaci\u00f3n de calor. Eche un vistazo al <a href=\"https:\/\/www.cerakotesa.com\/documents\/\">Recursos<\/a> para obtener gu\u00edas de aplicaci\u00f3n de productos, fichas t\u00e9cnicas e informaci\u00f3n MSDS.<\/p>\n<p>*NOTA: Este color requiere un <a href=\"https:\/\/www.cerakotesa.com\/product\/elite-series-325-mesh-strainer-44-micron-se-277\/\">Colador de malla 325<\/a> (SE-277).<\/p>","protected":false},"featured_media":6224,"comment_status":"closed","ping_status":"closed","template":"","meta":{"_acf_changed":false},"product_brand":[],"product_cat":[72],"product_tag":[542,74,543],"class_list":{"0":"post-1397","1":"product","2":"type-product","3":"status-publish","4":"has-post-thumbnail","6":"product_cat-specialty-coatings","7":"product_tag-arctic-black","8":"product_tag-black","9":"product_tag-p-202","10":"product_shipping_class-flat-rate","12":"first","13":"instock","14":"taxable","15":"shipping-taxable","16":"product-type-variable"},"yoast_head":"<!-- This site is optimized with the Yoast SEO plugin v26.7 - https:\/\/yoast.com\/wordpress\/plugins\/seo\/ -->\n<title>Arctic Black P-202 - Cerakote South Africa<\/title>\n<meta name=\"robots\" content=\"index, follow, max-snippet:-1, max-image-preview:large, max-video-preview:-1\" \/>\n<link rel=\"canonical\" href=\"https:\/\/www.cerakotesa.com\/es\/producto\/arctic-black-p-202\/\" \/>\n<meta property=\"og:locale\" content=\"es_ES\" \/>\n<meta property=\"og:type\" content=\"article\" \/>\n<meta property=\"og:title\" content=\"Arctic Black P-202 - Cerakote South Africa\" \/>\n<meta property=\"og:description\" content=\"Cerakote Arctic Black is a semi-gloss solid tone black. Cerakote Heat Dissipating Coatings are a line of submicron coatings. Arctic Black is typically used on applications requiring a high thermal conductivity to transfer heat away from the energy source. Typical uses include, but are not limited to radiators, engine blocks, transmission cases, heat syncs, intercoolers and anywhere heat dissipation is needed. Check out the Resources section for product application guides, technical data sheets and MSDS information. *NOTE: This color does require a 325 Mesh Strainer (SE-277).\" \/>\n<meta property=\"og:url\" content=\"https:\/\/www.cerakotesa.com\/es\/producto\/arctic-black-p-202\/\" \/>\n<meta property=\"og:site_name\" content=\"Cerakote South Africa\" \/>\n<meta property=\"article:modified_time\" content=\"2024-08-05T14:15:09+00:00\" \/>\n<meta property=\"og:image\" content=\"https:\/\/www.cerakotesa.com\/wp-content\/uploads\/2019\/12\/P-202-1.jpg\" \/>\n\t<meta property=\"og:image:width\" content=\"800\" \/>\n\t<meta property=\"og:image:height\" content=\"800\" \/>\n\t<meta property=\"og:image:type\" content=\"image\/jpeg\" \/>\n<meta name=\"twitter:card\" content=\"summary_large_image\" \/>\n<script type=\"application\/ld+json\" class=\"yoast-schema-graph\">{\"@context\":\"https:\/\/schema.org\",\"@graph\":[{\"@type\":\"WebPage\",\"@id\":\"https:\/\/www.cerakotesa.com\/product\/arctic-black-p-202\/\",\"url\":\"https:\/\/www.cerakotesa.com\/product\/arctic-black-p-202\/\",\"name\":\"Arctic Black P-202 - Cerakote South Africa\",\"isPartOf\":{\"@id\":\"https:\/\/www.cerakotesa.com\/#website\"},\"primaryImageOfPage\":{\"@id\":\"https:\/\/www.cerakotesa.com\/product\/arctic-black-p-202\/#primaryimage\"},\"image\":{\"@id\":\"https:\/\/www.cerakotesa.com\/product\/arctic-black-p-202\/#primaryimage\"},\"thumbnailUrl\":\"https:\/\/www.cerakotesa.com\/wp-content\/uploads\/2019\/12\/P-202-1.jpg\",\"datePublished\":\"2019-12-06T11:29:25+00:00\",\"dateModified\":\"2024-08-05T14:15:09+00:00\",\"breadcrumb\":{\"@id\":\"https:\/\/www.cerakotesa.com\/product\/arctic-black-p-202\/#breadcrumb\"},\"inLanguage\":\"es\",\"potentialAction\":[{\"@type\":\"ReadAction\",\"target\":[\"https:\/\/www.cerakotesa.com\/product\/arctic-black-p-202\/\"]}]},{\"@type\":\"ImageObject\",\"inLanguage\":\"es\",\"@id\":\"https:\/\/www.cerakotesa.com\/product\/arctic-black-p-202\/#primaryimage\",\"url\":\"https:\/\/www.cerakotesa.com\/wp-content\/uploads\/2019\/12\/P-202-1.jpg\",\"contentUrl\":\"https:\/\/www.cerakotesa.com\/wp-content\/uploads\/2019\/12\/P-202-1.jpg\",\"width\":800,\"height\":800},{\"@type\":\"BreadcrumbList\",\"@id\":\"https:\/\/www.cerakotesa.com\/product\/arctic-black-p-202\/#breadcrumb\",\"itemListElement\":[{\"@type\":\"ListItem\",\"position\":1,\"name\":\"Home\",\"item\":\"https:\/\/www.cerakotesa.com\/\"},{\"@type\":\"ListItem\",\"position\":2,\"name\":\"Products\",\"item\":\"https:\/\/www.cerakotesa.com\/shop\/\"},{\"@type\":\"ListItem\",\"position\":3,\"name\":\"Arctic Black P-202\"}]},{\"@type\":\"WebSite\",\"@id\":\"https:\/\/www.cerakotesa.com\/#website\",\"url\":\"https:\/\/www.cerakotesa.com\/\",\"name\":\"Cerakote South Africa\",\"description\":\"Cerakote is a global leader in the manufacturing of thin-film protective ceramic coatings\",\"potentialAction\":[{\"@type\":\"SearchAction\",\"target\":{\"@type\":\"EntryPoint\",\"urlTemplate\":\"https:\/\/www.cerakotesa.com\/?s={search_term_string}\"},\"query-input\":{\"@type\":\"PropertyValueSpecification\",\"valueRequired\":true,\"valueName\":\"search_term_string\"}}],\"inLanguage\":\"es\"}]}<\/script>\n<!-- \/ Yoast SEO plugin. -->","yoast_head_json":{"title":"Arctic Black P-202 - Cerakote South Africa","robots":{"index":"index","follow":"follow","max-snippet":"max-snippet:-1","max-image-preview":"max-image-preview:large","max-video-preview":"max-video-preview:-1"},"canonical":"https:\/\/www.cerakotesa.com\/es\/producto\/arctic-black-p-202\/","og_locale":"es_ES","og_type":"article","og_title":"Arctic Black P-202 - Cerakote South Africa","og_description":"Cerakote Arctic Black is a semi-gloss solid tone black. Cerakote Heat Dissipating Coatings are a line of submicron coatings. Arctic Black is typically used on applications requiring a high thermal conductivity to transfer heat away from the energy source. Typical uses include, but are not limited to radiators, engine blocks, transmission cases, heat syncs, intercoolers and anywhere heat dissipation is needed. Check out the Resources section for product application guides, technical data sheets and MSDS information. *NOTE: This color does require a 325 Mesh Strainer (SE-277).","og_url":"https:\/\/www.cerakotesa.com\/es\/producto\/arctic-black-p-202\/","og_site_name":"Cerakote South Africa","article_modified_time":"2024-08-05T14:15:09+00:00","og_image":[{"width":800,"height":800,"url":"https:\/\/www.cerakotesa.com\/wp-content\/uploads\/2019\/12\/P-202-1.jpg","type":"image\/jpeg"}],"twitter_card":"summary_large_image","schema":{"@context":"https:\/\/schema.org","@graph":[{"@type":"WebPage","@id":"https:\/\/www.cerakotesa.com\/product\/arctic-black-p-202\/","url":"https:\/\/www.cerakotesa.com\/product\/arctic-black-p-202\/","name":"Arctic Black P-202 - Cerakote South Africa","isPartOf":{"@id":"https:\/\/www.cerakotesa.com\/#website"},"primaryImageOfPage":{"@id":"https:\/\/www.cerakotesa.com\/product\/arctic-black-p-202\/#primaryimage"},"image":{"@id":"https:\/\/www.cerakotesa.com\/product\/arctic-black-p-202\/#primaryimage"},"thumbnailUrl":"https:\/\/www.cerakotesa.com\/wp-content\/uploads\/2019\/12\/P-202-1.jpg","datePublished":"2019-12-06T11:29:25+00:00","dateModified":"2024-08-05T14:15:09+00:00","breadcrumb":{"@id":"https:\/\/www.cerakotesa.com\/product\/arctic-black-p-202\/#breadcrumb"},"inLanguage":"es","potentialAction":[{"@type":"ReadAction","target":["https:\/\/www.cerakotesa.com\/product\/arctic-black-p-202\/"]}]},{"@type":"ImageObject","inLanguage":"es","@id":"https:\/\/www.cerakotesa.com\/product\/arctic-black-p-202\/#primaryimage","url":"https:\/\/www.cerakotesa.com\/wp-content\/uploads\/2019\/12\/P-202-1.jpg","contentUrl":"https:\/\/www.cerakotesa.com\/wp-content\/uploads\/2019\/12\/P-202-1.jpg","width":800,"height":800},{"@type":"BreadcrumbList","@id":"https:\/\/www.cerakotesa.com\/product\/arctic-black-p-202\/#breadcrumb","itemListElement":[{"@type":"ListItem","position":1,"name":"Home","item":"https:\/\/www.cerakotesa.com\/"},{"@type":"ListItem","position":2,"name":"Products","item":"https:\/\/www.cerakotesa.com\/shop\/"},{"@type":"ListItem","position":3,"name":"Arctic Black P-202"}]},{"@type":"WebSite","@id":"https:\/\/www.cerakotesa.com\/#website","url":"https:\/\/www.cerakotesa.com\/","name":"Cerakote South Africa","description":"Cerakote es l\u00edder mundial en la fabricaci\u00f3n de recubrimientos cer\u00e1micos protectores de capa fina.","potentialAction":[{"@type":"SearchAction","target":{"@type":"EntryPoint","urlTemplate":"https:\/\/www.cerakotesa.com\/?s={search_term_string}"},"query-input":{"@type":"PropertyValueSpecification","valueRequired":true,"valueName":"search_term_string"}}],"inLanguage":"es"}]}},"acf":[],"_links":{"self":[{"href":"https:\/\/www.cerakotesa.com\/es\/wp-json\/wp\/v2\/product\/1397","targetHints":{"allow":["GET"]}}],"collection":[{"href":"https:\/\/www.cerakotesa.com\/es\/wp-json\/wp\/v2\/product"}],"about":[{"href":"https:\/\/www.cerakotesa.com\/es\/wp-json\/wp\/v2\/types\/product"}],"replies":[{"embeddable":true,"href":"https:\/\/www.cerakotesa.com\/es\/wp-json\/wp\/v2\/comments?post=1397"}],"wp:featuredmedia":[{"embeddable":true,"href":"https:\/\/www.cerakotesa.com\/es\/wp-json\/wp\/v2\/media\/6224"}],"wp:attachment":[{"href":"https:\/\/www.cerakotesa.com\/es\/wp-json\/wp\/v2\/media?parent=1397"}],"wp:term":[{"taxonomy":"product_brand","embeddable":true,"href":"https:\/\/www.cerakotesa.com\/es\/wp-json\/wp\/v2\/product_brand?post=1397"},{"taxonomy":"product_cat","embeddable":true,"href":"https:\/\/www.cerakotesa.com\/es\/wp-json\/wp\/v2\/product_cat?post=1397"},{"taxonomy":"product_tag","embeddable":true,"href":"https:\/\/www.cerakotesa.com\/es\/wp-json\/wp\/v2\/product_tag?post=1397"}],"curies":[{"name":"wp","href":"https:\/\/api.w.org\/{rel}","templated":true}]}}