{"id":1422,"date":"2019-12-06T12:01:33","date_gmt":"2019-12-06T12:01:33","guid":{"rendered":"https:\/\/staging.cerakote.co.uk\/?post_type=product&#038;p=1422"},"modified":"2025-01-15T16:57:31","modified_gmt":"2025-01-15T16:57:31","slug":"high-gloss-ceramic-clear-mc-160","status":"publish","type":"product","link":"https:\/\/www.cerakotesa.com\/es\/producto\/high-gloss-ceramic-clear-mc-160\/","title":{"rendered":"High Gloss Ceramic Clear MC-160"},"content":{"rendered":"","protected":false},"excerpt":{"rendered":"<p class=\"description\">Los barnices cer\u00e1micos Cerakote son los barnices m\u00e1s resistentes del mercado. Cerakote High Gloss Ceramic Clear MC-160 lidera la industria en dureza, resistencia qu\u00edmica, resistencia al desgaste y estabilidad UV. El MC-160 es un barniz cer\u00e1mico de alto brillo, curado al aire, que puede ser utilizado como capa final sobre diversos materiales tales como metales, pinturas, composites, pl\u00e1sticos, hidrograf\u00eda, PVD y otros. <a href=\"https:\/\/www.cerakotesa.com\/wp-content\/uploads\/2020\/08\/choose-the-right-clear-for-your-application-dt20200220002748586.pdf\">Pulse aqu\u00ed<\/a> para asegurarse de que est\u00e1 utilizando el mejor Cerakote Clear para su proyecto.<\/p>\n<ul>\n<li style=\"list-style-type: none;\">\n<ul>\n<li>Estabilidad t\u00e9rmica hasta 150\u00b0C<\/li>\n<\/ul>\n<\/li>\n<\/ul>\n<ul>\n<li style=\"list-style-type: none;\">\n<ul>\n<li>Facilidad de aplicaci\u00f3n<\/li>\n<\/ul>\n<\/li>\n<\/ul>\n<ul>\n<li style=\"list-style-type: none;\">\n<ul>\n<li>Exento de COV y puede pulverizarse en los 50 estados<\/li>\n<\/ul>\n<\/li>\n<\/ul>\n<ul>\n<li style=\"list-style-type: none;\">\n<ul>\n<li>Libre de adherencias a los 40 minutos<\/li>\n<\/ul>\n<\/li>\n<\/ul>\n<ul>\n<li style=\"list-style-type: none;\">\n<ul>\n<li>Seco despu\u00e9s de 24 horas (curado completo despu\u00e9s de 5 d\u00edas)<\/li>\n<\/ul>\n<\/li>\n<\/ul>\n<ul>\n<li style=\"list-style-type: none;\">\n<ul>\n<li>Este revestimiento destaca en aplicaciones exteriores<\/li>\n<\/ul>\n<\/li>\n<\/ul>\n<ul>\n<li style=\"list-style-type: none;\">\n<ul>\n<li>La formulaci\u00f3n inorg\u00e1nica 100% es completamente estable a los rayos UV. No amarillea ni empa\u00f1a<\/li>\n<\/ul>\n<\/li>\n<\/ul>\n<p>*NOTA: Este producto no requiere catalizador. Este color s\u00ed requiere un\u00a0<a href=\"https:\/\/www.cerakotesa.com\/product\/elite-series-325-mesh-strainer-44-micron-se-277\/\">Filtro de malla 325 (SE-277)<\/a>. No almacene este producto a la luz del sol. Compruebe el\u00a0<a href=\"https:\/\/www.cerakotesa.com\/documents\/\" target=\"_blank\" rel=\"noopener noreferrer\">Recursos<\/a>\u00a0para obtener gu\u00edas de aplicaci\u00f3n de productos, fichas t\u00e9cnicas e informaci\u00f3n MSDS.<\/p>","protected":false},"featured_media":4702,"comment_status":"closed","ping_status":"closed","template":"","meta":{"_acf_changed":false},"product_brand":[],"product_cat":[548],"product_tag":[545,549,553,547],"class_list":{"0":"post-1422","1":"product","2":"type-product","3":"status-publish","4":"has-post-thumbnail","6":"product_cat-performance-clears","7":"product_tag-clear-coat","8":"product_tag-high-gloss-ceramic-clear","9":"product_tag-mc-160","10":"product_tag-performance-clear","11":"product_shipping_class-flat-rate","13":"first","14":"instock","15":"taxable","16":"shipping-taxable","17":"product-type-variable"},"yoast_head":"<!-- This site is optimized with the Yoast SEO plugin v26.7 - https:\/\/yoast.com\/wordpress\/plugins\/seo\/ -->\n<title>High Gloss Ceramic Clear MC-160 - Cerakote South Africa<\/title>\n<meta name=\"robots\" content=\"index, follow, max-snippet:-1, max-image-preview:large, max-video-preview:-1\" \/>\n<link rel=\"canonical\" href=\"https:\/\/www.cerakotesa.com\/es\/producto\/high-gloss-ceramic-clear-mc-160\/\" \/>\n<meta property=\"og:locale\" content=\"es_ES\" \/>\n<meta property=\"og:type\" content=\"article\" \/>\n<meta property=\"og:title\" content=\"High Gloss Ceramic Clear MC-160 - Cerakote South Africa\" \/>\n<meta property=\"og:description\" content=\"Cerakote Ceramic Clears are the strongest clear coats on the market. Cerakote High Gloss Ceramic Clear MC-160 leads the industry in hardness, chemical resistance, wear performance and UV stability. As a high gloss, air cured, ceramic clear coating, MC-160 can be used as a top coat over several materials such as metals, paints, composites, plastics, hydrographics, PVD and more. Click here to be sure you&#039;re using the best Cerakote Clear for your project.       Thermal stability to 150\u00b0C         Ease of application         VOC exempt and can be sprayed in all 50 states         Tack free at 40 minutes         Dry after 24-hours (Full cure after 5 days)         This coating excels in outdoor applications         100% Inorganic Formulation is completely UV stable. Will Not Yellow or Haze    *NOTE: This product does not require catalyst. This colour does require a\u00a0325 Mesh Strainer (SE-277). Do not store this product in sunlight. Check out the\u00a0Resources section\u00a0for product application guides, technical data sheets and MSDS information.\" \/>\n<meta property=\"og:url\" content=\"https:\/\/www.cerakotesa.com\/es\/producto\/high-gloss-ceramic-clear-mc-160\/\" \/>\n<meta property=\"og:site_name\" content=\"Cerakote South Africa\" \/>\n<meta property=\"article:modified_time\" content=\"2025-01-15T16:57:31+00:00\" \/>\n<meta property=\"og:image\" content=\"https:\/\/www.cerakotesa.com\/wp-content\/uploads\/2019\/12\/GLOSS-CLEAR.jpg\" \/>\n\t<meta property=\"og:image:width\" content=\"800\" \/>\n\t<meta property=\"og:image:height\" content=\"800\" \/>\n\t<meta property=\"og:image:type\" content=\"image\/jpeg\" \/>\n<meta name=\"twitter:card\" content=\"summary_large_image\" \/>\n<meta name=\"twitter:label1\" content=\"Tiempo de lectura\" \/>\n\t<meta name=\"twitter:data1\" content=\"1 minuto\" \/>\n<script type=\"application\/ld+json\" class=\"yoast-schema-graph\">{\"@context\":\"https:\/\/schema.org\",\"@graph\":[{\"@type\":\"WebPage\",\"@id\":\"https:\/\/www.cerakotesa.com\/fr\/produit\/high-gloss-ceramic-clear-mc-160\/\",\"url\":\"https:\/\/www.cerakotesa.com\/fr\/produit\/high-gloss-ceramic-clear-mc-160\/\",\"name\":\"High Gloss Ceramic Clear MC-160 - Cerakote South Africa\",\"isPartOf\":{\"@id\":\"https:\/\/www.cerakotesa.com\/#website\"},\"primaryImageOfPage\":{\"@id\":\"https:\/\/www.cerakotesa.com\/fr\/produit\/high-gloss-ceramic-clear-mc-160\/#primaryimage\"},\"image\":{\"@id\":\"https:\/\/www.cerakotesa.com\/fr\/produit\/high-gloss-ceramic-clear-mc-160\/#primaryimage\"},\"thumbnailUrl\":\"https:\/\/www.cerakotesa.com\/wp-content\/uploads\/2019\/12\/GLOSS-CLEAR.jpg\",\"datePublished\":\"2019-12-06T12:01:33+00:00\",\"dateModified\":\"2025-01-15T16:57:31+00:00\",\"breadcrumb\":{\"@id\":\"https:\/\/www.cerakotesa.com\/fr\/produit\/high-gloss-ceramic-clear-mc-160\/#breadcrumb\"},\"inLanguage\":\"es\",\"potentialAction\":[{\"@type\":\"ReadAction\",\"target\":[\"https:\/\/www.cerakotesa.com\/fr\/produit\/high-gloss-ceramic-clear-mc-160\/\"]}]},{\"@type\":\"ImageObject\",\"inLanguage\":\"es\",\"@id\":\"https:\/\/www.cerakotesa.com\/fr\/produit\/high-gloss-ceramic-clear-mc-160\/#primaryimage\",\"url\":\"https:\/\/www.cerakotesa.com\/wp-content\/uploads\/2019\/12\/GLOSS-CLEAR.jpg\",\"contentUrl\":\"https:\/\/www.cerakotesa.com\/wp-content\/uploads\/2019\/12\/GLOSS-CLEAR.jpg\",\"width\":800,\"height\":800},{\"@type\":\"BreadcrumbList\",\"@id\":\"https:\/\/www.cerakotesa.com\/fr\/produit\/high-gloss-ceramic-clear-mc-160\/#breadcrumb\",\"itemListElement\":[{\"@type\":\"ListItem\",\"position\":1,\"name\":\"Home\",\"item\":\"https:\/\/www.cerakotesa.com\/\"},{\"@type\":\"ListItem\",\"position\":2,\"name\":\"Products\",\"item\":\"https:\/\/www.cerakotesa.com\/shop\/\"},{\"@type\":\"ListItem\",\"position\":3,\"name\":\"High Gloss Ceramic Clear MC-160\"}]},{\"@type\":\"WebSite\",\"@id\":\"https:\/\/www.cerakotesa.com\/#website\",\"url\":\"https:\/\/www.cerakotesa.com\/\",\"name\":\"Cerakote South Africa\",\"description\":\"Cerakote is a global leader in the manufacturing of thin-film protective ceramic coatings\",\"potentialAction\":[{\"@type\":\"SearchAction\",\"target\":{\"@type\":\"EntryPoint\",\"urlTemplate\":\"https:\/\/www.cerakotesa.com\/?s={search_term_string}\"},\"query-input\":{\"@type\":\"PropertyValueSpecification\",\"valueRequired\":true,\"valueName\":\"search_term_string\"}}],\"inLanguage\":\"es\"}]}<\/script>\n<!-- \/ Yoast SEO plugin. -->","yoast_head_json":{"title":"High Gloss Ceramic Clear MC-160 - Cerakote South Africa","robots":{"index":"index","follow":"follow","max-snippet":"max-snippet:-1","max-image-preview":"max-image-preview:large","max-video-preview":"max-video-preview:-1"},"canonical":"https:\/\/www.cerakotesa.com\/es\/producto\/high-gloss-ceramic-clear-mc-160\/","og_locale":"es_ES","og_type":"article","og_title":"High Gloss Ceramic Clear MC-160 - Cerakote South Africa","og_description":"Cerakote Ceramic Clears are the strongest clear coats on the market. Cerakote High Gloss Ceramic Clear MC-160 leads the industry in hardness, chemical resistance, wear performance and UV stability. As a high gloss, air cured, ceramic clear coating, MC-160 can be used as a top coat over several materials such as metals, paints, composites, plastics, hydrographics, PVD and more. Click here to be sure you're using the best Cerakote Clear for your project.       Thermal stability to 150\u00b0C         Ease of application         VOC exempt and can be sprayed in all 50 states         Tack free at 40 minutes         Dry after 24-hours (Full cure after 5 days)         This coating excels in outdoor applications         100% Inorganic Formulation is completely UV stable. Will Not Yellow or Haze    *NOTE: This product does not require catalyst. This colour does require a\u00a0325 Mesh Strainer (SE-277). Do not store this product in sunlight. Check out the\u00a0Resources section\u00a0for product application guides, technical data sheets and MSDS information.","og_url":"https:\/\/www.cerakotesa.com\/es\/producto\/high-gloss-ceramic-clear-mc-160\/","og_site_name":"Cerakote South Africa","article_modified_time":"2025-01-15T16:57:31+00:00","og_image":[{"width":800,"height":800,"url":"https:\/\/www.cerakotesa.com\/wp-content\/uploads\/2019\/12\/GLOSS-CLEAR.jpg","type":"image\/jpeg"}],"twitter_card":"summary_large_image","twitter_misc":{"Tiempo de lectura":"1 minuto"},"schema":{"@context":"https:\/\/schema.org","@graph":[{"@type":"WebPage","@id":"https:\/\/www.cerakotesa.com\/fr\/produit\/high-gloss-ceramic-clear-mc-160\/","url":"https:\/\/www.cerakotesa.com\/fr\/produit\/high-gloss-ceramic-clear-mc-160\/","name":"High Gloss Ceramic Clear MC-160 - Cerakote South Africa","isPartOf":{"@id":"https:\/\/www.cerakotesa.com\/#website"},"primaryImageOfPage":{"@id":"https:\/\/www.cerakotesa.com\/fr\/produit\/high-gloss-ceramic-clear-mc-160\/#primaryimage"},"image":{"@id":"https:\/\/www.cerakotesa.com\/fr\/produit\/high-gloss-ceramic-clear-mc-160\/#primaryimage"},"thumbnailUrl":"https:\/\/www.cerakotesa.com\/wp-content\/uploads\/2019\/12\/GLOSS-CLEAR.jpg","datePublished":"2019-12-06T12:01:33+00:00","dateModified":"2025-01-15T16:57:31+00:00","breadcrumb":{"@id":"https:\/\/www.cerakotesa.com\/fr\/produit\/high-gloss-ceramic-clear-mc-160\/#breadcrumb"},"inLanguage":"es","potentialAction":[{"@type":"ReadAction","target":["https:\/\/www.cerakotesa.com\/fr\/produit\/high-gloss-ceramic-clear-mc-160\/"]}]},{"@type":"ImageObject","inLanguage":"es","@id":"https:\/\/www.cerakotesa.com\/fr\/produit\/high-gloss-ceramic-clear-mc-160\/#primaryimage","url":"https:\/\/www.cerakotesa.com\/wp-content\/uploads\/2019\/12\/GLOSS-CLEAR.jpg","contentUrl":"https:\/\/www.cerakotesa.com\/wp-content\/uploads\/2019\/12\/GLOSS-CLEAR.jpg","width":800,"height":800},{"@type":"BreadcrumbList","@id":"https:\/\/www.cerakotesa.com\/fr\/produit\/high-gloss-ceramic-clear-mc-160\/#breadcrumb","itemListElement":[{"@type":"ListItem","position":1,"name":"Home","item":"https:\/\/www.cerakotesa.com\/"},{"@type":"ListItem","position":2,"name":"Products","item":"https:\/\/www.cerakotesa.com\/shop\/"},{"@type":"ListItem","position":3,"name":"High Gloss Ceramic Clear MC-160"}]},{"@type":"WebSite","@id":"https:\/\/www.cerakotesa.com\/#website","url":"https:\/\/www.cerakotesa.com\/","name":"Cerakote South Africa","description":"Cerakote es l\u00edder mundial en la fabricaci\u00f3n de recubrimientos cer\u00e1micos protectores de capa fina.","potentialAction":[{"@type":"SearchAction","target":{"@type":"EntryPoint","urlTemplate":"https:\/\/www.cerakotesa.com\/?s={search_term_string}"},"query-input":{"@type":"PropertyValueSpecification","valueRequired":true,"valueName":"search_term_string"}}],"inLanguage":"es"}]}},"acf":[],"_links":{"self":[{"href":"https:\/\/www.cerakotesa.com\/es\/wp-json\/wp\/v2\/product\/1422","targetHints":{"allow":["GET"]}}],"collection":[{"href":"https:\/\/www.cerakotesa.com\/es\/wp-json\/wp\/v2\/product"}],"about":[{"href":"https:\/\/www.cerakotesa.com\/es\/wp-json\/wp\/v2\/types\/product"}],"replies":[{"embeddable":true,"href":"https:\/\/www.cerakotesa.com\/es\/wp-json\/wp\/v2\/comments?post=1422"}],"wp:featuredmedia":[{"embeddable":true,"href":"https:\/\/www.cerakotesa.com\/es\/wp-json\/wp\/v2\/media\/4702"}],"wp:attachment":[{"href":"https:\/\/www.cerakotesa.com\/es\/wp-json\/wp\/v2\/media?parent=1422"}],"wp:term":[{"taxonomy":"product_brand","embeddable":true,"href":"https:\/\/www.cerakotesa.com\/es\/wp-json\/wp\/v2\/product_brand?post=1422"},{"taxonomy":"product_cat","embeddable":true,"href":"https:\/\/www.cerakotesa.com\/es\/wp-json\/wp\/v2\/product_cat?post=1422"},{"taxonomy":"product_tag","embeddable":true,"href":"https:\/\/www.cerakotesa.com\/es\/wp-json\/wp\/v2\/product_tag?post=1422"}],"curies":[{"name":"wp","href":"https:\/\/api.w.org\/{rel}","templated":true}]}}