{"id":1437,"date":"2019-12-06T12:13:40","date_gmt":"2019-12-06T12:13:40","guid":{"rendered":"https:\/\/staging.cerakote.co.uk\/?post_type=product&#038;p=1437"},"modified":"2024-08-05T13:54:39","modified_gmt":"2024-08-05T13:54:39","slug":"matte-armor-clear-h-301","status":"publish","type":"product","link":"https:\/\/www.cerakotesa.com\/es\/producto\/matte-armor-clear-h-301\/","title":{"rendered":"Mate Armor Transparente H-301"},"content":{"rendered":"","protected":false},"excerpt":{"rendered":"<p>Cerakote Matte Armor Clear es el barniz transparente curado al horno m\u00e1s resistente del mercado. Es un sistema de dos componentes, curado al horno, ideal para aplicaciones donde el tiempo de curado es cr\u00edtico. Matte Armor Clear lidera la industria en dureza, resistencia qu\u00edmica y resistencia al desgaste. Como recubrimiento transparente cer\u00e1mico mate, de curado al horno, puede utilizarse como recubrimiento superior sobre diversos materiales como metales, compuestos, pl\u00e1sticos, hidrograf\u00eda, PVD y otros. <a href=\"https:\/\/www.cerakotesa.com\/wp-content\/uploads\/2020\/08\/choose-the-right-clear-for-your-application-dt20200220002748586.pdf\" target=\"_blank\" rel=\"noopener noreferrer\">Pulse aqu\u00ed<\/a> para asegurarse de que est\u00e1 utilizando el mejor Cerakote Clear para su proyecto.<\/p>\n<ul>\n<li>Estabilidad t\u00e9rmica hasta 150\u00b0C<\/li>\n<li>Facilidad de aplicaci\u00f3n<\/li>\n<li>Exento de COV y puede pulverizarse en los 50 estados<\/li>\n<li>Opciones de programa de curado: 90\u00b0C durante 2 horas o 120\u00b0C durante 1 hora<\/li>\n<li>No recomendado para aplicaciones exteriores de larga duraci\u00f3n. Para aplicaciones exteriores de larga duraci\u00f3n, consulte nuestros barnices transparentes de la serie MC.<\/li>\n<\/ul>\n<p>*NOTA: Este producto viene con catalizador H-100 y requiere un <a href=\"https:\/\/www.cerakotesa.com\/product\/elite-series-325-mesh-strainer-44-micron-se-277\/\">Filtro de malla 325 (SE-277)<\/a>. Los recubrimientos Cerakote Serie H son duraderos, resistentes a la corrosi\u00f3n y proporcionan niveles incomparables de dureza y adherencia. Estos recubrimientos tambi\u00e9n son resistentes a la mayor\u00eda de disolventes y productos qu\u00edmicos. La base de los recubrimientos Cerakote Serie H es una tecnolog\u00eda cer\u00e1mica \u00fanica que confiere flexibilidad y una excelente resistencia al desgaste al recubrimiento final. Eche un vistazo a la <a href=\"https:\/\/www.cerakotesa.com\/documents\/\" target=\"_blank\" rel=\"noopener noreferrer\">Recursos<\/a> para obtener gu\u00edas de aplicaci\u00f3n de productos, fichas t\u00e9cnicas e informaci\u00f3n MSDS.<\/p>","protected":false},"featured_media":12947,"comment_status":"closed","ping_status":"closed","template":"","meta":{"_acf_changed":false},"product_brand":[],"product_cat":[37,548],"product_tag":[545,557,558,547],"class_list":{"0":"post-1437","1":"product","2":"type-product","3":"status-publish","4":"has-post-thumbnail","6":"product_cat-h-series-coatings","7":"product_cat-performance-clears","8":"product_tag-clear-coat","9":"product_tag-h-301","10":"product_tag-matte-armor-clear","11":"product_tag-performance-clear","12":"product_shipping_class-flat-rate","14":"first","15":"instock","16":"taxable","17":"shipping-taxable","18":"product-type-variable"},"yoast_head":"<!-- This site is optimized with the Yoast SEO plugin v26.7 - https:\/\/yoast.com\/wordpress\/plugins\/seo\/ -->\n<title>Matte Armor Clear H-301 - Cerakote South Africa<\/title>\n<meta name=\"robots\" content=\"index, follow, max-snippet:-1, max-image-preview:large, max-video-preview:-1\" \/>\n<link rel=\"canonical\" href=\"https:\/\/www.cerakotesa.com\/es\/producto\/matte-armor-clear-h-301\/\" \/>\n<meta property=\"og:locale\" content=\"es_ES\" \/>\n<meta property=\"og:type\" content=\"article\" \/>\n<meta property=\"og:title\" content=\"Matte Armor Clear H-301 - Cerakote South Africa\" \/>\n<meta property=\"og:description\" content=\"Cerakote Matte Armor Clear is the strongest oven cured clear coat on the market. It is a two-component, oven-cure system that is ideal for applications where cure time is critical. Matte Armor Clear leads the industry in hardness, chemical resistance and wear performance. As a matte, oven cure, ceramic clear coating, it can be used as a top coat over several materials such as metals, composites, plastics, hydrographics, PVD and more. Click here to be sure you&#039;re using the best Cerakote Clear for your project.   Thermal stability to 150\u00b0C  Ease of application  VOC exempt and can be sprayed in all 50 states  Cure Schedule Options: 90\u00b0C for 2 hours or 120\u00b0C for 1 hour  Not recommended for long term exterior application. For long term exterior applications, see our MC Series Clear Coatings.  *NOTE: This product comes with H-100 catalyst and requires a 325 Mesh Strainer (SE-277). Cerakote H Series coatings are durable, corrosion-resistant, and provide unparalleled levels of hardness and adhesion. These coatings are also resistant to most solvents and chemicals. The foundation for Cerakote H Series coatings is a unique ceramic technology that imparts both flexibility and excellent wear resistance to the final coating. Check out the Resources section for product application guides, technical data sheets and MSDS information.\" \/>\n<meta property=\"og:url\" content=\"https:\/\/www.cerakotesa.com\/es\/producto\/matte-armor-clear-h-301\/\" \/>\n<meta property=\"og:site_name\" content=\"Cerakote South Africa\" \/>\n<meta property=\"article:modified_time\" content=\"2024-08-05T13:54:39+00:00\" \/>\n<meta property=\"og:image\" content=\"https:\/\/www.cerakotesa.com\/wp-content\/uploads\/2023\/06\/MATTE-CLEAR.jpg\" \/>\n\t<meta property=\"og:image:width\" content=\"800\" \/>\n\t<meta property=\"og:image:height\" content=\"800\" \/>\n\t<meta property=\"og:image:type\" content=\"image\/jpeg\" \/>\n<meta name=\"twitter:card\" content=\"summary_large_image\" \/>\n<script type=\"application\/ld+json\" class=\"yoast-schema-graph\">{\"@context\":\"https:\/\/schema.org\",\"@graph\":[{\"@type\":\"WebPage\",\"@id\":\"https:\/\/www.cerakotesa.com\/fr\/produit\/matte-armor-clear-h-301\/\",\"url\":\"https:\/\/www.cerakotesa.com\/fr\/produit\/matte-armor-clear-h-301\/\",\"name\":\"Matte Armor Clear H-301 - Cerakote South Africa\",\"isPartOf\":{\"@id\":\"https:\/\/www.cerakotesa.com\/#website\"},\"primaryImageOfPage\":{\"@id\":\"https:\/\/www.cerakotesa.com\/fr\/produit\/matte-armor-clear-h-301\/#primaryimage\"},\"image\":{\"@id\":\"https:\/\/www.cerakotesa.com\/fr\/produit\/matte-armor-clear-h-301\/#primaryimage\"},\"thumbnailUrl\":\"https:\/\/www.cerakotesa.com\/wp-content\/uploads\/2023\/06\/MATTE-CLEAR.jpg\",\"datePublished\":\"2019-12-06T12:13:40+00:00\",\"dateModified\":\"2024-08-05T13:54:39+00:00\",\"breadcrumb\":{\"@id\":\"https:\/\/www.cerakotesa.com\/fr\/produit\/matte-armor-clear-h-301\/#breadcrumb\"},\"inLanguage\":\"es\",\"potentialAction\":[{\"@type\":\"ReadAction\",\"target\":[\"https:\/\/www.cerakotesa.com\/fr\/produit\/matte-armor-clear-h-301\/\"]}]},{\"@type\":\"ImageObject\",\"inLanguage\":\"es\",\"@id\":\"https:\/\/www.cerakotesa.com\/fr\/produit\/matte-armor-clear-h-301\/#primaryimage\",\"url\":\"https:\/\/www.cerakotesa.com\/wp-content\/uploads\/2023\/06\/MATTE-CLEAR.jpg\",\"contentUrl\":\"https:\/\/www.cerakotesa.com\/wp-content\/uploads\/2023\/06\/MATTE-CLEAR.jpg\",\"width\":800,\"height\":800},{\"@type\":\"BreadcrumbList\",\"@id\":\"https:\/\/www.cerakotesa.com\/fr\/produit\/matte-armor-clear-h-301\/#breadcrumb\",\"itemListElement\":[{\"@type\":\"ListItem\",\"position\":1,\"name\":\"Home\",\"item\":\"https:\/\/www.cerakotesa.com\/\"},{\"@type\":\"ListItem\",\"position\":2,\"name\":\"Products\",\"item\":\"https:\/\/www.cerakotesa.com\/shop\/\"},{\"@type\":\"ListItem\",\"position\":3,\"name\":\"Matte Armor Clear H-301\"}]},{\"@type\":\"WebSite\",\"@id\":\"https:\/\/www.cerakotesa.com\/#website\",\"url\":\"https:\/\/www.cerakotesa.com\/\",\"name\":\"Cerakote South Africa\",\"description\":\"Cerakote is a global leader in the manufacturing of thin-film protective ceramic coatings\",\"potentialAction\":[{\"@type\":\"SearchAction\",\"target\":{\"@type\":\"EntryPoint\",\"urlTemplate\":\"https:\/\/www.cerakotesa.com\/?s={search_term_string}\"},\"query-input\":{\"@type\":\"PropertyValueSpecification\",\"valueRequired\":true,\"valueName\":\"search_term_string\"}}],\"inLanguage\":\"es\"}]}<\/script>\n<!-- \/ Yoast SEO plugin. -->","yoast_head_json":{"title":"Matte Armor Clear H-301 - Cerakote South Africa","robots":{"index":"index","follow":"follow","max-snippet":"max-snippet:-1","max-image-preview":"max-image-preview:large","max-video-preview":"max-video-preview:-1"},"canonical":"https:\/\/www.cerakotesa.com\/es\/producto\/matte-armor-clear-h-301\/","og_locale":"es_ES","og_type":"article","og_title":"Matte Armor Clear H-301 - Cerakote South Africa","og_description":"Cerakote Matte Armor Clear is the strongest oven cured clear coat on the market. It is a two-component, oven-cure system that is ideal for applications where cure time is critical. Matte Armor Clear leads the industry in hardness, chemical resistance and wear performance. As a matte, oven cure, ceramic clear coating, it can be used as a top coat over several materials such as metals, composites, plastics, hydrographics, PVD and more. Click here to be sure you're using the best Cerakote Clear for your project.   Thermal stability to 150\u00b0C  Ease of application  VOC exempt and can be sprayed in all 50 states  Cure Schedule Options: 90\u00b0C for 2 hours or 120\u00b0C for 1 hour  Not recommended for long term exterior application. For long term exterior applications, see our MC Series Clear Coatings.  *NOTE: This product comes with H-100 catalyst and requires a 325 Mesh Strainer (SE-277). Cerakote H Series coatings are durable, corrosion-resistant, and provide unparalleled levels of hardness and adhesion. These coatings are also resistant to most solvents and chemicals. The foundation for Cerakote H Series coatings is a unique ceramic technology that imparts both flexibility and excellent wear resistance to the final coating. Check out the Resources section for product application guides, technical data sheets and MSDS information.","og_url":"https:\/\/www.cerakotesa.com\/es\/producto\/matte-armor-clear-h-301\/","og_site_name":"Cerakote South Africa","article_modified_time":"2024-08-05T13:54:39+00:00","og_image":[{"width":800,"height":800,"url":"https:\/\/www.cerakotesa.com\/wp-content\/uploads\/2023\/06\/MATTE-CLEAR.jpg","type":"image\/jpeg"}],"twitter_card":"summary_large_image","schema":{"@context":"https:\/\/schema.org","@graph":[{"@type":"WebPage","@id":"https:\/\/www.cerakotesa.com\/fr\/produit\/matte-armor-clear-h-301\/","url":"https:\/\/www.cerakotesa.com\/fr\/produit\/matte-armor-clear-h-301\/","name":"Matte Armor Clear H-301 - Cerakote South Africa","isPartOf":{"@id":"https:\/\/www.cerakotesa.com\/#website"},"primaryImageOfPage":{"@id":"https:\/\/www.cerakotesa.com\/fr\/produit\/matte-armor-clear-h-301\/#primaryimage"},"image":{"@id":"https:\/\/www.cerakotesa.com\/fr\/produit\/matte-armor-clear-h-301\/#primaryimage"},"thumbnailUrl":"https:\/\/www.cerakotesa.com\/wp-content\/uploads\/2023\/06\/MATTE-CLEAR.jpg","datePublished":"2019-12-06T12:13:40+00:00","dateModified":"2024-08-05T13:54:39+00:00","breadcrumb":{"@id":"https:\/\/www.cerakotesa.com\/fr\/produit\/matte-armor-clear-h-301\/#breadcrumb"},"inLanguage":"es","potentialAction":[{"@type":"ReadAction","target":["https:\/\/www.cerakotesa.com\/fr\/produit\/matte-armor-clear-h-301\/"]}]},{"@type":"ImageObject","inLanguage":"es","@id":"https:\/\/www.cerakotesa.com\/fr\/produit\/matte-armor-clear-h-301\/#primaryimage","url":"https:\/\/www.cerakotesa.com\/wp-content\/uploads\/2023\/06\/MATTE-CLEAR.jpg","contentUrl":"https:\/\/www.cerakotesa.com\/wp-content\/uploads\/2023\/06\/MATTE-CLEAR.jpg","width":800,"height":800},{"@type":"BreadcrumbList","@id":"https:\/\/www.cerakotesa.com\/fr\/produit\/matte-armor-clear-h-301\/#breadcrumb","itemListElement":[{"@type":"ListItem","position":1,"name":"Home","item":"https:\/\/www.cerakotesa.com\/"},{"@type":"ListItem","position":2,"name":"Products","item":"https:\/\/www.cerakotesa.com\/shop\/"},{"@type":"ListItem","position":3,"name":"Matte Armor Clear H-301"}]},{"@type":"WebSite","@id":"https:\/\/www.cerakotesa.com\/#website","url":"https:\/\/www.cerakotesa.com\/","name":"Cerakote South Africa","description":"Cerakote es l\u00edder mundial en la fabricaci\u00f3n de recubrimientos cer\u00e1micos protectores de capa fina.","potentialAction":[{"@type":"SearchAction","target":{"@type":"EntryPoint","urlTemplate":"https:\/\/www.cerakotesa.com\/?s={search_term_string}"},"query-input":{"@type":"PropertyValueSpecification","valueRequired":true,"valueName":"search_term_string"}}],"inLanguage":"es"}]}},"acf":[],"_links":{"self":[{"href":"https:\/\/www.cerakotesa.com\/es\/wp-json\/wp\/v2\/product\/1437","targetHints":{"allow":["GET"]}}],"collection":[{"href":"https:\/\/www.cerakotesa.com\/es\/wp-json\/wp\/v2\/product"}],"about":[{"href":"https:\/\/www.cerakotesa.com\/es\/wp-json\/wp\/v2\/types\/product"}],"replies":[{"embeddable":true,"href":"https:\/\/www.cerakotesa.com\/es\/wp-json\/wp\/v2\/comments?post=1437"}],"wp:featuredmedia":[{"embeddable":true,"href":"https:\/\/www.cerakotesa.com\/es\/wp-json\/wp\/v2\/media\/12947"}],"wp:attachment":[{"href":"https:\/\/www.cerakotesa.com\/es\/wp-json\/wp\/v2\/media?parent=1437"}],"wp:term":[{"taxonomy":"product_brand","embeddable":true,"href":"https:\/\/www.cerakotesa.com\/es\/wp-json\/wp\/v2\/product_brand?post=1437"},{"taxonomy":"product_cat","embeddable":true,"href":"https:\/\/www.cerakotesa.com\/es\/wp-json\/wp\/v2\/product_cat?post=1437"},{"taxonomy":"product_tag","embeddable":true,"href":"https:\/\/www.cerakotesa.com\/es\/wp-json\/wp\/v2\/product_tag?post=1437"}],"curies":[{"name":"wp","href":"https:\/\/api.w.org\/{rel}","templated":true}]}}