{"id":1512,"date":"2023-10-06T14:54:23","date_gmt":"2023-10-06T14:54:23","guid":{"rendered":"https:\/\/staging.cerakote.co.uk\/?post_type=product&#038;p=1512"},"modified":"2025-04-08T10:40:24","modified_gmt":"2025-04-08T10:40:24","slug":"trim-coat-kit-1-vehicle-kit-r-gtkit1004","status":"publish","type":"product","link":"https:\/\/www.cerakotesa.com\/es\/producto\/trim-coat-kit-1-vehicle-kit-r-gtkit1004\/","title":{"rendered":"Kit de capa de acabado CERAKOTE\u00ae AH-TRKIT"},"content":{"rendered":"","protected":false},"excerpt":{"rendered":"<p>Cerakote Trim Coat es un revestimiento cer\u00e1mico duradero que se adhiere a los poros de las molduras de pl\u00e1stico sin pintar, devolvi\u00e9ndoles su aspecto original. Pero no se queda ah\u00ed. Una vez aplicado, se endurece para formar una capa cer\u00e1mica de protecci\u00f3n. Confiamos tanto en nuestra tecnolog\u00eda Trim Coat que garantizamos que durar\u00e1 al menos 200 lavados.<\/p>\n<ul>\n<li style=\"list-style-type: none;\">\n<ul>\n<li>Cada kit incluye 10 toallitas y 2 juegos de guantes - Suficiente para recubrir las molduras de pl\u00e1stico de un veh\u00edculo grande<\/li>\n<li>Cerakote Trim Coat es un revestimiento cer\u00e1mico, no un ali\u00f1o de molduras, para la restauraci\u00f3n y protecci\u00f3n de molduras de autom\u00f3viles con una duraci\u00f3n garantizada de 200 lavados.<\/li>\n<li>F\u00e1cil aplicaci\u00f3n: Lavar y secar la superficie - Aplicar con un pa\u00f1o - Dejar secar durante 1 hora, \u00a1y listo!<\/li>\n<\/ul>\n<\/li>\n<\/ul>\n<p>Vea el v\u00eddeo de solicitud a continuaci\u00f3n para obtener instrucciones r\u00e1pidas y sencillas y consulte nuestro <a href=\"https:\/\/www.cerakotesa.com\/trim-coat-restore-faqs\/\">Preguntas frecuentes<\/a><\/p>","protected":false},"featured_media":20644,"comment_status":"closed","ping_status":"closed","template":"","meta":{"_acf_changed":false},"product_brand":[],"product_cat":[1056,977],"product_tag":[1160,566,567,570,571],"class_list":{"0":"post-1512","1":"product","2":"type-product","3":"status-publish","4":"has-post-thumbnail","6":"product_cat-auto-home","7":"product_cat-diy-ceramic-trim-coat-equipment","8":"product_tag-ah-trkit","9":"product_tag-autohome","10":"product_tag-diy","11":"product_tag-trim-coat","12":"product_tag-trim-coat-kit-1-vehicle-kit","13":"product_shipping_class-royal-mail-first-class","15":"first","16":"instock","17":"taxable","18":"shipping-taxable","19":"product-type-simple"},"yoast_head":"<!-- This site is optimized with the Yoast SEO plugin v26.7 - https:\/\/yoast.com\/wordpress\/plugins\/seo\/ -->\n<title>CERAKOTE\u00ae Trim Coat Kit AH-TRKIT - Cerakote South Africa<\/title>\n<meta name=\"description\" content=\"Restores your trim to like-new and is guaranteed to last for 200 washes and everyday wear!\" \/>\n<meta name=\"robots\" content=\"index, follow, max-snippet:-1, max-image-preview:large, max-video-preview:-1\" \/>\n<link rel=\"canonical\" href=\"https:\/\/www.cerakotesa.com\/es\/producto\/trim-coat-kit-1-vehicle-kit-r-gtkit1004\/\" \/>\n<meta property=\"og:locale\" content=\"es_ES\" \/>\n<meta property=\"og:type\" content=\"article\" \/>\n<meta property=\"og:title\" content=\"CERAKOTE\u00ae Trim Coat Kit AH-TRKIT - Cerakote South Africa\" \/>\n<meta property=\"og:description\" content=\"Restores your trim to like-new and is guaranteed to last for 200 washes and everyday wear!\" \/>\n<meta property=\"og:url\" content=\"https:\/\/www.cerakotesa.com\/es\/producto\/trim-coat-kit-1-vehicle-kit-r-gtkit1004\/\" \/>\n<meta property=\"og:site_name\" content=\"Cerakote South Africa\" \/>\n<meta property=\"article:modified_time\" content=\"2025-04-08T10:40:24+00:00\" \/>\n<meta property=\"og:image\" content=\"https:\/\/www.cerakotesa.com\/wp-content\/uploads\/2023\/10\/CCC_Trim_MktPlc_Hero_Box__24524.jpg\" \/>\n\t<meta property=\"og:image:width\" content=\"1280\" \/>\n\t<meta property=\"og:image:height\" content=\"1280\" \/>\n\t<meta property=\"og:image:type\" content=\"image\/jpeg\" \/>\n<meta name=\"twitter:card\" content=\"summary_large_image\" \/>\n<meta name=\"twitter:label1\" content=\"Tiempo de lectura\" \/>\n\t<meta name=\"twitter:data1\" content=\"1 minuto\" \/>\n<script type=\"application\/ld+json\" class=\"yoast-schema-graph\">{\"@context\":\"https:\/\/schema.org\",\"@graph\":[{\"@type\":\"WebPage\",\"@id\":\"https:\/\/www.cerakotesa.com\/product\/trim-coat-kit-1-vehicle-kit-r-gtkit1004\/\",\"url\":\"https:\/\/www.cerakotesa.com\/product\/trim-coat-kit-1-vehicle-kit-r-gtkit1004\/\",\"name\":\"CERAKOTE\u00ae Trim Coat Kit AH-TRKIT - Cerakote South Africa\",\"isPartOf\":{\"@id\":\"https:\/\/www.cerakotesa.com\/#website\"},\"primaryImageOfPage\":{\"@id\":\"https:\/\/www.cerakotesa.com\/product\/trim-coat-kit-1-vehicle-kit-r-gtkit1004\/#primaryimage\"},\"image\":{\"@id\":\"https:\/\/www.cerakotesa.com\/product\/trim-coat-kit-1-vehicle-kit-r-gtkit1004\/#primaryimage\"},\"thumbnailUrl\":\"https:\/\/www.cerakotesa.com\/wp-content\/uploads\/2023\/10\/CCC_Trim_MktPlc_Hero_Box__24524.jpg\",\"datePublished\":\"2023-10-06T14:54:23+00:00\",\"dateModified\":\"2025-04-08T10:40:24+00:00\",\"description\":\"Restores your trim to like-new and is guaranteed to last for 200 washes and everyday wear!\",\"breadcrumb\":{\"@id\":\"https:\/\/www.cerakotesa.com\/product\/trim-coat-kit-1-vehicle-kit-r-gtkit1004\/#breadcrumb\"},\"inLanguage\":\"es\",\"potentialAction\":[{\"@type\":\"ReadAction\",\"target\":[\"https:\/\/www.cerakotesa.com\/product\/trim-coat-kit-1-vehicle-kit-r-gtkit1004\/\"]}]},{\"@type\":\"ImageObject\",\"inLanguage\":\"es\",\"@id\":\"https:\/\/www.cerakotesa.com\/product\/trim-coat-kit-1-vehicle-kit-r-gtkit1004\/#primaryimage\",\"url\":\"https:\/\/www.cerakotesa.com\/wp-content\/uploads\/2023\/10\/CCC_Trim_MktPlc_Hero_Box__24524.jpg\",\"contentUrl\":\"https:\/\/www.cerakotesa.com\/wp-content\/uploads\/2023\/10\/CCC_Trim_MktPlc_Hero_Box__24524.jpg\",\"width\":1280,\"height\":1280},{\"@type\":\"BreadcrumbList\",\"@id\":\"https:\/\/www.cerakotesa.com\/product\/trim-coat-kit-1-vehicle-kit-r-gtkit1004\/#breadcrumb\",\"itemListElement\":[{\"@type\":\"ListItem\",\"position\":1,\"name\":\"Home\",\"item\":\"https:\/\/www.cerakotesa.com\/\"},{\"@type\":\"ListItem\",\"position\":2,\"name\":\"Products\",\"item\":\"https:\/\/www.cerakotesa.com\/shop\/\"},{\"@type\":\"ListItem\",\"position\":3,\"name\":\"CERAKOTE\u00ae Trim Coat Kit AH-TRKIT\"}]},{\"@type\":\"WebSite\",\"@id\":\"https:\/\/www.cerakotesa.com\/#website\",\"url\":\"https:\/\/www.cerakotesa.com\/\",\"name\":\"Cerakote South Africa\",\"description\":\"Cerakote is a global leader in the manufacturing of thin-film protective ceramic coatings\",\"potentialAction\":[{\"@type\":\"SearchAction\",\"target\":{\"@type\":\"EntryPoint\",\"urlTemplate\":\"https:\/\/www.cerakotesa.com\/?s={search_term_string}\"},\"query-input\":{\"@type\":\"PropertyValueSpecification\",\"valueRequired\":true,\"valueName\":\"search_term_string\"}}],\"inLanguage\":\"es\"}]}<\/script>\n<!-- \/ Yoast SEO plugin. -->","yoast_head_json":{"title":"CERAKOTE\u00ae Trim Coat Kit AH-TRKIT - Cerakote South Africa","description":"Restaura las molduras como nuevas y garantiza una duraci\u00f3n de 200 lavados y uso diario.","robots":{"index":"index","follow":"follow","max-snippet":"max-snippet:-1","max-image-preview":"max-image-preview:large","max-video-preview":"max-video-preview:-1"},"canonical":"https:\/\/www.cerakotesa.com\/es\/producto\/trim-coat-kit-1-vehicle-kit-r-gtkit1004\/","og_locale":"es_ES","og_type":"article","og_title":"CERAKOTE\u00ae Trim Coat Kit AH-TRKIT - Cerakote South Africa","og_description":"Restores your trim to like-new and is guaranteed to last for 200 washes and everyday wear!","og_url":"https:\/\/www.cerakotesa.com\/es\/producto\/trim-coat-kit-1-vehicle-kit-r-gtkit1004\/","og_site_name":"Cerakote South Africa","article_modified_time":"2025-04-08T10:40:24+00:00","og_image":[{"width":1280,"height":1280,"url":"https:\/\/www.cerakotesa.com\/wp-content\/uploads\/2023\/10\/CCC_Trim_MktPlc_Hero_Box__24524.jpg","type":"image\/jpeg"}],"twitter_card":"summary_large_image","twitter_misc":{"Tiempo de lectura":"1 minuto"},"schema":{"@context":"https:\/\/schema.org","@graph":[{"@type":"WebPage","@id":"https:\/\/www.cerakotesa.com\/product\/trim-coat-kit-1-vehicle-kit-r-gtkit1004\/","url":"https:\/\/www.cerakotesa.com\/product\/trim-coat-kit-1-vehicle-kit-r-gtkit1004\/","name":"CERAKOTE\u00ae Trim Coat Kit AH-TRKIT - Cerakote South Africa","isPartOf":{"@id":"https:\/\/www.cerakotesa.com\/#website"},"primaryImageOfPage":{"@id":"https:\/\/www.cerakotesa.com\/product\/trim-coat-kit-1-vehicle-kit-r-gtkit1004\/#primaryimage"},"image":{"@id":"https:\/\/www.cerakotesa.com\/product\/trim-coat-kit-1-vehicle-kit-r-gtkit1004\/#primaryimage"},"thumbnailUrl":"https:\/\/www.cerakotesa.com\/wp-content\/uploads\/2023\/10\/CCC_Trim_MktPlc_Hero_Box__24524.jpg","datePublished":"2023-10-06T14:54:23+00:00","dateModified":"2025-04-08T10:40:24+00:00","description":"Restaura las molduras como nuevas y garantiza una duraci\u00f3n de 200 lavados y uso diario.","breadcrumb":{"@id":"https:\/\/www.cerakotesa.com\/product\/trim-coat-kit-1-vehicle-kit-r-gtkit1004\/#breadcrumb"},"inLanguage":"es","potentialAction":[{"@type":"ReadAction","target":["https:\/\/www.cerakotesa.com\/product\/trim-coat-kit-1-vehicle-kit-r-gtkit1004\/"]}]},{"@type":"ImageObject","inLanguage":"es","@id":"https:\/\/www.cerakotesa.com\/product\/trim-coat-kit-1-vehicle-kit-r-gtkit1004\/#primaryimage","url":"https:\/\/www.cerakotesa.com\/wp-content\/uploads\/2023\/10\/CCC_Trim_MktPlc_Hero_Box__24524.jpg","contentUrl":"https:\/\/www.cerakotesa.com\/wp-content\/uploads\/2023\/10\/CCC_Trim_MktPlc_Hero_Box__24524.jpg","width":1280,"height":1280},{"@type":"BreadcrumbList","@id":"https:\/\/www.cerakotesa.com\/product\/trim-coat-kit-1-vehicle-kit-r-gtkit1004\/#breadcrumb","itemListElement":[{"@type":"ListItem","position":1,"name":"Home","item":"https:\/\/www.cerakotesa.com\/"},{"@type":"ListItem","position":2,"name":"Products","item":"https:\/\/www.cerakotesa.com\/shop\/"},{"@type":"ListItem","position":3,"name":"CERAKOTE\u00ae Trim Coat Kit AH-TRKIT"}]},{"@type":"WebSite","@id":"https:\/\/www.cerakotesa.com\/#website","url":"https:\/\/www.cerakotesa.com\/","name":"Cerakote South Africa","description":"Cerakote es l\u00edder mundial en la fabricaci\u00f3n de recubrimientos cer\u00e1micos protectores de capa fina.","potentialAction":[{"@type":"SearchAction","target":{"@type":"EntryPoint","urlTemplate":"https:\/\/www.cerakotesa.com\/?s={search_term_string}"},"query-input":{"@type":"PropertyValueSpecification","valueRequired":true,"valueName":"search_term_string"}}],"inLanguage":"es"}]}},"acf":[],"_links":{"self":[{"href":"https:\/\/www.cerakotesa.com\/es\/wp-json\/wp\/v2\/product\/1512","targetHints":{"allow":["GET"]}}],"collection":[{"href":"https:\/\/www.cerakotesa.com\/es\/wp-json\/wp\/v2\/product"}],"about":[{"href":"https:\/\/www.cerakotesa.com\/es\/wp-json\/wp\/v2\/types\/product"}],"replies":[{"embeddable":true,"href":"https:\/\/www.cerakotesa.com\/es\/wp-json\/wp\/v2\/comments?post=1512"}],"wp:featuredmedia":[{"embeddable":true,"href":"https:\/\/www.cerakotesa.com\/es\/wp-json\/wp\/v2\/media\/20644"}],"wp:attachment":[{"href":"https:\/\/www.cerakotesa.com\/es\/wp-json\/wp\/v2\/media?parent=1512"}],"wp:term":[{"taxonomy":"product_brand","embeddable":true,"href":"https:\/\/www.cerakotesa.com\/es\/wp-json\/wp\/v2\/product_brand?post=1512"},{"taxonomy":"product_cat","embeddable":true,"href":"https:\/\/www.cerakotesa.com\/es\/wp-json\/wp\/v2\/product_cat?post=1512"},{"taxonomy":"product_tag","embeddable":true,"href":"https:\/\/www.cerakotesa.com\/es\/wp-json\/wp\/v2\/product_tag?post=1512"}],"curies":[{"name":"wp","href":"https:\/\/api.w.org\/{rel}","templated":true}]}}