{"id":15674,"date":"2023-11-07T11:59:03","date_gmt":"2023-11-07T11:59:03","guid":{"rendered":"https:\/\/www.cerakotesa.com\/?post_type=product&#038;p=15674"},"modified":"2024-08-05T14:16:56","modified_gmt":"2024-08-05T14:16:56","slug":"oven-thermometer-se-3104","status":"publish","type":"product","link":"https:\/\/www.cerakotesa.com\/es\/producto\/oven-thermometer-se-3104\/","title":{"rendered":"Term\u00f3metro para horno SE-3104"},"content":{"rendered":"","protected":false},"excerpt":{"rendered":"<p><strong>Descripci\u00f3n:<\/strong><\/p>\n<p>Dise\u00f1ado pensando en su comodidad y precisi\u00f3n, este term\u00f3metro identifica sin esfuerzo la temperatura real de su horno. Brilla por su versatilidad, ya que puede colgarse o colocarse libremente, y su gran esfera garantiza una lectura r\u00e1pida y precisa de la temperatura.<\/p>\n<p><strong>Especificaciones principales:<\/strong><\/p>\n<p>- <strong>Medici\u00f3n precisa de la temperatura:<\/strong> Este term\u00f3metro mide con precisi\u00f3n temperaturas comprendidas entre 50 \u00b0C y 300 \u00b0C (100 \u00b0F y 600 \u00b0F).<br \/>\n<strong>- Grande 2 \u00bd\" Dia<\/strong>l: F\u00e1cil de leer, lo que garantiza una evaluaci\u00f3n instant\u00e1nea de la temperatura.<br \/>\n<strong>- Se cuelga o se apoya en la rejilla del horno:<\/strong> Ad\u00e1ptela a sus preferencias culinarias colg\u00e1ndola o coloc\u00e1ndola c\u00f3modamente en la rejilla del horno.<\/p>","protected":false},"featured_media":15675,"comment_status":"open","ping_status":"closed","template":"","meta":{"_acf_changed":false},"product_brand":[],"product_cat":[106],"product_tag":[],"class_list":{"0":"post-15674","1":"product","2":"type-product","3":"status-publish","4":"has-post-thumbnail","6":"product_cat-equipment","7":"product_shipping_class-flat-rate","9":"first","10":"instock","11":"taxable","12":"shipping-taxable","13":"product-type-simple"},"yoast_head":"<!-- This site is optimized with the Yoast SEO plugin v26.7 - https:\/\/yoast.com\/wordpress\/plugins\/seo\/ -->\n<title>Oven Thermometer SE-3104 - Cerakote South Africa<\/title>\n<meta name=\"robots\" content=\"index, follow, max-snippet:-1, max-image-preview:large, max-video-preview:-1\" \/>\n<link rel=\"canonical\" href=\"https:\/\/www.cerakotesa.com\/es\/producto\/oven-thermometer-se-3104\/\" \/>\n<meta property=\"og:locale\" content=\"es_ES\" \/>\n<meta property=\"og:type\" content=\"article\" \/>\n<meta property=\"og:title\" content=\"Oven Thermometer SE-3104 - Cerakote South Africa\" \/>\n<meta property=\"og:description\" content=\"Description:  Designed with your convenience and accuracy in mind, this thermometer effortlessly identifies the true temperature within your oven. Its versatility shines as it can either be hung or stand freely, and its large dial ensures you can swiftly and accurately read the temperature.  Key Specifications:  \u2022 Precise Temperature Measurement: This thermometer accurately gauges temperatures within the range of 100\u00b0F to 600\u00b0F (50\u00b0C to 300\u00b0C). \u2022 Large 2 \u00bd\u201d Dial: Easy-to-read, ensuring you get an instant temperature assessment. \u2022 Hangs or Stands on Oven Rack: Adapt to your cooking preferences by hanging or placing it conveniently on your oven rack.\" \/>\n<meta property=\"og:url\" content=\"https:\/\/www.cerakotesa.com\/es\/producto\/oven-thermometer-se-3104\/\" \/>\n<meta property=\"og:site_name\" content=\"Cerakote South Africa\" \/>\n<meta property=\"article:modified_time\" content=\"2024-08-05T14:16:56+00:00\" \/>\n<meta property=\"og:image\" content=\"https:\/\/www.cerakotesa.com\/wp-content\/uploads\/2023\/11\/oven-thermometer-se-3104-dt20230908160347925319-thumbnail.jpg\" \/>\n\t<meta property=\"og:image:width\" content=\"600\" \/>\n\t<meta property=\"og:image:height\" content=\"600\" \/>\n\t<meta property=\"og:image:type\" content=\"image\/jpeg\" \/>\n<meta name=\"twitter:card\" content=\"summary_large_image\" \/>\n<script type=\"application\/ld+json\" class=\"yoast-schema-graph\">{\"@context\":\"https:\/\/schema.org\",\"@graph\":[{\"@type\":\"WebPage\",\"@id\":\"https:\/\/www.cerakotesa.com\/product\/oven-thermometer-se-3104\/\",\"url\":\"https:\/\/www.cerakotesa.com\/product\/oven-thermometer-se-3104\/\",\"name\":\"Oven Thermometer SE-3104 - Cerakote South Africa\",\"isPartOf\":{\"@id\":\"https:\/\/www.cerakotesa.com\/#website\"},\"primaryImageOfPage\":{\"@id\":\"https:\/\/www.cerakotesa.com\/product\/oven-thermometer-se-3104\/#primaryimage\"},\"image\":{\"@id\":\"https:\/\/www.cerakotesa.com\/product\/oven-thermometer-se-3104\/#primaryimage\"},\"thumbnailUrl\":\"https:\/\/www.cerakotesa.com\/wp-content\/uploads\/2023\/11\/oven-thermometer-se-3104-dt20230908160347925319-thumbnail.jpg\",\"datePublished\":\"2023-11-07T11:59:03+00:00\",\"dateModified\":\"2024-08-05T14:16:56+00:00\",\"breadcrumb\":{\"@id\":\"https:\/\/www.cerakotesa.com\/product\/oven-thermometer-se-3104\/#breadcrumb\"},\"inLanguage\":\"es\",\"potentialAction\":[{\"@type\":\"ReadAction\",\"target\":[\"https:\/\/www.cerakotesa.com\/product\/oven-thermometer-se-3104\/\"]}]},{\"@type\":\"ImageObject\",\"inLanguage\":\"es\",\"@id\":\"https:\/\/www.cerakotesa.com\/product\/oven-thermometer-se-3104\/#primaryimage\",\"url\":\"https:\/\/www.cerakotesa.com\/wp-content\/uploads\/2023\/11\/oven-thermometer-se-3104-dt20230908160347925319-thumbnail.jpg\",\"contentUrl\":\"https:\/\/www.cerakotesa.com\/wp-content\/uploads\/2023\/11\/oven-thermometer-se-3104-dt20230908160347925319-thumbnail.jpg\",\"width\":600,\"height\":600},{\"@type\":\"BreadcrumbList\",\"@id\":\"https:\/\/www.cerakotesa.com\/product\/oven-thermometer-se-3104\/#breadcrumb\",\"itemListElement\":[{\"@type\":\"ListItem\",\"position\":1,\"name\":\"Home\",\"item\":\"https:\/\/www.cerakotesa.com\/\"},{\"@type\":\"ListItem\",\"position\":2,\"name\":\"Products\",\"item\":\"https:\/\/www.cerakotesa.com\/shop\/\"},{\"@type\":\"ListItem\",\"position\":3,\"name\":\"Oven Thermometer SE-3104\"}]},{\"@type\":\"WebSite\",\"@id\":\"https:\/\/www.cerakotesa.com\/#website\",\"url\":\"https:\/\/www.cerakotesa.com\/\",\"name\":\"Cerakote South Africa\",\"description\":\"Cerakote is a global leader in the manufacturing of thin-film protective ceramic coatings\",\"potentialAction\":[{\"@type\":\"SearchAction\",\"target\":{\"@type\":\"EntryPoint\",\"urlTemplate\":\"https:\/\/www.cerakotesa.com\/?s={search_term_string}\"},\"query-input\":{\"@type\":\"PropertyValueSpecification\",\"valueRequired\":true,\"valueName\":\"search_term_string\"}}],\"inLanguage\":\"es\"}]}<\/script>\n<!-- \/ Yoast SEO plugin. -->","yoast_head_json":{"title":"Oven Thermometer SE-3104 - Cerakote South Africa","robots":{"index":"index","follow":"follow","max-snippet":"max-snippet:-1","max-image-preview":"max-image-preview:large","max-video-preview":"max-video-preview:-1"},"canonical":"https:\/\/www.cerakotesa.com\/es\/producto\/oven-thermometer-se-3104\/","og_locale":"es_ES","og_type":"article","og_title":"Oven Thermometer SE-3104 - Cerakote South Africa","og_description":"Description:  Designed with your convenience and accuracy in mind, this thermometer effortlessly identifies the true temperature within your oven. Its versatility shines as it can either be hung or stand freely, and its large dial ensures you can swiftly and accurately read the temperature.  Key Specifications:  \u2022 Precise Temperature Measurement: This thermometer accurately gauges temperatures within the range of 100\u00b0F to 600\u00b0F (50\u00b0C to 300\u00b0C). \u2022 Large 2 \u00bd\u201d Dial: Easy-to-read, ensuring you get an instant temperature assessment. \u2022 Hangs or Stands on Oven Rack: Adapt to your cooking preferences by hanging or placing it conveniently on your oven rack.","og_url":"https:\/\/www.cerakotesa.com\/es\/producto\/oven-thermometer-se-3104\/","og_site_name":"Cerakote South Africa","article_modified_time":"2024-08-05T14:16:56+00:00","og_image":[{"width":600,"height":600,"url":"https:\/\/www.cerakotesa.com\/wp-content\/uploads\/2023\/11\/oven-thermometer-se-3104-dt20230908160347925319-thumbnail.jpg","type":"image\/jpeg"}],"twitter_card":"summary_large_image","schema":{"@context":"https:\/\/schema.org","@graph":[{"@type":"WebPage","@id":"https:\/\/www.cerakotesa.com\/product\/oven-thermometer-se-3104\/","url":"https:\/\/www.cerakotesa.com\/product\/oven-thermometer-se-3104\/","name":"Oven Thermometer SE-3104 - Cerakote South Africa","isPartOf":{"@id":"https:\/\/www.cerakotesa.com\/#website"},"primaryImageOfPage":{"@id":"https:\/\/www.cerakotesa.com\/product\/oven-thermometer-se-3104\/#primaryimage"},"image":{"@id":"https:\/\/www.cerakotesa.com\/product\/oven-thermometer-se-3104\/#primaryimage"},"thumbnailUrl":"https:\/\/www.cerakotesa.com\/wp-content\/uploads\/2023\/11\/oven-thermometer-se-3104-dt20230908160347925319-thumbnail.jpg","datePublished":"2023-11-07T11:59:03+00:00","dateModified":"2024-08-05T14:16:56+00:00","breadcrumb":{"@id":"https:\/\/www.cerakotesa.com\/product\/oven-thermometer-se-3104\/#breadcrumb"},"inLanguage":"es","potentialAction":[{"@type":"ReadAction","target":["https:\/\/www.cerakotesa.com\/product\/oven-thermometer-se-3104\/"]}]},{"@type":"ImageObject","inLanguage":"es","@id":"https:\/\/www.cerakotesa.com\/product\/oven-thermometer-se-3104\/#primaryimage","url":"https:\/\/www.cerakotesa.com\/wp-content\/uploads\/2023\/11\/oven-thermometer-se-3104-dt20230908160347925319-thumbnail.jpg","contentUrl":"https:\/\/www.cerakotesa.com\/wp-content\/uploads\/2023\/11\/oven-thermometer-se-3104-dt20230908160347925319-thumbnail.jpg","width":600,"height":600},{"@type":"BreadcrumbList","@id":"https:\/\/www.cerakotesa.com\/product\/oven-thermometer-se-3104\/#breadcrumb","itemListElement":[{"@type":"ListItem","position":1,"name":"Home","item":"https:\/\/www.cerakotesa.com\/"},{"@type":"ListItem","position":2,"name":"Products","item":"https:\/\/www.cerakotesa.com\/shop\/"},{"@type":"ListItem","position":3,"name":"Oven Thermometer SE-3104"}]},{"@type":"WebSite","@id":"https:\/\/www.cerakotesa.com\/#website","url":"https:\/\/www.cerakotesa.com\/","name":"Cerakote South Africa","description":"Cerakote es l\u00edder mundial en la fabricaci\u00f3n de recubrimientos cer\u00e1micos protectores de capa fina.","potentialAction":[{"@type":"SearchAction","target":{"@type":"EntryPoint","urlTemplate":"https:\/\/www.cerakotesa.com\/?s={search_term_string}"},"query-input":{"@type":"PropertyValueSpecification","valueRequired":true,"valueName":"search_term_string"}}],"inLanguage":"es"}]}},"acf":[],"_links":{"self":[{"href":"https:\/\/www.cerakotesa.com\/es\/wp-json\/wp\/v2\/product\/15674","targetHints":{"allow":["GET"]}}],"collection":[{"href":"https:\/\/www.cerakotesa.com\/es\/wp-json\/wp\/v2\/product"}],"about":[{"href":"https:\/\/www.cerakotesa.com\/es\/wp-json\/wp\/v2\/types\/product"}],"replies":[{"embeddable":true,"href":"https:\/\/www.cerakotesa.com\/es\/wp-json\/wp\/v2\/comments?post=15674"}],"wp:featuredmedia":[{"embeddable":true,"href":"https:\/\/www.cerakotesa.com\/es\/wp-json\/wp\/v2\/media\/15675"}],"wp:attachment":[{"href":"https:\/\/www.cerakotesa.com\/es\/wp-json\/wp\/v2\/media?parent=15674"}],"wp:term":[{"taxonomy":"product_brand","embeddable":true,"href":"https:\/\/www.cerakotesa.com\/es\/wp-json\/wp\/v2\/product_brand?post=15674"},{"taxonomy":"product_cat","embeddable":true,"href":"https:\/\/www.cerakotesa.com\/es\/wp-json\/wp\/v2\/product_cat?post=15674"},{"taxonomy":"product_tag","embeddable":true,"href":"https:\/\/www.cerakotesa.com\/es\/wp-json\/wp\/v2\/product_tag?post=15674"}],"curies":[{"name":"wp","href":"https:\/\/api.w.org\/{rel}","templated":true}]}}