{"id":1584,"date":"2019-12-06T16:04:10","date_gmt":"2019-12-06T16:04:10","guid":{"rendered":"https:\/\/staging.cerakote.co.uk\/?post_type=product&#038;p=1584"},"modified":"2025-03-10T10:28:18","modified_gmt":"2025-03-10T10:28:18","slug":"h-series-swatch-set-1-se-2201","status":"publish","type":"product","link":"https:\/\/www.cerakotesa.com\/es\/producto\/h-series-swatch-set-1-se-2201\/","title":{"rendered":"Serie H Juego de muestras 1 SE-2201"},"content":{"rendered":"","protected":false},"excerpt":{"rendered":"<p>Los Swatch Sets de Cerakote son un art\u00edculo de alta demanda que requiere mucha mano de obra y puede tardar hasta dos semanas en entregarse.<\/p>\n<p>H Series Swatch Set 1 es el primer juego de muestras Cerakote H Series. Los juegos de muestras le permiten a usted y a su cliente ver y tocar f\u00edsicamente el recubrimiento. Con la compra de todos los Swatch Sets de la Serie H usted tendr\u00e1 todos los colores disponibles para la Serie H de Cerakote. El juego de muestras 1 de la serie H incluye:<\/p>\n<ul>\n<li>Graphite Black H-146<\/li>\n<li>Armor Black H-190<\/li>\n<li>Burnt Bronze H-148<\/li>\n<li>MagPul<sup>\u00ae<\/sup> Flat Dark Earth H-267<\/li>\n<li>Flat Dark Earth H-265<\/li>\n<li>Tungsten H-237<\/li>\n<li>O.D. Green H-236<\/li>\n<li>Sniper Grey H-234<\/li>\n<li>Azul huevo de petirrojo H-175<\/li>\n<li>Stainless H-152<\/li>\n<li>USMC Red H-267<\/li>\n<li>Titanium H-170<\/li>\n<li>Desert Sand H-199<\/li>\n<li>Zombie Green H-168<\/li>\n<li>Firehouse Red H-216<\/li>\n<li>Bright White H-140<\/li>\n<li>Aluminio satinado H-151<\/li>\n<li>Tactical Grey H-227<\/li>\n<li>Coyote Tan H-235<\/li>\n<li>Prison Pink H-141<\/li>\n<li>Stormtrooper White H-297<\/li>\n<li>Blue Titanium H-185<\/li>\n<li>Hunter Orange H-128<\/li>\n<li>NRA Blue H-171<\/li>\n<li>MagPul<sup>\u00ae<\/sup> O.D. Green H-232<\/li>\n<li>Midnight Bronze H-294<\/li>\n<li>Gold H-122<\/li>\n<li>Patriot Brown H-226<\/li>\n<li>Gloss Black H-109<\/li>\n<li>Mil Spec O.D. Green H-240<\/li>\n<li>Noveske Bazooka Green H-189<\/li>\n<li>Bright Purple H-217<\/li>\n<li>Kel-Tec<sup>\u00ae<\/sup> Navy Azul H-127<\/li>\n<li>Barrett<sup>\u00ae<\/sup> Marr\u00f3n H-269<\/li>\n<li>Cobalt H-112<\/li>\n<li>Crimson H-221<\/li>\n<li>Midnight Blue H-238<\/li>\n<li>A.I. Dark Earth H-250<\/li>\n<li>Sky Blue H-169<\/li>\n<li>Snow White H-136<\/li>\n<li>Highland Green H-200<\/li>\n<li>Battleship Grey H-213<\/li>\n<li>Gun Metal Grey H-219<\/li>\n<li>Glock<sup>\u00ae<\/sup> FDE H-261<\/li>\n<li>Ridgeway Blue H-220<\/li>\n<li>Sig\u2122 Rosa H-224<\/li>\n<li>Sig\u2122 Gris Oscuro H-210<\/li>\n<li>Satin Mag H-147<\/li>\n<li>FS Sabre Sand H-33446<\/li>\n<\/ul>","protected":false},"featured_media":20944,"comment_status":"closed","ping_status":"closed","template":"","meta":{"_acf_changed":false},"product_brand":[],"product_cat":[106,978],"product_tag":[105,36,576,577,578],"class_list":{"0":"post-1584","1":"product","2":"type-product","3":"status-publish","4":"has-post-thumbnail","6":"product_cat-equipment","7":"product_cat-swatch-sets-equipment","8":"product_tag-equipment","9":"product_tag-h-series","10":"product_tag-se-2201","11":"product_tag-swatch-set-1","12":"product_tag-swatches","13":"product_shipping_class-flat-rate","15":"first","16":"instock","17":"taxable","18":"shipping-taxable","19":"product-type-simple"},"yoast_head":"<!-- This site is optimized with the Yoast SEO plugin v26.7 - https:\/\/yoast.com\/wordpress\/plugins\/seo\/ -->\n<title>H Series Swatch Set 1 SE-2201 - Cerakote South Africa<\/title>\n<meta name=\"robots\" content=\"index, follow, max-snippet:-1, max-image-preview:large, max-video-preview:-1\" \/>\n<link rel=\"canonical\" href=\"https:\/\/www.cerakotesa.com\/es\/producto\/h-series-swatch-set-1-se-2201\/\" \/>\n<meta property=\"og:locale\" content=\"es_ES\" \/>\n<meta property=\"og:type\" content=\"article\" \/>\n<meta property=\"og:title\" content=\"H Series Swatch Set 1 SE-2201 - Cerakote South Africa\" \/>\n<meta property=\"og:description\" content=\"Cerakote Swatch Sets are a high demand, labor intensive item and can take up to two weeks to fulfill.  H Series Swatch Set 1 is the first Cerakote H Series swatch set. Swatch sets allow you and your customer to physically look at and touch the coating. With the purchase of all the H Series Swatch Sets you will have all of the available colors for Cerakote H Series. H Series Swatch Set 1 includes:   Graphite Black H-146  Armor Black H-190  Burnt Bronze H-148  MagPul\u00ae Flat Dark Earth H-267  Flat Dark Earth H-265  Tungsten H-237  O.D. Green H-236  Sniper Grey H-234  Robin&#039;s Egg Blue H-175  Stainless H-152  USMC Red H-267  Titanium H-170  Desert Sand H-199  Zombie Green H-168  Firehouse Red H-216  Bright White H-140  Satin Aluminum H-151  Tactical Grey H-227  Coyote Tan H-235  Prison Pink H-141  Stormtrooper White H-297  Blue Titanium H-185  Hunter Orange H-128  NRA Blue H-171  MagPul\u00ae O.D. Green H-232  Midnight Bronze H-294  Gold H-122  Patriot Brown H-226  Gloss Black H-109  Mil Spec O.D. Green H-240  Noveske Bazooka Green H-189  Bright Purple H-217  Kel-Tec\u00ae Navy Blue H-127  Barrett\u00ae Brown H-269  Cobalt H-112  Crimson H-221  Midnight Blue H-238  A.I. Dark Earth H-250  Sky Blue H-169  Snow White H-136  Highland Green H-200  Battleship Grey H-213  Gun Metal Grey H-219  Glock\u00ae FDE H-261  Ridgeway Blue H-220  Sig\u2122 Pink H-224  Sig\u2122 Dark Grey H-210  Satin Mag H-147  FS Sabre Sand H-33446\" \/>\n<meta property=\"og:url\" content=\"https:\/\/www.cerakotesa.com\/es\/producto\/h-series-swatch-set-1-se-2201\/\" \/>\n<meta property=\"og:site_name\" content=\"Cerakote South Africa\" \/>\n<meta property=\"article:modified_time\" content=\"2025-03-10T10:28:18+00:00\" \/>\n<meta property=\"og:image\" content=\"https:\/\/www.cerakotesa.com\/wp-content\/uploads\/2025\/03\/Cerakote_Swatch_Sets_0005_SE-2201_H-Series_Set_1_02.19.25.jpg\" \/>\n\t<meta property=\"og:image:width\" content=\"1500\" \/>\n\t<meta property=\"og:image:height\" content=\"1500\" \/>\n\t<meta property=\"og:image:type\" content=\"image\/jpeg\" \/>\n<meta name=\"twitter:card\" content=\"summary_large_image\" \/>\n<meta name=\"twitter:label1\" content=\"Tiempo de lectura\" \/>\n\t<meta name=\"twitter:data1\" content=\"1 minuto\" \/>\n<script type=\"application\/ld+json\" class=\"yoast-schema-graph\">{\"@context\":\"https:\/\/schema.org\",\"@graph\":[{\"@type\":\"WebPage\",\"@id\":\"https:\/\/www.cerakotesa.com\/product\/h-series-swatch-set-1-se-2201\/\",\"url\":\"https:\/\/www.cerakotesa.com\/product\/h-series-swatch-set-1-se-2201\/\",\"name\":\"H Series Swatch Set 1 SE-2201 - Cerakote South Africa\",\"isPartOf\":{\"@id\":\"https:\/\/www.cerakotesa.com\/#website\"},\"primaryImageOfPage\":{\"@id\":\"https:\/\/www.cerakotesa.com\/product\/h-series-swatch-set-1-se-2201\/#primaryimage\"},\"image\":{\"@id\":\"https:\/\/www.cerakotesa.com\/product\/h-series-swatch-set-1-se-2201\/#primaryimage\"},\"thumbnailUrl\":\"https:\/\/www.cerakotesa.com\/wp-content\/uploads\/2025\/03\/Cerakote_Swatch_Sets_0005_SE-2201_H-Series_Set_1_02.19.25.jpg\",\"datePublished\":\"2019-12-06T16:04:10+00:00\",\"dateModified\":\"2025-03-10T10:28:18+00:00\",\"breadcrumb\":{\"@id\":\"https:\/\/www.cerakotesa.com\/product\/h-series-swatch-set-1-se-2201\/#breadcrumb\"},\"inLanguage\":\"es\",\"potentialAction\":[{\"@type\":\"ReadAction\",\"target\":[\"https:\/\/www.cerakotesa.com\/product\/h-series-swatch-set-1-se-2201\/\"]}]},{\"@type\":\"ImageObject\",\"inLanguage\":\"es\",\"@id\":\"https:\/\/www.cerakotesa.com\/product\/h-series-swatch-set-1-se-2201\/#primaryimage\",\"url\":\"https:\/\/www.cerakotesa.com\/wp-content\/uploads\/2025\/03\/Cerakote_Swatch_Sets_0005_SE-2201_H-Series_Set_1_02.19.25.jpg\",\"contentUrl\":\"https:\/\/www.cerakotesa.com\/wp-content\/uploads\/2025\/03\/Cerakote_Swatch_Sets_0005_SE-2201_H-Series_Set_1_02.19.25.jpg\",\"width\":1500,\"height\":1500},{\"@type\":\"BreadcrumbList\",\"@id\":\"https:\/\/www.cerakotesa.com\/product\/h-series-swatch-set-1-se-2201\/#breadcrumb\",\"itemListElement\":[{\"@type\":\"ListItem\",\"position\":1,\"name\":\"Home\",\"item\":\"https:\/\/www.cerakotesa.com\/\"},{\"@type\":\"ListItem\",\"position\":2,\"name\":\"Products\",\"item\":\"https:\/\/www.cerakotesa.com\/shop\/\"},{\"@type\":\"ListItem\",\"position\":3,\"name\":\"H Series Swatch Set 1 SE-2201\"}]},{\"@type\":\"WebSite\",\"@id\":\"https:\/\/www.cerakotesa.com\/#website\",\"url\":\"https:\/\/www.cerakotesa.com\/\",\"name\":\"Cerakote South Africa\",\"description\":\"Cerakote is a global leader in the manufacturing of thin-film protective ceramic coatings\",\"potentialAction\":[{\"@type\":\"SearchAction\",\"target\":{\"@type\":\"EntryPoint\",\"urlTemplate\":\"https:\/\/www.cerakotesa.com\/?s={search_term_string}\"},\"query-input\":{\"@type\":\"PropertyValueSpecification\",\"valueRequired\":true,\"valueName\":\"search_term_string\"}}],\"inLanguage\":\"es\"}]}<\/script>\n<!-- \/ Yoast SEO plugin. -->","yoast_head_json":{"title":"H Series Swatch Set 1 SE-2201 - Cerakote South Africa","robots":{"index":"index","follow":"follow","max-snippet":"max-snippet:-1","max-image-preview":"max-image-preview:large","max-video-preview":"max-video-preview:-1"},"canonical":"https:\/\/www.cerakotesa.com\/es\/producto\/h-series-swatch-set-1-se-2201\/","og_locale":"es_ES","og_type":"article","og_title":"H Series Swatch Set 1 SE-2201 - Cerakote South Africa","og_description":"Cerakote Swatch Sets are a high demand, labor intensive item and can take up to two weeks to fulfill.  H Series Swatch Set 1 is the first Cerakote H Series swatch set. Swatch sets allow you and your customer to physically look at and touch the coating. With the purchase of all the H Series Swatch Sets you will have all of the available colors for Cerakote H Series. H Series Swatch Set 1 includes:   Graphite Black H-146  Armor Black H-190  Burnt Bronze H-148  MagPul\u00ae Flat Dark Earth H-267  Flat Dark Earth H-265  Tungsten H-237  O.D. Green H-236  Sniper Grey H-234  Robin's Egg Blue H-175  Stainless H-152  USMC Red H-267  Titanium H-170  Desert Sand H-199  Zombie Green H-168  Firehouse Red H-216  Bright White H-140  Satin Aluminum H-151  Tactical Grey H-227  Coyote Tan H-235  Prison Pink H-141  Stormtrooper White H-297  Blue Titanium H-185  Hunter Orange H-128  NRA Blue H-171  MagPul\u00ae O.D. Green H-232  Midnight Bronze H-294  Gold H-122  Patriot Brown H-226  Gloss Black H-109  Mil Spec O.D. Green H-240  Noveske Bazooka Green H-189  Bright Purple H-217  Kel-Tec\u00ae Navy Blue H-127  Barrett\u00ae Brown H-269  Cobalt H-112  Crimson H-221  Midnight Blue H-238  A.I. Dark Earth H-250  Sky Blue H-169  Snow White H-136  Highland Green H-200  Battleship Grey H-213  Gun Metal Grey H-219  Glock\u00ae FDE H-261  Ridgeway Blue H-220  Sig\u2122 Pink H-224  Sig\u2122 Dark Grey H-210  Satin Mag H-147  FS Sabre Sand H-33446","og_url":"https:\/\/www.cerakotesa.com\/es\/producto\/h-series-swatch-set-1-se-2201\/","og_site_name":"Cerakote South Africa","article_modified_time":"2025-03-10T10:28:18+00:00","og_image":[{"width":1500,"height":1500,"url":"https:\/\/www.cerakotesa.com\/wp-content\/uploads\/2025\/03\/Cerakote_Swatch_Sets_0005_SE-2201_H-Series_Set_1_02.19.25.jpg","type":"image\/jpeg"}],"twitter_card":"summary_large_image","twitter_misc":{"Tiempo de lectura":"1 minuto"},"schema":{"@context":"https:\/\/schema.org","@graph":[{"@type":"WebPage","@id":"https:\/\/www.cerakotesa.com\/product\/h-series-swatch-set-1-se-2201\/","url":"https:\/\/www.cerakotesa.com\/product\/h-series-swatch-set-1-se-2201\/","name":"H Series Swatch Set 1 SE-2201 - Cerakote South Africa","isPartOf":{"@id":"https:\/\/www.cerakotesa.com\/#website"},"primaryImageOfPage":{"@id":"https:\/\/www.cerakotesa.com\/product\/h-series-swatch-set-1-se-2201\/#primaryimage"},"image":{"@id":"https:\/\/www.cerakotesa.com\/product\/h-series-swatch-set-1-se-2201\/#primaryimage"},"thumbnailUrl":"https:\/\/www.cerakotesa.com\/wp-content\/uploads\/2025\/03\/Cerakote_Swatch_Sets_0005_SE-2201_H-Series_Set_1_02.19.25.jpg","datePublished":"2019-12-06T16:04:10+00:00","dateModified":"2025-03-10T10:28:18+00:00","breadcrumb":{"@id":"https:\/\/www.cerakotesa.com\/product\/h-series-swatch-set-1-se-2201\/#breadcrumb"},"inLanguage":"es","potentialAction":[{"@type":"ReadAction","target":["https:\/\/www.cerakotesa.com\/product\/h-series-swatch-set-1-se-2201\/"]}]},{"@type":"ImageObject","inLanguage":"es","@id":"https:\/\/www.cerakotesa.com\/product\/h-series-swatch-set-1-se-2201\/#primaryimage","url":"https:\/\/www.cerakotesa.com\/wp-content\/uploads\/2025\/03\/Cerakote_Swatch_Sets_0005_SE-2201_H-Series_Set_1_02.19.25.jpg","contentUrl":"https:\/\/www.cerakotesa.com\/wp-content\/uploads\/2025\/03\/Cerakote_Swatch_Sets_0005_SE-2201_H-Series_Set_1_02.19.25.jpg","width":1500,"height":1500},{"@type":"BreadcrumbList","@id":"https:\/\/www.cerakotesa.com\/product\/h-series-swatch-set-1-se-2201\/#breadcrumb","itemListElement":[{"@type":"ListItem","position":1,"name":"Home","item":"https:\/\/www.cerakotesa.com\/"},{"@type":"ListItem","position":2,"name":"Products","item":"https:\/\/www.cerakotesa.com\/shop\/"},{"@type":"ListItem","position":3,"name":"H Series Swatch Set 1 SE-2201"}]},{"@type":"WebSite","@id":"https:\/\/www.cerakotesa.com\/#website","url":"https:\/\/www.cerakotesa.com\/","name":"Cerakote South Africa","description":"Cerakote es l\u00edder mundial en la fabricaci\u00f3n de recubrimientos cer\u00e1micos protectores de capa fina.","potentialAction":[{"@type":"SearchAction","target":{"@type":"EntryPoint","urlTemplate":"https:\/\/www.cerakotesa.com\/?s={search_term_string}"},"query-input":{"@type":"PropertyValueSpecification","valueRequired":true,"valueName":"search_term_string"}}],"inLanguage":"es"}]}},"acf":[],"_links":{"self":[{"href":"https:\/\/www.cerakotesa.com\/es\/wp-json\/wp\/v2\/product\/1584","targetHints":{"allow":["GET"]}}],"collection":[{"href":"https:\/\/www.cerakotesa.com\/es\/wp-json\/wp\/v2\/product"}],"about":[{"href":"https:\/\/www.cerakotesa.com\/es\/wp-json\/wp\/v2\/types\/product"}],"replies":[{"embeddable":true,"href":"https:\/\/www.cerakotesa.com\/es\/wp-json\/wp\/v2\/comments?post=1584"}],"wp:featuredmedia":[{"embeddable":true,"href":"https:\/\/www.cerakotesa.com\/es\/wp-json\/wp\/v2\/media\/20944"}],"wp:attachment":[{"href":"https:\/\/www.cerakotesa.com\/es\/wp-json\/wp\/v2\/media?parent=1584"}],"wp:term":[{"taxonomy":"product_brand","embeddable":true,"href":"https:\/\/www.cerakotesa.com\/es\/wp-json\/wp\/v2\/product_brand?post=1584"},{"taxonomy":"product_cat","embeddable":true,"href":"https:\/\/www.cerakotesa.com\/es\/wp-json\/wp\/v2\/product_cat?post=1584"},{"taxonomy":"product_tag","embeddable":true,"href":"https:\/\/www.cerakotesa.com\/es\/wp-json\/wp\/v2\/product_tag?post=1584"}],"curies":[{"name":"wp","href":"https:\/\/api.w.org\/{rel}","templated":true}]}}