{"id":15898,"date":"2023-11-14T13:24:47","date_gmt":"2023-11-14T13:24:47","guid":{"rendered":"https:\/\/www.cerakotesa.com\/?post_type=product&#038;p=15898"},"modified":"2025-10-20T07:04:50","modified_gmt":"2025-10-20T07:04:50","slug":"neo-for-iwata-trn2-airbrush-gun-se-509","status":"publish","type":"product","link":"https:\/\/www.cerakotesa.com\/es\/producto\/neo-for-iwata-trn2-airbrush-gun-se-509\/","title":{"rendered":"NEO para Iwata TRN2 Aer\u00f3grafo SE-509"},"content":{"rendered":"","protected":false},"excerpt":{"rendered":"<p>Todo el mundo necesita <a href=\"https:\/\/www.cerakotesa.com\/product-tag\/se509\/\">Neo<\/a> en su vida. \u00bfC\u00f3mo de fino se puede pulverizar? \u00bfPuede pulverizar patrones finos como telas de ara\u00f1a? \u00bfUtiliza un aer\u00f3grafo potente para hacerlo? Este aer\u00f3grafo puede hacerlo todo. Tiene un agarre c\u00f3modo, se activa con el gatillo y viene con 3 accesorios de copa diferentes para adaptarse perfectamente a sus necesidades de volumen de pulverizaci\u00f3n. Ya sea que est\u00e9 rociando dentro de \u00e1reas ultra-estrechas, o que est\u00e9 pintando a mano alzada un caballero matando a un drag\u00f3n en el lado de un tanque de motocicleta, esta peque\u00f1a pistola de aer\u00f3grafo lo hace posible.<\/p>\n<p>Especificaciones:<\/p>\n<p>- Aguja de 0,5 mm - Incluye un vaso de alimentaci\u00f3n lateral por gravedad de 1\/4 oz. y 1\/2 oz. con una botella de boca grande Iwata de 1 oz. Iwata Big Mouth Bottle; este aer\u00f3grafo de gatillo es compatible con otros tama\u00f1os.<\/p>\n<p>- C\u00f3moda empu\u00f1adura \"tipo pistola\", m\u00e1s f\u00e1cil de sujetar que los aer\u00f3grafos \"tipo l\u00e1piz\".<\/p>\n<p>- Calidad insuperable, Iwata, ingenier\u00eda japonesa<\/p>\n<p>- Necesitar\u00e1 un conector de aire en el kit Airbrush 7 Piece Adaptor Kit SE-510<\/p>\n<p>- Tambi\u00e9n puede utilizar la manguera Airbursh SE-511<\/p>","protected":false},"featured_media":15899,"comment_status":"open","ping_status":"closed","template":"","meta":{"_acf_changed":false},"product_brand":[],"product_cat":[106],"product_tag":[1052,1049,135,1048,1050,1051],"class_list":{"0":"post-15898","1":"product","2":"type-product","3":"status-publish","4":"has-post-thumbnail","6":"product_cat-equipment","7":"product_tag-1052","8":"product_tag-airbrush","9":"product_tag-iwata","10":"product_tag-neo","11":"product_tag-se-509","12":"product_tag-se509","13":"product_shipping_class-flat-rate","15":"first","16":"instock","17":"taxable","18":"shipping-taxable","19":"product-type-simple"},"yoast_head":"<!-- This site is optimized with the Yoast SEO plugin v26.7 - https:\/\/yoast.com\/wordpress\/plugins\/seo\/ -->\n<title>NEO for Iwata TRN2 Airbrush Gun SE-509 - Cerakote South Africa<\/title>\n<meta name=\"robots\" content=\"index, follow, max-snippet:-1, max-image-preview:large, max-video-preview:-1\" \/>\n<link rel=\"canonical\" href=\"https:\/\/www.cerakotesa.com\/es\/producto\/neo-for-iwata-trn2-airbrush-gun-se-509\/\" \/>\n<meta property=\"og:locale\" content=\"es_ES\" \/>\n<meta property=\"og:type\" content=\"article\" \/>\n<meta property=\"og:title\" content=\"NEO for Iwata TRN2 Airbrush Gun SE-509 - Cerakote South Africa\" \/>\n<meta property=\"og:description\" content=\"Everyone needs a little Neo in their life. How fine can you spray? Can you spray spider-web fine patterns? Are you using a workhorse of an airbrush to do it? This airbrush can just about do it all. It\u2019s got a comfortable grip, it\u2019s trigger activated, and comes with 3 different cup attachments to perfectly fit your spray volume needs. Whether you\u2019re spraying inside ultra-tight areas, or you\u2019re free-handing a knight slaying a dragon on the side of a motorcycle tank, this little airbrush gun makes it possible.  Specs:  \u2022 0.5 mm needle \u2022 Includes a 1\/4 oz. and 1\/2 oz. gravity side-feed cup with a 1 oz. Iwata Big Mouth Bottle; this trigger airbrush is compatible with other sizes  \u2022 Comfortable \u201cgun-style\u201d grip, easier to hold in comparison to \u201cpencil-style\u201d airbrushes  \u2022 Unbeatable, Iwata, Japanese-engineered quality  \u2022 You will need an air connector in kit Airbrush 7 Piece Adaptor Kit SE-510  \u2022 You can also use Airbursh Hose SE-511\" \/>\n<meta property=\"og:url\" content=\"https:\/\/www.cerakotesa.com\/es\/producto\/neo-for-iwata-trn2-airbrush-gun-se-509\/\" \/>\n<meta property=\"og:site_name\" content=\"Cerakote South Africa\" \/>\n<meta property=\"article:modified_time\" content=\"2025-10-20T07:04:50+00:00\" \/>\n<meta property=\"og:image\" content=\"https:\/\/www.cerakotesa.com\/wp-content\/uploads\/2023\/11\/iwata-neo-airbrush-gun-se-509-dt20220720164440539199-thumbnail.jpeg\" \/>\n\t<meta property=\"og:image:width\" content=\"800\" \/>\n\t<meta property=\"og:image:height\" content=\"800\" \/>\n\t<meta property=\"og:image:type\" content=\"image\/jpeg\" \/>\n<meta name=\"twitter:card\" content=\"summary_large_image\" \/>\n<script type=\"application\/ld+json\" class=\"yoast-schema-graph\">{\"@context\":\"https:\/\/schema.org\",\"@graph\":[{\"@type\":\"WebPage\",\"@id\":\"https:\/\/www.cerakotesa.com\/product\/neo-for-iwata-trn2-airbrush-gun-se-509\/\",\"url\":\"https:\/\/www.cerakotesa.com\/product\/neo-for-iwata-trn2-airbrush-gun-se-509\/\",\"name\":\"NEO for Iwata TRN2 Airbrush Gun SE-509 - Cerakote South Africa\",\"isPartOf\":{\"@id\":\"https:\/\/www.cerakotesa.com\/#website\"},\"primaryImageOfPage\":{\"@id\":\"https:\/\/www.cerakotesa.com\/product\/neo-for-iwata-trn2-airbrush-gun-se-509\/#primaryimage\"},\"image\":{\"@id\":\"https:\/\/www.cerakotesa.com\/product\/neo-for-iwata-trn2-airbrush-gun-se-509\/#primaryimage\"},\"thumbnailUrl\":\"https:\/\/www.cerakotesa.com\/wp-content\/uploads\/2023\/11\/iwata-neo-airbrush-gun-se-509-dt20220720164440539199-thumbnail.jpeg\",\"datePublished\":\"2023-11-14T13:24:47+00:00\",\"dateModified\":\"2025-10-20T07:04:50+00:00\",\"breadcrumb\":{\"@id\":\"https:\/\/www.cerakotesa.com\/product\/neo-for-iwata-trn2-airbrush-gun-se-509\/#breadcrumb\"},\"inLanguage\":\"es\",\"potentialAction\":[{\"@type\":\"ReadAction\",\"target\":[\"https:\/\/www.cerakotesa.com\/product\/neo-for-iwata-trn2-airbrush-gun-se-509\/\"]}]},{\"@type\":\"ImageObject\",\"inLanguage\":\"es\",\"@id\":\"https:\/\/www.cerakotesa.com\/product\/neo-for-iwata-trn2-airbrush-gun-se-509\/#primaryimage\",\"url\":\"https:\/\/www.cerakotesa.com\/wp-content\/uploads\/2023\/11\/iwata-neo-airbrush-gun-se-509-dt20220720164440539199-thumbnail.jpeg\",\"contentUrl\":\"https:\/\/www.cerakotesa.com\/wp-content\/uploads\/2023\/11\/iwata-neo-airbrush-gun-se-509-dt20220720164440539199-thumbnail.jpeg\",\"width\":800,\"height\":800},{\"@type\":\"BreadcrumbList\",\"@id\":\"https:\/\/www.cerakotesa.com\/product\/neo-for-iwata-trn2-airbrush-gun-se-509\/#breadcrumb\",\"itemListElement\":[{\"@type\":\"ListItem\",\"position\":1,\"name\":\"Home\",\"item\":\"https:\/\/www.cerakotesa.com\/\"},{\"@type\":\"ListItem\",\"position\":2,\"name\":\"Products\",\"item\":\"https:\/\/www.cerakotesa.com\/shop\/\"},{\"@type\":\"ListItem\",\"position\":3,\"name\":\"NEO for Iwata TRN2 Airbrush Gun SE-509\"}]},{\"@type\":\"WebSite\",\"@id\":\"https:\/\/www.cerakotesa.com\/#website\",\"url\":\"https:\/\/www.cerakotesa.com\/\",\"name\":\"Cerakote South Africa\",\"description\":\"Cerakote is a global leader in the manufacturing of thin-film protective ceramic coatings\",\"potentialAction\":[{\"@type\":\"SearchAction\",\"target\":{\"@type\":\"EntryPoint\",\"urlTemplate\":\"https:\/\/www.cerakotesa.com\/?s={search_term_string}\"},\"query-input\":{\"@type\":\"PropertyValueSpecification\",\"valueRequired\":true,\"valueName\":\"search_term_string\"}}],\"inLanguage\":\"es\"}]}<\/script>\n<!-- \/ Yoast SEO plugin. -->","yoast_head_json":{"title":"NEO for Iwata TRN2 Airbrush Gun SE-509 - Cerakote South Africa","robots":{"index":"index","follow":"follow","max-snippet":"max-snippet:-1","max-image-preview":"max-image-preview:large","max-video-preview":"max-video-preview:-1"},"canonical":"https:\/\/www.cerakotesa.com\/es\/producto\/neo-for-iwata-trn2-airbrush-gun-se-509\/","og_locale":"es_ES","og_type":"article","og_title":"NEO for Iwata TRN2 Airbrush Gun SE-509 - Cerakote South Africa","og_description":"Everyone needs a little Neo in their life. How fine can you spray? Can you spray spider-web fine patterns? Are you using a workhorse of an airbrush to do it? This airbrush can just about do it all. It\u2019s got a comfortable grip, it\u2019s trigger activated, and comes with 3 different cup attachments to perfectly fit your spray volume needs. Whether you\u2019re spraying inside ultra-tight areas, or you\u2019re free-handing a knight slaying a dragon on the side of a motorcycle tank, this little airbrush gun makes it possible.  Specs:  \u2022 0.5 mm needle \u2022 Includes a 1\/4 oz. and 1\/2 oz. gravity side-feed cup with a 1 oz. Iwata Big Mouth Bottle; this trigger airbrush is compatible with other sizes  \u2022 Comfortable \u201cgun-style\u201d grip, easier to hold in comparison to \u201cpencil-style\u201d airbrushes  \u2022 Unbeatable, Iwata, Japanese-engineered quality  \u2022 You will need an air connector in kit Airbrush 7 Piece Adaptor Kit SE-510  \u2022 You can also use Airbursh Hose SE-511","og_url":"https:\/\/www.cerakotesa.com\/es\/producto\/neo-for-iwata-trn2-airbrush-gun-se-509\/","og_site_name":"Cerakote South Africa","article_modified_time":"2025-10-20T07:04:50+00:00","og_image":[{"width":800,"height":800,"url":"https:\/\/www.cerakotesa.com\/wp-content\/uploads\/2023\/11\/iwata-neo-airbrush-gun-se-509-dt20220720164440539199-thumbnail.jpeg","type":"image\/jpeg"}],"twitter_card":"summary_large_image","schema":{"@context":"https:\/\/schema.org","@graph":[{"@type":"WebPage","@id":"https:\/\/www.cerakotesa.com\/product\/neo-for-iwata-trn2-airbrush-gun-se-509\/","url":"https:\/\/www.cerakotesa.com\/product\/neo-for-iwata-trn2-airbrush-gun-se-509\/","name":"NEO for Iwata TRN2 Airbrush Gun SE-509 - Cerakote South Africa","isPartOf":{"@id":"https:\/\/www.cerakotesa.com\/#website"},"primaryImageOfPage":{"@id":"https:\/\/www.cerakotesa.com\/product\/neo-for-iwata-trn2-airbrush-gun-se-509\/#primaryimage"},"image":{"@id":"https:\/\/www.cerakotesa.com\/product\/neo-for-iwata-trn2-airbrush-gun-se-509\/#primaryimage"},"thumbnailUrl":"https:\/\/www.cerakotesa.com\/wp-content\/uploads\/2023\/11\/iwata-neo-airbrush-gun-se-509-dt20220720164440539199-thumbnail.jpeg","datePublished":"2023-11-14T13:24:47+00:00","dateModified":"2025-10-20T07:04:50+00:00","breadcrumb":{"@id":"https:\/\/www.cerakotesa.com\/product\/neo-for-iwata-trn2-airbrush-gun-se-509\/#breadcrumb"},"inLanguage":"es","potentialAction":[{"@type":"ReadAction","target":["https:\/\/www.cerakotesa.com\/product\/neo-for-iwata-trn2-airbrush-gun-se-509\/"]}]},{"@type":"ImageObject","inLanguage":"es","@id":"https:\/\/www.cerakotesa.com\/product\/neo-for-iwata-trn2-airbrush-gun-se-509\/#primaryimage","url":"https:\/\/www.cerakotesa.com\/wp-content\/uploads\/2023\/11\/iwata-neo-airbrush-gun-se-509-dt20220720164440539199-thumbnail.jpeg","contentUrl":"https:\/\/www.cerakotesa.com\/wp-content\/uploads\/2023\/11\/iwata-neo-airbrush-gun-se-509-dt20220720164440539199-thumbnail.jpeg","width":800,"height":800},{"@type":"BreadcrumbList","@id":"https:\/\/www.cerakotesa.com\/product\/neo-for-iwata-trn2-airbrush-gun-se-509\/#breadcrumb","itemListElement":[{"@type":"ListItem","position":1,"name":"Home","item":"https:\/\/www.cerakotesa.com\/"},{"@type":"ListItem","position":2,"name":"Products","item":"https:\/\/www.cerakotesa.com\/shop\/"},{"@type":"ListItem","position":3,"name":"NEO for Iwata TRN2 Airbrush Gun SE-509"}]},{"@type":"WebSite","@id":"https:\/\/www.cerakotesa.com\/#website","url":"https:\/\/www.cerakotesa.com\/","name":"Cerakote South Africa","description":"Cerakote es l\u00edder mundial en la fabricaci\u00f3n de recubrimientos cer\u00e1micos protectores de capa fina.","potentialAction":[{"@type":"SearchAction","target":{"@type":"EntryPoint","urlTemplate":"https:\/\/www.cerakotesa.com\/?s={search_term_string}"},"query-input":{"@type":"PropertyValueSpecification","valueRequired":true,"valueName":"search_term_string"}}],"inLanguage":"es"}]}},"acf":[],"_links":{"self":[{"href":"https:\/\/www.cerakotesa.com\/es\/wp-json\/wp\/v2\/product\/15898","targetHints":{"allow":["GET"]}}],"collection":[{"href":"https:\/\/www.cerakotesa.com\/es\/wp-json\/wp\/v2\/product"}],"about":[{"href":"https:\/\/www.cerakotesa.com\/es\/wp-json\/wp\/v2\/types\/product"}],"replies":[{"embeddable":true,"href":"https:\/\/www.cerakotesa.com\/es\/wp-json\/wp\/v2\/comments?post=15898"}],"wp:featuredmedia":[{"embeddable":true,"href":"https:\/\/www.cerakotesa.com\/es\/wp-json\/wp\/v2\/media\/15899"}],"wp:attachment":[{"href":"https:\/\/www.cerakotesa.com\/es\/wp-json\/wp\/v2\/media?parent=15898"}],"wp:term":[{"taxonomy":"product_brand","embeddable":true,"href":"https:\/\/www.cerakotesa.com\/es\/wp-json\/wp\/v2\/product_brand?post=15898"},{"taxonomy":"product_cat","embeddable":true,"href":"https:\/\/www.cerakotesa.com\/es\/wp-json\/wp\/v2\/product_cat?post=15898"},{"taxonomy":"product_tag","embeddable":true,"href":"https:\/\/www.cerakotesa.com\/es\/wp-json\/wp\/v2\/product_tag?post=15898"}],"curies":[{"name":"wp","href":"https:\/\/api.w.org\/{rel}","templated":true}]}}