{"id":1590,"date":"2019-12-07T10:13:14","date_gmt":"2019-12-07T10:13:14","guid":{"rendered":"https:\/\/staging.cerakote.co.uk\/?post_type=product&#038;p=1590"},"modified":"2026-01-08T14:59:37","modified_gmt":"2026-01-08T14:59:37","slug":"iwata-lph80-spray-gun-kit-se-138","status":"publish","type":"product","link":"https:\/\/www.cerakotesa.com\/es\/producto\/iwata-lph80-spray-gun-kit-se-138\/","title":{"rendered":"Kit Pistola Iwata LPH80 SE-138"},"content":{"rendered":"","protected":false},"excerpt":{"rendered":"<p>La compacta IWATA LPH80 es la pistola de aplicaci\u00f3n ULTIMA para productos Cerakote. La IWATA LPH80 pulverizar\u00e1 todos los recubrimientos Cerakote, incluidos los met\u00e1licos, con facilidad.<\/p>\n<p><b>El IWATA LPH80 est\u00e1 montado en el centro e incluye:<\/b><\/p>\n<ul>\n<li>0,8 tama\u00f1o de la punta<\/li>\n<li>Tap\u00f3n de aire E4<\/li>\n<li>4\u2033 Vaso de alimentaci\u00f3n por gravedad de 150 ml de acero inoxidable<\/li>\n<li>Un chorro ajustable de forma redonda a abanico completo<\/li>\n<li>Patr\u00f3n de pulverizaci\u00f3n ajustable de 0,3 cm a 15,24 cm (de 1\/8\u2033 a 6\u2033)<\/li>\n<li>Boquilla de acero inoxidable, paso de pintura y aguja templada al calor para garantizar una pulverizaci\u00f3n duradera y de m\u00e1ximo rendimiento<\/li>\n<\/ul>\n<p>Con s\u00f3lo 2 cfm a 14 psi, esta pistola de bajo consumo de aire proporciona una alta atomizaci\u00f3n con un control preciso del patr\u00f3n de pulverizaci\u00f3n con un m\u00ednimo de exceso de pulverizaci\u00f3n. Esta pistola pulverizadora utiliza el conjunto de \"v\u00e1lvula de aire\" estilo cartucho, fiable y f\u00e1cil de reparar, que puede repararse fuera de la pistola y volver a colocarse f\u00e1cilmente en el cuerpo de la pistola. A diferencia de las pistolas de alimentaci\u00f3n por sif\u00f3n, esta copa de alimentaci\u00f3n por gravedad funcionar\u00e1 con peque\u00f1as cantidades de revestimiento sin salpicar.<\/p>","protected":false},"featured_media":17252,"comment_status":"closed","ping_status":"closed","template":"","meta":{"_acf_changed":false},"product_brand":[],"product_cat":[106],"product_tag":[105,135,136,107,586],"class_list":{"0":"post-1590","1":"product","2":"type-product","3":"status-publish","4":"has-post-thumbnail","6":"product_cat-equipment","7":"product_tag-equipment","8":"product_tag-iwata","9":"product_tag-iwata-lph80-spray-gun-kit","10":"product_tag-lph80","11":"product_tag-se-138","12":"product_shipping_class-flat-rate","14":"first","15":"instock","16":"taxable","17":"shipping-taxable","18":"product-type-simple"},"yoast_head":"<!-- This site is optimized with the Yoast SEO plugin v26.7 - https:\/\/yoast.com\/wordpress\/plugins\/seo\/ -->\n<title>Iwata LPH80 Spray Gun Kit SE-138 - Cerakote South Africa<\/title>\n<meta name=\"robots\" content=\"index, follow, max-snippet:-1, max-image-preview:large, max-video-preview:-1\" \/>\n<link rel=\"canonical\" href=\"https:\/\/www.cerakotesa.com\/es\/producto\/iwata-lph80-spray-gun-kit-se-138\/\" \/>\n<meta property=\"og:locale\" content=\"es_ES\" \/>\n<meta property=\"og:type\" content=\"article\" \/>\n<meta property=\"og:title\" content=\"Iwata LPH80 Spray Gun Kit SE-138 - Cerakote South Africa\" \/>\n<meta property=\"og:description\" content=\"The compact IWATA LPH80 is the ULTIMATE application spray gun for Cerakote products. The IWATA LPH80 will spray all Cerakote Coatings, including metallics, with ease.  The IWATA LPH80 is center-mounted and includes:   0.8 tip size  E4 Air Cap  4&quot; 150 ml stainless-steel gravity feed cup  An adjustable spray pattern from round to full-fan shape  Spray pattern is adjustable from 1\/8&quot; to 6&quot; (0.3 cm to 15.24 cm)  A stainless-steel nozzle, paint passage and heat-tempered needle to ensure long-lasting, peak-performance spraying  Using only 2 cfm at 14 psi, this low-air-consumption spray gun provides high atomization with precise control of the spray pattern with a minimum of overspray. This spray gun uses the reliable and easy-to-service cartridge-style &quot;air-valve&quot; set, which can be serviced outside the gun and easily placed back into the gun body. Unlike siphon-feed guns, this gravity-feed cup will work with small amounts of coating without spitting.\" \/>\n<meta property=\"og:url\" content=\"https:\/\/www.cerakotesa.com\/es\/producto\/iwata-lph80-spray-gun-kit-se-138\/\" \/>\n<meta property=\"og:site_name\" content=\"Cerakote South Africa\" \/>\n<meta property=\"article:modified_time\" content=\"2026-01-08T14:59:37+00:00\" \/>\n<meta property=\"og:image\" content=\"https:\/\/www.cerakotesa.com\/wp-content\/uploads\/2019\/12\/iwata-spray-gun-kit-lph80-se-138-dt20211001152254891-thumbnail.jpg\" \/>\n\t<meta property=\"og:image:width\" content=\"800\" \/>\n\t<meta property=\"og:image:height\" content=\"800\" \/>\n\t<meta property=\"og:image:type\" content=\"image\/jpeg\" \/>\n<meta name=\"twitter:card\" content=\"summary_large_image\" \/>\n<meta name=\"twitter:label1\" content=\"Tiempo de lectura\" \/>\n\t<meta name=\"twitter:data1\" content=\"1 minuto\" \/>\n<script type=\"application\/ld+json\" class=\"yoast-schema-graph\">{\"@context\":\"https:\/\/schema.org\",\"@graph\":[{\"@type\":\"WebPage\",\"@id\":\"https:\/\/www.cerakotesa.com\/product\/iwata-lph80-spray-gun-kit-se-138\/\",\"url\":\"https:\/\/www.cerakotesa.com\/product\/iwata-lph80-spray-gun-kit-se-138\/\",\"name\":\"Iwata LPH80 Spray Gun Kit SE-138 - Cerakote South Africa\",\"isPartOf\":{\"@id\":\"https:\/\/www.cerakotesa.com\/#website\"},\"primaryImageOfPage\":{\"@id\":\"https:\/\/www.cerakotesa.com\/product\/iwata-lph80-spray-gun-kit-se-138\/#primaryimage\"},\"image\":{\"@id\":\"https:\/\/www.cerakotesa.com\/product\/iwata-lph80-spray-gun-kit-se-138\/#primaryimage\"},\"thumbnailUrl\":\"https:\/\/www.cerakotesa.com\/wp-content\/uploads\/2019\/12\/iwata-spray-gun-kit-lph80-se-138-dt20211001152254891-thumbnail.jpg\",\"datePublished\":\"2019-12-07T10:13:14+00:00\",\"dateModified\":\"2026-01-08T14:59:37+00:00\",\"breadcrumb\":{\"@id\":\"https:\/\/www.cerakotesa.com\/product\/iwata-lph80-spray-gun-kit-se-138\/#breadcrumb\"},\"inLanguage\":\"es\",\"potentialAction\":[{\"@type\":\"ReadAction\",\"target\":[\"https:\/\/www.cerakotesa.com\/product\/iwata-lph80-spray-gun-kit-se-138\/\"]}]},{\"@type\":\"ImageObject\",\"inLanguage\":\"es\",\"@id\":\"https:\/\/www.cerakotesa.com\/product\/iwata-lph80-spray-gun-kit-se-138\/#primaryimage\",\"url\":\"https:\/\/www.cerakotesa.com\/wp-content\/uploads\/2019\/12\/iwata-spray-gun-kit-lph80-se-138-dt20211001152254891-thumbnail.jpg\",\"contentUrl\":\"https:\/\/www.cerakotesa.com\/wp-content\/uploads\/2019\/12\/iwata-spray-gun-kit-lph80-se-138-dt20211001152254891-thumbnail.jpg\",\"width\":800,\"height\":800},{\"@type\":\"BreadcrumbList\",\"@id\":\"https:\/\/www.cerakotesa.com\/product\/iwata-lph80-spray-gun-kit-se-138\/#breadcrumb\",\"itemListElement\":[{\"@type\":\"ListItem\",\"position\":1,\"name\":\"Home\",\"item\":\"https:\/\/www.cerakotesa.com\/\"},{\"@type\":\"ListItem\",\"position\":2,\"name\":\"Products\",\"item\":\"https:\/\/www.cerakotesa.com\/shop\/\"},{\"@type\":\"ListItem\",\"position\":3,\"name\":\"Iwata LPH80 Spray Gun Kit SE-138\"}]},{\"@type\":\"WebSite\",\"@id\":\"https:\/\/www.cerakotesa.com\/#website\",\"url\":\"https:\/\/www.cerakotesa.com\/\",\"name\":\"Cerakote South Africa\",\"description\":\"Cerakote is a global leader in the manufacturing of thin-film protective ceramic coatings\",\"potentialAction\":[{\"@type\":\"SearchAction\",\"target\":{\"@type\":\"EntryPoint\",\"urlTemplate\":\"https:\/\/www.cerakotesa.com\/?s={search_term_string}\"},\"query-input\":{\"@type\":\"PropertyValueSpecification\",\"valueRequired\":true,\"valueName\":\"search_term_string\"}}],\"inLanguage\":\"es\"}]}<\/script>\n<!-- \/ Yoast SEO plugin. -->","yoast_head_json":{"title":"Iwata LPH80 Spray Gun Kit SE-138 - Cerakote South Africa","robots":{"index":"index","follow":"follow","max-snippet":"max-snippet:-1","max-image-preview":"max-image-preview:large","max-video-preview":"max-video-preview:-1"},"canonical":"https:\/\/www.cerakotesa.com\/es\/producto\/iwata-lph80-spray-gun-kit-se-138\/","og_locale":"es_ES","og_type":"article","og_title":"Iwata LPH80 Spray Gun Kit SE-138 - Cerakote South Africa","og_description":"The compact IWATA LPH80 is the ULTIMATE application spray gun for Cerakote products. The IWATA LPH80 will spray all Cerakote Coatings, including metallics, with ease.  The IWATA LPH80 is center-mounted and includes:   0.8 tip size  E4 Air Cap  4\" 150 ml stainless-steel gravity feed cup  An adjustable spray pattern from round to full-fan shape  Spray pattern is adjustable from 1\/8\" to 6\" (0.3 cm to 15.24 cm)  A stainless-steel nozzle, paint passage and heat-tempered needle to ensure long-lasting, peak-performance spraying  Using only 2 cfm at 14 psi, this low-air-consumption spray gun provides high atomization with precise control of the spray pattern with a minimum of overspray. This spray gun uses the reliable and easy-to-service cartridge-style \"air-valve\" set, which can be serviced outside the gun and easily placed back into the gun body. Unlike siphon-feed guns, this gravity-feed cup will work with small amounts of coating without spitting.","og_url":"https:\/\/www.cerakotesa.com\/es\/producto\/iwata-lph80-spray-gun-kit-se-138\/","og_site_name":"Cerakote South Africa","article_modified_time":"2026-01-08T14:59:37+00:00","og_image":[{"width":800,"height":800,"url":"https:\/\/www.cerakotesa.com\/wp-content\/uploads\/2019\/12\/iwata-spray-gun-kit-lph80-se-138-dt20211001152254891-thumbnail.jpg","type":"image\/jpeg"}],"twitter_card":"summary_large_image","twitter_misc":{"Tiempo de lectura":"1 minuto"},"schema":{"@context":"https:\/\/schema.org","@graph":[{"@type":"WebPage","@id":"https:\/\/www.cerakotesa.com\/product\/iwata-lph80-spray-gun-kit-se-138\/","url":"https:\/\/www.cerakotesa.com\/product\/iwata-lph80-spray-gun-kit-se-138\/","name":"Iwata LPH80 Spray Gun Kit SE-138 - Cerakote South Africa","isPartOf":{"@id":"https:\/\/www.cerakotesa.com\/#website"},"primaryImageOfPage":{"@id":"https:\/\/www.cerakotesa.com\/product\/iwata-lph80-spray-gun-kit-se-138\/#primaryimage"},"image":{"@id":"https:\/\/www.cerakotesa.com\/product\/iwata-lph80-spray-gun-kit-se-138\/#primaryimage"},"thumbnailUrl":"https:\/\/www.cerakotesa.com\/wp-content\/uploads\/2019\/12\/iwata-spray-gun-kit-lph80-se-138-dt20211001152254891-thumbnail.jpg","datePublished":"2019-12-07T10:13:14+00:00","dateModified":"2026-01-08T14:59:37+00:00","breadcrumb":{"@id":"https:\/\/www.cerakotesa.com\/product\/iwata-lph80-spray-gun-kit-se-138\/#breadcrumb"},"inLanguage":"es","potentialAction":[{"@type":"ReadAction","target":["https:\/\/www.cerakotesa.com\/product\/iwata-lph80-spray-gun-kit-se-138\/"]}]},{"@type":"ImageObject","inLanguage":"es","@id":"https:\/\/www.cerakotesa.com\/product\/iwata-lph80-spray-gun-kit-se-138\/#primaryimage","url":"https:\/\/www.cerakotesa.com\/wp-content\/uploads\/2019\/12\/iwata-spray-gun-kit-lph80-se-138-dt20211001152254891-thumbnail.jpg","contentUrl":"https:\/\/www.cerakotesa.com\/wp-content\/uploads\/2019\/12\/iwata-spray-gun-kit-lph80-se-138-dt20211001152254891-thumbnail.jpg","width":800,"height":800},{"@type":"BreadcrumbList","@id":"https:\/\/www.cerakotesa.com\/product\/iwata-lph80-spray-gun-kit-se-138\/#breadcrumb","itemListElement":[{"@type":"ListItem","position":1,"name":"Home","item":"https:\/\/www.cerakotesa.com\/"},{"@type":"ListItem","position":2,"name":"Products","item":"https:\/\/www.cerakotesa.com\/shop\/"},{"@type":"ListItem","position":3,"name":"Iwata LPH80 Spray Gun Kit SE-138"}]},{"@type":"WebSite","@id":"https:\/\/www.cerakotesa.com\/#website","url":"https:\/\/www.cerakotesa.com\/","name":"Cerakote South Africa","description":"Cerakote es l\u00edder mundial en la fabricaci\u00f3n de recubrimientos cer\u00e1micos protectores de capa fina.","potentialAction":[{"@type":"SearchAction","target":{"@type":"EntryPoint","urlTemplate":"https:\/\/www.cerakotesa.com\/?s={search_term_string}"},"query-input":{"@type":"PropertyValueSpecification","valueRequired":true,"valueName":"search_term_string"}}],"inLanguage":"es"}]}},"acf":[],"_links":{"self":[{"href":"https:\/\/www.cerakotesa.com\/es\/wp-json\/wp\/v2\/product\/1590","targetHints":{"allow":["GET"]}}],"collection":[{"href":"https:\/\/www.cerakotesa.com\/es\/wp-json\/wp\/v2\/product"}],"about":[{"href":"https:\/\/www.cerakotesa.com\/es\/wp-json\/wp\/v2\/types\/product"}],"replies":[{"embeddable":true,"href":"https:\/\/www.cerakotesa.com\/es\/wp-json\/wp\/v2\/comments?post=1590"}],"wp:featuredmedia":[{"embeddable":true,"href":"https:\/\/www.cerakotesa.com\/es\/wp-json\/wp\/v2\/media\/17252"}],"wp:attachment":[{"href":"https:\/\/www.cerakotesa.com\/es\/wp-json\/wp\/v2\/media?parent=1590"}],"wp:term":[{"taxonomy":"product_brand","embeddable":true,"href":"https:\/\/www.cerakotesa.com\/es\/wp-json\/wp\/v2\/product_brand?post=1590"},{"taxonomy":"product_cat","embeddable":true,"href":"https:\/\/www.cerakotesa.com\/es\/wp-json\/wp\/v2\/product_cat?post=1590"},{"taxonomy":"product_tag","embeddable":true,"href":"https:\/\/www.cerakotesa.com\/es\/wp-json\/wp\/v2\/product_tag?post=1590"}],"curies":[{"name":"wp","href":"https:\/\/api.w.org\/{rel}","templated":true}]}}