{"id":15904,"date":"2023-11-14T13:33:40","date_gmt":"2023-11-14T13:33:40","guid":{"rendered":"https:\/\/www.cerakotesa.com\/?post_type=product&#038;p=15904"},"modified":"2025-12-05T17:54:36","modified_gmt":"2025-12-05T17:54:36","slug":"magnetic-spray-gun-holder-se-369","status":"publish","type":"product","link":"https:\/\/www.cerakotesa.com\/es\/producto\/magnetic-spray-gun-holder-se-369\/","title":{"rendered":"Soporte magn\u00e9tico para pistola SE-495"},"content":{"rendered":"","protected":false},"excerpt":{"rendered":"<p>Las pistolas pulverizadoras llenas de revestimiento pueden resultar engorrosas si no se dispone de un soporte para pistolas pulverizadoras. Especialmente si quiere hacer un trabajo de varios colores con las dos pistolas pulverizadoras, y entonces tiene que aprender a hacer malabarismos con las pistolas pulverizadoras, lo cual es todo un reto. \u00a1Pero no haga m\u00e1s malabarismos! El soporte magn\u00e9tico doble para pistolas pulverizadoras est\u00e1 aqu\u00ed para salvarle el d\u00eda.<\/p>\n<p>Especificaciones:<\/p>\n<p>- Potente im\u00e1n con capacidad para dos pistolas pulverizadoras de tama\u00f1o normal<\/p>\n<p>- Se fija a las paredes de la cabina de pintura o al banco de trabajo<\/p>\n<p>- Almacenamiento seguro, no se desliza durante el uso<\/p>\n<p>*Pistolas de pulverizaci\u00f3n no incluidas.<\/p>","protected":false},"featured_media":15906,"comment_status":"open","ping_status":"closed","template":"","meta":{"_acf_changed":false},"product_brand":[],"product_cat":[106],"product_tag":[1055],"class_list":{"0":"post-15904","1":"product","2":"type-product","3":"status-publish","4":"has-post-thumbnail","6":"product_cat-equipment","7":"product_tag-spray-gun-holder","8":"product_shipping_class-flat-rate","10":"first","11":"instock","12":"taxable","13":"shipping-taxable","14":"product-type-simple"},"yoast_head":"<!-- This site is optimized with the Yoast SEO plugin v26.7 - https:\/\/yoast.com\/wordpress\/plugins\/seo\/ -->\n<title>Magnetic Spray Gun Holder SE-495 - Cerakote South Africa<\/title>\n<meta name=\"robots\" content=\"index, follow, max-snippet:-1, max-image-preview:large, max-video-preview:-1\" \/>\n<link rel=\"canonical\" href=\"https:\/\/www.cerakotesa.com\/es\/producto\/magnetic-spray-gun-holder-se-369\/\" \/>\n<meta property=\"og:locale\" content=\"es_ES\" \/>\n<meta property=\"og:type\" content=\"article\" \/>\n<meta property=\"og:title\" content=\"Magnetic Spray Gun Holder SE-495 - Cerakote South Africa\" \/>\n<meta property=\"og:description\" content=\"Spray guns full of coating can be cumbersome if you don\u2019t own a spray gun holder. Especially if you want to do a multiple color job with both of your spray guns, and then you have to learn to juggle spray guns, which is quite the challenge. But juggle no more! The Magnetic Dual Spray Gun Holder is here to save the day!  Specs:  \u2022 Powerful magnet holds two full size spray guns  \u2022 Attach to spray gun booth walls or work bench  \u2022 Secure storage, will not slide during use  *Spray guns not included.\" \/>\n<meta property=\"og:url\" content=\"https:\/\/www.cerakotesa.com\/es\/producto\/magnetic-spray-gun-holder-se-369\/\" \/>\n<meta property=\"og:site_name\" content=\"Cerakote South Africa\" \/>\n<meta property=\"article:modified_time\" content=\"2025-12-05T17:54:36+00:00\" \/>\n<meta property=\"og:image\" content=\"https:\/\/www.cerakotesa.com\/wp-content\/uploads\/2023\/11\/magnetic-spray-gun-holder-se-495-dt20220628182630805028-thumbnail.jpeg\" \/>\n\t<meta property=\"og:image:width\" content=\"800\" \/>\n\t<meta property=\"og:image:height\" content=\"800\" \/>\n\t<meta property=\"og:image:type\" content=\"image\/jpeg\" \/>\n<meta name=\"twitter:card\" content=\"summary_large_image\" \/>\n<script type=\"application\/ld+json\" class=\"yoast-schema-graph\">{\"@context\":\"https:\/\/schema.org\",\"@graph\":[{\"@type\":\"WebPage\",\"@id\":\"https:\/\/www.cerakotesa.com\/product\/magnetic-spray-gun-holder-se-369\/\",\"url\":\"https:\/\/www.cerakotesa.com\/product\/magnetic-spray-gun-holder-se-369\/\",\"name\":\"Magnetic Spray Gun Holder SE-495 - Cerakote South Africa\",\"isPartOf\":{\"@id\":\"https:\/\/www.cerakotesa.com\/#website\"},\"primaryImageOfPage\":{\"@id\":\"https:\/\/www.cerakotesa.com\/product\/magnetic-spray-gun-holder-se-369\/#primaryimage\"},\"image\":{\"@id\":\"https:\/\/www.cerakotesa.com\/product\/magnetic-spray-gun-holder-se-369\/#primaryimage\"},\"thumbnailUrl\":\"https:\/\/www.cerakotesa.com\/wp-content\/uploads\/2023\/11\/magnetic-spray-gun-holder-se-495-dt20220628182630805028-thumbnail.jpeg\",\"datePublished\":\"2023-11-14T13:33:40+00:00\",\"dateModified\":\"2025-12-05T17:54:36+00:00\",\"breadcrumb\":{\"@id\":\"https:\/\/www.cerakotesa.com\/product\/magnetic-spray-gun-holder-se-369\/#breadcrumb\"},\"inLanguage\":\"es\",\"potentialAction\":[{\"@type\":\"ReadAction\",\"target\":[\"https:\/\/www.cerakotesa.com\/product\/magnetic-spray-gun-holder-se-369\/\"]}]},{\"@type\":\"ImageObject\",\"inLanguage\":\"es\",\"@id\":\"https:\/\/www.cerakotesa.com\/product\/magnetic-spray-gun-holder-se-369\/#primaryimage\",\"url\":\"https:\/\/www.cerakotesa.com\/wp-content\/uploads\/2023\/11\/magnetic-spray-gun-holder-se-495-dt20220628182630805028-thumbnail.jpeg\",\"contentUrl\":\"https:\/\/www.cerakotesa.com\/wp-content\/uploads\/2023\/11\/magnetic-spray-gun-holder-se-495-dt20220628182630805028-thumbnail.jpeg\",\"width\":800,\"height\":800},{\"@type\":\"BreadcrumbList\",\"@id\":\"https:\/\/www.cerakotesa.com\/product\/magnetic-spray-gun-holder-se-369\/#breadcrumb\",\"itemListElement\":[{\"@type\":\"ListItem\",\"position\":1,\"name\":\"Home\",\"item\":\"https:\/\/www.cerakotesa.com\/\"},{\"@type\":\"ListItem\",\"position\":2,\"name\":\"Products\",\"item\":\"https:\/\/www.cerakotesa.com\/shop\/\"},{\"@type\":\"ListItem\",\"position\":3,\"name\":\"Magnetic Spray Gun Holder SE-495\"}]},{\"@type\":\"WebSite\",\"@id\":\"https:\/\/www.cerakotesa.com\/#website\",\"url\":\"https:\/\/www.cerakotesa.com\/\",\"name\":\"Cerakote South Africa\",\"description\":\"Cerakote is a global leader in the manufacturing of thin-film protective ceramic coatings\",\"potentialAction\":[{\"@type\":\"SearchAction\",\"target\":{\"@type\":\"EntryPoint\",\"urlTemplate\":\"https:\/\/www.cerakotesa.com\/?s={search_term_string}\"},\"query-input\":{\"@type\":\"PropertyValueSpecification\",\"valueRequired\":true,\"valueName\":\"search_term_string\"}}],\"inLanguage\":\"es\"}]}<\/script>\n<!-- \/ Yoast SEO plugin. -->","yoast_head_json":{"title":"Magnetic Spray Gun Holder SE-495 - Cerakote South Africa","robots":{"index":"index","follow":"follow","max-snippet":"max-snippet:-1","max-image-preview":"max-image-preview:large","max-video-preview":"max-video-preview:-1"},"canonical":"https:\/\/www.cerakotesa.com\/es\/producto\/magnetic-spray-gun-holder-se-369\/","og_locale":"es_ES","og_type":"article","og_title":"Magnetic Spray Gun Holder SE-495 - Cerakote South Africa","og_description":"Spray guns full of coating can be cumbersome if you don\u2019t own a spray gun holder. Especially if you want to do a multiple color job with both of your spray guns, and then you have to learn to juggle spray guns, which is quite the challenge. But juggle no more! The Magnetic Dual Spray Gun Holder is here to save the day!  Specs:  \u2022 Powerful magnet holds two full size spray guns  \u2022 Attach to spray gun booth walls or work bench  \u2022 Secure storage, will not slide during use  *Spray guns not included.","og_url":"https:\/\/www.cerakotesa.com\/es\/producto\/magnetic-spray-gun-holder-se-369\/","og_site_name":"Cerakote South Africa","article_modified_time":"2025-12-05T17:54:36+00:00","og_image":[{"width":800,"height":800,"url":"https:\/\/www.cerakotesa.com\/wp-content\/uploads\/2023\/11\/magnetic-spray-gun-holder-se-495-dt20220628182630805028-thumbnail.jpeg","type":"image\/jpeg"}],"twitter_card":"summary_large_image","schema":{"@context":"https:\/\/schema.org","@graph":[{"@type":"WebPage","@id":"https:\/\/www.cerakotesa.com\/product\/magnetic-spray-gun-holder-se-369\/","url":"https:\/\/www.cerakotesa.com\/product\/magnetic-spray-gun-holder-se-369\/","name":"Magnetic Spray Gun Holder SE-495 - Cerakote South Africa","isPartOf":{"@id":"https:\/\/www.cerakotesa.com\/#website"},"primaryImageOfPage":{"@id":"https:\/\/www.cerakotesa.com\/product\/magnetic-spray-gun-holder-se-369\/#primaryimage"},"image":{"@id":"https:\/\/www.cerakotesa.com\/product\/magnetic-spray-gun-holder-se-369\/#primaryimage"},"thumbnailUrl":"https:\/\/www.cerakotesa.com\/wp-content\/uploads\/2023\/11\/magnetic-spray-gun-holder-se-495-dt20220628182630805028-thumbnail.jpeg","datePublished":"2023-11-14T13:33:40+00:00","dateModified":"2025-12-05T17:54:36+00:00","breadcrumb":{"@id":"https:\/\/www.cerakotesa.com\/product\/magnetic-spray-gun-holder-se-369\/#breadcrumb"},"inLanguage":"es","potentialAction":[{"@type":"ReadAction","target":["https:\/\/www.cerakotesa.com\/product\/magnetic-spray-gun-holder-se-369\/"]}]},{"@type":"ImageObject","inLanguage":"es","@id":"https:\/\/www.cerakotesa.com\/product\/magnetic-spray-gun-holder-se-369\/#primaryimage","url":"https:\/\/www.cerakotesa.com\/wp-content\/uploads\/2023\/11\/magnetic-spray-gun-holder-se-495-dt20220628182630805028-thumbnail.jpeg","contentUrl":"https:\/\/www.cerakotesa.com\/wp-content\/uploads\/2023\/11\/magnetic-spray-gun-holder-se-495-dt20220628182630805028-thumbnail.jpeg","width":800,"height":800},{"@type":"BreadcrumbList","@id":"https:\/\/www.cerakotesa.com\/product\/magnetic-spray-gun-holder-se-369\/#breadcrumb","itemListElement":[{"@type":"ListItem","position":1,"name":"Home","item":"https:\/\/www.cerakotesa.com\/"},{"@type":"ListItem","position":2,"name":"Products","item":"https:\/\/www.cerakotesa.com\/shop\/"},{"@type":"ListItem","position":3,"name":"Magnetic Spray Gun Holder SE-495"}]},{"@type":"WebSite","@id":"https:\/\/www.cerakotesa.com\/#website","url":"https:\/\/www.cerakotesa.com\/","name":"Cerakote South Africa","description":"Cerakote es l\u00edder mundial en la fabricaci\u00f3n de recubrimientos cer\u00e1micos protectores de capa fina.","potentialAction":[{"@type":"SearchAction","target":{"@type":"EntryPoint","urlTemplate":"https:\/\/www.cerakotesa.com\/?s={search_term_string}"},"query-input":{"@type":"PropertyValueSpecification","valueRequired":true,"valueName":"search_term_string"}}],"inLanguage":"es"}]}},"acf":[],"_links":{"self":[{"href":"https:\/\/www.cerakotesa.com\/es\/wp-json\/wp\/v2\/product\/15904","targetHints":{"allow":["GET"]}}],"collection":[{"href":"https:\/\/www.cerakotesa.com\/es\/wp-json\/wp\/v2\/product"}],"about":[{"href":"https:\/\/www.cerakotesa.com\/es\/wp-json\/wp\/v2\/types\/product"}],"replies":[{"embeddable":true,"href":"https:\/\/www.cerakotesa.com\/es\/wp-json\/wp\/v2\/comments?post=15904"}],"wp:featuredmedia":[{"embeddable":true,"href":"https:\/\/www.cerakotesa.com\/es\/wp-json\/wp\/v2\/media\/15906"}],"wp:attachment":[{"href":"https:\/\/www.cerakotesa.com\/es\/wp-json\/wp\/v2\/media?parent=15904"}],"wp:term":[{"taxonomy":"product_brand","embeddable":true,"href":"https:\/\/www.cerakotesa.com\/es\/wp-json\/wp\/v2\/product_brand?post=15904"},{"taxonomy":"product_cat","embeddable":true,"href":"https:\/\/www.cerakotesa.com\/es\/wp-json\/wp\/v2\/product_cat?post=15904"},{"taxonomy":"product_tag","embeddable":true,"href":"https:\/\/www.cerakotesa.com\/es\/wp-json\/wp\/v2\/product_tag?post=15904"}],"curies":[{"name":"wp","href":"https:\/\/api.w.org\/{rel}","templated":true}]}}