{"id":1593,"date":"2019-12-07T10:26:45","date_gmt":"2019-12-07T10:26:45","guid":{"rendered":"https:\/\/staging.cerakote.co.uk\/?post_type=product&#038;p=1593"},"modified":"2024-08-05T13:26:39","modified_gmt":"2024-08-05T13:26:39","slug":"plug-kit-se-220","status":"publish","type":"product","link":"https:\/\/www.cerakotesa.com\/es\/producto\/plug-kit-se-220\/","title":{"rendered":"Kit de tapones SE-220"},"content":{"rendered":"","protected":false},"excerpt":{"rendered":"<p>Este perfecto kit de buj\u00edas para principiantes incluye 18 buj\u00edas diferentes. Con 18 opciones diferentes, tenemos una buj\u00eda para casi cualquier aplicaci\u00f3n. El kit de tapones de Cerakote incluye 323 tapones. Tanto si acaba de empezar a usar Cerakote, como si lo ha hecho durante 20 a\u00f1os, \u00a1este es un kit que necesita tener!<\/p>\n<p>Medidas de los tapones c\u00f3nicos:<\/p>\n<ul>\n<li>Tap\u00f3n peque\u00f1o verde claro: (0,125\u2033-0,625\u2033) de di\u00e1metro exterior, 0,625\u2033 de longitud.<\/li>\n<li>Tap\u00f3n rosa peque\u00f1o: (0,20\u2033-0,050\u2033) DE, 0,625\u2033 de longitud.<\/li>\n<li>Tap\u00f3n negro peque\u00f1o: (0,25\u2033-0,125\u2033) de di\u00e1metro exterior, 0,75\u2033 de longitud.<\/li>\n<li>Tap\u00f3n rojo peque\u00f1o: (0,35\u2033-0,1875\u2033) de di\u00e1metro exterior, 0,625\u2033 de longitud.<\/li>\n<li>Tap\u00f3n amarillo peque\u00f1o: (0,3625\u2033-0,25\u2033) DE, 0,75\u2033 de longitud.<\/li>\n<li>Tap\u00f3n transparente mediano: (0,50\u2033-0,35\u2033) de di\u00e1metro exterior, 0,80\u2033 de longitud.<\/li>\n<li>Tap\u00f3n verde claro medio: (0,625\u2033-0,45\u2033) de di\u00e1metro exterior, 0,85\u2033 de longitud.<\/li>\n<li>Tap\u00f3n morado mediano: (0,585\u2033-0,40\u2033) DE, 1\u2033 de longitud.<\/li>\n<li>Tap\u00f3n rosa medio: (0,65\u2033-0,50\u2033) DE, 1\u2033 de longitud.<\/li>\n<li>Tap\u00f3n rojo mediano: (0,75\u2033-0,625\u2033) DE, 1\u2033 de longitud.<\/li>\n<li>Tap\u00f3n negro grande: (0,75\u2033-0,58\u2033) DE, 1\u2033 de longitud.<\/li>\n<li>Tap\u00f3n amarillo grande: (0,925\u2033-0,70\u2033) DE, 1\u2033 de longitud.<\/li>\n<li>Tap\u00f3n transparente grande: (1,00\u2033-0,75\u2033) DE, 1\u2033 de longitud.<\/li>\n<li>Tap\u00f3n grande verde claro: (1,05\u2033-0,90\u2033) de di\u00e1metro exterior, 1\u2033 de longitud.<\/li>\n<li>Tap\u00f3n grande verde oscuro: (1,25\u2033-1,00\u2033) DE, 1\u2033 de longitud.<\/li>\n<li>Tap\u00f3n azul grande: (1,425\u2033-1,15\u2033) DE, 1\u2033 de longitud.<\/li>\n<li>Tap\u00f3n de tubo transparente grande: 0,450\u2033 de di\u00e1metro exterior, 0,325\u2033 de di\u00e1metro interior y 4,375\u2033 de longitud.<\/li>\n<li>Tap\u00f3n de tubo transparente peque\u00f1o: 0,350\u2033 de di\u00e1metro exterior, 0,0225\u2033 de di\u00e1metro interior y 4,375\u2033 de longitud.<\/li>\n<li>Temperaturas recomendadas hasta 600\u00b0F (315\u00b0C)<\/li>\n<li>Hueco para que sea m\u00e1s ligero y conforme<\/li>\n<li>Conicidad para adaptarse a diversos tama\u00f1os de orificios<\/li>\n<li>Ideal para enmascarar Cerakote.<\/li>\n<li>Reutilizable<\/li>\n<\/ul>","protected":false},"featured_media":12982,"comment_status":"closed","ping_status":"closed","template":"","meta":{"_acf_changed":false},"product_brand":[],"product_cat":[106],"product_tag":[105,591,592,593],"class_list":{"0":"post-1593","1":"product","2":"type-product","3":"status-publish","4":"has-post-thumbnail","6":"product_cat-equipment","7":"product_tag-equipment","8":"product_tag-plug-kit","9":"product_tag-plugs","10":"product_tag-se-220","11":"product_shipping_class-flat-rate","13":"first","14":"instock","15":"taxable","16":"shipping-taxable","17":"product-type-simple"},"yoast_head":"<!-- This site is optimized with the Yoast SEO plugin v26.7 - https:\/\/yoast.com\/wordpress\/plugins\/seo\/ -->\n<title>Plug Kit SE-220 - Cerakote South Africa<\/title>\n<meta name=\"robots\" content=\"index, follow, max-snippet:-1, max-image-preview:large, max-video-preview:-1\" \/>\n<link rel=\"canonical\" href=\"https:\/\/www.cerakotesa.com\/es\/producto\/plug-kit-se-220\/\" \/>\n<meta property=\"og:locale\" content=\"es_ES\" \/>\n<meta property=\"og:type\" content=\"article\" \/>\n<meta property=\"og:title\" content=\"Plug Kit SE-220 - Cerakote South Africa\" \/>\n<meta property=\"og:description\" content=\"This perfect starter plug kit includes 18 different plugs. With 18 different options, we have a plug for almost any application. Cerakote&#039;s plug kit includes 323 plugs. Whether you just started using Cerakote, or you have been for 20 years, this is a kit you need to have!  Measurements of the Tapered Plugs:   Small Light Green Plug: (0.125&quot;-0.625&quot;) OD, 0.625&quot; length  Small Pink Plug: (0.20&quot;-0.050&quot;) OD, 0.625&quot; length  Small Black Plug: (0.25&quot;-0.125&quot;) OD, 0.75&quot; length  Small Red Plug: (0.35&quot;-0.1875&quot;) OD, 0.625&quot; length  Small Yellow Plug: (0.3625&quot;-0.25&quot;) OD, 0.75&quot; length  Medium Clear Plug: (0.50&quot;-0.35&quot;) OD, 0.80&quot; length  Medium Light Green Plug: (0.625&quot;-0.45&quot;) OD, 0.85&quot; length  Medium Purple Plug: (0.585&quot;-0.40&quot;) OD, 1&quot; length  Medium Pink Plug: (0.65&quot;-0.50&quot;) OD, 1&quot; length  Medium Red Plug: (0.75&quot;-0.625&quot;) OD, 1&quot; length  Large Black Plug: (0.75&quot;-0.58&quot;) OD, 1&quot; length  Large Yellow Plug: (0.925&quot;-0.70&quot;) OD, 1&quot; length  Large Clear Plug: (1.00&quot;-0.75&quot;) OD, 1&quot; length  Large Light Green Plug: (1.05&quot;-0.90&quot;) OD, 1&quot; length  Large Dark Green Plug: (1.25&quot;-1.00&quot;) OD, 1&quot; length  Large Blue Plug: (1.425&quot;-1.15&quot;) OD, 1&quot; length  Large Clear Tube Plug: 0.450&quot; OD, 0.325&quot; ID, and 4.375&quot; long.  Small Clear Tube Plug: 0.350&quot; OD, 0.0225&quot; ID, and 4.375&quot; long.  Recommended temperatures up to 600\u00b0F (315\u00b0C)  Hollow to make it lighter and more conforming  Tapered to fit into a range of hole sizes  Great for Cerakote masking.  Reusable\" \/>\n<meta property=\"og:url\" content=\"https:\/\/www.cerakotesa.com\/es\/producto\/plug-kit-se-220\/\" \/>\n<meta property=\"og:site_name\" content=\"Cerakote South Africa\" \/>\n<meta property=\"article:modified_time\" content=\"2024-08-05T13:26:39+00:00\" \/>\n<meta property=\"og:image\" content=\"https:\/\/www.cerakotesa.com\/wp-content\/uploads\/2023\/06\/plug-kit-se-220-dt20211001153125251-thumbnail.jpg\" \/>\n\t<meta property=\"og:image:width\" content=\"800\" \/>\n\t<meta property=\"og:image:height\" content=\"800\" \/>\n\t<meta property=\"og:image:type\" content=\"image\/jpeg\" \/>\n<meta name=\"twitter:card\" content=\"summary_large_image\" \/>\n<script type=\"application\/ld+json\" class=\"yoast-schema-graph\">{\"@context\":\"https:\/\/schema.org\",\"@graph\":[{\"@type\":\"WebPage\",\"@id\":\"https:\/\/www.cerakotesa.com\/product\/plug-kit-se-220\/\",\"url\":\"https:\/\/www.cerakotesa.com\/product\/plug-kit-se-220\/\",\"name\":\"Plug Kit SE-220 - Cerakote South Africa\",\"isPartOf\":{\"@id\":\"https:\/\/www.cerakotesa.com\/#website\"},\"primaryImageOfPage\":{\"@id\":\"https:\/\/www.cerakotesa.com\/product\/plug-kit-se-220\/#primaryimage\"},\"image\":{\"@id\":\"https:\/\/www.cerakotesa.com\/product\/plug-kit-se-220\/#primaryimage\"},\"thumbnailUrl\":\"https:\/\/www.cerakotesa.com\/wp-content\/uploads\/2023\/06\/plug-kit-se-220-dt20211001153125251-thumbnail.jpg\",\"datePublished\":\"2019-12-07T10:26:45+00:00\",\"dateModified\":\"2024-08-05T13:26:39+00:00\",\"breadcrumb\":{\"@id\":\"https:\/\/www.cerakotesa.com\/product\/plug-kit-se-220\/#breadcrumb\"},\"inLanguage\":\"es\",\"potentialAction\":[{\"@type\":\"ReadAction\",\"target\":[\"https:\/\/www.cerakotesa.com\/product\/plug-kit-se-220\/\"]}]},{\"@type\":\"ImageObject\",\"inLanguage\":\"es\",\"@id\":\"https:\/\/www.cerakotesa.com\/product\/plug-kit-se-220\/#primaryimage\",\"url\":\"https:\/\/www.cerakotesa.com\/wp-content\/uploads\/2023\/06\/plug-kit-se-220-dt20211001153125251-thumbnail.jpg\",\"contentUrl\":\"https:\/\/www.cerakotesa.com\/wp-content\/uploads\/2023\/06\/plug-kit-se-220-dt20211001153125251-thumbnail.jpg\",\"width\":800,\"height\":800},{\"@type\":\"BreadcrumbList\",\"@id\":\"https:\/\/www.cerakotesa.com\/product\/plug-kit-se-220\/#breadcrumb\",\"itemListElement\":[{\"@type\":\"ListItem\",\"position\":1,\"name\":\"Home\",\"item\":\"https:\/\/www.cerakotesa.com\/\"},{\"@type\":\"ListItem\",\"position\":2,\"name\":\"Products\",\"item\":\"https:\/\/www.cerakotesa.com\/shop\/\"},{\"@type\":\"ListItem\",\"position\":3,\"name\":\"Plug Kit SE-220\"}]},{\"@type\":\"WebSite\",\"@id\":\"https:\/\/www.cerakotesa.com\/#website\",\"url\":\"https:\/\/www.cerakotesa.com\/\",\"name\":\"Cerakote South Africa\",\"description\":\"Cerakote is a global leader in the manufacturing of thin-film protective ceramic coatings\",\"potentialAction\":[{\"@type\":\"SearchAction\",\"target\":{\"@type\":\"EntryPoint\",\"urlTemplate\":\"https:\/\/www.cerakotesa.com\/?s={search_term_string}\"},\"query-input\":{\"@type\":\"PropertyValueSpecification\",\"valueRequired\":true,\"valueName\":\"search_term_string\"}}],\"inLanguage\":\"es\"}]}<\/script>\n<!-- \/ Yoast SEO plugin. -->","yoast_head_json":{"title":"Plug Kit SE-220 - Cerakote South Africa","robots":{"index":"index","follow":"follow","max-snippet":"max-snippet:-1","max-image-preview":"max-image-preview:large","max-video-preview":"max-video-preview:-1"},"canonical":"https:\/\/www.cerakotesa.com\/es\/producto\/plug-kit-se-220\/","og_locale":"es_ES","og_type":"article","og_title":"Plug Kit SE-220 - Cerakote South Africa","og_description":"This perfect starter plug kit includes 18 different plugs. With 18 different options, we have a plug for almost any application. Cerakote's plug kit includes 323 plugs. Whether you just started using Cerakote, or you have been for 20 years, this is a kit you need to have!  Measurements of the Tapered Plugs:   Small Light Green Plug: (0.125\"-0.625\") OD, 0.625\" length  Small Pink Plug: (0.20\"-0.050\") OD, 0.625\" length  Small Black Plug: (0.25\"-0.125\") OD, 0.75\" length  Small Red Plug: (0.35\"-0.1875\") OD, 0.625\" length  Small Yellow Plug: (0.3625\"-0.25\") OD, 0.75\" length  Medium Clear Plug: (0.50\"-0.35\") OD, 0.80\" length  Medium Light Green Plug: (0.625\"-0.45\") OD, 0.85\" length  Medium Purple Plug: (0.585\"-0.40\") OD, 1\" length  Medium Pink Plug: (0.65\"-0.50\") OD, 1\" length  Medium Red Plug: (0.75\"-0.625\") OD, 1\" length  Large Black Plug: (0.75\"-0.58\") OD, 1\" length  Large Yellow Plug: (0.925\"-0.70\") OD, 1\" length  Large Clear Plug: (1.00\"-0.75\") OD, 1\" length  Large Light Green Plug: (1.05\"-0.90\") OD, 1\" length  Large Dark Green Plug: (1.25\"-1.00\") OD, 1\" length  Large Blue Plug: (1.425\"-1.15\") OD, 1\" length  Large Clear Tube Plug: 0.450\" OD, 0.325\" ID, and 4.375\" long.  Small Clear Tube Plug: 0.350\" OD, 0.0225\" ID, and 4.375\" long.  Recommended temperatures up to 600\u00b0F (315\u00b0C)  Hollow to make it lighter and more conforming  Tapered to fit into a range of hole sizes  Great for Cerakote masking.  Reusable","og_url":"https:\/\/www.cerakotesa.com\/es\/producto\/plug-kit-se-220\/","og_site_name":"Cerakote South Africa","article_modified_time":"2024-08-05T13:26:39+00:00","og_image":[{"width":800,"height":800,"url":"https:\/\/www.cerakotesa.com\/wp-content\/uploads\/2023\/06\/plug-kit-se-220-dt20211001153125251-thumbnail.jpg","type":"image\/jpeg"}],"twitter_card":"summary_large_image","schema":{"@context":"https:\/\/schema.org","@graph":[{"@type":"WebPage","@id":"https:\/\/www.cerakotesa.com\/product\/plug-kit-se-220\/","url":"https:\/\/www.cerakotesa.com\/product\/plug-kit-se-220\/","name":"Plug Kit SE-220 - Cerakote South Africa","isPartOf":{"@id":"https:\/\/www.cerakotesa.com\/#website"},"primaryImageOfPage":{"@id":"https:\/\/www.cerakotesa.com\/product\/plug-kit-se-220\/#primaryimage"},"image":{"@id":"https:\/\/www.cerakotesa.com\/product\/plug-kit-se-220\/#primaryimage"},"thumbnailUrl":"https:\/\/www.cerakotesa.com\/wp-content\/uploads\/2023\/06\/plug-kit-se-220-dt20211001153125251-thumbnail.jpg","datePublished":"2019-12-07T10:26:45+00:00","dateModified":"2024-08-05T13:26:39+00:00","breadcrumb":{"@id":"https:\/\/www.cerakotesa.com\/product\/plug-kit-se-220\/#breadcrumb"},"inLanguage":"es","potentialAction":[{"@type":"ReadAction","target":["https:\/\/www.cerakotesa.com\/product\/plug-kit-se-220\/"]}]},{"@type":"ImageObject","inLanguage":"es","@id":"https:\/\/www.cerakotesa.com\/product\/plug-kit-se-220\/#primaryimage","url":"https:\/\/www.cerakotesa.com\/wp-content\/uploads\/2023\/06\/plug-kit-se-220-dt20211001153125251-thumbnail.jpg","contentUrl":"https:\/\/www.cerakotesa.com\/wp-content\/uploads\/2023\/06\/plug-kit-se-220-dt20211001153125251-thumbnail.jpg","width":800,"height":800},{"@type":"BreadcrumbList","@id":"https:\/\/www.cerakotesa.com\/product\/plug-kit-se-220\/#breadcrumb","itemListElement":[{"@type":"ListItem","position":1,"name":"Home","item":"https:\/\/www.cerakotesa.com\/"},{"@type":"ListItem","position":2,"name":"Products","item":"https:\/\/www.cerakotesa.com\/shop\/"},{"@type":"ListItem","position":3,"name":"Plug Kit SE-220"}]},{"@type":"WebSite","@id":"https:\/\/www.cerakotesa.com\/#website","url":"https:\/\/www.cerakotesa.com\/","name":"Cerakote South Africa","description":"Cerakote es l\u00edder mundial en la fabricaci\u00f3n de recubrimientos cer\u00e1micos protectores de capa fina.","potentialAction":[{"@type":"SearchAction","target":{"@type":"EntryPoint","urlTemplate":"https:\/\/www.cerakotesa.com\/?s={search_term_string}"},"query-input":{"@type":"PropertyValueSpecification","valueRequired":true,"valueName":"search_term_string"}}],"inLanguage":"es"}]}},"acf":[],"_links":{"self":[{"href":"https:\/\/www.cerakotesa.com\/es\/wp-json\/wp\/v2\/product\/1593","targetHints":{"allow":["GET"]}}],"collection":[{"href":"https:\/\/www.cerakotesa.com\/es\/wp-json\/wp\/v2\/product"}],"about":[{"href":"https:\/\/www.cerakotesa.com\/es\/wp-json\/wp\/v2\/types\/product"}],"replies":[{"embeddable":true,"href":"https:\/\/www.cerakotesa.com\/es\/wp-json\/wp\/v2\/comments?post=1593"}],"wp:featuredmedia":[{"embeddable":true,"href":"https:\/\/www.cerakotesa.com\/es\/wp-json\/wp\/v2\/media\/12982"}],"wp:attachment":[{"href":"https:\/\/www.cerakotesa.com\/es\/wp-json\/wp\/v2\/media?parent=1593"}],"wp:term":[{"taxonomy":"product_brand","embeddable":true,"href":"https:\/\/www.cerakotesa.com\/es\/wp-json\/wp\/v2\/product_brand?post=1593"},{"taxonomy":"product_cat","embeddable":true,"href":"https:\/\/www.cerakotesa.com\/es\/wp-json\/wp\/v2\/product_cat?post=1593"},{"taxonomy":"product_tag","embeddable":true,"href":"https:\/\/www.cerakotesa.com\/es\/wp-json\/wp\/v2\/product_tag?post=1593"}],"curies":[{"name":"wp","href":"https:\/\/api.w.org\/{rel}","templated":true}]}}