{"id":1594,"date":"2019-12-07T10:43:30","date_gmt":"2019-12-07T10:43:30","guid":{"rendered":"https:\/\/staging.cerakote.co.uk\/?post_type=product&#038;p=1594"},"modified":"2026-01-08T14:09:45","modified_gmt":"2026-01-08T14:09:45","slug":"mil-thickness-gauge-se-321","status":"publish","type":"product","link":"https:\/\/www.cerakotesa.com\/es\/producto\/mil-thickness-gauge-se-321\/","title":{"rendered":"Medidor de espesor Mil SE-321"},"content":{"rendered":"","protected":false},"excerpt":{"rendered":"<p>El Cerakote<sup>\u00ae<\/sup> El medidor de espesor Mil es una herramienta extremadamente \u00fatil que cualquier barnizador debe tener. Este medidor de espesor Mil se puede utilizar en metales ferrosos tales como hierro fundido, acero al carbono y acero inoxidable, as\u00ed como metales no ferrosos como el aluminio. Asegurar las medidas correctas de recubrimiento es vital para una apariencia pr\u00edstina y un acabado uniforme.<\/p>\n<p>El medidor incluye:<\/p>\n<ul>\n<li>Pantalla LCD de matriz de 128 puntos, operaciones de men\u00fa est\u00e1ndar;<\/li>\n<li>Dos modos de medici\u00f3n: simple y continua;<\/li>\n<li>Calibraci\u00f3n del punto cero y calibraci\u00f3n multipunto (hasta 4 puntos) para cada grupo;<\/li>\n<li>El usuario puede recuperar, borrar lecturas espec\u00edficas o borrar lecturas de grupo;<\/li>\n<li>Visualizaci\u00f3n de estad\u00edsticas; media, m\u00ednimo, m\u00e1ximo y desviaci\u00f3n t\u00edpica;<\/li>\n<li>Tres modos de sonda: autom\u00e1tica, magn\u00e9tica y de corrientes de Foucault;<\/li>\n<li>El usuario puede establecer una alarma de l\u00edmite alto o bajo para cada grupo;<\/li>\n<li>Apagado autom\u00e1tico;<\/li>\n<li>Interfaz USB para la transmisi\u00f3n de datos;<\/li>\n<\/ul>\n<p>Indicaci\u00f3n de bater\u00eda baja y error;<\/p>\n<p>El paquete incluye:<\/p>\n<ul>\n<li>Medidor de espesor de revestimiento<\/li>\n<li>Sustrato<\/li>\n<li>L\u00e1mina est\u00e1ndar<\/li>\n<li>CD y cable USB<\/li>\n<li>Manual del usuario<\/li>\n<li>No se conforme con la mediocracia, esfu\u00e9rcese por alcanzar la excelencia.<\/li>\n<\/ul>","protected":false},"featured_media":15654,"comment_status":"closed","ping_status":"closed","template":"","meta":{"_acf_changed":false},"product_brand":[],"product_cat":[106],"product_tag":[105,594,595],"class_list":{"0":"post-1594","1":"product","2":"type-product","3":"status-publish","4":"has-post-thumbnail","6":"product_cat-equipment","7":"product_tag-equipment","8":"product_tag-mil-thickness-gauge","9":"product_tag-se-321","10":"product_shipping_class-flat-rate","12":"first","13":"instock","14":"taxable","15":"shipping-taxable","16":"product-type-simple"},"yoast_head":"<!-- This site is optimized with the Yoast SEO plugin v26.7 - https:\/\/yoast.com\/wordpress\/plugins\/seo\/ -->\n<title>Mil Thickness Gauge SE-321 - Cerakote South Africa<\/title>\n<meta name=\"robots\" content=\"index, follow, max-snippet:-1, max-image-preview:large, max-video-preview:-1\" \/>\n<link rel=\"canonical\" href=\"https:\/\/www.cerakotesa.com\/es\/producto\/mil-thickness-gauge-se-321\/\" \/>\n<meta property=\"og:locale\" content=\"es_ES\" \/>\n<meta property=\"og:type\" content=\"article\" \/>\n<meta property=\"og:title\" content=\"Mil Thickness Gauge SE-321 - Cerakote South Africa\" \/>\n<meta property=\"og:description\" content=\"The Cerakote\u00ae Mil Thickness Gauge is an extremely useful tool that any coater must have! This Mil Thickness gauge can be used on ferrous metals such as cast iron, carbon steel and stainless steel as well as non-ferrous metals like aluminum. Ensuring correct measurements of coating is vital for a pristine look and an even finish.  Gauge includes:   128 dot matrix LCD display, standard menu operations;  Two measure mode: single and continuous;  Zero point calibration and multi-point calibration (up to 4 points) for each group;  User can recall, delete specified readings, or delete group readings;  Statistics display; mean, minimum, maximum and standard deviation;  Three probe mode: auto, magnetic, and eddy current;  User can set high or low limit alarm for each group;  Power off automatically;  USB interface to data transmission;  Low battery and error indication;  Package includes:   Coating thickness gauge  Substrate  Standard Foil  CD &amp; USB cable  User manual  Do not settle for mediocracy, strive for excellence.\" \/>\n<meta property=\"og:url\" content=\"https:\/\/www.cerakotesa.com\/es\/producto\/mil-thickness-gauge-se-321\/\" \/>\n<meta property=\"og:site_name\" content=\"Cerakote South Africa\" \/>\n<meta property=\"article:modified_time\" content=\"2026-01-08T14:09:45+00:00\" \/>\n<meta property=\"og:image\" content=\"https:\/\/www.cerakotesa.com\/wp-content\/uploads\/2019\/12\/cerakote-mil-thickness-gauge-se-321-dt20200608213845168-thumbnail-1.jpg\" \/>\n\t<meta property=\"og:image:width\" content=\"800\" \/>\n\t<meta property=\"og:image:height\" content=\"800\" \/>\n\t<meta property=\"og:image:type\" content=\"image\/jpeg\" \/>\n<meta name=\"twitter:card\" content=\"summary_large_image\" \/>\n<script type=\"application\/ld+json\" class=\"yoast-schema-graph\">{\"@context\":\"https:\/\/schema.org\",\"@graph\":[{\"@type\":\"WebPage\",\"@id\":\"https:\/\/www.cerakotesa.com\/product\/mil-thickness-gauge-se-321\/\",\"url\":\"https:\/\/www.cerakotesa.com\/product\/mil-thickness-gauge-se-321\/\",\"name\":\"Mil Thickness Gauge SE-321 - Cerakote South Africa\",\"isPartOf\":{\"@id\":\"https:\/\/www.cerakotesa.com\/#website\"},\"primaryImageOfPage\":{\"@id\":\"https:\/\/www.cerakotesa.com\/product\/mil-thickness-gauge-se-321\/#primaryimage\"},\"image\":{\"@id\":\"https:\/\/www.cerakotesa.com\/product\/mil-thickness-gauge-se-321\/#primaryimage\"},\"thumbnailUrl\":\"https:\/\/www.cerakotesa.com\/wp-content\/uploads\/2019\/12\/cerakote-mil-thickness-gauge-se-321-dt20200608213845168-thumbnail-1.jpg\",\"datePublished\":\"2019-12-07T10:43:30+00:00\",\"dateModified\":\"2026-01-08T14:09:45+00:00\",\"breadcrumb\":{\"@id\":\"https:\/\/www.cerakotesa.com\/product\/mil-thickness-gauge-se-321\/#breadcrumb\"},\"inLanguage\":\"es\",\"potentialAction\":[{\"@type\":\"ReadAction\",\"target\":[\"https:\/\/www.cerakotesa.com\/product\/mil-thickness-gauge-se-321\/\"]}]},{\"@type\":\"ImageObject\",\"inLanguage\":\"es\",\"@id\":\"https:\/\/www.cerakotesa.com\/product\/mil-thickness-gauge-se-321\/#primaryimage\",\"url\":\"https:\/\/www.cerakotesa.com\/wp-content\/uploads\/2019\/12\/cerakote-mil-thickness-gauge-se-321-dt20200608213845168-thumbnail-1.jpg\",\"contentUrl\":\"https:\/\/www.cerakotesa.com\/wp-content\/uploads\/2019\/12\/cerakote-mil-thickness-gauge-se-321-dt20200608213845168-thumbnail-1.jpg\",\"width\":800,\"height\":800},{\"@type\":\"BreadcrumbList\",\"@id\":\"https:\/\/www.cerakotesa.com\/product\/mil-thickness-gauge-se-321\/#breadcrumb\",\"itemListElement\":[{\"@type\":\"ListItem\",\"position\":1,\"name\":\"Home\",\"item\":\"https:\/\/www.cerakotesa.com\/\"},{\"@type\":\"ListItem\",\"position\":2,\"name\":\"Products\",\"item\":\"https:\/\/www.cerakotesa.com\/shop\/\"},{\"@type\":\"ListItem\",\"position\":3,\"name\":\"Mil Thickness Gauge SE-321\"}]},{\"@type\":\"WebSite\",\"@id\":\"https:\/\/www.cerakotesa.com\/#website\",\"url\":\"https:\/\/www.cerakotesa.com\/\",\"name\":\"Cerakote South Africa\",\"description\":\"Cerakote is a global leader in the manufacturing of thin-film protective ceramic coatings\",\"potentialAction\":[{\"@type\":\"SearchAction\",\"target\":{\"@type\":\"EntryPoint\",\"urlTemplate\":\"https:\/\/www.cerakotesa.com\/?s={search_term_string}\"},\"query-input\":{\"@type\":\"PropertyValueSpecification\",\"valueRequired\":true,\"valueName\":\"search_term_string\"}}],\"inLanguage\":\"es\"}]}<\/script>\n<!-- \/ Yoast SEO plugin. -->","yoast_head_json":{"title":"Mil Thickness Gauge SE-321 - Cerakote South Africa","robots":{"index":"index","follow":"follow","max-snippet":"max-snippet:-1","max-image-preview":"max-image-preview:large","max-video-preview":"max-video-preview:-1"},"canonical":"https:\/\/www.cerakotesa.com\/es\/producto\/mil-thickness-gauge-se-321\/","og_locale":"es_ES","og_type":"article","og_title":"Mil Thickness Gauge SE-321 - Cerakote South Africa","og_description":"The Cerakote\u00ae Mil Thickness Gauge is an extremely useful tool that any coater must have! This Mil Thickness gauge can be used on ferrous metals such as cast iron, carbon steel and stainless steel as well as non-ferrous metals like aluminum. Ensuring correct measurements of coating is vital for a pristine look and an even finish.  Gauge includes:   128 dot matrix LCD display, standard menu operations;  Two measure mode: single and continuous;  Zero point calibration and multi-point calibration (up to 4 points) for each group;  User can recall, delete specified readings, or delete group readings;  Statistics display; mean, minimum, maximum and standard deviation;  Three probe mode: auto, magnetic, and eddy current;  User can set high or low limit alarm for each group;  Power off automatically;  USB interface to data transmission;  Low battery and error indication;  Package includes:   Coating thickness gauge  Substrate  Standard Foil  CD &amp; USB cable  User manual  Do not settle for mediocracy, strive for excellence.","og_url":"https:\/\/www.cerakotesa.com\/es\/producto\/mil-thickness-gauge-se-321\/","og_site_name":"Cerakote South Africa","article_modified_time":"2026-01-08T14:09:45+00:00","og_image":[{"width":800,"height":800,"url":"https:\/\/www.cerakotesa.com\/wp-content\/uploads\/2019\/12\/cerakote-mil-thickness-gauge-se-321-dt20200608213845168-thumbnail-1.jpg","type":"image\/jpeg"}],"twitter_card":"summary_large_image","schema":{"@context":"https:\/\/schema.org","@graph":[{"@type":"WebPage","@id":"https:\/\/www.cerakotesa.com\/product\/mil-thickness-gauge-se-321\/","url":"https:\/\/www.cerakotesa.com\/product\/mil-thickness-gauge-se-321\/","name":"Mil Thickness Gauge SE-321 - Cerakote South Africa","isPartOf":{"@id":"https:\/\/www.cerakotesa.com\/#website"},"primaryImageOfPage":{"@id":"https:\/\/www.cerakotesa.com\/product\/mil-thickness-gauge-se-321\/#primaryimage"},"image":{"@id":"https:\/\/www.cerakotesa.com\/product\/mil-thickness-gauge-se-321\/#primaryimage"},"thumbnailUrl":"https:\/\/www.cerakotesa.com\/wp-content\/uploads\/2019\/12\/cerakote-mil-thickness-gauge-se-321-dt20200608213845168-thumbnail-1.jpg","datePublished":"2019-12-07T10:43:30+00:00","dateModified":"2026-01-08T14:09:45+00:00","breadcrumb":{"@id":"https:\/\/www.cerakotesa.com\/product\/mil-thickness-gauge-se-321\/#breadcrumb"},"inLanguage":"es","potentialAction":[{"@type":"ReadAction","target":["https:\/\/www.cerakotesa.com\/product\/mil-thickness-gauge-se-321\/"]}]},{"@type":"ImageObject","inLanguage":"es","@id":"https:\/\/www.cerakotesa.com\/product\/mil-thickness-gauge-se-321\/#primaryimage","url":"https:\/\/www.cerakotesa.com\/wp-content\/uploads\/2019\/12\/cerakote-mil-thickness-gauge-se-321-dt20200608213845168-thumbnail-1.jpg","contentUrl":"https:\/\/www.cerakotesa.com\/wp-content\/uploads\/2019\/12\/cerakote-mil-thickness-gauge-se-321-dt20200608213845168-thumbnail-1.jpg","width":800,"height":800},{"@type":"BreadcrumbList","@id":"https:\/\/www.cerakotesa.com\/product\/mil-thickness-gauge-se-321\/#breadcrumb","itemListElement":[{"@type":"ListItem","position":1,"name":"Home","item":"https:\/\/www.cerakotesa.com\/"},{"@type":"ListItem","position":2,"name":"Products","item":"https:\/\/www.cerakotesa.com\/shop\/"},{"@type":"ListItem","position":3,"name":"Mil Thickness Gauge SE-321"}]},{"@type":"WebSite","@id":"https:\/\/www.cerakotesa.com\/#website","url":"https:\/\/www.cerakotesa.com\/","name":"Cerakote South Africa","description":"Cerakote es l\u00edder mundial en la fabricaci\u00f3n de recubrimientos cer\u00e1micos protectores de capa fina.","potentialAction":[{"@type":"SearchAction","target":{"@type":"EntryPoint","urlTemplate":"https:\/\/www.cerakotesa.com\/?s={search_term_string}"},"query-input":{"@type":"PropertyValueSpecification","valueRequired":true,"valueName":"search_term_string"}}],"inLanguage":"es"}]}},"acf":[],"_links":{"self":[{"href":"https:\/\/www.cerakotesa.com\/es\/wp-json\/wp\/v2\/product\/1594","targetHints":{"allow":["GET"]}}],"collection":[{"href":"https:\/\/www.cerakotesa.com\/es\/wp-json\/wp\/v2\/product"}],"about":[{"href":"https:\/\/www.cerakotesa.com\/es\/wp-json\/wp\/v2\/types\/product"}],"replies":[{"embeddable":true,"href":"https:\/\/www.cerakotesa.com\/es\/wp-json\/wp\/v2\/comments?post=1594"}],"wp:featuredmedia":[{"embeddable":true,"href":"https:\/\/www.cerakotesa.com\/es\/wp-json\/wp\/v2\/media\/15654"}],"wp:attachment":[{"href":"https:\/\/www.cerakotesa.com\/es\/wp-json\/wp\/v2\/media?parent=1594"}],"wp:term":[{"taxonomy":"product_brand","embeddable":true,"href":"https:\/\/www.cerakotesa.com\/es\/wp-json\/wp\/v2\/product_brand?post=1594"},{"taxonomy":"product_cat","embeddable":true,"href":"https:\/\/www.cerakotesa.com\/es\/wp-json\/wp\/v2\/product_cat?post=1594"},{"taxonomy":"product_tag","embeddable":true,"href":"https:\/\/www.cerakotesa.com\/es\/wp-json\/wp\/v2\/product_tag?post=1594"}],"curies":[{"name":"wp","href":"https:\/\/api.w.org\/{rel}","templated":true}]}}