{"id":15947,"date":"2023-11-20T15:39:10","date_gmt":"2023-11-20T15:39:10","guid":{"rendered":"https:\/\/www.cerakotesa.com\/?post_type=product&#038;p=15947"},"modified":"2024-11-12T15:31:10","modified_gmt":"2024-11-12T15:31:10","slug":"cerakote-professional-ceramic-paint-coating-bulk-pack-12-count-ah-cpropaint12","status":"publish","type":"product","link":"https:\/\/www.cerakotesa.com\/es\/producto\/cerakote-professional-ceramic-paint-coating-bulk-pack-12-count-ah-cpropaint12\/","title":{"rendered":"CERAKOTE\u00ae Pintura Profesional Cer\u00e1mica a Granel - 12 Unidades AH-PROPAINT12"},"content":{"rendered":"","protected":false},"excerpt":{"rendered":"<div class=\"product-short-desc\"><strong>Cerakote Professional Paint Coating proporciona un rendimiento, una durabilidad y una facilidad de aplicaci\u00f3n inigualables. Los detallistas y entusiastas del autom\u00f3vil m\u00e1s exigentes conf\u00edan en Cerakote:<\/strong><\/div>\n<div><\/div>\n<div id=\"visible-brief\">\n<p><strong>Un sabor inigualable<\/strong> - Experimente niveles de deslizamiento sin precedentes.<\/p>\n<p><strong>Brillo y luminosidad excepcionales <\/strong>- Consigue resultados con un brillo y una luminosidad de espejo.<\/p>\n<p><strong>Larga duraci\u00f3n <\/strong>- Dura m\u00e1s de 500 lavados reales.<\/p>\n<p><strong>Hidrofobicidad extrema <\/strong>- Experimente un goteo y una evacuaci\u00f3n del agua excepcionales.<\/p>\n<p><strong>F\u00e1cil de aplicar <\/strong>- El veh\u00edculo est\u00e1 listo para el cliente en 2 horas y se puede lavar en s\u00f3lo 24 horas.<\/p>\n<p><strong>Poner a prueba Cerakote<\/strong> contra cualquier otro producto de protecci\u00f3n de pintura y compruebe por qu\u00e9 Cerakote es el recubrimiento cer\u00e1mico l\u00edder y m\u00e1s fiable del mundo. Otros dicen que son el n\u00famero uno; en Cerakote, lo demostramos.<\/p>\n<\/div>","protected":false},"featured_media":17529,"comment_status":"open","ping_status":"closed","template":"","meta":{"_acf_changed":false},"product_brand":[],"product_cat":[987,1056,1042],"product_tag":[],"class_list":{"0":"post-15947","1":"product","2":"type-product","3":"status-publish","4":"has-post-thumbnail","6":"product_cat-cerakote-coatings","7":"product_cat-auto-home","8":"product_cat-pro-paint","9":"product_shipping_class-flat-rate","11":"first","12":"instock","13":"taxable","14":"shipping-taxable","15":"product-type-simple"},"yoast_head":"<!-- This site is optimized with the Yoast SEO plugin v26.7 - https:\/\/yoast.com\/wordpress\/plugins\/seo\/ -->\n<title>CERAKOTE\u00ae Professional Ceramic Paint Coating Bulk Pack - 12 Count AH-PROPAINT12 - Cerakote South Africa<\/title>\n<meta name=\"robots\" content=\"index, follow, max-snippet:-1, max-image-preview:large, max-video-preview:-1\" \/>\n<link rel=\"canonical\" href=\"https:\/\/www.cerakotesa.com\/es\/producto\/cerakote-professional-ceramic-paint-coating-bulk-pack-12-count-ah-cpropaint12\/\" \/>\n<meta property=\"og:locale\" content=\"es_ES\" \/>\n<meta property=\"og:type\" content=\"article\" \/>\n<meta property=\"og:title\" content=\"CERAKOTE\u00ae Professional Ceramic Paint Coating Bulk Pack - 12 Count AH-PROPAINT12 - Cerakote South Africa\" \/>\n<meta property=\"og:description\" content=\"Cerakote Professional Paint Coating provides unmatched performance, durability, and ease of application. The most discerning automotive detailers and enthusiasts trust Cerakote to deliver:    Unrivaled Slickness - Experience unparalleled levels of slickness.  Exceptional Gloss and Shine - Achieve results with a mirror-like gloss and brilliance.  Long Lasting - Lasts over 500 real-world washes!  Extreme Hydrophobicity - Experience outstanding beading and water shedding.  Easy to Apply - Vehicle is customer-ready in 2 hours and can be washed after just 24 hours!  Put Cerakote to the test against any other paint protection product and see why Cerakote is the World\u2019s leading and most trusted ceramic coating. Others say they&#039;re number one; at Cerakote, we prove it.\" \/>\n<meta property=\"og:url\" content=\"https:\/\/www.cerakotesa.com\/es\/producto\/cerakote-professional-ceramic-paint-coating-bulk-pack-12-count-ah-cpropaint12\/\" \/>\n<meta property=\"og:site_name\" content=\"Cerakote South Africa\" \/>\n<meta property=\"article:modified_time\" content=\"2024-11-12T15:31:10+00:00\" \/>\n<meta property=\"og:image\" content=\"https:\/\/www.cerakotesa.com\/wp-content\/uploads\/2023\/11\/pp_12-pack_1__51677.jpg\" \/>\n\t<meta property=\"og:image:width\" content=\"1280\" \/>\n\t<meta property=\"og:image:height\" content=\"1280\" \/>\n\t<meta property=\"og:image:type\" content=\"image\/jpeg\" \/>\n<meta name=\"twitter:card\" content=\"summary_large_image\" \/>\n<meta name=\"twitter:label1\" content=\"Tiempo de lectura\" \/>\n\t<meta name=\"twitter:data1\" content=\"1 minuto\" \/>\n<script type=\"application\/ld+json\" class=\"yoast-schema-graph\">{\"@context\":\"https:\/\/schema.org\",\"@graph\":[{\"@type\":\"WebPage\",\"@id\":\"https:\/\/www.cerakotesa.com\/product\/cerakote-professional-ceramic-paint-coating-bulk-pack-12-count-ah-cpropaint12\/\",\"url\":\"https:\/\/www.cerakotesa.com\/product\/cerakote-professional-ceramic-paint-coating-bulk-pack-12-count-ah-cpropaint12\/\",\"name\":\"CERAKOTE\u00ae Professional Ceramic Paint Coating Bulk Pack - 12 Count AH-PROPAINT12 - Cerakote South Africa\",\"isPartOf\":{\"@id\":\"https:\/\/www.cerakotesa.com\/#website\"},\"primaryImageOfPage\":{\"@id\":\"https:\/\/www.cerakotesa.com\/product\/cerakote-professional-ceramic-paint-coating-bulk-pack-12-count-ah-cpropaint12\/#primaryimage\"},\"image\":{\"@id\":\"https:\/\/www.cerakotesa.com\/product\/cerakote-professional-ceramic-paint-coating-bulk-pack-12-count-ah-cpropaint12\/#primaryimage\"},\"thumbnailUrl\":\"https:\/\/www.cerakotesa.com\/wp-content\/uploads\/2023\/11\/pp_12-pack_1__51677.jpg\",\"datePublished\":\"2023-11-20T15:39:10+00:00\",\"dateModified\":\"2024-11-12T15:31:10+00:00\",\"breadcrumb\":{\"@id\":\"https:\/\/www.cerakotesa.com\/product\/cerakote-professional-ceramic-paint-coating-bulk-pack-12-count-ah-cpropaint12\/#breadcrumb\"},\"inLanguage\":\"es\",\"potentialAction\":[{\"@type\":\"ReadAction\",\"target\":[\"https:\/\/www.cerakotesa.com\/product\/cerakote-professional-ceramic-paint-coating-bulk-pack-12-count-ah-cpropaint12\/\"]}]},{\"@type\":\"ImageObject\",\"inLanguage\":\"es\",\"@id\":\"https:\/\/www.cerakotesa.com\/product\/cerakote-professional-ceramic-paint-coating-bulk-pack-12-count-ah-cpropaint12\/#primaryimage\",\"url\":\"https:\/\/www.cerakotesa.com\/wp-content\/uploads\/2023\/11\/pp_12-pack_1__51677.jpg\",\"contentUrl\":\"https:\/\/www.cerakotesa.com\/wp-content\/uploads\/2023\/11\/pp_12-pack_1__51677.jpg\",\"width\":1280,\"height\":1280},{\"@type\":\"BreadcrumbList\",\"@id\":\"https:\/\/www.cerakotesa.com\/product\/cerakote-professional-ceramic-paint-coating-bulk-pack-12-count-ah-cpropaint12\/#breadcrumb\",\"itemListElement\":[{\"@type\":\"ListItem\",\"position\":1,\"name\":\"Home\",\"item\":\"https:\/\/www.cerakotesa.com\/\"},{\"@type\":\"ListItem\",\"position\":2,\"name\":\"Products\",\"item\":\"https:\/\/www.cerakotesa.com\/shop\/\"},{\"@type\":\"ListItem\",\"position\":3,\"name\":\"CERAKOTE\u00ae Professional Ceramic Paint Coating Bulk Pack &#8211; 12 Count AH-PROPAINT12\"}]},{\"@type\":\"WebSite\",\"@id\":\"https:\/\/www.cerakotesa.com\/#website\",\"url\":\"https:\/\/www.cerakotesa.com\/\",\"name\":\"Cerakote South Africa\",\"description\":\"Cerakote is a global leader in the manufacturing of thin-film protective ceramic coatings\",\"potentialAction\":[{\"@type\":\"SearchAction\",\"target\":{\"@type\":\"EntryPoint\",\"urlTemplate\":\"https:\/\/www.cerakotesa.com\/?s={search_term_string}\"},\"query-input\":{\"@type\":\"PropertyValueSpecification\",\"valueRequired\":true,\"valueName\":\"search_term_string\"}}],\"inLanguage\":\"es\"}]}<\/script>\n<!-- \/ Yoast SEO plugin. -->","yoast_head_json":{"title":"CERAKOTE\u00ae Professional Ceramic Paint Coating Bulk Pack - 12 Count AH-PROPAINT12 - Cerakote South Africa","robots":{"index":"index","follow":"follow","max-snippet":"max-snippet:-1","max-image-preview":"max-image-preview:large","max-video-preview":"max-video-preview:-1"},"canonical":"https:\/\/www.cerakotesa.com\/es\/producto\/cerakote-professional-ceramic-paint-coating-bulk-pack-12-count-ah-cpropaint12\/","og_locale":"es_ES","og_type":"article","og_title":"CERAKOTE\u00ae Professional Ceramic Paint Coating Bulk Pack - 12 Count AH-PROPAINT12 - Cerakote South Africa","og_description":"Cerakote Professional Paint Coating provides unmatched performance, durability, and ease of application. The most discerning automotive detailers and enthusiasts trust Cerakote to deliver:    Unrivaled Slickness - Experience unparalleled levels of slickness.  Exceptional Gloss and Shine - Achieve results with a mirror-like gloss and brilliance.  Long Lasting - Lasts over 500 real-world washes!  Extreme Hydrophobicity - Experience outstanding beading and water shedding.  Easy to Apply - Vehicle is customer-ready in 2 hours and can be washed after just 24 hours!  Put Cerakote to the test against any other paint protection product and see why Cerakote is the World\u2019s leading and most trusted ceramic coating. Others say they're number one; at Cerakote, we prove it.","og_url":"https:\/\/www.cerakotesa.com\/es\/producto\/cerakote-professional-ceramic-paint-coating-bulk-pack-12-count-ah-cpropaint12\/","og_site_name":"Cerakote South Africa","article_modified_time":"2024-11-12T15:31:10+00:00","og_image":[{"width":1280,"height":1280,"url":"https:\/\/www.cerakotesa.com\/wp-content\/uploads\/2023\/11\/pp_12-pack_1__51677.jpg","type":"image\/jpeg"}],"twitter_card":"summary_large_image","twitter_misc":{"Tiempo de lectura":"1 minuto"},"schema":{"@context":"https:\/\/schema.org","@graph":[{"@type":"WebPage","@id":"https:\/\/www.cerakotesa.com\/product\/cerakote-professional-ceramic-paint-coating-bulk-pack-12-count-ah-cpropaint12\/","url":"https:\/\/www.cerakotesa.com\/product\/cerakote-professional-ceramic-paint-coating-bulk-pack-12-count-ah-cpropaint12\/","name":"CERAKOTE\u00ae Professional Ceramic Paint Coating Bulk Pack - 12 Count AH-PROPAINT12 - Cerakote South Africa","isPartOf":{"@id":"https:\/\/www.cerakotesa.com\/#website"},"primaryImageOfPage":{"@id":"https:\/\/www.cerakotesa.com\/product\/cerakote-professional-ceramic-paint-coating-bulk-pack-12-count-ah-cpropaint12\/#primaryimage"},"image":{"@id":"https:\/\/www.cerakotesa.com\/product\/cerakote-professional-ceramic-paint-coating-bulk-pack-12-count-ah-cpropaint12\/#primaryimage"},"thumbnailUrl":"https:\/\/www.cerakotesa.com\/wp-content\/uploads\/2023\/11\/pp_12-pack_1__51677.jpg","datePublished":"2023-11-20T15:39:10+00:00","dateModified":"2024-11-12T15:31:10+00:00","breadcrumb":{"@id":"https:\/\/www.cerakotesa.com\/product\/cerakote-professional-ceramic-paint-coating-bulk-pack-12-count-ah-cpropaint12\/#breadcrumb"},"inLanguage":"es","potentialAction":[{"@type":"ReadAction","target":["https:\/\/www.cerakotesa.com\/product\/cerakote-professional-ceramic-paint-coating-bulk-pack-12-count-ah-cpropaint12\/"]}]},{"@type":"ImageObject","inLanguage":"es","@id":"https:\/\/www.cerakotesa.com\/product\/cerakote-professional-ceramic-paint-coating-bulk-pack-12-count-ah-cpropaint12\/#primaryimage","url":"https:\/\/www.cerakotesa.com\/wp-content\/uploads\/2023\/11\/pp_12-pack_1__51677.jpg","contentUrl":"https:\/\/www.cerakotesa.com\/wp-content\/uploads\/2023\/11\/pp_12-pack_1__51677.jpg","width":1280,"height":1280},{"@type":"BreadcrumbList","@id":"https:\/\/www.cerakotesa.com\/product\/cerakote-professional-ceramic-paint-coating-bulk-pack-12-count-ah-cpropaint12\/#breadcrumb","itemListElement":[{"@type":"ListItem","position":1,"name":"Home","item":"https:\/\/www.cerakotesa.com\/"},{"@type":"ListItem","position":2,"name":"Products","item":"https:\/\/www.cerakotesa.com\/shop\/"},{"@type":"ListItem","position":3,"name":"CERAKOTE\u00ae Professional Ceramic Paint Coating Bulk Pack &#8211; 12 Count AH-PROPAINT12"}]},{"@type":"WebSite","@id":"https:\/\/www.cerakotesa.com\/#website","url":"https:\/\/www.cerakotesa.com\/","name":"Cerakote South Africa","description":"Cerakote es l\u00edder mundial en la fabricaci\u00f3n de recubrimientos cer\u00e1micos protectores de capa fina.","potentialAction":[{"@type":"SearchAction","target":{"@type":"EntryPoint","urlTemplate":"https:\/\/www.cerakotesa.com\/?s={search_term_string}"},"query-input":{"@type":"PropertyValueSpecification","valueRequired":true,"valueName":"search_term_string"}}],"inLanguage":"es"}]}},"acf":[],"_links":{"self":[{"href":"https:\/\/www.cerakotesa.com\/es\/wp-json\/wp\/v2\/product\/15947","targetHints":{"allow":["GET"]}}],"collection":[{"href":"https:\/\/www.cerakotesa.com\/es\/wp-json\/wp\/v2\/product"}],"about":[{"href":"https:\/\/www.cerakotesa.com\/es\/wp-json\/wp\/v2\/types\/product"}],"replies":[{"embeddable":true,"href":"https:\/\/www.cerakotesa.com\/es\/wp-json\/wp\/v2\/comments?post=15947"}],"wp:featuredmedia":[{"embeddable":true,"href":"https:\/\/www.cerakotesa.com\/es\/wp-json\/wp\/v2\/media\/17529"}],"wp:attachment":[{"href":"https:\/\/www.cerakotesa.com\/es\/wp-json\/wp\/v2\/media?parent=15947"}],"wp:term":[{"taxonomy":"product_brand","embeddable":true,"href":"https:\/\/www.cerakotesa.com\/es\/wp-json\/wp\/v2\/product_brand?post=15947"},{"taxonomy":"product_cat","embeddable":true,"href":"https:\/\/www.cerakotesa.com\/es\/wp-json\/wp\/v2\/product_cat?post=15947"},{"taxonomy":"product_tag","embeddable":true,"href":"https:\/\/www.cerakotesa.com\/es\/wp-json\/wp\/v2\/product_tag?post=15947"}],"curies":[{"name":"wp","href":"https:\/\/api.w.org\/{rel}","templated":true}]}}