{"id":1595,"date":"2019-12-07T10:47:36","date_gmt":"2019-12-07T10:47:36","guid":{"rendered":"https:\/\/staging.cerakote.co.uk\/?post_type=product&#038;p=1595"},"modified":"2025-12-01T13:50:18","modified_gmt":"2025-12-01T13:50:18","slug":"iwata-pressure-pot-system-se-287","status":"publish","type":"product","link":"https:\/\/www.cerakotesa.com\/es\/producto\/iwata-pressure-pot-system-se-287\/","title":{"rendered":"Sistema de olla a presi\u00f3n IWATA SE-287"},"content":{"rendered":"","protected":false},"excerpt":{"rendered":"<p>Este kit est\u00e1 dise\u00f1ado para el aplicador de alto volumen. El kit viene con una pistola de pulverizaci\u00f3n, recipiente a presi\u00f3n, regulador, 2 accesorios de conexi\u00f3n r\u00e1pida y 30\u2032 de manguera que se puede cortar a medida seg\u00fan sea necesario. El sistema IWATA Pressure Pot de Cerakote puede contener hasta 2000 ml.<\/p>","protected":false},"featured_media":12989,"comment_status":"closed","ping_status":"closed","template":"","meta":{"_acf_changed":false},"product_brand":[],"product_cat":[106],"product_tag":[105,135,596,597,598],"class_list":{"0":"post-1595","1":"product","2":"type-product","3":"status-publish","4":"has-post-thumbnail","6":"product_cat-equipment","7":"product_tag-equipment","8":"product_tag-iwata","9":"product_tag-iwata-pressure-pot-system","10":"product_tag-pot","11":"product_tag-se-287","12":"product_shipping_class-flat-rate","14":"first","15":"instock","16":"taxable","17":"shipping-taxable","18":"product-type-simple"},"yoast_head":"<!-- This site is optimized with the Yoast SEO plugin v26.7 - https:\/\/yoast.com\/wordpress\/plugins\/seo\/ -->\n<title>IWATA Pressure Pot System SE-287 - Cerakote South Africa<\/title>\n<meta name=\"robots\" content=\"index, follow, max-snippet:-1, max-image-preview:large, max-video-preview:-1\" \/>\n<link rel=\"canonical\" href=\"https:\/\/www.cerakotesa.com\/es\/producto\/iwata-pressure-pot-system-se-287\/\" \/>\n<meta property=\"og:locale\" content=\"es_ES\" \/>\n<meta property=\"og:type\" content=\"article\" \/>\n<meta property=\"og:title\" content=\"IWATA Pressure Pot System SE-287 - Cerakote South Africa\" \/>\n<meta property=\"og:description\" content=\"This kit is designed for the high volume applicator. The kit comes with a spray gun, pressure pot, regulator, 2 quick connect fittings and 30&#039; of hose that can be custom cut as needed. Cerakote&#039;s IWATA Pressure Pot System can hold up to 2000 mL.\" \/>\n<meta property=\"og:url\" content=\"https:\/\/www.cerakotesa.com\/es\/producto\/iwata-pressure-pot-system-se-287\/\" \/>\n<meta property=\"og:site_name\" content=\"Cerakote South Africa\" \/>\n<meta property=\"article:modified_time\" content=\"2025-12-01T13:50:18+00:00\" \/>\n<meta property=\"og:image\" content=\"https:\/\/www.cerakotesa.com\/wp-content\/uploads\/2023\/06\/iwata-pressure-pot-se-287-dt20211001152121906-thumbnail.jpg\" \/>\n\t<meta property=\"og:image:width\" content=\"800\" \/>\n\t<meta property=\"og:image:height\" content=\"800\" \/>\n\t<meta property=\"og:image:type\" content=\"image\/jpeg\" \/>\n<meta name=\"twitter:card\" content=\"summary_large_image\" \/>\n<script type=\"application\/ld+json\" class=\"yoast-schema-graph\">{\"@context\":\"https:\/\/schema.org\",\"@graph\":[{\"@type\":\"WebPage\",\"@id\":\"https:\/\/www.cerakotesa.com\/product\/iwata-pressure-pot-system-se-287\/\",\"url\":\"https:\/\/www.cerakotesa.com\/product\/iwata-pressure-pot-system-se-287\/\",\"name\":\"IWATA Pressure Pot System SE-287 - Cerakote South Africa\",\"isPartOf\":{\"@id\":\"https:\/\/www.cerakotesa.com\/#website\"},\"primaryImageOfPage\":{\"@id\":\"https:\/\/www.cerakotesa.com\/product\/iwata-pressure-pot-system-se-287\/#primaryimage\"},\"image\":{\"@id\":\"https:\/\/www.cerakotesa.com\/product\/iwata-pressure-pot-system-se-287\/#primaryimage\"},\"thumbnailUrl\":\"https:\/\/www.cerakotesa.com\/wp-content\/uploads\/2023\/06\/iwata-pressure-pot-se-287-dt20211001152121906-thumbnail.jpg\",\"datePublished\":\"2019-12-07T10:47:36+00:00\",\"dateModified\":\"2025-12-01T13:50:18+00:00\",\"breadcrumb\":{\"@id\":\"https:\/\/www.cerakotesa.com\/product\/iwata-pressure-pot-system-se-287\/#breadcrumb\"},\"inLanguage\":\"es\",\"potentialAction\":[{\"@type\":\"ReadAction\",\"target\":[\"https:\/\/www.cerakotesa.com\/product\/iwata-pressure-pot-system-se-287\/\"]}]},{\"@type\":\"ImageObject\",\"inLanguage\":\"es\",\"@id\":\"https:\/\/www.cerakotesa.com\/product\/iwata-pressure-pot-system-se-287\/#primaryimage\",\"url\":\"https:\/\/www.cerakotesa.com\/wp-content\/uploads\/2023\/06\/iwata-pressure-pot-se-287-dt20211001152121906-thumbnail.jpg\",\"contentUrl\":\"https:\/\/www.cerakotesa.com\/wp-content\/uploads\/2023\/06\/iwata-pressure-pot-se-287-dt20211001152121906-thumbnail.jpg\",\"width\":800,\"height\":800},{\"@type\":\"BreadcrumbList\",\"@id\":\"https:\/\/www.cerakotesa.com\/product\/iwata-pressure-pot-system-se-287\/#breadcrumb\",\"itemListElement\":[{\"@type\":\"ListItem\",\"position\":1,\"name\":\"Home\",\"item\":\"https:\/\/www.cerakotesa.com\/\"},{\"@type\":\"ListItem\",\"position\":2,\"name\":\"Products\",\"item\":\"https:\/\/www.cerakotesa.com\/shop\/\"},{\"@type\":\"ListItem\",\"position\":3,\"name\":\"IWATA Pressure Pot System SE-287\"}]},{\"@type\":\"WebSite\",\"@id\":\"https:\/\/www.cerakotesa.com\/#website\",\"url\":\"https:\/\/www.cerakotesa.com\/\",\"name\":\"Cerakote South Africa\",\"description\":\"Cerakote is a global leader in the manufacturing of thin-film protective ceramic coatings\",\"potentialAction\":[{\"@type\":\"SearchAction\",\"target\":{\"@type\":\"EntryPoint\",\"urlTemplate\":\"https:\/\/www.cerakotesa.com\/?s={search_term_string}\"},\"query-input\":{\"@type\":\"PropertyValueSpecification\",\"valueRequired\":true,\"valueName\":\"search_term_string\"}}],\"inLanguage\":\"es\"}]}<\/script>\n<!-- \/ Yoast SEO plugin. -->","yoast_head_json":{"title":"IWATA Pressure Pot System SE-287 - Cerakote South Africa","robots":{"index":"index","follow":"follow","max-snippet":"max-snippet:-1","max-image-preview":"max-image-preview:large","max-video-preview":"max-video-preview:-1"},"canonical":"https:\/\/www.cerakotesa.com\/es\/producto\/iwata-pressure-pot-system-se-287\/","og_locale":"es_ES","og_type":"article","og_title":"IWATA Pressure Pot System SE-287 - Cerakote South Africa","og_description":"This kit is designed for the high volume applicator. The kit comes with a spray gun, pressure pot, regulator, 2 quick connect fittings and 30' of hose that can be custom cut as needed. Cerakote's IWATA Pressure Pot System can hold up to 2000 mL.","og_url":"https:\/\/www.cerakotesa.com\/es\/producto\/iwata-pressure-pot-system-se-287\/","og_site_name":"Cerakote South Africa","article_modified_time":"2025-12-01T13:50:18+00:00","og_image":[{"width":800,"height":800,"url":"https:\/\/www.cerakotesa.com\/wp-content\/uploads\/2023\/06\/iwata-pressure-pot-se-287-dt20211001152121906-thumbnail.jpg","type":"image\/jpeg"}],"twitter_card":"summary_large_image","schema":{"@context":"https:\/\/schema.org","@graph":[{"@type":"WebPage","@id":"https:\/\/www.cerakotesa.com\/product\/iwata-pressure-pot-system-se-287\/","url":"https:\/\/www.cerakotesa.com\/product\/iwata-pressure-pot-system-se-287\/","name":"IWATA Pressure Pot System SE-287 - Cerakote South Africa","isPartOf":{"@id":"https:\/\/www.cerakotesa.com\/#website"},"primaryImageOfPage":{"@id":"https:\/\/www.cerakotesa.com\/product\/iwata-pressure-pot-system-se-287\/#primaryimage"},"image":{"@id":"https:\/\/www.cerakotesa.com\/product\/iwata-pressure-pot-system-se-287\/#primaryimage"},"thumbnailUrl":"https:\/\/www.cerakotesa.com\/wp-content\/uploads\/2023\/06\/iwata-pressure-pot-se-287-dt20211001152121906-thumbnail.jpg","datePublished":"2019-12-07T10:47:36+00:00","dateModified":"2025-12-01T13:50:18+00:00","breadcrumb":{"@id":"https:\/\/www.cerakotesa.com\/product\/iwata-pressure-pot-system-se-287\/#breadcrumb"},"inLanguage":"es","potentialAction":[{"@type":"ReadAction","target":["https:\/\/www.cerakotesa.com\/product\/iwata-pressure-pot-system-se-287\/"]}]},{"@type":"ImageObject","inLanguage":"es","@id":"https:\/\/www.cerakotesa.com\/product\/iwata-pressure-pot-system-se-287\/#primaryimage","url":"https:\/\/www.cerakotesa.com\/wp-content\/uploads\/2023\/06\/iwata-pressure-pot-se-287-dt20211001152121906-thumbnail.jpg","contentUrl":"https:\/\/www.cerakotesa.com\/wp-content\/uploads\/2023\/06\/iwata-pressure-pot-se-287-dt20211001152121906-thumbnail.jpg","width":800,"height":800},{"@type":"BreadcrumbList","@id":"https:\/\/www.cerakotesa.com\/product\/iwata-pressure-pot-system-se-287\/#breadcrumb","itemListElement":[{"@type":"ListItem","position":1,"name":"Home","item":"https:\/\/www.cerakotesa.com\/"},{"@type":"ListItem","position":2,"name":"Products","item":"https:\/\/www.cerakotesa.com\/shop\/"},{"@type":"ListItem","position":3,"name":"IWATA Pressure Pot System SE-287"}]},{"@type":"WebSite","@id":"https:\/\/www.cerakotesa.com\/#website","url":"https:\/\/www.cerakotesa.com\/","name":"Cerakote South Africa","description":"Cerakote es l\u00edder mundial en la fabricaci\u00f3n de recubrimientos cer\u00e1micos protectores de capa fina.","potentialAction":[{"@type":"SearchAction","target":{"@type":"EntryPoint","urlTemplate":"https:\/\/www.cerakotesa.com\/?s={search_term_string}"},"query-input":{"@type":"PropertyValueSpecification","valueRequired":true,"valueName":"search_term_string"}}],"inLanguage":"es"}]}},"acf":[],"_links":{"self":[{"href":"https:\/\/www.cerakotesa.com\/es\/wp-json\/wp\/v2\/product\/1595","targetHints":{"allow":["GET"]}}],"collection":[{"href":"https:\/\/www.cerakotesa.com\/es\/wp-json\/wp\/v2\/product"}],"about":[{"href":"https:\/\/www.cerakotesa.com\/es\/wp-json\/wp\/v2\/types\/product"}],"replies":[{"embeddable":true,"href":"https:\/\/www.cerakotesa.com\/es\/wp-json\/wp\/v2\/comments?post=1595"}],"wp:featuredmedia":[{"embeddable":true,"href":"https:\/\/www.cerakotesa.com\/es\/wp-json\/wp\/v2\/media\/12989"}],"wp:attachment":[{"href":"https:\/\/www.cerakotesa.com\/es\/wp-json\/wp\/v2\/media?parent=1595"}],"wp:term":[{"taxonomy":"product_brand","embeddable":true,"href":"https:\/\/www.cerakotesa.com\/es\/wp-json\/wp\/v2\/product_brand?post=1595"},{"taxonomy":"product_cat","embeddable":true,"href":"https:\/\/www.cerakotesa.com\/es\/wp-json\/wp\/v2\/product_cat?post=1595"},{"taxonomy":"product_tag","embeddable":true,"href":"https:\/\/www.cerakotesa.com\/es\/wp-json\/wp\/v2\/product_tag?post=1595"}],"curies":[{"name":"wp","href":"https:\/\/api.w.org\/{rel}","templated":true}]}}