{"id":15954,"date":"2023-11-20T15:52:12","date_gmt":"2023-11-20T15:52:12","guid":{"rendered":"https:\/\/www.cerakotesa.com\/?post_type=product&#038;p=15954"},"modified":"2025-02-26T14:37:14","modified_gmt":"2025-02-26T14:37:14","slug":"ceramic-headlight-restoration-detailer-pack-20-ceramic-wipes-ah-828","status":"publish","type":"product","link":"https:\/\/www.cerakotesa.com\/es\/producto\/ceramic-headlight-restoration-detailer-pack-20-ceramic-wipes-ah-828\/","title":{"rendered":"Pack Detallador Cer\u00e1mico Restaurador de Faros (20 Toallitas Cer\u00e1micas) AH-828"},"content":{"rendered":"","protected":false},"excerpt":{"rendered":"<p>Cerakote es diferente a otros kits de restauraci\u00f3n de faros porque fabricamos un verdadero recubrimiento cer\u00e1mico de grado profesional que se adhiere qu\u00edmicamente a los faros y proporciona protecci\u00f3n UV que resiste la prueba del tiempo.<\/p>\n<p><strong>A PETICI\u00d3N DEL P\u00daBLICO<\/strong>El Cerakote Headlight Step 3 Professional Detailer Pack fue dise\u00f1ado por demanda popular para profesionales del detallado y lotes de coches que necesitan un acceso r\u00e1pido y f\u00e1cil a m\u00faltiples aplicaciones de restauraci\u00f3n de faros.<\/p>\n<p><strong>PROTEGE TUS FAROS<\/strong>Nuestra tecnolog\u00eda cer\u00e1mica inorg\u00e1nica le ofrece protecci\u00f3n contra la oxidaci\u00f3n superficial durante toda la vida \u00fatil de su veh\u00edculo.<\/p>\n<p><strong>F\u00c1CIL Y R\u00c1PIDO DE APLICAR<\/strong>Una vez preparada la superficie (por el m\u00e9todo que prefiera o siguiendo nuestras instrucciones), la aplicaci\u00f3n de la cer\u00e1mica tarda s\u00f3lo unos minutos y se endurece en unas horas. Disfrute de una claridad duradera.<\/p>\n<p><strong>CONTENIDO<\/strong>Cada Pro-Pack contiene 20 toallitas cer\u00e1micas individuales para proteger hasta 10 veh\u00edculos. Este Pro-Pack no incluye toallitas para eliminar la oxidaci\u00f3n del Paso 1 ni materiales de lijado. Utilice sus propios m\u00e9todos de preparaci\u00f3n preferidos.<\/p>","protected":false},"featured_media":20639,"comment_status":"open","ping_status":"closed","template":"","meta":{"_acf_changed":false},"product_brand":[],"product_cat":[1056],"product_tag":[1057,691],"class_list":{"0":"post-15954","1":"product","2":"type-product","3":"status-publish","4":"has-post-thumbnail","6":"product_cat-auto-home","7":"product_tag-bulk-pack","8":"product_tag-headlight","10":"first","11":"instock","12":"taxable","13":"shipping-taxable","14":"product-type-simple"},"yoast_head":"<!-- This site is optimized with the Yoast SEO plugin v26.7 - https:\/\/yoast.com\/wordpress\/plugins\/seo\/ -->\n<title>Ceramic Headlight Restoration Detailer Pack (20 Ceramic Wipes) AH-828 - Cerakote South Africa<\/title>\n<meta name=\"description\" content=\"Cerakote is different than other headlight restoration kits because we manufacture a true professional grade ceramic coating that chemically bonds to the headlights and provides UV protection that stands the test of time.\" \/>\n<meta name=\"robots\" content=\"index, follow, max-snippet:-1, max-image-preview:large, max-video-preview:-1\" \/>\n<link rel=\"canonical\" href=\"https:\/\/www.cerakotesa.com\/es\/producto\/ceramic-headlight-restoration-detailer-pack-20-ceramic-wipes-ah-828\/\" \/>\n<meta property=\"og:locale\" content=\"es_ES\" \/>\n<meta property=\"og:type\" content=\"article\" \/>\n<meta property=\"og:title\" content=\"Ceramic Headlight Restoration Detailer Pack (20 Ceramic Wipes) AH-828 - Cerakote South Africa\" \/>\n<meta property=\"og:description\" content=\"Cerakote is different than other headlight restoration kits because we manufacture a true professional grade ceramic coating that chemically bonds to the headlights and provides UV protection that stands the test of time.\" \/>\n<meta property=\"og:url\" content=\"https:\/\/www.cerakotesa.com\/es\/producto\/ceramic-headlight-restoration-detailer-pack-20-ceramic-wipes-ah-828\/\" \/>\n<meta property=\"og:site_name\" content=\"Cerakote South Africa\" \/>\n<meta property=\"article:modified_time\" content=\"2025-02-26T14:37:14+00:00\" \/>\n<meta property=\"og:image\" content=\"https:\/\/www.cerakotesa.com\/wp-content\/uploads\/2023\/11\/CCC_Pro_Pack_Headlight_Step3__29466.jpg\" \/>\n\t<meta property=\"og:image:width\" content=\"1280\" \/>\n\t<meta property=\"og:image:height\" content=\"1280\" \/>\n\t<meta property=\"og:image:type\" content=\"image\/jpeg\" \/>\n<meta name=\"twitter:card\" content=\"summary_large_image\" \/>\n<meta name=\"twitter:label1\" content=\"Tiempo de lectura\" \/>\n\t<meta name=\"twitter:data1\" content=\"1 minuto\" \/>\n<script type=\"application\/ld+json\" class=\"yoast-schema-graph\">{\"@context\":\"https:\/\/schema.org\",\"@graph\":[{\"@type\":\"WebPage\",\"@id\":\"https:\/\/www.cerakotesa.com\/product\/ceramic-headlight-restoration-detailer-pack-20-ceramic-wipes-ah-828\/\",\"url\":\"https:\/\/www.cerakotesa.com\/product\/ceramic-headlight-restoration-detailer-pack-20-ceramic-wipes-ah-828\/\",\"name\":\"Ceramic Headlight Restoration Detailer Pack (20 Ceramic Wipes) AH-828 - Cerakote South Africa\",\"isPartOf\":{\"@id\":\"https:\/\/www.cerakotesa.com\/#website\"},\"primaryImageOfPage\":{\"@id\":\"https:\/\/www.cerakotesa.com\/product\/ceramic-headlight-restoration-detailer-pack-20-ceramic-wipes-ah-828\/#primaryimage\"},\"image\":{\"@id\":\"https:\/\/www.cerakotesa.com\/product\/ceramic-headlight-restoration-detailer-pack-20-ceramic-wipes-ah-828\/#primaryimage\"},\"thumbnailUrl\":\"https:\/\/www.cerakotesa.com\/wp-content\/uploads\/2023\/11\/CCC_Pro_Pack_Headlight_Step3__29466.jpg\",\"datePublished\":\"2023-11-20T15:52:12+00:00\",\"dateModified\":\"2025-02-26T14:37:14+00:00\",\"description\":\"Cerakote is different than other headlight restoration kits because we manufacture a true professional grade ceramic coating that chemically bonds to the headlights and provides UV protection that stands the test of time.\",\"breadcrumb\":{\"@id\":\"https:\/\/www.cerakotesa.com\/product\/ceramic-headlight-restoration-detailer-pack-20-ceramic-wipes-ah-828\/#breadcrumb\"},\"inLanguage\":\"es\",\"potentialAction\":[{\"@type\":\"ReadAction\",\"target\":[\"https:\/\/www.cerakotesa.com\/product\/ceramic-headlight-restoration-detailer-pack-20-ceramic-wipes-ah-828\/\"]}]},{\"@type\":\"ImageObject\",\"inLanguage\":\"es\",\"@id\":\"https:\/\/www.cerakotesa.com\/product\/ceramic-headlight-restoration-detailer-pack-20-ceramic-wipes-ah-828\/#primaryimage\",\"url\":\"https:\/\/www.cerakotesa.com\/wp-content\/uploads\/2023\/11\/CCC_Pro_Pack_Headlight_Step3__29466.jpg\",\"contentUrl\":\"https:\/\/www.cerakotesa.com\/wp-content\/uploads\/2023\/11\/CCC_Pro_Pack_Headlight_Step3__29466.jpg\",\"width\":1280,\"height\":1280},{\"@type\":\"BreadcrumbList\",\"@id\":\"https:\/\/www.cerakotesa.com\/product\/ceramic-headlight-restoration-detailer-pack-20-ceramic-wipes-ah-828\/#breadcrumb\",\"itemListElement\":[{\"@type\":\"ListItem\",\"position\":1,\"name\":\"Home\",\"item\":\"https:\/\/www.cerakotesa.com\/\"},{\"@type\":\"ListItem\",\"position\":2,\"name\":\"Products\",\"item\":\"https:\/\/www.cerakotesa.com\/shop\/\"},{\"@type\":\"ListItem\",\"position\":3,\"name\":\"Ceramic Headlight Restoration Detailer Pack (20 Ceramic Wipes) AH-828\"}]},{\"@type\":\"WebSite\",\"@id\":\"https:\/\/www.cerakotesa.com\/#website\",\"url\":\"https:\/\/www.cerakotesa.com\/\",\"name\":\"Cerakote South Africa\",\"description\":\"Cerakote is a global leader in the manufacturing of thin-film protective ceramic coatings\",\"potentialAction\":[{\"@type\":\"SearchAction\",\"target\":{\"@type\":\"EntryPoint\",\"urlTemplate\":\"https:\/\/www.cerakotesa.com\/?s={search_term_string}\"},\"query-input\":{\"@type\":\"PropertyValueSpecification\",\"valueRequired\":true,\"valueName\":\"search_term_string\"}}],\"inLanguage\":\"es\"}]}<\/script>\n<!-- \/ Yoast SEO plugin. -->","yoast_head_json":{"title":"Ceramic Headlight Restoration Detailer Pack (20 Ceramic Wipes) AH-828 - Cerakote South Africa","description":"Cerakote es diferente a otros kits de restauraci\u00f3n de faros porque fabricamos un verdadero recubrimiento cer\u00e1mico de grado profesional que se adhiere qu\u00edmicamente a los faros y proporciona protecci\u00f3n UV que resiste la prueba del tiempo.","robots":{"index":"index","follow":"follow","max-snippet":"max-snippet:-1","max-image-preview":"max-image-preview:large","max-video-preview":"max-video-preview:-1"},"canonical":"https:\/\/www.cerakotesa.com\/es\/producto\/ceramic-headlight-restoration-detailer-pack-20-ceramic-wipes-ah-828\/","og_locale":"es_ES","og_type":"article","og_title":"Ceramic Headlight Restoration Detailer Pack (20 Ceramic Wipes) AH-828 - Cerakote South Africa","og_description":"Cerakote is different than other headlight restoration kits because we manufacture a true professional grade ceramic coating that chemically bonds to the headlights and provides UV protection that stands the test of time.","og_url":"https:\/\/www.cerakotesa.com\/es\/producto\/ceramic-headlight-restoration-detailer-pack-20-ceramic-wipes-ah-828\/","og_site_name":"Cerakote South Africa","article_modified_time":"2025-02-26T14:37:14+00:00","og_image":[{"width":1280,"height":1280,"url":"https:\/\/www.cerakotesa.com\/wp-content\/uploads\/2023\/11\/CCC_Pro_Pack_Headlight_Step3__29466.jpg","type":"image\/jpeg"}],"twitter_card":"summary_large_image","twitter_misc":{"Tiempo de lectura":"1 minuto"},"schema":{"@context":"https:\/\/schema.org","@graph":[{"@type":"WebPage","@id":"https:\/\/www.cerakotesa.com\/product\/ceramic-headlight-restoration-detailer-pack-20-ceramic-wipes-ah-828\/","url":"https:\/\/www.cerakotesa.com\/product\/ceramic-headlight-restoration-detailer-pack-20-ceramic-wipes-ah-828\/","name":"Ceramic Headlight Restoration Detailer Pack (20 Ceramic Wipes) AH-828 - Cerakote South Africa","isPartOf":{"@id":"https:\/\/www.cerakotesa.com\/#website"},"primaryImageOfPage":{"@id":"https:\/\/www.cerakotesa.com\/product\/ceramic-headlight-restoration-detailer-pack-20-ceramic-wipes-ah-828\/#primaryimage"},"image":{"@id":"https:\/\/www.cerakotesa.com\/product\/ceramic-headlight-restoration-detailer-pack-20-ceramic-wipes-ah-828\/#primaryimage"},"thumbnailUrl":"https:\/\/www.cerakotesa.com\/wp-content\/uploads\/2023\/11\/CCC_Pro_Pack_Headlight_Step3__29466.jpg","datePublished":"2023-11-20T15:52:12+00:00","dateModified":"2025-02-26T14:37:14+00:00","description":"Cerakote es diferente a otros kits de restauraci\u00f3n de faros porque fabricamos un verdadero recubrimiento cer\u00e1mico de grado profesional que se adhiere qu\u00edmicamente a los faros y proporciona protecci\u00f3n UV que resiste la prueba del tiempo.","breadcrumb":{"@id":"https:\/\/www.cerakotesa.com\/product\/ceramic-headlight-restoration-detailer-pack-20-ceramic-wipes-ah-828\/#breadcrumb"},"inLanguage":"es","potentialAction":[{"@type":"ReadAction","target":["https:\/\/www.cerakotesa.com\/product\/ceramic-headlight-restoration-detailer-pack-20-ceramic-wipes-ah-828\/"]}]},{"@type":"ImageObject","inLanguage":"es","@id":"https:\/\/www.cerakotesa.com\/product\/ceramic-headlight-restoration-detailer-pack-20-ceramic-wipes-ah-828\/#primaryimage","url":"https:\/\/www.cerakotesa.com\/wp-content\/uploads\/2023\/11\/CCC_Pro_Pack_Headlight_Step3__29466.jpg","contentUrl":"https:\/\/www.cerakotesa.com\/wp-content\/uploads\/2023\/11\/CCC_Pro_Pack_Headlight_Step3__29466.jpg","width":1280,"height":1280},{"@type":"BreadcrumbList","@id":"https:\/\/www.cerakotesa.com\/product\/ceramic-headlight-restoration-detailer-pack-20-ceramic-wipes-ah-828\/#breadcrumb","itemListElement":[{"@type":"ListItem","position":1,"name":"Home","item":"https:\/\/www.cerakotesa.com\/"},{"@type":"ListItem","position":2,"name":"Products","item":"https:\/\/www.cerakotesa.com\/shop\/"},{"@type":"ListItem","position":3,"name":"Ceramic Headlight Restoration Detailer Pack (20 Ceramic Wipes) AH-828"}]},{"@type":"WebSite","@id":"https:\/\/www.cerakotesa.com\/#website","url":"https:\/\/www.cerakotesa.com\/","name":"Cerakote South Africa","description":"Cerakote es l\u00edder mundial en la fabricaci\u00f3n de recubrimientos cer\u00e1micos protectores de capa fina.","potentialAction":[{"@type":"SearchAction","target":{"@type":"EntryPoint","urlTemplate":"https:\/\/www.cerakotesa.com\/?s={search_term_string}"},"query-input":{"@type":"PropertyValueSpecification","valueRequired":true,"valueName":"search_term_string"}}],"inLanguage":"es"}]}},"acf":[],"_links":{"self":[{"href":"https:\/\/www.cerakotesa.com\/es\/wp-json\/wp\/v2\/product\/15954","targetHints":{"allow":["GET"]}}],"collection":[{"href":"https:\/\/www.cerakotesa.com\/es\/wp-json\/wp\/v2\/product"}],"about":[{"href":"https:\/\/www.cerakotesa.com\/es\/wp-json\/wp\/v2\/types\/product"}],"replies":[{"embeddable":true,"href":"https:\/\/www.cerakotesa.com\/es\/wp-json\/wp\/v2\/comments?post=15954"}],"wp:featuredmedia":[{"embeddable":true,"href":"https:\/\/www.cerakotesa.com\/es\/wp-json\/wp\/v2\/media\/20639"}],"wp:attachment":[{"href":"https:\/\/www.cerakotesa.com\/es\/wp-json\/wp\/v2\/media?parent=15954"}],"wp:term":[{"taxonomy":"product_brand","embeddable":true,"href":"https:\/\/www.cerakotesa.com\/es\/wp-json\/wp\/v2\/product_brand?post=15954"},{"taxonomy":"product_cat","embeddable":true,"href":"https:\/\/www.cerakotesa.com\/es\/wp-json\/wp\/v2\/product_cat?post=15954"},{"taxonomy":"product_tag","embeddable":true,"href":"https:\/\/www.cerakotesa.com\/es\/wp-json\/wp\/v2\/product_tag?post=15954"}],"curies":[{"name":"wp","href":"https:\/\/api.w.org\/{rel}","templated":true}]}}