{"id":1600,"date":"2019-12-07T10:56:25","date_gmt":"2019-12-07T10:56:25","guid":{"rendered":"https:\/\/staging.cerakote.co.uk\/?post_type=product&#038;p=1600"},"modified":"2025-12-04T15:11:33","modified_gmt":"2025-12-04T15:11:33","slug":"lph80-0-8-iwata-fluid-nozzle-needle-se-142","status":"publish","type":"product","link":"https:\/\/www.cerakotesa.com\/es\/producto\/lph80-0-8-iwata-fluid-nozzle-needle-se-142\/","title":{"rendered":"LPH80 0,8 Boquilla y aguja de fluido Iwata SE-142"},"content":{"rendered":"","protected":false},"excerpt":{"rendered":"<p>Este es el reemplazo para la aguja de fluido IWATA de .8mm y la boquilla de fluido IWATA de .8mm. Estos art\u00edculos reemplazan la aguja y la boquilla est\u00e1ndar de .8mm que vienen en nuestro <a href=\"https:\/\/www.cerakotesa.com\/product\/iwata-lph80-spray-gun-kit-se-138\/\">Pistola pulverizadora IWATA LPH80<\/a>.<\/p>","protected":false},"featured_media":12994,"comment_status":"closed","ping_status":"closed","template":"","meta":{"_acf_changed":false},"product_brand":[],"product_cat":[106],"product_tag":[105,601,603,604],"class_list":{"0":"post-1600","1":"product","2":"type-product","3":"status-publish","4":"has-post-thumbnail","6":"product_cat-equipment","7":"product_tag-equipment","8":"product_tag-kit","9":"product_tag-lph80-0-8-iwata-fluid-nozzle-needle","10":"product_tag-se-142","11":"product_shipping_class-flat-rate","13":"first","14":"instock","15":"taxable","16":"shipping-taxable","17":"product-type-simple"},"yoast_head":"<!-- This site is optimized with the Yoast SEO plugin v26.7 - https:\/\/yoast.com\/wordpress\/plugins\/seo\/ -->\n<title>LPH80 0.8 Iwata Fluid Nozzle &amp; Needle SE-142 - Cerakote South Africa<\/title>\n<meta name=\"robots\" content=\"index, follow, max-snippet:-1, max-image-preview:large, max-video-preview:-1\" \/>\n<link rel=\"canonical\" href=\"https:\/\/www.cerakotesa.com\/es\/producto\/lph80-0-8-iwata-fluid-nozzle-needle-se-142\/\" \/>\n<meta property=\"og:locale\" content=\"es_ES\" \/>\n<meta property=\"og:type\" content=\"article\" \/>\n<meta property=\"og:title\" content=\"LPH80 0.8 Iwata Fluid Nozzle &amp; Needle SE-142 - Cerakote South Africa\" \/>\n<meta property=\"og:description\" content=\"This is the replacement for the .8mm IWATA Fluid Needle and .8mm IWATA Fluid Nozzle. These items replace the standard .8mm needle and nozzle that come in our IWATA Spray Gun LPH80.\" \/>\n<meta property=\"og:url\" content=\"https:\/\/www.cerakotesa.com\/es\/producto\/lph80-0-8-iwata-fluid-nozzle-needle-se-142\/\" \/>\n<meta property=\"og:site_name\" content=\"Cerakote South Africa\" \/>\n<meta property=\"article:modified_time\" content=\"2025-12-04T15:11:33+00:00\" \/>\n<meta property=\"og:image\" content=\"https:\/\/www.cerakotesa.com\/wp-content\/uploads\/2023\/06\/lph80-8mm-fluid-nozzle-needle-se-142-dt20211001152436382-thumbnail.jpg\" \/>\n\t<meta property=\"og:image:width\" content=\"800\" \/>\n\t<meta property=\"og:image:height\" content=\"800\" \/>\n\t<meta property=\"og:image:type\" content=\"image\/jpeg\" \/>\n<meta name=\"twitter:card\" content=\"summary_large_image\" \/>\n<script type=\"application\/ld+json\" class=\"yoast-schema-graph\">{\"@context\":\"https:\/\/schema.org\",\"@graph\":[{\"@type\":\"WebPage\",\"@id\":\"https:\/\/www.cerakotesa.com\/product\/lph80-0-8-iwata-fluid-nozzle-needle-se-142\/\",\"url\":\"https:\/\/www.cerakotesa.com\/product\/lph80-0-8-iwata-fluid-nozzle-needle-se-142\/\",\"name\":\"LPH80 0.8 Iwata Fluid Nozzle &amp; Needle SE-142 - Cerakote South Africa\",\"isPartOf\":{\"@id\":\"https:\/\/www.cerakotesa.com\/#website\"},\"primaryImageOfPage\":{\"@id\":\"https:\/\/www.cerakotesa.com\/product\/lph80-0-8-iwata-fluid-nozzle-needle-se-142\/#primaryimage\"},\"image\":{\"@id\":\"https:\/\/www.cerakotesa.com\/product\/lph80-0-8-iwata-fluid-nozzle-needle-se-142\/#primaryimage\"},\"thumbnailUrl\":\"https:\/\/www.cerakotesa.com\/wp-content\/uploads\/2023\/06\/lph80-8mm-fluid-nozzle-needle-se-142-dt20211001152436382-thumbnail.jpg\",\"datePublished\":\"2019-12-07T10:56:25+00:00\",\"dateModified\":\"2025-12-04T15:11:33+00:00\",\"breadcrumb\":{\"@id\":\"https:\/\/www.cerakotesa.com\/product\/lph80-0-8-iwata-fluid-nozzle-needle-se-142\/#breadcrumb\"},\"inLanguage\":\"es\",\"potentialAction\":[{\"@type\":\"ReadAction\",\"target\":[\"https:\/\/www.cerakotesa.com\/product\/lph80-0-8-iwata-fluid-nozzle-needle-se-142\/\"]}]},{\"@type\":\"ImageObject\",\"inLanguage\":\"es\",\"@id\":\"https:\/\/www.cerakotesa.com\/product\/lph80-0-8-iwata-fluid-nozzle-needle-se-142\/#primaryimage\",\"url\":\"https:\/\/www.cerakotesa.com\/wp-content\/uploads\/2023\/06\/lph80-8mm-fluid-nozzle-needle-se-142-dt20211001152436382-thumbnail.jpg\",\"contentUrl\":\"https:\/\/www.cerakotesa.com\/wp-content\/uploads\/2023\/06\/lph80-8mm-fluid-nozzle-needle-se-142-dt20211001152436382-thumbnail.jpg\",\"width\":800,\"height\":800},{\"@type\":\"BreadcrumbList\",\"@id\":\"https:\/\/www.cerakotesa.com\/product\/lph80-0-8-iwata-fluid-nozzle-needle-se-142\/#breadcrumb\",\"itemListElement\":[{\"@type\":\"ListItem\",\"position\":1,\"name\":\"Home\",\"item\":\"https:\/\/www.cerakotesa.com\/\"},{\"@type\":\"ListItem\",\"position\":2,\"name\":\"Products\",\"item\":\"https:\/\/www.cerakotesa.com\/shop\/\"},{\"@type\":\"ListItem\",\"position\":3,\"name\":\"LPH80 0.8 Iwata Fluid Nozzle &amp; Needle SE-142\"}]},{\"@type\":\"WebSite\",\"@id\":\"https:\/\/www.cerakotesa.com\/#website\",\"url\":\"https:\/\/www.cerakotesa.com\/\",\"name\":\"Cerakote South Africa\",\"description\":\"Cerakote is a global leader in the manufacturing of thin-film protective ceramic coatings\",\"potentialAction\":[{\"@type\":\"SearchAction\",\"target\":{\"@type\":\"EntryPoint\",\"urlTemplate\":\"https:\/\/www.cerakotesa.com\/?s={search_term_string}\"},\"query-input\":{\"@type\":\"PropertyValueSpecification\",\"valueRequired\":true,\"valueName\":\"search_term_string\"}}],\"inLanguage\":\"es\"}]}<\/script>\n<!-- \/ Yoast SEO plugin. -->","yoast_head_json":{"title":"LPH80 0.8 Iwata Fluid Nozzle &amp; Needle SE-142 - Cerakote South Africa","robots":{"index":"index","follow":"follow","max-snippet":"max-snippet:-1","max-image-preview":"max-image-preview:large","max-video-preview":"max-video-preview:-1"},"canonical":"https:\/\/www.cerakotesa.com\/es\/producto\/lph80-0-8-iwata-fluid-nozzle-needle-se-142\/","og_locale":"es_ES","og_type":"article","og_title":"LPH80 0.8 Iwata Fluid Nozzle &amp; Needle SE-142 - Cerakote South Africa","og_description":"This is the replacement for the .8mm IWATA Fluid Needle and .8mm IWATA Fluid Nozzle. These items replace the standard .8mm needle and nozzle that come in our IWATA Spray Gun LPH80.","og_url":"https:\/\/www.cerakotesa.com\/es\/producto\/lph80-0-8-iwata-fluid-nozzle-needle-se-142\/","og_site_name":"Cerakote South Africa","article_modified_time":"2025-12-04T15:11:33+00:00","og_image":[{"width":800,"height":800,"url":"https:\/\/www.cerakotesa.com\/wp-content\/uploads\/2023\/06\/lph80-8mm-fluid-nozzle-needle-se-142-dt20211001152436382-thumbnail.jpg","type":"image\/jpeg"}],"twitter_card":"summary_large_image","schema":{"@context":"https:\/\/schema.org","@graph":[{"@type":"WebPage","@id":"https:\/\/www.cerakotesa.com\/product\/lph80-0-8-iwata-fluid-nozzle-needle-se-142\/","url":"https:\/\/www.cerakotesa.com\/product\/lph80-0-8-iwata-fluid-nozzle-needle-se-142\/","name":"LPH80 0.8 Iwata Fluid Nozzle &amp; Needle SE-142 - Cerakote South Africa","isPartOf":{"@id":"https:\/\/www.cerakotesa.com\/#website"},"primaryImageOfPage":{"@id":"https:\/\/www.cerakotesa.com\/product\/lph80-0-8-iwata-fluid-nozzle-needle-se-142\/#primaryimage"},"image":{"@id":"https:\/\/www.cerakotesa.com\/product\/lph80-0-8-iwata-fluid-nozzle-needle-se-142\/#primaryimage"},"thumbnailUrl":"https:\/\/www.cerakotesa.com\/wp-content\/uploads\/2023\/06\/lph80-8mm-fluid-nozzle-needle-se-142-dt20211001152436382-thumbnail.jpg","datePublished":"2019-12-07T10:56:25+00:00","dateModified":"2025-12-04T15:11:33+00:00","breadcrumb":{"@id":"https:\/\/www.cerakotesa.com\/product\/lph80-0-8-iwata-fluid-nozzle-needle-se-142\/#breadcrumb"},"inLanguage":"es","potentialAction":[{"@type":"ReadAction","target":["https:\/\/www.cerakotesa.com\/product\/lph80-0-8-iwata-fluid-nozzle-needle-se-142\/"]}]},{"@type":"ImageObject","inLanguage":"es","@id":"https:\/\/www.cerakotesa.com\/product\/lph80-0-8-iwata-fluid-nozzle-needle-se-142\/#primaryimage","url":"https:\/\/www.cerakotesa.com\/wp-content\/uploads\/2023\/06\/lph80-8mm-fluid-nozzle-needle-se-142-dt20211001152436382-thumbnail.jpg","contentUrl":"https:\/\/www.cerakotesa.com\/wp-content\/uploads\/2023\/06\/lph80-8mm-fluid-nozzle-needle-se-142-dt20211001152436382-thumbnail.jpg","width":800,"height":800},{"@type":"BreadcrumbList","@id":"https:\/\/www.cerakotesa.com\/product\/lph80-0-8-iwata-fluid-nozzle-needle-se-142\/#breadcrumb","itemListElement":[{"@type":"ListItem","position":1,"name":"Home","item":"https:\/\/www.cerakotesa.com\/"},{"@type":"ListItem","position":2,"name":"Products","item":"https:\/\/www.cerakotesa.com\/shop\/"},{"@type":"ListItem","position":3,"name":"LPH80 0.8 Iwata Fluid Nozzle &amp; Needle SE-142"}]},{"@type":"WebSite","@id":"https:\/\/www.cerakotesa.com\/#website","url":"https:\/\/www.cerakotesa.com\/","name":"Cerakote South Africa","description":"Cerakote es l\u00edder mundial en la fabricaci\u00f3n de recubrimientos cer\u00e1micos protectores de capa fina.","potentialAction":[{"@type":"SearchAction","target":{"@type":"EntryPoint","urlTemplate":"https:\/\/www.cerakotesa.com\/?s={search_term_string}"},"query-input":{"@type":"PropertyValueSpecification","valueRequired":true,"valueName":"search_term_string"}}],"inLanguage":"es"}]}},"acf":[],"_links":{"self":[{"href":"https:\/\/www.cerakotesa.com\/es\/wp-json\/wp\/v2\/product\/1600","targetHints":{"allow":["GET"]}}],"collection":[{"href":"https:\/\/www.cerakotesa.com\/es\/wp-json\/wp\/v2\/product"}],"about":[{"href":"https:\/\/www.cerakotesa.com\/es\/wp-json\/wp\/v2\/types\/product"}],"replies":[{"embeddable":true,"href":"https:\/\/www.cerakotesa.com\/es\/wp-json\/wp\/v2\/comments?post=1600"}],"wp:featuredmedia":[{"embeddable":true,"href":"https:\/\/www.cerakotesa.com\/es\/wp-json\/wp\/v2\/media\/12994"}],"wp:attachment":[{"href":"https:\/\/www.cerakotesa.com\/es\/wp-json\/wp\/v2\/media?parent=1600"}],"wp:term":[{"taxonomy":"product_brand","embeddable":true,"href":"https:\/\/www.cerakotesa.com\/es\/wp-json\/wp\/v2\/product_brand?post=1600"},{"taxonomy":"product_cat","embeddable":true,"href":"https:\/\/www.cerakotesa.com\/es\/wp-json\/wp\/v2\/product_cat?post=1600"},{"taxonomy":"product_tag","embeddable":true,"href":"https:\/\/www.cerakotesa.com\/es\/wp-json\/wp\/v2\/product_tag?post=1600"}],"curies":[{"name":"wp","href":"https:\/\/api.w.org\/{rel}","templated":true}]}}