{"id":1609,"date":"2019-12-09T11:31:57","date_gmt":"2019-12-09T11:31:57","guid":{"rendered":"https:\/\/staging.cerakote.co.uk\/?post_type=product&#038;p=1609"},"modified":"2024-08-05T13:26:41","modified_gmt":"2024-08-05T13:26:41","slug":"elite-series-325-mesh-strainer-44-micron-se-277","status":"publish","type":"product","link":"https:\/\/www.cerakotesa.com\/es\/producto\/elite-series-325-mesh-strainer-44-micron-se-277\/","title":{"rendered":"Filtro de malla 325 serie Elite (44 micras) SE-277"},"content":{"rendered":"","protected":false},"excerpt":{"rendered":"<p>Este colador de malla In-Cup 325 tiene un dise\u00f1o exclusivo para encajar en el<a href=\"https:\/\/www.cerakotesa.com\/product\/cup-for-lph80-se-150\/\"> vaso de aluminio para nuestra IWATA LPH80<\/a> pistola pulverizadora <a href=\"https:\/\/www.cerakotesa.com\/product\/iwata-lph80-spray-gun-kit-se-138\/\">SE-138<\/a>. Est\u00e1 dise\u00f1ado para facilitar el filtrado de su producto Elite Cerakote. El colador de malla 325 es s\u00f3lo para nuestra serie Elite y recubrimientos Gloss Clear. Este colador encajar\u00e1 dentro de un tama\u00f1o de la taza de la pistola de 2\u2033 a 2.375\u2033.<\/p>\n<p>*325 Malla = 44 Micras<\/p>","protected":false},"featured_media":13010,"comment_status":"closed","ping_status":"closed","template":"","meta":{"_acf_changed":false},"product_brand":[],"product_cat":[106],"product_tag":[619,620,105,621],"class_list":{"0":"post-1609","1":"product","2":"type-product","3":"status-publish","4":"has-post-thumbnail","6":"product_cat-equipment","7":"product_tag-44-micron","8":"product_tag-elite-series-325-mesh-strainer","9":"product_tag-equipment","10":"product_tag-se-277","11":"product_shipping_class-flat-rate","13":"first","14":"instock","15":"taxable","16":"shipping-taxable","17":"product-type-simple"},"yoast_head":"<!-- This site is optimized with the Yoast SEO plugin v26.7 - https:\/\/yoast.com\/wordpress\/plugins\/seo\/ -->\n<title>Elite series 325 Mesh Strainer (44 Micron) SE-277 - Cerakote South Africa<\/title>\n<meta name=\"robots\" content=\"index, follow, max-snippet:-1, max-image-preview:large, max-video-preview:-1\" \/>\n<link rel=\"canonical\" href=\"https:\/\/www.cerakotesa.com\/es\/producto\/elite-series-325-mesh-strainer-44-micron-se-277\/\" \/>\n<meta property=\"og:locale\" content=\"es_ES\" \/>\n<meta property=\"og:type\" content=\"article\" \/>\n<meta property=\"og:title\" content=\"Elite series 325 Mesh Strainer (44 Micron) SE-277 - Cerakote South Africa\" \/>\n<meta property=\"og:description\" content=\"This In-Cup 325 mesh strainer is uniquely designed to fit in the aluminium cup for our IWATA LPH80 spray gun SE-138. It is designed to make it easy to filter your Elite Cerakote product. The 325 Mesh Strainer is only for our Elite series and Gloss Clear coatings. This strainer will fit inside a spraygun cup size of 2&quot; to 2.375&quot;.  *325 Mesh = 44 Micron\" \/>\n<meta property=\"og:url\" content=\"https:\/\/www.cerakotesa.com\/es\/producto\/elite-series-325-mesh-strainer-44-micron-se-277\/\" \/>\n<meta property=\"og:site_name\" content=\"Cerakote South Africa\" \/>\n<meta property=\"article:modified_time\" content=\"2024-08-05T13:26:41+00:00\" \/>\n<meta property=\"og:image\" content=\"https:\/\/www.cerakotesa.com\/wp-content\/uploads\/2023\/06\/elite-series-in-cup-325-mesh-strainer-se-277-dt20211001150227068-thumbnail.jpg\" \/>\n\t<meta property=\"og:image:width\" content=\"800\" \/>\n\t<meta property=\"og:image:height\" content=\"800\" \/>\n\t<meta property=\"og:image:type\" content=\"image\/jpeg\" \/>\n<meta name=\"twitter:card\" content=\"summary_large_image\" \/>\n<script type=\"application\/ld+json\" class=\"yoast-schema-graph\">{\"@context\":\"https:\/\/schema.org\",\"@graph\":[{\"@type\":\"WebPage\",\"@id\":\"https:\/\/www.cerakotesa.com\/product\/elite-series-325-mesh-strainer-44-micron-se-277\/\",\"url\":\"https:\/\/www.cerakotesa.com\/product\/elite-series-325-mesh-strainer-44-micron-se-277\/\",\"name\":\"Elite series 325 Mesh Strainer (44 Micron) SE-277 - Cerakote South Africa\",\"isPartOf\":{\"@id\":\"https:\/\/www.cerakotesa.com\/#website\"},\"primaryImageOfPage\":{\"@id\":\"https:\/\/www.cerakotesa.com\/product\/elite-series-325-mesh-strainer-44-micron-se-277\/#primaryimage\"},\"image\":{\"@id\":\"https:\/\/www.cerakotesa.com\/product\/elite-series-325-mesh-strainer-44-micron-se-277\/#primaryimage\"},\"thumbnailUrl\":\"https:\/\/www.cerakotesa.com\/wp-content\/uploads\/2023\/06\/elite-series-in-cup-325-mesh-strainer-se-277-dt20211001150227068-thumbnail.jpg\",\"datePublished\":\"2019-12-09T11:31:57+00:00\",\"dateModified\":\"2024-08-05T13:26:41+00:00\",\"breadcrumb\":{\"@id\":\"https:\/\/www.cerakotesa.com\/product\/elite-series-325-mesh-strainer-44-micron-se-277\/#breadcrumb\"},\"inLanguage\":\"es\",\"potentialAction\":[{\"@type\":\"ReadAction\",\"target\":[\"https:\/\/www.cerakotesa.com\/product\/elite-series-325-mesh-strainer-44-micron-se-277\/\"]}]},{\"@type\":\"ImageObject\",\"inLanguage\":\"es\",\"@id\":\"https:\/\/www.cerakotesa.com\/product\/elite-series-325-mesh-strainer-44-micron-se-277\/#primaryimage\",\"url\":\"https:\/\/www.cerakotesa.com\/wp-content\/uploads\/2023\/06\/elite-series-in-cup-325-mesh-strainer-se-277-dt20211001150227068-thumbnail.jpg\",\"contentUrl\":\"https:\/\/www.cerakotesa.com\/wp-content\/uploads\/2023\/06\/elite-series-in-cup-325-mesh-strainer-se-277-dt20211001150227068-thumbnail.jpg\",\"width\":800,\"height\":800},{\"@type\":\"BreadcrumbList\",\"@id\":\"https:\/\/www.cerakotesa.com\/product\/elite-series-325-mesh-strainer-44-micron-se-277\/#breadcrumb\",\"itemListElement\":[{\"@type\":\"ListItem\",\"position\":1,\"name\":\"Home\",\"item\":\"https:\/\/www.cerakotesa.com\/\"},{\"@type\":\"ListItem\",\"position\":2,\"name\":\"Products\",\"item\":\"https:\/\/www.cerakotesa.com\/shop\/\"},{\"@type\":\"ListItem\",\"position\":3,\"name\":\"Elite series 325 Mesh Strainer (44 Micron) SE-277\"}]},{\"@type\":\"WebSite\",\"@id\":\"https:\/\/www.cerakotesa.com\/#website\",\"url\":\"https:\/\/www.cerakotesa.com\/\",\"name\":\"Cerakote South Africa\",\"description\":\"Cerakote is a global leader in the manufacturing of thin-film protective ceramic coatings\",\"potentialAction\":[{\"@type\":\"SearchAction\",\"target\":{\"@type\":\"EntryPoint\",\"urlTemplate\":\"https:\/\/www.cerakotesa.com\/?s={search_term_string}\"},\"query-input\":{\"@type\":\"PropertyValueSpecification\",\"valueRequired\":true,\"valueName\":\"search_term_string\"}}],\"inLanguage\":\"es\"}]}<\/script>\n<!-- \/ Yoast SEO plugin. -->","yoast_head_json":{"title":"Elite series 325 Mesh Strainer (44 Micron) SE-277 - Cerakote South Africa","robots":{"index":"index","follow":"follow","max-snippet":"max-snippet:-1","max-image-preview":"max-image-preview:large","max-video-preview":"max-video-preview:-1"},"canonical":"https:\/\/www.cerakotesa.com\/es\/producto\/elite-series-325-mesh-strainer-44-micron-se-277\/","og_locale":"es_ES","og_type":"article","og_title":"Elite series 325 Mesh Strainer (44 Micron) SE-277 - Cerakote South Africa","og_description":"This In-Cup 325 mesh strainer is uniquely designed to fit in the aluminium cup for our IWATA LPH80 spray gun SE-138. It is designed to make it easy to filter your Elite Cerakote product. The 325 Mesh Strainer is only for our Elite series and Gloss Clear coatings. This strainer will fit inside a spraygun cup size of 2\" to 2.375\".  *325 Mesh = 44 Micron","og_url":"https:\/\/www.cerakotesa.com\/es\/producto\/elite-series-325-mesh-strainer-44-micron-se-277\/","og_site_name":"Cerakote South Africa","article_modified_time":"2024-08-05T13:26:41+00:00","og_image":[{"width":800,"height":800,"url":"https:\/\/www.cerakotesa.com\/wp-content\/uploads\/2023\/06\/elite-series-in-cup-325-mesh-strainer-se-277-dt20211001150227068-thumbnail.jpg","type":"image\/jpeg"}],"twitter_card":"summary_large_image","schema":{"@context":"https:\/\/schema.org","@graph":[{"@type":"WebPage","@id":"https:\/\/www.cerakotesa.com\/product\/elite-series-325-mesh-strainer-44-micron-se-277\/","url":"https:\/\/www.cerakotesa.com\/product\/elite-series-325-mesh-strainer-44-micron-se-277\/","name":"Elite series 325 Mesh Strainer (44 Micron) SE-277 - Cerakote South Africa","isPartOf":{"@id":"https:\/\/www.cerakotesa.com\/#website"},"primaryImageOfPage":{"@id":"https:\/\/www.cerakotesa.com\/product\/elite-series-325-mesh-strainer-44-micron-se-277\/#primaryimage"},"image":{"@id":"https:\/\/www.cerakotesa.com\/product\/elite-series-325-mesh-strainer-44-micron-se-277\/#primaryimage"},"thumbnailUrl":"https:\/\/www.cerakotesa.com\/wp-content\/uploads\/2023\/06\/elite-series-in-cup-325-mesh-strainer-se-277-dt20211001150227068-thumbnail.jpg","datePublished":"2019-12-09T11:31:57+00:00","dateModified":"2024-08-05T13:26:41+00:00","breadcrumb":{"@id":"https:\/\/www.cerakotesa.com\/product\/elite-series-325-mesh-strainer-44-micron-se-277\/#breadcrumb"},"inLanguage":"es","potentialAction":[{"@type":"ReadAction","target":["https:\/\/www.cerakotesa.com\/product\/elite-series-325-mesh-strainer-44-micron-se-277\/"]}]},{"@type":"ImageObject","inLanguage":"es","@id":"https:\/\/www.cerakotesa.com\/product\/elite-series-325-mesh-strainer-44-micron-se-277\/#primaryimage","url":"https:\/\/www.cerakotesa.com\/wp-content\/uploads\/2023\/06\/elite-series-in-cup-325-mesh-strainer-se-277-dt20211001150227068-thumbnail.jpg","contentUrl":"https:\/\/www.cerakotesa.com\/wp-content\/uploads\/2023\/06\/elite-series-in-cup-325-mesh-strainer-se-277-dt20211001150227068-thumbnail.jpg","width":800,"height":800},{"@type":"BreadcrumbList","@id":"https:\/\/www.cerakotesa.com\/product\/elite-series-325-mesh-strainer-44-micron-se-277\/#breadcrumb","itemListElement":[{"@type":"ListItem","position":1,"name":"Home","item":"https:\/\/www.cerakotesa.com\/"},{"@type":"ListItem","position":2,"name":"Products","item":"https:\/\/www.cerakotesa.com\/shop\/"},{"@type":"ListItem","position":3,"name":"Elite series 325 Mesh Strainer (44 Micron) SE-277"}]},{"@type":"WebSite","@id":"https:\/\/www.cerakotesa.com\/#website","url":"https:\/\/www.cerakotesa.com\/","name":"Cerakote South Africa","description":"Cerakote es l\u00edder mundial en la fabricaci\u00f3n de recubrimientos cer\u00e1micos protectores de capa fina.","potentialAction":[{"@type":"SearchAction","target":{"@type":"EntryPoint","urlTemplate":"https:\/\/www.cerakotesa.com\/?s={search_term_string}"},"query-input":{"@type":"PropertyValueSpecification","valueRequired":true,"valueName":"search_term_string"}}],"inLanguage":"es"}]}},"acf":[],"_links":{"self":[{"href":"https:\/\/www.cerakotesa.com\/es\/wp-json\/wp\/v2\/product\/1609","targetHints":{"allow":["GET"]}}],"collection":[{"href":"https:\/\/www.cerakotesa.com\/es\/wp-json\/wp\/v2\/product"}],"about":[{"href":"https:\/\/www.cerakotesa.com\/es\/wp-json\/wp\/v2\/types\/product"}],"replies":[{"embeddable":true,"href":"https:\/\/www.cerakotesa.com\/es\/wp-json\/wp\/v2\/comments?post=1609"}],"wp:featuredmedia":[{"embeddable":true,"href":"https:\/\/www.cerakotesa.com\/es\/wp-json\/wp\/v2\/media\/13010"}],"wp:attachment":[{"href":"https:\/\/www.cerakotesa.com\/es\/wp-json\/wp\/v2\/media?parent=1609"}],"wp:term":[{"taxonomy":"product_brand","embeddable":true,"href":"https:\/\/www.cerakotesa.com\/es\/wp-json\/wp\/v2\/product_brand?post=1609"},{"taxonomy":"product_cat","embeddable":true,"href":"https:\/\/www.cerakotesa.com\/es\/wp-json\/wp\/v2\/product_cat?post=1609"},{"taxonomy":"product_tag","embeddable":true,"href":"https:\/\/www.cerakotesa.com\/es\/wp-json\/wp\/v2\/product_tag?post=1609"}],"curies":[{"name":"wp","href":"https:\/\/api.w.org\/{rel}","templated":true}]}}