{"id":1619,"date":"2019-12-09T12:21:48","date_gmt":"2019-12-09T12:21:48","guid":{"rendered":"https:\/\/staging.cerakote.co.uk\/?post_type=product&#038;p=1619"},"modified":"2024-08-05T13:26:44","modified_gmt":"2024-08-05T13:26:44","slug":"pyrex-1000ml-mixing-beaker-lid-se-259","status":"publish","type":"product","link":"https:\/\/www.cerakotesa.com\/es\/producto\/pyrex-1000ml-mixing-beaker-lid-se-259\/","title":{"rendered":"Vaso de mezcla y tapa Pyrex 1000ML SE-259"},"content":{"rendered":"","protected":false},"excerpt":{"rendered":"<p>Si necesita mezclar grandes cantidades, este es el vaso perfecto para usted. Tambi\u00e9n viene con una tapa de cristal para garantizar que no entren contaminantes en el revestimiento. Puede contener hasta 1000 ml de revestimiento.<\/p>","protected":false},"featured_media":15656,"comment_status":"closed","ping_status":"closed","template":"","meta":{"_acf_changed":false},"product_brand":[],"product_cat":[106],"product_tag":[105,638,639],"class_list":{"0":"post-1619","1":"product","2":"type-product","3":"status-publish","4":"has-post-thumbnail","6":"product_cat-equipment","7":"product_tag-equipment","8":"product_tag-pyrex-1000ml-mixing-beaker-lid","9":"product_tag-se-259","10":"product_shipping_class-flat-rate","12":"first","13":"instock","14":"taxable","15":"shipping-taxable","16":"product-type-simple"},"yoast_head":"<!-- This site is optimized with the Yoast SEO plugin v26.7 - https:\/\/yoast.com\/wordpress\/plugins\/seo\/ -->\n<title>Pyrex 1000ML Mixing Beaker &amp; Lid SE-259 - Cerakote South Africa<\/title>\n<meta name=\"robots\" content=\"index, follow, max-snippet:-1, max-image-preview:large, max-video-preview:-1\" \/>\n<link rel=\"canonical\" href=\"https:\/\/www.cerakotesa.com\/es\/producto\/pyrex-1000ml-mixing-beaker-lid-se-259\/\" \/>\n<meta property=\"og:locale\" content=\"es_ES\" \/>\n<meta property=\"og:type\" content=\"article\" \/>\n<meta property=\"og:title\" content=\"Pyrex 1000ML Mixing Beaker &amp; Lid SE-259 - Cerakote South Africa\" \/>\n<meta property=\"og:description\" content=\"If you are needing to mix larger quantities this is the perfect mixing beaker for you. It also comes with a glass lid to ensure that no contaminates will get into your coating. It will hold up to 1000mL \/ 32oz of coating.\" \/>\n<meta property=\"og:url\" content=\"https:\/\/www.cerakotesa.com\/es\/producto\/pyrex-1000ml-mixing-beaker-lid-se-259\/\" \/>\n<meta property=\"og:site_name\" content=\"Cerakote South Africa\" \/>\n<meta property=\"article:modified_time\" content=\"2024-08-05T13:26:44+00:00\" \/>\n<meta property=\"og:image\" content=\"https:\/\/www.cerakotesa.com\/wp-content\/uploads\/2019\/12\/pyrex-1000ml-mixing-beaker-lid-se-259-dt20211001153210341-thumbnail.jpg\" \/>\n\t<meta property=\"og:image:width\" content=\"800\" \/>\n\t<meta property=\"og:image:height\" content=\"800\" \/>\n\t<meta property=\"og:image:type\" content=\"image\/jpeg\" \/>\n<meta name=\"twitter:card\" content=\"summary_large_image\" \/>\n<script type=\"application\/ld+json\" class=\"yoast-schema-graph\">{\"@context\":\"https:\/\/schema.org\",\"@graph\":[{\"@type\":\"WebPage\",\"@id\":\"https:\/\/www.cerakotesa.com\/product\/pyrex-1000ml-mixing-beaker-lid-se-259\/\",\"url\":\"https:\/\/www.cerakotesa.com\/product\/pyrex-1000ml-mixing-beaker-lid-se-259\/\",\"name\":\"Pyrex 1000ML Mixing Beaker & Lid SE-259 - Cerakote South Africa\",\"isPartOf\":{\"@id\":\"https:\/\/www.cerakotesa.com\/#website\"},\"primaryImageOfPage\":{\"@id\":\"https:\/\/www.cerakotesa.com\/product\/pyrex-1000ml-mixing-beaker-lid-se-259\/#primaryimage\"},\"image\":{\"@id\":\"https:\/\/www.cerakotesa.com\/product\/pyrex-1000ml-mixing-beaker-lid-se-259\/#primaryimage\"},\"thumbnailUrl\":\"https:\/\/www.cerakotesa.com\/wp-content\/uploads\/2019\/12\/pyrex-1000ml-mixing-beaker-lid-se-259-dt20211001153210341-thumbnail.jpg\",\"datePublished\":\"2019-12-09T12:21:48+00:00\",\"dateModified\":\"2024-08-05T13:26:44+00:00\",\"breadcrumb\":{\"@id\":\"https:\/\/www.cerakotesa.com\/product\/pyrex-1000ml-mixing-beaker-lid-se-259\/#breadcrumb\"},\"inLanguage\":\"es\",\"potentialAction\":[{\"@type\":\"ReadAction\",\"target\":[\"https:\/\/www.cerakotesa.com\/product\/pyrex-1000ml-mixing-beaker-lid-se-259\/\"]}]},{\"@type\":\"ImageObject\",\"inLanguage\":\"es\",\"@id\":\"https:\/\/www.cerakotesa.com\/product\/pyrex-1000ml-mixing-beaker-lid-se-259\/#primaryimage\",\"url\":\"https:\/\/www.cerakotesa.com\/wp-content\/uploads\/2019\/12\/pyrex-1000ml-mixing-beaker-lid-se-259-dt20211001153210341-thumbnail.jpg\",\"contentUrl\":\"https:\/\/www.cerakotesa.com\/wp-content\/uploads\/2019\/12\/pyrex-1000ml-mixing-beaker-lid-se-259-dt20211001153210341-thumbnail.jpg\",\"width\":800,\"height\":800},{\"@type\":\"BreadcrumbList\",\"@id\":\"https:\/\/www.cerakotesa.com\/product\/pyrex-1000ml-mixing-beaker-lid-se-259\/#breadcrumb\",\"itemListElement\":[{\"@type\":\"ListItem\",\"position\":1,\"name\":\"Home\",\"item\":\"https:\/\/www.cerakotesa.com\/\"},{\"@type\":\"ListItem\",\"position\":2,\"name\":\"Products\",\"item\":\"https:\/\/www.cerakotesa.com\/shop\/\"},{\"@type\":\"ListItem\",\"position\":3,\"name\":\"Pyrex 1000ML Mixing Beaker &#038; Lid SE-259\"}]},{\"@type\":\"WebSite\",\"@id\":\"https:\/\/www.cerakotesa.com\/#website\",\"url\":\"https:\/\/www.cerakotesa.com\/\",\"name\":\"Cerakote South Africa\",\"description\":\"Cerakote is a global leader in the manufacturing of thin-film protective ceramic coatings\",\"potentialAction\":[{\"@type\":\"SearchAction\",\"target\":{\"@type\":\"EntryPoint\",\"urlTemplate\":\"https:\/\/www.cerakotesa.com\/?s={search_term_string}\"},\"query-input\":{\"@type\":\"PropertyValueSpecification\",\"valueRequired\":true,\"valueName\":\"search_term_string\"}}],\"inLanguage\":\"es\"}]}<\/script>\n<!-- \/ Yoast SEO plugin. -->","yoast_head_json":{"title":"Pyrex 1000ML Mixing Beaker & Lid SE-259 - Cerakote South Africa","robots":{"index":"index","follow":"follow","max-snippet":"max-snippet:-1","max-image-preview":"max-image-preview:large","max-video-preview":"max-video-preview:-1"},"canonical":"https:\/\/www.cerakotesa.com\/es\/producto\/pyrex-1000ml-mixing-beaker-lid-se-259\/","og_locale":"es_ES","og_type":"article","og_title":"Pyrex 1000ML Mixing Beaker & Lid SE-259 - Cerakote South Africa","og_description":"If you are needing to mix larger quantities this is the perfect mixing beaker for you. It also comes with a glass lid to ensure that no contaminates will get into your coating. It will hold up to 1000mL \/ 32oz of coating.","og_url":"https:\/\/www.cerakotesa.com\/es\/producto\/pyrex-1000ml-mixing-beaker-lid-se-259\/","og_site_name":"Cerakote South Africa","article_modified_time":"2024-08-05T13:26:44+00:00","og_image":[{"width":800,"height":800,"url":"https:\/\/www.cerakotesa.com\/wp-content\/uploads\/2019\/12\/pyrex-1000ml-mixing-beaker-lid-se-259-dt20211001153210341-thumbnail.jpg","type":"image\/jpeg"}],"twitter_card":"summary_large_image","schema":{"@context":"https:\/\/schema.org","@graph":[{"@type":"WebPage","@id":"https:\/\/www.cerakotesa.com\/product\/pyrex-1000ml-mixing-beaker-lid-se-259\/","url":"https:\/\/www.cerakotesa.com\/product\/pyrex-1000ml-mixing-beaker-lid-se-259\/","name":"Pyrex 1000ML Mixing Beaker & Lid SE-259 - Cerakote South Africa","isPartOf":{"@id":"https:\/\/www.cerakotesa.com\/#website"},"primaryImageOfPage":{"@id":"https:\/\/www.cerakotesa.com\/product\/pyrex-1000ml-mixing-beaker-lid-se-259\/#primaryimage"},"image":{"@id":"https:\/\/www.cerakotesa.com\/product\/pyrex-1000ml-mixing-beaker-lid-se-259\/#primaryimage"},"thumbnailUrl":"https:\/\/www.cerakotesa.com\/wp-content\/uploads\/2019\/12\/pyrex-1000ml-mixing-beaker-lid-se-259-dt20211001153210341-thumbnail.jpg","datePublished":"2019-12-09T12:21:48+00:00","dateModified":"2024-08-05T13:26:44+00:00","breadcrumb":{"@id":"https:\/\/www.cerakotesa.com\/product\/pyrex-1000ml-mixing-beaker-lid-se-259\/#breadcrumb"},"inLanguage":"es","potentialAction":[{"@type":"ReadAction","target":["https:\/\/www.cerakotesa.com\/product\/pyrex-1000ml-mixing-beaker-lid-se-259\/"]}]},{"@type":"ImageObject","inLanguage":"es","@id":"https:\/\/www.cerakotesa.com\/product\/pyrex-1000ml-mixing-beaker-lid-se-259\/#primaryimage","url":"https:\/\/www.cerakotesa.com\/wp-content\/uploads\/2019\/12\/pyrex-1000ml-mixing-beaker-lid-se-259-dt20211001153210341-thumbnail.jpg","contentUrl":"https:\/\/www.cerakotesa.com\/wp-content\/uploads\/2019\/12\/pyrex-1000ml-mixing-beaker-lid-se-259-dt20211001153210341-thumbnail.jpg","width":800,"height":800},{"@type":"BreadcrumbList","@id":"https:\/\/www.cerakotesa.com\/product\/pyrex-1000ml-mixing-beaker-lid-se-259\/#breadcrumb","itemListElement":[{"@type":"ListItem","position":1,"name":"Home","item":"https:\/\/www.cerakotesa.com\/"},{"@type":"ListItem","position":2,"name":"Products","item":"https:\/\/www.cerakotesa.com\/shop\/"},{"@type":"ListItem","position":3,"name":"Pyrex 1000ML Mixing Beaker &#038; Lid SE-259"}]},{"@type":"WebSite","@id":"https:\/\/www.cerakotesa.com\/#website","url":"https:\/\/www.cerakotesa.com\/","name":"Cerakote South Africa","description":"Cerakote es l\u00edder mundial en la fabricaci\u00f3n de recubrimientos cer\u00e1micos protectores de capa fina.","potentialAction":[{"@type":"SearchAction","target":{"@type":"EntryPoint","urlTemplate":"https:\/\/www.cerakotesa.com\/?s={search_term_string}"},"query-input":{"@type":"PropertyValueSpecification","valueRequired":true,"valueName":"search_term_string"}}],"inLanguage":"es"}]}},"acf":[],"_links":{"self":[{"href":"https:\/\/www.cerakotesa.com\/es\/wp-json\/wp\/v2\/product\/1619","targetHints":{"allow":["GET"]}}],"collection":[{"href":"https:\/\/www.cerakotesa.com\/es\/wp-json\/wp\/v2\/product"}],"about":[{"href":"https:\/\/www.cerakotesa.com\/es\/wp-json\/wp\/v2\/types\/product"}],"replies":[{"embeddable":true,"href":"https:\/\/www.cerakotesa.com\/es\/wp-json\/wp\/v2\/comments?post=1619"}],"wp:featuredmedia":[{"embeddable":true,"href":"https:\/\/www.cerakotesa.com\/es\/wp-json\/wp\/v2\/media\/15656"}],"wp:attachment":[{"href":"https:\/\/www.cerakotesa.com\/es\/wp-json\/wp\/v2\/media?parent=1619"}],"wp:term":[{"taxonomy":"product_brand","embeddable":true,"href":"https:\/\/www.cerakotesa.com\/es\/wp-json\/wp\/v2\/product_brand?post=1619"},{"taxonomy":"product_cat","embeddable":true,"href":"https:\/\/www.cerakotesa.com\/es\/wp-json\/wp\/v2\/product_cat?post=1619"},{"taxonomy":"product_tag","embeddable":true,"href":"https:\/\/www.cerakotesa.com\/es\/wp-json\/wp\/v2\/product_tag?post=1619"}],"curies":[{"name":"wp","href":"https:\/\/api.w.org\/{rel}","templated":true}]}}