{"id":1620,"date":"2019-12-09T12:27:34","date_gmt":"2019-12-09T12:27:34","guid":{"rendered":"https:\/\/staging.cerakote.co.uk\/?post_type=product&#038;p=1620"},"modified":"2024-08-05T13:26:44","modified_gmt":"2024-08-05T13:26:44","slug":"cerakote-hook-kit-se-195","status":"publish","type":"product","link":"https:\/\/www.cerakotesa.com\/es\/producto\/cerakote-hook-kit-se-195\/","title":{"rendered":"Kit de ganchos CERAKOTE\u00ae SE-195"},"content":{"rendered":"","protected":false},"excerpt":{"rendered":"<p>Cerakote<sup>\u00ae <\/sup>se enorgullece de ofrecerle un completo kit de ganchos de recubrimiento para todos sus productos Cerakote<sup>\u00ae<\/sup> needs. Whether you&#8217;re coating a firearm, yeti cup, game controller, wheels, sunglasses or more, we have the hook sizes you will need. We want you to deliver your customers with the best possible outcome, and that is why we want to provide you with all the right tools to achieve success.<\/p>\n<p>This high-quality hook kit is loaded with 450 of the most common hook sizes. All 450 hooks are reusable industrial coating hooks with multiple styles, lengths, and gauges for all coating scenarios. The variety of these hooks have been skillfully handpicked by our Cerakote<sup>\u00ae<\/sup> Trainers, insuring that you will be receiving the best of the best!<\/p>\n<p>Cantidades y tama\u00f1os de ganchos:<\/p>\n<ul>\n<li>50 - Ganchos de resorte de 5.25\u2033x.072<\/li>\n<li>50 - 6\u2033x .120\u2033 V Ganchos<\/li>\n<li>100 - 7.125\u2033x .072\u2033 Ganchos Combo J\/V<\/li>\n<li>100 - 2.5\u2033x .072\u2033 Ganchos de resorte<\/li>\n<li>150 - 4.125\u2033x .072\u2033 Ganchos en V<\/li>\n<\/ul>\n<p>&nbsp;<\/p>\n<p>Siga buscando la excelencia y haga que sus clientes vuelvan a por m\u00e1s. Perfeccionar su oficio con las herramientas adecuadas le har\u00e1 destacar. Consiga hoy mismo su kit de ganchos Cerakote.<\/p>","protected":false},"featured_media":13694,"comment_status":"closed","ping_status":"closed","template":"","meta":{"_acf_changed":false},"product_brand":[],"product_cat":[106],"product_tag":[640,641,642],"class_list":{"0":"post-1620","1":"product","2":"type-product","3":"status-publish","4":"has-post-thumbnail","6":"product_cat-equipment","7":"product_tag-cerakote-hook-kit","8":"product_tag-equip","9":"product_tag-se-195","10":"product_shipping_class-flat-rate","12":"first","13":"instock","14":"taxable","15":"shipping-taxable","16":"product-type-simple"},"yoast_head":"<!-- This site is optimized with the Yoast SEO plugin v26.7 - https:\/\/yoast.com\/wordpress\/plugins\/seo\/ -->\n<title>CERAKOTE\u00ae Hook Kit SE-195 - Cerakote South Africa<\/title>\n<meta name=\"robots\" content=\"index, follow, max-snippet:-1, max-image-preview:large, max-video-preview:-1\" \/>\n<link rel=\"canonical\" href=\"https:\/\/www.cerakotesa.com\/es\/producto\/cerakote-hook-kit-se-195\/\" \/>\n<meta property=\"og:locale\" content=\"es_ES\" \/>\n<meta property=\"og:type\" content=\"article\" \/>\n<meta property=\"og:title\" content=\"CERAKOTE\u00ae Hook Kit SE-195 - Cerakote South Africa\" \/>\n<meta property=\"og:description\" content=\"Cerakote\u00ae is proud to offer you a complete coating hook kit for all your Cerakote\u00ae needs. Whether you&#039;re coating a firearm, yeti cup, game controller, wheels, sunglasses or more, we have the hook sizes you will need. We want you to deliver your customers with the best possible outcome, and that is why we want to provide you with all the right tools to achieve success.  This high-quality hook kit is loaded with 450 of the most common hook sizes. All 450 hooks are reusable industrial coating hooks with multiple styles, lengths, and gauges for all coating scenarios. The variety of these hooks have been skillfully handpicked by our Cerakote\u00ae Trainers, insuring that you will be receiving the best of the best!  Hook quantities and sizes:   50 - 5.25&quot;x.072&quot; Spring Hooks  50 - 6&quot;x .120&quot; V Hooks  100 - 7.125&quot;x .072&quot; J\/V Combo Hooks  100 - 2.5&quot;x .072&quot; Spring Hooks  150 - 4.125&quot;x .072&quot; V Hooks  &nbsp;  Continue to strive for excellence and make your customers keep coming back for more. Perfecting your craft with the right tools will make you stand out. Get your Cerakote Hook Kit today!\" \/>\n<meta property=\"og:url\" content=\"https:\/\/www.cerakotesa.com\/es\/producto\/cerakote-hook-kit-se-195\/\" \/>\n<meta property=\"og:site_name\" content=\"Cerakote South Africa\" \/>\n<meta property=\"article:modified_time\" content=\"2024-08-05T13:26:44+00:00\" \/>\n<meta property=\"og:image\" content=\"https:\/\/www.cerakotesa.com\/wp-content\/uploads\/2023\/06\/cerakote-hook-kit-se-195-dt20211001152001286-thumbnail.jpg\" \/>\n\t<meta property=\"og:image:width\" content=\"800\" \/>\n\t<meta property=\"og:image:height\" content=\"800\" \/>\n\t<meta property=\"og:image:type\" content=\"image\/jpeg\" \/>\n<meta name=\"twitter:card\" content=\"summary_large_image\" \/>\n<script type=\"application\/ld+json\" class=\"yoast-schema-graph\">{\"@context\":\"https:\/\/schema.org\",\"@graph\":[{\"@type\":\"WebPage\",\"@id\":\"https:\/\/www.cerakotesa.com\/product\/cerakote-hook-kit-se-195\/\",\"url\":\"https:\/\/www.cerakotesa.com\/product\/cerakote-hook-kit-se-195\/\",\"name\":\"CERAKOTE\u00ae Hook Kit SE-195 - Cerakote South Africa\",\"isPartOf\":{\"@id\":\"https:\/\/www.cerakotesa.com\/#website\"},\"primaryImageOfPage\":{\"@id\":\"https:\/\/www.cerakotesa.com\/product\/cerakote-hook-kit-se-195\/#primaryimage\"},\"image\":{\"@id\":\"https:\/\/www.cerakotesa.com\/product\/cerakote-hook-kit-se-195\/#primaryimage\"},\"thumbnailUrl\":\"https:\/\/www.cerakotesa.com\/wp-content\/uploads\/2023\/06\/cerakote-hook-kit-se-195-dt20211001152001286-thumbnail.jpg\",\"datePublished\":\"2019-12-09T12:27:34+00:00\",\"dateModified\":\"2024-08-05T13:26:44+00:00\",\"breadcrumb\":{\"@id\":\"https:\/\/www.cerakotesa.com\/product\/cerakote-hook-kit-se-195\/#breadcrumb\"},\"inLanguage\":\"es\",\"potentialAction\":[{\"@type\":\"ReadAction\",\"target\":[\"https:\/\/www.cerakotesa.com\/product\/cerakote-hook-kit-se-195\/\"]}]},{\"@type\":\"ImageObject\",\"inLanguage\":\"es\",\"@id\":\"https:\/\/www.cerakotesa.com\/product\/cerakote-hook-kit-se-195\/#primaryimage\",\"url\":\"https:\/\/www.cerakotesa.com\/wp-content\/uploads\/2023\/06\/cerakote-hook-kit-se-195-dt20211001152001286-thumbnail.jpg\",\"contentUrl\":\"https:\/\/www.cerakotesa.com\/wp-content\/uploads\/2023\/06\/cerakote-hook-kit-se-195-dt20211001152001286-thumbnail.jpg\",\"width\":800,\"height\":800},{\"@type\":\"BreadcrumbList\",\"@id\":\"https:\/\/www.cerakotesa.com\/product\/cerakote-hook-kit-se-195\/#breadcrumb\",\"itemListElement\":[{\"@type\":\"ListItem\",\"position\":1,\"name\":\"Home\",\"item\":\"https:\/\/www.cerakotesa.com\/\"},{\"@type\":\"ListItem\",\"position\":2,\"name\":\"Products\",\"item\":\"https:\/\/www.cerakotesa.com\/shop\/\"},{\"@type\":\"ListItem\",\"position\":3,\"name\":\"CERAKOTE\u00ae Hook Kit SE-195\"}]},{\"@type\":\"WebSite\",\"@id\":\"https:\/\/www.cerakotesa.com\/#website\",\"url\":\"https:\/\/www.cerakotesa.com\/\",\"name\":\"Cerakote South Africa\",\"description\":\"Cerakote is a global leader in the manufacturing of thin-film protective ceramic coatings\",\"potentialAction\":[{\"@type\":\"SearchAction\",\"target\":{\"@type\":\"EntryPoint\",\"urlTemplate\":\"https:\/\/www.cerakotesa.com\/?s={search_term_string}\"},\"query-input\":{\"@type\":\"PropertyValueSpecification\",\"valueRequired\":true,\"valueName\":\"search_term_string\"}}],\"inLanguage\":\"es\"}]}<\/script>\n<!-- \/ Yoast SEO plugin. -->","yoast_head_json":{"title":"CERAKOTE\u00ae Hook Kit SE-195 - Cerakote South Africa","robots":{"index":"index","follow":"follow","max-snippet":"max-snippet:-1","max-image-preview":"max-image-preview:large","max-video-preview":"max-video-preview:-1"},"canonical":"https:\/\/www.cerakotesa.com\/es\/producto\/cerakote-hook-kit-se-195\/","og_locale":"es_ES","og_type":"article","og_title":"CERAKOTE\u00ae Hook Kit SE-195 - Cerakote South Africa","og_description":"Cerakote\u00ae is proud to offer you a complete coating hook kit for all your Cerakote\u00ae needs. Whether you're coating a firearm, yeti cup, game controller, wheels, sunglasses or more, we have the hook sizes you will need. We want you to deliver your customers with the best possible outcome, and that is why we want to provide you with all the right tools to achieve success.  This high-quality hook kit is loaded with 450 of the most common hook sizes. All 450 hooks are reusable industrial coating hooks with multiple styles, lengths, and gauges for all coating scenarios. The variety of these hooks have been skillfully handpicked by our Cerakote\u00ae Trainers, insuring that you will be receiving the best of the best!  Hook quantities and sizes:   50 - 5.25\"x.072\" Spring Hooks  50 - 6\"x .120\" V Hooks  100 - 7.125\"x .072\" J\/V Combo Hooks  100 - 2.5\"x .072\" Spring Hooks  150 - 4.125\"x .072\" V Hooks  &nbsp;  Continue to strive for excellence and make your customers keep coming back for more. Perfecting your craft with the right tools will make you stand out. Get your Cerakote Hook Kit today!","og_url":"https:\/\/www.cerakotesa.com\/es\/producto\/cerakote-hook-kit-se-195\/","og_site_name":"Cerakote South Africa","article_modified_time":"2024-08-05T13:26:44+00:00","og_image":[{"width":800,"height":800,"url":"https:\/\/www.cerakotesa.com\/wp-content\/uploads\/2023\/06\/cerakote-hook-kit-se-195-dt20211001152001286-thumbnail.jpg","type":"image\/jpeg"}],"twitter_card":"summary_large_image","schema":{"@context":"https:\/\/schema.org","@graph":[{"@type":"WebPage","@id":"https:\/\/www.cerakotesa.com\/product\/cerakote-hook-kit-se-195\/","url":"https:\/\/www.cerakotesa.com\/product\/cerakote-hook-kit-se-195\/","name":"CERAKOTE\u00ae Hook Kit SE-195 - Cerakote South Africa","isPartOf":{"@id":"https:\/\/www.cerakotesa.com\/#website"},"primaryImageOfPage":{"@id":"https:\/\/www.cerakotesa.com\/product\/cerakote-hook-kit-se-195\/#primaryimage"},"image":{"@id":"https:\/\/www.cerakotesa.com\/product\/cerakote-hook-kit-se-195\/#primaryimage"},"thumbnailUrl":"https:\/\/www.cerakotesa.com\/wp-content\/uploads\/2023\/06\/cerakote-hook-kit-se-195-dt20211001152001286-thumbnail.jpg","datePublished":"2019-12-09T12:27:34+00:00","dateModified":"2024-08-05T13:26:44+00:00","breadcrumb":{"@id":"https:\/\/www.cerakotesa.com\/product\/cerakote-hook-kit-se-195\/#breadcrumb"},"inLanguage":"es","potentialAction":[{"@type":"ReadAction","target":["https:\/\/www.cerakotesa.com\/product\/cerakote-hook-kit-se-195\/"]}]},{"@type":"ImageObject","inLanguage":"es","@id":"https:\/\/www.cerakotesa.com\/product\/cerakote-hook-kit-se-195\/#primaryimage","url":"https:\/\/www.cerakotesa.com\/wp-content\/uploads\/2023\/06\/cerakote-hook-kit-se-195-dt20211001152001286-thumbnail.jpg","contentUrl":"https:\/\/www.cerakotesa.com\/wp-content\/uploads\/2023\/06\/cerakote-hook-kit-se-195-dt20211001152001286-thumbnail.jpg","width":800,"height":800},{"@type":"BreadcrumbList","@id":"https:\/\/www.cerakotesa.com\/product\/cerakote-hook-kit-se-195\/#breadcrumb","itemListElement":[{"@type":"ListItem","position":1,"name":"Home","item":"https:\/\/www.cerakotesa.com\/"},{"@type":"ListItem","position":2,"name":"Products","item":"https:\/\/www.cerakotesa.com\/shop\/"},{"@type":"ListItem","position":3,"name":"CERAKOTE\u00ae Hook Kit SE-195"}]},{"@type":"WebSite","@id":"https:\/\/www.cerakotesa.com\/#website","url":"https:\/\/www.cerakotesa.com\/","name":"Cerakote South Africa","description":"Cerakote es l\u00edder mundial en la fabricaci\u00f3n de recubrimientos cer\u00e1micos protectores de capa fina.","potentialAction":[{"@type":"SearchAction","target":{"@type":"EntryPoint","urlTemplate":"https:\/\/www.cerakotesa.com\/?s={search_term_string}"},"query-input":{"@type":"PropertyValueSpecification","valueRequired":true,"valueName":"search_term_string"}}],"inLanguage":"es"}]}},"acf":[],"_links":{"self":[{"href":"https:\/\/www.cerakotesa.com\/es\/wp-json\/wp\/v2\/product\/1620","targetHints":{"allow":["GET"]}}],"collection":[{"href":"https:\/\/www.cerakotesa.com\/es\/wp-json\/wp\/v2\/product"}],"about":[{"href":"https:\/\/www.cerakotesa.com\/es\/wp-json\/wp\/v2\/types\/product"}],"replies":[{"embeddable":true,"href":"https:\/\/www.cerakotesa.com\/es\/wp-json\/wp\/v2\/comments?post=1620"}],"wp:featuredmedia":[{"embeddable":true,"href":"https:\/\/www.cerakotesa.com\/es\/wp-json\/wp\/v2\/media\/13694"}],"wp:attachment":[{"href":"https:\/\/www.cerakotesa.com\/es\/wp-json\/wp\/v2\/media?parent=1620"}],"wp:term":[{"taxonomy":"product_brand","embeddable":true,"href":"https:\/\/www.cerakotesa.com\/es\/wp-json\/wp\/v2\/product_brand?post=1620"},{"taxonomy":"product_cat","embeddable":true,"href":"https:\/\/www.cerakotesa.com\/es\/wp-json\/wp\/v2\/product_cat?post=1620"},{"taxonomy":"product_tag","embeddable":true,"href":"https:\/\/www.cerakotesa.com\/es\/wp-json\/wp\/v2\/product_tag?post=1620"}],"curies":[{"name":"wp","href":"https:\/\/api.w.org\/{rel}","templated":true}]}}