{"id":16503,"date":"2024-01-23T13:57:55","date_gmt":"2024-01-23T13:57:55","guid":{"rendered":"https:\/\/www.cerakotesa.com\/?post_type=product&#038;p=16503"},"modified":"2024-08-05T14:17:48","modified_gmt":"2024-08-05T14:17:48","slug":"color-fill-wiping-sponge-se-503","status":"publish","type":"product","link":"https:\/\/www.cerakotesa.com\/es\/producto\/color-fill-wiping-sponge-se-503\/","title":{"rendered":"Esponja de limpieza Color Fill SE-503"},"content":{"rendered":"","protected":false},"excerpt":{"rendered":"<p>Nuestro equipo de \u00e9lite de formadores de Cerakote a menudo describe su necesidad de esponjas de maquillaje firmes y con bordes afilados para ayudar a limpiar el exceso de pulverizaci\u00f3n, limpiar y secar los soplados y ayudar a limpiar los proyectos de relleno de color. La necesidad de una esponja suave y flexible, pero firme es sorprendentemente grande cuando se trata de proyectos Cerakote. Estas esponjas tambi\u00e9n se pueden utilizar para doblar alrededor de objetos tubulares para ayudar a limpiar flautas.<\/p>\n<p>Caracter\u00edsticas:<br \/>\n- Firme pero flexible<br \/>\n- Borde recto<br \/>\n- Absorbe Cerakote<br \/>\n- 1.5 \"L X .5 \"W X .5\u2033D<\/p>","protected":false},"featured_media":16504,"comment_status":"open","ping_status":"closed","template":"","meta":{"_acf_changed":false},"product_brand":[],"product_cat":[106],"product_tag":[33,1075,1074,1076],"class_list":{"0":"post-16503","1":"product","2":"type-product","3":"status-publish","4":"has-post-thumbnail","6":"product_cat-equipment","7":"product_tag-cerakote","8":"product_tag-colour-fill","9":"product_tag-sponge","10":"product_tag-wiping","11":"product_shipping_class-flat-rate","13":"first","14":"instock","15":"taxable","16":"shipping-taxable","17":"product-type-simple"},"yoast_head":"<!-- This site is optimized with the Yoast SEO plugin v26.7 - https:\/\/yoast.com\/wordpress\/plugins\/seo\/ -->\n<title>Color Fill Wiping Sponge SE-503 - Cerakote South Africa<\/title>\n<meta name=\"robots\" content=\"index, follow, max-snippet:-1, max-image-preview:large, max-video-preview:-1\" \/>\n<link rel=\"canonical\" href=\"https:\/\/www.cerakotesa.com\/es\/producto\/color-fill-wiping-sponge-se-503\/\" \/>\n<meta property=\"og:locale\" content=\"es_ES\" \/>\n<meta property=\"og:type\" content=\"article\" \/>\n<meta property=\"og:title\" content=\"Color Fill Wiping Sponge SE-503 - Cerakote South Africa\" \/>\n<meta property=\"og:description\" content=\"Our elite team of Cerakote Trainers will often describe their need for firm, sharp-edged make-up sponges to help clean up overspray, wipe and dab blow outs and help clean up color fill projects. The need for a soft and pliable, yet firm sponge is surprisingly great when it comes to Cerakote projects. These sponges can also be used to bend around tubular objects to help clean up flutes.  Features: \u2022 Firm yet supple \u2022 Straight edge \u2022 Absorbs Cerakote \u2022 1.5\u201dL X .5\u201dW X .5&quot;D\" \/>\n<meta property=\"og:url\" content=\"https:\/\/www.cerakotesa.com\/es\/producto\/color-fill-wiping-sponge-se-503\/\" \/>\n<meta property=\"og:site_name\" content=\"Cerakote South Africa\" \/>\n<meta property=\"article:modified_time\" content=\"2024-08-05T14:17:48+00:00\" \/>\n<meta property=\"og:image\" content=\"https:\/\/www.cerakotesa.com\/wp-content\/uploads\/2024\/01\/color-fill-wiping-sponge-se-503-dt20220406195002640868-thumbnail.jpg\" \/>\n\t<meta property=\"og:image:width\" content=\"800\" \/>\n\t<meta property=\"og:image:height\" content=\"800\" \/>\n\t<meta property=\"og:image:type\" content=\"image\/jpeg\" \/>\n<meta name=\"twitter:card\" content=\"summary_large_image\" \/>\n<script type=\"application\/ld+json\" class=\"yoast-schema-graph\">{\"@context\":\"https:\/\/schema.org\",\"@graph\":[{\"@type\":\"WebPage\",\"@id\":\"https:\/\/www.cerakotesa.com\/product\/color-fill-wiping-sponge-se-503\/\",\"url\":\"https:\/\/www.cerakotesa.com\/product\/color-fill-wiping-sponge-se-503\/\",\"name\":\"Color Fill Wiping Sponge SE-503 - Cerakote South Africa\",\"isPartOf\":{\"@id\":\"https:\/\/www.cerakotesa.com\/#website\"},\"primaryImageOfPage\":{\"@id\":\"https:\/\/www.cerakotesa.com\/product\/color-fill-wiping-sponge-se-503\/#primaryimage\"},\"image\":{\"@id\":\"https:\/\/www.cerakotesa.com\/product\/color-fill-wiping-sponge-se-503\/#primaryimage\"},\"thumbnailUrl\":\"https:\/\/www.cerakotesa.com\/wp-content\/uploads\/2024\/01\/color-fill-wiping-sponge-se-503-dt20220406195002640868-thumbnail.jpg\",\"datePublished\":\"2024-01-23T13:57:55+00:00\",\"dateModified\":\"2024-08-05T14:17:48+00:00\",\"breadcrumb\":{\"@id\":\"https:\/\/www.cerakotesa.com\/product\/color-fill-wiping-sponge-se-503\/#breadcrumb\"},\"inLanguage\":\"es\",\"potentialAction\":[{\"@type\":\"ReadAction\",\"target\":[\"https:\/\/www.cerakotesa.com\/product\/color-fill-wiping-sponge-se-503\/\"]}]},{\"@type\":\"ImageObject\",\"inLanguage\":\"es\",\"@id\":\"https:\/\/www.cerakotesa.com\/product\/color-fill-wiping-sponge-se-503\/#primaryimage\",\"url\":\"https:\/\/www.cerakotesa.com\/wp-content\/uploads\/2024\/01\/color-fill-wiping-sponge-se-503-dt20220406195002640868-thumbnail.jpg\",\"contentUrl\":\"https:\/\/www.cerakotesa.com\/wp-content\/uploads\/2024\/01\/color-fill-wiping-sponge-se-503-dt20220406195002640868-thumbnail.jpg\",\"width\":800,\"height\":800},{\"@type\":\"BreadcrumbList\",\"@id\":\"https:\/\/www.cerakotesa.com\/product\/color-fill-wiping-sponge-se-503\/#breadcrumb\",\"itemListElement\":[{\"@type\":\"ListItem\",\"position\":1,\"name\":\"Home\",\"item\":\"https:\/\/www.cerakotesa.com\/\"},{\"@type\":\"ListItem\",\"position\":2,\"name\":\"Products\",\"item\":\"https:\/\/www.cerakotesa.com\/shop\/\"},{\"@type\":\"ListItem\",\"position\":3,\"name\":\"Color Fill Wiping Sponge SE-503\"}]},{\"@type\":\"WebSite\",\"@id\":\"https:\/\/www.cerakotesa.com\/#website\",\"url\":\"https:\/\/www.cerakotesa.com\/\",\"name\":\"Cerakote South Africa\",\"description\":\"Cerakote is a global leader in the manufacturing of thin-film protective ceramic coatings\",\"potentialAction\":[{\"@type\":\"SearchAction\",\"target\":{\"@type\":\"EntryPoint\",\"urlTemplate\":\"https:\/\/www.cerakotesa.com\/?s={search_term_string}\"},\"query-input\":{\"@type\":\"PropertyValueSpecification\",\"valueRequired\":true,\"valueName\":\"search_term_string\"}}],\"inLanguage\":\"es\"}]}<\/script>\n<!-- \/ Yoast SEO plugin. -->","yoast_head_json":{"title":"Color Fill Wiping Sponge SE-503 - Cerakote South Africa","robots":{"index":"index","follow":"follow","max-snippet":"max-snippet:-1","max-image-preview":"max-image-preview:large","max-video-preview":"max-video-preview:-1"},"canonical":"https:\/\/www.cerakotesa.com\/es\/producto\/color-fill-wiping-sponge-se-503\/","og_locale":"es_ES","og_type":"article","og_title":"Color Fill Wiping Sponge SE-503 - Cerakote South Africa","og_description":"Our elite team of Cerakote Trainers will often describe their need for firm, sharp-edged make-up sponges to help clean up overspray, wipe and dab blow outs and help clean up color fill projects. The need for a soft and pliable, yet firm sponge is surprisingly great when it comes to Cerakote projects. These sponges can also be used to bend around tubular objects to help clean up flutes.  Features: \u2022 Firm yet supple \u2022 Straight edge \u2022 Absorbs Cerakote \u2022 1.5\u201dL X .5\u201dW X .5\"D","og_url":"https:\/\/www.cerakotesa.com\/es\/producto\/color-fill-wiping-sponge-se-503\/","og_site_name":"Cerakote South Africa","article_modified_time":"2024-08-05T14:17:48+00:00","og_image":[{"width":800,"height":800,"url":"https:\/\/www.cerakotesa.com\/wp-content\/uploads\/2024\/01\/color-fill-wiping-sponge-se-503-dt20220406195002640868-thumbnail.jpg","type":"image\/jpeg"}],"twitter_card":"summary_large_image","schema":{"@context":"https:\/\/schema.org","@graph":[{"@type":"WebPage","@id":"https:\/\/www.cerakotesa.com\/product\/color-fill-wiping-sponge-se-503\/","url":"https:\/\/www.cerakotesa.com\/product\/color-fill-wiping-sponge-se-503\/","name":"Color Fill Wiping Sponge SE-503 - Cerakote South Africa","isPartOf":{"@id":"https:\/\/www.cerakotesa.com\/#website"},"primaryImageOfPage":{"@id":"https:\/\/www.cerakotesa.com\/product\/color-fill-wiping-sponge-se-503\/#primaryimage"},"image":{"@id":"https:\/\/www.cerakotesa.com\/product\/color-fill-wiping-sponge-se-503\/#primaryimage"},"thumbnailUrl":"https:\/\/www.cerakotesa.com\/wp-content\/uploads\/2024\/01\/color-fill-wiping-sponge-se-503-dt20220406195002640868-thumbnail.jpg","datePublished":"2024-01-23T13:57:55+00:00","dateModified":"2024-08-05T14:17:48+00:00","breadcrumb":{"@id":"https:\/\/www.cerakotesa.com\/product\/color-fill-wiping-sponge-se-503\/#breadcrumb"},"inLanguage":"es","potentialAction":[{"@type":"ReadAction","target":["https:\/\/www.cerakotesa.com\/product\/color-fill-wiping-sponge-se-503\/"]}]},{"@type":"ImageObject","inLanguage":"es","@id":"https:\/\/www.cerakotesa.com\/product\/color-fill-wiping-sponge-se-503\/#primaryimage","url":"https:\/\/www.cerakotesa.com\/wp-content\/uploads\/2024\/01\/color-fill-wiping-sponge-se-503-dt20220406195002640868-thumbnail.jpg","contentUrl":"https:\/\/www.cerakotesa.com\/wp-content\/uploads\/2024\/01\/color-fill-wiping-sponge-se-503-dt20220406195002640868-thumbnail.jpg","width":800,"height":800},{"@type":"BreadcrumbList","@id":"https:\/\/www.cerakotesa.com\/product\/color-fill-wiping-sponge-se-503\/#breadcrumb","itemListElement":[{"@type":"ListItem","position":1,"name":"Home","item":"https:\/\/www.cerakotesa.com\/"},{"@type":"ListItem","position":2,"name":"Products","item":"https:\/\/www.cerakotesa.com\/shop\/"},{"@type":"ListItem","position":3,"name":"Color Fill Wiping Sponge SE-503"}]},{"@type":"WebSite","@id":"https:\/\/www.cerakotesa.com\/#website","url":"https:\/\/www.cerakotesa.com\/","name":"Cerakote South Africa","description":"Cerakote es l\u00edder mundial en la fabricaci\u00f3n de recubrimientos cer\u00e1micos protectores de capa fina.","potentialAction":[{"@type":"SearchAction","target":{"@type":"EntryPoint","urlTemplate":"https:\/\/www.cerakotesa.com\/?s={search_term_string}"},"query-input":{"@type":"PropertyValueSpecification","valueRequired":true,"valueName":"search_term_string"}}],"inLanguage":"es"}]}},"acf":[],"_links":{"self":[{"href":"https:\/\/www.cerakotesa.com\/es\/wp-json\/wp\/v2\/product\/16503","targetHints":{"allow":["GET"]}}],"collection":[{"href":"https:\/\/www.cerakotesa.com\/es\/wp-json\/wp\/v2\/product"}],"about":[{"href":"https:\/\/www.cerakotesa.com\/es\/wp-json\/wp\/v2\/types\/product"}],"replies":[{"embeddable":true,"href":"https:\/\/www.cerakotesa.com\/es\/wp-json\/wp\/v2\/comments?post=16503"}],"wp:featuredmedia":[{"embeddable":true,"href":"https:\/\/www.cerakotesa.com\/es\/wp-json\/wp\/v2\/media\/16504"}],"wp:attachment":[{"href":"https:\/\/www.cerakotesa.com\/es\/wp-json\/wp\/v2\/media?parent=16503"}],"wp:term":[{"taxonomy":"product_brand","embeddable":true,"href":"https:\/\/www.cerakotesa.com\/es\/wp-json\/wp\/v2\/product_brand?post=16503"},{"taxonomy":"product_cat","embeddable":true,"href":"https:\/\/www.cerakotesa.com\/es\/wp-json\/wp\/v2\/product_cat?post=16503"},{"taxonomy":"product_tag","embeddable":true,"href":"https:\/\/www.cerakotesa.com\/es\/wp-json\/wp\/v2\/product_tag?post=16503"}],"curies":[{"name":"wp","href":"https:\/\/api.w.org\/{rel}","templated":true}]}}