{"id":16508,"date":"2024-01-23T14:55:29","date_gmt":"2024-01-23T14:55:29","guid":{"rendered":"https:\/\/www.cerakotesa.com\/?post_type=product&#038;p=16508"},"modified":"2025-08-20T11:22:24","modified_gmt":"2025-08-20T11:22:24","slug":"super-grip-sg-100","status":"publish","type":"product","link":"https:\/\/www.cerakotesa.com\/es\/producto\/super-grip-sg-100\/","title":{"rendered":"Super Grip SG-100"},"content":{"rendered":"","protected":false},"excerpt":{"rendered":"<p>Super Grip es un revestimiento cer\u00e1mico ultraduradero dise\u00f1ado para a\u00f1adir agarre y textura a casi cualquier superficie. Este revestimiento curado al aire es f\u00e1cil de aplicar y puede funcionar como un revestimiento independiente utilizado para mejorar el agarre, o se puede utilizar junto con otros productos Cerakote para crear acabados texturizados personalizados (consulte la gu\u00eda de aplicaci\u00f3n).<\/p>\n<p>La textura variar\u00e1 seg\u00fan la t\u00e9cnica de aplicaci\u00f3n. Aseg\u00farese de leer o ver la <a href=\"https:\/\/images.nicindustries.com\/cerakote\/documents\/5576\/cerakote-super-grip-dt20240119212749943063.pdf?1705699672&amp;_gl=1*6s1beb*_gcl_au*MTkzMTEwOTMxMC4xNzAyNDU2ODc3*_ga*MTU4ODM0MDgyOC4xNzAyNDU2ODc3*_ga_KPM5Q2PRTX*MTcwNjAwMDg1Mi43Mi4xLjE3MDYwMjIxNDEuNjAuMC4w&amp;_ga=2.108742218.930794414.1705912055-1588340828.1702456877\">Gu\u00eda de aplicaci\u00f3n.<\/a><\/p>\n<p><strong>Para obtener los mejores resultados, recomendamos utilizar el <a href=\"https:\/\/www.cerakotesa.com\/product\/super-grip-spray-gun-1-7mm-se-3113\/\">Pistola Super Grip<\/a>.<\/strong><\/p>\n<p><strong>NOTA:<\/strong> Super Grip tiene una caducidad de 3 meses.<\/p>","protected":false},"featured_media":16516,"comment_status":"open","ping_status":"closed","template":"","meta":{"_acf_changed":false},"product_brand":[],"product_cat":[987,72],"product_tag":[74,33,1077,1078],"class_list":{"0":"post-16508","1":"product","2":"type-product","3":"status-publish","4":"has-post-thumbnail","6":"product_cat-cerakote-coatings","7":"product_cat-specialty-coatings","8":"product_tag-black","9":"product_tag-cerakote","10":"product_tag-super-grip","11":"product_tag-texture","12":"product_shipping_class-flat-rate","14":"first","15":"instock","16":"taxable","17":"shipping-taxable","18":"product-type-variable"},"yoast_head":"<!-- This site is optimized with the Yoast SEO plugin v26.7 - https:\/\/yoast.com\/wordpress\/plugins\/seo\/ -->\n<title>Super Grip SG-100 - Cerakote South Africa<\/title>\n<meta name=\"robots\" content=\"index, follow, max-snippet:-1, max-image-preview:large, max-video-preview:-1\" \/>\n<link rel=\"canonical\" href=\"https:\/\/www.cerakotesa.com\/es\/producto\/super-grip-sg-100\/\" \/>\n<meta property=\"og:locale\" content=\"es_ES\" \/>\n<meta property=\"og:type\" content=\"article\" \/>\n<meta property=\"og:title\" content=\"Super Grip SG-100 - Cerakote South Africa\" \/>\n<meta property=\"og:description\" content=\"Super Grip is an ultra-durable ceramic coating designed to add grip and texture to nearly any surface. This air cured coating is easy to apply and can work as a standalone coating used to improve grip, or can be used in tandem with other Cerakote products to create custom textured finishes (refer to application guide).  Texture will vary with application technique. Be sure to read or watch the Application Guide.  For best results, we highly recommend using the Super Grip Spray Gun.  NOTE: Super Grip has a 3 month shelf life.\" \/>\n<meta property=\"og:url\" content=\"https:\/\/www.cerakotesa.com\/es\/producto\/super-grip-sg-100\/\" \/>\n<meta property=\"og:site_name\" content=\"Cerakote South Africa\" \/>\n<meta property=\"article:modified_time\" content=\"2025-08-20T11:22:24+00:00\" \/>\n<meta property=\"og:image\" content=\"https:\/\/www.cerakotesa.com\/wp-content\/uploads\/2024\/01\/super-grip-sg-100-dt20240115165859855987-thumbnail.jpg\" \/>\n\t<meta property=\"og:image:width\" content=\"600\" \/>\n\t<meta property=\"og:image:height\" content=\"600\" \/>\n\t<meta property=\"og:image:type\" content=\"image\/jpeg\" \/>\n<meta name=\"twitter:card\" content=\"summary_large_image\" \/>\n<meta name=\"twitter:label1\" content=\"Tiempo de lectura\" \/>\n\t<meta name=\"twitter:data1\" content=\"1 minuto\" \/>\n<script type=\"application\/ld+json\" class=\"yoast-schema-graph\">{\"@context\":\"https:\/\/schema.org\",\"@graph\":[{\"@type\":\"WebPage\",\"@id\":\"https:\/\/www.cerakotesa.com\/product\/super-grip-sg-100\/\",\"url\":\"https:\/\/www.cerakotesa.com\/product\/super-grip-sg-100\/\",\"name\":\"Super Grip SG-100 - Cerakote South Africa\",\"isPartOf\":{\"@id\":\"https:\/\/www.cerakotesa.com\/#website\"},\"primaryImageOfPage\":{\"@id\":\"https:\/\/www.cerakotesa.com\/product\/super-grip-sg-100\/#primaryimage\"},\"image\":{\"@id\":\"https:\/\/www.cerakotesa.com\/product\/super-grip-sg-100\/#primaryimage\"},\"thumbnailUrl\":\"https:\/\/www.cerakotesa.com\/wp-content\/uploads\/2024\/01\/super-grip-sg-100-dt20240115165859855987-thumbnail.jpg\",\"datePublished\":\"2024-01-23T14:55:29+00:00\",\"dateModified\":\"2025-08-20T11:22:24+00:00\",\"breadcrumb\":{\"@id\":\"https:\/\/www.cerakotesa.com\/product\/super-grip-sg-100\/#breadcrumb\"},\"inLanguage\":\"es\",\"potentialAction\":[{\"@type\":\"ReadAction\",\"target\":[\"https:\/\/www.cerakotesa.com\/product\/super-grip-sg-100\/\"]}]},{\"@type\":\"ImageObject\",\"inLanguage\":\"es\",\"@id\":\"https:\/\/www.cerakotesa.com\/product\/super-grip-sg-100\/#primaryimage\",\"url\":\"https:\/\/www.cerakotesa.com\/wp-content\/uploads\/2024\/01\/super-grip-sg-100-dt20240115165859855987-thumbnail.jpg\",\"contentUrl\":\"https:\/\/www.cerakotesa.com\/wp-content\/uploads\/2024\/01\/super-grip-sg-100-dt20240115165859855987-thumbnail.jpg\",\"width\":600,\"height\":600},{\"@type\":\"BreadcrumbList\",\"@id\":\"https:\/\/www.cerakotesa.com\/product\/super-grip-sg-100\/#breadcrumb\",\"itemListElement\":[{\"@type\":\"ListItem\",\"position\":1,\"name\":\"Home\",\"item\":\"https:\/\/www.cerakotesa.com\/\"},{\"@type\":\"ListItem\",\"position\":2,\"name\":\"Products\",\"item\":\"https:\/\/www.cerakotesa.com\/shop\/\"},{\"@type\":\"ListItem\",\"position\":3,\"name\":\"Super Grip SG-100\"}]},{\"@type\":\"WebSite\",\"@id\":\"https:\/\/www.cerakotesa.com\/#website\",\"url\":\"https:\/\/www.cerakotesa.com\/\",\"name\":\"Cerakote South Africa\",\"description\":\"Cerakote is a global leader in the manufacturing of thin-film protective ceramic coatings\",\"potentialAction\":[{\"@type\":\"SearchAction\",\"target\":{\"@type\":\"EntryPoint\",\"urlTemplate\":\"https:\/\/www.cerakotesa.com\/?s={search_term_string}\"},\"query-input\":{\"@type\":\"PropertyValueSpecification\",\"valueRequired\":true,\"valueName\":\"search_term_string\"}}],\"inLanguage\":\"es\"}]}<\/script>\n<!-- \/ Yoast SEO plugin. -->","yoast_head_json":{"title":"Super Grip SG-100 - Cerakote South Africa","robots":{"index":"index","follow":"follow","max-snippet":"max-snippet:-1","max-image-preview":"max-image-preview:large","max-video-preview":"max-video-preview:-1"},"canonical":"https:\/\/www.cerakotesa.com\/es\/producto\/super-grip-sg-100\/","og_locale":"es_ES","og_type":"article","og_title":"Super Grip SG-100 - Cerakote South Africa","og_description":"Super Grip is an ultra-durable ceramic coating designed to add grip and texture to nearly any surface. This air cured coating is easy to apply and can work as a standalone coating used to improve grip, or can be used in tandem with other Cerakote products to create custom textured finishes (refer to application guide).  Texture will vary with application technique. Be sure to read or watch the Application Guide.  For best results, we highly recommend using the Super Grip Spray Gun.  NOTE: Super Grip has a 3 month shelf life.","og_url":"https:\/\/www.cerakotesa.com\/es\/producto\/super-grip-sg-100\/","og_site_name":"Cerakote South Africa","article_modified_time":"2025-08-20T11:22:24+00:00","og_image":[{"width":600,"height":600,"url":"https:\/\/www.cerakotesa.com\/wp-content\/uploads\/2024\/01\/super-grip-sg-100-dt20240115165859855987-thumbnail.jpg","type":"image\/jpeg"}],"twitter_card":"summary_large_image","twitter_misc":{"Tiempo de lectura":"1 minuto"},"schema":{"@context":"https:\/\/schema.org","@graph":[{"@type":"WebPage","@id":"https:\/\/www.cerakotesa.com\/product\/super-grip-sg-100\/","url":"https:\/\/www.cerakotesa.com\/product\/super-grip-sg-100\/","name":"Super Grip SG-100 - Cerakote South Africa","isPartOf":{"@id":"https:\/\/www.cerakotesa.com\/#website"},"primaryImageOfPage":{"@id":"https:\/\/www.cerakotesa.com\/product\/super-grip-sg-100\/#primaryimage"},"image":{"@id":"https:\/\/www.cerakotesa.com\/product\/super-grip-sg-100\/#primaryimage"},"thumbnailUrl":"https:\/\/www.cerakotesa.com\/wp-content\/uploads\/2024\/01\/super-grip-sg-100-dt20240115165859855987-thumbnail.jpg","datePublished":"2024-01-23T14:55:29+00:00","dateModified":"2025-08-20T11:22:24+00:00","breadcrumb":{"@id":"https:\/\/www.cerakotesa.com\/product\/super-grip-sg-100\/#breadcrumb"},"inLanguage":"es","potentialAction":[{"@type":"ReadAction","target":["https:\/\/www.cerakotesa.com\/product\/super-grip-sg-100\/"]}]},{"@type":"ImageObject","inLanguage":"es","@id":"https:\/\/www.cerakotesa.com\/product\/super-grip-sg-100\/#primaryimage","url":"https:\/\/www.cerakotesa.com\/wp-content\/uploads\/2024\/01\/super-grip-sg-100-dt20240115165859855987-thumbnail.jpg","contentUrl":"https:\/\/www.cerakotesa.com\/wp-content\/uploads\/2024\/01\/super-grip-sg-100-dt20240115165859855987-thumbnail.jpg","width":600,"height":600},{"@type":"BreadcrumbList","@id":"https:\/\/www.cerakotesa.com\/product\/super-grip-sg-100\/#breadcrumb","itemListElement":[{"@type":"ListItem","position":1,"name":"Home","item":"https:\/\/www.cerakotesa.com\/"},{"@type":"ListItem","position":2,"name":"Products","item":"https:\/\/www.cerakotesa.com\/shop\/"},{"@type":"ListItem","position":3,"name":"Super Grip SG-100"}]},{"@type":"WebSite","@id":"https:\/\/www.cerakotesa.com\/#website","url":"https:\/\/www.cerakotesa.com\/","name":"Cerakote South Africa","description":"Cerakote es l\u00edder mundial en la fabricaci\u00f3n de recubrimientos cer\u00e1micos protectores de capa fina.","potentialAction":[{"@type":"SearchAction","target":{"@type":"EntryPoint","urlTemplate":"https:\/\/www.cerakotesa.com\/?s={search_term_string}"},"query-input":{"@type":"PropertyValueSpecification","valueRequired":true,"valueName":"search_term_string"}}],"inLanguage":"es"}]}},"acf":[],"_links":{"self":[{"href":"https:\/\/www.cerakotesa.com\/es\/wp-json\/wp\/v2\/product\/16508","targetHints":{"allow":["GET"]}}],"collection":[{"href":"https:\/\/www.cerakotesa.com\/es\/wp-json\/wp\/v2\/product"}],"about":[{"href":"https:\/\/www.cerakotesa.com\/es\/wp-json\/wp\/v2\/types\/product"}],"replies":[{"embeddable":true,"href":"https:\/\/www.cerakotesa.com\/es\/wp-json\/wp\/v2\/comments?post=16508"}],"wp:featuredmedia":[{"embeddable":true,"href":"https:\/\/www.cerakotesa.com\/es\/wp-json\/wp\/v2\/media\/16516"}],"wp:attachment":[{"href":"https:\/\/www.cerakotesa.com\/es\/wp-json\/wp\/v2\/media?parent=16508"}],"wp:term":[{"taxonomy":"product_brand","embeddable":true,"href":"https:\/\/www.cerakotesa.com\/es\/wp-json\/wp\/v2\/product_brand?post=16508"},{"taxonomy":"product_cat","embeddable":true,"href":"https:\/\/www.cerakotesa.com\/es\/wp-json\/wp\/v2\/product_cat?post=16508"},{"taxonomy":"product_tag","embeddable":true,"href":"https:\/\/www.cerakotesa.com\/es\/wp-json\/wp\/v2\/product_tag?post=16508"}],"curies":[{"name":"wp","href":"https:\/\/api.w.org\/{rel}","templated":true}]}}