{"id":16552,"date":"2024-01-24T17:18:50","date_gmt":"2024-01-24T17:18:50","guid":{"rendered":"https:\/\/www.cerakotesa.com\/?post_type=product&#038;p=16552"},"modified":"2026-01-08T14:10:19","modified_gmt":"2026-01-08T14:10:19","slug":"translucent-sculpting-clay-se-368","status":"publish","type":"product","link":"https:\/\/www.cerakotesa.com\/es\/producto\/translucent-sculpting-clay-se-368\/","title":{"rendered":"Arcilla para modelar transl\u00facida SE-368"},"content":{"rendered":"","protected":false},"excerpt":{"rendered":"<p>\u00a1Los rellenos de color nunca han sido tan f\u00e1ciles! Ahora puede comprar nuestro kit de arcilla para hornear Sculpey para que todas sus necesidades de dos tonos y rellenos de color sean pan comido. Un paquete de 2oz de arcilla de esculpir para rellenar el receso y las flautas. Comb\u00ednelo con nuestro paquete de 10 hojas de afeitar de pl\u00e1stico.<\/p>\n<p>Hornee a 250 \u00b0F (en lugar de 275 \u00b0F para adaptarlo a nuestras temperaturas de curado) durante 15 minutos por cada 6 mm de grosor.<\/p>\n<p>NO CALENTAR EN MICROONDAS.<\/p>\n<p>NO SOBREPASE LA TEMPERATURA INDICADA NI EL TIEMPO DE HORNEADO RECOMENDADO.<\/p>\n<p>Para facilitar su retirada, retire la arcilla cuando a\u00fan est\u00e9 caliente.<\/p>","protected":false},"featured_media":16553,"comment_status":"open","ping_status":"closed","template":"","meta":{"_acf_changed":false},"product_brand":[],"product_cat":[106],"product_tag":[1084,1085,1086],"class_list":{"0":"post-16552","1":"product","2":"type-product","3":"status-publish","4":"has-post-thumbnail","6":"product_cat-equipment","7":"product_tag-clay","8":"product_tag-sculpting-clay","9":"product_tag-se-368","10":"product_shipping_class-flat-rate","12":"first","13":"instock","14":"taxable","15":"shipping-taxable","16":"product-type-simple"},"yoast_head":"<!-- This site is optimized with the Yoast SEO plugin v26.7 - https:\/\/yoast.com\/wordpress\/plugins\/seo\/ -->\n<title>Translucent Sculpting Clay SE-368 - Cerakote South Africa<\/title>\n<meta name=\"robots\" content=\"index, follow, max-snippet:-1, max-image-preview:large, max-video-preview:-1\" \/>\n<link rel=\"canonical\" href=\"https:\/\/www.cerakotesa.com\/es\/producto\/translucent-sculpting-clay-se-368\/\" \/>\n<meta property=\"og:locale\" content=\"es_ES\" \/>\n<meta property=\"og:type\" content=\"article\" \/>\n<meta property=\"og:title\" content=\"Translucent Sculpting Clay SE-368 - Cerakote South Africa\" \/>\n<meta property=\"og:description\" content=\"Color fills have never been easier! Now you can buy our Sculpey oven-bake clay kit to make all your two tone and color fill needs an absolute breeze. A 2oz pack of sculpting clay for filling recessed wording and flutes. Pair this with our 10 pack of plastic razor blades.  Bake at 250\u00b0F (changed from 275\u00b0F to fit our cure temps) for 15 minutes per 1\/4 in (6 mm) thickness.  DO NOT MICROWAVE.  DO NOT EXCEED THE ABOVE TEMPERATURE OR RECOMMENDED BAKING TIME.  For ease of removal, remove the clay while it&#039;s still warm.\" \/>\n<meta property=\"og:url\" content=\"https:\/\/www.cerakotesa.com\/es\/producto\/translucent-sculpting-clay-se-368\/\" \/>\n<meta property=\"og:site_name\" content=\"Cerakote South Africa\" \/>\n<meta property=\"article:modified_time\" content=\"2026-01-08T14:10:19+00:00\" \/>\n<meta property=\"og:image\" content=\"https:\/\/www.cerakotesa.com\/wp-content\/uploads\/2024\/01\/translucent-sculpting-clay-se-368-dt20201218174836116-thumbnail.jpeg\" \/>\n\t<meta property=\"og:image:width\" content=\"800\" \/>\n\t<meta property=\"og:image:height\" content=\"800\" \/>\n\t<meta property=\"og:image:type\" content=\"image\/jpeg\" \/>\n<meta name=\"twitter:card\" content=\"summary_large_image\" \/>\n<script type=\"application\/ld+json\" class=\"yoast-schema-graph\">{\"@context\":\"https:\/\/schema.org\",\"@graph\":[{\"@type\":\"WebPage\",\"@id\":\"https:\/\/www.cerakotesa.com\/product\/translucent-sculpting-clay-se-368\/\",\"url\":\"https:\/\/www.cerakotesa.com\/product\/translucent-sculpting-clay-se-368\/\",\"name\":\"Translucent Sculpting Clay SE-368 - Cerakote South Africa\",\"isPartOf\":{\"@id\":\"https:\/\/www.cerakotesa.com\/#website\"},\"primaryImageOfPage\":{\"@id\":\"https:\/\/www.cerakotesa.com\/product\/translucent-sculpting-clay-se-368\/#primaryimage\"},\"image\":{\"@id\":\"https:\/\/www.cerakotesa.com\/product\/translucent-sculpting-clay-se-368\/#primaryimage\"},\"thumbnailUrl\":\"https:\/\/www.cerakotesa.com\/wp-content\/uploads\/2024\/01\/translucent-sculpting-clay-se-368-dt20201218174836116-thumbnail.jpeg\",\"datePublished\":\"2024-01-24T17:18:50+00:00\",\"dateModified\":\"2026-01-08T14:10:19+00:00\",\"breadcrumb\":{\"@id\":\"https:\/\/www.cerakotesa.com\/product\/translucent-sculpting-clay-se-368\/#breadcrumb\"},\"inLanguage\":\"es\",\"potentialAction\":[{\"@type\":\"ReadAction\",\"target\":[\"https:\/\/www.cerakotesa.com\/product\/translucent-sculpting-clay-se-368\/\"]}]},{\"@type\":\"ImageObject\",\"inLanguage\":\"es\",\"@id\":\"https:\/\/www.cerakotesa.com\/product\/translucent-sculpting-clay-se-368\/#primaryimage\",\"url\":\"https:\/\/www.cerakotesa.com\/wp-content\/uploads\/2024\/01\/translucent-sculpting-clay-se-368-dt20201218174836116-thumbnail.jpeg\",\"contentUrl\":\"https:\/\/www.cerakotesa.com\/wp-content\/uploads\/2024\/01\/translucent-sculpting-clay-se-368-dt20201218174836116-thumbnail.jpeg\",\"width\":800,\"height\":800},{\"@type\":\"BreadcrumbList\",\"@id\":\"https:\/\/www.cerakotesa.com\/product\/translucent-sculpting-clay-se-368\/#breadcrumb\",\"itemListElement\":[{\"@type\":\"ListItem\",\"position\":1,\"name\":\"Home\",\"item\":\"https:\/\/www.cerakotesa.com\/\"},{\"@type\":\"ListItem\",\"position\":2,\"name\":\"Products\",\"item\":\"https:\/\/www.cerakotesa.com\/shop\/\"},{\"@type\":\"ListItem\",\"position\":3,\"name\":\"Translucent Sculpting Clay SE-368\"}]},{\"@type\":\"WebSite\",\"@id\":\"https:\/\/www.cerakotesa.com\/#website\",\"url\":\"https:\/\/www.cerakotesa.com\/\",\"name\":\"Cerakote South Africa\",\"description\":\"Cerakote is a global leader in the manufacturing of thin-film protective ceramic coatings\",\"potentialAction\":[{\"@type\":\"SearchAction\",\"target\":{\"@type\":\"EntryPoint\",\"urlTemplate\":\"https:\/\/www.cerakotesa.com\/?s={search_term_string}\"},\"query-input\":{\"@type\":\"PropertyValueSpecification\",\"valueRequired\":true,\"valueName\":\"search_term_string\"}}],\"inLanguage\":\"es\"}]}<\/script>\n<!-- \/ Yoast SEO plugin. -->","yoast_head_json":{"title":"Translucent Sculpting Clay SE-368 - Cerakote South Africa","robots":{"index":"index","follow":"follow","max-snippet":"max-snippet:-1","max-image-preview":"max-image-preview:large","max-video-preview":"max-video-preview:-1"},"canonical":"https:\/\/www.cerakotesa.com\/es\/producto\/translucent-sculpting-clay-se-368\/","og_locale":"es_ES","og_type":"article","og_title":"Translucent Sculpting Clay SE-368 - Cerakote South Africa","og_description":"Color fills have never been easier! Now you can buy our Sculpey oven-bake clay kit to make all your two tone and color fill needs an absolute breeze. A 2oz pack of sculpting clay for filling recessed wording and flutes. Pair this with our 10 pack of plastic razor blades.  Bake at 250\u00b0F (changed from 275\u00b0F to fit our cure temps) for 15 minutes per 1\/4 in (6 mm) thickness.  DO NOT MICROWAVE.  DO NOT EXCEED THE ABOVE TEMPERATURE OR RECOMMENDED BAKING TIME.  For ease of removal, remove the clay while it's still warm.","og_url":"https:\/\/www.cerakotesa.com\/es\/producto\/translucent-sculpting-clay-se-368\/","og_site_name":"Cerakote South Africa","article_modified_time":"2026-01-08T14:10:19+00:00","og_image":[{"width":800,"height":800,"url":"https:\/\/www.cerakotesa.com\/wp-content\/uploads\/2024\/01\/translucent-sculpting-clay-se-368-dt20201218174836116-thumbnail.jpeg","type":"image\/jpeg"}],"twitter_card":"summary_large_image","schema":{"@context":"https:\/\/schema.org","@graph":[{"@type":"WebPage","@id":"https:\/\/www.cerakotesa.com\/product\/translucent-sculpting-clay-se-368\/","url":"https:\/\/www.cerakotesa.com\/product\/translucent-sculpting-clay-se-368\/","name":"Translucent Sculpting Clay SE-368 - Cerakote South Africa","isPartOf":{"@id":"https:\/\/www.cerakotesa.com\/#website"},"primaryImageOfPage":{"@id":"https:\/\/www.cerakotesa.com\/product\/translucent-sculpting-clay-se-368\/#primaryimage"},"image":{"@id":"https:\/\/www.cerakotesa.com\/product\/translucent-sculpting-clay-se-368\/#primaryimage"},"thumbnailUrl":"https:\/\/www.cerakotesa.com\/wp-content\/uploads\/2024\/01\/translucent-sculpting-clay-se-368-dt20201218174836116-thumbnail.jpeg","datePublished":"2024-01-24T17:18:50+00:00","dateModified":"2026-01-08T14:10:19+00:00","breadcrumb":{"@id":"https:\/\/www.cerakotesa.com\/product\/translucent-sculpting-clay-se-368\/#breadcrumb"},"inLanguage":"es","potentialAction":[{"@type":"ReadAction","target":["https:\/\/www.cerakotesa.com\/product\/translucent-sculpting-clay-se-368\/"]}]},{"@type":"ImageObject","inLanguage":"es","@id":"https:\/\/www.cerakotesa.com\/product\/translucent-sculpting-clay-se-368\/#primaryimage","url":"https:\/\/www.cerakotesa.com\/wp-content\/uploads\/2024\/01\/translucent-sculpting-clay-se-368-dt20201218174836116-thumbnail.jpeg","contentUrl":"https:\/\/www.cerakotesa.com\/wp-content\/uploads\/2024\/01\/translucent-sculpting-clay-se-368-dt20201218174836116-thumbnail.jpeg","width":800,"height":800},{"@type":"BreadcrumbList","@id":"https:\/\/www.cerakotesa.com\/product\/translucent-sculpting-clay-se-368\/#breadcrumb","itemListElement":[{"@type":"ListItem","position":1,"name":"Home","item":"https:\/\/www.cerakotesa.com\/"},{"@type":"ListItem","position":2,"name":"Products","item":"https:\/\/www.cerakotesa.com\/shop\/"},{"@type":"ListItem","position":3,"name":"Translucent Sculpting Clay SE-368"}]},{"@type":"WebSite","@id":"https:\/\/www.cerakotesa.com\/#website","url":"https:\/\/www.cerakotesa.com\/","name":"Cerakote South Africa","description":"Cerakote es l\u00edder mundial en la fabricaci\u00f3n de recubrimientos cer\u00e1micos protectores de capa fina.","potentialAction":[{"@type":"SearchAction","target":{"@type":"EntryPoint","urlTemplate":"https:\/\/www.cerakotesa.com\/?s={search_term_string}"},"query-input":{"@type":"PropertyValueSpecification","valueRequired":true,"valueName":"search_term_string"}}],"inLanguage":"es"}]}},"acf":[],"_links":{"self":[{"href":"https:\/\/www.cerakotesa.com\/es\/wp-json\/wp\/v2\/product\/16552","targetHints":{"allow":["GET"]}}],"collection":[{"href":"https:\/\/www.cerakotesa.com\/es\/wp-json\/wp\/v2\/product"}],"about":[{"href":"https:\/\/www.cerakotesa.com\/es\/wp-json\/wp\/v2\/types\/product"}],"replies":[{"embeddable":true,"href":"https:\/\/www.cerakotesa.com\/es\/wp-json\/wp\/v2\/comments?post=16552"}],"wp:featuredmedia":[{"embeddable":true,"href":"https:\/\/www.cerakotesa.com\/es\/wp-json\/wp\/v2\/media\/16553"}],"wp:attachment":[{"href":"https:\/\/www.cerakotesa.com\/es\/wp-json\/wp\/v2\/media?parent=16552"}],"wp:term":[{"taxonomy":"product_brand","embeddable":true,"href":"https:\/\/www.cerakotesa.com\/es\/wp-json\/wp\/v2\/product_brand?post=16552"},{"taxonomy":"product_cat","embeddable":true,"href":"https:\/\/www.cerakotesa.com\/es\/wp-json\/wp\/v2\/product_cat?post=16552"},{"taxonomy":"product_tag","embeddable":true,"href":"https:\/\/www.cerakotesa.com\/es\/wp-json\/wp\/v2\/product_tag?post=16552"}],"curies":[{"name":"wp","href":"https:\/\/api.w.org\/{rel}","templated":true}]}}