{"id":16867,"date":"2024-03-12T11:34:36","date_gmt":"2024-03-12T11:34:36","guid":{"rendered":"https:\/\/www.cerakotesa.com\/?post_type=product&#038;p=16867"},"modified":"2025-02-26T15:24:05","modified_gmt":"2025-02-26T15:24:05","slug":"cerakote-trim-coat-4-oz-liquid-bulk-kit-ah-trpro","status":"publish","type":"product","link":"https:\/\/www.cerakotesa.com\/es\/producto\/cerakote-trim-coat-4-oz-liquid-bulk-kit-ah-trpro\/","title":{"rendered":"CERAKOTE\u00ae Trim Coat Professional Pack - Botella de 4 oz. AH-TRPRO"},"content":{"rendered":"","protected":false},"excerpt":{"rendered":"<p>Cerakote Trim Coat es un revestimiento cer\u00e1mico duradero que se adhiere a los poros de las molduras de pl\u00e1stico sin pintar, devolvi\u00e9ndoles su aspecto original. Pero no se queda ah\u00ed. Una vez aplicado, se endurece para formar una capa cer\u00e1mica de protecci\u00f3n. Confiamos tanto en nuestra tecnolog\u00eda Trim Coat que garantizamos que durar\u00e1 al menos 200 lavados.<\/p>\n<p>Each of our Professional Kits includes:<\/p>\n<ul>\n<li>4 oz. de l\u00edquido Trim Coat<\/li>\n<li>2 aplicadores de microfibra<\/li>\n<\/ul>\n<p>Este kit proporciona suficiente l\u00edquido para 3 veh\u00edculos normales, y un c\u00f3modo m\u00e9todo de aplicaci\u00f3n.<\/p>","protected":false},"featured_media":20655,"comment_status":"open","ping_status":"closed","template":"","meta":{"_acf_changed":false},"product_brand":[],"product_cat":[1056],"product_tag":[1098,570,1099],"class_list":{"0":"post-16867","1":"product","2":"type-product","3":"status-publish","4":"has-post-thumbnail","6":"product_cat-auto-home","7":"product_tag-ah-trpro","8":"product_tag-trim-coat","9":"product_tag-trim-coat-bulk","10":"product_shipping_class-flat-rate","12":"first","13":"instock","14":"taxable","15":"shipping-taxable","16":"product-type-simple"},"yoast_head":"<!-- This site is optimized with the Yoast SEO plugin v26.7 - https:\/\/yoast.com\/wordpress\/plugins\/seo\/ -->\n<title>CERAKOTE\u00ae Trim Coat Professional Pack - 4 oz. Bottle AH-TRPRO - Cerakote South Africa<\/title>\n<meta name=\"description\" content=\"Restores your trim to like-new and is guaranteed to last for 200 washes!\" \/>\n<meta name=\"robots\" content=\"index, follow, max-snippet:-1, max-image-preview:large, max-video-preview:-1\" \/>\n<link rel=\"canonical\" href=\"https:\/\/www.cerakotesa.com\/es\/producto\/cerakote-trim-coat-4-oz-liquid-bulk-kit-ah-trpro\/\" \/>\n<meta property=\"og:locale\" content=\"es_ES\" \/>\n<meta property=\"og:type\" content=\"article\" \/>\n<meta property=\"og:title\" content=\"CERAKOTE\u00ae Trim Coat Professional Pack - 4 oz. Bottle AH-TRPRO - Cerakote South Africa\" \/>\n<meta property=\"og:description\" content=\"Restores your trim to like-new and is guaranteed to last for 200 washes!\" \/>\n<meta property=\"og:url\" content=\"https:\/\/www.cerakotesa.com\/es\/producto\/cerakote-trim-coat-4-oz-liquid-bulk-kit-ah-trpro\/\" \/>\n<meta property=\"og:site_name\" content=\"Cerakote South Africa\" \/>\n<meta property=\"article:modified_time\" content=\"2025-02-26T15:24:05+00:00\" \/>\n<meta property=\"og:image\" content=\"https:\/\/www.cerakotesa.com\/wp-content\/uploads\/2024\/03\/CCC_Paint_4oz__31614.jpg\" \/>\n\t<meta property=\"og:image:width\" content=\"1280\" \/>\n\t<meta property=\"og:image:height\" content=\"1280\" \/>\n\t<meta property=\"og:image:type\" content=\"image\/jpeg\" \/>\n<meta name=\"twitter:card\" content=\"summary_large_image\" \/>\n<meta name=\"twitter:label1\" content=\"Tiempo de lectura\" \/>\n\t<meta name=\"twitter:data1\" content=\"1 minuto\" \/>\n<script type=\"application\/ld+json\" class=\"yoast-schema-graph\">{\"@context\":\"https:\/\/schema.org\",\"@graph\":[{\"@type\":\"WebPage\",\"@id\":\"https:\/\/www.cerakotesa.com\/product\/cerakote-trim-coat-4-oz-liquid-bulk-kit-ah-trpro\/\",\"url\":\"https:\/\/www.cerakotesa.com\/product\/cerakote-trim-coat-4-oz-liquid-bulk-kit-ah-trpro\/\",\"name\":\"CERAKOTE\u00ae Trim Coat Professional Pack - 4 oz. Bottle AH-TRPRO - Cerakote South Africa\",\"isPartOf\":{\"@id\":\"https:\/\/www.cerakotesa.com\/#website\"},\"primaryImageOfPage\":{\"@id\":\"https:\/\/www.cerakotesa.com\/product\/cerakote-trim-coat-4-oz-liquid-bulk-kit-ah-trpro\/#primaryimage\"},\"image\":{\"@id\":\"https:\/\/www.cerakotesa.com\/product\/cerakote-trim-coat-4-oz-liquid-bulk-kit-ah-trpro\/#primaryimage\"},\"thumbnailUrl\":\"https:\/\/www.cerakotesa.com\/wp-content\/uploads\/2024\/03\/CCC_Paint_4oz__31614.jpg\",\"datePublished\":\"2024-03-12T11:34:36+00:00\",\"dateModified\":\"2025-02-26T15:24:05+00:00\",\"description\":\"Restores your trim to like-new and is guaranteed to last for 200 washes!\",\"breadcrumb\":{\"@id\":\"https:\/\/www.cerakotesa.com\/product\/cerakote-trim-coat-4-oz-liquid-bulk-kit-ah-trpro\/#breadcrumb\"},\"inLanguage\":\"es\",\"potentialAction\":[{\"@type\":\"ReadAction\",\"target\":[\"https:\/\/www.cerakotesa.com\/product\/cerakote-trim-coat-4-oz-liquid-bulk-kit-ah-trpro\/\"]}]},{\"@type\":\"ImageObject\",\"inLanguage\":\"es\",\"@id\":\"https:\/\/www.cerakotesa.com\/product\/cerakote-trim-coat-4-oz-liquid-bulk-kit-ah-trpro\/#primaryimage\",\"url\":\"https:\/\/www.cerakotesa.com\/wp-content\/uploads\/2024\/03\/CCC_Paint_4oz__31614.jpg\",\"contentUrl\":\"https:\/\/www.cerakotesa.com\/wp-content\/uploads\/2024\/03\/CCC_Paint_4oz__31614.jpg\",\"width\":1280,\"height\":1280},{\"@type\":\"BreadcrumbList\",\"@id\":\"https:\/\/www.cerakotesa.com\/product\/cerakote-trim-coat-4-oz-liquid-bulk-kit-ah-trpro\/#breadcrumb\",\"itemListElement\":[{\"@type\":\"ListItem\",\"position\":1,\"name\":\"Home\",\"item\":\"https:\/\/www.cerakotesa.com\/\"},{\"@type\":\"ListItem\",\"position\":2,\"name\":\"Products\",\"item\":\"https:\/\/www.cerakotesa.com\/shop\/\"},{\"@type\":\"ListItem\",\"position\":3,\"name\":\"CERAKOTE\u00ae Trim Coat Professional Pack &#8211; 4 oz. Bottle AH-TRPRO\"}]},{\"@type\":\"WebSite\",\"@id\":\"https:\/\/www.cerakotesa.com\/#website\",\"url\":\"https:\/\/www.cerakotesa.com\/\",\"name\":\"Cerakote South Africa\",\"description\":\"Cerakote is a global leader in the manufacturing of thin-film protective ceramic coatings\",\"potentialAction\":[{\"@type\":\"SearchAction\",\"target\":{\"@type\":\"EntryPoint\",\"urlTemplate\":\"https:\/\/www.cerakotesa.com\/?s={search_term_string}\"},\"query-input\":{\"@type\":\"PropertyValueSpecification\",\"valueRequired\":true,\"valueName\":\"search_term_string\"}}],\"inLanguage\":\"es\"}]}<\/script>\n<!-- \/ Yoast SEO plugin. -->","yoast_head_json":{"title":"CERAKOTE\u00ae Trim Coat Professional Pack - 4 oz. Bottle AH-TRPRO - Cerakote South Africa","description":"Restores your trim to like-new and is guaranteed to last for 200 washes!","robots":{"index":"index","follow":"follow","max-snippet":"max-snippet:-1","max-image-preview":"max-image-preview:large","max-video-preview":"max-video-preview:-1"},"canonical":"https:\/\/www.cerakotesa.com\/es\/producto\/cerakote-trim-coat-4-oz-liquid-bulk-kit-ah-trpro\/","og_locale":"es_ES","og_type":"article","og_title":"CERAKOTE\u00ae Trim Coat Professional Pack - 4 oz. Bottle AH-TRPRO - Cerakote South Africa","og_description":"Restores your trim to like-new and is guaranteed to last for 200 washes!","og_url":"https:\/\/www.cerakotesa.com\/es\/producto\/cerakote-trim-coat-4-oz-liquid-bulk-kit-ah-trpro\/","og_site_name":"Cerakote South Africa","article_modified_time":"2025-02-26T15:24:05+00:00","og_image":[{"width":1280,"height":1280,"url":"https:\/\/www.cerakotesa.com\/wp-content\/uploads\/2024\/03\/CCC_Paint_4oz__31614.jpg","type":"image\/jpeg"}],"twitter_card":"summary_large_image","twitter_misc":{"Tiempo de lectura":"1 minuto"},"schema":{"@context":"https:\/\/schema.org","@graph":[{"@type":"WebPage","@id":"https:\/\/www.cerakotesa.com\/product\/cerakote-trim-coat-4-oz-liquid-bulk-kit-ah-trpro\/","url":"https:\/\/www.cerakotesa.com\/product\/cerakote-trim-coat-4-oz-liquid-bulk-kit-ah-trpro\/","name":"CERAKOTE\u00ae Trim Coat Professional Pack - 4 oz. Bottle AH-TRPRO - Cerakote South Africa","isPartOf":{"@id":"https:\/\/www.cerakotesa.com\/#website"},"primaryImageOfPage":{"@id":"https:\/\/www.cerakotesa.com\/product\/cerakote-trim-coat-4-oz-liquid-bulk-kit-ah-trpro\/#primaryimage"},"image":{"@id":"https:\/\/www.cerakotesa.com\/product\/cerakote-trim-coat-4-oz-liquid-bulk-kit-ah-trpro\/#primaryimage"},"thumbnailUrl":"https:\/\/www.cerakotesa.com\/wp-content\/uploads\/2024\/03\/CCC_Paint_4oz__31614.jpg","datePublished":"2024-03-12T11:34:36+00:00","dateModified":"2025-02-26T15:24:05+00:00","description":"Restores your trim to like-new and is guaranteed to last for 200 washes!","breadcrumb":{"@id":"https:\/\/www.cerakotesa.com\/product\/cerakote-trim-coat-4-oz-liquid-bulk-kit-ah-trpro\/#breadcrumb"},"inLanguage":"es","potentialAction":[{"@type":"ReadAction","target":["https:\/\/www.cerakotesa.com\/product\/cerakote-trim-coat-4-oz-liquid-bulk-kit-ah-trpro\/"]}]},{"@type":"ImageObject","inLanguage":"es","@id":"https:\/\/www.cerakotesa.com\/product\/cerakote-trim-coat-4-oz-liquid-bulk-kit-ah-trpro\/#primaryimage","url":"https:\/\/www.cerakotesa.com\/wp-content\/uploads\/2024\/03\/CCC_Paint_4oz__31614.jpg","contentUrl":"https:\/\/www.cerakotesa.com\/wp-content\/uploads\/2024\/03\/CCC_Paint_4oz__31614.jpg","width":1280,"height":1280},{"@type":"BreadcrumbList","@id":"https:\/\/www.cerakotesa.com\/product\/cerakote-trim-coat-4-oz-liquid-bulk-kit-ah-trpro\/#breadcrumb","itemListElement":[{"@type":"ListItem","position":1,"name":"Home","item":"https:\/\/www.cerakotesa.com\/"},{"@type":"ListItem","position":2,"name":"Products","item":"https:\/\/www.cerakotesa.com\/shop\/"},{"@type":"ListItem","position":3,"name":"CERAKOTE\u00ae Trim Coat Professional Pack &#8211; 4 oz. Bottle AH-TRPRO"}]},{"@type":"WebSite","@id":"https:\/\/www.cerakotesa.com\/#website","url":"https:\/\/www.cerakotesa.com\/","name":"Cerakote South Africa","description":"Cerakote es l\u00edder mundial en la fabricaci\u00f3n de recubrimientos cer\u00e1micos protectores de capa fina.","potentialAction":[{"@type":"SearchAction","target":{"@type":"EntryPoint","urlTemplate":"https:\/\/www.cerakotesa.com\/?s={search_term_string}"},"query-input":{"@type":"PropertyValueSpecification","valueRequired":true,"valueName":"search_term_string"}}],"inLanguage":"es"}]}},"acf":[],"_links":{"self":[{"href":"https:\/\/www.cerakotesa.com\/es\/wp-json\/wp\/v2\/product\/16867","targetHints":{"allow":["GET"]}}],"collection":[{"href":"https:\/\/www.cerakotesa.com\/es\/wp-json\/wp\/v2\/product"}],"about":[{"href":"https:\/\/www.cerakotesa.com\/es\/wp-json\/wp\/v2\/types\/product"}],"replies":[{"embeddable":true,"href":"https:\/\/www.cerakotesa.com\/es\/wp-json\/wp\/v2\/comments?post=16867"}],"wp:featuredmedia":[{"embeddable":true,"href":"https:\/\/www.cerakotesa.com\/es\/wp-json\/wp\/v2\/media\/20655"}],"wp:attachment":[{"href":"https:\/\/www.cerakotesa.com\/es\/wp-json\/wp\/v2\/media?parent=16867"}],"wp:term":[{"taxonomy":"product_brand","embeddable":true,"href":"https:\/\/www.cerakotesa.com\/es\/wp-json\/wp\/v2\/product_brand?post=16867"},{"taxonomy":"product_cat","embeddable":true,"href":"https:\/\/www.cerakotesa.com\/es\/wp-json\/wp\/v2\/product_cat?post=16867"},{"taxonomy":"product_tag","embeddable":true,"href":"https:\/\/www.cerakotesa.com\/es\/wp-json\/wp\/v2\/product_tag?post=16867"}],"curies":[{"name":"wp","href":"https:\/\/api.w.org\/{rel}","templated":true}]}}