{"id":16972,"date":"2024-03-27T11:25:36","date_gmt":"2024-03-27T11:25:36","guid":{"rendered":"https:\/\/www.cerakotesa.com\/?post_type=product&#038;p=16972"},"modified":"2024-11-12T14:52:57","modified_gmt":"2024-11-12T14:52:57","slug":"glock-17-frame-cerakote-laser-fixture-r-3dp-01-301","status":"publish","type":"product","link":"https:\/\/www.cerakotesa.com\/es\/producto\/glock-17-frame-cerakote-laser-fixture-r-3dp-01-301\/","title":{"rendered":"Glock\u00ae 17 Frame - Cerakote\u00ae Laser Fixture - R-3DP-01-301"},"content":{"rendered":"","protected":false},"excerpt":{"rendered":"<p>Hemos dise\u00f1ado este accesorio para marcos de Glock\u00ae 17 (Gen 5) desmontados. Este accesorio de l\u00e1ser sostiene el marco en 5 posiciones diferentes, lo que le permite l\u00e1ser ambos lados, parte inferior, frontal, y backstrap. Esta es una soluci\u00f3n de f\u00e1cil producci\u00f3n para personalizar su Glock con un patr\u00f3n de punteado, grabado o Cerakote Laser Imaging.<\/p>\n<p>Para m\u00e1s informaci\u00f3n sobre im\u00e1genes l\u00e1ser, haga clic en <a href=\"https:\/\/www.cerakote.com\/resources\/knowledge-base\/202\/cerakote-laser-imaging\">aqu\u00ed<\/a>.<\/p>\n<p>(Accesorio \u00fanicamente, piezas de armas de fuego no incluidas).<\/p>\n<p>Dispositivos de deslizamiento compatibles:<\/p>\n<ul>\n<li><a href=\"https:\/\/www.cerakotesa.com\/product\/glock-17-slide-cerakote-laser-fixture-r-3dp-01-101\/\">Cerakote\u00ae Laser Fixture - Glock\u00ae 17 Slide<\/a><\/li>\n<\/ul>\n<p>https:\/\/www.youtube.com\/watch?v=V8ePCGs2wsA&amp;t=1s<\/p>","protected":false},"featured_media":16973,"comment_status":"open","ping_status":"closed","template":"","meta":{"_acf_changed":false},"product_brand":[],"product_cat":[106],"product_tag":[1103,1104,1102],"class_list":{"0":"post-16972","1":"product","2":"type-product","3":"status-publish","4":"has-post-thumbnail","6":"product_cat-equipment","7":"product_tag-glock","8":"product_tag-laser","9":"product_tag-laser-fixture","10":"product_shipping_class-flat-rate","12":"first","13":"instock","14":"taxable","15":"shipping-taxable","16":"product-type-simple"},"yoast_head":"<!-- This site is optimized with the Yoast SEO plugin v26.7 - https:\/\/yoast.com\/wordpress\/plugins\/seo\/ -->\n<title>Glock\u00ae 17 Frame - Cerakote\u00ae Laser Fixture - R-3DP-01-301 - Cerakote South Africa<\/title>\n<meta name=\"robots\" content=\"index, follow, max-snippet:-1, max-image-preview:large, max-video-preview:-1\" \/>\n<link rel=\"canonical\" href=\"https:\/\/www.cerakotesa.com\/es\/producto\/glock-17-frame-cerakote-laser-fixture-r-3dp-01-301\/\" \/>\n<meta property=\"og:locale\" content=\"es_ES\" \/>\n<meta property=\"og:type\" content=\"article\" \/>\n<meta property=\"og:title\" content=\"Glock\u00ae 17 Frame - Cerakote\u00ae Laser Fixture - R-3DP-01-301 - Cerakote South Africa\" \/>\n<meta property=\"og:description\" content=\"We designed this fixture to fit disassembled Glock\u00ae 17 frames (Gen 5). This laser fixture holds the frame in 5 different positions, allowing you to laser both sides, bottom, front, and backstrap. This is a production-friendly solution for customizing your Glock with a stipple pattern, engraving, or Cerakote Laser Imaging.  For more laser imaging information, click here.  (Fixture only, firearm parts not included.)  Compatible Slide Fixtures:   Cerakote\u00ae Laser Fixture - Glock\u00ae 17 Slide  https:\/\/www.youtube.com\/watch?v=V8ePCGs2wsA&amp;t=1s\" \/>\n<meta property=\"og:url\" content=\"https:\/\/www.cerakotesa.com\/es\/producto\/glock-17-frame-cerakote-laser-fixture-r-3dp-01-301\/\" \/>\n<meta property=\"og:site_name\" content=\"Cerakote South Africa\" \/>\n<meta property=\"article:modified_time\" content=\"2024-11-12T14:52:57+00:00\" \/>\n<meta property=\"og:image\" content=\"https:\/\/www.cerakotesa.com\/wp-content\/uploads\/2024\/03\/clf-print-glock-17-frame-r-3dp-01-301-dt20240129225611052178-thumbnail.jpg\" \/>\n\t<meta property=\"og:image:width\" content=\"600\" \/>\n\t<meta property=\"og:image:height\" content=\"600\" \/>\n\t<meta property=\"og:image:type\" content=\"image\/jpeg\" \/>\n<meta name=\"twitter:card\" content=\"summary_large_image\" \/>\n<script type=\"application\/ld+json\" class=\"yoast-schema-graph\">{\"@context\":\"https:\/\/schema.org\",\"@graph\":[{\"@type\":\"WebPage\",\"@id\":\"https:\/\/www.cerakotesa.com\/product\/glock-17-frame-cerakote-laser-fixture-r-3dp-01-301\/\",\"url\":\"https:\/\/www.cerakotesa.com\/product\/glock-17-frame-cerakote-laser-fixture-r-3dp-01-301\/\",\"name\":\"Glock\u00ae 17 Frame - Cerakote\u00ae Laser Fixture - R-3DP-01-301 - Cerakote South Africa\",\"isPartOf\":{\"@id\":\"https:\/\/www.cerakotesa.com\/#website\"},\"primaryImageOfPage\":{\"@id\":\"https:\/\/www.cerakotesa.com\/product\/glock-17-frame-cerakote-laser-fixture-r-3dp-01-301\/#primaryimage\"},\"image\":{\"@id\":\"https:\/\/www.cerakotesa.com\/product\/glock-17-frame-cerakote-laser-fixture-r-3dp-01-301\/#primaryimage\"},\"thumbnailUrl\":\"https:\/\/www.cerakotesa.com\/wp-content\/uploads\/2024\/03\/clf-print-glock-17-frame-r-3dp-01-301-dt20240129225611052178-thumbnail.jpg\",\"datePublished\":\"2024-03-27T11:25:36+00:00\",\"dateModified\":\"2024-11-12T14:52:57+00:00\",\"breadcrumb\":{\"@id\":\"https:\/\/www.cerakotesa.com\/product\/glock-17-frame-cerakote-laser-fixture-r-3dp-01-301\/#breadcrumb\"},\"inLanguage\":\"es\",\"potentialAction\":[{\"@type\":\"ReadAction\",\"target\":[\"https:\/\/www.cerakotesa.com\/product\/glock-17-frame-cerakote-laser-fixture-r-3dp-01-301\/\"]}]},{\"@type\":\"ImageObject\",\"inLanguage\":\"es\",\"@id\":\"https:\/\/www.cerakotesa.com\/product\/glock-17-frame-cerakote-laser-fixture-r-3dp-01-301\/#primaryimage\",\"url\":\"https:\/\/www.cerakotesa.com\/wp-content\/uploads\/2024\/03\/clf-print-glock-17-frame-r-3dp-01-301-dt20240129225611052178-thumbnail.jpg\",\"contentUrl\":\"https:\/\/www.cerakotesa.com\/wp-content\/uploads\/2024\/03\/clf-print-glock-17-frame-r-3dp-01-301-dt20240129225611052178-thumbnail.jpg\",\"width\":600,\"height\":600},{\"@type\":\"BreadcrumbList\",\"@id\":\"https:\/\/www.cerakotesa.com\/product\/glock-17-frame-cerakote-laser-fixture-r-3dp-01-301\/#breadcrumb\",\"itemListElement\":[{\"@type\":\"ListItem\",\"position\":1,\"name\":\"Home\",\"item\":\"https:\/\/www.cerakotesa.com\/\"},{\"@type\":\"ListItem\",\"position\":2,\"name\":\"Products\",\"item\":\"https:\/\/www.cerakotesa.com\/shop\/\"},{\"@type\":\"ListItem\",\"position\":3,\"name\":\"Glock\u00ae 17 Frame &#8211; Cerakote\u00ae Laser Fixture &#8211; R-3DP-01-301\"}]},{\"@type\":\"WebSite\",\"@id\":\"https:\/\/www.cerakotesa.com\/#website\",\"url\":\"https:\/\/www.cerakotesa.com\/\",\"name\":\"Cerakote South Africa\",\"description\":\"Cerakote is a global leader in the manufacturing of thin-film protective ceramic coatings\",\"potentialAction\":[{\"@type\":\"SearchAction\",\"target\":{\"@type\":\"EntryPoint\",\"urlTemplate\":\"https:\/\/www.cerakotesa.com\/?s={search_term_string}\"},\"query-input\":{\"@type\":\"PropertyValueSpecification\",\"valueRequired\":true,\"valueName\":\"search_term_string\"}}],\"inLanguage\":\"es\"}]}<\/script>\n<!-- \/ Yoast SEO plugin. -->","yoast_head_json":{"title":"Glock\u00ae 17 Frame - Cerakote\u00ae Laser Fixture - R-3DP-01-301 - Cerakote South Africa","robots":{"index":"index","follow":"follow","max-snippet":"max-snippet:-1","max-image-preview":"max-image-preview:large","max-video-preview":"max-video-preview:-1"},"canonical":"https:\/\/www.cerakotesa.com\/es\/producto\/glock-17-frame-cerakote-laser-fixture-r-3dp-01-301\/","og_locale":"es_ES","og_type":"article","og_title":"Glock\u00ae 17 Frame - Cerakote\u00ae Laser Fixture - R-3DP-01-301 - Cerakote South Africa","og_description":"We designed this fixture to fit disassembled Glock\u00ae 17 frames (Gen 5). This laser fixture holds the frame in 5 different positions, allowing you to laser both sides, bottom, front, and backstrap. This is a production-friendly solution for customizing your Glock with a stipple pattern, engraving, or Cerakote Laser Imaging.  For more laser imaging information, click here.  (Fixture only, firearm parts not included.)  Compatible Slide Fixtures:   Cerakote\u00ae Laser Fixture - Glock\u00ae 17 Slide  https:\/\/www.youtube.com\/watch?v=V8ePCGs2wsA&amp;t=1s","og_url":"https:\/\/www.cerakotesa.com\/es\/producto\/glock-17-frame-cerakote-laser-fixture-r-3dp-01-301\/","og_site_name":"Cerakote South Africa","article_modified_time":"2024-11-12T14:52:57+00:00","og_image":[{"width":600,"height":600,"url":"https:\/\/www.cerakotesa.com\/wp-content\/uploads\/2024\/03\/clf-print-glock-17-frame-r-3dp-01-301-dt20240129225611052178-thumbnail.jpg","type":"image\/jpeg"}],"twitter_card":"summary_large_image","schema":{"@context":"https:\/\/schema.org","@graph":[{"@type":"WebPage","@id":"https:\/\/www.cerakotesa.com\/product\/glock-17-frame-cerakote-laser-fixture-r-3dp-01-301\/","url":"https:\/\/www.cerakotesa.com\/product\/glock-17-frame-cerakote-laser-fixture-r-3dp-01-301\/","name":"Glock\u00ae 17 Frame - Cerakote\u00ae Laser Fixture - R-3DP-01-301 - Cerakote South Africa","isPartOf":{"@id":"https:\/\/www.cerakotesa.com\/#website"},"primaryImageOfPage":{"@id":"https:\/\/www.cerakotesa.com\/product\/glock-17-frame-cerakote-laser-fixture-r-3dp-01-301\/#primaryimage"},"image":{"@id":"https:\/\/www.cerakotesa.com\/product\/glock-17-frame-cerakote-laser-fixture-r-3dp-01-301\/#primaryimage"},"thumbnailUrl":"https:\/\/www.cerakotesa.com\/wp-content\/uploads\/2024\/03\/clf-print-glock-17-frame-r-3dp-01-301-dt20240129225611052178-thumbnail.jpg","datePublished":"2024-03-27T11:25:36+00:00","dateModified":"2024-11-12T14:52:57+00:00","breadcrumb":{"@id":"https:\/\/www.cerakotesa.com\/product\/glock-17-frame-cerakote-laser-fixture-r-3dp-01-301\/#breadcrumb"},"inLanguage":"es","potentialAction":[{"@type":"ReadAction","target":["https:\/\/www.cerakotesa.com\/product\/glock-17-frame-cerakote-laser-fixture-r-3dp-01-301\/"]}]},{"@type":"ImageObject","inLanguage":"es","@id":"https:\/\/www.cerakotesa.com\/product\/glock-17-frame-cerakote-laser-fixture-r-3dp-01-301\/#primaryimage","url":"https:\/\/www.cerakotesa.com\/wp-content\/uploads\/2024\/03\/clf-print-glock-17-frame-r-3dp-01-301-dt20240129225611052178-thumbnail.jpg","contentUrl":"https:\/\/www.cerakotesa.com\/wp-content\/uploads\/2024\/03\/clf-print-glock-17-frame-r-3dp-01-301-dt20240129225611052178-thumbnail.jpg","width":600,"height":600},{"@type":"BreadcrumbList","@id":"https:\/\/www.cerakotesa.com\/product\/glock-17-frame-cerakote-laser-fixture-r-3dp-01-301\/#breadcrumb","itemListElement":[{"@type":"ListItem","position":1,"name":"Home","item":"https:\/\/www.cerakotesa.com\/"},{"@type":"ListItem","position":2,"name":"Products","item":"https:\/\/www.cerakotesa.com\/shop\/"},{"@type":"ListItem","position":3,"name":"Glock\u00ae 17 Frame &#8211; Cerakote\u00ae Laser Fixture &#8211; R-3DP-01-301"}]},{"@type":"WebSite","@id":"https:\/\/www.cerakotesa.com\/#website","url":"https:\/\/www.cerakotesa.com\/","name":"Cerakote South Africa","description":"Cerakote es l\u00edder mundial en la fabricaci\u00f3n de recubrimientos cer\u00e1micos protectores de capa fina.","potentialAction":[{"@type":"SearchAction","target":{"@type":"EntryPoint","urlTemplate":"https:\/\/www.cerakotesa.com\/?s={search_term_string}"},"query-input":{"@type":"PropertyValueSpecification","valueRequired":true,"valueName":"search_term_string"}}],"inLanguage":"es"}]}},"acf":[],"_links":{"self":[{"href":"https:\/\/www.cerakotesa.com\/es\/wp-json\/wp\/v2\/product\/16972","targetHints":{"allow":["GET"]}}],"collection":[{"href":"https:\/\/www.cerakotesa.com\/es\/wp-json\/wp\/v2\/product"}],"about":[{"href":"https:\/\/www.cerakotesa.com\/es\/wp-json\/wp\/v2\/types\/product"}],"replies":[{"embeddable":true,"href":"https:\/\/www.cerakotesa.com\/es\/wp-json\/wp\/v2\/comments?post=16972"}],"wp:featuredmedia":[{"embeddable":true,"href":"https:\/\/www.cerakotesa.com\/es\/wp-json\/wp\/v2\/media\/16973"}],"wp:attachment":[{"href":"https:\/\/www.cerakotesa.com\/es\/wp-json\/wp\/v2\/media?parent=16972"}],"wp:term":[{"taxonomy":"product_brand","embeddable":true,"href":"https:\/\/www.cerakotesa.com\/es\/wp-json\/wp\/v2\/product_brand?post=16972"},{"taxonomy":"product_cat","embeddable":true,"href":"https:\/\/www.cerakotesa.com\/es\/wp-json\/wp\/v2\/product_cat?post=16972"},{"taxonomy":"product_tag","embeddable":true,"href":"https:\/\/www.cerakotesa.com\/es\/wp-json\/wp\/v2\/product_tag?post=16972"}],"curies":[{"name":"wp","href":"https:\/\/api.w.org\/{rel}","templated":true}]}}