{"id":17990,"date":"2024-06-24T12:12:49","date_gmt":"2024-06-24T12:12:49","guid":{"rendered":"https:\/\/www.cerakotesa.com\/?post_type=product&#038;p=17990"},"modified":"2025-11-24T10:52:48","modified_gmt":"2025-11-24T10:52:48","slug":"cerakote-degreasing-tank-2023-se-518","status":"publish","type":"product","link":"https:\/\/www.cerakotesa.com\/es\/producto\/cerakote-degreasing-tank-2023-se-518\/","title":{"rendered":"CERAKOTE\u00ae TANQUE DESENGRASANTE 2023 - SE-518"},"content":{"rendered":"","protected":false},"excerpt":{"rendered":"<p>El dep\u00f3sito de desengrase es imprescindible para los profesionales de Cerakote que deseen racionalizar sus m\u00e9todos. Fue dise\u00f1ado para desengrasar f\u00e1cilmente las piezas en una carcasa de aluminio completamente contenida. El dep\u00f3sito tiene una boquilla roscada en la parte inferior para que se pueda a\u00f1adir una v\u00e1lvula giratoria para cambiar r\u00e1pidamente los desengrasantes o limpiar a fondo el dep\u00f3sito.<\/p>\n<p>Especificaciones:<\/p>\n<p>- Peso: 11.52 lbs<\/p>\n<p>- Dimensiones: 43,5\" largo x 8,5\" ancho x 9,75\" (8,3\" sin asa)<\/p>\n<p>- Aluminio<\/p>\n<p>&nbsp;<\/p>\n<p>Productos relacionados:<\/p>\n<p>- <a href=\"https:\/\/www.cerakotesa.com\/shop\/equipment\/cerakote-large-degrease-basket-se-519\/\">Desengrasante Cerakote Grande SE-519<\/a><\/p>\n<p>- Cesto de desengrase medio<\/p>","protected":false},"featured_media":17994,"comment_status":"open","ping_status":"closed","template":"","meta":{"_acf_changed":false},"product_brand":[],"product_cat":[106],"product_tag":[],"class_list":{"0":"post-17990","1":"product","2":"type-product","3":"status-publish","4":"has-post-thumbnail","6":"product_cat-equipment","7":"product_shipping_class-flat-rate","9":"first","10":"instock","11":"taxable","12":"shipping-taxable","13":"product-type-simple"},"yoast_head":"<!-- This site is optimized with the Yoast SEO plugin v26.7 - https:\/\/yoast.com\/wordpress\/plugins\/seo\/ -->\n<title>CERAKOTE\u00ae DEGREASING TANK 2023 \u2013 SE-518 - Cerakote South Africa<\/title>\n<meta name=\"robots\" content=\"index, follow, max-snippet:-1, max-image-preview:large, max-video-preview:-1\" \/>\n<link rel=\"canonical\" href=\"https:\/\/www.cerakotesa.com\/es\/producto\/cerakote-degreasing-tank-2023-se-518\/\" \/>\n<meta property=\"og:locale\" content=\"es_ES\" \/>\n<meta property=\"og:type\" content=\"article\" \/>\n<meta property=\"og:title\" content=\"CERAKOTE\u00ae DEGREASING TANK 2023 \u2013 SE-518 - Cerakote South Africa\" \/>\n<meta property=\"og:description\" content=\"The degrease tank is a must-have for Cerakote professionals who want to streamline their methods. It was designed to easily degrease parts in a completely contained aluminum housing. The tank has a threaded nipple on the bottom so that a turn valve can be added for quickly changing out degreasers or thoroughly cleaning the tank.  Specs:  \u2022 Weight: 11.52 lbs  \u2022 Dimensions: 43.5\u201dL x 8.5\u201dW x 9.75\u201d(8.3\u201d w\/ handle removed)  \u2022 Aluminum  &nbsp;  Related Products:  \u2022 Cerakote Large Degrease SE-519  \u2022 Medium Degrease Basket\" \/>\n<meta property=\"og:url\" content=\"https:\/\/www.cerakotesa.com\/es\/producto\/cerakote-degreasing-tank-2023-se-518\/\" \/>\n<meta property=\"og:site_name\" content=\"Cerakote South Africa\" \/>\n<meta property=\"article:modified_time\" content=\"2025-11-24T10:52:48+00:00\" \/>\n<meta property=\"og:image\" content=\"https:\/\/www.cerakotesa.com\/wp-content\/uploads\/2024\/06\/cerakote-degreasing-tank-2023-se-518-dt20230630174325091492-thumbnail.jpg\" \/>\n\t<meta property=\"og:image:width\" content=\"600\" \/>\n\t<meta property=\"og:image:height\" content=\"600\" \/>\n\t<meta property=\"og:image:type\" content=\"image\/jpeg\" \/>\n<meta name=\"twitter:card\" content=\"summary_large_image\" \/>\n<script type=\"application\/ld+json\" class=\"yoast-schema-graph\">{\"@context\":\"https:\/\/schema.org\",\"@graph\":[{\"@type\":\"WebPage\",\"@id\":\"https:\/\/www.cerakotesa.com\/product\/cerakote-degreasing-tank-2023-se-518\/\",\"url\":\"https:\/\/www.cerakotesa.com\/product\/cerakote-degreasing-tank-2023-se-518\/\",\"name\":\"CERAKOTE\u00ae DEGREASING TANK 2023 \u2013 SE-518 - Cerakote South Africa\",\"isPartOf\":{\"@id\":\"https:\/\/www.cerakotesa.com\/#website\"},\"primaryImageOfPage\":{\"@id\":\"https:\/\/www.cerakotesa.com\/product\/cerakote-degreasing-tank-2023-se-518\/#primaryimage\"},\"image\":{\"@id\":\"https:\/\/www.cerakotesa.com\/product\/cerakote-degreasing-tank-2023-se-518\/#primaryimage\"},\"thumbnailUrl\":\"https:\/\/www.cerakotesa.com\/wp-content\/uploads\/2024\/06\/cerakote-degreasing-tank-2023-se-518-dt20230630174325091492-thumbnail.jpg\",\"datePublished\":\"2024-06-24T12:12:49+00:00\",\"dateModified\":\"2025-11-24T10:52:48+00:00\",\"breadcrumb\":{\"@id\":\"https:\/\/www.cerakotesa.com\/product\/cerakote-degreasing-tank-2023-se-518\/#breadcrumb\"},\"inLanguage\":\"es\",\"potentialAction\":[{\"@type\":\"ReadAction\",\"target\":[\"https:\/\/www.cerakotesa.com\/product\/cerakote-degreasing-tank-2023-se-518\/\"]}]},{\"@type\":\"ImageObject\",\"inLanguage\":\"es\",\"@id\":\"https:\/\/www.cerakotesa.com\/product\/cerakote-degreasing-tank-2023-se-518\/#primaryimage\",\"url\":\"https:\/\/www.cerakotesa.com\/wp-content\/uploads\/2024\/06\/cerakote-degreasing-tank-2023-se-518-dt20230630174325091492-thumbnail.jpg\",\"contentUrl\":\"https:\/\/www.cerakotesa.com\/wp-content\/uploads\/2024\/06\/cerakote-degreasing-tank-2023-se-518-dt20230630174325091492-thumbnail.jpg\",\"width\":600,\"height\":600},{\"@type\":\"BreadcrumbList\",\"@id\":\"https:\/\/www.cerakotesa.com\/product\/cerakote-degreasing-tank-2023-se-518\/#breadcrumb\",\"itemListElement\":[{\"@type\":\"ListItem\",\"position\":1,\"name\":\"Home\",\"item\":\"https:\/\/www.cerakotesa.com\/\"},{\"@type\":\"ListItem\",\"position\":2,\"name\":\"Products\",\"item\":\"https:\/\/www.cerakotesa.com\/shop\/\"},{\"@type\":\"ListItem\",\"position\":3,\"name\":\"CERAKOTE\u00ae DEGREASING TANK 2023 \u2013 SE-518\"}]},{\"@type\":\"WebSite\",\"@id\":\"https:\/\/www.cerakotesa.com\/#website\",\"url\":\"https:\/\/www.cerakotesa.com\/\",\"name\":\"Cerakote South Africa\",\"description\":\"Cerakote is a global leader in the manufacturing of thin-film protective ceramic coatings\",\"potentialAction\":[{\"@type\":\"SearchAction\",\"target\":{\"@type\":\"EntryPoint\",\"urlTemplate\":\"https:\/\/www.cerakotesa.com\/?s={search_term_string}\"},\"query-input\":{\"@type\":\"PropertyValueSpecification\",\"valueRequired\":true,\"valueName\":\"search_term_string\"}}],\"inLanguage\":\"es\"}]}<\/script>\n<!-- \/ Yoast SEO plugin. -->","yoast_head_json":{"title":"CERAKOTE\u00ae DEGREASING TANK 2023 \u2013 SE-518 - Cerakote South Africa","robots":{"index":"index","follow":"follow","max-snippet":"max-snippet:-1","max-image-preview":"max-image-preview:large","max-video-preview":"max-video-preview:-1"},"canonical":"https:\/\/www.cerakotesa.com\/es\/producto\/cerakote-degreasing-tank-2023-se-518\/","og_locale":"es_ES","og_type":"article","og_title":"CERAKOTE\u00ae DEGREASING TANK 2023 \u2013 SE-518 - Cerakote South Africa","og_description":"The degrease tank is a must-have for Cerakote professionals who want to streamline their methods. It was designed to easily degrease parts in a completely contained aluminum housing. The tank has a threaded nipple on the bottom so that a turn valve can be added for quickly changing out degreasers or thoroughly cleaning the tank.  Specs:  \u2022 Weight: 11.52 lbs  \u2022 Dimensions: 43.5\u201dL x 8.5\u201dW x 9.75\u201d(8.3\u201d w\/ handle removed)  \u2022 Aluminum  &nbsp;  Related Products:  \u2022 Cerakote Large Degrease SE-519  \u2022 Medium Degrease Basket","og_url":"https:\/\/www.cerakotesa.com\/es\/producto\/cerakote-degreasing-tank-2023-se-518\/","og_site_name":"Cerakote South Africa","article_modified_time":"2025-11-24T10:52:48+00:00","og_image":[{"width":600,"height":600,"url":"https:\/\/www.cerakotesa.com\/wp-content\/uploads\/2024\/06\/cerakote-degreasing-tank-2023-se-518-dt20230630174325091492-thumbnail.jpg","type":"image\/jpeg"}],"twitter_card":"summary_large_image","schema":{"@context":"https:\/\/schema.org","@graph":[{"@type":"WebPage","@id":"https:\/\/www.cerakotesa.com\/product\/cerakote-degreasing-tank-2023-se-518\/","url":"https:\/\/www.cerakotesa.com\/product\/cerakote-degreasing-tank-2023-se-518\/","name":"CERAKOTE\u00ae DEGREASING TANK 2023 \u2013 SE-518 - Cerakote South Africa","isPartOf":{"@id":"https:\/\/www.cerakotesa.com\/#website"},"primaryImageOfPage":{"@id":"https:\/\/www.cerakotesa.com\/product\/cerakote-degreasing-tank-2023-se-518\/#primaryimage"},"image":{"@id":"https:\/\/www.cerakotesa.com\/product\/cerakote-degreasing-tank-2023-se-518\/#primaryimage"},"thumbnailUrl":"https:\/\/www.cerakotesa.com\/wp-content\/uploads\/2024\/06\/cerakote-degreasing-tank-2023-se-518-dt20230630174325091492-thumbnail.jpg","datePublished":"2024-06-24T12:12:49+00:00","dateModified":"2025-11-24T10:52:48+00:00","breadcrumb":{"@id":"https:\/\/www.cerakotesa.com\/product\/cerakote-degreasing-tank-2023-se-518\/#breadcrumb"},"inLanguage":"es","potentialAction":[{"@type":"ReadAction","target":["https:\/\/www.cerakotesa.com\/product\/cerakote-degreasing-tank-2023-se-518\/"]}]},{"@type":"ImageObject","inLanguage":"es","@id":"https:\/\/www.cerakotesa.com\/product\/cerakote-degreasing-tank-2023-se-518\/#primaryimage","url":"https:\/\/www.cerakotesa.com\/wp-content\/uploads\/2024\/06\/cerakote-degreasing-tank-2023-se-518-dt20230630174325091492-thumbnail.jpg","contentUrl":"https:\/\/www.cerakotesa.com\/wp-content\/uploads\/2024\/06\/cerakote-degreasing-tank-2023-se-518-dt20230630174325091492-thumbnail.jpg","width":600,"height":600},{"@type":"BreadcrumbList","@id":"https:\/\/www.cerakotesa.com\/product\/cerakote-degreasing-tank-2023-se-518\/#breadcrumb","itemListElement":[{"@type":"ListItem","position":1,"name":"Home","item":"https:\/\/www.cerakotesa.com\/"},{"@type":"ListItem","position":2,"name":"Products","item":"https:\/\/www.cerakotesa.com\/shop\/"},{"@type":"ListItem","position":3,"name":"CERAKOTE\u00ae DEGREASING TANK 2023 \u2013 SE-518"}]},{"@type":"WebSite","@id":"https:\/\/www.cerakotesa.com\/#website","url":"https:\/\/www.cerakotesa.com\/","name":"Cerakote South Africa","description":"Cerakote es l\u00edder mundial en la fabricaci\u00f3n de recubrimientos cer\u00e1micos protectores de capa fina.","potentialAction":[{"@type":"SearchAction","target":{"@type":"EntryPoint","urlTemplate":"https:\/\/www.cerakotesa.com\/?s={search_term_string}"},"query-input":{"@type":"PropertyValueSpecification","valueRequired":true,"valueName":"search_term_string"}}],"inLanguage":"es"}]}},"acf":[],"_links":{"self":[{"href":"https:\/\/www.cerakotesa.com\/es\/wp-json\/wp\/v2\/product\/17990","targetHints":{"allow":["GET"]}}],"collection":[{"href":"https:\/\/www.cerakotesa.com\/es\/wp-json\/wp\/v2\/product"}],"about":[{"href":"https:\/\/www.cerakotesa.com\/es\/wp-json\/wp\/v2\/types\/product"}],"replies":[{"embeddable":true,"href":"https:\/\/www.cerakotesa.com\/es\/wp-json\/wp\/v2\/comments?post=17990"}],"wp:featuredmedia":[{"embeddable":true,"href":"https:\/\/www.cerakotesa.com\/es\/wp-json\/wp\/v2\/media\/17994"}],"wp:attachment":[{"href":"https:\/\/www.cerakotesa.com\/es\/wp-json\/wp\/v2\/media?parent=17990"}],"wp:term":[{"taxonomy":"product_brand","embeddable":true,"href":"https:\/\/www.cerakotesa.com\/es\/wp-json\/wp\/v2\/product_brand?post=17990"},{"taxonomy":"product_cat","embeddable":true,"href":"https:\/\/www.cerakotesa.com\/es\/wp-json\/wp\/v2\/product_cat?post=17990"},{"taxonomy":"product_tag","embeddable":true,"href":"https:\/\/www.cerakotesa.com\/es\/wp-json\/wp\/v2\/product_tag?post=17990"}],"curies":[{"name":"wp","href":"https:\/\/api.w.org\/{rel}","templated":true}]}}