{"id":18543,"date":"2024-08-09T09:13:24","date_gmt":"2024-08-09T09:13:24","guid":{"rendered":"https:\/\/www.cerakotesa.com\/?post_type=product&#038;p=18543"},"modified":"2024-08-13T15:13:04","modified_gmt":"2024-08-13T15:13:04","slug":"super-grip-sg-200-oven-cure","status":"publish","type":"product","link":"https:\/\/www.cerakotesa.com\/es\/producto\/super-grip-sg-200-oven-cure\/","title":{"rendered":"Super Grip - SG-200 - Curado al horno"},"content":{"rendered":"","protected":false},"excerpt":{"rendered":"<p>Super Grip (SG-200) es un revestimiento cer\u00e1mico polim\u00e9rico ultraduradero dise\u00f1ado para a\u00f1adir agarre y textura a casi cualquier superficie. Esta versi\u00f3n de Super Grip lista para producci\u00f3n es un revestimiento de dos partes curado al horno con mayor durabilidad y un sistema de resina de curado r\u00e1pido. Es f\u00e1cil de aplicar y puede funcionar como recubrimiento independiente para mejorar el agarre o puede utilizarse junto con otros productos Cerakote para crear acabados texturizados personalizados (consulte la gu\u00eda de aplicaci\u00f3n de Super Grip). Tiempo de curado y temperatura: 250\u00b0F durante 15 minutos. La textura variar\u00e1 seg\u00fan la t\u00e9cnica de aplicaci\u00f3n. Aseg\u00farese de leer o ver la <a href=\"https:\/\/youtu.be\/84INqvx7aJo\">Gu\u00eda de aplicaci\u00f3n<\/a>.<\/p>\n<p>&nbsp;<\/p>\n<p>Para obtener los mejores resultados, recomendamos encarecidamente el uso de la pistola pulverizadora Super Grip. Comprar la pistola pulverizadora Super Grip <a href=\"https:\/\/www.cerakotesa.com\/product\/super-grip-spray-gun-1-7mm-se-3113\/\">aqu\u00ed<\/a>.<\/p>\n<p>&nbsp;<\/p>\n<p>NOTA: Super Grip tiene una caducidad de 3 meses y requiere Catalizador F-100.<\/p>\n<p>&nbsp;<\/p>\n<p>https:\/\/www.youtube.com\/watch?v=84INqvx7aJo<\/p>","protected":false},"featured_media":18549,"comment_status":"open","ping_status":"closed","template":"","meta":{"_acf_changed":false},"product_brand":[],"product_cat":[72],"product_tag":[],"class_list":{"0":"post-18543","1":"product","2":"type-product","3":"status-publish","4":"has-post-thumbnail","6":"product_cat-specialty-coatings","7":"product_shipping_class-flat-rate","9":"first","10":"instock","11":"taxable","12":"shipping-taxable","13":"product-type-variable"},"yoast_head":"<!-- This site is optimized with the Yoast SEO plugin v26.7 - https:\/\/yoast.com\/wordpress\/plugins\/seo\/ -->\n<title>Super Grip - SG-200 - Oven Cure - Cerakote South Africa<\/title>\n<meta name=\"robots\" content=\"index, follow, max-snippet:-1, max-image-preview:large, max-video-preview:-1\" \/>\n<link rel=\"canonical\" href=\"https:\/\/www.cerakotesa.com\/es\/producto\/super-grip-sg-200-oven-cure\/\" \/>\n<meta property=\"og:locale\" content=\"es_ES\" \/>\n<meta property=\"og:type\" content=\"article\" \/>\n<meta property=\"og:title\" content=\"Super Grip - SG-200 - Oven Cure - Cerakote South Africa\" \/>\n<meta property=\"og:description\" content=\"Super Grip (SG-200) is an ultra-durable polymer ceramic coating designed to add grip and texture to nearly any surface. This production ready version of Super Grip is an Oven-Cured, two-part coating with increased durability and a fast-curing resin system. It\u2019s easy to apply and can work as a standalone coating for improved grip or it can be used in tandem with other Cerakote products to create custom textured finishes (refer to the Super Grip application guide). Curing time and temp: 250\u00b0F for 15 minutes. The texture will vary with the application technique. Be sure to read or watch the Application Guide.  &nbsp;  For best results, we highly recommend using the Super Grip Spray Gun. Purchase the Super Grip Spray Gun here.  &nbsp;  NOTE: Super Grip has a 3-month shelf life and requires F-100 Catalyst.  &nbsp;  https:\/\/www.youtube.com\/watch?v=84INqvx7aJo\" \/>\n<meta property=\"og:url\" content=\"https:\/\/www.cerakotesa.com\/es\/producto\/super-grip-sg-200-oven-cure\/\" \/>\n<meta property=\"og:site_name\" content=\"Cerakote South Africa\" \/>\n<meta property=\"article:modified_time\" content=\"2024-08-13T15:13:04+00:00\" \/>\n<meta property=\"og:image\" content=\"https:\/\/www.cerakotesa.com\/wp-content\/uploads\/2024\/08\/super-grip-oven-cure-sg-200-dt20240612145044098954-thumbnail.jpg\" \/>\n\t<meta property=\"og:image:width\" content=\"600\" \/>\n\t<meta property=\"og:image:height\" content=\"600\" \/>\n\t<meta property=\"og:image:type\" content=\"image\/jpeg\" \/>\n<meta name=\"twitter:card\" content=\"summary_large_image\" \/>\n<meta name=\"twitter:label1\" content=\"Tiempo de lectura\" \/>\n\t<meta name=\"twitter:data1\" content=\"1 minuto\" \/>\n<script type=\"application\/ld+json\" class=\"yoast-schema-graph\">{\"@context\":\"https:\/\/schema.org\",\"@graph\":[{\"@type\":\"WebPage\",\"@id\":\"https:\/\/www.cerakotesa.com\/product\/super-grip-sg-200-oven-cure\/\",\"url\":\"https:\/\/www.cerakotesa.com\/product\/super-grip-sg-200-oven-cure\/\",\"name\":\"Super Grip - SG-200 - Oven Cure - Cerakote South Africa\",\"isPartOf\":{\"@id\":\"https:\/\/www.cerakotesa.com\/#website\"},\"primaryImageOfPage\":{\"@id\":\"https:\/\/www.cerakotesa.com\/product\/super-grip-sg-200-oven-cure\/#primaryimage\"},\"image\":{\"@id\":\"https:\/\/www.cerakotesa.com\/product\/super-grip-sg-200-oven-cure\/#primaryimage\"},\"thumbnailUrl\":\"https:\/\/www.cerakotesa.com\/wp-content\/uploads\/2024\/08\/super-grip-oven-cure-sg-200-dt20240612145044098954-thumbnail.jpg\",\"datePublished\":\"2024-08-09T09:13:24+00:00\",\"dateModified\":\"2024-08-13T15:13:04+00:00\",\"breadcrumb\":{\"@id\":\"https:\/\/www.cerakotesa.com\/product\/super-grip-sg-200-oven-cure\/#breadcrumb\"},\"inLanguage\":\"es\",\"potentialAction\":[{\"@type\":\"ReadAction\",\"target\":[\"https:\/\/www.cerakotesa.com\/product\/super-grip-sg-200-oven-cure\/\"]}]},{\"@type\":\"ImageObject\",\"inLanguage\":\"es\",\"@id\":\"https:\/\/www.cerakotesa.com\/product\/super-grip-sg-200-oven-cure\/#primaryimage\",\"url\":\"https:\/\/www.cerakotesa.com\/wp-content\/uploads\/2024\/08\/super-grip-oven-cure-sg-200-dt20240612145044098954-thumbnail.jpg\",\"contentUrl\":\"https:\/\/www.cerakotesa.com\/wp-content\/uploads\/2024\/08\/super-grip-oven-cure-sg-200-dt20240612145044098954-thumbnail.jpg\",\"width\":600,\"height\":600},{\"@type\":\"BreadcrumbList\",\"@id\":\"https:\/\/www.cerakotesa.com\/product\/super-grip-sg-200-oven-cure\/#breadcrumb\",\"itemListElement\":[{\"@type\":\"ListItem\",\"position\":1,\"name\":\"Home\",\"item\":\"https:\/\/www.cerakotesa.com\/\"},{\"@type\":\"ListItem\",\"position\":2,\"name\":\"Products\",\"item\":\"https:\/\/www.cerakotesa.com\/shop\/\"},{\"@type\":\"ListItem\",\"position\":3,\"name\":\"Super Grip &#8211; SG-200 &#8211; Oven Cure\"}]},{\"@type\":\"WebSite\",\"@id\":\"https:\/\/www.cerakotesa.com\/#website\",\"url\":\"https:\/\/www.cerakotesa.com\/\",\"name\":\"Cerakote South Africa\",\"description\":\"Cerakote is a global leader in the manufacturing of thin-film protective ceramic coatings\",\"potentialAction\":[{\"@type\":\"SearchAction\",\"target\":{\"@type\":\"EntryPoint\",\"urlTemplate\":\"https:\/\/www.cerakotesa.com\/?s={search_term_string}\"},\"query-input\":{\"@type\":\"PropertyValueSpecification\",\"valueRequired\":true,\"valueName\":\"search_term_string\"}}],\"inLanguage\":\"es\"}]}<\/script>\n<!-- \/ Yoast SEO plugin. -->","yoast_head_json":{"title":"Super Grip - SG-200 - Oven Cure - Cerakote South Africa","robots":{"index":"index","follow":"follow","max-snippet":"max-snippet:-1","max-image-preview":"max-image-preview:large","max-video-preview":"max-video-preview:-1"},"canonical":"https:\/\/www.cerakotesa.com\/es\/producto\/super-grip-sg-200-oven-cure\/","og_locale":"es_ES","og_type":"article","og_title":"Super Grip - SG-200 - Oven Cure - Cerakote South Africa","og_description":"Super Grip (SG-200) is an ultra-durable polymer ceramic coating designed to add grip and texture to nearly any surface. This production ready version of Super Grip is an Oven-Cured, two-part coating with increased durability and a fast-curing resin system. It\u2019s easy to apply and can work as a standalone coating for improved grip or it can be used in tandem with other Cerakote products to create custom textured finishes (refer to the Super Grip application guide). Curing time and temp: 250\u00b0F for 15 minutes. The texture will vary with the application technique. Be sure to read or watch the Application Guide.  &nbsp;  For best results, we highly recommend using the Super Grip Spray Gun. Purchase the Super Grip Spray Gun here.  &nbsp;  NOTE: Super Grip has a 3-month shelf life and requires F-100 Catalyst.  &nbsp;  https:\/\/www.youtube.com\/watch?v=84INqvx7aJo","og_url":"https:\/\/www.cerakotesa.com\/es\/producto\/super-grip-sg-200-oven-cure\/","og_site_name":"Cerakote South Africa","article_modified_time":"2024-08-13T15:13:04+00:00","og_image":[{"width":600,"height":600,"url":"https:\/\/www.cerakotesa.com\/wp-content\/uploads\/2024\/08\/super-grip-oven-cure-sg-200-dt20240612145044098954-thumbnail.jpg","type":"image\/jpeg"}],"twitter_card":"summary_large_image","twitter_misc":{"Tiempo de lectura":"1 minuto"},"schema":{"@context":"https:\/\/schema.org","@graph":[{"@type":"WebPage","@id":"https:\/\/www.cerakotesa.com\/product\/super-grip-sg-200-oven-cure\/","url":"https:\/\/www.cerakotesa.com\/product\/super-grip-sg-200-oven-cure\/","name":"Super Grip - SG-200 - Oven Cure - Cerakote South Africa","isPartOf":{"@id":"https:\/\/www.cerakotesa.com\/#website"},"primaryImageOfPage":{"@id":"https:\/\/www.cerakotesa.com\/product\/super-grip-sg-200-oven-cure\/#primaryimage"},"image":{"@id":"https:\/\/www.cerakotesa.com\/product\/super-grip-sg-200-oven-cure\/#primaryimage"},"thumbnailUrl":"https:\/\/www.cerakotesa.com\/wp-content\/uploads\/2024\/08\/super-grip-oven-cure-sg-200-dt20240612145044098954-thumbnail.jpg","datePublished":"2024-08-09T09:13:24+00:00","dateModified":"2024-08-13T15:13:04+00:00","breadcrumb":{"@id":"https:\/\/www.cerakotesa.com\/product\/super-grip-sg-200-oven-cure\/#breadcrumb"},"inLanguage":"es","potentialAction":[{"@type":"ReadAction","target":["https:\/\/www.cerakotesa.com\/product\/super-grip-sg-200-oven-cure\/"]}]},{"@type":"ImageObject","inLanguage":"es","@id":"https:\/\/www.cerakotesa.com\/product\/super-grip-sg-200-oven-cure\/#primaryimage","url":"https:\/\/www.cerakotesa.com\/wp-content\/uploads\/2024\/08\/super-grip-oven-cure-sg-200-dt20240612145044098954-thumbnail.jpg","contentUrl":"https:\/\/www.cerakotesa.com\/wp-content\/uploads\/2024\/08\/super-grip-oven-cure-sg-200-dt20240612145044098954-thumbnail.jpg","width":600,"height":600},{"@type":"BreadcrumbList","@id":"https:\/\/www.cerakotesa.com\/product\/super-grip-sg-200-oven-cure\/#breadcrumb","itemListElement":[{"@type":"ListItem","position":1,"name":"Home","item":"https:\/\/www.cerakotesa.com\/"},{"@type":"ListItem","position":2,"name":"Products","item":"https:\/\/www.cerakotesa.com\/shop\/"},{"@type":"ListItem","position":3,"name":"Super Grip &#8211; SG-200 &#8211; Oven Cure"}]},{"@type":"WebSite","@id":"https:\/\/www.cerakotesa.com\/#website","url":"https:\/\/www.cerakotesa.com\/","name":"Cerakote South Africa","description":"Cerakote es l\u00edder mundial en la fabricaci\u00f3n de recubrimientos cer\u00e1micos protectores de capa fina.","potentialAction":[{"@type":"SearchAction","target":{"@type":"EntryPoint","urlTemplate":"https:\/\/www.cerakotesa.com\/?s={search_term_string}"},"query-input":{"@type":"PropertyValueSpecification","valueRequired":true,"valueName":"search_term_string"}}],"inLanguage":"es"}]}},"acf":[],"_links":{"self":[{"href":"https:\/\/www.cerakotesa.com\/es\/wp-json\/wp\/v2\/product\/18543","targetHints":{"allow":["GET"]}}],"collection":[{"href":"https:\/\/www.cerakotesa.com\/es\/wp-json\/wp\/v2\/product"}],"about":[{"href":"https:\/\/www.cerakotesa.com\/es\/wp-json\/wp\/v2\/types\/product"}],"replies":[{"embeddable":true,"href":"https:\/\/www.cerakotesa.com\/es\/wp-json\/wp\/v2\/comments?post=18543"}],"wp:featuredmedia":[{"embeddable":true,"href":"https:\/\/www.cerakotesa.com\/es\/wp-json\/wp\/v2\/media\/18549"}],"wp:attachment":[{"href":"https:\/\/www.cerakotesa.com\/es\/wp-json\/wp\/v2\/media?parent=18543"}],"wp:term":[{"taxonomy":"product_brand","embeddable":true,"href":"https:\/\/www.cerakotesa.com\/es\/wp-json\/wp\/v2\/product_brand?post=18543"},{"taxonomy":"product_cat","embeddable":true,"href":"https:\/\/www.cerakotesa.com\/es\/wp-json\/wp\/v2\/product_cat?post=18543"},{"taxonomy":"product_tag","embeddable":true,"href":"https:\/\/www.cerakotesa.com\/es\/wp-json\/wp\/v2\/product_tag?post=18543"}],"curies":[{"name":"wp","href":"https:\/\/api.w.org\/{rel}","templated":true}]}}